{"id":2773,"date":"2021-11-12T14:56:26","date_gmt":"2021-11-12T13:56:26","guid":{"rendered":"https:\/\/decoplanta.com\/conditions-de-vente\/"},"modified":"2021-11-15T12:26:48","modified_gmt":"2021-11-15T11:26:48","slug":"conditions-de-vente","status":"publish","type":"page","link":"https:\/\/decoplanta.com\/fr\/conditions-de-vente\/","title":{"rendered":"Conditions de vente"},"content":{"rendered":"\t\t<div data-elementor-type=\"wp-page\" data-elementor-id=\"2773\" class=\"elementor elementor-2773 elementor-37\" data-elementor-post-type=\"page\">\n\t\t\t\t\t\t<section class=\"elementor-section elementor-top-section elementor-element elementor-element-df01514 elementor-section-stretched elementor-section-boxed elementor-section-height-default elementor-section-height-default\" data-id=\"df01514\" data-element_type=\"section\" data-e-type=\"section\" id=\"section_go-back\" data-settings=\"{&quot;stretch_section&quot;:&quot;section-stretched&quot;,&quot;background_background&quot;:&quot;classic&quot;}\">\n\t\t\t\t\t\t<div class=\"elementor-container elementor-column-gap-default\">\n\t\t\t\t\t<div class=\"elementor-column elementor-col-100 elementor-top-column elementor-element elementor-element-0b7e14b\" data-id=\"0b7e14b\" data-element_type=\"column\" data-e-type=\"column\">\n\t\t\t<div class=\"elementor-widget-wrap elementor-element-populated\">\n\t\t\t\t\t\t<div class=\"elementor-element elementor-element-bbf0f8d elementor-widget elementor-widget-html\" data-id=\"bbf0f8d\" data-element_type=\"widget\" data-e-type=\"widget\" data-widget_type=\"html.default\">\n\t\t\t\t<div class=\"elementor-widget-container\">\n\t\t\t\t\t<p><a id=\"\u201cgo_back\u201d\" href=\"javascript:history.back()\"><< Retour<\/a><\/p>\t\t\t\t<\/div>\n\t\t\t\t<\/div>\n\t\t\t\t\t<\/div>\n\t\t<\/div>\n\t\t\t\t\t<\/div>\n\t\t<\/section>\n\t\t\t\t<section class=\"elementor-section elementor-top-section elementor-element elementor-element-cbae28c elementor-section-stretched elementor-section-content-top elementor-section-boxed elementor-section-height-default elementor-section-height-default\" data-id=\"cbae28c\" data-element_type=\"section\" data-e-type=\"section\" id=\"legal\" data-settings=\"{&quot;stretch_section&quot;:&quot;section-stretched&quot;,&quot;background_background&quot;:&quot;classic&quot;}\">\n\t\t\t\t\t\t\t<div class=\"elementor-background-overlay\"><\/div>\n\t\t\t\t\t\t\t<div class=\"elementor-container elementor-column-gap-no\">\n\t\t\t\t\t<div class=\"elementor-column elementor-col-100 elementor-top-column elementor-element elementor-element-990d430\" data-id=\"990d430\" data-element_type=\"column\" data-e-type=\"column\">\n\t\t\t<div class=\"elementor-widget-wrap elementor-element-populated\">\n\t\t\t\t\t\t<div class=\"elementor-element elementor-element-3fecd8d elementor-widget elementor-widget-heading\" data-id=\"3fecd8d\" data-element_type=\"widget\" data-e-type=\"widget\" data-widget_type=\"heading.default\">\n\t\t\t\t<div class=\"elementor-widget-container\">\n\t\t\t\t\t<h1 class=\"elementor-heading-title elementor-size-default\">CONDITIONS DE VENTE DECOPLANTA GREEN, SL<\/h1>\t\t\t\t<\/div>\n\t\t\t\t<\/div>\n\t\t\t\t<div class=\"elementor-element elementor-element-62bf718 elementor-widget elementor-widget-text-editor\" data-id=\"62bf718\" data-element_type=\"widget\" data-e-type=\"widget\" data-widget_type=\"text-editor.default\">\n\t\t\t\t<div class=\"elementor-widget-container\">\n\t\t\t\t\t\t\t\t\t<ol>\n<li><strong>TAXES:\u00a0<\/strong> Les prix publi\u00e9s dans le PDF t\u00e9l\u00e9chargeable h\u00e9berg\u00e9 sur notre site Web via le lien \u00ab\u00a0CATALOGUE \/ PRIX\u00a0\u00bb n&rsquo;incluent pas la TVA de 21% qui sera factur\u00e9e sur la facture.<\/li>\n<li><strong>ARTICLES:\u00a0<\/strong> Decoplanta Green, SL se r\u00e9serve le droit de modifier la pr\u00e9sentation, les mesures et les formes publi\u00e9es sans pr\u00e9avis pour des raisons de mati\u00e8res premi\u00e8res.<\/li>\n<li><strong>CLIENTS:\u00a0<\/strong>Decoplanta Green SL annule la vente \u00e0 ses clients via le site Web www.decoplanta.com apr\u00e8s l&rsquo;enregistrement du client. Pour toute question ou requ\u00eate, vous pouvez contacter notre personnel par t\u00e9l\u00e9phone ou par e-mail : 91 920 09 10 et\/ou administracion@decoplanta.com<\/li>\n<li><strong>MODE DE PAIEMENT:<\/strong>  Les achats effectu\u00e9s seront r\u00e9gl\u00e9s par l&rsquo;un des modes de paiement existants (Consulter). Seuls les clients autoris\u00e9s par notre service administratif peuvent acheter \u00e0 cr\u00e9dit, ils peuvent en faire la demande par email \u00e0 administracion@decoplanta.com<\/li>\n<li><strong>D\u00c9LAIS DE LIVRAISON:<\/strong> Decoplanta Green SL livrera les commandes en 48\/72h \u00e0 l&rsquo;agence de transports, celle-ci \u00e9tant celle qui effectuera la livraison dans un d\u00e9lai approximatif de 3\/5 jours pour le territoire fran\u00e7ais, hors \u00eeles.<\/li>\n<li><strong>LIVRAISON:\u00a0<\/strong>Les arbres et plantes seront livr\u00e9s enti\u00e8rement emball\u00e9s et prot\u00e9g\u00e9s, apr\u00e8s contr\u00f4le par notre service qualit\u00e9. Le client est tenu d&rsquo;informer Decoplanta de tout dommage ou anomalie \u00e0 partir du moment de la r\u00e9ception jusqu&rsquo;aux prochaines 24 heures.<\/li>\n<li><strong>INCIDENTS DE TRANSPORT OU CHANGEMENTS ET RETOURS:<\/strong><\/li>\n<\/ol>\n<ul>\n<li><strong>CHANGEMENTS ET RETOURS POUR MARCHANDISE D\u00c9FECTUEUSE:<\/strong><\/li>\n<\/ul>\n<p>Lorsque le client re\u00e7oit une marchandise endommag\u00e9e ou d\u00e9fectueuse, il doit en informer notre service administratif dans un d\u00e9lai maximum de 24 heures pour proc\u00e9der au remplacement de l&rsquo;article et la gestion avec l&rsquo;agence de transports.<\/p>\n<ul>\n<li><strong>MODIFICATIONS ET RETOURS:<\/strong><\/li>\n<\/ul>\n<p>Le client dispose de 15 jours \u00e0 compter de la date de facturation pour le retour. Les modifications ou les retours ne sont autoris\u00e9s qu&rsquo;avec l&rsquo;autorisation pr\u00e9alable de Decoplanta Green SL le client doit envoyer la marchandise pr\u00e9pay\u00e9e \u00e0 nos entrep\u00f4ts, toujours en bon \u00e9tat, avec l&#8217;emballage d&rsquo;origine et sans chocs externes et internes. Une fois ces exigences v\u00e9rifi\u00e9es, le montant pay\u00e9 sera restitu\u00e9. Decoplanta se r\u00e9serve le droit de retenir 30% pour les frais de manutention et de gestion.<\/p>\n<h3><strong>FRAIS DE TRANSPORT:<\/strong><\/h3>\n<p>DECOPLANTA dispose du service d&rsquo;exp\u00e9dition avec les prix publi\u00e9s lors de l&rsquo;achat. Le client peut demander l&rsquo;enl\u00e8vement dans nos entrep\u00f4ts aupr\u00e8s de son agence de transports ou par ses propres moyens. Le co\u00fbt dans chaque cas d\u00e9pendra du volume, du poids et de la destination finale.<\/p>\n<h3><strong>ACCEPTATION DES CONDITIONS DE VENTE:<\/strong><\/h3>\n<p>Toute commande adress\u00e9e \u00e0 Decoplanta Green, SL implique l&rsquo;acceptation sans r\u00e9serve de nos conditions g\u00e9n\u00e9rales. Tout conflit o\u00f9 litige li\u00e9 \u00e0 ladite relation commerciale sera r\u00e9solu devant les tribunaux de Madrid.<\/p>\n\t\t\t\t\t\t\t\t<\/div>\n\t\t\t\t<\/div>\n\t\t\t\t\t<\/div>\n\t\t<\/div>\n\t\t\t\t\t<\/div>\n\t\t<\/section>\n\t\t\t\t<section class=\"elementor-section elementor-top-section elementor-element elementor-element-61e6ce8d elementor-section-stretched elementor-hidden-desktop elementor-hidden-tablet elementor-hidden-phone elementor-section-boxed elementor-section-height-default elementor-section-height-default\" data-id=\"61e6ce8d\" data-element_type=\"section\" data-e-type=\"section\" data-settings=\"{&quot;stretch_section&quot;:&quot;section-stretched&quot;,&quot;background_background&quot;:&quot;gradient&quot;}\">\n\t\t\t\t\t\t<div class=\"elementor-container elementor-column-gap-default\">\n\t\t\t\t\t<div class=\"elementor-column elementor-col-100 elementor-top-column elementor-element elementor-element-5115facf\" data-id=\"5115facf\" data-element_type=\"column\" data-e-type=\"column\">\n\t\t\t<div class=\"elementor-widget-wrap elementor-element-populated\">\n\t\t\t\t\t\t<div class=\"elementor-element elementor-element-7902e6b3 elementor-widget elementor-widget-heading\" data-id=\"7902e6b3\" data-element_type=\"widget\" data-e-type=\"widget\" data-widget_type=\"heading.default\">\n\t\t\t\t<div class=\"elementor-widget-container\">\n\t\t\t\t\t<h2 class=\"elementor-heading-title elementor-size-default\">je veux un budget<\/h2>\t\t\t\t<\/div>\n\t\t\t\t<\/div>\n\t\t\t\t<div class=\"elementor-element elementor-element-6a26bd37 elementor-align-center parpadea elementor-widget elementor-widget-button\" data-id=\"6a26bd37\" data-element_type=\"widget\" data-e-type=\"widget\" data-widget_type=\"button.default\">\n\t\t\t\t<div class=\"elementor-widget-container\">\n\t\t\t\t\t\t\t\t\t<div class=\"elementor-button-wrapper\">\n\t\t\t\t\t<a class=\"elementor-button elementor-button-link elementor-size-sm\" href=\"#\" target=\"_blank\">\n\t\t\t\t\t\t<span class=\"elementor-button-content-wrapper\">\n\t\t\t\t\t\t\t\t\t<span class=\"elementor-button-text\">demander<\/span>\n\t\t\t\t\t<\/span>\n\t\t\t\t\t<\/a>\n\t\t\t\t<\/div>\n\t\t\t\t\t\t\t\t<\/div>\n\t\t\t\t<\/div>\n\t\t\t\t\t<\/div>\n\t\t<\/div>\n\t\t\t\t\t<\/div>\n\t\t<\/section>\n\t\t\t\t<\/div>\n\t\t","protected":false},"excerpt":{"rendered":"<p>&lt; CONDITIONS DE VENTE DECOPLANTA GREEN, SL TAXES:&nbsp; Les prix publi\u00e9s dans le pdf t\u00e9l\u00e9chargeable h\u00e9berg\u00e9 sur notre site Internet via le lien \u00ab CATALOGUE \/ PRIX \u00bb ne comprennent pas la TVA de 21% qui sera factur\u00e9e sur la facture. DES ARTICLES:&nbsp; D\u00e9coplanter&nbsp; Vert, SL&nbsp; se r\u00e9serve le droit de modifier la pr\u00e9sentation, les &#8230; <a title=\"Conditions de vente\" class=\"read-more\" href=\"https:\/\/decoplanta.com\/fr\/conditions-de-vente\/\" aria-label=\"En savoir plus sur Conditions de vente\">Lire la suite<\/a><\/p>\n","protected":false},"author":2,"featured_media":0,"parent":0,"menu_order":0,"comment_status":"closed","ping_status":"closed","template":"","meta":{"_monsterinsights_skip_tracking":false,"_monsterinsights_sitenote_active":false,"_monsterinsights_sitenote_note":"","_monsterinsights_sitenote_category":0,"footnotes":""},"class_list":["post-2773","page","type-page","status-publish"],"yoast_head":"<!-- This site is optimized with the Yoast SEO plugin v27.6 - https:\/\/yoast.com\/product\/yoast-seo-wordpress\/ -->\n<title>Conditions de vente - PLANTES ET ARBRES ARTIFICIELS TR\u00c8S R\u00c9ALISTES<\/title>\n<meta name=\"robots\" content=\"noindex, nofollow\" \/>\n<meta property=\"og:locale\" content=\"fr_FR\" \/>\n<meta property=\"og:type\" content=\"article\" \/>\n<meta property=\"og:title\" content=\"Conditions de vente - PLANTES ET ARBRES ARTIFICIELS TR\u00c8S R\u00c9ALISTES\" \/>\n<meta property=\"og:description\" content=\"&lt; CONDITIONS DE VENTE DECOPLANTA GREEN, SL TAXES:&nbsp; Les prix publi\u00e9s dans le pdf t\u00e9l\u00e9chargeable h\u00e9berg\u00e9 sur notre site Internet via le lien \u00ab CATALOGUE \/ PRIX \u00bb ne comprennent pas la TVA de 21% qui sera factur\u00e9e sur la facture. DES ARTICLES:&nbsp; D\u00e9coplanter&nbsp; Vert, SL&nbsp; se r\u00e9serve le droit de modifier la pr\u00e9sentation, les ... Lire la suite\" \/>\n<meta property=\"og:url\" content=\"https:\/\/decoplanta.com\/fr\/conditions-de-vente\/\" \/>\n<meta property=\"og:site_name\" content=\"PLANTES ET ARBRES ARTIFICIELS TR\u00c8S R\u00c9ALISTES\" \/>\n<meta property=\"article:modified_time\" content=\"2021-11-15T11:26:48+00:00\" \/>\n<meta name=\"twitter:card\" content=\"summary_large_image\" \/>\n<meta name=\"twitter:label1\" content=\"Dur\u00e9e de lecture estim\u00e9e\" \/>\n\t<meta name=\"twitter:data1\" content=\"2 minutes\" \/>\n<script type=\"application\/ld+json\" class=\"yoast-schema-graph\">{\"@context\":\"https:\\\/\\\/schema.org\",\"@graph\":[{\"@type\":\"WebPage\",\"@id\":\"https:\\\/\\\/decoplanta.com\\\/fr\\\/conditions-de-vente\\\/\",\"url\":\"https:\\\/\\\/decoplanta.com\\\/fr\\\/conditions-de-vente\\\/\",\"name\":\"Conditions de vente - PLANTES ET ARBRES ARTIFICIELS TR\u00c8S R\u00c9ALISTES\",\"isPartOf\":{\"@id\":\"https:\\\/\\\/decoplanta.com\\\/fr\\\/#website\"},\"datePublished\":\"2021-11-12T13:56:26+00:00\",\"dateModified\":\"2021-11-15T11:26:48+00:00\",\"breadcrumb\":{\"@id\":\"https:\\\/\\\/decoplanta.com\\\/fr\\\/conditions-de-vente\\\/#breadcrumb\"},\"inLanguage\":\"fr-FR\",\"potentialAction\":[{\"@type\":\"ReadAction\",\"target\":[\"https:\\\/\\\/decoplanta.com\\\/fr\\\/conditions-de-vente\\\/\"]}]},{\"@type\":\"BreadcrumbList\",\"@id\":\"https:\\\/\\\/decoplanta.com\\\/fr\\\/conditions-de-vente\\\/#breadcrumb\",\"itemListElement\":[{\"@type\":\"ListItem\",\"position\":1,\"name\":\"Portada\",\"item\":\"https:\\\/\\\/decoplanta.com\\\/fr\\\/\"},{\"@type\":\"ListItem\",\"position\":2,\"name\":\"Conditions de vente\"}]},{\"@type\":\"WebSite\",\"@id\":\"https:\\\/\\\/decoplanta.com\\\/fr\\\/#website\",\"url\":\"https:\\\/\\\/decoplanta.com\\\/fr\\\/\",\"name\":\"PLANTES ET ARBRES ARTIFICIELS TR\u00c8S R\u00c9ALISTES\",\"description\":\"Proveedor de Plantas artificiales para estudios de Arquitectura, Interiorismo, Paisajismo, Escenograf\u00eda, Tiendas de Decoraci\u00f3n Florister\u00edas y Mobiliario\",\"publisher\":{\"@id\":\"https:\\\/\\\/decoplanta.com\\\/fr\\\/#organization\"},\"potentialAction\":[{\"@type\":\"SearchAction\",\"target\":{\"@type\":\"EntryPoint\",\"urlTemplate\":\"https:\\\/\\\/decoplanta.com\\\/fr\\\/?s={search_term_string}\"},\"query-input\":{\"@type\":\"PropertyValueSpecification\",\"valueRequired\":true,\"valueName\":\"search_term_string\"}}],\"inLanguage\":\"fr-FR\"},{\"@type\":\"Organization\",\"@id\":\"https:\\\/\\\/decoplanta.com\\\/fr\\\/#organization\",\"name\":\"PLANTES ET ARBRES ARTIFICIELS TR\u00c8S R\u00c9ALISTES\",\"url\":\"https:\\\/\\\/decoplanta.com\\\/fr\\\/\",\"logo\":{\"@type\":\"ImageObject\",\"inLanguage\":\"fr-FR\",\"@id\":\"https:\\\/\\\/decoplanta.com\\\/fr\\\/#\\\/schema\\\/logo\\\/image\\\/\",\"url\":\"https:\\\/\\\/decoplanta.com\\\/wp-content\\\/uploads\\\/2021\\\/02\\\/decoplanta-logo2020.svg\",\"contentUrl\":\"https:\\\/\\\/decoplanta.com\\\/wp-content\\\/uploads\\\/2021\\\/02\\\/decoplanta-logo2020.svg\",\"width\":500,\"height\":500,\"caption\":\"PLANTES ET ARBRES ARTIFICIELS TR\u00c8S R\u00c9ALISTES\"},\"image\":{\"@id\":\"https:\\\/\\\/decoplanta.com\\\/fr\\\/#\\\/schema\\\/logo\\\/image\\\/\"}}]}<\/script>\n<!-- \/ Yoast SEO plugin. -->","yoast_head_json":{"title":"Conditions de vente - PLANTES ET ARBRES ARTIFICIELS TR\u00c8S R\u00c9ALISTES","robots":{"index":"noindex","follow":"nofollow"},"og_locale":"fr_FR","og_type":"article","og_title":"Conditions de vente - PLANTES ET ARBRES ARTIFICIELS TR\u00c8S R\u00c9ALISTES","og_description":"&lt; CONDITIONS DE VENTE DECOPLANTA GREEN, SL TAXES:&nbsp; Les prix publi\u00e9s dans le pdf t\u00e9l\u00e9chargeable h\u00e9berg\u00e9 sur notre site Internet via le lien \u00ab CATALOGUE \/ PRIX \u00bb ne comprennent pas la TVA de 21% qui sera factur\u00e9e sur la facture. DES ARTICLES:&nbsp; D\u00e9coplanter&nbsp; Vert, SL&nbsp; se r\u00e9serve le droit de modifier la pr\u00e9sentation, les ... Lire la suite","og_url":"https:\/\/decoplanta.com\/fr\/conditions-de-vente\/","og_site_name":"PLANTES ET ARBRES ARTIFICIELS TR\u00c8S R\u00c9ALISTES","article_modified_time":"2021-11-15T11:26:48+00:00","twitter_card":"summary_large_image","twitter_misc":{"Dur\u00e9e de lecture estim\u00e9e":"2 minutes"},"schema":{"@context":"https:\/\/schema.org","@graph":[{"@type":"WebPage","@id":"https:\/\/decoplanta.com\/fr\/conditions-de-vente\/","url":"https:\/\/decoplanta.com\/fr\/conditions-de-vente\/","name":"Conditions de vente - PLANTES ET ARBRES ARTIFICIELS TR\u00c8S R\u00c9ALISTES","isPartOf":{"@id":"https:\/\/decoplanta.com\/fr\/#website"},"datePublished":"2021-11-12T13:56:26+00:00","dateModified":"2021-11-15T11:26:48+00:00","breadcrumb":{"@id":"https:\/\/decoplanta.com\/fr\/conditions-de-vente\/#breadcrumb"},"inLanguage":"fr-FR","potentialAction":[{"@type":"ReadAction","target":["https:\/\/decoplanta.com\/fr\/conditions-de-vente\/"]}]},{"@type":"BreadcrumbList","@id":"https:\/\/decoplanta.com\/fr\/conditions-de-vente\/#breadcrumb","itemListElement":[{"@type":"ListItem","position":1,"name":"Portada","item":"https:\/\/decoplanta.com\/fr\/"},{"@type":"ListItem","position":2,"name":"Conditions de vente"}]},{"@type":"WebSite","@id":"https:\/\/decoplanta.com\/fr\/#website","url":"https:\/\/decoplanta.com\/fr\/","name":"PLANTES ET ARBRES ARTIFICIELS TR\u00c8S R\u00c9ALISTES","description":"Proveedor de Plantas artificiales para estudios de Arquitectura, Interiorismo, Paisajismo, Escenograf\u00eda, Tiendas de Decoraci\u00f3n Florister\u00edas y Mobiliario","publisher":{"@id":"https:\/\/decoplanta.com\/fr\/#organization"},"potentialAction":[{"@type":"SearchAction","target":{"@type":"EntryPoint","urlTemplate":"https:\/\/decoplanta.com\/fr\/?s={search_term_string}"},"query-input":{"@type":"PropertyValueSpecification","valueRequired":true,"valueName":"search_term_string"}}],"inLanguage":"fr-FR"},{"@type":"Organization","@id":"https:\/\/decoplanta.com\/fr\/#organization","name":"PLANTES ET ARBRES ARTIFICIELS TR\u00c8S R\u00c9ALISTES","url":"https:\/\/decoplanta.com\/fr\/","logo":{"@type":"ImageObject","inLanguage":"fr-FR","@id":"https:\/\/decoplanta.com\/fr\/#\/schema\/logo\/image\/","url":"https:\/\/decoplanta.com\/wp-content\/uploads\/2021\/02\/decoplanta-logo2020.svg","contentUrl":"https:\/\/decoplanta.com\/wp-content\/uploads\/2021\/02\/decoplanta-logo2020.svg","width":500,"height":500,"caption":"PLANTES ET ARBRES ARTIFICIELS TR\u00c8S R\u00c9ALISTES"},"image":{"@id":"https:\/\/decoplanta.com\/fr\/#\/schema\/logo\/image\/"}}]}},"_links":{"self":[{"href":"https:\/\/decoplanta.com\/fr\/wp-json\/wp\/v2\/pages\/2773","targetHints":{"allow":["GET"]}}],"collection":[{"href":"https:\/\/decoplanta.com\/fr\/wp-json\/wp\/v2\/pages"}],"about":[{"href":"https:\/\/decoplanta.com\/fr\/wp-json\/wp\/v2\/types\/page"}],"author":[{"embeddable":true,"href":"https:\/\/decoplanta.com\/fr\/wp-json\/wp\/v2\/users\/2"}],"replies":[{"embeddable":true,"href":"https:\/\/decoplanta.com\/fr\/wp-json\/wp\/v2\/comments?post=2773"}],"version-history":[{"count":0,"href":"https:\/\/decoplanta.com\/fr\/wp-json\/wp\/v2\/pages\/2773\/revisions"}],"wp:attachment":[{"href":"https:\/\/decoplanta.com\/fr\/wp-json\/wp\/v2\/media?parent=2773"}],"curies":[{"name":"wp","href":"https:\/\/api.w.org\/{rel}","templated":true}]}}