{"id":2799,"date":"2021-11-12T14:56:28","date_gmt":"2021-11-12T13:56:28","guid":{"rendered":"https:\/\/decoplanta.com\/politique-de-confidentialite-et-protection-des-donnees\/"},"modified":"2022-10-24T12:22:00","modified_gmt":"2022-10-24T11:22:00","slug":"politique-de-confidentialite-et-protection-des-donnees","status":"publish","type":"page","link":"https:\/\/decoplanta.com\/fr\/politique-de-confidentialite-et-protection-des-donnees\/","title":{"rendered":"Politique de confidentialit\u00e9 et protection des donn\u00e9es"},"content":{"rendered":"\t\t<div data-elementor-type=\"wp-page\" data-elementor-id=\"2799\" class=\"elementor elementor-2799 elementor-3\" data-elementor-post-type=\"page\">\n\t\t\t\t\t\t<section class=\"elementor-section elementor-top-section elementor-element elementor-element-8ebc183 elementor-section-stretched elementor-section-boxed elementor-section-height-default elementor-section-height-default\" data-id=\"8ebc183\" data-element_type=\"section\" data-e-type=\"section\" id=\"section_go-back\" data-settings=\"{&quot;stretch_section&quot;:&quot;section-stretched&quot;,&quot;background_background&quot;:&quot;classic&quot;}\">\n\t\t\t\t\t\t<div class=\"elementor-container elementor-column-gap-default\">\n\t\t\t\t\t<div class=\"elementor-column elementor-col-100 elementor-top-column elementor-element elementor-element-4d4927b\" data-id=\"4d4927b\" data-element_type=\"column\" data-e-type=\"column\">\n\t\t\t<div class=\"elementor-widget-wrap elementor-element-populated\">\n\t\t\t\t\t\t<div class=\"elementor-element elementor-element-a1f0b0c elementor-widget elementor-widget-html\" data-id=\"a1f0b0c\" data-element_type=\"widget\" data-e-type=\"widget\" data-widget_type=\"html.default\">\n\t\t\t\t<div class=\"elementor-widget-container\">\n\t\t\t\t\t<p><a id=\"\u201cgo_back\u201d\" href=\"javascript:history.back()\"><< Retour<\/a><\/p>\t\t\t\t<\/div>\n\t\t\t\t<\/div>\n\t\t\t\t\t<\/div>\n\t\t<\/div>\n\t\t\t\t\t<\/div>\n\t\t<\/section>\n\t\t\t\t<section class=\"elementor-section elementor-top-section elementor-element elementor-element-7e8ceb8 elementor-section-content-top elementor-section-stretched elementor-section-boxed elementor-section-height-default elementor-section-height-default\" data-id=\"7e8ceb8\" data-element_type=\"section\" data-e-type=\"section\" id=\"legal\" data-settings=\"{&quot;stretch_section&quot;:&quot;section-stretched&quot;,&quot;background_background&quot;:&quot;classic&quot;}\">\n\t\t\t\t\t\t\t<div class=\"elementor-background-overlay\"><\/div>\n\t\t\t\t\t\t\t<div class=\"elementor-container elementor-column-gap-no\">\n\t\t\t\t\t<div class=\"elementor-column elementor-col-100 elementor-top-column elementor-element elementor-element-b86a443\" data-id=\"b86a443\" data-element_type=\"column\" data-e-type=\"column\">\n\t\t\t<div class=\"elementor-widget-wrap elementor-element-populated\">\n\t\t\t\t\t\t<div class=\"elementor-element elementor-element-ebc0ea5 elementor-widget elementor-widget-heading\" data-id=\"ebc0ea5\" data-element_type=\"widget\" data-e-type=\"widget\" data-widget_type=\"heading.default\">\n\t\t\t\t<div class=\"elementor-widget-container\">\n\t\t\t\t\t<h1 class=\"elementor-heading-title elementor-size-default\">INFORMATIONS SUR LA PROTECTION DES DONN\u00c9ES<\/h1>\t\t\t\t<\/div>\n\t\t\t\t<\/div>\n\t\t\t\t<div class=\"elementor-element elementor-element-c144b92 elementor-widget elementor-widget-text-editor\" data-id=\"c144b92\" data-element_type=\"widget\" data-e-type=\"widget\" data-widget_type=\"text-editor.default\">\n\t\t\t\t<div class=\"elementor-widget-container\">\n\t\t\t\t\t\t\t\t\t<h2>1. Donn\u00e9es relatives au Responsable<\/h2><h3>Gestionnaire du traitement<\/h3><p>&#8211; Enterprise: DECOPLANTA GREEN SL<\/p><p>&#8211; CAF: B88043211<\/p><p>&#8211; Adresse de la soci\u00e9t\u00e9: C\/ VELAZQUEZ 10 &#8211; 1? PLANTA &#8211; (28001) MADRID<\/p><p>&#8211; Email: ADMINISTRACION@DECOPLANTA.COM<\/p><p>&#8211; Responsable du traitement : EVA MARIA MAYORAL RODRIGUEZ<\/p><p>&#8211; T\u00e9l\u00e9phone de la personne en charge du traitement : 685515009<\/p><p>&#8211; Email du responsable du traitement : ADMINISTRACION@DECOPLANTA.COM<\/p><h2>2. Finalit\u00e9s<\/h2><p>Conform\u00e9ment aux dispositions du r\u00e8glement europ\u00e9en 2016\/679 g\u00e9n\u00e9ral sur la protection des donn\u00e9es et de la loi organique 3\/2018 sur la protection des donn\u00e9es personnelles et la garantie des droits num\u00e9riques, nous vous informons que, selon la relation que vous entretenez avec nous, dans DECOPLANTA GREEN SL traite les donn\u00e9es que vous nous fournissez pour tout ou partie des finalit\u00e9s suivantes :<\/p><ul><li>Envoi d&rsquo;informations commerciales de l&rsquo;entit\u00e9 par courrier, e-mail ou autres.<\/li><li>Envoi d&rsquo;informations r\u00e9ciproques via la plateforme WhatsApp, sans que le Responsable puisse s&rsquo;assurer que ladite plateforme prend des mesures de s\u00e9curit\u00e9 et effectue des traitements appropri\u00e9s au RGPD et \u00e0 la LOPDGDD.<\/li><li>Informations commerciales via les e-mails de la plateforme MailChimp, sans que le Responsable ne puisse assurer les mesures de s\u00e9curit\u00e9 correctes et le traitement appropri\u00e9 au RGPD de la plateforme elle-m\u00eame.<\/li><li>Informations provenant des cookies.<\/li><li>Offrez-leur un service.<\/li><\/ul><h2>3. P\u00e9riode de conservation des donn\u00e9es<\/h2><p>Vos donn\u00e9es seront conserv\u00e9es ind\u00e9finiment, commerciales ou non aupr\u00e8s de notre entit\u00e9, demandez leur suppression, de m\u00eame les donn\u00e9es seront conserv\u00e9es pendant le temps n\u00e9cessaire pour se conformer aux obligations l\u00e9gales.<\/p><h2>4. L\u00e9gitimation<\/h2><p>La base juridique du traitement de vos donn\u00e9es r\u00e9side dans :<\/p><ul><li>Consentement sans \u00e9quivoque<\/li><\/ul><h2>5. Destinataires<\/h2><p>Vos donn\u00e9es personnelles seront communiqu\u00e9es \u00e0 des tiers dans les cas suivants :<\/p><ul><li>Je ne partage pas les donn\u00e9es avec des tiers.<\/li><\/ul><h2>6. Droits<\/h2><p>Vous avez le droit d&rsquo;obtenir la confirmation que DECOPLANTA GREEN SL traite ou non des donn\u00e9es personnelles vous concernant.<\/p><p>De m\u00eame, vous avez le droit d&rsquo;acc\u00e9der \u00e0 vos donn\u00e9es personnelles, ainsi que de demander la rectification de donn\u00e9es inexactes ou, le cas \u00e9ch\u00e9ant, de demander leur suppression lorsque, entre autres raisons, les donn\u00e9es ne sont plus n\u00e9cessaires aux fins pour lesquelles elles ont \u00e9t\u00e9 collect\u00e9es.<\/p><p>Dans certaines circonstances, vous pouvez demander la limitation du traitement de vos donn\u00e9es, auquel cas nous ne les conserverons que pour l&rsquo;exercice ou la d\u00e9fense de r\u00e9clamations.<\/p><p>De plus, dans certaines circonstances et pour des raisons li\u00e9es \u00e0 votre situation particuli\u00e8re, vous pouvez exercer le droit de vous opposer au traitement de vos donn\u00e9es. DECOPLANTA GREEN SL cessera de traiter les donn\u00e9es, sauf pour des raisons l\u00e9gitimes imp\u00e9rieuses, ou l&rsquo;exercice ou la d\u00e9fense d&rsquo;\u00e9ventuelles r\u00e9clamations.<\/p><p>De m\u00eame, vous pouvez exercer le droit \u00e0 la portabilit\u00e9 des donn\u00e9es, ainsi que retirer les consentements fournis \u00e0 tout moment, sans affecter la l\u00e9galit\u00e9 du traitement bas\u00e9 sur le consentement pr\u00e9alable \u00e0 son retrait.<\/p><p>Si vous souhaitez faire usage de l&rsquo;un de vos droits, vous pouvez le faire via les liens activ\u00e9s que vous trouverez ci-dessous :<\/p><ul><li style=\"font-weight: 400;\" aria-level=\"2\"><span style=\"font-weight: 400;\">Pour exercer votre droit <\/span><b>d&rsquo;acc\u00e8s<\/b><span style=\"font-weight: 400;\"> cliquez <\/span><strong><a href=\"https:\/\/intranet.laboralrgpd.com\/webApp\/clientes_derechos\/derechos-formulario.php?id_cliente=d3IwWDFNZUZsRUpJYVdNR1puRzVHUT09\">ici<\/a><\/strong><\/li><li style=\"font-weight: 400;\" aria-level=\"2\"><span style=\"font-weight: 400;\">Pour exercer votre droit de <\/span><b>rectification<\/b><span style=\"font-weight: 400;\"> cliquez <\/span><strong><a href=\"https:\/\/intranet.laboralrgpd.com\/webApp\/clientes_derechos\/derechos-formulario.php?id_cliente=d3IwWDFNZUZsRUpJYVdNR1puRzVHUT09\">ici<\/a><\/strong><\/li><li style=\"font-weight: 400;\" aria-level=\"2\"><span style=\"font-weight: 400;\">Pour exercer votre droit de <\/span><b>Suppression (Oblivion)<\/b><span style=\"font-weight: 400;\"> \u200b\u200bcliquez <\/span><strong><a href=\"https:\/\/intranet.laboralrgpd.com\/webApp\/clientes_derechos\/derechos-formulario.php?id_cliente=d3IwWDFNZUZsRUpJYVdNR1puRzVHUT09\">ici<\/a><\/strong><\/li><li style=\"font-weight: 400;\" aria-level=\"2\"><span style=\"font-weight: 400;\">Pour exercer votre droit \u00e0 la <\/span><b>limitation du traitement<\/b><span style=\"font-weight: 400;\">, cliquez <\/span><strong><a href=\"https:\/\/intranet.laboralrgpd.com\/webApp\/clientes_derechos\/derechos-formulario.php?id_cliente=d3IwWDFNZUZsRUpJYVdNR1puRzVHUT09\">ici<\/a><\/strong><\/li><li style=\"font-weight: 400;\" aria-level=\"2\"><span style=\"font-weight: 400;\">Pour exercer votre droit <\/span><b>d&rsquo;opposition<\/b><span style=\"font-weight: 400;\"> cliquez <\/span><strong><a href=\"https:\/\/intranet.laboralrgpd.com\/webApp\/clientes_derechos\/derechos-formulario.php?id_cliente=d3IwWDFNZUZsRUpJYVdNR1puRzVHUT09\">ici<\/a><\/strong><\/li><li style=\"font-weight: 400;\" aria-level=\"2\">Pour exercer votre droit de <b>Portabilit\u00e9<\/b> cliquez <strong><a href=\"https:\/\/intranet.laboralrgpd.com\/webApp\/clientes_derechos\/derechos-formulario.php?id_cliente=d3IwWDFNZUZsRUpJYVdNR1puRzVHUT09\">ici<\/a><\/strong><\/li><\/ul><p>Alternativement, vous pouvez \u00e9galement nous contacter par courrier \u00e0 l&rsquo;adresse suivante : C\/ VEL\u00c1ZQUEZ 10 &#8211; 1\u00aa PLANTA &#8211; (28001) MADRID en joignant une photocopie de votre DNI, pour garantir votre identit\u00e9. Pensez \u00e0 fournir un maximum d&rsquo;informations sur votre demande : Nom et pr\u00e9noms, adresse email utilis\u00e9e pour le compte ou portail objet de votre demande.<\/p><p>Enfin, nous vous informons que vous pouvez contacter l&rsquo;Agence espagnole de protection des donn\u00e9es et d&rsquo;autres organismes publics comp\u00e9tents pour toute r\u00e9clamation d\u00e9coulant du traitement de vos donn\u00e9es personnelles.<\/p><h2>7. Politique de cookies<\/h2><p><span style=\"font-weight: 400;\">Pour en savoir plus sur les cookies que nous utilisons sur notre page, rappelez-vous que vous pouvez acc\u00e9der \u00e0 notre politique de cookies via le lien de <\/span><a href=\"https:\/\/intranet.laboralrgpd.com\/politicaCookies\/index.php?sid=d3IwWDFNZUZsRUpJYVdNR1puRzVHUT09\"><span style=\"font-weight: 400;\">politique de cookies<\/span><\/a><span style=\"font-weight: 400;\"> suivant.<\/span><\/p>\t\t\t\t\t\t\t\t<\/div>\n\t\t\t\t<\/div>\n\t\t\t\t\t<\/div>\n\t\t<\/div>\n\t\t\t\t\t<\/div>\n\t\t<\/section>\n\t\t\t\t<\/div>\n\t\t","protected":false},"excerpt":{"rendered":"","protected":false},"author":2,"featured_media":0,"parent":0,"menu_order":0,"comment_status":"closed","ping_status":"open","template":"","meta":{"_monsterinsights_skip_tracking":false,"_monsterinsights_sitenote_active":false,"_monsterinsights_sitenote_note":"","_monsterinsights_sitenote_category":0,"footnotes":""},"class_list":["post-2799","page","type-page","status-publish"],"yoast_head":"<!-- This site is optimized with the Yoast SEO plugin v27.3 - https:\/\/yoast.com\/product\/yoast-seo-wordpress\/ -->\n<title>Politique de confidentialit\u00e9 et protection des donn\u00e9es - PLANTES ET ARBRES ARTIFICIELS TR\u00c8S R\u00c9ALISTES<\/title>\n<meta name=\"robots\" content=\"noindex, nofollow\" \/>\n<meta property=\"og:locale\" content=\"fr_FR\" \/>\n<meta property=\"og:type\" content=\"article\" \/>\n<meta property=\"og:title\" content=\"Politique de confidentialit\u00e9 et protection des donn\u00e9es - PLANTES ET ARBRES ARTIFICIELS TR\u00c8S R\u00c9ALISTES\" \/>\n<meta property=\"og:url\" content=\"https:\/\/decoplanta.com\/fr\/politique-de-confidentialite-et-protection-des-donnees\/\" \/>\n<meta property=\"og:site_name\" content=\"PLANTES ET ARBRES ARTIFICIELS TR\u00c8S R\u00c9ALISTES\" \/>\n<meta property=\"article:modified_time\" content=\"2022-10-24T11:22:00+00:00\" \/>\n<meta name=\"twitter:card\" content=\"summary_large_image\" \/>\n<meta name=\"twitter:label1\" content=\"Dur\u00e9e de lecture estim\u00e9e\" \/>\n\t<meta name=\"twitter:data1\" content=\"4 minutes\" \/>\n<script type=\"application\/ld+json\" class=\"yoast-schema-graph\">{\"@context\":\"https:\\\/\\\/schema.org\",\"@graph\":[{\"@type\":\"WebPage\",\"@id\":\"https:\\\/\\\/decoplanta.com\\\/fr\\\/politique-de-confidentialite-et-protection-des-donnees\\\/\",\"url\":\"https:\\\/\\\/decoplanta.com\\\/fr\\\/politique-de-confidentialite-et-protection-des-donnees\\\/\",\"name\":\"Politique de confidentialit\u00e9 et protection des donn\u00e9es - PLANTES ET ARBRES ARTIFICIELS TR\u00c8S R\u00c9ALISTES\",\"isPartOf\":{\"@id\":\"https:\\\/\\\/decoplanta.com\\\/fr\\\/#website\"},\"datePublished\":\"2021-11-12T13:56:28+00:00\",\"dateModified\":\"2022-10-24T11:22:00+00:00\",\"breadcrumb\":{\"@id\":\"https:\\\/\\\/decoplanta.com\\\/fr\\\/politique-de-confidentialite-et-protection-des-donnees\\\/#breadcrumb\"},\"inLanguage\":\"fr-FR\",\"potentialAction\":[{\"@type\":\"ReadAction\",\"target\":[\"https:\\\/\\\/decoplanta.com\\\/fr\\\/politique-de-confidentialite-et-protection-des-donnees\\\/\"]}]},{\"@type\":\"BreadcrumbList\",\"@id\":\"https:\\\/\\\/decoplanta.com\\\/fr\\\/politique-de-confidentialite-et-protection-des-donnees\\\/#breadcrumb\",\"itemListElement\":[{\"@type\":\"ListItem\",\"position\":1,\"name\":\"Portada\",\"item\":\"https:\\\/\\\/decoplanta.com\\\/fr\\\/\"},{\"@type\":\"ListItem\",\"position\":2,\"name\":\"Politique de confidentialit\u00e9 et protection des donn\u00e9es\"}]},{\"@type\":\"WebSite\",\"@id\":\"https:\\\/\\\/decoplanta.com\\\/fr\\\/#website\",\"url\":\"https:\\\/\\\/decoplanta.com\\\/fr\\\/\",\"name\":\"PLANTES ET ARBRES ARTIFICIELS TR\u00c8S R\u00c9ALISTES\",\"description\":\"Proveedor de Plantas artificiales para estudios de Arquitectura, Interiorismo, Paisajismo, Escenograf\u00eda, Tiendas de Decoraci\u00f3n Florister\u00edas y Mobiliario\",\"publisher\":{\"@id\":\"https:\\\/\\\/decoplanta.com\\\/fr\\\/#organization\"},\"potentialAction\":[{\"@type\":\"SearchAction\",\"target\":{\"@type\":\"EntryPoint\",\"urlTemplate\":\"https:\\\/\\\/decoplanta.com\\\/fr\\\/?s={search_term_string}\"},\"query-input\":{\"@type\":\"PropertyValueSpecification\",\"valueRequired\":true,\"valueName\":\"search_term_string\"}}],\"inLanguage\":\"fr-FR\"},{\"@type\":\"Organization\",\"@id\":\"https:\\\/\\\/decoplanta.com\\\/fr\\\/#organization\",\"name\":\"PLANTES ET ARBRES ARTIFICIELS TR\u00c8S R\u00c9ALISTES\",\"url\":\"https:\\\/\\\/decoplanta.com\\\/fr\\\/\",\"logo\":{\"@type\":\"ImageObject\",\"inLanguage\":\"fr-FR\",\"@id\":\"https:\\\/\\\/decoplanta.com\\\/fr\\\/#\\\/schema\\\/logo\\\/image\\\/\",\"url\":\"https:\\\/\\\/decoplanta.com\\\/wp-content\\\/uploads\\\/2021\\\/02\\\/decoplanta-logo2020.svg\",\"contentUrl\":\"https:\\\/\\\/decoplanta.com\\\/wp-content\\\/uploads\\\/2021\\\/02\\\/decoplanta-logo2020.svg\",\"width\":500,\"height\":500,\"caption\":\"PLANTES ET ARBRES ARTIFICIELS TR\u00c8S R\u00c9ALISTES\"},\"image\":{\"@id\":\"https:\\\/\\\/decoplanta.com\\\/fr\\\/#\\\/schema\\\/logo\\\/image\\\/\"}}]}<\/script>\n<!-- \/ Yoast SEO plugin. -->","yoast_head_json":{"title":"Politique de confidentialit\u00e9 et protection des donn\u00e9es - PLANTES ET ARBRES ARTIFICIELS TR\u00c8S R\u00c9ALISTES","robots":{"index":"noindex","follow":"nofollow"},"og_locale":"fr_FR","og_type":"article","og_title":"Politique de confidentialit\u00e9 et protection des donn\u00e9es - PLANTES ET ARBRES ARTIFICIELS TR\u00c8S R\u00c9ALISTES","og_url":"https:\/\/decoplanta.com\/fr\/politique-de-confidentialite-et-protection-des-donnees\/","og_site_name":"PLANTES ET ARBRES ARTIFICIELS TR\u00c8S R\u00c9ALISTES","article_modified_time":"2022-10-24T11:22:00+00:00","twitter_card":"summary_large_image","twitter_misc":{"Dur\u00e9e de lecture estim\u00e9e":"4 minutes"},"schema":{"@context":"https:\/\/schema.org","@graph":[{"@type":"WebPage","@id":"https:\/\/decoplanta.com\/fr\/politique-de-confidentialite-et-protection-des-donnees\/","url":"https:\/\/decoplanta.com\/fr\/politique-de-confidentialite-et-protection-des-donnees\/","name":"Politique de confidentialit\u00e9 et protection des donn\u00e9es - PLANTES ET ARBRES ARTIFICIELS TR\u00c8S R\u00c9ALISTES","isPartOf":{"@id":"https:\/\/decoplanta.com\/fr\/#website"},"datePublished":"2021-11-12T13:56:28+00:00","dateModified":"2022-10-24T11:22:00+00:00","breadcrumb":{"@id":"https:\/\/decoplanta.com\/fr\/politique-de-confidentialite-et-protection-des-donnees\/#breadcrumb"},"inLanguage":"fr-FR","potentialAction":[{"@type":"ReadAction","target":["https:\/\/decoplanta.com\/fr\/politique-de-confidentialite-et-protection-des-donnees\/"]}]},{"@type":"BreadcrumbList","@id":"https:\/\/decoplanta.com\/fr\/politique-de-confidentialite-et-protection-des-donnees\/#breadcrumb","itemListElement":[{"@type":"ListItem","position":1,"name":"Portada","item":"https:\/\/decoplanta.com\/fr\/"},{"@type":"ListItem","position":2,"name":"Politique de confidentialit\u00e9 et protection des donn\u00e9es"}]},{"@type":"WebSite","@id":"https:\/\/decoplanta.com\/fr\/#website","url":"https:\/\/decoplanta.com\/fr\/","name":"PLANTES ET ARBRES ARTIFICIELS TR\u00c8S R\u00c9ALISTES","description":"Proveedor de Plantas artificiales para estudios de Arquitectura, Interiorismo, Paisajismo, Escenograf\u00eda, Tiendas de Decoraci\u00f3n Florister\u00edas y Mobiliario","publisher":{"@id":"https:\/\/decoplanta.com\/fr\/#organization"},"potentialAction":[{"@type":"SearchAction","target":{"@type":"EntryPoint","urlTemplate":"https:\/\/decoplanta.com\/fr\/?s={search_term_string}"},"query-input":{"@type":"PropertyValueSpecification","valueRequired":true,"valueName":"search_term_string"}}],"inLanguage":"fr-FR"},{"@type":"Organization","@id":"https:\/\/decoplanta.com\/fr\/#organization","name":"PLANTES ET ARBRES ARTIFICIELS TR\u00c8S R\u00c9ALISTES","url":"https:\/\/decoplanta.com\/fr\/","logo":{"@type":"ImageObject","inLanguage":"fr-FR","@id":"https:\/\/decoplanta.com\/fr\/#\/schema\/logo\/image\/","url":"https:\/\/decoplanta.com\/wp-content\/uploads\/2021\/02\/decoplanta-logo2020.svg","contentUrl":"https:\/\/decoplanta.com\/wp-content\/uploads\/2021\/02\/decoplanta-logo2020.svg","width":500,"height":500,"caption":"PLANTES ET ARBRES ARTIFICIELS TR\u00c8S R\u00c9ALISTES"},"image":{"@id":"https:\/\/decoplanta.com\/fr\/#\/schema\/logo\/image\/"}}]}},"_links":{"self":[{"href":"https:\/\/decoplanta.com\/fr\/wp-json\/wp\/v2\/pages\/2799","targetHints":{"allow":["GET"]}}],"collection":[{"href":"https:\/\/decoplanta.com\/fr\/wp-json\/wp\/v2\/pages"}],"about":[{"href":"https:\/\/decoplanta.com\/fr\/wp-json\/wp\/v2\/types\/page"}],"author":[{"embeddable":true,"href":"https:\/\/decoplanta.com\/fr\/wp-json\/wp\/v2\/users\/2"}],"replies":[{"embeddable":true,"href":"https:\/\/decoplanta.com\/fr\/wp-json\/wp\/v2\/comments?post=2799"}],"version-history":[{"count":0,"href":"https:\/\/decoplanta.com\/fr\/wp-json\/wp\/v2\/pages\/2799\/revisions"}],"wp:attachment":[{"href":"https:\/\/decoplanta.com\/fr\/wp-json\/wp\/v2\/media?parent=2799"}],"curies":[{"name":"wp","href":"https:\/\/api.w.org\/{rel}","templated":true}]}}