{"id":2804,"date":"2021-11-12T14:56:28","date_gmt":"2021-11-12T13:56:28","guid":{"rendered":"https:\/\/decoplanta.com\/avis-juridique\/"},"modified":"2022-10-24T10:55:19","modified_gmt":"2022-10-24T09:55:19","slug":"avis-juridique","status":"publish","type":"page","link":"https:\/\/decoplanta.com\/fr\/avis-juridique\/","title":{"rendered":"Avis juridique"},"content":{"rendered":"\t\t<div data-elementor-type=\"wp-page\" data-elementor-id=\"2804\" class=\"elementor elementor-2804 elementor-33\" data-elementor-post-type=\"page\">\n\t\t\t\t\t\t<section class=\"elementor-section elementor-top-section elementor-element elementor-element-6aab742 elementor-section-stretched elementor-section-boxed elementor-section-height-default elementor-section-height-default\" data-id=\"6aab742\" data-element_type=\"section\" data-e-type=\"section\" id=\"section_go-back\" data-settings=\"{&quot;stretch_section&quot;:&quot;section-stretched&quot;,&quot;background_background&quot;:&quot;classic&quot;}\">\n\t\t\t\t\t\t<div class=\"elementor-container elementor-column-gap-default\">\n\t\t\t\t\t<div class=\"elementor-column elementor-col-100 elementor-top-column elementor-element elementor-element-d3a9f1c\" data-id=\"d3a9f1c\" data-element_type=\"column\" data-e-type=\"column\">\n\t\t\t<div class=\"elementor-widget-wrap elementor-element-populated\">\n\t\t\t\t\t\t<div class=\"elementor-element elementor-element-1e01d74 elementor-widget elementor-widget-html\" data-id=\"1e01d74\" data-element_type=\"widget\" data-e-type=\"widget\" data-widget_type=\"html.default\">\n\t\t\t\t<div class=\"elementor-widget-container\">\n\t\t\t\t\t<p><a id=\"\u201cgo_back\u201d\" href=\"javascript:history.back()\"><volver atr=\"\"><\/p><\/volver><\/a>\t\t\t\t<\/div>\n\t\t\t\t<\/div>\n\t\t\t\t\t<\/div>\n\t\t<\/div>\n\t\t\t\t\t<\/div>\n\t\t<\/section>\n\t\t\t\t<section class=\"elementor-section elementor-top-section elementor-element elementor-element-ef8b1d7 elementor-section-content-top elementor-section-stretched elementor-section-boxed elementor-section-height-default elementor-section-height-default\" data-id=\"ef8b1d7\" data-element_type=\"section\" data-e-type=\"section\" id=\"legal\" data-settings=\"{&quot;stretch_section&quot;:&quot;section-stretched&quot;,&quot;background_background&quot;:&quot;classic&quot;}\">\n\t\t\t\t\t\t\t<div class=\"elementor-background-overlay\"><\/div>\n\t\t\t\t\t\t\t<div class=\"elementor-container elementor-column-gap-no\">\n\t\t\t\t\t<div class=\"elementor-column elementor-col-100 elementor-top-column elementor-element elementor-element-6f8e1bd\" data-id=\"6f8e1bd\" data-element_type=\"column\" data-e-type=\"column\">\n\t\t\t<div class=\"elementor-widget-wrap elementor-element-populated\">\n\t\t\t\t\t\t<div class=\"elementor-element elementor-element-73b6c7e elementor-widget elementor-widget-heading\" data-id=\"73b6c7e\" data-element_type=\"widget\" data-e-type=\"widget\" data-widget_type=\"heading.default\">\n\t\t\t\t<div class=\"elementor-widget-container\">\n\t\t\t\t\t<h1 class=\"elementor-heading-title elementor-size-default\">AVIS JURIDIQUE<\/h1>\t\t\t\t<\/div>\n\t\t\t\t<\/div>\n\t\t\t\t<div class=\"elementor-element elementor-element-a33c777 elementor-widget elementor-widget-text-editor\" data-id=\"a33c777\" data-element_type=\"widget\" data-e-type=\"widget\" data-widget_type=\"text-editor.default\">\n\t\t\t\t<div class=\"elementor-widget-container\">\n\t\t\t\t\t\t\t\t\t<h2>1. Objectif et acceptation<\/h2>\nLe pr\u00e9sent avis juridique r\u00e9git l&rsquo;utilisation de notre site web, propri\u00e9t\u00e9 de DECOPLANTA GREEN SL . La navigation sur le site web de DECOPLANTA GREEN SL conf\u00e8re la condition d&rsquo;utilisateur de celui-ci et implique l&rsquo;acceptation pleine et enti\u00e8re de chacune des dispositions incluses dans le pr\u00e9sent Avis L\u00e9gal, qui pourra subir des modifications. Vous vous engagez \u00e0 faire un usage correct du site web, conform\u00e9ment aux lois, \u00e0 la bonne foi, \u00e0 l&rsquo;ordre public, aux usages en mati\u00e8re de circulation et au pr\u00e9sent avis juridique. Vous serez responsable envers DECOPLANTA GREEN SL ou envers des tiers de tout dommage qui pourrait \u00eatre caus\u00e9 par le non-respect de cette obligation.\n<h2><b>2. Identification et communications<\/b><\/h2>\nDECOPLANTA GREEN SL, conform\u00e9ment \u00e0 la Loi 34\/2002, du 11 juillet, sur les services de la soci\u00e9t\u00e9 de l&rsquo;information et le commerce \u00e9lectronique, vous informe que :\n<ul>\n \t<li>Son nom de soci\u00e9t\u00e9 est : DECOPLANTA GREEN SL<\/li>\n \t<li>Son num\u00e9ro de TVA est : B88043211.<\/li>\n \t<li>Son si\u00e8ge social est situ\u00e9 \u00e0 : C C\/ VEL\u00c1ZQUEZ 10 &#8211; 1\u00aa PLANTA &#8211; (28001) MADRID<\/li>\n<li>Inscription au registre du commerce de Madrid : Volume : 37.385, Folio : 34, Section : 8, Page : M-666553, Inscription : 1<\/li>\n<\/ul>\nPour nous contacter, nous mettons \u00e0 votre disposition diff\u00e9rents moyens de contact sp\u00e9cifi\u00e9s dans la <strong>politique de confidentialit\u00e9<\/strong>.\n\nToutes les notifications et communications faites \u00e0 DECOPLANTA GREEN SL seront consid\u00e9r\u00e9es comme effectives, \u00e0 toutes fins utiles, si elles sont faites par les moyens sp\u00e9cifi\u00e9s ci-dessus.\n<h2>3. Conditions d&rsquo;acc\u00e8s et d&rsquo;utilisation<\/h2>\nLe site web et ses services sont librement accessibles, cependant, DECOPLANTA GREEN SL conditionne l&rsquo;utilisation de certains des services propos\u00e9s sur son site web \u00e0 l&rsquo;accomplissement pr\u00e9alable du formulaire correspondant.\nVous garantissez l&rsquo;authenticit\u00e9 et l&rsquo;actualit\u00e9 de toutes les donn\u00e9es que vous fournissez \u00e0 DECOPLANTA GREEN SL et vous serez seul responsable de toute d\u00e9claration fausse ou inexacte que vous ferez.\nVous acceptez express\u00e9ment de faire un usage appropri\u00e9 des contenus et services de EL DECOPLANTA GREEN SL et de ne pas les utiliser pour, entre autres :\n<ul>\n \t<li>Diffuser des contenus criminels, violents, pornographiques, racistes, x\u00e9nophobes, offensants, faisant l&rsquo;apologie du terrorisme ou, en g\u00e9n\u00e9ral, contraires \u00e0 la loi ou \u00e0 l&rsquo;ordre public.<\/li>\n \t<li>Introduire des virus informatiques dans le r\u00e9seau ou r\u00e9aliser des actions susceptibles d&rsquo;alt\u00e9rer, d&rsquo;endommager, d&rsquo;interrompre ou de g\u00e9n\u00e9rer des erreurs ou des dommages aux documents \u00e9lectroniques, aux donn\u00e9es ou aux syst\u00e8mes physiques et logiques de DECOPLANTA GREEN SL ou de tiers ; ainsi que d&rsquo;entraver l&rsquo;acc\u00e8s d&rsquo;autres utilisateurs au site web et \u00e0 ses services par la consommation massive de ressources informatiques \u00e0 travers lesquelles DECOPLANTA GREEN SL fournit ses services.<\/li>\n \t<li>Tenter d&rsquo;acc\u00e9der aux donn\u00e9es d&rsquo;autrui ou \u00e0 des zones restreintes des syst\u00e8mes informatiques de DECOPLANTA GREEN SL ou de tiers et, le cas \u00e9ch\u00e9ant, en extraire des informations.<\/li>\n \t<li>Enfreindre les droits de propri\u00e9t\u00e9 intellectuelle ou industrielle, ainsi que violer la confidentialit\u00e9 de l&rsquo;information de DECOPLANTA GREEN SL ou de tiers.<\/li>\n \t<li>Usurper l&rsquo;identit\u00e9 d&rsquo;un autre utilisateur, des autorit\u00e9s publiques ou d&rsquo;un tiers.<\/li>\n \t<li>Reproduire, copier, distribuer, mettre \u00e0 disposition ou de toute autre mani\u00e8re communiquer publiquement, transformer ou modifier les contenus, sauf autorisation du titulaire des droits correspondants ou autorisation l\u00e9gale.<\/li>\n \t<li>Collecter des donn\u00e9es \u00e0 des fins publicitaires et envoyer des publicit\u00e9s de toute nature et des communications \u00e0 des fins de vente ou \u00e0 d&rsquo;autres fins commerciales sans demande ou consentement pr\u00e9alable.<\/li>\n<\/ul>\nTous les contenus du site web, tels que les textes, les photographies, les graphiques, les images, les ic\u00f4nes, la technologie, les logiciels, ainsi que sa conception graphique et ses codes sources, constituent une \u0153uvre dont la propri\u00e9t\u00e9 appartient \u00e0 DECOPLANTA GREEN SL, et aucun des droits d&rsquo;exploitation de celle-ci ne peut \u00eatre compris comme ayant \u00e9t\u00e9 c\u00e9d\u00e9 au-del\u00e0 de ce qui est strictement n\u00e9cessaire pour l&rsquo;utilisation correcte du site web.\n\nEn r\u00e9sum\u00e9, les personnes qui acc\u00e8dent \u00e0 ce site web peuvent visualiser les contenus et r\u00e9aliser, le cas \u00e9ch\u00e9ant, des copies priv\u00e9es autoris\u00e9es, \u00e0 condition que les \u00e9l\u00e9ments reproduits ne soient pas ensuite transf\u00e9r\u00e9s \u00e0 des tiers, ni install\u00e9s sur des serveurs connect\u00e9s \u00e0 des r\u00e9seaux, ni soumis \u00e0 une quelconque exploitation.\n\nDe m\u00eame, toutes les marques, noms commerciaux ou logos de tout type qui apparaissent sur le site web sont la propri\u00e9t\u00e9 de DECOPLANTA GREEN SL, et il ne peut \u00eatre interpr\u00e9t\u00e9 que l&rsquo;utilisation ou l&rsquo;acc\u00e8s \u00e0 ceux-ci conf\u00e8re des droits sur ceux-ci.\n\nLa distribution, la modification, le transfert ou la communication publique des contenus et tout autre acte qui n&rsquo;a pas \u00e9t\u00e9 express\u00e9ment autoris\u00e9 par le titulaire des droits d&rsquo;exploitation sont interdits.\n\nL&rsquo;\u00e9tablissement d&rsquo;un hyperlien n&rsquo;implique en aucun cas l&rsquo;existence d&rsquo;une relation entre DECOPLANTA GREEN SL et le propri\u00e9taire du site web dans lequel il est \u00e9tabli, ni l&rsquo;acceptation et l&rsquo;approbation par DECOPLANTA GREEN SL de ses contenus ou services. Ceux qui ont l&rsquo;intention d&rsquo;\u00e9tablir un lien hypertexte doivent demander l&rsquo;autorisation \u00e9crite pr\u00e9alable de DECOPLANTA GREEN SL. Dans tous les cas, l&rsquo;hyperlien ne permettra que l&rsquo;acc\u00e8s \u00e0 la page d&rsquo;accueil ou \u00e0 la page d&rsquo;accueil de notre site web. De m\u00eame, vous devez vous abstenir de faire des d\u00e9clarations ou des indications fausses, inexactes ou incorrectes sur DECOPLANTA GREEN SL, ou d&rsquo;inclure des contenus ill\u00e9gaux, contraires aux bonnes coutumes et \u00e0 l&rsquo;ordre public.\n\nDECOPLANTA GREEN SL n&rsquo;est pas responsable de l&rsquo;utilisation que chaque utilisateur fait du mat\u00e9riel mis \u00e0 disposition sur ce site web ni des actions r\u00e9alis\u00e9es sur la base de celui-ci.\n<h2>4. <b>Exclusion des garanties et de la responsabilit\u00e9<\/b><\/h2>\nDECOPLANTA GREEN SL exclut, dans la mesure o\u00f9 la loi le permet, toute responsabilit\u00e9 pour les dommages de toute nature d\u00e9coulant de :\n<ul>\n \t<li>L&rsquo;impossibilit\u00e9 d&rsquo;acc\u00e9der au site web ou le manque de v\u00e9racit\u00e9, d&rsquo;exactitude, d&rsquo;exhaustivit\u00e9 et\/ou d&rsquo;actualit\u00e9 du contenu, ainsi que l&rsquo;existence de vices et de d\u00e9fauts de toute nature dans le contenu transmis, diffus\u00e9, stock\u00e9, mis \u00e0 la disposition de ceux qui ont acc\u00e9d\u00e9 par le site web ou les services offerts.<\/li>\n \t<li>La pr\u00e9sence de virus ou d&rsquo;autres \u00e9l\u00e9ments dans les contenus qui peuvent provoquer des alt\u00e9rations dans les syst\u00e8mes informatiques, les documents \u00e9lectroniques ou les donn\u00e9es des utilisateurs.<\/li>\n \t<li>Le non-respect de la loi, de la bonne foi, de l&rsquo;ordre public, des usages en mati\u00e8re de circulation et du pr\u00e9sent avis juridique en raison d&rsquo;une utilisation incorrecte du site web. En particulier, et \u00e0 titre d&rsquo;exemple, DECOPLANTA GREEN SL n&rsquo;est pas responsable des actions de tiers qui violent les droits de propri\u00e9t\u00e9 intellectuelle et industrielle, les secrets d&rsquo;entreprise, les droits \u00e0 l&rsquo;honneur, l&rsquo;intimit\u00e9 personnelle et familiale et l&rsquo;image de soi, ainsi que la r\u00e9glementation sur la concurrence d\u00e9loyale et la publicit\u00e9 ill\u00e9gale.<\/li>\n<\/ul>\nDe m\u00eame, DECOPLANTA GREEN SL d\u00e9cline toute responsabilit\u00e9 concernant les informations qui se trouvent en dehors de ce site web et qui ne sont pas g\u00e9r\u00e9es directement par notre webmaster. La fonction des liens qui apparaissent sur ce site est exclusivement d&rsquo;informer l&rsquo;utilisateur de l&rsquo;existence d&rsquo;autres sources susceptibles d&rsquo;\u00e9largir les contenus propos\u00e9s sur ce site. DECOPLANTA GREEN SL ne garantit pas et n&rsquo;est pas responsable du fonctionnement ou de l&rsquo;accessibilit\u00e9 des sites li\u00e9s, ni ne sugg\u00e8re, n&rsquo;invite ou ne recommande la visite de ces sites, et ne sera donc pas responsable des r\u00e9sultats obtenus. DECOPLANTA GREEN SL n&rsquo;est pas responsable de l&rsquo;\u00e9tablissement d&rsquo;hyperliens par des tiers.\n<h2>5. <b>Proc\u00e9dure en cas d&rsquo;activit\u00e9s ill\u00e9gales<\/b><\/h2>\nDans le cas o\u00f9 vous ou un tiers consid\u00e9rez qu&rsquo;il existe des faits ou des circonstances qui r\u00e9v\u00e8lent le caract\u00e8re illicite de l&rsquo;utilisation de tout contenu et\/ou de la r\u00e9alisation de toute activit\u00e9 sur les pages web incluses ou accessibles \u00e0 travers le site web, vous devez contacter DECOPLANTA GREEN SL en vous identifiant d\u00fbment, en pr\u00e9cisant les infractions all\u00e9gu\u00e9es et en d\u00e9clarant express\u00e9ment sous votre responsabilit\u00e9 que les informations fournies dans la notification sont exactes.\n\nPour toute question litigieuse concernant le site web de DECOPLANTA GREEN SL, la l\u00e9gislation espagnole s&rsquo;applique, et les cours et tribunaux les plus proches du si\u00e8ge de (Espagne) sont comp\u00e9tents.\n<h2>6. Publications<\/h2>\nLes informations administratives fournies par le site web ne remplacent pas la publication l\u00e9gale des lois, r\u00e8glements, plans, dispositions g\u00e9n\u00e9rales et actes qui doivent \u00eatre formellement publi\u00e9s dans les journaux officiels des administrations publiques, qui sont le seul instrument qui atteste de leur authenticit\u00e9 et de leur contenu. Les informations disponibles sur ce site web doivent \u00eatre consid\u00e9r\u00e9es comme un guide n&rsquo;ayant aucune valeur juridique.\t\t\t\t\t\t\t\t<\/div>\n\t\t\t\t<\/div>\n\t\t\t\t\t<\/div>\n\t\t<\/div>\n\t\t\t\t\t<\/div>\n\t\t<\/section>\n\t\t\t\t<\/div>\n\t\t","protected":false},"excerpt":{"rendered":"<p>AVIS JURIDIQUE 1. Objectif et acceptation Le pr\u00e9sent avis juridique r\u00e9git l&rsquo;utilisation de notre site web, propri\u00e9t\u00e9 de DECOPLANTA GREEN SL . La navigation sur le site web de DECOPLANTA GREEN SL conf\u00e8re la condition d&rsquo;utilisateur de celui-ci et implique l&rsquo;acceptation pleine et enti\u00e8re de chacune des dispositions incluses dans le pr\u00e9sent Avis L\u00e9gal, qui &#8230; <a title=\"Avis juridique\" class=\"read-more\" href=\"https:\/\/decoplanta.com\/fr\/avis-juridique\/\" aria-label=\"En savoir plus sur Avis juridique\">Lire la suite<\/a><\/p>\n","protected":false},"author":2,"featured_media":0,"parent":0,"menu_order":0,"comment_status":"closed","ping_status":"closed","template":"","meta":{"_monsterinsights_skip_tracking":false,"_monsterinsights_sitenote_active":false,"_monsterinsights_sitenote_note":"","_monsterinsights_sitenote_category":0,"footnotes":""},"class_list":["post-2804","page","type-page","status-publish"],"yoast_head":"<!-- This site is optimized with the Yoast SEO plugin v27.3 - https:\/\/yoast.com\/product\/yoast-seo-wordpress\/ -->\n<title>Avis juridique - PLANTES ET ARBRES ARTIFICIELS TR\u00c8S R\u00c9ALISTES<\/title>\n<meta name=\"robots\" content=\"noindex, nofollow\" \/>\n<meta property=\"og:locale\" content=\"fr_FR\" \/>\n<meta property=\"og:type\" content=\"article\" \/>\n<meta property=\"og:title\" content=\"Avis juridique - PLANTES ET ARBRES ARTIFICIELS TR\u00c8S R\u00c9ALISTES\" \/>\n<meta property=\"og:description\" content=\"AVIS JURIDIQUE 1. Objectif et acceptation Le pr\u00e9sent avis juridique r\u00e9git l&rsquo;utilisation de notre site web, propri\u00e9t\u00e9 de DECOPLANTA GREEN SL . La navigation sur le site web de DECOPLANTA GREEN SL conf\u00e8re la condition d&rsquo;utilisateur de celui-ci et implique l&rsquo;acceptation pleine et enti\u00e8re de chacune des dispositions incluses dans le pr\u00e9sent Avis L\u00e9gal, qui ... Lire la suite\" \/>\n<meta property=\"og:url\" content=\"https:\/\/decoplanta.com\/fr\/avis-juridique\/\" \/>\n<meta property=\"og:site_name\" content=\"PLANTES ET ARBRES ARTIFICIELS TR\u00c8S R\u00c9ALISTES\" \/>\n<meta property=\"article:modified_time\" content=\"2022-10-24T09:55:19+00:00\" \/>\n<meta name=\"twitter:card\" content=\"summary_large_image\" \/>\n<meta name=\"twitter:label1\" content=\"Dur\u00e9e de lecture estim\u00e9e\" \/>\n\t<meta name=\"twitter:data1\" content=\"7 minutes\" \/>\n<script type=\"application\/ld+json\" class=\"yoast-schema-graph\">{\"@context\":\"https:\\\/\\\/schema.org\",\"@graph\":[{\"@type\":\"WebPage\",\"@id\":\"https:\\\/\\\/decoplanta.com\\\/fr\\\/avis-juridique\\\/\",\"url\":\"https:\\\/\\\/decoplanta.com\\\/fr\\\/avis-juridique\\\/\",\"name\":\"Avis juridique - PLANTES ET ARBRES ARTIFICIELS TR\u00c8S R\u00c9ALISTES\",\"isPartOf\":{\"@id\":\"https:\\\/\\\/decoplanta.com\\\/fr\\\/#website\"},\"datePublished\":\"2021-11-12T13:56:28+00:00\",\"dateModified\":\"2022-10-24T09:55:19+00:00\",\"breadcrumb\":{\"@id\":\"https:\\\/\\\/decoplanta.com\\\/fr\\\/avis-juridique\\\/#breadcrumb\"},\"inLanguage\":\"fr-FR\",\"potentialAction\":[{\"@type\":\"ReadAction\",\"target\":[\"https:\\\/\\\/decoplanta.com\\\/fr\\\/avis-juridique\\\/\"]}]},{\"@type\":\"BreadcrumbList\",\"@id\":\"https:\\\/\\\/decoplanta.com\\\/fr\\\/avis-juridique\\\/#breadcrumb\",\"itemListElement\":[{\"@type\":\"ListItem\",\"position\":1,\"name\":\"Portada\",\"item\":\"https:\\\/\\\/decoplanta.com\\\/fr\\\/\"},{\"@type\":\"ListItem\",\"position\":2,\"name\":\"Avis juridique\"}]},{\"@type\":\"WebSite\",\"@id\":\"https:\\\/\\\/decoplanta.com\\\/fr\\\/#website\",\"url\":\"https:\\\/\\\/decoplanta.com\\\/fr\\\/\",\"name\":\"PLANTES ET ARBRES ARTIFICIELS TR\u00c8S R\u00c9ALISTES\",\"description\":\"Proveedor de Plantas artificiales para estudios de Arquitectura, Interiorismo, Paisajismo, Escenograf\u00eda, Tiendas de Decoraci\u00f3n Florister\u00edas y Mobiliario\",\"publisher\":{\"@id\":\"https:\\\/\\\/decoplanta.com\\\/fr\\\/#organization\"},\"potentialAction\":[{\"@type\":\"SearchAction\",\"target\":{\"@type\":\"EntryPoint\",\"urlTemplate\":\"https:\\\/\\\/decoplanta.com\\\/fr\\\/?s={search_term_string}\"},\"query-input\":{\"@type\":\"PropertyValueSpecification\",\"valueRequired\":true,\"valueName\":\"search_term_string\"}}],\"inLanguage\":\"fr-FR\"},{\"@type\":\"Organization\",\"@id\":\"https:\\\/\\\/decoplanta.com\\\/fr\\\/#organization\",\"name\":\"PLANTES ET ARBRES ARTIFICIELS TR\u00c8S R\u00c9ALISTES\",\"url\":\"https:\\\/\\\/decoplanta.com\\\/fr\\\/\",\"logo\":{\"@type\":\"ImageObject\",\"inLanguage\":\"fr-FR\",\"@id\":\"https:\\\/\\\/decoplanta.com\\\/fr\\\/#\\\/schema\\\/logo\\\/image\\\/\",\"url\":\"https:\\\/\\\/decoplanta.com\\\/wp-content\\\/uploads\\\/2021\\\/02\\\/decoplanta-logo2020.svg\",\"contentUrl\":\"https:\\\/\\\/decoplanta.com\\\/wp-content\\\/uploads\\\/2021\\\/02\\\/decoplanta-logo2020.svg\",\"width\":500,\"height\":500,\"caption\":\"PLANTES ET ARBRES ARTIFICIELS TR\u00c8S R\u00c9ALISTES\"},\"image\":{\"@id\":\"https:\\\/\\\/decoplanta.com\\\/fr\\\/#\\\/schema\\\/logo\\\/image\\\/\"}}]}<\/script>\n<!-- \/ Yoast SEO plugin. -->","yoast_head_json":{"title":"Avis juridique - PLANTES ET ARBRES ARTIFICIELS TR\u00c8S R\u00c9ALISTES","robots":{"index":"noindex","follow":"nofollow"},"og_locale":"fr_FR","og_type":"article","og_title":"Avis juridique - PLANTES ET ARBRES ARTIFICIELS TR\u00c8S R\u00c9ALISTES","og_description":"AVIS JURIDIQUE 1. Objectif et acceptation Le pr\u00e9sent avis juridique r\u00e9git l&rsquo;utilisation de notre site web, propri\u00e9t\u00e9 de DECOPLANTA GREEN SL . La navigation sur le site web de DECOPLANTA GREEN SL conf\u00e8re la condition d&rsquo;utilisateur de celui-ci et implique l&rsquo;acceptation pleine et enti\u00e8re de chacune des dispositions incluses dans le pr\u00e9sent Avis L\u00e9gal, qui ... Lire la suite","og_url":"https:\/\/decoplanta.com\/fr\/avis-juridique\/","og_site_name":"PLANTES ET ARBRES ARTIFICIELS TR\u00c8S R\u00c9ALISTES","article_modified_time":"2022-10-24T09:55:19+00:00","twitter_card":"summary_large_image","twitter_misc":{"Dur\u00e9e de lecture estim\u00e9e":"7 minutes"},"schema":{"@context":"https:\/\/schema.org","@graph":[{"@type":"WebPage","@id":"https:\/\/decoplanta.com\/fr\/avis-juridique\/","url":"https:\/\/decoplanta.com\/fr\/avis-juridique\/","name":"Avis juridique - PLANTES ET ARBRES ARTIFICIELS TR\u00c8S R\u00c9ALISTES","isPartOf":{"@id":"https:\/\/decoplanta.com\/fr\/#website"},"datePublished":"2021-11-12T13:56:28+00:00","dateModified":"2022-10-24T09:55:19+00:00","breadcrumb":{"@id":"https:\/\/decoplanta.com\/fr\/avis-juridique\/#breadcrumb"},"inLanguage":"fr-FR","potentialAction":[{"@type":"ReadAction","target":["https:\/\/decoplanta.com\/fr\/avis-juridique\/"]}]},{"@type":"BreadcrumbList","@id":"https:\/\/decoplanta.com\/fr\/avis-juridique\/#breadcrumb","itemListElement":[{"@type":"ListItem","position":1,"name":"Portada","item":"https:\/\/decoplanta.com\/fr\/"},{"@type":"ListItem","position":2,"name":"Avis juridique"}]},{"@type":"WebSite","@id":"https:\/\/decoplanta.com\/fr\/#website","url":"https:\/\/decoplanta.com\/fr\/","name":"PLANTES ET ARBRES ARTIFICIELS TR\u00c8S R\u00c9ALISTES","description":"Proveedor de Plantas artificiales para estudios de Arquitectura, Interiorismo, Paisajismo, Escenograf\u00eda, Tiendas de Decoraci\u00f3n Florister\u00edas y Mobiliario","publisher":{"@id":"https:\/\/decoplanta.com\/fr\/#organization"},"potentialAction":[{"@type":"SearchAction","target":{"@type":"EntryPoint","urlTemplate":"https:\/\/decoplanta.com\/fr\/?s={search_term_string}"},"query-input":{"@type":"PropertyValueSpecification","valueRequired":true,"valueName":"search_term_string"}}],"inLanguage":"fr-FR"},{"@type":"Organization","@id":"https:\/\/decoplanta.com\/fr\/#organization","name":"PLANTES ET ARBRES ARTIFICIELS TR\u00c8S R\u00c9ALISTES","url":"https:\/\/decoplanta.com\/fr\/","logo":{"@type":"ImageObject","inLanguage":"fr-FR","@id":"https:\/\/decoplanta.com\/fr\/#\/schema\/logo\/image\/","url":"https:\/\/decoplanta.com\/wp-content\/uploads\/2021\/02\/decoplanta-logo2020.svg","contentUrl":"https:\/\/decoplanta.com\/wp-content\/uploads\/2021\/02\/decoplanta-logo2020.svg","width":500,"height":500,"caption":"PLANTES ET ARBRES ARTIFICIELS TR\u00c8S R\u00c9ALISTES"},"image":{"@id":"https:\/\/decoplanta.com\/fr\/#\/schema\/logo\/image\/"}}]}},"_links":{"self":[{"href":"https:\/\/decoplanta.com\/fr\/wp-json\/wp\/v2\/pages\/2804","targetHints":{"allow":["GET"]}}],"collection":[{"href":"https:\/\/decoplanta.com\/fr\/wp-json\/wp\/v2\/pages"}],"about":[{"href":"https:\/\/decoplanta.com\/fr\/wp-json\/wp\/v2\/types\/page"}],"author":[{"embeddable":true,"href":"https:\/\/decoplanta.com\/fr\/wp-json\/wp\/v2\/users\/2"}],"replies":[{"embeddable":true,"href":"https:\/\/decoplanta.com\/fr\/wp-json\/wp\/v2\/comments?post=2804"}],"version-history":[{"count":0,"href":"https:\/\/decoplanta.com\/fr\/wp-json\/wp\/v2\/pages\/2804\/revisions"}],"wp:attachment":[{"href":"https:\/\/decoplanta.com\/fr\/wp-json\/wp\/v2\/media?parent=2804"}],"curies":[{"name":"wp","href":"https:\/\/api.w.org\/{rel}","templated":true}]}}