{"id":3115,"date":"2021-04-17T19:13:45","date_gmt":"2021-12-10T06:12:57","guid":{"rendered":"https:\/\/decoplanta.com\/non%20class\u00e9\/concevez-votre-propre-mur-vegetal\/"},"modified":"2025-03-01T07:50:21","modified_gmt":"2025-03-01T06:50:21","slug":"creez-votre-propre-mur-vegetal","status":"publish","type":"product","link":"https:\/\/decoplanta.com\/fr\/mur-vegetal-artificiel\/creez-votre-propre-mur-vegetal\/","title":{"rendered":"Cr\u00e9ez votre propre mur v\u00e9g\u00e9tal"},"content":{"rendered":"<p>Osez et concevez votre mur v\u00e9g\u00e9tal. Combinez n&rsquo;importe quel mod\u00e8le de base de plaque avec des feuilles et des plantes suspendues, dans la cat\u00e9gorie Mur v\u00e9g\u00e9tal ou <a href=\"https:\/\/decoplanta.com\/plantas-colgantes-artificiales\/\" target=\"_blank\" rel=\"noopener\">Plantes suspendues<\/a>. Il existe de nombreuses possibilit\u00e9s pour personnaliser votre mur v\u00e9g\u00e9tal.<\/p>\n<p>Nous vous montrons ici les plantes avec lesquelles vous pouvez concevoir votre mur v\u00e9g\u00e9tal artificiel:<\/p>\n<p>422346 ORCHID\u00c9E ROSE ORCHID\u00c9E ROSE. Hauteur totale : 83 cm 11,18 \u20ac 83 cm<br \/>\n422745 FEUILLE D&rsquo;ANTHURIUM FEUILLE D&rsquo;ANTHURIUM, couleur vert \/ marron. Hauteur totale : 100 cm 14,09 \u20ac 100 cm<br \/>\n423893 PENDENTIF CACTUS PENDENTIF CACTUS, couleur verte. Hauteur totale : 125 cm 12,64 \u20ac 125 cm<br \/>\n424489 TIGE D&rsquo;ANTHURIEN TIGE D&rsquo;ANTHURIEN, couleur bordeaux. Hauteur totale : 55 cm 3,12 \u20ac 55 cm<br \/>\n425138 GUIRLANDE BEGONIA GUIRLANDE BEGONIA, couleur rouge. Hauteur totale : 115 cm 14,07 \u20ac 115 cm<br \/>\n425286 RHIPSALIS RHIPSALIS, couleur \u00ab\u00a0bordeaux sourd\u00a0\u00bb. Hauteur totale : 80 cm 5,98 \u20ac 80 cm<br \/>\n425659 PENDENTIF HERBE PENDENTIF HERBE, couleur vert humide. Hauteur totale : 80 cm 13,84 \u20ac 80 cm<br \/>\n425944 FEUILLE D&rsquo;ELEPHANT VERT FEUILLE D&rsquo;ELEPHANT VERT de couleur verte. Hauteur totale : 105 cm 26,39 \u20ac 105 cm<br \/>\n425945 AUBERGINE FEUILLE D&rsquo;ELEPHANT <a href=\"https:\/\/es.wikipedia.org\/wiki\/Alocasia_odora\" target=\"_blank\" rel=\"noopener\">AUBERGINE<\/a> FEUILLE D&rsquo;ELEPHANT de couleur aubergine. Hauteur totale 105 cm. 26,39 \u20ac 105 cm<\/p>\n<p>De plus, nous vous mettons au d\u00e9fi de \u00ab Concevoir votre mur v\u00e9g\u00e9tal\u00bb, et vous pouvez nous envoyer des photos de vos cr\u00e9ations.<\/p>\n<p>&nbsp;<\/p>\n","protected":false},"excerpt":{"rendered":"<p>Combinez n&rsquo;importe quel mod\u00e8le de base de plaque avec des feuilles et des plantes suspendues, dans la cat\u00e9gorie Mur v\u00e9g\u00e9tal ou Plantes suspendues. Il existe de nombreuses possibilit\u00e9s pour personnaliser votre mur v\u00e9g\u00e9tal.<\/p>\n<table class=\"especial\" style=\"background-color: #fff;\">\n<tbody>\n<tr style=\"display: none;\">\n<td style=\"width: 80px; padding: 0px;\"><a href=\"https:\/\/decoplanta.com\/fr\/creez-votre-propre-mur-vegetal\/orchidee-rose\/\"><img decoding=\"async\" src=\"https:\/\/decoplanta.com\/wp-content\/uploads\/2021\/04\/422346-Decora_tu_Jardin_Vertical-ORQUIDEA_ROSA-100x100.jpg\" \/><\/a><\/td>\n<td>ORCHID\u00c9E ROSE<\/td>\n<td>422346<\/td>\n<\/tr>\n<tr>\n<td style=\"width: 80px; padding: 0px;\"><a href=\"https:\/\/decoplanta.com\/fr\/creez-votre-propre-mur-vegetal\/plante-suspendue-de-cactus\/\"><img decoding=\"async\" src=\"https:\/\/decoplanta.com\/wp-content\/uploads\/2021\/04\/423893-Decora_tu_jardin_vertical-CACTUS-COLGANTE-100x100.jpg\" \/><\/a><\/td>\n<td>CACTUS SUSPENDUE<\/td>\n<td>423893<\/td>\n<\/tr>\n<tr>\n<td style=\"width: 80px; padding: 0px;\"><a href=\"https:\/\/decoplanta.com\/fr\/creez-votre-propre-mur-vegetal\/guirlande-begonia\/\"><img decoding=\"async\" src=\"https:\/\/decoplanta.com\/wp-content\/uploads\/2021\/04\/425138-Decora_tu_jardin_vertical-GUIRLANDA_BEGONIA-100x100.jpg\" \/><\/a><\/td>\n<td>GUIRLANDE BEGONIA<\/td>\n<td>425138<\/td>\n<\/tr>\n<tr>\n<td style=\"width: 80px; padding: 0px;\"><a href=\"https:\/\/decoplanta.com\/fr\/creez-votre-propre-mur-vegetal\/plante-suspendue-rhipsalis\/\"><img decoding=\"async\" src=\"https:\/\/decoplanta.com\/wp-content\/uploads\/2021\/04\/425286-Decora_tu_jardin_vertical-RHIPSALIS-100x100.jpg\" \/><\/a><\/td>\n<td>RHIPSALIS<\/td>\n<td>425286<\/td>\n<\/tr>\n<tr>\n<td style=\"width: 80px; padding: 0px;\"><a href=\"https:\/\/decoplanta.com\/fr\/creez-votre-propre-mur-vegetal\/plante-suspendue-dherbe-uv\/\"><img decoding=\"async\" src=\"https:\/\/decoplanta.com\/wp-content\/uploads\/2021\/04\/425659-Decora_tu_jardin_vertical-HIERBA_COLGANTE_UV-100x100.jpg\" \/><\/a><\/td>\n<td>HERBE SUSPENDUE<\/td>\n<td>425659<\/td>\n<\/tr>\n<tr>\n<td style=\"width: 80px; padding: 0px;\"><a href=\"https:\/\/decoplanta.com\/fr\/creez-votre-propre-mur-vegetal\/feuille-elephant-verte\/\"><img decoding=\"async\" src=\"https:\/\/decoplanta.com\/wp-content\/uploads\/2021\/04\/425944-Decora_tu_jardin_vertical-HOJA_DE_ELEFANTE_VERDE-100x100.jpg\" \/><\/a><\/td>\n<td>FEUILLE ELEPHANT VERT<\/td>\n<td>425944<\/td>\n<\/tr>\n<tr>\n<td style=\"width: 80px; padding: 0px;\"><a href=\"https:\/\/decoplanta.com\/fr\/creez-votre-propre-mur-vegetal\/feuille-elephant-aubergine\/\"><img decoding=\"async\" src=\"https:\/\/decoplanta.com\/wp-content\/uploads\/2021\/04\/425945-Decora_tu_jardin_vertical-HOJA_DE_ELEFANTE_BERENGENA-100x100.jpg\" \/><\/a><\/td>\n<td>FEUILLE ELEPHANT AUBERGINE<\/td>\n<td>425945<\/td>\n<\/tr>\n<\/tbody>\n<\/table>\n<p>Dans cette VID\u00c9O, vous pouvez voir \u00e0 quel point il est facile de CR\u00c9ER VOTRE PROPRE MUR V\u00c9G\u00c9TAL :<\/p>\n[embed]https:\/\/decoplanta.com\/wp-content\/uploads\/2021\/10\/Crea-tu-jardin-vertical-DECOPLANTA(720)-3.mp4[\/embed]\n","protected":false},"featured_media":2644,"template":"","meta":{"_monsterinsights_skip_tracking":false,"_monsterinsights_sitenote_active":false,"_monsterinsights_sitenote_note":"","_monsterinsights_sitenote_category":0},"product_brand":[],"product_cat":[248],"product_tag":[264,267],"class_list":{"0":"post-3115","1":"product","2":"type-product","3":"status-publish","4":"has-post-thumbnail","6":"product_cat-mur-vegetal-artificiel","7":"product_tag-creez-votre-mur-vegetal","8":"product_tag-guirlande-de-feuilles-artificielles","9":"","10":"woocommerce-text-align-center","11":"woocommerce-image-align-center","12":"do-quantity-buttons","14":"first","15":"instock","16":"taxable","17":"shipping-taxable","18":"purchasable","19":"product-type-simple"},"yoast_head":"<!-- This site is optimized with the Yoast SEO plugin v27.3 - https:\/\/yoast.com\/product\/yoast-seo-wordpress\/ -->\n<title>Concevez votre mur v\u00e9g\u00e9tal - Combinez une base avec feuilles<\/title>\n<meta name=\"description\" content=\"Concevez votre propre mur v\u00e9g\u00e9tal en combinant une plaque de base avec des feuilles et des fleurs de notre catalogue. Vous avez des possibilit\u00e9s infinies\" \/>\n<meta name=\"robots\" content=\"index, follow, max-snippet:-1, max-image-preview:large, max-video-preview:-1\" \/>\n<link rel=\"canonical\" href=\"https:\/\/decoplanta.com\/fr\/mur-vegetal-artificiel\/creez-votre-propre-mur-vegetal\/\" \/>\n<meta property=\"og:locale\" content=\"fr_FR\" \/>\n<meta property=\"og:type\" content=\"article\" \/>\n<meta property=\"og:title\" content=\"Concevez votre mur v\u00e9g\u00e9tal - Combinez une base avec feuilles\" \/>\n<meta property=\"og:description\" content=\"Concevez votre propre mur v\u00e9g\u00e9tal en combinant une plaque de base avec des feuilles et des fleurs de notre catalogue. Vous avez des possibilit\u00e9s infinies\" \/>\n<meta property=\"og:url\" content=\"https:\/\/decoplanta.com\/fr\/mur-vegetal-artificiel\/creez-votre-propre-mur-vegetal\/\" \/>\n<meta property=\"og:site_name\" content=\"PLANTES ET ARBRES ARTIFICIELS TR\u00c8S R\u00c9ALISTES\" \/>\n<meta property=\"article:modified_time\" content=\"2025-03-01T06:50:21+00:00\" \/>\n<meta property=\"og:image\" content=\"https:\/\/decoplanta.com\/wp-content\/uploads\/2021\/04\/DISENA_TU_PROPIO_JARDIN_VERTICAL.jpg\" \/>\n\t<meta property=\"og:image:width\" content=\"1221\" \/>\n\t<meta property=\"og:image:height\" content=\"1221\" \/>\n\t<meta property=\"og:image:type\" content=\"image\/jpeg\" \/>\n<meta name=\"twitter:card\" content=\"summary_large_image\" \/>\n<meta name=\"twitter:label1\" content=\"Dur\u00e9e de lecture estim\u00e9e\" \/>\n\t<meta name=\"twitter:data1\" content=\"2 minutes\" \/>\n<script type=\"application\/ld+json\" class=\"yoast-schema-graph\">{\"@context\":\"https:\\\/\\\/schema.org\",\"@graph\":[{\"@type\":\"WebPage\",\"@id\":\"https:\\\/\\\/decoplanta.com\\\/fr\\\/mur-vegetal-artificiel\\\/creez-votre-propre-mur-vegetal\\\/\",\"url\":\"https:\\\/\\\/decoplanta.com\\\/fr\\\/mur-vegetal-artificiel\\\/creez-votre-propre-mur-vegetal\\\/\",\"name\":\"Concevez votre mur v\u00e9g\u00e9tal - Combinez une base avec feuilles\",\"isPartOf\":{\"@id\":\"https:\\\/\\\/decoplanta.com\\\/fr\\\/#website\"},\"primaryImageOfPage\":{\"@id\":\"https:\\\/\\\/decoplanta.com\\\/fr\\\/mur-vegetal-artificiel\\\/creez-votre-propre-mur-vegetal\\\/#primaryimage\"},\"image\":{\"@id\":\"https:\\\/\\\/decoplanta.com\\\/fr\\\/mur-vegetal-artificiel\\\/creez-votre-propre-mur-vegetal\\\/#primaryimage\"},\"thumbnailUrl\":\"https:\\\/\\\/decoplanta.com\\\/wp-content\\\/uploads\\\/2021\\\/04\\\/DISENA_TU_PROPIO_JARDIN_VERTICAL.jpg\",\"datePublished\":\"2021-12-10T06:12:57+00:00\",\"dateModified\":\"2025-03-01T06:50:21+00:00\",\"description\":\"Concevez votre propre mur v\u00e9g\u00e9tal en combinant une plaque de base avec des feuilles et des fleurs de notre catalogue. Vous avez des possibilit\u00e9s infinies\",\"breadcrumb\":{\"@id\":\"https:\\\/\\\/decoplanta.com\\\/fr\\\/mur-vegetal-artificiel\\\/creez-votre-propre-mur-vegetal\\\/#breadcrumb\"},\"inLanguage\":\"fr-FR\",\"potentialAction\":[{\"@type\":\"ReadAction\",\"target\":[\"https:\\\/\\\/decoplanta.com\\\/fr\\\/mur-vegetal-artificiel\\\/creez-votre-propre-mur-vegetal\\\/\"]}]},{\"@type\":\"ImageObject\",\"inLanguage\":\"fr-FR\",\"@id\":\"https:\\\/\\\/decoplanta.com\\\/fr\\\/mur-vegetal-artificiel\\\/creez-votre-propre-mur-vegetal\\\/#primaryimage\",\"url\":\"https:\\\/\\\/decoplanta.com\\\/wp-content\\\/uploads\\\/2021\\\/04\\\/DISENA_TU_PROPIO_JARDIN_VERTICAL.jpg\",\"contentUrl\":\"https:\\\/\\\/decoplanta.com\\\/wp-content\\\/uploads\\\/2021\\\/04\\\/DISENA_TU_PROPIO_JARDIN_VERTICAL.jpg\",\"width\":1221,\"height\":1221,\"caption\":\"Concevez votre propre mur v\u00e9g\u00e9tal artificiel avec toutes nos plantes\"},{\"@type\":\"BreadcrumbList\",\"@id\":\"https:\\\/\\\/decoplanta.com\\\/fr\\\/mur-vegetal-artificiel\\\/creez-votre-propre-mur-vegetal\\\/#breadcrumb\",\"itemListElement\":[{\"@type\":\"ListItem\",\"position\":1,\"name\":\"Portada\",\"item\":\"https:\\\/\\\/decoplanta.com\\\/fr\\\/\"},{\"@type\":\"ListItem\",\"position\":2,\"name\":\"Priv\u00e9\u00a0: Tienda\",\"item\":\"https:\\\/\\\/decoplanta.com\\\/?page_id=377\"},{\"@type\":\"ListItem\",\"position\":3,\"name\":\"Cr\u00e9ez votre propre mur v\u00e9g\u00e9tal\"}]},{\"@type\":\"WebSite\",\"@id\":\"https:\\\/\\\/decoplanta.com\\\/fr\\\/#website\",\"url\":\"https:\\\/\\\/decoplanta.com\\\/fr\\\/\",\"name\":\"PLANTES ET ARBRES ARTIFICIELS TR\u00c8S R\u00c9ALISTES\",\"description\":\"Proveedor de Plantas artificiales para estudios de Arquitectura, Interiorismo, Paisajismo, Escenograf\u00eda, Tiendas de Decoraci\u00f3n Florister\u00edas y Mobiliario\",\"publisher\":{\"@id\":\"https:\\\/\\\/decoplanta.com\\\/fr\\\/#organization\"},\"potentialAction\":[{\"@type\":\"SearchAction\",\"target\":{\"@type\":\"EntryPoint\",\"urlTemplate\":\"https:\\\/\\\/decoplanta.com\\\/fr\\\/?s={search_term_string}\"},\"query-input\":{\"@type\":\"PropertyValueSpecification\",\"valueRequired\":true,\"valueName\":\"search_term_string\"}}],\"inLanguage\":\"fr-FR\"},{\"@type\":\"Organization\",\"@id\":\"https:\\\/\\\/decoplanta.com\\\/fr\\\/#organization\",\"name\":\"PLANTES ET ARBRES ARTIFICIELS TR\u00c8S R\u00c9ALISTES\",\"url\":\"https:\\\/\\\/decoplanta.com\\\/fr\\\/\",\"logo\":{\"@type\":\"ImageObject\",\"inLanguage\":\"fr-FR\",\"@id\":\"https:\\\/\\\/decoplanta.com\\\/fr\\\/#\\\/schema\\\/logo\\\/image\\\/\",\"url\":\"https:\\\/\\\/decoplanta.com\\\/wp-content\\\/uploads\\\/2021\\\/02\\\/decoplanta-logo2020.svg\",\"contentUrl\":\"https:\\\/\\\/decoplanta.com\\\/wp-content\\\/uploads\\\/2021\\\/02\\\/decoplanta-logo2020.svg\",\"width\":500,\"height\":500,\"caption\":\"PLANTES ET ARBRES ARTIFICIELS TR\u00c8S R\u00c9ALISTES\"},\"image\":{\"@id\":\"https:\\\/\\\/decoplanta.com\\\/fr\\\/#\\\/schema\\\/logo\\\/image\\\/\"}}]}<\/script>\n<!-- \/ Yoast SEO plugin. -->","yoast_head_json":{"title":"Concevez votre mur v\u00e9g\u00e9tal - Combinez une base avec feuilles","description":"Concevez votre propre mur v\u00e9g\u00e9tal en combinant une plaque de base avec des feuilles et des fleurs de notre catalogue. Vous avez des possibilit\u00e9s infinies","robots":{"index":"index","follow":"follow","max-snippet":"max-snippet:-1","max-image-preview":"max-image-preview:large","max-video-preview":"max-video-preview:-1"},"canonical":"https:\/\/decoplanta.com\/fr\/mur-vegetal-artificiel\/creez-votre-propre-mur-vegetal\/","og_locale":"fr_FR","og_type":"article","og_title":"Concevez votre mur v\u00e9g\u00e9tal - Combinez une base avec feuilles","og_description":"Concevez votre propre mur v\u00e9g\u00e9tal en combinant une plaque de base avec des feuilles et des fleurs de notre catalogue. Vous avez des possibilit\u00e9s infinies","og_url":"https:\/\/decoplanta.com\/fr\/mur-vegetal-artificiel\/creez-votre-propre-mur-vegetal\/","og_site_name":"PLANTES ET ARBRES ARTIFICIELS TR\u00c8S R\u00c9ALISTES","article_modified_time":"2025-03-01T06:50:21+00:00","og_image":[{"width":1221,"height":1221,"url":"https:\/\/decoplanta.com\/wp-content\/uploads\/2021\/04\/DISENA_TU_PROPIO_JARDIN_VERTICAL.jpg","type":"image\/jpeg"}],"twitter_card":"summary_large_image","twitter_misc":{"Dur\u00e9e de lecture estim\u00e9e":"2 minutes"},"schema":{"@context":"https:\/\/schema.org","@graph":[{"@type":"WebPage","@id":"https:\/\/decoplanta.com\/fr\/mur-vegetal-artificiel\/creez-votre-propre-mur-vegetal\/","url":"https:\/\/decoplanta.com\/fr\/mur-vegetal-artificiel\/creez-votre-propre-mur-vegetal\/","name":"Concevez votre mur v\u00e9g\u00e9tal - Combinez une base avec feuilles","isPartOf":{"@id":"https:\/\/decoplanta.com\/fr\/#website"},"primaryImageOfPage":{"@id":"https:\/\/decoplanta.com\/fr\/mur-vegetal-artificiel\/creez-votre-propre-mur-vegetal\/#primaryimage"},"image":{"@id":"https:\/\/decoplanta.com\/fr\/mur-vegetal-artificiel\/creez-votre-propre-mur-vegetal\/#primaryimage"},"thumbnailUrl":"https:\/\/decoplanta.com\/wp-content\/uploads\/2021\/04\/DISENA_TU_PROPIO_JARDIN_VERTICAL.jpg","datePublished":"2021-12-10T06:12:57+00:00","dateModified":"2025-03-01T06:50:21+00:00","description":"Concevez votre propre mur v\u00e9g\u00e9tal en combinant une plaque de base avec des feuilles et des fleurs de notre catalogue. Vous avez des possibilit\u00e9s infinies","breadcrumb":{"@id":"https:\/\/decoplanta.com\/fr\/mur-vegetal-artificiel\/creez-votre-propre-mur-vegetal\/#breadcrumb"},"inLanguage":"fr-FR","potentialAction":[{"@type":"ReadAction","target":["https:\/\/decoplanta.com\/fr\/mur-vegetal-artificiel\/creez-votre-propre-mur-vegetal\/"]}]},{"@type":"ImageObject","inLanguage":"fr-FR","@id":"https:\/\/decoplanta.com\/fr\/mur-vegetal-artificiel\/creez-votre-propre-mur-vegetal\/#primaryimage","url":"https:\/\/decoplanta.com\/wp-content\/uploads\/2021\/04\/DISENA_TU_PROPIO_JARDIN_VERTICAL.jpg","contentUrl":"https:\/\/decoplanta.com\/wp-content\/uploads\/2021\/04\/DISENA_TU_PROPIO_JARDIN_VERTICAL.jpg","width":1221,"height":1221,"caption":"Concevez votre propre mur v\u00e9g\u00e9tal artificiel avec toutes nos plantes"},{"@type":"BreadcrumbList","@id":"https:\/\/decoplanta.com\/fr\/mur-vegetal-artificiel\/creez-votre-propre-mur-vegetal\/#breadcrumb","itemListElement":[{"@type":"ListItem","position":1,"name":"Portada","item":"https:\/\/decoplanta.com\/fr\/"},{"@type":"ListItem","position":2,"name":"Priv\u00e9\u00a0: Tienda","item":"https:\/\/decoplanta.com\/?page_id=377"},{"@type":"ListItem","position":3,"name":"Cr\u00e9ez votre propre mur v\u00e9g\u00e9tal"}]},{"@type":"WebSite","@id":"https:\/\/decoplanta.com\/fr\/#website","url":"https:\/\/decoplanta.com\/fr\/","name":"PLANTES ET ARBRES ARTIFICIELS TR\u00c8S R\u00c9ALISTES","description":"Proveedor de Plantas artificiales para estudios de Arquitectura, Interiorismo, Paisajismo, Escenograf\u00eda, Tiendas de Decoraci\u00f3n Florister\u00edas y Mobiliario","publisher":{"@id":"https:\/\/decoplanta.com\/fr\/#organization"},"potentialAction":[{"@type":"SearchAction","target":{"@type":"EntryPoint","urlTemplate":"https:\/\/decoplanta.com\/fr\/?s={search_term_string}"},"query-input":{"@type":"PropertyValueSpecification","valueRequired":true,"valueName":"search_term_string"}}],"inLanguage":"fr-FR"},{"@type":"Organization","@id":"https:\/\/decoplanta.com\/fr\/#organization","name":"PLANTES ET ARBRES ARTIFICIELS TR\u00c8S R\u00c9ALISTES","url":"https:\/\/decoplanta.com\/fr\/","logo":{"@type":"ImageObject","inLanguage":"fr-FR","@id":"https:\/\/decoplanta.com\/fr\/#\/schema\/logo\/image\/","url":"https:\/\/decoplanta.com\/wp-content\/uploads\/2021\/02\/decoplanta-logo2020.svg","contentUrl":"https:\/\/decoplanta.com\/wp-content\/uploads\/2021\/02\/decoplanta-logo2020.svg","width":500,"height":500,"caption":"PLANTES ET ARBRES ARTIFICIELS TR\u00c8S R\u00c9ALISTES"},"image":{"@id":"https:\/\/decoplanta.com\/fr\/#\/schema\/logo\/image\/"}}]}},"_links":{"self":[{"href":"https:\/\/decoplanta.com\/fr\/wp-json\/wp\/v2\/product\/3115","targetHints":{"allow":["GET"]}}],"collection":[{"href":"https:\/\/decoplanta.com\/fr\/wp-json\/wp\/v2\/product"}],"about":[{"href":"https:\/\/decoplanta.com\/fr\/wp-json\/wp\/v2\/types\/product"}],"version-history":[{"count":1,"href":"https:\/\/decoplanta.com\/fr\/wp-json\/wp\/v2\/product\/3115\/revisions"}],"predecessor-version":[{"id":8119,"href":"https:\/\/decoplanta.com\/fr\/wp-json\/wp\/v2\/product\/3115\/revisions\/8119"}],"wp:featuredmedia":[{"embeddable":true,"href":"https:\/\/decoplanta.com\/fr\/wp-json\/wp\/v2\/media\/2644"}],"wp:attachment":[{"href":"https:\/\/decoplanta.com\/fr\/wp-json\/wp\/v2\/media?parent=3115"}],"wp:term":[{"taxonomy":"product_brand","embeddable":true,"href":"https:\/\/decoplanta.com\/fr\/wp-json\/wp\/v2\/product_brand?post=3115"},{"taxonomy":"product_cat","embeddable":true,"href":"https:\/\/decoplanta.com\/fr\/wp-json\/wp\/v2\/product_cat?post=3115"},{"taxonomy":"product_tag","embeddable":true,"href":"https:\/\/decoplanta.com\/fr\/wp-json\/wp\/v2\/product_tag?post=3115"}],"curies":[{"name":"wp","href":"https:\/\/api.w.org\/{rel}","templated":true}]}}