{"id":3119,"date":"2021-03-18T21:21:01","date_gmt":"2021-12-10T06:38:28","guid":{"rendered":"https:\/\/decoplanta.com\/non%20class\u00e9\/arbuste-djunco\/"},"modified":"2023-11-05T13:00:07","modified_gmt":"2023-11-05T12:00:07","slug":"arbuste-de-junco","status":"publish","type":"product","link":"https:\/\/decoplanta.com\/fr\/fleurs-et-vegetation\/arbuste-de-junco\/","title":{"rendered":"Arbuste de JUNCO"},"content":{"rendered":"<p>Arbuste de JUNCO artificiel incroyablement r\u00e9aliste, hauteur 90 cm. Comprend un traitement UV sp\u00e9cifique pour les ext\u00e9rieurs. Le soleil et l&rsquo;eau ne seront pas un obstacle pour rester comme au premier jour. Disponible avec un pot de base ou sans pot. Ils sont vendus en bo\u00eetes indivisibles de 6 unit\u00e9s.<\/p>\n<h2>Comment est El Arbusto de Junco ?<\/h2>\n<p>Les plantes peuvent \u00eatre class\u00e9es de plusieurs mani\u00e8res. L&rsquo;une des classifications les plus utilis\u00e9es est la taille qu&rsquo;ils atteignent.<\/p>\n<p>Cependant, il est normal que des doutes surgissent sur ce qu&rsquo;est une herbe, un buisson et un arbre, puisque parfois vous pouvez trouver des d\u00e9finitions qui diff\u00e8rent un peu entre eux.<\/p>\n<p>Les herbes sont les esp\u00e8ces v\u00e9g\u00e9tales qui ont eu le plus de succ\u00e8s \u00e9volutif. On peut les trouver pratiquement partout sur la plan\u00e8te, et ils pourraient \u00e0 terme devenir les grands survivants en cas de catastrophe mondiale. Mais \u00e0 quoi ressemblent les roseaux ? Nous avons \u00e9galement le m\u00eame arbuste avec un pot et plus de feuilles sur <a href=\"https:\/\/decoplanta.com\/plantas-de-exterior-artificiales\/arbusto-tipo-junco\/\" target=\"_blank\" rel=\"noopener\">notre site Web<\/a> .<\/p>\n<p>Le <b>roseau<\/b> appartient \u00e0 la famille des <a title=\"Juncac\u00e9es\" href=\"https:\/\/es.wikipedia.org\/wiki\/Juncaceae\">Juncaceae<\/a> (les joncs). Il existe de nombreuses esp\u00e8ces de plantes <a class=\"mw-redirect\" title=\"\" href=\"https:\/\/es.wikipedia.org\/wiki\/Monocotiled%C3%B3neas\">monocotyl\u00e9dones<\/a> li\u00e9es \u00e0 l&rsquo;eau ou aux zones humides, d&rsquo;une hauteur moyenne de 50 cm ou plus. Elles sont presque toujours radicales et <a title=\"rhizome\" href=\"https:\/\/es.wikipedia.org\/wiki\/Rizoma\">rhizomateuses<\/a> , \u00e0 tiges dress\u00e9es ou ascendantes, cylindriques ou comprim\u00e9es. Mais ils sont inclus dans plusieurs genres, notamment les familles <a title=\"Juncac\u00e9es\" href=\"https:\/\/es.wikipedia.org\/wiki\/Juncaceae\">Juncaceae<\/a> et <a title=\"Cyp\u00e9rac\u00e9es\" href=\"https:\/\/es.wikipedia.org\/wiki\/Cyperaceae\">Cyperaceae<\/a> .<\/p>\n<p>Les arbustes <a href=\"https:\/\/es.wikipedia.org\/wiki\/Junco\" target=\"_blank\" rel=\"noopener\">JUNCO<\/a> sont des plantes qui n&rsquo;ont pas de tiges r\u00e9solument ligneuses. Le vert est leur couleur pr\u00e9dominante, et aussi quand ils portent des fruits, ils produisent de nombreuses graines. Un \u00e9pi est un type d&rsquo;inflorescence rac\u00e9meuse dans laquelle l&rsquo;axe ou le rachis est allong\u00e9 et les fleurs sont sessiles ; les fleurs les plus jeunes \u00e9tant situ\u00e9es au sommet de celle-ci.<\/p>\n<h2>Comment d\u00e9corer avec le Junco ?<\/h2>\n<p>Le Junco est habituellement utilis\u00e9 comme symbole d&rsquo;abondance, ou d&rsquo;adoration \u00e0 la d\u00e9esse C\u00e9r\u00e8s car, selon la mythologie, elle \u00e9tait l&rsquo;inventrice de la mani\u00e8re de semer et de r\u00e9colter le bl\u00e9 et les c\u00e9r\u00e9ales, dans laquelle elle eut Triptol\u00e8me comme \u00e9l\u00e8ve. Un exemple de la premi\u00e8re est de nombreuses m\u00e9dailles, dans lesquelles un seul pic peut \u00eatre vu, comme dans celles d&rsquo;Artaclia.<\/p>\n<p>Ce que nous appelons <strong>jonc<\/strong> est un ensemble de plantes d&rsquo;une grande importance pour l&rsquo;humanit\u00e9, car il existe de nombreuses esp\u00e8ces qui ont une certaine utilit\u00e9, comme la fabrication de paniers ou de toits.<\/p>\n<p>De plus, elles <strong>sont \u00e9galement excellentes comme plantes de jardin ou de terrasse<\/strong> , car s&rsquo;il est vrai qu&rsquo;elles ne produisent g\u00e9n\u00e9ralement pas de fleurs tr\u00e8s voyantes, leurs tiges et leurs feuilles ont une merveilleuse \u00e9l\u00e9gance.<\/p>\n","protected":false},"excerpt":{"rendered":"<p>Arbuste de JUNCO de 90 cm et d&rsquo;un r\u00e9alisme incroyable pour percer dans le sol ou la mousse florale. Comprend un traitement UV sp\u00e9cifique pour les ext\u00e9rieurs. Le soleil et l&rsquo;eau ne seront pas un obstacle pour rester comme au premier jour. Il ne n\u00e9cessite pas d&rsquo;entretien.<br \/>\nPrix unitaire dans notre catalogue.<\/p>\n<table>\n<tbody>\n<tr>\n<td><strong>R\u00c9F<\/strong><\/td>\n<td><strong>Hauteur<\/strong><\/td>\n<\/tr>\n<tr>\n<td><strong>421421<\/strong><\/td>\n<td>90cm<\/td>\n<\/tr>\n<\/tbody>\n<\/table>\n","protected":false},"featured_media":2554,"template":"","meta":{"_monsterinsights_skip_tracking":false,"_monsterinsights_sitenote_active":false,"_monsterinsights_sitenote_note":"","_monsterinsights_sitenote_category":0},"product_brand":[],"product_cat":[254,250],"product_tag":[263,271],"class_list":{"0":"post-3119","1":"product","2":"type-product","3":"status-publish","4":"has-post-thumbnail","6":"product_cat-fleurs-et-vegetation","7":"product_cat-plantes-pour-lexterieur-artificielles","8":"product_tag-plantes-artificielles-avec-protection-uv","9":"product_tag-gazon-artificiel","10":"","11":"woocommerce-text-align-center","12":"woocommerce-image-align-center","13":"do-quantity-buttons","15":"first","16":"instock","17":"taxable","18":"shipping-taxable","19":"purchasable","20":"product-type-simple"},"yoast_head":"<!-- This site is optimized with the Yoast SEO plugin v27.3 - https:\/\/yoast.com\/product\/yoast-seo-wordpress\/ -->\n<title>Arbuste artificiel de JUNCO - Traitement UV D\u00e9coration ext\u00e9rieure<\/title>\n<meta name=\"description\" content=\"Arbuste artificiel de JUNCO incroyablement r\u00e9aliste. Avec traitement UV sp\u00e9cifique pour les ext\u00e9rieurs. Planter et d\u00e9corez vos jardins\" \/>\n<meta name=\"robots\" content=\"index, follow, max-snippet:-1, max-image-preview:large, max-video-preview:-1\" \/>\n<link rel=\"canonical\" href=\"https:\/\/decoplanta.com\/fr\/fleurs-et-vegetation\/arbuste-de-junco\/\" \/>\n<meta property=\"og:locale\" content=\"fr_FR\" \/>\n<meta property=\"og:type\" content=\"article\" \/>\n<meta property=\"og:title\" content=\"Arbuste artificiel de JUNCO - Traitement UV D\u00e9coration ext\u00e9rieure\" \/>\n<meta property=\"og:description\" content=\"Arbuste artificiel de JUNCO incroyablement r\u00e9aliste. Avec traitement UV sp\u00e9cifique pour les ext\u00e9rieurs. Planter et d\u00e9corez vos jardins\" \/>\n<meta property=\"og:url\" content=\"https:\/\/decoplanta.com\/fr\/fleurs-et-vegetation\/arbuste-de-junco\/\" \/>\n<meta property=\"og:site_name\" content=\"PLANTES ET ARBRES ARTIFICIELS TR\u00c8S R\u00c9ALISTES\" \/>\n<meta property=\"article:modified_time\" content=\"2023-11-05T12:00:07+00:00\" \/>\n<meta property=\"og:image\" content=\"https:\/\/decoplanta.com\/wp-content\/uploads\/2021\/03\/421421-arbusto-tipo-junco-90.jpg\" \/>\n\t<meta property=\"og:image:width\" content=\"2350\" \/>\n\t<meta property=\"og:image:height\" content=\"2350\" \/>\n\t<meta property=\"og:image:type\" content=\"image\/jpeg\" \/>\n<meta name=\"twitter:card\" content=\"summary_large_image\" \/>\n<meta name=\"twitter:label1\" content=\"Dur\u00e9e de lecture estim\u00e9e\" \/>\n\t<meta name=\"twitter:data1\" content=\"2 minutes\" \/>\n<script type=\"application\/ld+json\" class=\"yoast-schema-graph\">{\"@context\":\"https:\\\/\\\/schema.org\",\"@graph\":[{\"@type\":\"WebPage\",\"@id\":\"https:\\\/\\\/decoplanta.com\\\/fr\\\/fleurs-et-vegetation\\\/arbuste-de-junco\\\/\",\"url\":\"https:\\\/\\\/decoplanta.com\\\/fr\\\/fleurs-et-vegetation\\\/arbuste-de-junco\\\/\",\"name\":\"Arbuste artificiel de JUNCO - Traitement UV D\u00e9coration ext\u00e9rieure\",\"isPartOf\":{\"@id\":\"https:\\\/\\\/decoplanta.com\\\/fr\\\/#website\"},\"primaryImageOfPage\":{\"@id\":\"https:\\\/\\\/decoplanta.com\\\/fr\\\/fleurs-et-vegetation\\\/arbuste-de-junco\\\/#primaryimage\"},\"image\":{\"@id\":\"https:\\\/\\\/decoplanta.com\\\/fr\\\/fleurs-et-vegetation\\\/arbuste-de-junco\\\/#primaryimage\"},\"thumbnailUrl\":\"https:\\\/\\\/decoplanta.com\\\/wp-content\\\/uploads\\\/2021\\\/03\\\/421421-arbusto-tipo-junco-90.jpg\",\"datePublished\":\"2021-12-10T06:38:28+00:00\",\"dateModified\":\"2023-11-05T12:00:07+00:00\",\"description\":\"Arbuste artificiel de JUNCO incroyablement r\u00e9aliste. Avec traitement UV sp\u00e9cifique pour les ext\u00e9rieurs. Planter et d\u00e9corez vos jardins\",\"breadcrumb\":{\"@id\":\"https:\\\/\\\/decoplanta.com\\\/fr\\\/fleurs-et-vegetation\\\/arbuste-de-junco\\\/#breadcrumb\"},\"inLanguage\":\"fr-FR\",\"potentialAction\":[{\"@type\":\"ReadAction\",\"target\":[\"https:\\\/\\\/decoplanta.com\\\/fr\\\/fleurs-et-vegetation\\\/arbuste-de-junco\\\/\"]}]},{\"@type\":\"ImageObject\",\"inLanguage\":\"fr-FR\",\"@id\":\"https:\\\/\\\/decoplanta.com\\\/fr\\\/fleurs-et-vegetation\\\/arbuste-de-junco\\\/#primaryimage\",\"url\":\"https:\\\/\\\/decoplanta.com\\\/wp-content\\\/uploads\\\/2021\\\/03\\\/421421-arbusto-tipo-junco-90.jpg\",\"contentUrl\":\"https:\\\/\\\/decoplanta.com\\\/wp-content\\\/uploads\\\/2021\\\/03\\\/421421-arbusto-tipo-junco-90.jpg\",\"width\":2350,\"height\":2350,\"caption\":\"Arbuste artificiel d'JUNCO 90 cm de haut. Haut r\u00e9alisme\"},{\"@type\":\"BreadcrumbList\",\"@id\":\"https:\\\/\\\/decoplanta.com\\\/fr\\\/fleurs-et-vegetation\\\/arbuste-de-junco\\\/#breadcrumb\",\"itemListElement\":[{\"@type\":\"ListItem\",\"position\":1,\"name\":\"Portada\",\"item\":\"https:\\\/\\\/decoplanta.com\\\/fr\\\/\"},{\"@type\":\"ListItem\",\"position\":2,\"name\":\"Priv\u00e9\u00a0: Tienda\",\"item\":\"https:\\\/\\\/decoplanta.com\\\/?page_id=377\"},{\"@type\":\"ListItem\",\"position\":3,\"name\":\"Arbuste de JUNCO\"}]},{\"@type\":\"WebSite\",\"@id\":\"https:\\\/\\\/decoplanta.com\\\/fr\\\/#website\",\"url\":\"https:\\\/\\\/decoplanta.com\\\/fr\\\/\",\"name\":\"PLANTES ET ARBRES ARTIFICIELS TR\u00c8S R\u00c9ALISTES\",\"description\":\"Proveedor de Plantas artificiales para estudios de Arquitectura, Interiorismo, Paisajismo, Escenograf\u00eda, Tiendas de Decoraci\u00f3n Florister\u00edas y Mobiliario\",\"publisher\":{\"@id\":\"https:\\\/\\\/decoplanta.com\\\/fr\\\/#organization\"},\"potentialAction\":[{\"@type\":\"SearchAction\",\"target\":{\"@type\":\"EntryPoint\",\"urlTemplate\":\"https:\\\/\\\/decoplanta.com\\\/fr\\\/?s={search_term_string}\"},\"query-input\":{\"@type\":\"PropertyValueSpecification\",\"valueRequired\":true,\"valueName\":\"search_term_string\"}}],\"inLanguage\":\"fr-FR\"},{\"@type\":\"Organization\",\"@id\":\"https:\\\/\\\/decoplanta.com\\\/fr\\\/#organization\",\"name\":\"PLANTES ET ARBRES ARTIFICIELS TR\u00c8S R\u00c9ALISTES\",\"url\":\"https:\\\/\\\/decoplanta.com\\\/fr\\\/\",\"logo\":{\"@type\":\"ImageObject\",\"inLanguage\":\"fr-FR\",\"@id\":\"https:\\\/\\\/decoplanta.com\\\/fr\\\/#\\\/schema\\\/logo\\\/image\\\/\",\"url\":\"https:\\\/\\\/decoplanta.com\\\/wp-content\\\/uploads\\\/2021\\\/02\\\/decoplanta-logo2020.svg\",\"contentUrl\":\"https:\\\/\\\/decoplanta.com\\\/wp-content\\\/uploads\\\/2021\\\/02\\\/decoplanta-logo2020.svg\",\"width\":500,\"height\":500,\"caption\":\"PLANTES ET ARBRES ARTIFICIELS TR\u00c8S R\u00c9ALISTES\"},\"image\":{\"@id\":\"https:\\\/\\\/decoplanta.com\\\/fr\\\/#\\\/schema\\\/logo\\\/image\\\/\"}}]}<\/script>\n<!-- \/ Yoast SEO plugin. -->","yoast_head_json":{"title":"Arbuste artificiel de JUNCO - Traitement UV D\u00e9coration ext\u00e9rieure","description":"Arbuste artificiel de JUNCO incroyablement r\u00e9aliste. Avec traitement UV sp\u00e9cifique pour les ext\u00e9rieurs. Planter et d\u00e9corez vos jardins","robots":{"index":"index","follow":"follow","max-snippet":"max-snippet:-1","max-image-preview":"max-image-preview:large","max-video-preview":"max-video-preview:-1"},"canonical":"https:\/\/decoplanta.com\/fr\/fleurs-et-vegetation\/arbuste-de-junco\/","og_locale":"fr_FR","og_type":"article","og_title":"Arbuste artificiel de JUNCO - Traitement UV D\u00e9coration ext\u00e9rieure","og_description":"Arbuste artificiel de JUNCO incroyablement r\u00e9aliste. Avec traitement UV sp\u00e9cifique pour les ext\u00e9rieurs. Planter et d\u00e9corez vos jardins","og_url":"https:\/\/decoplanta.com\/fr\/fleurs-et-vegetation\/arbuste-de-junco\/","og_site_name":"PLANTES ET ARBRES ARTIFICIELS TR\u00c8S R\u00c9ALISTES","article_modified_time":"2023-11-05T12:00:07+00:00","og_image":[{"width":2350,"height":2350,"url":"https:\/\/decoplanta.com\/wp-content\/uploads\/2021\/03\/421421-arbusto-tipo-junco-90.jpg","type":"image\/jpeg"}],"twitter_card":"summary_large_image","twitter_misc":{"Dur\u00e9e de lecture estim\u00e9e":"2 minutes"},"schema":{"@context":"https:\/\/schema.org","@graph":[{"@type":"WebPage","@id":"https:\/\/decoplanta.com\/fr\/fleurs-et-vegetation\/arbuste-de-junco\/","url":"https:\/\/decoplanta.com\/fr\/fleurs-et-vegetation\/arbuste-de-junco\/","name":"Arbuste artificiel de JUNCO - Traitement UV D\u00e9coration ext\u00e9rieure","isPartOf":{"@id":"https:\/\/decoplanta.com\/fr\/#website"},"primaryImageOfPage":{"@id":"https:\/\/decoplanta.com\/fr\/fleurs-et-vegetation\/arbuste-de-junco\/#primaryimage"},"image":{"@id":"https:\/\/decoplanta.com\/fr\/fleurs-et-vegetation\/arbuste-de-junco\/#primaryimage"},"thumbnailUrl":"https:\/\/decoplanta.com\/wp-content\/uploads\/2021\/03\/421421-arbusto-tipo-junco-90.jpg","datePublished":"2021-12-10T06:38:28+00:00","dateModified":"2023-11-05T12:00:07+00:00","description":"Arbuste artificiel de JUNCO incroyablement r\u00e9aliste. Avec traitement UV sp\u00e9cifique pour les ext\u00e9rieurs. Planter et d\u00e9corez vos jardins","breadcrumb":{"@id":"https:\/\/decoplanta.com\/fr\/fleurs-et-vegetation\/arbuste-de-junco\/#breadcrumb"},"inLanguage":"fr-FR","potentialAction":[{"@type":"ReadAction","target":["https:\/\/decoplanta.com\/fr\/fleurs-et-vegetation\/arbuste-de-junco\/"]}]},{"@type":"ImageObject","inLanguage":"fr-FR","@id":"https:\/\/decoplanta.com\/fr\/fleurs-et-vegetation\/arbuste-de-junco\/#primaryimage","url":"https:\/\/decoplanta.com\/wp-content\/uploads\/2021\/03\/421421-arbusto-tipo-junco-90.jpg","contentUrl":"https:\/\/decoplanta.com\/wp-content\/uploads\/2021\/03\/421421-arbusto-tipo-junco-90.jpg","width":2350,"height":2350,"caption":"Arbuste artificiel d'JUNCO 90 cm de haut. Haut r\u00e9alisme"},{"@type":"BreadcrumbList","@id":"https:\/\/decoplanta.com\/fr\/fleurs-et-vegetation\/arbuste-de-junco\/#breadcrumb","itemListElement":[{"@type":"ListItem","position":1,"name":"Portada","item":"https:\/\/decoplanta.com\/fr\/"},{"@type":"ListItem","position":2,"name":"Priv\u00e9\u00a0: Tienda","item":"https:\/\/decoplanta.com\/?page_id=377"},{"@type":"ListItem","position":3,"name":"Arbuste de JUNCO"}]},{"@type":"WebSite","@id":"https:\/\/decoplanta.com\/fr\/#website","url":"https:\/\/decoplanta.com\/fr\/","name":"PLANTES ET ARBRES ARTIFICIELS TR\u00c8S R\u00c9ALISTES","description":"Proveedor de Plantas artificiales para estudios de Arquitectura, Interiorismo, Paisajismo, Escenograf\u00eda, Tiendas de Decoraci\u00f3n Florister\u00edas y Mobiliario","publisher":{"@id":"https:\/\/decoplanta.com\/fr\/#organization"},"potentialAction":[{"@type":"SearchAction","target":{"@type":"EntryPoint","urlTemplate":"https:\/\/decoplanta.com\/fr\/?s={search_term_string}"},"query-input":{"@type":"PropertyValueSpecification","valueRequired":true,"valueName":"search_term_string"}}],"inLanguage":"fr-FR"},{"@type":"Organization","@id":"https:\/\/decoplanta.com\/fr\/#organization","name":"PLANTES ET ARBRES ARTIFICIELS TR\u00c8S R\u00c9ALISTES","url":"https:\/\/decoplanta.com\/fr\/","logo":{"@type":"ImageObject","inLanguage":"fr-FR","@id":"https:\/\/decoplanta.com\/fr\/#\/schema\/logo\/image\/","url":"https:\/\/decoplanta.com\/wp-content\/uploads\/2021\/02\/decoplanta-logo2020.svg","contentUrl":"https:\/\/decoplanta.com\/wp-content\/uploads\/2021\/02\/decoplanta-logo2020.svg","width":500,"height":500,"caption":"PLANTES ET ARBRES ARTIFICIELS TR\u00c8S R\u00c9ALISTES"},"image":{"@id":"https:\/\/decoplanta.com\/fr\/#\/schema\/logo\/image\/"}}]}},"_links":{"self":[{"href":"https:\/\/decoplanta.com\/fr\/wp-json\/wp\/v2\/product\/3119","targetHints":{"allow":["GET"]}}],"collection":[{"href":"https:\/\/decoplanta.com\/fr\/wp-json\/wp\/v2\/product"}],"about":[{"href":"https:\/\/decoplanta.com\/fr\/wp-json\/wp\/v2\/types\/product"}],"version-history":[{"count":0,"href":"https:\/\/decoplanta.com\/fr\/wp-json\/wp\/v2\/product\/3119\/revisions"}],"wp:featuredmedia":[{"embeddable":true,"href":"https:\/\/decoplanta.com\/fr\/wp-json\/wp\/v2\/media\/2554"}],"wp:attachment":[{"href":"https:\/\/decoplanta.com\/fr\/wp-json\/wp\/v2\/media?parent=3119"}],"wp:term":[{"taxonomy":"product_brand","embeddable":true,"href":"https:\/\/decoplanta.com\/fr\/wp-json\/wp\/v2\/product_brand?post=3119"},{"taxonomy":"product_cat","embeddable":true,"href":"https:\/\/decoplanta.com\/fr\/wp-json\/wp\/v2\/product_cat?post=3119"},{"taxonomy":"product_tag","embeddable":true,"href":"https:\/\/decoplanta.com\/fr\/wp-json\/wp\/v2\/product_tag?post=3119"}],"curies":[{"name":"wp","href":"https:\/\/api.w.org\/{rel}","templated":true}]}}