{"id":3137,"date":"2021-07-07T13:37:54","date_gmt":"2021-12-10T08:49:57","guid":{"rendered":"https:\/\/decoplanta.com\/non%20class\u00e9\/arbuste-deucalyptus\/"},"modified":"2023-11-05T11:34:54","modified_gmt":"2023-11-05T10:34:54","slug":"arbuste-de-eucalyptus","status":"publish","type":"product","link":"https:\/\/decoplanta.com\/fr\/fleurs-et-vegetation\/arbuste-de-eucalyptus\/","title":{"rendered":"Arbuste de EUCALYPTUS"},"content":{"rendered":"<p>Arbuste artificiel EUCALYPTUS de 75 cm de haut \u00e0 planter dans le sol ou la mousse florale. Il ne n\u00e9cessite pas d&rsquo;entretien. Ils sont vendus en bo\u00eetes indivisibles de 24 unit\u00e9s. Prix unitaire dans notre catalogue.<\/p>\n<p style=\"font-weight: 400;\"><b><strong><em>EUCALYPTUS<\/em><\/strong><\/b> donne de la couleur et de la structure au jardin. Ses fleurs peuvent \u00eatre utilis\u00e9es pour des compositions florales. Les raisons ne manquent pas pour que ces plantes soient admir\u00e9es par de nombreux jardiniers.<\/p>\n<p style=\"font-weight: 400;\">Beaucoup d&rsquo;entre nous connaissent l&rsquo;une des esp\u00e8ces les plus communes dans nos champs.<\/p>\n<h3 style=\"font-weight: 400;\"><strong>Arbuste artificiel EUCALYPTUS id\u00e9al pour la d\u00e9coration d&rsquo;un jardin int\u00e9rieur<\/strong><\/h3>\n<p>L&rsquo;Eucalyptus est l&rsquo;une des mani\u00e8res dont nous l&rsquo;appelons, c&rsquo;est un <strong>petit arbre ornemental de la famille des eucalyptus.<\/strong> Il se caract\u00e9rise par sa tol\u00e9rance au froid et sa petite taille. Ces deux qualit\u00e9s en font une plante largement utilis\u00e9e comme plante d\u00e9corative dans les jardins de tout climat et de toute taille. Mais attention, m\u00eame s&rsquo;il n&rsquo;est pas consid\u00e9r\u00e9 comme grand, l&rsquo;arbre peut atteindre 37 m\u00e8tres de haut s&rsquo;il n&rsquo;est pas entretenu par la taille. Il est \u00e9galement cultiv\u00e9 comme plante d&rsquo;int\u00e9rieur en pot.<\/p>\n<table dir=\"ltr\" border=\"1\" cellspacing=\"0\" cellpadding=\"0\">\n<colgroup>\n<col width=\"93\" \/>\n<col width=\"138\" \/>\n<col width=\"255\" \/>\n<col width=\"65\" \/>\n<col width=\"132\" \/><\/colgroup>\n<tbody>\n<tr>\n<td data-sheets-value=\"{\">\n<p class=\"p1\"><span class=\"s1\">417424<\/span><\/p>\n<\/td>\n<td data-sheets-value=\"{\">EUCALYPTUS<\/td>\n<td data-sheets-value=\"{\" data-sheets-numberformat=\"{\">75 cm de hauteur totale<\/td>\n<td data-sheets-value=\"{\" data-sheets-numberformat=\"{\"><\/td>\n<td data-sheets-value=\"{\">24<\/td>\n<\/tr>\n<\/tbody>\n<\/table>\n<h3>Comment est l&rsquo;EUCALYPTUS ?<\/h3>\n<p>Les plantes peuvent \u00eatre class\u00e9es de plusieurs mani\u00e8res. L&rsquo;une des classifications les plus utilis\u00e9es est la taille qu&rsquo;ils atteignent.<\/p>\n<p>L&rsquo; <b>Eucalyptus<\/b> ou encore appel\u00e9 Eucalyptus ou <b>Eucalyptus<\/b> est un <b>arbuste<\/b> de petite taille, de la famille des Myrtac\u00e9es. C&rsquo;est un arbre \u00e0 croissance rapide, dans la nature ils peuvent atteindre une grande taille selon les esp\u00e8ces. Son origine est en Australie comme la plupart des plus de 700 esp\u00e8ces qui existent.<\/p>\n<p>Si vous avez vu un eucalyptus dans la nature, vous serez s\u00fbrement surpris quand je vous dirai qu&rsquo;ils peuvent \u00eatre de superbes plantes d&rsquo;int\u00e9rieur. Bien qu&rsquo;elle atteigne une taille consid\u00e9rable sur terre, si elle est cultiv\u00e9e en pot et \u00e0 l&rsquo;int\u00e9rieur, sa taille est assez contenue. C&rsquo;est un arbre qui peut \u00eatre conserv\u00e9 comme une belle plante parfum\u00e9e dans votre maison. Dans les jardins, la plante d&rsquo;eucalyptus peut \u00eatre maintenue petite par une taille annuelle.<\/p>\n<h2>Comment prendre soin du buisson d&rsquo;EUCALYPTUS ?<\/h2>\n<p>L&rsquo;entretien et l&rsquo;entretien de l&rsquo; <a href=\"https:\/\/es.wikipedia.org\/wiki\/Eryngium\" target=\"_blank\" rel=\"noopener\">EUCALYPTUS<\/a> sont assez simples, donc si vous n&rsquo;avez pas beaucoup de temps pour vous occuper des plantes ou si ce n&rsquo;est pas votre passe-temps favori, c&rsquo;est un bon exemple pour vous.<\/p>\n<p>&nbsp;<\/p>\n<p>&nbsp;<\/p>\n","protected":false},"excerpt":{"rendered":"<p>Arbuste de Eucalyptus artificiel de 75 cm de haut \u00e0 piquer dans le sol ou la mousse florale. Il ne n\u00e9cessite pas d&rsquo;entretien.<\/p>\n<p>Prix unitaire dans notre catalogue.<\/p>\n<table>\n<tbody>\n<tr>\n<td><strong>R\u00c9F<\/strong><\/td>\n<td><strong>Hauteur<\/strong><\/td>\n<\/tr>\n<tr>\n<td><strong>417424<\/strong><\/td>\n<td>75cm<\/td>\n<\/tr>\n<\/tbody>\n<\/table>\n","protected":false},"featured_media":2743,"template":"","meta":{"_monsterinsights_skip_tracking":false,"_monsterinsights_sitenote_active":false,"_monsterinsights_sitenote_note":"","_monsterinsights_sitenote_category":0},"product_brand":[],"product_cat":[254],"product_tag":[271],"class_list":{"0":"post-3137","1":"product","2":"type-product","3":"status-publish","4":"has-post-thumbnail","6":"product_cat-fleurs-et-vegetation","7":"product_tag-gazon-artificiel","8":"","9":"woocommerce-text-align-center","10":"woocommerce-image-align-center","11":"do-quantity-buttons","13":"first","14":"instock","15":"taxable","16":"shipping-taxable","17":"purchasable","18":"product-type-simple"},"yoast_head":"<!-- This site is optimized with the Yoast SEO plugin v27.5 - https:\/\/yoast.com\/product\/yoast-seo-wordpress\/ -->\n<title>Arbuste artificiel EUCALYPTUS - 75cm de haut pour pots d&#039;int\u00e9rieur<\/title>\n<meta name=\"description\" content=\"Arbuste artificiel EUCALYPTUS de 75 cm de haut. Mod\u00e8le tr\u00e8s r\u00e9aliste. Plantez et d\u00e9corez avec d&#039;incroyables plantes artificielles\" \/>\n<meta name=\"robots\" content=\"index, follow, max-snippet:-1, max-image-preview:large, max-video-preview:-1\" \/>\n<link rel=\"canonical\" href=\"https:\/\/decoplanta.com\/fr\/fleurs-et-vegetation\/arbuste-de-eucalyptus\/\" \/>\n<meta property=\"og:locale\" content=\"fr_FR\" \/>\n<meta property=\"og:type\" content=\"article\" \/>\n<meta property=\"og:title\" content=\"Arbuste artificiel EUCALYPTUS - 75cm de haut pour pots d&#039;int\u00e9rieur\" \/>\n<meta property=\"og:description\" content=\"Arbuste artificiel EUCALYPTUS de 75 cm de haut. Mod\u00e8le tr\u00e8s r\u00e9aliste. Plantez et d\u00e9corez avec d&#039;incroyables plantes artificielles\" \/>\n<meta property=\"og:url\" content=\"https:\/\/decoplanta.com\/fr\/fleurs-et-vegetation\/arbuste-de-eucalyptus\/\" \/>\n<meta property=\"og:site_name\" content=\"PLANTES ET ARBRES ARTIFICIELS TR\u00c8S R\u00c9ALISTES\" \/>\n<meta property=\"article:modified_time\" content=\"2023-11-05T10:34:54+00:00\" \/>\n<meta property=\"og:image\" content=\"https:\/\/decoplanta.com\/wp-content\/uploads\/2021\/07\/417424-Eucalipto-75-cm.jpg\" \/>\n\t<meta property=\"og:image:width\" content=\"2400\" \/>\n\t<meta property=\"og:image:height\" content=\"2400\" \/>\n\t<meta property=\"og:image:type\" content=\"image\/jpeg\" \/>\n<meta name=\"twitter:card\" content=\"summary_large_image\" \/>\n<meta name=\"twitter:label1\" content=\"Dur\u00e9e de lecture estim\u00e9e\" \/>\n\t<meta name=\"twitter:data1\" content=\"2 minutes\" \/>\n<script type=\"application\/ld+json\" class=\"yoast-schema-graph\">{\"@context\":\"https:\\\/\\\/schema.org\",\"@graph\":[{\"@type\":\"WebPage\",\"@id\":\"https:\\\/\\\/decoplanta.com\\\/fr\\\/fleurs-et-vegetation\\\/arbuste-de-eucalyptus\\\/\",\"url\":\"https:\\\/\\\/decoplanta.com\\\/fr\\\/fleurs-et-vegetation\\\/arbuste-de-eucalyptus\\\/\",\"name\":\"Arbuste artificiel EUCALYPTUS - 75cm de haut pour pots d'int\u00e9rieur\",\"isPartOf\":{\"@id\":\"https:\\\/\\\/decoplanta.com\\\/fr\\\/#website\"},\"primaryImageOfPage\":{\"@id\":\"https:\\\/\\\/decoplanta.com\\\/fr\\\/fleurs-et-vegetation\\\/arbuste-de-eucalyptus\\\/#primaryimage\"},\"image\":{\"@id\":\"https:\\\/\\\/decoplanta.com\\\/fr\\\/fleurs-et-vegetation\\\/arbuste-de-eucalyptus\\\/#primaryimage\"},\"thumbnailUrl\":\"https:\\\/\\\/decoplanta.com\\\/wp-content\\\/uploads\\\/2021\\\/07\\\/417424-Eucalipto-75-cm.jpg\",\"datePublished\":\"2021-12-10T08:49:57+00:00\",\"dateModified\":\"2023-11-05T10:34:54+00:00\",\"description\":\"Arbuste artificiel EUCALYPTUS de 75 cm de haut. Mod\u00e8le tr\u00e8s r\u00e9aliste. Plantez et d\u00e9corez avec d'incroyables plantes artificielles\",\"breadcrumb\":{\"@id\":\"https:\\\/\\\/decoplanta.com\\\/fr\\\/fleurs-et-vegetation\\\/arbuste-de-eucalyptus\\\/#breadcrumb\"},\"inLanguage\":\"fr-FR\",\"potentialAction\":[{\"@type\":\"ReadAction\",\"target\":[\"https:\\\/\\\/decoplanta.com\\\/fr\\\/fleurs-et-vegetation\\\/arbuste-de-eucalyptus\\\/\"]}]},{\"@type\":\"ImageObject\",\"inLanguage\":\"fr-FR\",\"@id\":\"https:\\\/\\\/decoplanta.com\\\/fr\\\/fleurs-et-vegetation\\\/arbuste-de-eucalyptus\\\/#primaryimage\",\"url\":\"https:\\\/\\\/decoplanta.com\\\/wp-content\\\/uploads\\\/2021\\\/07\\\/417424-Eucalipto-75-cm.jpg\",\"contentUrl\":\"https:\\\/\\\/decoplanta.com\\\/wp-content\\\/uploads\\\/2021\\\/07\\\/417424-Eucalipto-75-cm.jpg\",\"width\":2400,\"height\":2400,\"caption\":\"Arbuste d'Eucalyptus 75 cm de haut\"},{\"@type\":\"BreadcrumbList\",\"@id\":\"https:\\\/\\\/decoplanta.com\\\/fr\\\/fleurs-et-vegetation\\\/arbuste-de-eucalyptus\\\/#breadcrumb\",\"itemListElement\":[{\"@type\":\"ListItem\",\"position\":1,\"name\":\"Portada\",\"item\":\"https:\\\/\\\/decoplanta.com\\\/fr\\\/\"},{\"@type\":\"ListItem\",\"position\":2,\"name\":\"Priv\u00e9\u00a0: Tienda\",\"item\":\"https:\\\/\\\/decoplanta.com\\\/?page_id=377\"},{\"@type\":\"ListItem\",\"position\":3,\"name\":\"Arbuste de EUCALYPTUS\"}]},{\"@type\":\"WebSite\",\"@id\":\"https:\\\/\\\/decoplanta.com\\\/fr\\\/#website\",\"url\":\"https:\\\/\\\/decoplanta.com\\\/fr\\\/\",\"name\":\"PLANTES ET ARBRES ARTIFICIELS TR\u00c8S R\u00c9ALISTES\",\"description\":\"Proveedor de Plantas artificiales para estudios de Arquitectura, Interiorismo, Paisajismo, Escenograf\u00eda, Tiendas de Decoraci\u00f3n Florister\u00edas y Mobiliario\",\"publisher\":{\"@id\":\"https:\\\/\\\/decoplanta.com\\\/fr\\\/#organization\"},\"potentialAction\":[{\"@type\":\"SearchAction\",\"target\":{\"@type\":\"EntryPoint\",\"urlTemplate\":\"https:\\\/\\\/decoplanta.com\\\/fr\\\/?s={search_term_string}\"},\"query-input\":{\"@type\":\"PropertyValueSpecification\",\"valueRequired\":true,\"valueName\":\"search_term_string\"}}],\"inLanguage\":\"fr-FR\"},{\"@type\":\"Organization\",\"@id\":\"https:\\\/\\\/decoplanta.com\\\/fr\\\/#organization\",\"name\":\"PLANTES ET ARBRES ARTIFICIELS TR\u00c8S R\u00c9ALISTES\",\"url\":\"https:\\\/\\\/decoplanta.com\\\/fr\\\/\",\"logo\":{\"@type\":\"ImageObject\",\"inLanguage\":\"fr-FR\",\"@id\":\"https:\\\/\\\/decoplanta.com\\\/fr\\\/#\\\/schema\\\/logo\\\/image\\\/\",\"url\":\"https:\\\/\\\/decoplanta.com\\\/wp-content\\\/uploads\\\/2021\\\/02\\\/decoplanta-logo2020.svg\",\"contentUrl\":\"https:\\\/\\\/decoplanta.com\\\/wp-content\\\/uploads\\\/2021\\\/02\\\/decoplanta-logo2020.svg\",\"width\":500,\"height\":500,\"caption\":\"PLANTES ET ARBRES ARTIFICIELS TR\u00c8S R\u00c9ALISTES\"},\"image\":{\"@id\":\"https:\\\/\\\/decoplanta.com\\\/fr\\\/#\\\/schema\\\/logo\\\/image\\\/\"}}]}<\/script>\n<!-- \/ Yoast SEO plugin. -->","yoast_head_json":{"title":"Arbuste artificiel EUCALYPTUS - 75cm de haut pour pots d'int\u00e9rieur","description":"Arbuste artificiel EUCALYPTUS de 75 cm de haut. Mod\u00e8le tr\u00e8s r\u00e9aliste. Plantez et d\u00e9corez avec d'incroyables plantes artificielles","robots":{"index":"index","follow":"follow","max-snippet":"max-snippet:-1","max-image-preview":"max-image-preview:large","max-video-preview":"max-video-preview:-1"},"canonical":"https:\/\/decoplanta.com\/fr\/fleurs-et-vegetation\/arbuste-de-eucalyptus\/","og_locale":"fr_FR","og_type":"article","og_title":"Arbuste artificiel EUCALYPTUS - 75cm de haut pour pots d'int\u00e9rieur","og_description":"Arbuste artificiel EUCALYPTUS de 75 cm de haut. Mod\u00e8le tr\u00e8s r\u00e9aliste. Plantez et d\u00e9corez avec d'incroyables plantes artificielles","og_url":"https:\/\/decoplanta.com\/fr\/fleurs-et-vegetation\/arbuste-de-eucalyptus\/","og_site_name":"PLANTES ET ARBRES ARTIFICIELS TR\u00c8S R\u00c9ALISTES","article_modified_time":"2023-11-05T10:34:54+00:00","og_image":[{"width":2400,"height":2400,"url":"https:\/\/decoplanta.com\/wp-content\/uploads\/2021\/07\/417424-Eucalipto-75-cm.jpg","type":"image\/jpeg"}],"twitter_card":"summary_large_image","twitter_misc":{"Dur\u00e9e de lecture estim\u00e9e":"2 minutes"},"schema":{"@context":"https:\/\/schema.org","@graph":[{"@type":"WebPage","@id":"https:\/\/decoplanta.com\/fr\/fleurs-et-vegetation\/arbuste-de-eucalyptus\/","url":"https:\/\/decoplanta.com\/fr\/fleurs-et-vegetation\/arbuste-de-eucalyptus\/","name":"Arbuste artificiel EUCALYPTUS - 75cm de haut pour pots d'int\u00e9rieur","isPartOf":{"@id":"https:\/\/decoplanta.com\/fr\/#website"},"primaryImageOfPage":{"@id":"https:\/\/decoplanta.com\/fr\/fleurs-et-vegetation\/arbuste-de-eucalyptus\/#primaryimage"},"image":{"@id":"https:\/\/decoplanta.com\/fr\/fleurs-et-vegetation\/arbuste-de-eucalyptus\/#primaryimage"},"thumbnailUrl":"https:\/\/decoplanta.com\/wp-content\/uploads\/2021\/07\/417424-Eucalipto-75-cm.jpg","datePublished":"2021-12-10T08:49:57+00:00","dateModified":"2023-11-05T10:34:54+00:00","description":"Arbuste artificiel EUCALYPTUS de 75 cm de haut. Mod\u00e8le tr\u00e8s r\u00e9aliste. Plantez et d\u00e9corez avec d'incroyables plantes artificielles","breadcrumb":{"@id":"https:\/\/decoplanta.com\/fr\/fleurs-et-vegetation\/arbuste-de-eucalyptus\/#breadcrumb"},"inLanguage":"fr-FR","potentialAction":[{"@type":"ReadAction","target":["https:\/\/decoplanta.com\/fr\/fleurs-et-vegetation\/arbuste-de-eucalyptus\/"]}]},{"@type":"ImageObject","inLanguage":"fr-FR","@id":"https:\/\/decoplanta.com\/fr\/fleurs-et-vegetation\/arbuste-de-eucalyptus\/#primaryimage","url":"https:\/\/decoplanta.com\/wp-content\/uploads\/2021\/07\/417424-Eucalipto-75-cm.jpg","contentUrl":"https:\/\/decoplanta.com\/wp-content\/uploads\/2021\/07\/417424-Eucalipto-75-cm.jpg","width":2400,"height":2400,"caption":"Arbuste d'Eucalyptus 75 cm de haut"},{"@type":"BreadcrumbList","@id":"https:\/\/decoplanta.com\/fr\/fleurs-et-vegetation\/arbuste-de-eucalyptus\/#breadcrumb","itemListElement":[{"@type":"ListItem","position":1,"name":"Portada","item":"https:\/\/decoplanta.com\/fr\/"},{"@type":"ListItem","position":2,"name":"Priv\u00e9\u00a0: Tienda","item":"https:\/\/decoplanta.com\/?page_id=377"},{"@type":"ListItem","position":3,"name":"Arbuste de EUCALYPTUS"}]},{"@type":"WebSite","@id":"https:\/\/decoplanta.com\/fr\/#website","url":"https:\/\/decoplanta.com\/fr\/","name":"PLANTES ET ARBRES ARTIFICIELS TR\u00c8S R\u00c9ALISTES","description":"Proveedor de Plantas artificiales para estudios de Arquitectura, Interiorismo, Paisajismo, Escenograf\u00eda, Tiendas de Decoraci\u00f3n Florister\u00edas y Mobiliario","publisher":{"@id":"https:\/\/decoplanta.com\/fr\/#organization"},"potentialAction":[{"@type":"SearchAction","target":{"@type":"EntryPoint","urlTemplate":"https:\/\/decoplanta.com\/fr\/?s={search_term_string}"},"query-input":{"@type":"PropertyValueSpecification","valueRequired":true,"valueName":"search_term_string"}}],"inLanguage":"fr-FR"},{"@type":"Organization","@id":"https:\/\/decoplanta.com\/fr\/#organization","name":"PLANTES ET ARBRES ARTIFICIELS TR\u00c8S R\u00c9ALISTES","url":"https:\/\/decoplanta.com\/fr\/","logo":{"@type":"ImageObject","inLanguage":"fr-FR","@id":"https:\/\/decoplanta.com\/fr\/#\/schema\/logo\/image\/","url":"https:\/\/decoplanta.com\/wp-content\/uploads\/2021\/02\/decoplanta-logo2020.svg","contentUrl":"https:\/\/decoplanta.com\/wp-content\/uploads\/2021\/02\/decoplanta-logo2020.svg","width":500,"height":500,"caption":"PLANTES ET ARBRES ARTIFICIELS TR\u00c8S R\u00c9ALISTES"},"image":{"@id":"https:\/\/decoplanta.com\/fr\/#\/schema\/logo\/image\/"}}]}},"_links":{"self":[{"href":"https:\/\/decoplanta.com\/fr\/wp-json\/wp\/v2\/product\/3137","targetHints":{"allow":["GET"]}}],"collection":[{"href":"https:\/\/decoplanta.com\/fr\/wp-json\/wp\/v2\/product"}],"about":[{"href":"https:\/\/decoplanta.com\/fr\/wp-json\/wp\/v2\/types\/product"}],"version-history":[{"count":0,"href":"https:\/\/decoplanta.com\/fr\/wp-json\/wp\/v2\/product\/3137\/revisions"}],"wp:featuredmedia":[{"embeddable":true,"href":"https:\/\/decoplanta.com\/fr\/wp-json\/wp\/v2\/media\/2743"}],"wp:attachment":[{"href":"https:\/\/decoplanta.com\/fr\/wp-json\/wp\/v2\/media?parent=3137"}],"wp:term":[{"taxonomy":"product_brand","embeddable":true,"href":"https:\/\/decoplanta.com\/fr\/wp-json\/wp\/v2\/product_brand?post=3137"},{"taxonomy":"product_cat","embeddable":true,"href":"https:\/\/decoplanta.com\/fr\/wp-json\/wp\/v2\/product_cat?post=3137"},{"taxonomy":"product_tag","embeddable":true,"href":"https:\/\/decoplanta.com\/fr\/wp-json\/wp\/v2\/product_tag?post=3137"}],"curies":[{"name":"wp","href":"https:\/\/api.w.org\/{rel}","templated":true}]}}