{"id":3146,"date":"2021-07-06T12:03:49","date_gmt":"2021-12-10T13:13:34","guid":{"rendered":"https:\/\/decoplanta.com\/non%20class\u00e9\/olivier\/"},"modified":"2023-11-05T11:37:57","modified_gmt":"2023-11-05T10:37:57","slug":"arbuste-de-olivier-100cm","status":"publish","type":"product","link":"https:\/\/decoplanta.com\/fr\/fleurs-et-vegetation\/arbuste-de-olivier-100cm\/","title":{"rendered":"Arbuste de OLIVIER"},"content":{"rendered":"<p>Arbuste de OLIVIER de 100 cm de haut \u00e0 planter en terre ou en mousse florale. Il ne n\u00e9cessite pas d&rsquo;entretien. Ils sont vendus en bo\u00eetes indivisibles de 6 unit\u00e9s. Prix unitaire dans notre catalogue.<\/p>\n<table dir=\"ltr\" border=\"1\" cellspacing=\"0\" cellpadding=\"0\">\n<colgroup>\n<col width=\"93\" \/>\n<col width=\"138\" \/>\n<col width=\"255\" \/>\n<col width=\"65\" \/>\n<col width=\"132\" \/><\/colgroup>\n<tbody>\n<tr>\n<td data-sheets-value=\"{\">\n<p class=\"p1\"><span class=\"s1\">426562<\/span><\/p>\n<\/td>\n<td data-sheets-value=\"{\">Arbuste d&rsquo;OLIVIER<\/td>\n<td data-sheets-value=\"{\" data-sheets-numberformat=\"{\">100 cm de hauteur totale<\/td>\n<td data-sheets-value=\"{\" data-sheets-numberformat=\"{\"><\/td>\n<td data-sheets-value=\"{\">12<\/td>\n<\/tr>\n<\/tbody>\n<\/table>\n<p>L&rsquo;olivier est l&rsquo;arbre fruitier de la famille des ol\u00e9ac\u00e9es dont est issue l&rsquo;huile, le jus d&rsquo;olive que nous utilisons pour r\u00e9aliser nos plats, habiller les salades et confectionner une multitude de produits. Gr\u00e2ce \u00e0 toutes ces utilisations, la demande d&rsquo;oliviers continue de cro\u00eetre \u00e0 un rythme exponentiel, l&rsquo; <a href=\"https:\/\/arbolesfrutales.org\/arboles-frutales-autoctonos-de-espana-conoces-los-mas-caracteristicos\/\">Espagne<\/a> et l&rsquo;Italie \u00e9tant les principaux producteurs.<\/p>\n<p>L&rsquo;olivier est originaire d&rsquo;Asie Mineure et est cultiv\u00e9 depuis l&rsquo;Antiquit\u00e9 dans tout le bassin m\u00e9diterran\u00e9en. La vari\u00e9t\u00e9 sauvage est appel\u00e9e le bord ou l&rsquo;olivier sauvage.<\/p>\n<h3>Structure en olivier<\/h3>\n<p>C&rsquo;est un arbre \u00e0 feuilles persistantes avec la capacit\u00e9 de vivre et de produire pendant des centaines d&rsquo;ann\u00e9es. Il est de taille moyenne : il mesure entre 2 et 10 m\u00e8tres de haut.<\/p>\n<p><img fetchpriority=\"high\" decoding=\"async\" class=\"lazy lazy-hidden alignright size-medium wp-image-810\" src=\"https:\/\/arbolesfrutales.org\/wp-content\/plugins\/a3-lazy-load\/assets\/images\/lazy_placeholder.gif\" sizes=\"(max-width: 300px) 100vw, 300px\" srcset=\"\" alt=\"feuille d'olive\" width=\"300\" height=\"246\" data-lazy-type=\"image\" data-src=\"https:\/\/arbolesfrutales.org\/wp-content\/uploads\/2014\/11\/hoja-del-olivo-300x246.jpg\" data-srcset=\"https:\/\/arbolesfrutales.org\/wp-content\/uploads\/2014\/11\/hoja-del-olivo-300x246.jpg 300w, https:\/\/arbolesfrutales.org\/wp-content\/uploads\/2014\/11\/hoja-del-olivo.jpg 642w\" \/><\/p>\n<p>Il suit une structure de corme v\u00e9g\u00e9tative, compos\u00e9e de : racine, tige (tronc) et feuilles. La racine, dans le cas des arbres n\u00e9s de graines, est axonomorphe et a un caract\u00e8re pivotant, c&rsquo;est-\u00e0-dire qu&rsquo;il y a une racine principale qui p\u00e9n\u00e8tre dans la terre sans se ramifier. Lorsque l&rsquo;arbre provient de l&rsquo;enracinement des boutures, un ensemble de racines secondaires se forme au contraire. Dans les deux cas, cependant, les petites racines poussent en continu, ce sont celles qui absorbent le plus facilement les nutriments. La profondeur \u00e0 laquelle atteint la racine d\u00e9pend de la structure, de la fertilit\u00e9 et de l&rsquo;humidit\u00e9 du sol.<\/p>\n<p>Bien qu&rsquo;il s&rsquo;agisse d&rsquo;un <a href=\"https:\/\/arbolesfrutales.org\/arboles-frutales-de-secano-la-solucion-a-la-escasez-de-agua\/\"><strong>arbre tr\u00e8s r\u00e9sistant<\/strong><\/a> , la r\u00e9duction de l&rsquo;eau ou des nutriments min\u00e9raux quelques semaines avant la saison de floraison peut entra\u00eener moins de floraison et, par cons\u00e9quent, moins d&rsquo;olives.<\/p>\n<h2>Comment est le arbuste de OLIVIER artificiel?<\/h2>\n<p>L&rsquo;olivier est un arbre facile \u00e0 cultiver qui ne tol\u00e8re pas les <strong>temp\u00e9ratures inf\u00e9rieures \u00e0 -10\u00b0C<\/strong> mais est tout \u00e0 fait adapt\u00e9 pour lutter contre les gel\u00e9es hivernales typiques du climat <a href=\"https:\/\/arbolesfrutales.org\/arboles-frutales-de-clima-mediterraneo\/\">m\u00e9diterran\u00e9en<\/a> et les s\u00e9cheresses estivales qui se prolongent dans le temps. La composante climatique qui endommage le plus cet arbre fruitier est le vent.<\/p>\n<p>&nbsp;<\/p>\n<p>&nbsp;<\/p>\n<p>&nbsp;<\/p>\n","protected":false},"excerpt":{"rendered":"<p>Arbuste de OLIVIER artificiel de 100 cm de haut \u00e0 planter dans le terre ou la mousse florale. Haut r\u00e9alisme dans ses feuilles et ses olives pr\u00e9cieuses. Il ne n\u00e9cessite pas d&rsquo;entretien.<\/p>\n<p>Prix unitaire dans notre catalogue.<\/p>\n<table>\n<tbody>\n<tr>\n<td><strong>R\u00c9F<\/strong><\/td>\n<td><strong>Hauteur<\/strong><\/td>\n<\/tr>\n<tr>\n<td><strong>422073<\/strong><\/td>\n<td>100cm<\/td>\n<\/tr>\n<\/tbody>\n<\/table>\n","protected":false},"featured_media":2741,"template":"","meta":{"_monsterinsights_skip_tracking":false,"_monsterinsights_sitenote_active":false,"_monsterinsights_sitenote_note":"","_monsterinsights_sitenote_category":0},"product_brand":[],"product_cat":[254],"product_tag":[257],"class_list":{"0":"post-3146","1":"product","2":"type-product","3":"status-publish","4":"has-post-thumbnail","6":"product_cat-fleurs-et-vegetation","7":"product_tag-arbre-fruitier-artificiel","8":"","9":"woocommerce-text-align-center","10":"woocommerce-image-align-center","11":"do-quantity-buttons","13":"first","14":"instock","15":"taxable","16":"shipping-taxable","17":"purchasable","18":"product-type-simple"},"yoast_head":"<!-- This site is optimized with the Yoast SEO plugin v27.5 - https:\/\/yoast.com\/product\/yoast-seo-wordpress\/ -->\n<title>Arbuste de Olivier artificiel de 100 cm de haut \u00e0 planter en pot<\/title>\n<meta name=\"description\" content=\"Arbuste de OLIVIER artificiel -100cm de haut. Mod\u00e8le tr\u00e8s r\u00e9aliste avec des olives. Plantez et d\u00e9corez vos pots avec des plantes artificielles\" \/>\n<meta name=\"robots\" content=\"index, follow, max-snippet:-1, max-image-preview:large, max-video-preview:-1\" \/>\n<link rel=\"canonical\" href=\"https:\/\/decoplanta.com\/fr\/fleurs-et-vegetation\/arbuste-de-olivier-100cm\/\" \/>\n<meta property=\"og:locale\" content=\"fr_FR\" \/>\n<meta property=\"og:type\" content=\"article\" \/>\n<meta property=\"og:title\" content=\"Arbuste de Olivier artificiel de 100 cm de haut \u00e0 planter en pot\" \/>\n<meta property=\"og:description\" content=\"Arbuste de OLIVIER artificiel -100cm de haut. Mod\u00e8le tr\u00e8s r\u00e9aliste avec des olives. Plantez et d\u00e9corez vos pots avec des plantes artificielles\" \/>\n<meta property=\"og:url\" content=\"https:\/\/decoplanta.com\/fr\/fleurs-et-vegetation\/arbuste-de-olivier-100cm\/\" \/>\n<meta property=\"og:site_name\" content=\"PLANTES ET ARBRES ARTIFICIELS TR\u00c8S R\u00c9ALISTES\" \/>\n<meta property=\"article:modified_time\" content=\"2023-11-05T10:37:57+00:00\" \/>\n<meta property=\"og:image\" content=\"https:\/\/decoplanta.com\/wp-content\/uploads\/2021\/07\/422073-Olivo-100cm.jpg\" \/>\n\t<meta property=\"og:image:width\" content=\"2300\" \/>\n\t<meta property=\"og:image:height\" content=\"2300\" \/>\n\t<meta property=\"og:image:type\" content=\"image\/jpeg\" \/>\n<meta name=\"twitter:card\" content=\"summary_large_image\" \/>\n<meta name=\"twitter:label1\" content=\"Dur\u00e9e de lecture estim\u00e9e\" \/>\n\t<meta name=\"twitter:data1\" content=\"2 minutes\" \/>\n<script type=\"application\/ld+json\" class=\"yoast-schema-graph\">{\"@context\":\"https:\\\/\\\/schema.org\",\"@graph\":[{\"@type\":\"WebPage\",\"@id\":\"https:\\\/\\\/decoplanta.com\\\/fr\\\/fleurs-et-vegetation\\\/arbuste-de-olivier-100cm\\\/\",\"url\":\"https:\\\/\\\/decoplanta.com\\\/fr\\\/fleurs-et-vegetation\\\/arbuste-de-olivier-100cm\\\/\",\"name\":\"Arbuste de Olivier artificiel de 100 cm de haut \u00e0 planter en pot\",\"isPartOf\":{\"@id\":\"https:\\\/\\\/decoplanta.com\\\/fr\\\/#website\"},\"primaryImageOfPage\":{\"@id\":\"https:\\\/\\\/decoplanta.com\\\/fr\\\/fleurs-et-vegetation\\\/arbuste-de-olivier-100cm\\\/#primaryimage\"},\"image\":{\"@id\":\"https:\\\/\\\/decoplanta.com\\\/fr\\\/fleurs-et-vegetation\\\/arbuste-de-olivier-100cm\\\/#primaryimage\"},\"thumbnailUrl\":\"https:\\\/\\\/decoplanta.com\\\/wp-content\\\/uploads\\\/2021\\\/07\\\/422073-Olivo-100cm.jpg\",\"datePublished\":\"2021-12-10T13:13:34+00:00\",\"dateModified\":\"2023-11-05T10:37:57+00:00\",\"description\":\"Arbuste de OLIVIER artificiel -100cm de haut. Mod\u00e8le tr\u00e8s r\u00e9aliste avec des olives. Plantez et d\u00e9corez vos pots avec des plantes artificielles\",\"breadcrumb\":{\"@id\":\"https:\\\/\\\/decoplanta.com\\\/fr\\\/fleurs-et-vegetation\\\/arbuste-de-olivier-100cm\\\/#breadcrumb\"},\"inLanguage\":\"fr-FR\",\"potentialAction\":[{\"@type\":\"ReadAction\",\"target\":[\"https:\\\/\\\/decoplanta.com\\\/fr\\\/fleurs-et-vegetation\\\/arbuste-de-olivier-100cm\\\/\"]}]},{\"@type\":\"ImageObject\",\"inLanguage\":\"fr-FR\",\"@id\":\"https:\\\/\\\/decoplanta.com\\\/fr\\\/fleurs-et-vegetation\\\/arbuste-de-olivier-100cm\\\/#primaryimage\",\"url\":\"https:\\\/\\\/decoplanta.com\\\/wp-content\\\/uploads\\\/2021\\\/07\\\/422073-Olivo-100cm.jpg\",\"contentUrl\":\"https:\\\/\\\/decoplanta.com\\\/wp-content\\\/uploads\\\/2021\\\/07\\\/422073-Olivo-100cm.jpg\",\"width\":2300,\"height\":2300,\"caption\":\"olivier de 100 cm de haut\"},{\"@type\":\"BreadcrumbList\",\"@id\":\"https:\\\/\\\/decoplanta.com\\\/fr\\\/fleurs-et-vegetation\\\/arbuste-de-olivier-100cm\\\/#breadcrumb\",\"itemListElement\":[{\"@type\":\"ListItem\",\"position\":1,\"name\":\"Portada\",\"item\":\"https:\\\/\\\/decoplanta.com\\\/fr\\\/\"},{\"@type\":\"ListItem\",\"position\":2,\"name\":\"Priv\u00e9\u00a0: Tienda\",\"item\":\"https:\\\/\\\/decoplanta.com\\\/?page_id=377\"},{\"@type\":\"ListItem\",\"position\":3,\"name\":\"Arbuste de OLIVIER\"}]},{\"@type\":\"WebSite\",\"@id\":\"https:\\\/\\\/decoplanta.com\\\/fr\\\/#website\",\"url\":\"https:\\\/\\\/decoplanta.com\\\/fr\\\/\",\"name\":\"PLANTES ET ARBRES ARTIFICIELS TR\u00c8S R\u00c9ALISTES\",\"description\":\"Proveedor de Plantas artificiales para estudios de Arquitectura, Interiorismo, Paisajismo, Escenograf\u00eda, Tiendas de Decoraci\u00f3n Florister\u00edas y Mobiliario\",\"publisher\":{\"@id\":\"https:\\\/\\\/decoplanta.com\\\/fr\\\/#organization\"},\"potentialAction\":[{\"@type\":\"SearchAction\",\"target\":{\"@type\":\"EntryPoint\",\"urlTemplate\":\"https:\\\/\\\/decoplanta.com\\\/fr\\\/?s={search_term_string}\"},\"query-input\":{\"@type\":\"PropertyValueSpecification\",\"valueRequired\":true,\"valueName\":\"search_term_string\"}}],\"inLanguage\":\"fr-FR\"},{\"@type\":\"Organization\",\"@id\":\"https:\\\/\\\/decoplanta.com\\\/fr\\\/#organization\",\"name\":\"PLANTES ET ARBRES ARTIFICIELS TR\u00c8S R\u00c9ALISTES\",\"url\":\"https:\\\/\\\/decoplanta.com\\\/fr\\\/\",\"logo\":{\"@type\":\"ImageObject\",\"inLanguage\":\"fr-FR\",\"@id\":\"https:\\\/\\\/decoplanta.com\\\/fr\\\/#\\\/schema\\\/logo\\\/image\\\/\",\"url\":\"https:\\\/\\\/decoplanta.com\\\/wp-content\\\/uploads\\\/2021\\\/02\\\/decoplanta-logo2020.svg\",\"contentUrl\":\"https:\\\/\\\/decoplanta.com\\\/wp-content\\\/uploads\\\/2021\\\/02\\\/decoplanta-logo2020.svg\",\"width\":500,\"height\":500,\"caption\":\"PLANTES ET ARBRES ARTIFICIELS TR\u00c8S R\u00c9ALISTES\"},\"image\":{\"@id\":\"https:\\\/\\\/decoplanta.com\\\/fr\\\/#\\\/schema\\\/logo\\\/image\\\/\"}}]}<\/script>\n<!-- \/ Yoast SEO plugin. -->","yoast_head_json":{"title":"Arbuste de Olivier artificiel de 100 cm de haut \u00e0 planter en pot","description":"Arbuste de OLIVIER artificiel -100cm de haut. Mod\u00e8le tr\u00e8s r\u00e9aliste avec des olives. Plantez et d\u00e9corez vos pots avec des plantes artificielles","robots":{"index":"index","follow":"follow","max-snippet":"max-snippet:-1","max-image-preview":"max-image-preview:large","max-video-preview":"max-video-preview:-1"},"canonical":"https:\/\/decoplanta.com\/fr\/fleurs-et-vegetation\/arbuste-de-olivier-100cm\/","og_locale":"fr_FR","og_type":"article","og_title":"Arbuste de Olivier artificiel de 100 cm de haut \u00e0 planter en pot","og_description":"Arbuste de OLIVIER artificiel -100cm de haut. Mod\u00e8le tr\u00e8s r\u00e9aliste avec des olives. Plantez et d\u00e9corez vos pots avec des plantes artificielles","og_url":"https:\/\/decoplanta.com\/fr\/fleurs-et-vegetation\/arbuste-de-olivier-100cm\/","og_site_name":"PLANTES ET ARBRES ARTIFICIELS TR\u00c8S R\u00c9ALISTES","article_modified_time":"2023-11-05T10:37:57+00:00","og_image":[{"width":2300,"height":2300,"url":"https:\/\/decoplanta.com\/wp-content\/uploads\/2021\/07\/422073-Olivo-100cm.jpg","type":"image\/jpeg"}],"twitter_card":"summary_large_image","twitter_misc":{"Dur\u00e9e de lecture estim\u00e9e":"2 minutes"},"schema":{"@context":"https:\/\/schema.org","@graph":[{"@type":"WebPage","@id":"https:\/\/decoplanta.com\/fr\/fleurs-et-vegetation\/arbuste-de-olivier-100cm\/","url":"https:\/\/decoplanta.com\/fr\/fleurs-et-vegetation\/arbuste-de-olivier-100cm\/","name":"Arbuste de Olivier artificiel de 100 cm de haut \u00e0 planter en pot","isPartOf":{"@id":"https:\/\/decoplanta.com\/fr\/#website"},"primaryImageOfPage":{"@id":"https:\/\/decoplanta.com\/fr\/fleurs-et-vegetation\/arbuste-de-olivier-100cm\/#primaryimage"},"image":{"@id":"https:\/\/decoplanta.com\/fr\/fleurs-et-vegetation\/arbuste-de-olivier-100cm\/#primaryimage"},"thumbnailUrl":"https:\/\/decoplanta.com\/wp-content\/uploads\/2021\/07\/422073-Olivo-100cm.jpg","datePublished":"2021-12-10T13:13:34+00:00","dateModified":"2023-11-05T10:37:57+00:00","description":"Arbuste de OLIVIER artificiel -100cm de haut. Mod\u00e8le tr\u00e8s r\u00e9aliste avec des olives. Plantez et d\u00e9corez vos pots avec des plantes artificielles","breadcrumb":{"@id":"https:\/\/decoplanta.com\/fr\/fleurs-et-vegetation\/arbuste-de-olivier-100cm\/#breadcrumb"},"inLanguage":"fr-FR","potentialAction":[{"@type":"ReadAction","target":["https:\/\/decoplanta.com\/fr\/fleurs-et-vegetation\/arbuste-de-olivier-100cm\/"]}]},{"@type":"ImageObject","inLanguage":"fr-FR","@id":"https:\/\/decoplanta.com\/fr\/fleurs-et-vegetation\/arbuste-de-olivier-100cm\/#primaryimage","url":"https:\/\/decoplanta.com\/wp-content\/uploads\/2021\/07\/422073-Olivo-100cm.jpg","contentUrl":"https:\/\/decoplanta.com\/wp-content\/uploads\/2021\/07\/422073-Olivo-100cm.jpg","width":2300,"height":2300,"caption":"olivier de 100 cm de haut"},{"@type":"BreadcrumbList","@id":"https:\/\/decoplanta.com\/fr\/fleurs-et-vegetation\/arbuste-de-olivier-100cm\/#breadcrumb","itemListElement":[{"@type":"ListItem","position":1,"name":"Portada","item":"https:\/\/decoplanta.com\/fr\/"},{"@type":"ListItem","position":2,"name":"Priv\u00e9\u00a0: Tienda","item":"https:\/\/decoplanta.com\/?page_id=377"},{"@type":"ListItem","position":3,"name":"Arbuste de OLIVIER"}]},{"@type":"WebSite","@id":"https:\/\/decoplanta.com\/fr\/#website","url":"https:\/\/decoplanta.com\/fr\/","name":"PLANTES ET ARBRES ARTIFICIELS TR\u00c8S R\u00c9ALISTES","description":"Proveedor de Plantas artificiales para estudios de Arquitectura, Interiorismo, Paisajismo, Escenograf\u00eda, Tiendas de Decoraci\u00f3n Florister\u00edas y Mobiliario","publisher":{"@id":"https:\/\/decoplanta.com\/fr\/#organization"},"potentialAction":[{"@type":"SearchAction","target":{"@type":"EntryPoint","urlTemplate":"https:\/\/decoplanta.com\/fr\/?s={search_term_string}"},"query-input":{"@type":"PropertyValueSpecification","valueRequired":true,"valueName":"search_term_string"}}],"inLanguage":"fr-FR"},{"@type":"Organization","@id":"https:\/\/decoplanta.com\/fr\/#organization","name":"PLANTES ET ARBRES ARTIFICIELS TR\u00c8S R\u00c9ALISTES","url":"https:\/\/decoplanta.com\/fr\/","logo":{"@type":"ImageObject","inLanguage":"fr-FR","@id":"https:\/\/decoplanta.com\/fr\/#\/schema\/logo\/image\/","url":"https:\/\/decoplanta.com\/wp-content\/uploads\/2021\/02\/decoplanta-logo2020.svg","contentUrl":"https:\/\/decoplanta.com\/wp-content\/uploads\/2021\/02\/decoplanta-logo2020.svg","width":500,"height":500,"caption":"PLANTES ET ARBRES ARTIFICIELS TR\u00c8S R\u00c9ALISTES"},"image":{"@id":"https:\/\/decoplanta.com\/fr\/#\/schema\/logo\/image\/"}}]}},"_links":{"self":[{"href":"https:\/\/decoplanta.com\/fr\/wp-json\/wp\/v2\/product\/3146","targetHints":{"allow":["GET"]}}],"collection":[{"href":"https:\/\/decoplanta.com\/fr\/wp-json\/wp\/v2\/product"}],"about":[{"href":"https:\/\/decoplanta.com\/fr\/wp-json\/wp\/v2\/types\/product"}],"version-history":[{"count":0,"href":"https:\/\/decoplanta.com\/fr\/wp-json\/wp\/v2\/product\/3146\/revisions"}],"wp:featuredmedia":[{"embeddable":true,"href":"https:\/\/decoplanta.com\/fr\/wp-json\/wp\/v2\/media\/2741"}],"wp:attachment":[{"href":"https:\/\/decoplanta.com\/fr\/wp-json\/wp\/v2\/media?parent=3146"}],"wp:term":[{"taxonomy":"product_brand","embeddable":true,"href":"https:\/\/decoplanta.com\/fr\/wp-json\/wp\/v2\/product_brand?post=3146"},{"taxonomy":"product_cat","embeddable":true,"href":"https:\/\/decoplanta.com\/fr\/wp-json\/wp\/v2\/product_cat?post=3146"},{"taxonomy":"product_tag","embeddable":true,"href":"https:\/\/decoplanta.com\/fr\/wp-json\/wp\/v2\/product_tag?post=3146"}],"curies":[{"name":"wp","href":"https:\/\/api.w.org\/{rel}","templated":true}]}}