{"id":3277,"date":"2021-05-01T13:02:53","date_gmt":"2021-12-13T07:12:39","guid":{"rendered":"https:\/\/decoplanta.com\/non%20class\u00e9\/palmier-style-3d\/"},"modified":"2021-12-13T08:13:58","modified_gmt":"2021-12-13T07:13:58","slug":"palmier-style-3d","status":"publish","type":"product","link":"https:\/\/decoplanta.com\/fr\/plantes-en-3d\/palmier-style-3d\/","title":{"rendered":"PALMIER STYLE (3D)"},"content":{"rendered":"<p>Arbre de Palmier STYLE, magnifique sp\u00e9cimen au <strong>tronc naturel \u00e9pais<\/strong> . Grandes feuilles spectaculaires et haut niveau de feuillage, peut-\u00eatre la meilleure version de cette plante possible dans une version artificielle du plus haut r\u00e9alisme. Disponible en trois hauteurs. Il est livr\u00e9 avec une pot de base incluse et ne n\u00e9cessite aucun entretien.<\/p>\n","protected":false},"excerpt":{"rendered":"<p>Arbre PALMERA STYLE, magnifique sp\u00e9cimen tr\u00e8s \u00e9l\u00e9gant avec son propre style et sa feuille lumineuse.<\/p>\n<p>Disponible en 180 cm de hauteur.<\/p>\n<table>\n<tbody>\n<tr>\n<td><strong>R\u00c9F<\/strong><\/td>\n<td><strong>HAUTEUR<\/strong><\/td>\n<\/tr>\n<tr>\n<td>424906<\/td>\n<td>180 cm<\/td>\n<\/tr>\n<\/tbody>\n<\/table>\n<table class=\"descarga\">\n<tbody>\n<tr>\n<td><strong><a href=\"https:\/\/decoplanta.com\/wp-content\/uploads\/2021\/05\/424906-ARBOL_PALMERA_STYLE-3D_MODEL.zip\">T\u00c9L\u00c9CHARGER LE MOD\u00c8LE 3DS \/ MAX<\/a><\/strong><\/td>\n<\/tr>\n<\/tbody>\n<\/table>\n","protected":false},"featured_media":2725,"template":"","meta":{"_monsterinsights_skip_tracking":false,"_monsterinsights_sitenote_active":false,"_monsterinsights_sitenote_note":"","_monsterinsights_sitenote_category":0},"product_brand":[],"product_cat":[255],"product_tag":[],"class_list":{"0":"post-3277","1":"product","2":"type-product","3":"status-publish","4":"has-post-thumbnail","6":"product_cat-plantes-en-3d","7":"","8":"woocommerce-text-align-center","9":"woocommerce-image-align-center","10":"do-quantity-buttons","12":"first","13":"instock","14":"downloadable","15":"taxable","16":"shipping-taxable","17":"purchasable","18":"product-type-simple"},"yoast_head":"<!-- This site is optimized with the Yoast SEO plugin v27.4 - https:\/\/yoast.com\/product\/yoast-seo-wordpress\/ -->\n<title>PALMIER STYLE artificiel 180 cm. Tr\u00e8s \u00e9l\u00e9gant avec des feuilles lumineuses<\/title>\n<meta name=\"description\" content=\"PALMIER STYLE artificiel 180 cm. magnifique sp\u00e9cimen \u00e9l\u00e9gant aux feuilles lumineuses. Il ne n\u00e9cessite pas d&#039;entretien. Id\u00e9al pour la d\u00e9coration int\u00e9rieure\" \/>\n<meta name=\"robots\" content=\"index, follow, max-snippet:-1, max-image-preview:large, max-video-preview:-1\" \/>\n<link rel=\"canonical\" href=\"https:\/\/decoplanta.com\/fr\/plantes-en-3d\/palmier-style-3d\/\" \/>\n<meta property=\"og:locale\" content=\"fr_FR\" \/>\n<meta property=\"og:type\" content=\"article\" \/>\n<meta property=\"og:title\" content=\"PALMIER STYLE artificiel 180 cm. Tr\u00e8s \u00e9l\u00e9gant avec des feuilles lumineuses\" \/>\n<meta property=\"og:description\" content=\"PALMIER STYLE artificiel 180 cm. magnifique sp\u00e9cimen \u00e9l\u00e9gant aux feuilles lumineuses. Il ne n\u00e9cessite pas d&#039;entretien. Id\u00e9al pour la d\u00e9coration int\u00e9rieure\" \/>\n<meta property=\"og:url\" content=\"https:\/\/decoplanta.com\/fr\/plantes-en-3d\/palmier-style-3d\/\" \/>\n<meta property=\"og:site_name\" content=\"PLANTES ET ARBRES ARTIFICIELS TR\u00c8S R\u00c9ALISTES\" \/>\n<meta property=\"article:modified_time\" content=\"2021-12-13T07:13:58+00:00\" \/>\n<meta property=\"og:image\" content=\"https:\/\/decoplanta.com\/wp-content\/uploads\/2021\/05\/3D_424906-ARBOL_PALMERA_STYLE-3D_RENDER.jpg\" \/>\n\t<meta property=\"og:image:width\" content=\"1900\" \/>\n\t<meta property=\"og:image:height\" content=\"1069\" \/>\n\t<meta property=\"og:image:type\" content=\"image\/jpeg\" \/>\n<meta name=\"twitter:card\" content=\"summary_large_image\" \/>\n<script type=\"application\/ld+json\" class=\"yoast-schema-graph\">{\"@context\":\"https:\\\/\\\/schema.org\",\"@graph\":[{\"@type\":\"WebPage\",\"@id\":\"https:\\\/\\\/decoplanta.com\\\/fr\\\/plantes-en-3d\\\/palmier-style-3d\\\/\",\"url\":\"https:\\\/\\\/decoplanta.com\\\/fr\\\/plantes-en-3d\\\/palmier-style-3d\\\/\",\"name\":\"PALMIER STYLE artificiel 180 cm. Tr\u00e8s \u00e9l\u00e9gant avec des feuilles lumineuses\",\"isPartOf\":{\"@id\":\"https:\\\/\\\/decoplanta.com\\\/fr\\\/#website\"},\"primaryImageOfPage\":{\"@id\":\"https:\\\/\\\/decoplanta.com\\\/fr\\\/plantes-en-3d\\\/palmier-style-3d\\\/#primaryimage\"},\"image\":{\"@id\":\"https:\\\/\\\/decoplanta.com\\\/fr\\\/plantes-en-3d\\\/palmier-style-3d\\\/#primaryimage\"},\"thumbnailUrl\":\"https:\\\/\\\/decoplanta.com\\\/wp-content\\\/uploads\\\/2021\\\/05\\\/3D_424906-ARBOL_PALMERA_STYLE-3D_RENDER.jpg\",\"datePublished\":\"2021-12-13T07:12:39+00:00\",\"dateModified\":\"2021-12-13T07:13:58+00:00\",\"description\":\"PALMIER STYLE artificiel 180 cm. magnifique sp\u00e9cimen \u00e9l\u00e9gant aux feuilles lumineuses. Il ne n\u00e9cessite pas d'entretien. Id\u00e9al pour la d\u00e9coration int\u00e9rieure\",\"breadcrumb\":{\"@id\":\"https:\\\/\\\/decoplanta.com\\\/fr\\\/plantes-en-3d\\\/palmier-style-3d\\\/#breadcrumb\"},\"inLanguage\":\"fr-FR\",\"potentialAction\":[{\"@type\":\"ReadAction\",\"target\":[\"https:\\\/\\\/decoplanta.com\\\/fr\\\/plantes-en-3d\\\/palmier-style-3d\\\/\"]}]},{\"@type\":\"ImageObject\",\"inLanguage\":\"fr-FR\",\"@id\":\"https:\\\/\\\/decoplanta.com\\\/fr\\\/plantes-en-3d\\\/palmier-style-3d\\\/#primaryimage\",\"url\":\"https:\\\/\\\/decoplanta.com\\\/wp-content\\\/uploads\\\/2021\\\/05\\\/3D_424906-ARBOL_PALMERA_STYLE-3D_RENDER.jpg\",\"contentUrl\":\"https:\\\/\\\/decoplanta.com\\\/wp-content\\\/uploads\\\/2021\\\/05\\\/3D_424906-ARBOL_PALMERA_STYLE-3D_RENDER.jpg\",\"width\":1900,\"height\":1069},{\"@type\":\"BreadcrumbList\",\"@id\":\"https:\\\/\\\/decoplanta.com\\\/fr\\\/plantes-en-3d\\\/palmier-style-3d\\\/#breadcrumb\",\"itemListElement\":[{\"@type\":\"ListItem\",\"position\":1,\"name\":\"Portada\",\"item\":\"https:\\\/\\\/decoplanta.com\\\/fr\\\/\"},{\"@type\":\"ListItem\",\"position\":2,\"name\":\"Priv\u00e9\u00a0: Tienda\",\"item\":\"https:\\\/\\\/decoplanta.com\\\/?page_id=377\"},{\"@type\":\"ListItem\",\"position\":3,\"name\":\"PALMIER STYLE (3D)\"}]},{\"@type\":\"WebSite\",\"@id\":\"https:\\\/\\\/decoplanta.com\\\/fr\\\/#website\",\"url\":\"https:\\\/\\\/decoplanta.com\\\/fr\\\/\",\"name\":\"PLANTES ET ARBRES ARTIFICIELS TR\u00c8S R\u00c9ALISTES\",\"description\":\"Proveedor de Plantas artificiales para estudios de Arquitectura, Interiorismo, Paisajismo, Escenograf\u00eda, Tiendas de Decoraci\u00f3n Florister\u00edas y Mobiliario\",\"publisher\":{\"@id\":\"https:\\\/\\\/decoplanta.com\\\/fr\\\/#organization\"},\"potentialAction\":[{\"@type\":\"SearchAction\",\"target\":{\"@type\":\"EntryPoint\",\"urlTemplate\":\"https:\\\/\\\/decoplanta.com\\\/fr\\\/?s={search_term_string}\"},\"query-input\":{\"@type\":\"PropertyValueSpecification\",\"valueRequired\":true,\"valueName\":\"search_term_string\"}}],\"inLanguage\":\"fr-FR\"},{\"@type\":\"Organization\",\"@id\":\"https:\\\/\\\/decoplanta.com\\\/fr\\\/#organization\",\"name\":\"PLANTES ET ARBRES ARTIFICIELS TR\u00c8S R\u00c9ALISTES\",\"url\":\"https:\\\/\\\/decoplanta.com\\\/fr\\\/\",\"logo\":{\"@type\":\"ImageObject\",\"inLanguage\":\"fr-FR\",\"@id\":\"https:\\\/\\\/decoplanta.com\\\/fr\\\/#\\\/schema\\\/logo\\\/image\\\/\",\"url\":\"https:\\\/\\\/decoplanta.com\\\/wp-content\\\/uploads\\\/2021\\\/02\\\/decoplanta-logo2020.svg\",\"contentUrl\":\"https:\\\/\\\/decoplanta.com\\\/wp-content\\\/uploads\\\/2021\\\/02\\\/decoplanta-logo2020.svg\",\"width\":500,\"height\":500,\"caption\":\"PLANTES ET ARBRES ARTIFICIELS TR\u00c8S R\u00c9ALISTES\"},\"image\":{\"@id\":\"https:\\\/\\\/decoplanta.com\\\/fr\\\/#\\\/schema\\\/logo\\\/image\\\/\"}}]}<\/script>\n<!-- \/ Yoast SEO plugin. -->","yoast_head_json":{"title":"PALMIER STYLE artificiel 180 cm. Tr\u00e8s \u00e9l\u00e9gant avec des feuilles lumineuses","description":"PALMIER STYLE artificiel 180 cm. magnifique sp\u00e9cimen \u00e9l\u00e9gant aux feuilles lumineuses. Il ne n\u00e9cessite pas d'entretien. Id\u00e9al pour la d\u00e9coration int\u00e9rieure","robots":{"index":"index","follow":"follow","max-snippet":"max-snippet:-1","max-image-preview":"max-image-preview:large","max-video-preview":"max-video-preview:-1"},"canonical":"https:\/\/decoplanta.com\/fr\/plantes-en-3d\/palmier-style-3d\/","og_locale":"fr_FR","og_type":"article","og_title":"PALMIER STYLE artificiel 180 cm. Tr\u00e8s \u00e9l\u00e9gant avec des feuilles lumineuses","og_description":"PALMIER STYLE artificiel 180 cm. magnifique sp\u00e9cimen \u00e9l\u00e9gant aux feuilles lumineuses. Il ne n\u00e9cessite pas d'entretien. Id\u00e9al pour la d\u00e9coration int\u00e9rieure","og_url":"https:\/\/decoplanta.com\/fr\/plantes-en-3d\/palmier-style-3d\/","og_site_name":"PLANTES ET ARBRES ARTIFICIELS TR\u00c8S R\u00c9ALISTES","article_modified_time":"2021-12-13T07:13:58+00:00","og_image":[{"width":1900,"height":1069,"url":"https:\/\/decoplanta.com\/wp-content\/uploads\/2021\/05\/3D_424906-ARBOL_PALMERA_STYLE-3D_RENDER.jpg","type":"image\/jpeg"}],"twitter_card":"summary_large_image","schema":{"@context":"https:\/\/schema.org","@graph":[{"@type":"WebPage","@id":"https:\/\/decoplanta.com\/fr\/plantes-en-3d\/palmier-style-3d\/","url":"https:\/\/decoplanta.com\/fr\/plantes-en-3d\/palmier-style-3d\/","name":"PALMIER STYLE artificiel 180 cm. Tr\u00e8s \u00e9l\u00e9gant avec des feuilles lumineuses","isPartOf":{"@id":"https:\/\/decoplanta.com\/fr\/#website"},"primaryImageOfPage":{"@id":"https:\/\/decoplanta.com\/fr\/plantes-en-3d\/palmier-style-3d\/#primaryimage"},"image":{"@id":"https:\/\/decoplanta.com\/fr\/plantes-en-3d\/palmier-style-3d\/#primaryimage"},"thumbnailUrl":"https:\/\/decoplanta.com\/wp-content\/uploads\/2021\/05\/3D_424906-ARBOL_PALMERA_STYLE-3D_RENDER.jpg","datePublished":"2021-12-13T07:12:39+00:00","dateModified":"2021-12-13T07:13:58+00:00","description":"PALMIER STYLE artificiel 180 cm. magnifique sp\u00e9cimen \u00e9l\u00e9gant aux feuilles lumineuses. Il ne n\u00e9cessite pas d'entretien. Id\u00e9al pour la d\u00e9coration int\u00e9rieure","breadcrumb":{"@id":"https:\/\/decoplanta.com\/fr\/plantes-en-3d\/palmier-style-3d\/#breadcrumb"},"inLanguage":"fr-FR","potentialAction":[{"@type":"ReadAction","target":["https:\/\/decoplanta.com\/fr\/plantes-en-3d\/palmier-style-3d\/"]}]},{"@type":"ImageObject","inLanguage":"fr-FR","@id":"https:\/\/decoplanta.com\/fr\/plantes-en-3d\/palmier-style-3d\/#primaryimage","url":"https:\/\/decoplanta.com\/wp-content\/uploads\/2021\/05\/3D_424906-ARBOL_PALMERA_STYLE-3D_RENDER.jpg","contentUrl":"https:\/\/decoplanta.com\/wp-content\/uploads\/2021\/05\/3D_424906-ARBOL_PALMERA_STYLE-3D_RENDER.jpg","width":1900,"height":1069},{"@type":"BreadcrumbList","@id":"https:\/\/decoplanta.com\/fr\/plantes-en-3d\/palmier-style-3d\/#breadcrumb","itemListElement":[{"@type":"ListItem","position":1,"name":"Portada","item":"https:\/\/decoplanta.com\/fr\/"},{"@type":"ListItem","position":2,"name":"Priv\u00e9\u00a0: Tienda","item":"https:\/\/decoplanta.com\/?page_id=377"},{"@type":"ListItem","position":3,"name":"PALMIER STYLE (3D)"}]},{"@type":"WebSite","@id":"https:\/\/decoplanta.com\/fr\/#website","url":"https:\/\/decoplanta.com\/fr\/","name":"PLANTES ET ARBRES ARTIFICIELS TR\u00c8S R\u00c9ALISTES","description":"Proveedor de Plantas artificiales para estudios de Arquitectura, Interiorismo, Paisajismo, Escenograf\u00eda, Tiendas de Decoraci\u00f3n Florister\u00edas y Mobiliario","publisher":{"@id":"https:\/\/decoplanta.com\/fr\/#organization"},"potentialAction":[{"@type":"SearchAction","target":{"@type":"EntryPoint","urlTemplate":"https:\/\/decoplanta.com\/fr\/?s={search_term_string}"},"query-input":{"@type":"PropertyValueSpecification","valueRequired":true,"valueName":"search_term_string"}}],"inLanguage":"fr-FR"},{"@type":"Organization","@id":"https:\/\/decoplanta.com\/fr\/#organization","name":"PLANTES ET ARBRES ARTIFICIELS TR\u00c8S R\u00c9ALISTES","url":"https:\/\/decoplanta.com\/fr\/","logo":{"@type":"ImageObject","inLanguage":"fr-FR","@id":"https:\/\/decoplanta.com\/fr\/#\/schema\/logo\/image\/","url":"https:\/\/decoplanta.com\/wp-content\/uploads\/2021\/02\/decoplanta-logo2020.svg","contentUrl":"https:\/\/decoplanta.com\/wp-content\/uploads\/2021\/02\/decoplanta-logo2020.svg","width":500,"height":500,"caption":"PLANTES ET ARBRES ARTIFICIELS TR\u00c8S R\u00c9ALISTES"},"image":{"@id":"https:\/\/decoplanta.com\/fr\/#\/schema\/logo\/image\/"}}]}},"_links":{"self":[{"href":"https:\/\/decoplanta.com\/fr\/wp-json\/wp\/v2\/product\/3277","targetHints":{"allow":["GET"]}}],"collection":[{"href":"https:\/\/decoplanta.com\/fr\/wp-json\/wp\/v2\/product"}],"about":[{"href":"https:\/\/decoplanta.com\/fr\/wp-json\/wp\/v2\/types\/product"}],"version-history":[{"count":0,"href":"https:\/\/decoplanta.com\/fr\/wp-json\/wp\/v2\/product\/3277\/revisions"}],"wp:featuredmedia":[{"embeddable":true,"href":"https:\/\/decoplanta.com\/fr\/wp-json\/wp\/v2\/media\/2725"}],"wp:attachment":[{"href":"https:\/\/decoplanta.com\/fr\/wp-json\/wp\/v2\/media?parent=3277"}],"wp:term":[{"taxonomy":"product_brand","embeddable":true,"href":"https:\/\/decoplanta.com\/fr\/wp-json\/wp\/v2\/product_brand?post=3277"},{"taxonomy":"product_cat","embeddable":true,"href":"https:\/\/decoplanta.com\/fr\/wp-json\/wp\/v2\/product_cat?post=3277"},{"taxonomy":"product_tag","embeddable":true,"href":"https:\/\/decoplanta.com\/fr\/wp-json\/wp\/v2\/product_tag?post=3277"}],"curies":[{"name":"wp","href":"https:\/\/api.w.org\/{rel}","templated":true}]}}