{"id":3303,"date":"2021-04-17T19:02:22","date_gmt":"2021-12-13T08:22:44","guid":{"rendered":"https:\/\/decoplanta.com\/non%20class\u00e9\/feuille-delephant-aubergine\/"},"modified":"2023-11-05T12:48:57","modified_gmt":"2023-11-05T11:48:57","slug":"feuille-elephant-aubergine","status":"publish","type":"product","link":"https:\/\/decoplanta.com\/fr\/fleurs-et-vegetation\/feuille-elephant-aubergine\/","title":{"rendered":"Feuille ELEPHANT AUBERGINE"},"content":{"rendered":"<p>Feuille ELEPHANT AUBERGINE de couleur aubergine. Hauteur totale : 105 cm. Parfait pour d\u00e9corer des pergolas ou plant\u00e9 dans des pots muraux ou en compl\u00e9ment pour concevoir votre propre mur v\u00e9g\u00e9tal. Utilisation en int\u00e9rieur.<\/p>\n<table dir=\"ltr\" border=\"1\" cellspacing=\"0\" cellpadding=\"0\">\n<colgroup>\n<col width=\"93\" \/>\n<col width=\"138\" \/>\n<col width=\"255\" \/>\n<col width=\"65\" \/><\/colgroup>\n<tbody>\n<tr>\n<td data-sheets-value=\"{\">425945<\/td>\n<td data-sheets-value=\"{\">Feuille d&rsquo;ELEPHANT AUBERGINE<\/td>\n<td data-sheets-value=\"{\">Feuille d&rsquo;ELEPHANT AUBERGINE. Hauteur totale : 105 cm<\/td>\n<td data-sheets-value=\"{\" data-sheets-numberformat=\"{\">26,39 \u20ac<\/td>\n<\/tr>\n<\/tbody>\n<\/table>\n","protected":false},"excerpt":{"rendered":"<p>Feuille ELEPHANT AUBERGINE artificielle. Hauteur totale : 105 cm. Parfait pour d\u00e9corer des pots de fleurs ou comme compl\u00e9ment pour concevoir votre propre mur v\u00e9g\u00e9tal. R\u00e9plique tr\u00e8s r\u00e9aliste. Utilisation en int\u00e9rieur.<\/p>\n<table>\n<tbody>\n<tr>\n<td><strong>R\u00c9F<\/strong><\/td>\n<td><strong>Hauteur<\/strong><\/td>\n<\/tr>\n<tr>\n<td><strong>425945<\/strong><\/td>\n<td>105 cm<\/td>\n<\/tr>\n<\/tbody>\n<\/table>\n","protected":false},"featured_media":2670,"template":"","meta":{"_monsterinsights_skip_tracking":false,"_monsterinsights_sitenote_active":false,"_monsterinsights_sitenote_note":"","_monsterinsights_sitenote_category":0},"product_brand":[],"product_cat":[254],"product_tag":[264],"class_list":{"0":"post-3303","1":"product","2":"type-product","3":"status-publish","4":"has-post-thumbnail","6":"product_cat-fleurs-et-vegetation","7":"product_tag-creez-votre-mur-vegetal","8":"","9":"woocommerce-text-align-center","10":"woocommerce-image-align-center","11":"do-quantity-buttons","13":"first","14":"instock","15":"taxable","16":"shipping-taxable","17":"purchasable","18":"product-type-simple"},"yoast_head":"<!-- This site is optimized with the Yoast SEO plugin v27.3 - https:\/\/yoast.com\/product\/yoast-seo-wordpress\/ -->\n<title>Feuille ELEPHANT AUBERGINE de 105cm. R\u00e9plique tr\u00e8s r\u00e9aliste<\/title>\n<meta name=\"description\" content=\"Feuille ELEPHANT AUBERGINE Hauteur 105cm. Parfait pour d\u00e9corer des pots ou comme compl\u00e9ment pour concevoir votre propre mur v\u00e9g\u00e9tal. R\u00e9plique tr\u00e8s r\u00e9aliste\" \/>\n<meta name=\"robots\" content=\"index, follow, max-snippet:-1, max-image-preview:large, max-video-preview:-1\" \/>\n<link rel=\"canonical\" href=\"https:\/\/decoplanta.com\/fr\/fleurs-et-vegetation\/feuille-elephant-aubergine\/\" \/>\n<meta property=\"og:locale\" content=\"fr_FR\" \/>\n<meta property=\"og:type\" content=\"article\" \/>\n<meta property=\"og:title\" content=\"Feuille ELEPHANT AUBERGINE de 105cm. R\u00e9plique tr\u00e8s r\u00e9aliste\" \/>\n<meta property=\"og:description\" content=\"Feuille ELEPHANT AUBERGINE Hauteur 105cm. Parfait pour d\u00e9corer des pots ou comme compl\u00e9ment pour concevoir votre propre mur v\u00e9g\u00e9tal. R\u00e9plique tr\u00e8s r\u00e9aliste\" \/>\n<meta property=\"og:url\" content=\"https:\/\/decoplanta.com\/fr\/fleurs-et-vegetation\/feuille-elephant-aubergine\/\" \/>\n<meta property=\"og:site_name\" content=\"PLANTES ET ARBRES ARTIFICIELS TR\u00c8S R\u00c9ALISTES\" \/>\n<meta property=\"article:modified_time\" content=\"2023-11-05T11:48:57+00:00\" \/>\n<meta property=\"og:image\" content=\"https:\/\/decoplanta.com\/wp-content\/uploads\/2021\/04\/425945-Decora_tu_jardin_vertical-HOJA_DE_ELEFANTE_BERENGENA.jpg\" \/>\n\t<meta property=\"og:image:width\" content=\"1200\" \/>\n\t<meta property=\"og:image:height\" content=\"1200\" \/>\n\t<meta property=\"og:image:type\" content=\"image\/jpeg\" \/>\n<meta name=\"twitter:card\" content=\"summary_large_image\" \/>\n<meta name=\"twitter:label1\" content=\"Dur\u00e9e de lecture estim\u00e9e\" \/>\n\t<meta name=\"twitter:data1\" content=\"1 minute\" \/>\n<script type=\"application\/ld+json\" class=\"yoast-schema-graph\">{\"@context\":\"https:\\\/\\\/schema.org\",\"@graph\":[{\"@type\":\"WebPage\",\"@id\":\"https:\\\/\\\/decoplanta.com\\\/fr\\\/fleurs-et-vegetation\\\/feuille-elephant-aubergine\\\/\",\"url\":\"https:\\\/\\\/decoplanta.com\\\/fr\\\/fleurs-et-vegetation\\\/feuille-elephant-aubergine\\\/\",\"name\":\"Feuille ELEPHANT AUBERGINE de 105cm. R\u00e9plique tr\u00e8s r\u00e9aliste\",\"isPartOf\":{\"@id\":\"https:\\\/\\\/decoplanta.com\\\/fr\\\/#website\"},\"primaryImageOfPage\":{\"@id\":\"https:\\\/\\\/decoplanta.com\\\/fr\\\/fleurs-et-vegetation\\\/feuille-elephant-aubergine\\\/#primaryimage\"},\"image\":{\"@id\":\"https:\\\/\\\/decoplanta.com\\\/fr\\\/fleurs-et-vegetation\\\/feuille-elephant-aubergine\\\/#primaryimage\"},\"thumbnailUrl\":\"https:\\\/\\\/decoplanta.com\\\/wp-content\\\/uploads\\\/2021\\\/04\\\/425945-Decora_tu_jardin_vertical-HOJA_DE_ELEFANTE_BERENGENA.jpg\",\"datePublished\":\"2021-12-13T08:22:44+00:00\",\"dateModified\":\"2023-11-05T11:48:57+00:00\",\"description\":\"Feuille ELEPHANT AUBERGINE Hauteur 105cm. Parfait pour d\u00e9corer des pots ou comme compl\u00e9ment pour concevoir votre propre mur v\u00e9g\u00e9tal. R\u00e9plique tr\u00e8s r\u00e9aliste\",\"breadcrumb\":{\"@id\":\"https:\\\/\\\/decoplanta.com\\\/fr\\\/fleurs-et-vegetation\\\/feuille-elephant-aubergine\\\/#breadcrumb\"},\"inLanguage\":\"fr-FR\",\"potentialAction\":[{\"@type\":\"ReadAction\",\"target\":[\"https:\\\/\\\/decoplanta.com\\\/fr\\\/fleurs-et-vegetation\\\/feuille-elephant-aubergine\\\/\"]}]},{\"@type\":\"ImageObject\",\"inLanguage\":\"fr-FR\",\"@id\":\"https:\\\/\\\/decoplanta.com\\\/fr\\\/fleurs-et-vegetation\\\/feuille-elephant-aubergine\\\/#primaryimage\",\"url\":\"https:\\\/\\\/decoplanta.com\\\/wp-content\\\/uploads\\\/2021\\\/04\\\/425945-Decora_tu_jardin_vertical-HOJA_DE_ELEFANTE_BERENGENA.jpg\",\"contentUrl\":\"https:\\\/\\\/decoplanta.com\\\/wp-content\\\/uploads\\\/2021\\\/04\\\/425945-Decora_tu_jardin_vertical-HOJA_DE_ELEFANTE_BERENGENA.jpg\",\"width\":1200,\"height\":1200,\"caption\":\"Feuille d'\u00e9l\u00e9phant d'aubergine artificielle pour am\u00e9nager son propre mur v\u00e9g\u00e9tal. Hauteur totale : 105 cm\"},{\"@type\":\"BreadcrumbList\",\"@id\":\"https:\\\/\\\/decoplanta.com\\\/fr\\\/fleurs-et-vegetation\\\/feuille-elephant-aubergine\\\/#breadcrumb\",\"itemListElement\":[{\"@type\":\"ListItem\",\"position\":1,\"name\":\"Portada\",\"item\":\"https:\\\/\\\/decoplanta.com\\\/fr\\\/\"},{\"@type\":\"ListItem\",\"position\":2,\"name\":\"Priv\u00e9\u00a0: Tienda\",\"item\":\"https:\\\/\\\/decoplanta.com\\\/?page_id=377\"},{\"@type\":\"ListItem\",\"position\":3,\"name\":\"Feuille ELEPHANT AUBERGINE\"}]},{\"@type\":\"WebSite\",\"@id\":\"https:\\\/\\\/decoplanta.com\\\/fr\\\/#website\",\"url\":\"https:\\\/\\\/decoplanta.com\\\/fr\\\/\",\"name\":\"PLANTES ET ARBRES ARTIFICIELS TR\u00c8S R\u00c9ALISTES\",\"description\":\"Proveedor de Plantas artificiales para estudios de Arquitectura, Interiorismo, Paisajismo, Escenograf\u00eda, Tiendas de Decoraci\u00f3n Florister\u00edas y Mobiliario\",\"publisher\":{\"@id\":\"https:\\\/\\\/decoplanta.com\\\/fr\\\/#organization\"},\"potentialAction\":[{\"@type\":\"SearchAction\",\"target\":{\"@type\":\"EntryPoint\",\"urlTemplate\":\"https:\\\/\\\/decoplanta.com\\\/fr\\\/?s={search_term_string}\"},\"query-input\":{\"@type\":\"PropertyValueSpecification\",\"valueRequired\":true,\"valueName\":\"search_term_string\"}}],\"inLanguage\":\"fr-FR\"},{\"@type\":\"Organization\",\"@id\":\"https:\\\/\\\/decoplanta.com\\\/fr\\\/#organization\",\"name\":\"PLANTES ET ARBRES ARTIFICIELS TR\u00c8S R\u00c9ALISTES\",\"url\":\"https:\\\/\\\/decoplanta.com\\\/fr\\\/\",\"logo\":{\"@type\":\"ImageObject\",\"inLanguage\":\"fr-FR\",\"@id\":\"https:\\\/\\\/decoplanta.com\\\/fr\\\/#\\\/schema\\\/logo\\\/image\\\/\",\"url\":\"https:\\\/\\\/decoplanta.com\\\/wp-content\\\/uploads\\\/2021\\\/02\\\/decoplanta-logo2020.svg\",\"contentUrl\":\"https:\\\/\\\/decoplanta.com\\\/wp-content\\\/uploads\\\/2021\\\/02\\\/decoplanta-logo2020.svg\",\"width\":500,\"height\":500,\"caption\":\"PLANTES ET ARBRES ARTIFICIELS TR\u00c8S R\u00c9ALISTES\"},\"image\":{\"@id\":\"https:\\\/\\\/decoplanta.com\\\/fr\\\/#\\\/schema\\\/logo\\\/image\\\/\"}}]}<\/script>\n<!-- \/ Yoast SEO plugin. -->","yoast_head_json":{"title":"Feuille ELEPHANT AUBERGINE de 105cm. R\u00e9plique tr\u00e8s r\u00e9aliste","description":"Feuille ELEPHANT AUBERGINE Hauteur 105cm. Parfait pour d\u00e9corer des pots ou comme compl\u00e9ment pour concevoir votre propre mur v\u00e9g\u00e9tal. R\u00e9plique tr\u00e8s r\u00e9aliste","robots":{"index":"index","follow":"follow","max-snippet":"max-snippet:-1","max-image-preview":"max-image-preview:large","max-video-preview":"max-video-preview:-1"},"canonical":"https:\/\/decoplanta.com\/fr\/fleurs-et-vegetation\/feuille-elephant-aubergine\/","og_locale":"fr_FR","og_type":"article","og_title":"Feuille ELEPHANT AUBERGINE de 105cm. R\u00e9plique tr\u00e8s r\u00e9aliste","og_description":"Feuille ELEPHANT AUBERGINE Hauteur 105cm. Parfait pour d\u00e9corer des pots ou comme compl\u00e9ment pour concevoir votre propre mur v\u00e9g\u00e9tal. R\u00e9plique tr\u00e8s r\u00e9aliste","og_url":"https:\/\/decoplanta.com\/fr\/fleurs-et-vegetation\/feuille-elephant-aubergine\/","og_site_name":"PLANTES ET ARBRES ARTIFICIELS TR\u00c8S R\u00c9ALISTES","article_modified_time":"2023-11-05T11:48:57+00:00","og_image":[{"width":1200,"height":1200,"url":"https:\/\/decoplanta.com\/wp-content\/uploads\/2021\/04\/425945-Decora_tu_jardin_vertical-HOJA_DE_ELEFANTE_BERENGENA.jpg","type":"image\/jpeg"}],"twitter_card":"summary_large_image","twitter_misc":{"Dur\u00e9e de lecture estim\u00e9e":"1 minute"},"schema":{"@context":"https:\/\/schema.org","@graph":[{"@type":"WebPage","@id":"https:\/\/decoplanta.com\/fr\/fleurs-et-vegetation\/feuille-elephant-aubergine\/","url":"https:\/\/decoplanta.com\/fr\/fleurs-et-vegetation\/feuille-elephant-aubergine\/","name":"Feuille ELEPHANT AUBERGINE de 105cm. R\u00e9plique tr\u00e8s r\u00e9aliste","isPartOf":{"@id":"https:\/\/decoplanta.com\/fr\/#website"},"primaryImageOfPage":{"@id":"https:\/\/decoplanta.com\/fr\/fleurs-et-vegetation\/feuille-elephant-aubergine\/#primaryimage"},"image":{"@id":"https:\/\/decoplanta.com\/fr\/fleurs-et-vegetation\/feuille-elephant-aubergine\/#primaryimage"},"thumbnailUrl":"https:\/\/decoplanta.com\/wp-content\/uploads\/2021\/04\/425945-Decora_tu_jardin_vertical-HOJA_DE_ELEFANTE_BERENGENA.jpg","datePublished":"2021-12-13T08:22:44+00:00","dateModified":"2023-11-05T11:48:57+00:00","description":"Feuille ELEPHANT AUBERGINE Hauteur 105cm. Parfait pour d\u00e9corer des pots ou comme compl\u00e9ment pour concevoir votre propre mur v\u00e9g\u00e9tal. R\u00e9plique tr\u00e8s r\u00e9aliste","breadcrumb":{"@id":"https:\/\/decoplanta.com\/fr\/fleurs-et-vegetation\/feuille-elephant-aubergine\/#breadcrumb"},"inLanguage":"fr-FR","potentialAction":[{"@type":"ReadAction","target":["https:\/\/decoplanta.com\/fr\/fleurs-et-vegetation\/feuille-elephant-aubergine\/"]}]},{"@type":"ImageObject","inLanguage":"fr-FR","@id":"https:\/\/decoplanta.com\/fr\/fleurs-et-vegetation\/feuille-elephant-aubergine\/#primaryimage","url":"https:\/\/decoplanta.com\/wp-content\/uploads\/2021\/04\/425945-Decora_tu_jardin_vertical-HOJA_DE_ELEFANTE_BERENGENA.jpg","contentUrl":"https:\/\/decoplanta.com\/wp-content\/uploads\/2021\/04\/425945-Decora_tu_jardin_vertical-HOJA_DE_ELEFANTE_BERENGENA.jpg","width":1200,"height":1200,"caption":"Feuille d'\u00e9l\u00e9phant d'aubergine artificielle pour am\u00e9nager son propre mur v\u00e9g\u00e9tal. Hauteur totale : 105 cm"},{"@type":"BreadcrumbList","@id":"https:\/\/decoplanta.com\/fr\/fleurs-et-vegetation\/feuille-elephant-aubergine\/#breadcrumb","itemListElement":[{"@type":"ListItem","position":1,"name":"Portada","item":"https:\/\/decoplanta.com\/fr\/"},{"@type":"ListItem","position":2,"name":"Priv\u00e9\u00a0: Tienda","item":"https:\/\/decoplanta.com\/?page_id=377"},{"@type":"ListItem","position":3,"name":"Feuille ELEPHANT AUBERGINE"}]},{"@type":"WebSite","@id":"https:\/\/decoplanta.com\/fr\/#website","url":"https:\/\/decoplanta.com\/fr\/","name":"PLANTES ET ARBRES ARTIFICIELS TR\u00c8S R\u00c9ALISTES","description":"Proveedor de Plantas artificiales para estudios de Arquitectura, Interiorismo, Paisajismo, Escenograf\u00eda, Tiendas de Decoraci\u00f3n Florister\u00edas y Mobiliario","publisher":{"@id":"https:\/\/decoplanta.com\/fr\/#organization"},"potentialAction":[{"@type":"SearchAction","target":{"@type":"EntryPoint","urlTemplate":"https:\/\/decoplanta.com\/fr\/?s={search_term_string}"},"query-input":{"@type":"PropertyValueSpecification","valueRequired":true,"valueName":"search_term_string"}}],"inLanguage":"fr-FR"},{"@type":"Organization","@id":"https:\/\/decoplanta.com\/fr\/#organization","name":"PLANTES ET ARBRES ARTIFICIELS TR\u00c8S R\u00c9ALISTES","url":"https:\/\/decoplanta.com\/fr\/","logo":{"@type":"ImageObject","inLanguage":"fr-FR","@id":"https:\/\/decoplanta.com\/fr\/#\/schema\/logo\/image\/","url":"https:\/\/decoplanta.com\/wp-content\/uploads\/2021\/02\/decoplanta-logo2020.svg","contentUrl":"https:\/\/decoplanta.com\/wp-content\/uploads\/2021\/02\/decoplanta-logo2020.svg","width":500,"height":500,"caption":"PLANTES ET ARBRES ARTIFICIELS TR\u00c8S R\u00c9ALISTES"},"image":{"@id":"https:\/\/decoplanta.com\/fr\/#\/schema\/logo\/image\/"}}]}},"_links":{"self":[{"href":"https:\/\/decoplanta.com\/fr\/wp-json\/wp\/v2\/product\/3303","targetHints":{"allow":["GET"]}}],"collection":[{"href":"https:\/\/decoplanta.com\/fr\/wp-json\/wp\/v2\/product"}],"about":[{"href":"https:\/\/decoplanta.com\/fr\/wp-json\/wp\/v2\/types\/product"}],"version-history":[{"count":0,"href":"https:\/\/decoplanta.com\/fr\/wp-json\/wp\/v2\/product\/3303\/revisions"}],"wp:featuredmedia":[{"embeddable":true,"href":"https:\/\/decoplanta.com\/fr\/wp-json\/wp\/v2\/media\/2670"}],"wp:attachment":[{"href":"https:\/\/decoplanta.com\/fr\/wp-json\/wp\/v2\/media?parent=3303"}],"wp:term":[{"taxonomy":"product_brand","embeddable":true,"href":"https:\/\/decoplanta.com\/fr\/wp-json\/wp\/v2\/product_brand?post=3303"},{"taxonomy":"product_cat","embeddable":true,"href":"https:\/\/decoplanta.com\/fr\/wp-json\/wp\/v2\/product_cat?post=3303"},{"taxonomy":"product_tag","embeddable":true,"href":"https:\/\/decoplanta.com\/fr\/wp-json\/wp\/v2\/product_tag?post=3303"}],"curies":[{"name":"wp","href":"https:\/\/api.w.org\/{rel}","templated":true}]}}