{"id":3309,"date":"2021-04-17T18:36:58","date_gmt":"2021-12-13T08:43:06","guid":{"rendered":"https:\/\/decoplanta.com\/non%20class\u00e9\/plante-suspendue-dherbe-uv\/"},"modified":"2021-12-13T10:01:46","modified_gmt":"2021-12-13T09:01:46","slug":"plante-suspendue-dherbe-uv","status":"publish","type":"product","link":"https:\/\/decoplanta.com\/fr\/plantes-pour-lexterieur-artificielles\/plante-suspendue-dherbe-uv\/","title":{"rendered":"Plante suspendue d&rsquo;HERBE UV"},"content":{"rendered":"<p>Plante suspendue d&rsquo;HERBE artificielle de couleur verte humide. Hauteur totale : 80 cm. Parfait pour d\u00e9corer des pergolas ou plant\u00e9 dans des pots muraux ou en compl\u00e9ment pour concevoir votre propre mur v\u00e9g\u00e9tal. Utilisation int\u00e9rieure et ext\u00e9rieure. Il a une protection UV et est \u00e9tanche.<\/p>\n<table dir=\"ltr\" border=\"1\" cellspacing=\"0\" cellpadding=\"0\">\n<colgroup>\n<col width=\"93\">\n<col width=\"138\">\n<col width=\"255\">\n<col width=\"65\"><\/colgroup>\n<tbody>\n<tr>\n<td data-sheets-value=\"{\"1\":3,\"3\":425659}\">425659<\/td>\n<td data-sheets-value=\"{\"1\":2,\"2\":\"HIERBA COLGANTE \"}\">Plante suspendue d&rsquo;HERBE<\/td>\n<td data-sheets-value=\"{\"1\":2,\"2\":\"COLGANTE HIERBA, color verde h\u00famedo. Altura total: 80 cm\"}\">Plante suspendue d&rsquo;HERBE, couleur vert humide. Hauteur totale : 80 cm<\/td>\n<td data-sheets-value=\"{\"1\":3,\"3\":13.84}\" data-sheets-numberformat=\"{\"1\":4,\"2\":\"#,##0.00[$ \u20ac]\"}\">13,84 \u20ac<\/td>\n<\/tr>\n<\/tbody>\n<\/table>\n","protected":false},"excerpt":{"rendered":"<p>Plante suspendue d&rsquo;HERBE de couleur verte humide. Hauteur totale : 80 cm. Parfait pour d\u00e9corer des pergolas ou plant\u00e9 dans des pots muraux ou en compl\u00e9ment pour concevoir votre propre mur v\u00e9g\u00e9tal. Utilisation int\u00e9rieure et ext\u00e9rieure. Il a une protection UV et est \u00e9tanche.<\/p>\n<table>\n<tbody>\n<tr>\n<td><strong>R\u00c9F<\/strong><\/td>\n<td><strong>LONGUEUR<\/strong><\/td>\n<\/tr>\n<tr>\n<td><strong>425659<\/strong><\/td>\n<td>80 cm<\/td>\n<\/tr>\n<\/tbody>\n<\/table>\n","protected":false},"featured_media":2667,"template":"","meta":{"_monsterinsights_skip_tracking":false,"_monsterinsights_sitenote_active":false,"_monsterinsights_sitenote_note":"","_monsterinsights_sitenote_category":0},"product_brand":[],"product_cat":[250,249],"product_tag":[264,271,267],"class_list":{"0":"post-3309","1":"product","2":"type-product","3":"status-publish","4":"has-post-thumbnail","6":"product_cat-plantes-pour-lexterieur-artificielles","7":"product_cat-plantes-suspendues-artificielles","8":"product_tag-creez-votre-mur-vegetal","9":"product_tag-gazon-artificiel","10":"product_tag-guirlande-de-feuilles-artificielles","11":"","12":"woocommerce-text-align-center","13":"woocommerce-image-align-center","14":"do-quantity-buttons","16":"first","17":"instock","18":"taxable","19":"shipping-taxable","20":"purchasable","21":"product-type-simple"},"yoast_head":"<!-- This site is optimized with the Yoast SEO plugin v27.4 - https:\/\/yoast.com\/product\/yoast-seo-wordpress\/ -->\n<title>Plante Suspendue Herbe Artificielle Protection UV. Concevez votre mur v\u00e9g\u00e9tal<\/title>\n<meta name=\"description\" content=\"Plante suspendue d&#039;HERBE Protection UV 80 cm. Pour pergolas, en pot ou pour am\u00e9nager son propre mur v\u00e9g\u00e9tal\" \/>\n<meta name=\"robots\" content=\"index, follow, max-snippet:-1, max-image-preview:large, max-video-preview:-1\" \/>\n<link rel=\"canonical\" href=\"https:\/\/decoplanta.com\/fr\/plantes-pour-lexterieur-artificielles\/plante-suspendue-dherbe-uv\/\" \/>\n<meta property=\"og:locale\" content=\"fr_FR\" \/>\n<meta property=\"og:type\" content=\"article\" \/>\n<meta property=\"og:title\" content=\"Plante Suspendue Herbe Artificielle Protection UV. Concevez votre mur v\u00e9g\u00e9tal\" \/>\n<meta property=\"og:description\" content=\"Plante suspendue d&#039;HERBE Protection UV 80 cm. Pour pergolas, en pot ou pour am\u00e9nager son propre mur v\u00e9g\u00e9tal\" \/>\n<meta property=\"og:url\" content=\"https:\/\/decoplanta.com\/fr\/plantes-pour-lexterieur-artificielles\/plante-suspendue-dherbe-uv\/\" \/>\n<meta property=\"og:site_name\" content=\"PLANTES ET ARBRES ARTIFICIELS TR\u00c8S R\u00c9ALISTES\" \/>\n<meta property=\"article:modified_time\" content=\"2021-12-13T09:01:46+00:00\" \/>\n<meta property=\"og:image\" content=\"https:\/\/decoplanta.com\/wp-content\/uploads\/2021\/04\/425659-Decora_tu_jardin_vertical-HIERBA_COLGANTE_UV.jpg\" \/>\n\t<meta property=\"og:image:width\" content=\"1200\" \/>\n\t<meta property=\"og:image:height\" content=\"1200\" \/>\n\t<meta property=\"og:image:type\" content=\"image\/jpeg\" \/>\n<meta name=\"twitter:card\" content=\"summary_large_image\" \/>\n<script type=\"application\/ld+json\" class=\"yoast-schema-graph\">{\"@context\":\"https:\\\/\\\/schema.org\",\"@graph\":[{\"@type\":\"WebPage\",\"@id\":\"https:\\\/\\\/decoplanta.com\\\/fr\\\/plantes-pour-lexterieur-artificielles\\\/plante-suspendue-dherbe-uv\\\/\",\"url\":\"https:\\\/\\\/decoplanta.com\\\/fr\\\/plantes-pour-lexterieur-artificielles\\\/plante-suspendue-dherbe-uv\\\/\",\"name\":\"Plante Suspendue Herbe Artificielle Protection UV. Concevez votre mur v\u00e9g\u00e9tal\",\"isPartOf\":{\"@id\":\"https:\\\/\\\/decoplanta.com\\\/fr\\\/#website\"},\"primaryImageOfPage\":{\"@id\":\"https:\\\/\\\/decoplanta.com\\\/fr\\\/plantes-pour-lexterieur-artificielles\\\/plante-suspendue-dherbe-uv\\\/#primaryimage\"},\"image\":{\"@id\":\"https:\\\/\\\/decoplanta.com\\\/fr\\\/plantes-pour-lexterieur-artificielles\\\/plante-suspendue-dherbe-uv\\\/#primaryimage\"},\"thumbnailUrl\":\"https:\\\/\\\/decoplanta.com\\\/wp-content\\\/uploads\\\/2021\\\/04\\\/425659-Decora_tu_jardin_vertical-HIERBA_COLGANTE_UV.jpg\",\"datePublished\":\"2021-12-13T08:43:06+00:00\",\"dateModified\":\"2021-12-13T09:01:46+00:00\",\"description\":\"Plante suspendue d'HERBE Protection UV 80 cm. Pour pergolas, en pot ou pour am\u00e9nager son propre mur v\u00e9g\u00e9tal\",\"breadcrumb\":{\"@id\":\"https:\\\/\\\/decoplanta.com\\\/fr\\\/plantes-pour-lexterieur-artificielles\\\/plante-suspendue-dherbe-uv\\\/#breadcrumb\"},\"inLanguage\":\"fr-FR\",\"potentialAction\":[{\"@type\":\"ReadAction\",\"target\":[\"https:\\\/\\\/decoplanta.com\\\/fr\\\/plantes-pour-lexterieur-artificielles\\\/plante-suspendue-dherbe-uv\\\/\"]}]},{\"@type\":\"ImageObject\",\"inLanguage\":\"fr-FR\",\"@id\":\"https:\\\/\\\/decoplanta.com\\\/fr\\\/plantes-pour-lexterieur-artificielles\\\/plante-suspendue-dherbe-uv\\\/#primaryimage\",\"url\":\"https:\\\/\\\/decoplanta.com\\\/wp-content\\\/uploads\\\/2021\\\/04\\\/425659-Decora_tu_jardin_vertical-HIERBA_COLGANTE_UV.jpg\",\"contentUrl\":\"https:\\\/\\\/decoplanta.com\\\/wp-content\\\/uploads\\\/2021\\\/04\\\/425659-Decora_tu_jardin_vertical-HIERBA_COLGANTE_UV.jpg\",\"width\":1200,\"height\":1200,\"caption\":\"Plante suspendue d'HERBE artificielle de couleur verte humide. Hauteur 80 cm. Pour concevoir votre propre mur v\u00e9g\u00e9tal. Utilisation int\u00e9rieure et ext\u00e9rieure. Il a une protection UV et est \u00e9tanche.\"},{\"@type\":\"BreadcrumbList\",\"@id\":\"https:\\\/\\\/decoplanta.com\\\/fr\\\/plantes-pour-lexterieur-artificielles\\\/plante-suspendue-dherbe-uv\\\/#breadcrumb\",\"itemListElement\":[{\"@type\":\"ListItem\",\"position\":1,\"name\":\"Portada\",\"item\":\"https:\\\/\\\/decoplanta.com\\\/fr\\\/\"},{\"@type\":\"ListItem\",\"position\":2,\"name\":\"Priv\u00e9\u00a0: Tienda\",\"item\":\"https:\\\/\\\/decoplanta.com\\\/?page_id=377\"},{\"@type\":\"ListItem\",\"position\":3,\"name\":\"Plante suspendue d&#8217;HERBE UV\"}]},{\"@type\":\"WebSite\",\"@id\":\"https:\\\/\\\/decoplanta.com\\\/fr\\\/#website\",\"url\":\"https:\\\/\\\/decoplanta.com\\\/fr\\\/\",\"name\":\"PLANTES ET ARBRES ARTIFICIELS TR\u00c8S R\u00c9ALISTES\",\"description\":\"Proveedor de Plantas artificiales para estudios de Arquitectura, Interiorismo, Paisajismo, Escenograf\u00eda, Tiendas de Decoraci\u00f3n Florister\u00edas y Mobiliario\",\"publisher\":{\"@id\":\"https:\\\/\\\/decoplanta.com\\\/fr\\\/#organization\"},\"potentialAction\":[{\"@type\":\"SearchAction\",\"target\":{\"@type\":\"EntryPoint\",\"urlTemplate\":\"https:\\\/\\\/decoplanta.com\\\/fr\\\/?s={search_term_string}\"},\"query-input\":{\"@type\":\"PropertyValueSpecification\",\"valueRequired\":true,\"valueName\":\"search_term_string\"}}],\"inLanguage\":\"fr-FR\"},{\"@type\":\"Organization\",\"@id\":\"https:\\\/\\\/decoplanta.com\\\/fr\\\/#organization\",\"name\":\"PLANTES ET ARBRES ARTIFICIELS TR\u00c8S R\u00c9ALISTES\",\"url\":\"https:\\\/\\\/decoplanta.com\\\/fr\\\/\",\"logo\":{\"@type\":\"ImageObject\",\"inLanguage\":\"fr-FR\",\"@id\":\"https:\\\/\\\/decoplanta.com\\\/fr\\\/#\\\/schema\\\/logo\\\/image\\\/\",\"url\":\"https:\\\/\\\/decoplanta.com\\\/wp-content\\\/uploads\\\/2021\\\/02\\\/decoplanta-logo2020.svg\",\"contentUrl\":\"https:\\\/\\\/decoplanta.com\\\/wp-content\\\/uploads\\\/2021\\\/02\\\/decoplanta-logo2020.svg\",\"width\":500,\"height\":500,\"caption\":\"PLANTES ET ARBRES ARTIFICIELS TR\u00c8S R\u00c9ALISTES\"},\"image\":{\"@id\":\"https:\\\/\\\/decoplanta.com\\\/fr\\\/#\\\/schema\\\/logo\\\/image\\\/\"}}]}<\/script>\n<!-- \/ Yoast SEO plugin. -->","yoast_head_json":{"title":"Plante Suspendue Herbe Artificielle Protection UV. Concevez votre mur v\u00e9g\u00e9tal","description":"Plante suspendue d'HERBE Protection UV 80 cm. Pour pergolas, en pot ou pour am\u00e9nager son propre mur v\u00e9g\u00e9tal","robots":{"index":"index","follow":"follow","max-snippet":"max-snippet:-1","max-image-preview":"max-image-preview:large","max-video-preview":"max-video-preview:-1"},"canonical":"https:\/\/decoplanta.com\/fr\/plantes-pour-lexterieur-artificielles\/plante-suspendue-dherbe-uv\/","og_locale":"fr_FR","og_type":"article","og_title":"Plante Suspendue Herbe Artificielle Protection UV. Concevez votre mur v\u00e9g\u00e9tal","og_description":"Plante suspendue d'HERBE Protection UV 80 cm. Pour pergolas, en pot ou pour am\u00e9nager son propre mur v\u00e9g\u00e9tal","og_url":"https:\/\/decoplanta.com\/fr\/plantes-pour-lexterieur-artificielles\/plante-suspendue-dherbe-uv\/","og_site_name":"PLANTES ET ARBRES ARTIFICIELS TR\u00c8S R\u00c9ALISTES","article_modified_time":"2021-12-13T09:01:46+00:00","og_image":[{"width":1200,"height":1200,"url":"https:\/\/decoplanta.com\/wp-content\/uploads\/2021\/04\/425659-Decora_tu_jardin_vertical-HIERBA_COLGANTE_UV.jpg","type":"image\/jpeg"}],"twitter_card":"summary_large_image","schema":{"@context":"https:\/\/schema.org","@graph":[{"@type":"WebPage","@id":"https:\/\/decoplanta.com\/fr\/plantes-pour-lexterieur-artificielles\/plante-suspendue-dherbe-uv\/","url":"https:\/\/decoplanta.com\/fr\/plantes-pour-lexterieur-artificielles\/plante-suspendue-dherbe-uv\/","name":"Plante Suspendue Herbe Artificielle Protection UV. Concevez votre mur v\u00e9g\u00e9tal","isPartOf":{"@id":"https:\/\/decoplanta.com\/fr\/#website"},"primaryImageOfPage":{"@id":"https:\/\/decoplanta.com\/fr\/plantes-pour-lexterieur-artificielles\/plante-suspendue-dherbe-uv\/#primaryimage"},"image":{"@id":"https:\/\/decoplanta.com\/fr\/plantes-pour-lexterieur-artificielles\/plante-suspendue-dherbe-uv\/#primaryimage"},"thumbnailUrl":"https:\/\/decoplanta.com\/wp-content\/uploads\/2021\/04\/425659-Decora_tu_jardin_vertical-HIERBA_COLGANTE_UV.jpg","datePublished":"2021-12-13T08:43:06+00:00","dateModified":"2021-12-13T09:01:46+00:00","description":"Plante suspendue d'HERBE Protection UV 80 cm. Pour pergolas, en pot ou pour am\u00e9nager son propre mur v\u00e9g\u00e9tal","breadcrumb":{"@id":"https:\/\/decoplanta.com\/fr\/plantes-pour-lexterieur-artificielles\/plante-suspendue-dherbe-uv\/#breadcrumb"},"inLanguage":"fr-FR","potentialAction":[{"@type":"ReadAction","target":["https:\/\/decoplanta.com\/fr\/plantes-pour-lexterieur-artificielles\/plante-suspendue-dherbe-uv\/"]}]},{"@type":"ImageObject","inLanguage":"fr-FR","@id":"https:\/\/decoplanta.com\/fr\/plantes-pour-lexterieur-artificielles\/plante-suspendue-dherbe-uv\/#primaryimage","url":"https:\/\/decoplanta.com\/wp-content\/uploads\/2021\/04\/425659-Decora_tu_jardin_vertical-HIERBA_COLGANTE_UV.jpg","contentUrl":"https:\/\/decoplanta.com\/wp-content\/uploads\/2021\/04\/425659-Decora_tu_jardin_vertical-HIERBA_COLGANTE_UV.jpg","width":1200,"height":1200,"caption":"Plante suspendue d'HERBE artificielle de couleur verte humide. Hauteur 80 cm. Pour concevoir votre propre mur v\u00e9g\u00e9tal. Utilisation int\u00e9rieure et ext\u00e9rieure. Il a une protection UV et est \u00e9tanche."},{"@type":"BreadcrumbList","@id":"https:\/\/decoplanta.com\/fr\/plantes-pour-lexterieur-artificielles\/plante-suspendue-dherbe-uv\/#breadcrumb","itemListElement":[{"@type":"ListItem","position":1,"name":"Portada","item":"https:\/\/decoplanta.com\/fr\/"},{"@type":"ListItem","position":2,"name":"Priv\u00e9\u00a0: Tienda","item":"https:\/\/decoplanta.com\/?page_id=377"},{"@type":"ListItem","position":3,"name":"Plante suspendue d&#8217;HERBE UV"}]},{"@type":"WebSite","@id":"https:\/\/decoplanta.com\/fr\/#website","url":"https:\/\/decoplanta.com\/fr\/","name":"PLANTES ET ARBRES ARTIFICIELS TR\u00c8S R\u00c9ALISTES","description":"Proveedor de Plantas artificiales para estudios de Arquitectura, Interiorismo, Paisajismo, Escenograf\u00eda, Tiendas de Decoraci\u00f3n Florister\u00edas y Mobiliario","publisher":{"@id":"https:\/\/decoplanta.com\/fr\/#organization"},"potentialAction":[{"@type":"SearchAction","target":{"@type":"EntryPoint","urlTemplate":"https:\/\/decoplanta.com\/fr\/?s={search_term_string}"},"query-input":{"@type":"PropertyValueSpecification","valueRequired":true,"valueName":"search_term_string"}}],"inLanguage":"fr-FR"},{"@type":"Organization","@id":"https:\/\/decoplanta.com\/fr\/#organization","name":"PLANTES ET ARBRES ARTIFICIELS TR\u00c8S R\u00c9ALISTES","url":"https:\/\/decoplanta.com\/fr\/","logo":{"@type":"ImageObject","inLanguage":"fr-FR","@id":"https:\/\/decoplanta.com\/fr\/#\/schema\/logo\/image\/","url":"https:\/\/decoplanta.com\/wp-content\/uploads\/2021\/02\/decoplanta-logo2020.svg","contentUrl":"https:\/\/decoplanta.com\/wp-content\/uploads\/2021\/02\/decoplanta-logo2020.svg","width":500,"height":500,"caption":"PLANTES ET ARBRES ARTIFICIELS TR\u00c8S R\u00c9ALISTES"},"image":{"@id":"https:\/\/decoplanta.com\/fr\/#\/schema\/logo\/image\/"}}]}},"_links":{"self":[{"href":"https:\/\/decoplanta.com\/fr\/wp-json\/wp\/v2\/product\/3309","targetHints":{"allow":["GET"]}}],"collection":[{"href":"https:\/\/decoplanta.com\/fr\/wp-json\/wp\/v2\/product"}],"about":[{"href":"https:\/\/decoplanta.com\/fr\/wp-json\/wp\/v2\/types\/product"}],"version-history":[{"count":0,"href":"https:\/\/decoplanta.com\/fr\/wp-json\/wp\/v2\/product\/3309\/revisions"}],"wp:featuredmedia":[{"embeddable":true,"href":"https:\/\/decoplanta.com\/fr\/wp-json\/wp\/v2\/media\/2667"}],"wp:attachment":[{"href":"https:\/\/decoplanta.com\/fr\/wp-json\/wp\/v2\/media?parent=3309"}],"wp:term":[{"taxonomy":"product_brand","embeddable":true,"href":"https:\/\/decoplanta.com\/fr\/wp-json\/wp\/v2\/product_brand?post=3309"},{"taxonomy":"product_cat","embeddable":true,"href":"https:\/\/decoplanta.com\/fr\/wp-json\/wp\/v2\/product_cat?post=3309"},{"taxonomy":"product_tag","embeddable":true,"href":"https:\/\/decoplanta.com\/fr\/wp-json\/wp\/v2\/product_tag?post=3309"}],"curies":[{"name":"wp","href":"https:\/\/api.w.org\/{rel}","templated":true}]}}