{"id":3320,"date":"2021-04-17T18:01:15","date_gmt":"2021-12-13T09:40:02","guid":{"rendered":"https:\/\/decoplanta.com\/non%20class\u00e9\/plante-suspendue-de-cactus\/"},"modified":"2021-12-13T10:40:42","modified_gmt":"2021-12-13T09:40:42","slug":"plante-suspendue-de-cactus","status":"publish","type":"product","link":"https:\/\/decoplanta.com\/fr\/plantes-suspendues-artificielles\/plante-suspendue-de-cactus\/","title":{"rendered":"Plante suspendue de CACTUS"},"content":{"rendered":"<p>Plante suspendue de CACTUS verte artificielle Hauteur totale : 125 cm pour concevoir votre propre mur v\u00e9g\u00e9tal. Combinez les bases des assiettes avec des feuilles et des plantes suspendues.<\/p>\n<table dir=\"ltr\" border=\"1\" cellspacing=\"0\" cellpadding=\"0\">\n<colgroup>\n<col width=\"93\">\n<col width=\"138\">\n<col width=\"255\">\n<col width=\"65\"><\/colgroup>\n<tbody>\n<tr>\n<td data-sheets-value=\"{\"1\":3,\"3\":423893}\">423893<\/td>\n<td data-sheets-value=\"{\"1\":2,\"2\":\"CACTUS COLGANTE \"}\">Plante suspendue de CACTUS<\/td>\n<td data-sheets-value=\"{\"1\":2,\"2\":\"COLGANTE CACTUS, color verde. Altura total: 125 cm\"}\">Plante suspendue de CACTUS, couleur verte. Hauteur totale : 125 cm<\/td>\n<td data-sheets-value=\"{\"1\":3,\"3\":12.64}\" data-sheets-numberformat=\"{\"1\":4,\"2\":\"#,##0.00[$ \u20ac]\"}\">12,64 \u20ac<\/td>\n<\/tr>\n<\/tbody>\n<\/table>\n","protected":false},"excerpt":{"rendered":"<p>Plante suspendue d&rsquo;CACTUS verte artificielle. Hauteur totale : 125 cm pour concevoir votre propre mur v\u00e9g\u00e9tal. Combinez les bases des assiettes avec des feuilles et des plantes suspendues.<\/p>\n<table>\n<tbody>\n<tr>\n<td><strong>R\u00c9F<\/strong><\/td>\n<td><strong>HAUTEUR<\/strong><\/td>\n<\/tr>\n<tr>\n<td><strong>423893<\/strong><\/td>\n<td>125 cm<\/td>\n<\/tr>\n<\/tbody>\n<\/table>\n","protected":false},"featured_media":2663,"template":"","meta":{"_monsterinsights_skip_tracking":false,"_monsterinsights_sitenote_active":false,"_monsterinsights_sitenote_note":"","_monsterinsights_sitenote_category":0},"product_brand":[],"product_cat":[249],"product_tag":[264],"class_list":{"0":"post-3320","1":"product","2":"type-product","3":"status-publish","4":"has-post-thumbnail","6":"product_cat-plantes-suspendues-artificielles","7":"product_tag-creez-votre-mur-vegetal","8":"","9":"woocommerce-text-align-center","10":"woocommerce-image-align-center","11":"do-quantity-buttons","13":"first","14":"instock","15":"taxable","16":"shipping-taxable","17":"purchasable","18":"product-type-simple"},"yoast_head":"<!-- This site is optimized with the Yoast SEO plugin v27.3 - https:\/\/yoast.com\/product\/yoast-seo-wordpress\/ -->\n<title>Plante suspendue d&#039;CACTUS verte artificielle. Concevez votre mur v\u00e9g\u00e9tal<\/title>\n<meta name=\"description\" content=\"Plante suspendue d&#039;CACTUS artificielle de couleur verte. Concevez votre propre mur v\u00e9g\u00e9tal. Combinez les bases d&#039;assiettes avec des feuilles et des plantes suspendues\" \/>\n<meta name=\"robots\" content=\"index, follow, max-snippet:-1, max-image-preview:large, max-video-preview:-1\" \/>\n<link rel=\"canonical\" href=\"https:\/\/decoplanta.com\/fr\/plantes-suspendues-artificielles\/plante-suspendue-de-cactus\/\" \/>\n<meta property=\"og:locale\" content=\"fr_FR\" \/>\n<meta property=\"og:type\" content=\"article\" \/>\n<meta property=\"og:title\" content=\"Plante suspendue d&#039;CACTUS verte artificielle. Concevez votre mur v\u00e9g\u00e9tal\" \/>\n<meta property=\"og:description\" content=\"Plante suspendue d&#039;CACTUS artificielle de couleur verte. Concevez votre propre mur v\u00e9g\u00e9tal. Combinez les bases d&#039;assiettes avec des feuilles et des plantes suspendues\" \/>\n<meta property=\"og:url\" content=\"https:\/\/decoplanta.com\/fr\/plantes-suspendues-artificielles\/plante-suspendue-de-cactus\/\" \/>\n<meta property=\"og:site_name\" content=\"PLANTES ET ARBRES ARTIFICIELS TR\u00c8S R\u00c9ALISTES\" \/>\n<meta property=\"article:modified_time\" content=\"2021-12-13T09:40:42+00:00\" \/>\n<meta property=\"og:image\" content=\"https:\/\/decoplanta.com\/wp-content\/uploads\/2021\/04\/423893-Decora_tu_jardin_vertical-CACTUS-COLGANTE.jpg\" \/>\n\t<meta property=\"og:image:width\" content=\"1200\" \/>\n\t<meta property=\"og:image:height\" content=\"1200\" \/>\n\t<meta property=\"og:image:type\" content=\"image\/jpeg\" \/>\n<meta name=\"twitter:card\" content=\"summary_large_image\" \/>\n<script type=\"application\/ld+json\" class=\"yoast-schema-graph\">{\"@context\":\"https:\\\/\\\/schema.org\",\"@graph\":[{\"@type\":\"WebPage\",\"@id\":\"https:\\\/\\\/decoplanta.com\\\/fr\\\/plantes-suspendues-artificielles\\\/plante-suspendue-de-cactus\\\/\",\"url\":\"https:\\\/\\\/decoplanta.com\\\/fr\\\/plantes-suspendues-artificielles\\\/plante-suspendue-de-cactus\\\/\",\"name\":\"Plante suspendue d'CACTUS verte artificielle. Concevez votre mur v\u00e9g\u00e9tal\",\"isPartOf\":{\"@id\":\"https:\\\/\\\/decoplanta.com\\\/fr\\\/#website\"},\"primaryImageOfPage\":{\"@id\":\"https:\\\/\\\/decoplanta.com\\\/fr\\\/plantes-suspendues-artificielles\\\/plante-suspendue-de-cactus\\\/#primaryimage\"},\"image\":{\"@id\":\"https:\\\/\\\/decoplanta.com\\\/fr\\\/plantes-suspendues-artificielles\\\/plante-suspendue-de-cactus\\\/#primaryimage\"},\"thumbnailUrl\":\"https:\\\/\\\/decoplanta.com\\\/wp-content\\\/uploads\\\/2021\\\/04\\\/423893-Decora_tu_jardin_vertical-CACTUS-COLGANTE.jpg\",\"datePublished\":\"2021-12-13T09:40:02+00:00\",\"dateModified\":\"2021-12-13T09:40:42+00:00\",\"description\":\"Plante suspendue d'CACTUS artificielle de couleur verte. Concevez votre propre mur v\u00e9g\u00e9tal. Combinez les bases d'assiettes avec des feuilles et des plantes suspendues\",\"breadcrumb\":{\"@id\":\"https:\\\/\\\/decoplanta.com\\\/fr\\\/plantes-suspendues-artificielles\\\/plante-suspendue-de-cactus\\\/#breadcrumb\"},\"inLanguage\":\"fr-FR\",\"potentialAction\":[{\"@type\":\"ReadAction\",\"target\":[\"https:\\\/\\\/decoplanta.com\\\/fr\\\/plantes-suspendues-artificielles\\\/plante-suspendue-de-cactus\\\/\"]}]},{\"@type\":\"ImageObject\",\"inLanguage\":\"fr-FR\",\"@id\":\"https:\\\/\\\/decoplanta.com\\\/fr\\\/plantes-suspendues-artificielles\\\/plante-suspendue-de-cactus\\\/#primaryimage\",\"url\":\"https:\\\/\\\/decoplanta.com\\\/wp-content\\\/uploads\\\/2021\\\/04\\\/423893-Decora_tu_jardin_vertical-CACTUS-COLGANTE.jpg\",\"contentUrl\":\"https:\\\/\\\/decoplanta.com\\\/wp-content\\\/uploads\\\/2021\\\/04\\\/423893-Decora_tu_jardin_vertical-CACTUS-COLGANTE.jpg\",\"width\":1200,\"height\":1200,\"caption\":\"Plante suspendue d'CACTUS verte artificielle. Hauteur totale : 125 cm pour concevoir votre propre mur v\u00e9g\u00e9tal. Combinez les bases des assiettes avec des feuilles et des plantes suspendues.\"},{\"@type\":\"BreadcrumbList\",\"@id\":\"https:\\\/\\\/decoplanta.com\\\/fr\\\/plantes-suspendues-artificielles\\\/plante-suspendue-de-cactus\\\/#breadcrumb\",\"itemListElement\":[{\"@type\":\"ListItem\",\"position\":1,\"name\":\"Portada\",\"item\":\"https:\\\/\\\/decoplanta.com\\\/fr\\\/\"},{\"@type\":\"ListItem\",\"position\":2,\"name\":\"Priv\u00e9\u00a0: Tienda\",\"item\":\"https:\\\/\\\/decoplanta.com\\\/?page_id=377\"},{\"@type\":\"ListItem\",\"position\":3,\"name\":\"Plante suspendue de CACTUS\"}]},{\"@type\":\"WebSite\",\"@id\":\"https:\\\/\\\/decoplanta.com\\\/fr\\\/#website\",\"url\":\"https:\\\/\\\/decoplanta.com\\\/fr\\\/\",\"name\":\"PLANTES ET ARBRES ARTIFICIELS TR\u00c8S R\u00c9ALISTES\",\"description\":\"Proveedor de Plantas artificiales para estudios de Arquitectura, Interiorismo, Paisajismo, Escenograf\u00eda, Tiendas de Decoraci\u00f3n Florister\u00edas y Mobiliario\",\"publisher\":{\"@id\":\"https:\\\/\\\/decoplanta.com\\\/fr\\\/#organization\"},\"potentialAction\":[{\"@type\":\"SearchAction\",\"target\":{\"@type\":\"EntryPoint\",\"urlTemplate\":\"https:\\\/\\\/decoplanta.com\\\/fr\\\/?s={search_term_string}\"},\"query-input\":{\"@type\":\"PropertyValueSpecification\",\"valueRequired\":true,\"valueName\":\"search_term_string\"}}],\"inLanguage\":\"fr-FR\"},{\"@type\":\"Organization\",\"@id\":\"https:\\\/\\\/decoplanta.com\\\/fr\\\/#organization\",\"name\":\"PLANTES ET ARBRES ARTIFICIELS TR\u00c8S R\u00c9ALISTES\",\"url\":\"https:\\\/\\\/decoplanta.com\\\/fr\\\/\",\"logo\":{\"@type\":\"ImageObject\",\"inLanguage\":\"fr-FR\",\"@id\":\"https:\\\/\\\/decoplanta.com\\\/fr\\\/#\\\/schema\\\/logo\\\/image\\\/\",\"url\":\"https:\\\/\\\/decoplanta.com\\\/wp-content\\\/uploads\\\/2021\\\/02\\\/decoplanta-logo2020.svg\",\"contentUrl\":\"https:\\\/\\\/decoplanta.com\\\/wp-content\\\/uploads\\\/2021\\\/02\\\/decoplanta-logo2020.svg\",\"width\":500,\"height\":500,\"caption\":\"PLANTES ET ARBRES ARTIFICIELS TR\u00c8S R\u00c9ALISTES\"},\"image\":{\"@id\":\"https:\\\/\\\/decoplanta.com\\\/fr\\\/#\\\/schema\\\/logo\\\/image\\\/\"}}]}<\/script>\n<!-- \/ Yoast SEO plugin. -->","yoast_head_json":{"title":"Plante suspendue d'CACTUS verte artificielle. Concevez votre mur v\u00e9g\u00e9tal","description":"Plante suspendue d'CACTUS artificielle de couleur verte. Concevez votre propre mur v\u00e9g\u00e9tal. Combinez les bases d'assiettes avec des feuilles et des plantes suspendues","robots":{"index":"index","follow":"follow","max-snippet":"max-snippet:-1","max-image-preview":"max-image-preview:large","max-video-preview":"max-video-preview:-1"},"canonical":"https:\/\/decoplanta.com\/fr\/plantes-suspendues-artificielles\/plante-suspendue-de-cactus\/","og_locale":"fr_FR","og_type":"article","og_title":"Plante suspendue d'CACTUS verte artificielle. Concevez votre mur v\u00e9g\u00e9tal","og_description":"Plante suspendue d'CACTUS artificielle de couleur verte. Concevez votre propre mur v\u00e9g\u00e9tal. Combinez les bases d'assiettes avec des feuilles et des plantes suspendues","og_url":"https:\/\/decoplanta.com\/fr\/plantes-suspendues-artificielles\/plante-suspendue-de-cactus\/","og_site_name":"PLANTES ET ARBRES ARTIFICIELS TR\u00c8S R\u00c9ALISTES","article_modified_time":"2021-12-13T09:40:42+00:00","og_image":[{"width":1200,"height":1200,"url":"https:\/\/decoplanta.com\/wp-content\/uploads\/2021\/04\/423893-Decora_tu_jardin_vertical-CACTUS-COLGANTE.jpg","type":"image\/jpeg"}],"twitter_card":"summary_large_image","schema":{"@context":"https:\/\/schema.org","@graph":[{"@type":"WebPage","@id":"https:\/\/decoplanta.com\/fr\/plantes-suspendues-artificielles\/plante-suspendue-de-cactus\/","url":"https:\/\/decoplanta.com\/fr\/plantes-suspendues-artificielles\/plante-suspendue-de-cactus\/","name":"Plante suspendue d'CACTUS verte artificielle. Concevez votre mur v\u00e9g\u00e9tal","isPartOf":{"@id":"https:\/\/decoplanta.com\/fr\/#website"},"primaryImageOfPage":{"@id":"https:\/\/decoplanta.com\/fr\/plantes-suspendues-artificielles\/plante-suspendue-de-cactus\/#primaryimage"},"image":{"@id":"https:\/\/decoplanta.com\/fr\/plantes-suspendues-artificielles\/plante-suspendue-de-cactus\/#primaryimage"},"thumbnailUrl":"https:\/\/decoplanta.com\/wp-content\/uploads\/2021\/04\/423893-Decora_tu_jardin_vertical-CACTUS-COLGANTE.jpg","datePublished":"2021-12-13T09:40:02+00:00","dateModified":"2021-12-13T09:40:42+00:00","description":"Plante suspendue d'CACTUS artificielle de couleur verte. Concevez votre propre mur v\u00e9g\u00e9tal. Combinez les bases d'assiettes avec des feuilles et des plantes suspendues","breadcrumb":{"@id":"https:\/\/decoplanta.com\/fr\/plantes-suspendues-artificielles\/plante-suspendue-de-cactus\/#breadcrumb"},"inLanguage":"fr-FR","potentialAction":[{"@type":"ReadAction","target":["https:\/\/decoplanta.com\/fr\/plantes-suspendues-artificielles\/plante-suspendue-de-cactus\/"]}]},{"@type":"ImageObject","inLanguage":"fr-FR","@id":"https:\/\/decoplanta.com\/fr\/plantes-suspendues-artificielles\/plante-suspendue-de-cactus\/#primaryimage","url":"https:\/\/decoplanta.com\/wp-content\/uploads\/2021\/04\/423893-Decora_tu_jardin_vertical-CACTUS-COLGANTE.jpg","contentUrl":"https:\/\/decoplanta.com\/wp-content\/uploads\/2021\/04\/423893-Decora_tu_jardin_vertical-CACTUS-COLGANTE.jpg","width":1200,"height":1200,"caption":"Plante suspendue d'CACTUS verte artificielle. Hauteur totale : 125 cm pour concevoir votre propre mur v\u00e9g\u00e9tal. Combinez les bases des assiettes avec des feuilles et des plantes suspendues."},{"@type":"BreadcrumbList","@id":"https:\/\/decoplanta.com\/fr\/plantes-suspendues-artificielles\/plante-suspendue-de-cactus\/#breadcrumb","itemListElement":[{"@type":"ListItem","position":1,"name":"Portada","item":"https:\/\/decoplanta.com\/fr\/"},{"@type":"ListItem","position":2,"name":"Priv\u00e9\u00a0: Tienda","item":"https:\/\/decoplanta.com\/?page_id=377"},{"@type":"ListItem","position":3,"name":"Plante suspendue de CACTUS"}]},{"@type":"WebSite","@id":"https:\/\/decoplanta.com\/fr\/#website","url":"https:\/\/decoplanta.com\/fr\/","name":"PLANTES ET ARBRES ARTIFICIELS TR\u00c8S R\u00c9ALISTES","description":"Proveedor de Plantas artificiales para estudios de Arquitectura, Interiorismo, Paisajismo, Escenograf\u00eda, Tiendas de Decoraci\u00f3n Florister\u00edas y Mobiliario","publisher":{"@id":"https:\/\/decoplanta.com\/fr\/#organization"},"potentialAction":[{"@type":"SearchAction","target":{"@type":"EntryPoint","urlTemplate":"https:\/\/decoplanta.com\/fr\/?s={search_term_string}"},"query-input":{"@type":"PropertyValueSpecification","valueRequired":true,"valueName":"search_term_string"}}],"inLanguage":"fr-FR"},{"@type":"Organization","@id":"https:\/\/decoplanta.com\/fr\/#organization","name":"PLANTES ET ARBRES ARTIFICIELS TR\u00c8S R\u00c9ALISTES","url":"https:\/\/decoplanta.com\/fr\/","logo":{"@type":"ImageObject","inLanguage":"fr-FR","@id":"https:\/\/decoplanta.com\/fr\/#\/schema\/logo\/image\/","url":"https:\/\/decoplanta.com\/wp-content\/uploads\/2021\/02\/decoplanta-logo2020.svg","contentUrl":"https:\/\/decoplanta.com\/wp-content\/uploads\/2021\/02\/decoplanta-logo2020.svg","width":500,"height":500,"caption":"PLANTES ET ARBRES ARTIFICIELS TR\u00c8S R\u00c9ALISTES"},"image":{"@id":"https:\/\/decoplanta.com\/fr\/#\/schema\/logo\/image\/"}}]}},"_links":{"self":[{"href":"https:\/\/decoplanta.com\/fr\/wp-json\/wp\/v2\/product\/3320","targetHints":{"allow":["GET"]}}],"collection":[{"href":"https:\/\/decoplanta.com\/fr\/wp-json\/wp\/v2\/product"}],"about":[{"href":"https:\/\/decoplanta.com\/fr\/wp-json\/wp\/v2\/types\/product"}],"version-history":[{"count":0,"href":"https:\/\/decoplanta.com\/fr\/wp-json\/wp\/v2\/product\/3320\/revisions"}],"wp:featuredmedia":[{"embeddable":true,"href":"https:\/\/decoplanta.com\/fr\/wp-json\/wp\/v2\/media\/2663"}],"wp:attachment":[{"href":"https:\/\/decoplanta.com\/fr\/wp-json\/wp\/v2\/media?parent=3320"}],"wp:term":[{"taxonomy":"product_brand","embeddable":true,"href":"https:\/\/decoplanta.com\/fr\/wp-json\/wp\/v2\/product_brand?post=3320"},{"taxonomy":"product_cat","embeddable":true,"href":"https:\/\/decoplanta.com\/fr\/wp-json\/wp\/v2\/product_cat?post=3320"},{"taxonomy":"product_tag","embeddable":true,"href":"https:\/\/decoplanta.com\/fr\/wp-json\/wp\/v2\/product_tag?post=3320"}],"curies":[{"name":"wp","href":"https:\/\/api.w.org\/{rel}","templated":true}]}}