{"id":3329,"date":"2021-04-17T17:20:16","date_gmt":"2021-12-13T09:59:47","guid":{"rendered":"https:\/\/decoplanta.com\/non%20class\u00e9\/chute-dfeuille-de-vigne\/"},"modified":"2021-12-13T11:59:15","modified_gmt":"2021-12-13T10:59:15","slug":"chute-feuille-de-vigne","status":"publish","type":"product","link":"https:\/\/decoplanta.com\/fr\/plantes-suspendues-artificielles\/chute-feuille-de-vigne\/","title":{"rendered":"CHUTE D&rsquo;FEUILLE DE VIGNE"},"content":{"rendered":"<p>CHUTE D&rsquo;FEUILLE DE VIGNE de 100 cm de long. Couleurs vert\/blanc. Belle plante suspendue pour la d\u00e9coration, avec un haut niveau de r\u00e9alisme. Il poss\u00e8de une tige pour une fixation facile, par exemple dans des pots. Ils sont vendus en bo\u00eetes indivisibles de 6 unit\u00e9s. Prix unitaire dans le catalogue.<\/p>\n<table dir=\"ltr\" border=\"1\" cellspacing=\"0\" cellpadding=\"0\">\n<colgroup>\n<col width=\"93\">\n<col width=\"138\">\n<col width=\"255\">\n<col width=\"65\">\n<col width=\"132\"><\/colgroup>\n<tbody>\n<tr>\n<td data-sheets-value=\"{\"1\":3,\"3\":421573}\">421573<\/td>\n<td data-sheets-value=\"{\"1\":2,\"2\":\"Planta Colgante HOJA DE PARRA\"}\">CHUTE D&rsquo;FEUILLE DE VIGNE<\/td>\n<td data-sheets-value=\"{\"1\":2,\"2\":\"Planta Colgante HOJA DE PARRA de 100 cm. Color verde\/blanco.\"}\">CHUTE D&rsquo;FEUILLE DE VIGNE de 100 cm. Couleurs vert\/blanc.<\/td>\n<td data-sheets-value=\"{\"1\":3,\"3\":22.55}\" data-sheets-numberformat=\"{\"1\":4,\"2\":\"#,##0.00[$ \u20ac]\"}\">22,55 \u20ac<\/td>\n<td data-sheets-value=\"{\"1\":3,\"3\":6}\">6<\/td>\n<\/tr>\n<\/tbody>\n<\/table>\n","protected":false},"excerpt":{"rendered":"<p>CHUTE D&rsquo;FEUILLE DE VIGNE de 100 cm de long. Couleurs vert\/blanc. Belle plante suspendue pour la d\u00e9coration, avec un haut niveau de r\u00e9alisme. Il poss\u00e8de une tige pour une fixation facile, par exemple dans des pots. Ils sont vendus en bo\u00eetes indivisibles de 6 unit\u00e9s. Prix unitaire dans <a href=\"https:\/\/decoplanta.com\/catalogo\/TarifsDecoplanta-CatalogueDistributeurs-HR-FR.pdf\" target=\"_blank\" rel=\"noopener\">le catalogue<\/a> .<\/p>\n<table>\n<tbody>\n<tr>\n<td><strong>R\u00c9F<\/strong><\/td>\n<td><strong>HAUTEUR<\/strong><\/td>\n<\/tr>\n<tr>\n<td><strong>421573<\/strong><\/td>\n<td>100 cm<\/td>\n<\/tr>\n<\/tbody>\n<\/table>\n","protected":false},"featured_media":2671,"template":"","meta":{"_monsterinsights_skip_tracking":false,"_monsterinsights_sitenote_active":false,"_monsterinsights_sitenote_note":"","_monsterinsights_sitenote_category":0},"product_brand":[],"product_cat":[249],"product_tag":[],"class_list":{"0":"post-3329","1":"product","2":"type-product","3":"status-publish","4":"has-post-thumbnail","6":"product_cat-plantes-suspendues-artificielles","7":"","8":"woocommerce-text-align-center","9":"woocommerce-image-align-center","10":"do-quantity-buttons","12":"first","13":"instock","14":"taxable","15":"shipping-taxable","16":"purchasable","17":"product-type-simple"},"yoast_head":"<!-- This site is optimized with the Yoast SEO plugin v27.4 - https:\/\/yoast.com\/product\/yoast-seo-wordpress\/ -->\n<title>CHUTE D&#039;FEUILLE DE VIGNE - Haut r\u00e9alisme pour les int\u00e9rieurs<\/title>\n<meta name=\"description\" content=\"CHUTE D&#039;FEUILLE DE VIGNE de 100 cm de long pour d\u00e9corer les int\u00e9rieurs. Plante suspendue artificielle de haut r\u00e9alisme pour l&#039;int\u00e9rieur\" \/>\n<meta name=\"robots\" content=\"index, follow, max-snippet:-1, max-image-preview:large, max-video-preview:-1\" \/>\n<link rel=\"canonical\" href=\"https:\/\/decoplanta.com\/fr\/plantes-suspendues-artificielles\/chute-feuille-de-vigne\/\" \/>\n<meta property=\"og:locale\" content=\"fr_FR\" \/>\n<meta property=\"og:type\" content=\"article\" \/>\n<meta property=\"og:title\" content=\"CHUTE D&#039;FEUILLE DE VIGNE - Haut r\u00e9alisme pour les int\u00e9rieurs\" \/>\n<meta property=\"og:description\" content=\"CHUTE D&#039;FEUILLE DE VIGNE de 100 cm de long pour d\u00e9corer les int\u00e9rieurs. Plante suspendue artificielle de haut r\u00e9alisme pour l&#039;int\u00e9rieur\" \/>\n<meta property=\"og:url\" content=\"https:\/\/decoplanta.com\/fr\/plantes-suspendues-artificielles\/chute-feuille-de-vigne\/\" \/>\n<meta property=\"og:site_name\" content=\"PLANTES ET ARBRES ARTIFICIELS TR\u00c8S R\u00c9ALISTES\" \/>\n<meta property=\"article:modified_time\" content=\"2021-12-13T10:59:15+00:00\" \/>\n<meta property=\"og:image\" content=\"https:\/\/decoplanta.com\/wp-content\/uploads\/2021\/04\/421573-Planta_Colgante_HOJA_DE_PARRA.jpg\" \/>\n\t<meta property=\"og:image:width\" content=\"2220\" \/>\n\t<meta property=\"og:image:height\" content=\"2220\" \/>\n\t<meta property=\"og:image:type\" content=\"image\/jpeg\" \/>\n<meta name=\"twitter:card\" content=\"summary_large_image\" \/>\n<script type=\"application\/ld+json\" class=\"yoast-schema-graph\">{\"@context\":\"https:\\\/\\\/schema.org\",\"@graph\":[{\"@type\":\"WebPage\",\"@id\":\"https:\\\/\\\/decoplanta.com\\\/fr\\\/plantes-suspendues-artificielles\\\/chute-feuille-de-vigne\\\/\",\"url\":\"https:\\\/\\\/decoplanta.com\\\/fr\\\/plantes-suspendues-artificielles\\\/chute-feuille-de-vigne\\\/\",\"name\":\"CHUTE D'FEUILLE DE VIGNE - Haut r\u00e9alisme pour les int\u00e9rieurs\",\"isPartOf\":{\"@id\":\"https:\\\/\\\/decoplanta.com\\\/fr\\\/#website\"},\"primaryImageOfPage\":{\"@id\":\"https:\\\/\\\/decoplanta.com\\\/fr\\\/plantes-suspendues-artificielles\\\/chute-feuille-de-vigne\\\/#primaryimage\"},\"image\":{\"@id\":\"https:\\\/\\\/decoplanta.com\\\/fr\\\/plantes-suspendues-artificielles\\\/chute-feuille-de-vigne\\\/#primaryimage\"},\"thumbnailUrl\":\"https:\\\/\\\/decoplanta.com\\\/wp-content\\\/uploads\\\/2021\\\/04\\\/421573-Planta_Colgante_HOJA_DE_PARRA.jpg\",\"datePublished\":\"2021-12-13T09:59:47+00:00\",\"dateModified\":\"2021-12-13T10:59:15+00:00\",\"description\":\"CHUTE D'FEUILLE DE VIGNE de 100 cm de long pour d\u00e9corer les int\u00e9rieurs. Plante suspendue artificielle de haut r\u00e9alisme pour l'int\u00e9rieur\",\"breadcrumb\":{\"@id\":\"https:\\\/\\\/decoplanta.com\\\/fr\\\/plantes-suspendues-artificielles\\\/chute-feuille-de-vigne\\\/#breadcrumb\"},\"inLanguage\":\"fr-FR\",\"potentialAction\":[{\"@type\":\"ReadAction\",\"target\":[\"https:\\\/\\\/decoplanta.com\\\/fr\\\/plantes-suspendues-artificielles\\\/chute-feuille-de-vigne\\\/\"]}]},{\"@type\":\"ImageObject\",\"inLanguage\":\"fr-FR\",\"@id\":\"https:\\\/\\\/decoplanta.com\\\/fr\\\/plantes-suspendues-artificielles\\\/chute-feuille-de-vigne\\\/#primaryimage\",\"url\":\"https:\\\/\\\/decoplanta.com\\\/wp-content\\\/uploads\\\/2021\\\/04\\\/421573-Planta_Colgante_HOJA_DE_PARRA.jpg\",\"contentUrl\":\"https:\\\/\\\/decoplanta.com\\\/wp-content\\\/uploads\\\/2021\\\/04\\\/421573-Planta_Colgante_HOJA_DE_PARRA.jpg\",\"width\":2220,\"height\":2220,\"caption\":\"CHUTE D'FEUILLE DE VIGNE artificielle 100 cm. Couleurs vert\\\/blanc.\"},{\"@type\":\"BreadcrumbList\",\"@id\":\"https:\\\/\\\/decoplanta.com\\\/fr\\\/plantes-suspendues-artificielles\\\/chute-feuille-de-vigne\\\/#breadcrumb\",\"itemListElement\":[{\"@type\":\"ListItem\",\"position\":1,\"name\":\"Portada\",\"item\":\"https:\\\/\\\/decoplanta.com\\\/fr\\\/\"},{\"@type\":\"ListItem\",\"position\":2,\"name\":\"Priv\u00e9\u00a0: Tienda\",\"item\":\"https:\\\/\\\/decoplanta.com\\\/?page_id=377\"},{\"@type\":\"ListItem\",\"position\":3,\"name\":\"CHUTE D&#8217;FEUILLE DE VIGNE\"}]},{\"@type\":\"WebSite\",\"@id\":\"https:\\\/\\\/decoplanta.com\\\/fr\\\/#website\",\"url\":\"https:\\\/\\\/decoplanta.com\\\/fr\\\/\",\"name\":\"PLANTES ET ARBRES ARTIFICIELS TR\u00c8S R\u00c9ALISTES\",\"description\":\"Proveedor de Plantas artificiales para estudios de Arquitectura, Interiorismo, Paisajismo, Escenograf\u00eda, Tiendas de Decoraci\u00f3n Florister\u00edas y Mobiliario\",\"publisher\":{\"@id\":\"https:\\\/\\\/decoplanta.com\\\/fr\\\/#organization\"},\"potentialAction\":[{\"@type\":\"SearchAction\",\"target\":{\"@type\":\"EntryPoint\",\"urlTemplate\":\"https:\\\/\\\/decoplanta.com\\\/fr\\\/?s={search_term_string}\"},\"query-input\":{\"@type\":\"PropertyValueSpecification\",\"valueRequired\":true,\"valueName\":\"search_term_string\"}}],\"inLanguage\":\"fr-FR\"},{\"@type\":\"Organization\",\"@id\":\"https:\\\/\\\/decoplanta.com\\\/fr\\\/#organization\",\"name\":\"PLANTES ET ARBRES ARTIFICIELS TR\u00c8S R\u00c9ALISTES\",\"url\":\"https:\\\/\\\/decoplanta.com\\\/fr\\\/\",\"logo\":{\"@type\":\"ImageObject\",\"inLanguage\":\"fr-FR\",\"@id\":\"https:\\\/\\\/decoplanta.com\\\/fr\\\/#\\\/schema\\\/logo\\\/image\\\/\",\"url\":\"https:\\\/\\\/decoplanta.com\\\/wp-content\\\/uploads\\\/2021\\\/02\\\/decoplanta-logo2020.svg\",\"contentUrl\":\"https:\\\/\\\/decoplanta.com\\\/wp-content\\\/uploads\\\/2021\\\/02\\\/decoplanta-logo2020.svg\",\"width\":500,\"height\":500,\"caption\":\"PLANTES ET ARBRES ARTIFICIELS TR\u00c8S R\u00c9ALISTES\"},\"image\":{\"@id\":\"https:\\\/\\\/decoplanta.com\\\/fr\\\/#\\\/schema\\\/logo\\\/image\\\/\"}}]}<\/script>\n<!-- \/ Yoast SEO plugin. -->","yoast_head_json":{"title":"CHUTE D'FEUILLE DE VIGNE - Haut r\u00e9alisme pour les int\u00e9rieurs","description":"CHUTE D'FEUILLE DE VIGNE de 100 cm de long pour d\u00e9corer les int\u00e9rieurs. Plante suspendue artificielle de haut r\u00e9alisme pour l'int\u00e9rieur","robots":{"index":"index","follow":"follow","max-snippet":"max-snippet:-1","max-image-preview":"max-image-preview:large","max-video-preview":"max-video-preview:-1"},"canonical":"https:\/\/decoplanta.com\/fr\/plantes-suspendues-artificielles\/chute-feuille-de-vigne\/","og_locale":"fr_FR","og_type":"article","og_title":"CHUTE D'FEUILLE DE VIGNE - Haut r\u00e9alisme pour les int\u00e9rieurs","og_description":"CHUTE D'FEUILLE DE VIGNE de 100 cm de long pour d\u00e9corer les int\u00e9rieurs. Plante suspendue artificielle de haut r\u00e9alisme pour l'int\u00e9rieur","og_url":"https:\/\/decoplanta.com\/fr\/plantes-suspendues-artificielles\/chute-feuille-de-vigne\/","og_site_name":"PLANTES ET ARBRES ARTIFICIELS TR\u00c8S R\u00c9ALISTES","article_modified_time":"2021-12-13T10:59:15+00:00","og_image":[{"width":2220,"height":2220,"url":"https:\/\/decoplanta.com\/wp-content\/uploads\/2021\/04\/421573-Planta_Colgante_HOJA_DE_PARRA.jpg","type":"image\/jpeg"}],"twitter_card":"summary_large_image","schema":{"@context":"https:\/\/schema.org","@graph":[{"@type":"WebPage","@id":"https:\/\/decoplanta.com\/fr\/plantes-suspendues-artificielles\/chute-feuille-de-vigne\/","url":"https:\/\/decoplanta.com\/fr\/plantes-suspendues-artificielles\/chute-feuille-de-vigne\/","name":"CHUTE D'FEUILLE DE VIGNE - Haut r\u00e9alisme pour les int\u00e9rieurs","isPartOf":{"@id":"https:\/\/decoplanta.com\/fr\/#website"},"primaryImageOfPage":{"@id":"https:\/\/decoplanta.com\/fr\/plantes-suspendues-artificielles\/chute-feuille-de-vigne\/#primaryimage"},"image":{"@id":"https:\/\/decoplanta.com\/fr\/plantes-suspendues-artificielles\/chute-feuille-de-vigne\/#primaryimage"},"thumbnailUrl":"https:\/\/decoplanta.com\/wp-content\/uploads\/2021\/04\/421573-Planta_Colgante_HOJA_DE_PARRA.jpg","datePublished":"2021-12-13T09:59:47+00:00","dateModified":"2021-12-13T10:59:15+00:00","description":"CHUTE D'FEUILLE DE VIGNE de 100 cm de long pour d\u00e9corer les int\u00e9rieurs. Plante suspendue artificielle de haut r\u00e9alisme pour l'int\u00e9rieur","breadcrumb":{"@id":"https:\/\/decoplanta.com\/fr\/plantes-suspendues-artificielles\/chute-feuille-de-vigne\/#breadcrumb"},"inLanguage":"fr-FR","potentialAction":[{"@type":"ReadAction","target":["https:\/\/decoplanta.com\/fr\/plantes-suspendues-artificielles\/chute-feuille-de-vigne\/"]}]},{"@type":"ImageObject","inLanguage":"fr-FR","@id":"https:\/\/decoplanta.com\/fr\/plantes-suspendues-artificielles\/chute-feuille-de-vigne\/#primaryimage","url":"https:\/\/decoplanta.com\/wp-content\/uploads\/2021\/04\/421573-Planta_Colgante_HOJA_DE_PARRA.jpg","contentUrl":"https:\/\/decoplanta.com\/wp-content\/uploads\/2021\/04\/421573-Planta_Colgante_HOJA_DE_PARRA.jpg","width":2220,"height":2220,"caption":"CHUTE D'FEUILLE DE VIGNE artificielle 100 cm. Couleurs vert\/blanc."},{"@type":"BreadcrumbList","@id":"https:\/\/decoplanta.com\/fr\/plantes-suspendues-artificielles\/chute-feuille-de-vigne\/#breadcrumb","itemListElement":[{"@type":"ListItem","position":1,"name":"Portada","item":"https:\/\/decoplanta.com\/fr\/"},{"@type":"ListItem","position":2,"name":"Priv\u00e9\u00a0: Tienda","item":"https:\/\/decoplanta.com\/?page_id=377"},{"@type":"ListItem","position":3,"name":"CHUTE D&#8217;FEUILLE DE VIGNE"}]},{"@type":"WebSite","@id":"https:\/\/decoplanta.com\/fr\/#website","url":"https:\/\/decoplanta.com\/fr\/","name":"PLANTES ET ARBRES ARTIFICIELS TR\u00c8S R\u00c9ALISTES","description":"Proveedor de Plantas artificiales para estudios de Arquitectura, Interiorismo, Paisajismo, Escenograf\u00eda, Tiendas de Decoraci\u00f3n Florister\u00edas y Mobiliario","publisher":{"@id":"https:\/\/decoplanta.com\/fr\/#organization"},"potentialAction":[{"@type":"SearchAction","target":{"@type":"EntryPoint","urlTemplate":"https:\/\/decoplanta.com\/fr\/?s={search_term_string}"},"query-input":{"@type":"PropertyValueSpecification","valueRequired":true,"valueName":"search_term_string"}}],"inLanguage":"fr-FR"},{"@type":"Organization","@id":"https:\/\/decoplanta.com\/fr\/#organization","name":"PLANTES ET ARBRES ARTIFICIELS TR\u00c8S R\u00c9ALISTES","url":"https:\/\/decoplanta.com\/fr\/","logo":{"@type":"ImageObject","inLanguage":"fr-FR","@id":"https:\/\/decoplanta.com\/fr\/#\/schema\/logo\/image\/","url":"https:\/\/decoplanta.com\/wp-content\/uploads\/2021\/02\/decoplanta-logo2020.svg","contentUrl":"https:\/\/decoplanta.com\/wp-content\/uploads\/2021\/02\/decoplanta-logo2020.svg","width":500,"height":500,"caption":"PLANTES ET ARBRES ARTIFICIELS TR\u00c8S R\u00c9ALISTES"},"image":{"@id":"https:\/\/decoplanta.com\/fr\/#\/schema\/logo\/image\/"}}]}},"_links":{"self":[{"href":"https:\/\/decoplanta.com\/fr\/wp-json\/wp\/v2\/product\/3329","targetHints":{"allow":["GET"]}}],"collection":[{"href":"https:\/\/decoplanta.com\/fr\/wp-json\/wp\/v2\/product"}],"about":[{"href":"https:\/\/decoplanta.com\/fr\/wp-json\/wp\/v2\/types\/product"}],"version-history":[{"count":0,"href":"https:\/\/decoplanta.com\/fr\/wp-json\/wp\/v2\/product\/3329\/revisions"}],"wp:featuredmedia":[{"embeddable":true,"href":"https:\/\/decoplanta.com\/fr\/wp-json\/wp\/v2\/media\/2671"}],"wp:attachment":[{"href":"https:\/\/decoplanta.com\/fr\/wp-json\/wp\/v2\/media?parent=3329"}],"wp:term":[{"taxonomy":"product_brand","embeddable":true,"href":"https:\/\/decoplanta.com\/fr\/wp-json\/wp\/v2\/product_brand?post=3329"},{"taxonomy":"product_cat","embeddable":true,"href":"https:\/\/decoplanta.com\/fr\/wp-json\/wp\/v2\/product_cat?post=3329"},{"taxonomy":"product_tag","embeddable":true,"href":"https:\/\/decoplanta.com\/fr\/wp-json\/wp\/v2\/product_tag?post=3329"}],"curies":[{"name":"wp","href":"https:\/\/api.w.org\/{rel}","templated":true}]}}