{"id":3340,"date":"2021-04-17T17:06:37","date_gmt":"2021-12-13T10:42:52","guid":{"rendered":"https:\/\/decoplanta.com\/non%20class\u00e9\/guirlande-dfougere\/"},"modified":"2021-12-13T11:57:32","modified_gmt":"2021-12-13T10:57:32","slug":"guirlande-de-fougere","status":"publish","type":"product","link":"https:\/\/decoplanta.com\/fr\/plantes-suspendues-artificielles\/guirlande-de-fougere\/","title":{"rendered":"Guirlande d&rsquo;FOUG\u00c8RE"},"content":{"rendered":"<p>Guirlande de FOUG\u00c8RE artificielle ou plante suspendue de FOUG\u00c8RE 150 cm. Couleur verte. Parfait pour d\u00e9corer des pergolas ou plant\u00e9 dans des pots muraux ou en compl\u00e9ment pour concevoir votre propre mur v\u00e9g\u00e9tal. Utilisation en int\u00e9rieur.<\/p>\n<p>Ils sont vendus en bo\u00eetes indivisibles de 6 unit\u00e9s. Prix unitaire dans notre <a href=\"https:\/\/decoplanta.com\/catalogo\/TarifasDecoplanta-CatalogoDistribuidor-HR.pdf\" target=\"_blank\" rel=\"noopener\">catalogue.<\/a><\/p>\n<table dir=\"ltr\" border=\"1\" cellspacing=\"0\" cellpadding=\"0\">\n<colgroup>\n<col width=\"93\">\n<col width=\"138\">\n<col width=\"255\">\n<col width=\"65\">\n<col width=\"132\"><\/colgroup>\n<tbody>\n<tr>\n<td data-sheets-value=\"{\"1\":3,\"3\":425143}\">425143<\/td>\n<td data-sheets-value=\"{\"1\":2,\"2\":\"Planta Colgante GUIRNALDA HELECHO\"}\">Guirlande de FOUG\u00c8RE<\/td>\n<td data-sheets-value=\"{\"1\":2,\"2\":\"Planta colgante GIRNALDA HELECHO de 150 cm. Color verde\"}\">Guirlande de FOUG\u00c8RE artificielle 150 cm. Couleur verte<\/td>\n<td data-sheets-value=\"{\"1\":3,\"3\":18.01}\" data-sheets-numberformat=\"{\"1\":4,\"2\":\"#,##0.00[$ \u20ac]\"}\">18,01 \u20ac<\/td>\n<td data-sheets-value=\"{\"1\":3,\"3\":6}\">6<\/td>\n<\/tr>\n<\/tbody>\n<\/table>\n","protected":false},"excerpt":{"rendered":"<p>Guirlande de FOUG\u00c8RE artificielle ou plante suspendue d&rsquo;FOUG\u00c8RE de 150 cm de couleur verte lumineuse. Parfait pour d\u00e9corer des pergolas ou plant\u00e9 dans des pots muraux ou en compl\u00e9ment pour concevoir votre propre mur v\u00e9g\u00e9tal. Utilisation en int\u00e9rieur.<\/p>\n<p>Ils sont vendus en bo\u00eetes indivisibles de 6 unit\u00e9s. Prix unitaire dans notre <a href=\"https:\/\/decoplanta.com\/catalogo\/TarifsDecoplanta-CatalogueDistributeurs-HR-FR.pdf\" target=\"_blank\" rel=\"noopener\">catalogue.<\/a><\/p>\n<table>\n<tbody>\n<tr>\n<td><strong>R\u00c9F<\/strong><\/td>\n<td><strong>LONGUEUR<\/strong><\/td>\n<\/tr>\n<tr>\n<td><strong>425143<\/strong><\/td>\n<td>150 cm<\/td>\n<\/tr>\n<\/tbody>\n<\/table>\n","protected":false},"featured_media":2674,"template":"","meta":{"_monsterinsights_skip_tracking":false,"_monsterinsights_sitenote_active":false,"_monsterinsights_sitenote_note":"","_monsterinsights_sitenote_category":0},"product_brand":[],"product_cat":[249],"product_tag":[269,267],"class_list":{"0":"post-3340","1":"product","2":"type-product","3":"status-publish","4":"has-post-thumbnail","6":"product_cat-plantes-suspendues-artificielles","7":"product_tag-fougere-dinterieur","8":"product_tag-guirlande-de-feuilles-artificielles","9":"","10":"woocommerce-text-align-center","11":"woocommerce-image-align-center","12":"do-quantity-buttons","14":"first","15":"instock","16":"taxable","17":"shipping-taxable","18":"purchasable","19":"product-type-simple"},"yoast_head":"<!-- This site is optimized with the Yoast SEO plugin v27.3 - https:\/\/yoast.com\/product\/yoast-seo-wordpress\/ -->\n<title>Guirlande de FOUG\u00c8RE artificielle de 150 cm de long. Haut r\u00e9alisme.<\/title>\n<meta name=\"description\" content=\"Guirlande de FOUG\u00c8RE artificielle de grand r\u00e9alisme. Parfait pour les pergolas, la plantation en pot ou pour cr\u00e9er votre propre mur v\u00e9g\u00e9tal\" \/>\n<meta name=\"robots\" content=\"index, follow, max-snippet:-1, max-image-preview:large, max-video-preview:-1\" \/>\n<link rel=\"canonical\" href=\"https:\/\/decoplanta.com\/fr\/plantes-suspendues-artificielles\/guirlande-de-fougere\/\" \/>\n<meta property=\"og:locale\" content=\"fr_FR\" \/>\n<meta property=\"og:type\" content=\"article\" \/>\n<meta property=\"og:title\" content=\"Guirlande de FOUG\u00c8RE artificielle de 150 cm de long. Haut r\u00e9alisme.\" \/>\n<meta property=\"og:description\" content=\"Guirlande de FOUG\u00c8RE artificielle de grand r\u00e9alisme. Parfait pour les pergolas, la plantation en pot ou pour cr\u00e9er votre propre mur v\u00e9g\u00e9tal\" \/>\n<meta property=\"og:url\" content=\"https:\/\/decoplanta.com\/fr\/plantes-suspendues-artificielles\/guirlande-de-fougere\/\" \/>\n<meta property=\"og:site_name\" content=\"PLANTES ET ARBRES ARTIFICIELS TR\u00c8S R\u00c9ALISTES\" \/>\n<meta property=\"article:modified_time\" content=\"2021-12-13T10:57:32+00:00\" \/>\n<meta property=\"og:image\" content=\"https:\/\/decoplanta.com\/wp-content\/uploads\/2021\/04\/425143-GUIRNALDA_HELECHO.jpg\" \/>\n\t<meta property=\"og:image:width\" content=\"1980\" \/>\n\t<meta property=\"og:image:height\" content=\"1980\" \/>\n\t<meta property=\"og:image:type\" content=\"image\/jpeg\" \/>\n<meta name=\"twitter:card\" content=\"summary_large_image\" \/>\n<script type=\"application\/ld+json\" class=\"yoast-schema-graph\">{\"@context\":\"https:\\\/\\\/schema.org\",\"@graph\":[{\"@type\":\"WebPage\",\"@id\":\"https:\\\/\\\/decoplanta.com\\\/fr\\\/plantes-suspendues-artificielles\\\/guirlande-de-fougere\\\/\",\"url\":\"https:\\\/\\\/decoplanta.com\\\/fr\\\/plantes-suspendues-artificielles\\\/guirlande-de-fougere\\\/\",\"name\":\"Guirlande de FOUG\u00c8RE artificielle de 150 cm de long. Haut r\u00e9alisme.\",\"isPartOf\":{\"@id\":\"https:\\\/\\\/decoplanta.com\\\/fr\\\/#website\"},\"primaryImageOfPage\":{\"@id\":\"https:\\\/\\\/decoplanta.com\\\/fr\\\/plantes-suspendues-artificielles\\\/guirlande-de-fougere\\\/#primaryimage\"},\"image\":{\"@id\":\"https:\\\/\\\/decoplanta.com\\\/fr\\\/plantes-suspendues-artificielles\\\/guirlande-de-fougere\\\/#primaryimage\"},\"thumbnailUrl\":\"https:\\\/\\\/decoplanta.com\\\/wp-content\\\/uploads\\\/2021\\\/04\\\/425143-GUIRNALDA_HELECHO.jpg\",\"datePublished\":\"2021-12-13T10:42:52+00:00\",\"dateModified\":\"2021-12-13T10:57:32+00:00\",\"description\":\"Guirlande de FOUG\u00c8RE artificielle de grand r\u00e9alisme. Parfait pour les pergolas, la plantation en pot ou pour cr\u00e9er votre propre mur v\u00e9g\u00e9tal\",\"breadcrumb\":{\"@id\":\"https:\\\/\\\/decoplanta.com\\\/fr\\\/plantes-suspendues-artificielles\\\/guirlande-de-fougere\\\/#breadcrumb\"},\"inLanguage\":\"fr-FR\",\"potentialAction\":[{\"@type\":\"ReadAction\",\"target\":[\"https:\\\/\\\/decoplanta.com\\\/fr\\\/plantes-suspendues-artificielles\\\/guirlande-de-fougere\\\/\"]}]},{\"@type\":\"ImageObject\",\"inLanguage\":\"fr-FR\",\"@id\":\"https:\\\/\\\/decoplanta.com\\\/fr\\\/plantes-suspendues-artificielles\\\/guirlande-de-fougere\\\/#primaryimage\",\"url\":\"https:\\\/\\\/decoplanta.com\\\/wp-content\\\/uploads\\\/2021\\\/04\\\/425143-GUIRNALDA_HELECHO.jpg\",\"contentUrl\":\"https:\\\/\\\/decoplanta.com\\\/wp-content\\\/uploads\\\/2021\\\/04\\\/425143-GUIRNALDA_HELECHO.jpg\",\"width\":1980,\"height\":1980,\"caption\":\"Guirlande d'FOUG\u00c8RE artificielle 150 cm. Couleur verte\"},{\"@type\":\"BreadcrumbList\",\"@id\":\"https:\\\/\\\/decoplanta.com\\\/fr\\\/plantes-suspendues-artificielles\\\/guirlande-de-fougere\\\/#breadcrumb\",\"itemListElement\":[{\"@type\":\"ListItem\",\"position\":1,\"name\":\"Portada\",\"item\":\"https:\\\/\\\/decoplanta.com\\\/fr\\\/\"},{\"@type\":\"ListItem\",\"position\":2,\"name\":\"Priv\u00e9\u00a0: Tienda\",\"item\":\"https:\\\/\\\/decoplanta.com\\\/?page_id=377\"},{\"@type\":\"ListItem\",\"position\":3,\"name\":\"Guirlande d&#8217;FOUG\u00c8RE\"}]},{\"@type\":\"WebSite\",\"@id\":\"https:\\\/\\\/decoplanta.com\\\/fr\\\/#website\",\"url\":\"https:\\\/\\\/decoplanta.com\\\/fr\\\/\",\"name\":\"PLANTES ET ARBRES ARTIFICIELS TR\u00c8S R\u00c9ALISTES\",\"description\":\"Proveedor de Plantas artificiales para estudios de Arquitectura, Interiorismo, Paisajismo, Escenograf\u00eda, Tiendas de Decoraci\u00f3n Florister\u00edas y Mobiliario\",\"publisher\":{\"@id\":\"https:\\\/\\\/decoplanta.com\\\/fr\\\/#organization\"},\"potentialAction\":[{\"@type\":\"SearchAction\",\"target\":{\"@type\":\"EntryPoint\",\"urlTemplate\":\"https:\\\/\\\/decoplanta.com\\\/fr\\\/?s={search_term_string}\"},\"query-input\":{\"@type\":\"PropertyValueSpecification\",\"valueRequired\":true,\"valueName\":\"search_term_string\"}}],\"inLanguage\":\"fr-FR\"},{\"@type\":\"Organization\",\"@id\":\"https:\\\/\\\/decoplanta.com\\\/fr\\\/#organization\",\"name\":\"PLANTES ET ARBRES ARTIFICIELS TR\u00c8S R\u00c9ALISTES\",\"url\":\"https:\\\/\\\/decoplanta.com\\\/fr\\\/\",\"logo\":{\"@type\":\"ImageObject\",\"inLanguage\":\"fr-FR\",\"@id\":\"https:\\\/\\\/decoplanta.com\\\/fr\\\/#\\\/schema\\\/logo\\\/image\\\/\",\"url\":\"https:\\\/\\\/decoplanta.com\\\/wp-content\\\/uploads\\\/2021\\\/02\\\/decoplanta-logo2020.svg\",\"contentUrl\":\"https:\\\/\\\/decoplanta.com\\\/wp-content\\\/uploads\\\/2021\\\/02\\\/decoplanta-logo2020.svg\",\"width\":500,\"height\":500,\"caption\":\"PLANTES ET ARBRES ARTIFICIELS TR\u00c8S R\u00c9ALISTES\"},\"image\":{\"@id\":\"https:\\\/\\\/decoplanta.com\\\/fr\\\/#\\\/schema\\\/logo\\\/image\\\/\"}}]}<\/script>\n<!-- \/ Yoast SEO plugin. -->","yoast_head_json":{"title":"Guirlande de FOUG\u00c8RE artificielle de 150 cm de long. Haut r\u00e9alisme.","description":"Guirlande de FOUG\u00c8RE artificielle de grand r\u00e9alisme. Parfait pour les pergolas, la plantation en pot ou pour cr\u00e9er votre propre mur v\u00e9g\u00e9tal","robots":{"index":"index","follow":"follow","max-snippet":"max-snippet:-1","max-image-preview":"max-image-preview:large","max-video-preview":"max-video-preview:-1"},"canonical":"https:\/\/decoplanta.com\/fr\/plantes-suspendues-artificielles\/guirlande-de-fougere\/","og_locale":"fr_FR","og_type":"article","og_title":"Guirlande de FOUG\u00c8RE artificielle de 150 cm de long. Haut r\u00e9alisme.","og_description":"Guirlande de FOUG\u00c8RE artificielle de grand r\u00e9alisme. Parfait pour les pergolas, la plantation en pot ou pour cr\u00e9er votre propre mur v\u00e9g\u00e9tal","og_url":"https:\/\/decoplanta.com\/fr\/plantes-suspendues-artificielles\/guirlande-de-fougere\/","og_site_name":"PLANTES ET ARBRES ARTIFICIELS TR\u00c8S R\u00c9ALISTES","article_modified_time":"2021-12-13T10:57:32+00:00","og_image":[{"width":1980,"height":1980,"url":"https:\/\/decoplanta.com\/wp-content\/uploads\/2021\/04\/425143-GUIRNALDA_HELECHO.jpg","type":"image\/jpeg"}],"twitter_card":"summary_large_image","schema":{"@context":"https:\/\/schema.org","@graph":[{"@type":"WebPage","@id":"https:\/\/decoplanta.com\/fr\/plantes-suspendues-artificielles\/guirlande-de-fougere\/","url":"https:\/\/decoplanta.com\/fr\/plantes-suspendues-artificielles\/guirlande-de-fougere\/","name":"Guirlande de FOUG\u00c8RE artificielle de 150 cm de long. Haut r\u00e9alisme.","isPartOf":{"@id":"https:\/\/decoplanta.com\/fr\/#website"},"primaryImageOfPage":{"@id":"https:\/\/decoplanta.com\/fr\/plantes-suspendues-artificielles\/guirlande-de-fougere\/#primaryimage"},"image":{"@id":"https:\/\/decoplanta.com\/fr\/plantes-suspendues-artificielles\/guirlande-de-fougere\/#primaryimage"},"thumbnailUrl":"https:\/\/decoplanta.com\/wp-content\/uploads\/2021\/04\/425143-GUIRNALDA_HELECHO.jpg","datePublished":"2021-12-13T10:42:52+00:00","dateModified":"2021-12-13T10:57:32+00:00","description":"Guirlande de FOUG\u00c8RE artificielle de grand r\u00e9alisme. Parfait pour les pergolas, la plantation en pot ou pour cr\u00e9er votre propre mur v\u00e9g\u00e9tal","breadcrumb":{"@id":"https:\/\/decoplanta.com\/fr\/plantes-suspendues-artificielles\/guirlande-de-fougere\/#breadcrumb"},"inLanguage":"fr-FR","potentialAction":[{"@type":"ReadAction","target":["https:\/\/decoplanta.com\/fr\/plantes-suspendues-artificielles\/guirlande-de-fougere\/"]}]},{"@type":"ImageObject","inLanguage":"fr-FR","@id":"https:\/\/decoplanta.com\/fr\/plantes-suspendues-artificielles\/guirlande-de-fougere\/#primaryimage","url":"https:\/\/decoplanta.com\/wp-content\/uploads\/2021\/04\/425143-GUIRNALDA_HELECHO.jpg","contentUrl":"https:\/\/decoplanta.com\/wp-content\/uploads\/2021\/04\/425143-GUIRNALDA_HELECHO.jpg","width":1980,"height":1980,"caption":"Guirlande d'FOUG\u00c8RE artificielle 150 cm. Couleur verte"},{"@type":"BreadcrumbList","@id":"https:\/\/decoplanta.com\/fr\/plantes-suspendues-artificielles\/guirlande-de-fougere\/#breadcrumb","itemListElement":[{"@type":"ListItem","position":1,"name":"Portada","item":"https:\/\/decoplanta.com\/fr\/"},{"@type":"ListItem","position":2,"name":"Priv\u00e9\u00a0: Tienda","item":"https:\/\/decoplanta.com\/?page_id=377"},{"@type":"ListItem","position":3,"name":"Guirlande d&#8217;FOUG\u00c8RE"}]},{"@type":"WebSite","@id":"https:\/\/decoplanta.com\/fr\/#website","url":"https:\/\/decoplanta.com\/fr\/","name":"PLANTES ET ARBRES ARTIFICIELS TR\u00c8S R\u00c9ALISTES","description":"Proveedor de Plantas artificiales para estudios de Arquitectura, Interiorismo, Paisajismo, Escenograf\u00eda, Tiendas de Decoraci\u00f3n Florister\u00edas y Mobiliario","publisher":{"@id":"https:\/\/decoplanta.com\/fr\/#organization"},"potentialAction":[{"@type":"SearchAction","target":{"@type":"EntryPoint","urlTemplate":"https:\/\/decoplanta.com\/fr\/?s={search_term_string}"},"query-input":{"@type":"PropertyValueSpecification","valueRequired":true,"valueName":"search_term_string"}}],"inLanguage":"fr-FR"},{"@type":"Organization","@id":"https:\/\/decoplanta.com\/fr\/#organization","name":"PLANTES ET ARBRES ARTIFICIELS TR\u00c8S R\u00c9ALISTES","url":"https:\/\/decoplanta.com\/fr\/","logo":{"@type":"ImageObject","inLanguage":"fr-FR","@id":"https:\/\/decoplanta.com\/fr\/#\/schema\/logo\/image\/","url":"https:\/\/decoplanta.com\/wp-content\/uploads\/2021\/02\/decoplanta-logo2020.svg","contentUrl":"https:\/\/decoplanta.com\/wp-content\/uploads\/2021\/02\/decoplanta-logo2020.svg","width":500,"height":500,"caption":"PLANTES ET ARBRES ARTIFICIELS TR\u00c8S R\u00c9ALISTES"},"image":{"@id":"https:\/\/decoplanta.com\/fr\/#\/schema\/logo\/image\/"}}]}},"_links":{"self":[{"href":"https:\/\/decoplanta.com\/fr\/wp-json\/wp\/v2\/product\/3340","targetHints":{"allow":["GET"]}}],"collection":[{"href":"https:\/\/decoplanta.com\/fr\/wp-json\/wp\/v2\/product"}],"about":[{"href":"https:\/\/decoplanta.com\/fr\/wp-json\/wp\/v2\/types\/product"}],"version-history":[{"count":0,"href":"https:\/\/decoplanta.com\/fr\/wp-json\/wp\/v2\/product\/3340\/revisions"}],"wp:featuredmedia":[{"embeddable":true,"href":"https:\/\/decoplanta.com\/fr\/wp-json\/wp\/v2\/media\/2674"}],"wp:attachment":[{"href":"https:\/\/decoplanta.com\/fr\/wp-json\/wp\/v2\/media?parent=3340"}],"wp:term":[{"taxonomy":"product_brand","embeddable":true,"href":"https:\/\/decoplanta.com\/fr\/wp-json\/wp\/v2\/product_brand?post=3340"},{"taxonomy":"product_cat","embeddable":true,"href":"https:\/\/decoplanta.com\/fr\/wp-json\/wp\/v2\/product_cat?post=3340"},{"taxonomy":"product_tag","embeddable":true,"href":"https:\/\/decoplanta.com\/fr\/wp-json\/wp\/v2\/product_tag?post=3340"}],"curies":[{"name":"wp","href":"https:\/\/api.w.org\/{rel}","templated":true}]}}