{"id":3367,"date":"2021-04-17T12:36:10","date_gmt":"2021-12-13T12:50:28","guid":{"rendered":"https:\/\/decoplanta.com\/non%20class\u00e9\/fougere-flebodium\/"},"modified":"2023-10-31T10:39:49","modified_gmt":"2023-10-31T09:39:49","slug":"fougere-phlebodium","status":"publish","type":"product","link":"https:\/\/decoplanta.com\/fr\/mini-plantes\/fougere-phlebodium\/","title":{"rendered":"Foug\u00e8re FLEBODIUM 67cm"},"content":{"rendered":"<p>FOUG\u00c8RE FLEBODIUM artificielle d&rsquo;une hauteur totale de 67 cm avec un verre finition or de 15 cm. Un r\u00e9alisme incroyable pour la d\u00e9coration int\u00e9rieure. R\u00e9plique de la foug\u00e8re appel\u00e9e Nephrolepis exaltata. Vendu \u00e0 l&rsquo;unit\u00e9.<\/p>\n<table dir=\"ltr\" border=\"1\" cellspacing=\"0\" cellpadding=\"0\">\n<colgroup>\n<col width=\"93\" \/>\n<col width=\"138\" \/>\n<col width=\"255\" \/>\n<col width=\"65\" \/>\n<col width=\"132\" \/><\/colgroup>\n<tbody>\n<tr>\n<td data-sheets-value=\"{\">427723<\/td>\n<td data-sheets-value=\"{\">Foug\u00e8re FLEBODIUM<\/td>\n<td data-sheets-value=\"{\" data-sheets-numberformat=\"{\">Foug\u00e8re phl\u00e9bodium d&rsquo;une hauteur totale de 67 cm avec un vase finition or de 15 cm.<\/td>\n<td data-sheets-value=\"{\" data-sheets-numberformat=\"{\">27,98 \u20ac<\/td>\n<td data-sheets-value=\"{\">1<\/td>\n<\/tr>\n<\/tbody>\n<\/table>\n","protected":false},"excerpt":{"rendered":"<p>FOUG\u00c8RE FLEBODIUM artificielle d&rsquo;une hauteur totale de 67 cm avec un verre finition or de 15 cm. Un r\u00e9alisme incroyable pour la d\u00e9coration int\u00e9rieure.<\/p>\n<table>\n<tbody>\n<tr>\n<td><strong>R\u00c9F<\/strong><\/td>\n<td><strong>HAUTEUR<\/strong><\/td>\n<\/tr>\n<tr>\n<td>427723<\/td>\n<td>67 cm<\/td>\n<\/tr>\n<\/tbody>\n<\/table>\n","protected":false},"featured_media":2657,"template":"","meta":{"_monsterinsights_skip_tracking":false,"_monsterinsights_sitenote_active":false,"_monsterinsights_sitenote_note":"","_monsterinsights_sitenote_category":0},"product_brand":[],"product_cat":[247],"product_tag":[269,262,278],"class_list":{"0":"post-3367","1":"product","2":"type-product","3":"status-publish","4":"has-post-thumbnail","6":"product_cat-mini-plantes","7":"product_tag-fougere-dinterieur","8":"product_tag-petites-plantes","9":"product_tag-plante-tropicale","10":"","11":"woocommerce-text-align-center","12":"woocommerce-image-align-center","13":"do-quantity-buttons","15":"first","16":"instock","17":"taxable","18":"shipping-taxable","19":"purchasable","20":"product-type-simple"},"yoast_head":"<!-- This site is optimized with the Yoast SEO plugin v27.3 - https:\/\/yoast.com\/product\/yoast-seo-wordpress\/ -->\n<title>FOUG\u00c8RE FLEBODIUM artificielle - Haute r\u00e9alisme \u00e0 l&#039;int\u00e9rieur<\/title>\n<meta name=\"description\" content=\"FOUG\u00c8RE FLEBODIUM artificielle d&#039;un r\u00e9alisme incroyable pour les centres de d\u00e9coration d&#039;int\u00e9rieur. 67 cm de haut dans un verre dor\u00e9 de 15 cm\" \/>\n<meta name=\"robots\" content=\"index, follow, max-snippet:-1, max-image-preview:large, max-video-preview:-1\" \/>\n<link rel=\"canonical\" href=\"https:\/\/decoplanta.com\/fr\/mini-plantes\/fougere-phlebodium\/\" \/>\n<meta property=\"og:locale\" content=\"fr_FR\" \/>\n<meta property=\"og:type\" content=\"article\" \/>\n<meta property=\"og:title\" content=\"FOUG\u00c8RE FLEBODIUM artificielle - Haute r\u00e9alisme \u00e0 l&#039;int\u00e9rieur\" \/>\n<meta property=\"og:description\" content=\"FOUG\u00c8RE FLEBODIUM artificielle d&#039;un r\u00e9alisme incroyable pour les centres de d\u00e9coration d&#039;int\u00e9rieur. 67 cm de haut dans un verre dor\u00e9 de 15 cm\" \/>\n<meta property=\"og:url\" content=\"https:\/\/decoplanta.com\/fr\/mini-plantes\/fougere-phlebodium\/\" \/>\n<meta property=\"og:site_name\" content=\"PLANTES ET ARBRES ARTIFICIELS TR\u00c8S R\u00c9ALISTES\" \/>\n<meta property=\"article:modified_time\" content=\"2023-10-31T09:39:49+00:00\" \/>\n<meta property=\"og:image\" content=\"https:\/\/decoplanta.com\/wp-content\/uploads\/2021\/04\/427723-HELECHO_FLEBODIO.jpg\" \/>\n\t<meta property=\"og:image:width\" content=\"2499\" \/>\n\t<meta property=\"og:image:height\" content=\"2499\" \/>\n\t<meta property=\"og:image:type\" content=\"image\/jpeg\" \/>\n<meta name=\"twitter:card\" content=\"summary_large_image\" \/>\n<meta name=\"twitter:label1\" content=\"Dur\u00e9e de lecture estim\u00e9e\" \/>\n\t<meta name=\"twitter:data1\" content=\"1 minute\" \/>\n<script type=\"application\/ld+json\" class=\"yoast-schema-graph\">{\"@context\":\"https:\\\/\\\/schema.org\",\"@graph\":[{\"@type\":\"WebPage\",\"@id\":\"https:\\\/\\\/decoplanta.com\\\/fr\\\/mini-plantes\\\/fougere-phlebodium\\\/\",\"url\":\"https:\\\/\\\/decoplanta.com\\\/fr\\\/mini-plantes\\\/fougere-phlebodium\\\/\",\"name\":\"FOUG\u00c8RE FLEBODIUM artificielle - Haute r\u00e9alisme \u00e0 l'int\u00e9rieur\",\"isPartOf\":{\"@id\":\"https:\\\/\\\/decoplanta.com\\\/fr\\\/#website\"},\"primaryImageOfPage\":{\"@id\":\"https:\\\/\\\/decoplanta.com\\\/fr\\\/mini-plantes\\\/fougere-phlebodium\\\/#primaryimage\"},\"image\":{\"@id\":\"https:\\\/\\\/decoplanta.com\\\/fr\\\/mini-plantes\\\/fougere-phlebodium\\\/#primaryimage\"},\"thumbnailUrl\":\"https:\\\/\\\/decoplanta.com\\\/wp-content\\\/uploads\\\/2021\\\/04\\\/427723-HELECHO_FLEBODIO.jpg\",\"datePublished\":\"2021-12-13T12:50:28+00:00\",\"dateModified\":\"2023-10-31T09:39:49+00:00\",\"description\":\"FOUG\u00c8RE FLEBODIUM artificielle d'un r\u00e9alisme incroyable pour les centres de d\u00e9coration d'int\u00e9rieur. 67 cm de haut dans un verre dor\u00e9 de 15 cm\",\"breadcrumb\":{\"@id\":\"https:\\\/\\\/decoplanta.com\\\/fr\\\/mini-plantes\\\/fougere-phlebodium\\\/#breadcrumb\"},\"inLanguage\":\"fr-FR\",\"potentialAction\":[{\"@type\":\"ReadAction\",\"target\":[\"https:\\\/\\\/decoplanta.com\\\/fr\\\/mini-plantes\\\/fougere-phlebodium\\\/\"]}]},{\"@type\":\"ImageObject\",\"inLanguage\":\"fr-FR\",\"@id\":\"https:\\\/\\\/decoplanta.com\\\/fr\\\/mini-plantes\\\/fougere-phlebodium\\\/#primaryimage\",\"url\":\"https:\\\/\\\/decoplanta.com\\\/wp-content\\\/uploads\\\/2021\\\/04\\\/427723-HELECHO_FLEBODIO.jpg\",\"contentUrl\":\"https:\\\/\\\/decoplanta.com\\\/wp-content\\\/uploads\\\/2021\\\/04\\\/427723-HELECHO_FLEBODIO.jpg\",\"width\":2499,\"height\":2499,\"caption\":\"Foug\u00e8re phl\u00e9bodium artificielle d'une hauteur totale de 67 cm avec un vase finition or de 15 cm.\"},{\"@type\":\"BreadcrumbList\",\"@id\":\"https:\\\/\\\/decoplanta.com\\\/fr\\\/mini-plantes\\\/fougere-phlebodium\\\/#breadcrumb\",\"itemListElement\":[{\"@type\":\"ListItem\",\"position\":1,\"name\":\"Portada\",\"item\":\"https:\\\/\\\/decoplanta.com\\\/fr\\\/\"},{\"@type\":\"ListItem\",\"position\":2,\"name\":\"Priv\u00e9\u00a0: Tienda\",\"item\":\"https:\\\/\\\/decoplanta.com\\\/?page_id=377\"},{\"@type\":\"ListItem\",\"position\":3,\"name\":\"Foug\u00e8re FLEBODIUM 67cm\"}]},{\"@type\":\"WebSite\",\"@id\":\"https:\\\/\\\/decoplanta.com\\\/fr\\\/#website\",\"url\":\"https:\\\/\\\/decoplanta.com\\\/fr\\\/\",\"name\":\"PLANTES ET ARBRES ARTIFICIELS TR\u00c8S R\u00c9ALISTES\",\"description\":\"Proveedor de Plantas artificiales para estudios de Arquitectura, Interiorismo, Paisajismo, Escenograf\u00eda, Tiendas de Decoraci\u00f3n Florister\u00edas y Mobiliario\",\"publisher\":{\"@id\":\"https:\\\/\\\/decoplanta.com\\\/fr\\\/#organization\"},\"potentialAction\":[{\"@type\":\"SearchAction\",\"target\":{\"@type\":\"EntryPoint\",\"urlTemplate\":\"https:\\\/\\\/decoplanta.com\\\/fr\\\/?s={search_term_string}\"},\"query-input\":{\"@type\":\"PropertyValueSpecification\",\"valueRequired\":true,\"valueName\":\"search_term_string\"}}],\"inLanguage\":\"fr-FR\"},{\"@type\":\"Organization\",\"@id\":\"https:\\\/\\\/decoplanta.com\\\/fr\\\/#organization\",\"name\":\"PLANTES ET ARBRES ARTIFICIELS TR\u00c8S R\u00c9ALISTES\",\"url\":\"https:\\\/\\\/decoplanta.com\\\/fr\\\/\",\"logo\":{\"@type\":\"ImageObject\",\"inLanguage\":\"fr-FR\",\"@id\":\"https:\\\/\\\/decoplanta.com\\\/fr\\\/#\\\/schema\\\/logo\\\/image\\\/\",\"url\":\"https:\\\/\\\/decoplanta.com\\\/wp-content\\\/uploads\\\/2021\\\/02\\\/decoplanta-logo2020.svg\",\"contentUrl\":\"https:\\\/\\\/decoplanta.com\\\/wp-content\\\/uploads\\\/2021\\\/02\\\/decoplanta-logo2020.svg\",\"width\":500,\"height\":500,\"caption\":\"PLANTES ET ARBRES ARTIFICIELS TR\u00c8S R\u00c9ALISTES\"},\"image\":{\"@id\":\"https:\\\/\\\/decoplanta.com\\\/fr\\\/#\\\/schema\\\/logo\\\/image\\\/\"}}]}<\/script>\n<!-- \/ Yoast SEO plugin. -->","yoast_head_json":{"title":"FOUG\u00c8RE FLEBODIUM artificielle - Haute r\u00e9alisme \u00e0 l'int\u00e9rieur","description":"FOUG\u00c8RE FLEBODIUM artificielle d'un r\u00e9alisme incroyable pour les centres de d\u00e9coration d'int\u00e9rieur. 67 cm de haut dans un verre dor\u00e9 de 15 cm","robots":{"index":"index","follow":"follow","max-snippet":"max-snippet:-1","max-image-preview":"max-image-preview:large","max-video-preview":"max-video-preview:-1"},"canonical":"https:\/\/decoplanta.com\/fr\/mini-plantes\/fougere-phlebodium\/","og_locale":"fr_FR","og_type":"article","og_title":"FOUG\u00c8RE FLEBODIUM artificielle - Haute r\u00e9alisme \u00e0 l'int\u00e9rieur","og_description":"FOUG\u00c8RE FLEBODIUM artificielle d'un r\u00e9alisme incroyable pour les centres de d\u00e9coration d'int\u00e9rieur. 67 cm de haut dans un verre dor\u00e9 de 15 cm","og_url":"https:\/\/decoplanta.com\/fr\/mini-plantes\/fougere-phlebodium\/","og_site_name":"PLANTES ET ARBRES ARTIFICIELS TR\u00c8S R\u00c9ALISTES","article_modified_time":"2023-10-31T09:39:49+00:00","og_image":[{"width":2499,"height":2499,"url":"https:\/\/decoplanta.com\/wp-content\/uploads\/2021\/04\/427723-HELECHO_FLEBODIO.jpg","type":"image\/jpeg"}],"twitter_card":"summary_large_image","twitter_misc":{"Dur\u00e9e de lecture estim\u00e9e":"1 minute"},"schema":{"@context":"https:\/\/schema.org","@graph":[{"@type":"WebPage","@id":"https:\/\/decoplanta.com\/fr\/mini-plantes\/fougere-phlebodium\/","url":"https:\/\/decoplanta.com\/fr\/mini-plantes\/fougere-phlebodium\/","name":"FOUG\u00c8RE FLEBODIUM artificielle - Haute r\u00e9alisme \u00e0 l'int\u00e9rieur","isPartOf":{"@id":"https:\/\/decoplanta.com\/fr\/#website"},"primaryImageOfPage":{"@id":"https:\/\/decoplanta.com\/fr\/mini-plantes\/fougere-phlebodium\/#primaryimage"},"image":{"@id":"https:\/\/decoplanta.com\/fr\/mini-plantes\/fougere-phlebodium\/#primaryimage"},"thumbnailUrl":"https:\/\/decoplanta.com\/wp-content\/uploads\/2021\/04\/427723-HELECHO_FLEBODIO.jpg","datePublished":"2021-12-13T12:50:28+00:00","dateModified":"2023-10-31T09:39:49+00:00","description":"FOUG\u00c8RE FLEBODIUM artificielle d'un r\u00e9alisme incroyable pour les centres de d\u00e9coration d'int\u00e9rieur. 67 cm de haut dans un verre dor\u00e9 de 15 cm","breadcrumb":{"@id":"https:\/\/decoplanta.com\/fr\/mini-plantes\/fougere-phlebodium\/#breadcrumb"},"inLanguage":"fr-FR","potentialAction":[{"@type":"ReadAction","target":["https:\/\/decoplanta.com\/fr\/mini-plantes\/fougere-phlebodium\/"]}]},{"@type":"ImageObject","inLanguage":"fr-FR","@id":"https:\/\/decoplanta.com\/fr\/mini-plantes\/fougere-phlebodium\/#primaryimage","url":"https:\/\/decoplanta.com\/wp-content\/uploads\/2021\/04\/427723-HELECHO_FLEBODIO.jpg","contentUrl":"https:\/\/decoplanta.com\/wp-content\/uploads\/2021\/04\/427723-HELECHO_FLEBODIO.jpg","width":2499,"height":2499,"caption":"Foug\u00e8re phl\u00e9bodium artificielle d'une hauteur totale de 67 cm avec un vase finition or de 15 cm."},{"@type":"BreadcrumbList","@id":"https:\/\/decoplanta.com\/fr\/mini-plantes\/fougere-phlebodium\/#breadcrumb","itemListElement":[{"@type":"ListItem","position":1,"name":"Portada","item":"https:\/\/decoplanta.com\/fr\/"},{"@type":"ListItem","position":2,"name":"Priv\u00e9\u00a0: Tienda","item":"https:\/\/decoplanta.com\/?page_id=377"},{"@type":"ListItem","position":3,"name":"Foug\u00e8re FLEBODIUM 67cm"}]},{"@type":"WebSite","@id":"https:\/\/decoplanta.com\/fr\/#website","url":"https:\/\/decoplanta.com\/fr\/","name":"PLANTES ET ARBRES ARTIFICIELS TR\u00c8S R\u00c9ALISTES","description":"Proveedor de Plantas artificiales para estudios de Arquitectura, Interiorismo, Paisajismo, Escenograf\u00eda, Tiendas de Decoraci\u00f3n Florister\u00edas y Mobiliario","publisher":{"@id":"https:\/\/decoplanta.com\/fr\/#organization"},"potentialAction":[{"@type":"SearchAction","target":{"@type":"EntryPoint","urlTemplate":"https:\/\/decoplanta.com\/fr\/?s={search_term_string}"},"query-input":{"@type":"PropertyValueSpecification","valueRequired":true,"valueName":"search_term_string"}}],"inLanguage":"fr-FR"},{"@type":"Organization","@id":"https:\/\/decoplanta.com\/fr\/#organization","name":"PLANTES ET ARBRES ARTIFICIELS TR\u00c8S R\u00c9ALISTES","url":"https:\/\/decoplanta.com\/fr\/","logo":{"@type":"ImageObject","inLanguage":"fr-FR","@id":"https:\/\/decoplanta.com\/fr\/#\/schema\/logo\/image\/","url":"https:\/\/decoplanta.com\/wp-content\/uploads\/2021\/02\/decoplanta-logo2020.svg","contentUrl":"https:\/\/decoplanta.com\/wp-content\/uploads\/2021\/02\/decoplanta-logo2020.svg","width":500,"height":500,"caption":"PLANTES ET ARBRES ARTIFICIELS TR\u00c8S R\u00c9ALISTES"},"image":{"@id":"https:\/\/decoplanta.com\/fr\/#\/schema\/logo\/image\/"}}]}},"_links":{"self":[{"href":"https:\/\/decoplanta.com\/fr\/wp-json\/wp\/v2\/product\/3367","targetHints":{"allow":["GET"]}}],"collection":[{"href":"https:\/\/decoplanta.com\/fr\/wp-json\/wp\/v2\/product"}],"about":[{"href":"https:\/\/decoplanta.com\/fr\/wp-json\/wp\/v2\/types\/product"}],"version-history":[{"count":0,"href":"https:\/\/decoplanta.com\/fr\/wp-json\/wp\/v2\/product\/3367\/revisions"}],"wp:featuredmedia":[{"embeddable":true,"href":"https:\/\/decoplanta.com\/fr\/wp-json\/wp\/v2\/media\/2657"}],"wp:attachment":[{"href":"https:\/\/decoplanta.com\/fr\/wp-json\/wp\/v2\/media?parent=3367"}],"wp:term":[{"taxonomy":"product_brand","embeddable":true,"href":"https:\/\/decoplanta.com\/fr\/wp-json\/wp\/v2\/product_brand?post=3367"},{"taxonomy":"product_cat","embeddable":true,"href":"https:\/\/decoplanta.com\/fr\/wp-json\/wp\/v2\/product_cat?post=3367"},{"taxonomy":"product_tag","embeddable":true,"href":"https:\/\/decoplanta.com\/fr\/wp-json\/wp\/v2\/product_tag?post=3367"}],"curies":[{"name":"wp","href":"https:\/\/api.w.org\/{rel}","templated":true}]}}