{"id":3373,"date":"2021-04-17T11:52:29","date_gmt":"2021-12-13T13:14:04","guid":{"rendered":"https:\/\/decoplanta.com\/non%20class\u00e9\/oncidium\/"},"modified":"2023-10-31T10:41:10","modified_gmt":"2023-10-31T09:41:10","slug":"oncidium","status":"publish","type":"product","link":"https:\/\/decoplanta.com\/fr\/mini-plantes\/oncidium\/","title":{"rendered":"ONCIDIUM 45cm"},"content":{"rendered":"<p>Plante Oncidium artificielle de Bourgogne, avec une base feuillue de feuilles vertes et une pot en c\u00e9ramique. Hauteur totale 45cm. Id\u00e9al pour d\u00e9corer votre bureau avec cette petite plante artificielle d&rsquo;oncidium. Il ne n\u00e9cessite pas d&rsquo;entretien. Ils sont vendus en bo\u00eetes indivisibles de 4 unit\u00e9s. Prix unitaire dans le catalogue.<\/p>\n<h2>Comment est la petite Plante Oncidium artificielle?<\/h2>\n<table dir=\"ltr\" border=\"1\" cellspacing=\"0\" cellpadding=\"0\">\n<colgroup>\n<col width=\"93\" \/>\n<col width=\"138\" \/>\n<col width=\"255\" \/>\n<col width=\"65\" \/>\n<col width=\"132\" \/><\/colgroup>\n<tbody>\n<tr>\n<td data-sheets-value=\"{\">425588<\/td>\n<td data-sheets-value=\"{\">ONCIDIUM<\/td>\n<td data-sheets-value=\"{\" data-sheets-numberformat=\"{\">Plante d&rsquo;oncidium de couleur bordeaux, avec une base feuillue de feuilles vertes et une jardini\u00e8re en c\u00e9ramique. Hauteur totale 45 cm<\/td>\n<td data-sheets-value=\"{\" data-sheets-numberformat=\"{\">37,13 \u20ac<\/td>\n<td data-sheets-value=\"{\">4<\/td>\n<\/tr>\n<\/tbody>\n<\/table>\n","protected":false},"excerpt":{"rendered":"<p>Plante Oncidium artificielle de Bourgogne, avec une base feuillue de feuilles vertes et une pot en c\u00e9ramique. Hauteur totale 45cm. Id\u00e9al pour d\u00e9corer n&rsquo;importe quel ambiance int\u00e9rieur. Il ne n\u00e9cessite pas d&rsquo;entretien.<\/p>\n<p>Prix unitaire dans <a href=\"https:\/\/decoplanta.com\/catalogo\/TarifsDecoplanta-CatalogueDistributeurs-HR-FR.pdf\" target=\"_blank\" rel=\"noopener\">le catalogue<\/a> .<\/p>\n<table>\n<tbody>\n<tr>\n<td><strong>R\u00c9F<\/strong><\/td>\n<td><strong>HAUTEUR<\/strong><\/td>\n<\/tr>\n<tr>\n<td>425588<\/td>\n<td>45 cm<\/td>\n<\/tr>\n<\/tbody>\n<\/table>\n","protected":false},"featured_media":2651,"template":"","meta":{"_monsterinsights_skip_tracking":false,"_monsterinsights_sitenote_active":false,"_monsterinsights_sitenote_note":"","_monsterinsights_sitenote_category":0},"product_brand":[],"product_cat":[247],"product_tag":[262],"class_list":{"0":"post-3373","1":"product","2":"type-product","3":"status-publish","4":"has-post-thumbnail","6":"product_cat-mini-plantes","7":"product_tag-petites-plantes","8":"","9":"woocommerce-text-align-center","10":"woocommerce-image-align-center","11":"do-quantity-buttons","13":"first","14":"instock","15":"taxable","16":"shipping-taxable","17":"purchasable","18":"product-type-simple"},"yoast_head":"<!-- This site is optimized with the Yoast SEO plugin v27.4 - https:\/\/yoast.com\/product\/yoast-seo-wordpress\/ -->\n<title>Plante Oncidium artificielle 45 cm de haut avec pot en c\u00e9ramique<\/title>\n<meta name=\"description\" content=\"Plante Oncidium artificielle de Bourgogne, avec une base feuillue de feuilles vertes et pot en c\u00e9ramique. Hauteur 45cm. R\u00e9alisme incroyable\" \/>\n<meta name=\"robots\" content=\"index, follow, max-snippet:-1, max-image-preview:large, max-video-preview:-1\" \/>\n<link rel=\"canonical\" href=\"https:\/\/decoplanta.com\/fr\/mini-plantes\/oncidium\/\" \/>\n<meta property=\"og:locale\" content=\"fr_FR\" \/>\n<meta property=\"og:type\" content=\"article\" \/>\n<meta property=\"og:title\" content=\"Plante Oncidium artificielle 45 cm de haut avec pot en c\u00e9ramique\" \/>\n<meta property=\"og:description\" content=\"Plante Oncidium artificielle de Bourgogne, avec une base feuillue de feuilles vertes et pot en c\u00e9ramique. Hauteur 45cm. R\u00e9alisme incroyable\" \/>\n<meta property=\"og:url\" content=\"https:\/\/decoplanta.com\/fr\/mini-plantes\/oncidium\/\" \/>\n<meta property=\"og:site_name\" content=\"PLANTES ET ARBRES ARTIFICIELS TR\u00c8S R\u00c9ALISTES\" \/>\n<meta property=\"article:modified_time\" content=\"2023-10-31T09:41:10+00:00\" \/>\n<meta property=\"og:image\" content=\"https:\/\/decoplanta.com\/wp-content\/uploads\/2021\/04\/425588-ONCIDIO_en_maceta_de_ceramica.jpg\" \/>\n\t<meta property=\"og:image:width\" content=\"1650\" \/>\n\t<meta property=\"og:image:height\" content=\"1650\" \/>\n\t<meta property=\"og:image:type\" content=\"image\/jpeg\" \/>\n<meta name=\"twitter:card\" content=\"summary_large_image\" \/>\n<meta name=\"twitter:label1\" content=\"Dur\u00e9e de lecture estim\u00e9e\" \/>\n\t<meta name=\"twitter:data1\" content=\"1 minute\" \/>\n<script type=\"application\/ld+json\" class=\"yoast-schema-graph\">{\"@context\":\"https:\\\/\\\/schema.org\",\"@graph\":[{\"@type\":\"WebPage\",\"@id\":\"https:\\\/\\\/decoplanta.com\\\/fr\\\/mini-plantes\\\/oncidium\\\/\",\"url\":\"https:\\\/\\\/decoplanta.com\\\/fr\\\/mini-plantes\\\/oncidium\\\/\",\"name\":\"Plante Oncidium artificielle 45 cm de haut avec pot en c\u00e9ramique\",\"isPartOf\":{\"@id\":\"https:\\\/\\\/decoplanta.com\\\/fr\\\/#website\"},\"primaryImageOfPage\":{\"@id\":\"https:\\\/\\\/decoplanta.com\\\/fr\\\/mini-plantes\\\/oncidium\\\/#primaryimage\"},\"image\":{\"@id\":\"https:\\\/\\\/decoplanta.com\\\/fr\\\/mini-plantes\\\/oncidium\\\/#primaryimage\"},\"thumbnailUrl\":\"https:\\\/\\\/decoplanta.com\\\/wp-content\\\/uploads\\\/2021\\\/04\\\/425588-ONCIDIO_en_maceta_de_ceramica.jpg\",\"datePublished\":\"2021-12-13T13:14:04+00:00\",\"dateModified\":\"2023-10-31T09:41:10+00:00\",\"description\":\"Plante Oncidium artificielle de Bourgogne, avec une base feuillue de feuilles vertes et pot en c\u00e9ramique. Hauteur 45cm. R\u00e9alisme incroyable\",\"breadcrumb\":{\"@id\":\"https:\\\/\\\/decoplanta.com\\\/fr\\\/mini-plantes\\\/oncidium\\\/#breadcrumb\"},\"inLanguage\":\"fr-FR\",\"potentialAction\":[{\"@type\":\"ReadAction\",\"target\":[\"https:\\\/\\\/decoplanta.com\\\/fr\\\/mini-plantes\\\/oncidium\\\/\"]}]},{\"@type\":\"ImageObject\",\"inLanguage\":\"fr-FR\",\"@id\":\"https:\\\/\\\/decoplanta.com\\\/fr\\\/mini-plantes\\\/oncidium\\\/#primaryimage\",\"url\":\"https:\\\/\\\/decoplanta.com\\\/wp-content\\\/uploads\\\/2021\\\/04\\\/425588-ONCIDIO_en_maceta_de_ceramica.jpg\",\"contentUrl\":\"https:\\\/\\\/decoplanta.com\\\/wp-content\\\/uploads\\\/2021\\\/04\\\/425588-ONCIDIO_en_maceta_de_ceramica.jpg\",\"width\":1650,\"height\":1650,\"caption\":\"Plante Oncidium artificielle de Bourgogne, avec une base feuillue de feuilles vertes et une pot en c\u00e9ramique. Hauteur totale 45 cm\"},{\"@type\":\"BreadcrumbList\",\"@id\":\"https:\\\/\\\/decoplanta.com\\\/fr\\\/mini-plantes\\\/oncidium\\\/#breadcrumb\",\"itemListElement\":[{\"@type\":\"ListItem\",\"position\":1,\"name\":\"Portada\",\"item\":\"https:\\\/\\\/decoplanta.com\\\/fr\\\/\"},{\"@type\":\"ListItem\",\"position\":2,\"name\":\"Priv\u00e9\u00a0: Tienda\",\"item\":\"https:\\\/\\\/decoplanta.com\\\/?page_id=377\"},{\"@type\":\"ListItem\",\"position\":3,\"name\":\"ONCIDIUM 45cm\"}]},{\"@type\":\"WebSite\",\"@id\":\"https:\\\/\\\/decoplanta.com\\\/fr\\\/#website\",\"url\":\"https:\\\/\\\/decoplanta.com\\\/fr\\\/\",\"name\":\"PLANTES ET ARBRES ARTIFICIELS TR\u00c8S R\u00c9ALISTES\",\"description\":\"Proveedor de Plantas artificiales para estudios de Arquitectura, Interiorismo, Paisajismo, Escenograf\u00eda, Tiendas de Decoraci\u00f3n Florister\u00edas y Mobiliario\",\"publisher\":{\"@id\":\"https:\\\/\\\/decoplanta.com\\\/fr\\\/#organization\"},\"potentialAction\":[{\"@type\":\"SearchAction\",\"target\":{\"@type\":\"EntryPoint\",\"urlTemplate\":\"https:\\\/\\\/decoplanta.com\\\/fr\\\/?s={search_term_string}\"},\"query-input\":{\"@type\":\"PropertyValueSpecification\",\"valueRequired\":true,\"valueName\":\"search_term_string\"}}],\"inLanguage\":\"fr-FR\"},{\"@type\":\"Organization\",\"@id\":\"https:\\\/\\\/decoplanta.com\\\/fr\\\/#organization\",\"name\":\"PLANTES ET ARBRES ARTIFICIELS TR\u00c8S R\u00c9ALISTES\",\"url\":\"https:\\\/\\\/decoplanta.com\\\/fr\\\/\",\"logo\":{\"@type\":\"ImageObject\",\"inLanguage\":\"fr-FR\",\"@id\":\"https:\\\/\\\/decoplanta.com\\\/fr\\\/#\\\/schema\\\/logo\\\/image\\\/\",\"url\":\"https:\\\/\\\/decoplanta.com\\\/wp-content\\\/uploads\\\/2021\\\/02\\\/decoplanta-logo2020.svg\",\"contentUrl\":\"https:\\\/\\\/decoplanta.com\\\/wp-content\\\/uploads\\\/2021\\\/02\\\/decoplanta-logo2020.svg\",\"width\":500,\"height\":500,\"caption\":\"PLANTES ET ARBRES ARTIFICIELS TR\u00c8S R\u00c9ALISTES\"},\"image\":{\"@id\":\"https:\\\/\\\/decoplanta.com\\\/fr\\\/#\\\/schema\\\/logo\\\/image\\\/\"}}]}<\/script>\n<!-- \/ Yoast SEO plugin. -->","yoast_head_json":{"title":"Plante Oncidium artificielle 45 cm de haut avec pot en c\u00e9ramique","description":"Plante Oncidium artificielle de Bourgogne, avec une base feuillue de feuilles vertes et pot en c\u00e9ramique. Hauteur 45cm. R\u00e9alisme incroyable","robots":{"index":"index","follow":"follow","max-snippet":"max-snippet:-1","max-image-preview":"max-image-preview:large","max-video-preview":"max-video-preview:-1"},"canonical":"https:\/\/decoplanta.com\/fr\/mini-plantes\/oncidium\/","og_locale":"fr_FR","og_type":"article","og_title":"Plante Oncidium artificielle 45 cm de haut avec pot en c\u00e9ramique","og_description":"Plante Oncidium artificielle de Bourgogne, avec une base feuillue de feuilles vertes et pot en c\u00e9ramique. Hauteur 45cm. R\u00e9alisme incroyable","og_url":"https:\/\/decoplanta.com\/fr\/mini-plantes\/oncidium\/","og_site_name":"PLANTES ET ARBRES ARTIFICIELS TR\u00c8S R\u00c9ALISTES","article_modified_time":"2023-10-31T09:41:10+00:00","og_image":[{"width":1650,"height":1650,"url":"https:\/\/decoplanta.com\/wp-content\/uploads\/2021\/04\/425588-ONCIDIO_en_maceta_de_ceramica.jpg","type":"image\/jpeg"}],"twitter_card":"summary_large_image","twitter_misc":{"Dur\u00e9e de lecture estim\u00e9e":"1 minute"},"schema":{"@context":"https:\/\/schema.org","@graph":[{"@type":"WebPage","@id":"https:\/\/decoplanta.com\/fr\/mini-plantes\/oncidium\/","url":"https:\/\/decoplanta.com\/fr\/mini-plantes\/oncidium\/","name":"Plante Oncidium artificielle 45 cm de haut avec pot en c\u00e9ramique","isPartOf":{"@id":"https:\/\/decoplanta.com\/fr\/#website"},"primaryImageOfPage":{"@id":"https:\/\/decoplanta.com\/fr\/mini-plantes\/oncidium\/#primaryimage"},"image":{"@id":"https:\/\/decoplanta.com\/fr\/mini-plantes\/oncidium\/#primaryimage"},"thumbnailUrl":"https:\/\/decoplanta.com\/wp-content\/uploads\/2021\/04\/425588-ONCIDIO_en_maceta_de_ceramica.jpg","datePublished":"2021-12-13T13:14:04+00:00","dateModified":"2023-10-31T09:41:10+00:00","description":"Plante Oncidium artificielle de Bourgogne, avec une base feuillue de feuilles vertes et pot en c\u00e9ramique. Hauteur 45cm. R\u00e9alisme incroyable","breadcrumb":{"@id":"https:\/\/decoplanta.com\/fr\/mini-plantes\/oncidium\/#breadcrumb"},"inLanguage":"fr-FR","potentialAction":[{"@type":"ReadAction","target":["https:\/\/decoplanta.com\/fr\/mini-plantes\/oncidium\/"]}]},{"@type":"ImageObject","inLanguage":"fr-FR","@id":"https:\/\/decoplanta.com\/fr\/mini-plantes\/oncidium\/#primaryimage","url":"https:\/\/decoplanta.com\/wp-content\/uploads\/2021\/04\/425588-ONCIDIO_en_maceta_de_ceramica.jpg","contentUrl":"https:\/\/decoplanta.com\/wp-content\/uploads\/2021\/04\/425588-ONCIDIO_en_maceta_de_ceramica.jpg","width":1650,"height":1650,"caption":"Plante Oncidium artificielle de Bourgogne, avec une base feuillue de feuilles vertes et une pot en c\u00e9ramique. Hauteur totale 45 cm"},{"@type":"BreadcrumbList","@id":"https:\/\/decoplanta.com\/fr\/mini-plantes\/oncidium\/#breadcrumb","itemListElement":[{"@type":"ListItem","position":1,"name":"Portada","item":"https:\/\/decoplanta.com\/fr\/"},{"@type":"ListItem","position":2,"name":"Priv\u00e9\u00a0: Tienda","item":"https:\/\/decoplanta.com\/?page_id=377"},{"@type":"ListItem","position":3,"name":"ONCIDIUM 45cm"}]},{"@type":"WebSite","@id":"https:\/\/decoplanta.com\/fr\/#website","url":"https:\/\/decoplanta.com\/fr\/","name":"PLANTES ET ARBRES ARTIFICIELS TR\u00c8S R\u00c9ALISTES","description":"Proveedor de Plantas artificiales para estudios de Arquitectura, Interiorismo, Paisajismo, Escenograf\u00eda, Tiendas de Decoraci\u00f3n Florister\u00edas y Mobiliario","publisher":{"@id":"https:\/\/decoplanta.com\/fr\/#organization"},"potentialAction":[{"@type":"SearchAction","target":{"@type":"EntryPoint","urlTemplate":"https:\/\/decoplanta.com\/fr\/?s={search_term_string}"},"query-input":{"@type":"PropertyValueSpecification","valueRequired":true,"valueName":"search_term_string"}}],"inLanguage":"fr-FR"},{"@type":"Organization","@id":"https:\/\/decoplanta.com\/fr\/#organization","name":"PLANTES ET ARBRES ARTIFICIELS TR\u00c8S R\u00c9ALISTES","url":"https:\/\/decoplanta.com\/fr\/","logo":{"@type":"ImageObject","inLanguage":"fr-FR","@id":"https:\/\/decoplanta.com\/fr\/#\/schema\/logo\/image\/","url":"https:\/\/decoplanta.com\/wp-content\/uploads\/2021\/02\/decoplanta-logo2020.svg","contentUrl":"https:\/\/decoplanta.com\/wp-content\/uploads\/2021\/02\/decoplanta-logo2020.svg","width":500,"height":500,"caption":"PLANTES ET ARBRES ARTIFICIELS TR\u00c8S R\u00c9ALISTES"},"image":{"@id":"https:\/\/decoplanta.com\/fr\/#\/schema\/logo\/image\/"}}]}},"_links":{"self":[{"href":"https:\/\/decoplanta.com\/fr\/wp-json\/wp\/v2\/product\/3373","targetHints":{"allow":["GET"]}}],"collection":[{"href":"https:\/\/decoplanta.com\/fr\/wp-json\/wp\/v2\/product"}],"about":[{"href":"https:\/\/decoplanta.com\/fr\/wp-json\/wp\/v2\/types\/product"}],"version-history":[{"count":0,"href":"https:\/\/decoplanta.com\/fr\/wp-json\/wp\/v2\/product\/3373\/revisions"}],"wp:featuredmedia":[{"embeddable":true,"href":"https:\/\/decoplanta.com\/fr\/wp-json\/wp\/v2\/media\/2651"}],"wp:attachment":[{"href":"https:\/\/decoplanta.com\/fr\/wp-json\/wp\/v2\/media?parent=3373"}],"wp:term":[{"taxonomy":"product_brand","embeddable":true,"href":"https:\/\/decoplanta.com\/fr\/wp-json\/wp\/v2\/product_brand?post=3373"},{"taxonomy":"product_cat","embeddable":true,"href":"https:\/\/decoplanta.com\/fr\/wp-json\/wp\/v2\/product_cat?post=3373"},{"taxonomy":"product_tag","embeddable":true,"href":"https:\/\/decoplanta.com\/fr\/wp-json\/wp\/v2\/product_tag?post=3373"}],"curies":[{"name":"wp","href":"https:\/\/api.w.org\/{rel}","templated":true}]}}