{"id":3382,"date":"2021-04-17T09:37:43","date_gmt":"2021-12-15T06:20:36","guid":{"rendered":"https:\/\/decoplanta.com\/non%20class\u00e9\/arbre-fern-green\/"},"modified":"2021-12-15T07:41:54","modified_gmt":"2021-12-15T06:41:54","slug":"arbre-fern-green","status":"publish","type":"product","link":"https:\/\/decoplanta.com\/fr\/plantes-dinterieur-artificielles\/arbre-fern-green\/","title":{"rendered":"Arbre FERN GREEN"},"content":{"rendered":"<p>Arbre FERN GREEN ou foug\u00e8re artificielle de 180 cm de haut avec des branches r\u00e9glables et une feuille verte brillante et lumineuse. Un r\u00e9alisme incroyable pour la d\u00e9coration int\u00e9rieure. R\u00e9plique de la foug\u00e8re appel\u00e9e Nephrolepis exaltata. Il ne n\u00e9cessite aucun type d&rsquo;entretien, et est livr\u00e9 avec une pot de base.<\/p>\n<table dir=\"ltr\" border=\"1\" cellspacing=\"0\" cellpadding=\"0\">\n<colgroup>\n<col width=\"100\" \/>\n<col width=\"114\" \/>\n<col width=\"407\" \/>\n<col width=\"81\" \/>\n<col width=\"100\" \/>\n<col width=\"107\" \/><\/colgroup>\n<tbody>\n<tr>\n<td data-sheets-value=\"{\">426541<\/td>\n<td data-sheets-value=\"{\" data-sheets-numberformat=\"{\">Arbre FERN GREEN<\/td>\n<td data-sheets-value=\"{\">Arbre FERN GREEN de 180 cm avec branches r\u00e9glables et feuille vert vif.<\/td>\n<td><img decoding=\"async\" title=\"Image\" src=\"data:image\/png;base64,iVBORw0KGgoAAAANSUhEUgAAAFEAAABSCAYAAAAsGziYAAAb4UlEQVR4XuWdd3RUx9m4H2lVtmpX2pW06r0gCQmJIhAd01toNuAY+9jBNe52YiexnTiJ7bh8+Rwnsf2zQ2wggZ8NxsR0DKIKUSQE6r2gvqu+Wmm1RfuduwRcYoMEElFO7jn8pbkz8z73nXnLvLM42e12O\/+lj9Vqpra2GKVcgacmDCenGwPh9N8K0WazkHP+C9zd3AgNn4hcrsHpBin+10I8n7MbQ3cNY1PuRC7zvDEV\/Odb\/3UQ+\/tt5BYewkPhQUd7GVJ5EDERM25YCwWOg4LYb7Ph5Ox8UwPeyCe32\/tp72xAJvHE3V12I1043rFZ+ygoPkqvqROFwhtf7yjUngHYsePk5HzD\/Q4YYn7+MWrriymryCI2Np6YyPkEB8UMG9Cm5kKsmPHzTkDfWsr2Pc9w\/51bcXdT3ZCwNpuVk5l\/pr2vDgHXxKS78NEk3VBf335pwBCvvNhv76eurpC9B97GjoSpUxYQGzkHFxfXIZmQ0InVZqGw7CA9Pc24u3ihUQfQYWiksbGS6MhUQoMmDWosk6mXU5mbaDfmYzbDxJQfofUNQyJRDqqf72s8aIhCR\/qWevILDtJnNtHe2USnoY6IkAlMnLAChdz7piYmLK1eYwfNrXlUVBYiEtlJiF6MoaceY48JjUaL1mdwK6CttYZ63QV6u3sJDIrCZrPhp03CReR+U3O98vKgIdY25LLh40cwm0VMmTKFkuIm+noMREbFkV+cxYLZT6D1DSY4KHpQS11wV02mTpxwprb5JAppGNi7+TJ9E3NnPcylumLaO2vx84lCIoOggGm4u8mvC6FZd4mMM5\/irw0iOXHxTe2pQ6KJ9Q1ZVNfkkJx0B5\/vfoiLeYUo5FLmzXkao7ENH3UsQYFxvPb2OhLjUli76hXBdl1X0KtbRb\/NAV4A2tlZQ21DPmfOf8LMyfchl6mpqs0jJDANb7W\/wxC4uFxbkxobq0g\/8wYqhRdhgSlcqq5i\/rxnBjWngUx+0JrY0lbFth1Pk5b6IJ6ePuQX7eTIsV3022Fa6jqmT72bk2e3U15xlrCQJBbOewjX6wj79Ykaje10G7vQ6cu5VJuDlzqY2Ig0dC01NDVVotYE4eWpwcc7EhcX8TVlPJj+Z2x2PckJKzGZDShkWjzkfri6SQbCZsBtBgVR8LFKK\/YSHjILXWs5Wdkf46FIIiQwEZz7OJO9geqqQrTe05g7+w4uNVZQXVPB8sU\/RiJWDGhS+pZqKquy8FR5YbZYaWurQyr2w2Rt5VJDIYmjFjMqejyNTQUEBoz53j7zC49QWLofJ5Erft4qRsffgVIRPKA5DLbRoCBeXXY2K026fPz9xmC19nHizJ\/JyzuBrrkdqVTKwjnPEhk5mtKyAiovnaOrzcDEiQuIGzXxmktJ+Eh9fQbMFiPt7Y2cOr0Vnb6U6VMeIzwsgc\/3\/ob46IX4+sYQFBCBk5PoO+XtNXZSWXWa8MhUJOIbc4kGA\/KGIF4ZwGTqZvue+9HV9bBs6Yv4aWMcG\/eXx97m7LnNNNTZWTLnAZLGzmXz1t+ROm4GM6ff9b3zEyAaDK3k5u8l6\/x2VGp3QoJSSRy1hpwLeympOEhIUBoqzwjGp8xB7P7dhuVE5lZOnduBh4cb96x5C6lYO+T74NeFuCmIRcUHUXmE4ucf7ehTMAhHjv6B9JN\/R+TkRkryYlxcbLS3t+HuEkhASABGYx8zJq\/G1fVfjUJXVwdl5edwd+8BO4jFasqr0h3GRqHwpUnXSFjIJMLDRqOQ+eDs\/K+a2NGuo8PQgIdCiYurBJOpC41XxHe2HYy2XavtTUH8dsdlFYc5cfwzxk+Yg1TiQ2bWu1y4cBGz2YmEUTNYvuwZtmx\/k5DgUKamrkPtJWjINx+r1UJxyXFOnfkL0EJK8u2EhUwlL\/8Y+SXp+PokED8qjZCAFMRiD0Qil6sdWCwmDhx+H7lSRnjQGNRegcikfjfMSlCKPpMRseTartSQQezoquXEiTdYsvAddG25bNj4GC06Iykpyag9AymrPE1bZwcRAQscDm95dSFrVj6NXOblENJmtVBZnYOpt4OQkCTc3CR8sOExeo25LJj7IjX16RSVl6FS+WLpc2X2rPVER07E6Wsu1IWcA7S35eLjGY3U0wdnkR0\/bQpubte24l+nLIDT6yppaqzG00NLYFjcdf3dIYMoGAR3dwXtneUcO\/5H0iY+hcXawP7Dv6amugsPpRcRoROIi5lHbXUt1U1nkckUrF354lUZBAGysjdi6ushL38\/Wv9wYiJnERo4joqaQnLy3yUkYCE+mlj8\/aNQKX2\/8W5pySnEMinBgUk3lFDo7e3m2KmPMHZZmTrlB\/h4hw1oLx0yiFek0ekL8PGO41z2VmobMvD3TSMkOAVfnygKSw5wPOMD2jtthATMZPKkebS01jM+Zd5VGKbeLrZue4gA\/zAyzx1E661h7eoPOXzipzQ39WLvdyIhbgVJCQvx8LisxcJTUHicY5kfovL0JjZyHPHRS3AfkFtlx2q1se\/gZpp1hcTGJKP2CkAu8UGtCUYqvX7WaEAQhX2qpqYYY08XOl01VouB1NRleHr+657mWJo2C87OLpeXmhNYLL1s2\/ksOXmnkLj5ovHRMG7M7aSMns2n\/\/gjURExTEhZcnV\/K6vM4Y03V5E2MYFekyu3TXuQQyc24u2lZvTouYyKWfSNfc7e38\/Rkx\/RZ62nvaOWxISZxEWt\/l4X6MrLnR2tnDufTp+5lfDQKOobamhp6eKOVY8NyhANCOKVQS\/kHmX0qMnkFR1nz6E\/4iUNQeQsYv36t3BydnJY1G+n2IUlumHTGlr0vaxd9QLBIeNp0hXwxf4n6ehwZVrqwxSWnGJ88iISE6c6hjJ0N\/CnDcuoKNUxLimIpNGPMXHSKuoaDlBTd5HIkOU4ufTh6zVaGBCrxcwHG9dhtbkydfJSwoMmObYW8ff4iMVFObS2V5NXvAsvL2\/0LV3Y+hQ89sjr2KwmOgwtaLyCBmyQBgURu53zubvx842nqiqL0JAkNn76CjPSfkj2uYP0WKxMTZuBShFMbGyK4PTQ0lLlcE\/EYjlCcvXIid+TcXobzc1dKFUaFs97EpvVmf0H\/sIvfrYFifhyeqq0fCt\/\/+QVeow9xEbMRanVUV5ejVodT1L8HMKCp+Op9HWEfhdyD6CQexASnHzdULCpsYqs7P3kFp9FJpHxyANv0mc20qKvwdlZTHBw\/IDhXWk4OIiOt+yYzX2OkzGDoZO\/ffJznJxk2Mx9rFr6EC5ib\/KKP8NkdCE6IpXAoFhkMjnGnha271yPq2sk0ZGTUSnVXKrPQNfSjkzsT1VFFSkpU5mSttKxmetbctif\/iQuLp6InROJSxiPwahHq4lBKgvCUxn0z2RFP8cOb8NDDV5egWg04chl\/+rWnDqzn5zco+haKpkxZTEKiYT8ggJmzFxGaPD3h48DIXoDEL\/qtr1dT0nFSSaOW05vb5cjWtm179dcLLhIcEAqYEbj5cO4lMVUVu9iUurDmPu6KS47xK4v36K91YTV6oJKFcg9d7zMgSN\/IT52PBPGLsHdXc6xU7+gqCid0KDJeClHczr7HdzdRqNSKfDwjGTyhDsRiVzZuG09KomW8Sk\/JCJ8IiLRZSdc+NgtrY0c+nI75v4KYqPH09rVzulzu\/npo3\/D1m\/m7NntLFzwk4Gw+t42NwWxv78fZ+evziba2hv5YtfLjB+3ju7uNkzmBhLjl2Iy9ZCff5CJE9eQkbGBgMAk6Dfh7ZOAyM1OTs5OmpobUWsSOH3urwQFxDA6Tk1Y6HKc+uW06nPZtO11NOp+QkMnsnj+m7i5yhybf35+Oi5uYoID4hC5uOLmJnVoaE9vO+fObqOwLAe50pmKylpCAiNJSliMtyaA6prTTE27ByHU\/K7IZzBUbwritwfq6mp2nN9emZRgVKovXWTnrrcxdPcTHBiPUu7FogV34+Ii4kLBJ5zL3kV+UT6WPjk\/mP8jYmPHs2Xbq7iJGlB6mJiQ+hBJo39EUfEeKqu30azrQyaOIiAkhsS42bR31HP2\/AY8pP6MS7kDtTqS02f+Rn1jJ4XlGUxLnYdMocXXOxCDQY+nKgCZVIVMprzu\/jlQkEMK8euDWixmyivPUFF+nuCQREYnzEDXXEnm6b0EhWlprM\/hUl0VKlUkJnMHNmsrE1Luw9JnYd\/hTcyaOZu8CyfobL\/I+vX\/YPe+9VSUVyGRBjMpdTVpk+52RCKb\/\/8LJMXNYtSoyVy6VMD5nF30WTqQyP3JPJ3B8iXLGTN6Mb09RoeGeqr9sVksuA4iirkezGGD6DBBDpdH8BNNZF\/Yxb5D79LZLnVY7\/j4MUybPJuaumx27fsNzs4+jkhl2YJfotOX8IMljwseE709Bk6d3ItU0ezY60KCp6HVJjrkqq0sAVcnAgLCOZm1CbPBRG1DGRXV5Tx031tknt3D+OR5DiMmWGCNJviyCybExOZeRM6uuLnffIJ2WCFe+YJmcw89PUJYKMFsbufk6U3k5u+iu8dMv02Jm5sIq8VCoH88cmk4d935k6\/8TTsc+nIXs+cu+ReFMHZ309tr5It9v2b2zEc5kv4ZTpJmgvzG09PTQnzsHAzdzURFpCEWSxFqbwSIm7Y+y+J5z6JW+9\/0fihM6pZA\/Lr03YY2GptL+Pjvr5KUuMCR8Z46cQEKhRKRiwu7929E7Kpg1szl6Fsb8dH4k354L7fN\/maUIvSZlZWJhTrcRJ5UVmaQW5KF2WRjxZL78VB6Yu+3ERKciAgZFdUXqa9rwGovYMqkR\/Dw0FxvlQ7477ccorDEDxx+z5FUaNZXUV1bipfSm5kzVtOkK3Yss5PHM5Aq+wgPmcjk1EUcTd\/HjFkLviGUkFHPPnsKY38lTniga80hNmI6EncVLW21KBX+xESPw2g0kHXuIBcLTxIZNoaYUYl0dVah9YlHpfJDobh5mLcc4tdJ6HSl1NaU0dbdg5OTlH7ayM0\/zMLpt2MVKenu7ObQ8Y9Ijl\/GksVrr74qWP2y8hwuXMwgecwMPtj4Em7OVjo7dcQnTGXZoh+j1YY6ksQGQwvPvbiWRXNXc9vM2x1+pVBo4Ozs6tiwb7QS7Oty\/FshChMR\/LQz2RspqzpLY20nvZZ2Vix8nh3\/+JDUCfOYlDqfUyePMX\/BCpxFIixWC1lZu6mt0yHChS5zFkpFJHWXzrPmjl+ikPtitVqRSjyorCzi\/236Dffd9RS5eZnU1OXiq\/Gmy9CPr1bOHctf\/s+HKDjn5y\/s5tTZw9gQIRZ54eUlZULydKqrWiiqOIRaE8DRLZnc+9CjzF25ir6+HrJyjmAytXDpUjNthlzUSiUSqRda73BCQ5JRKbWOOP1M1mFOnd7Jw+vfoqToDF4+3oQGxyOXa+np6aK9rYHAoJgB5QyvtUH+mzVRcGKc6OzSYzabHDnBU2e+xEMlYcbkezmesYVeq57SCyZ+8sSv8A70ocfYTebpE\/j6Kdh3YAd25y6WzFtHTOQ0pFI57mI5On01f\/vkf\/H1CWDCmFnsTf+UuOh4DN0GrDYTkycsdOQ3XVyHpn7o3wxRcNn62bL9NS7mHaS104KfJp6xY6OYOmEdf3hvPS5id7yck3n48ecd1ruy6gy93VaM1mbSD23EZrfg6qwmMnwcIhcVERG+OInkvPPes8ydfhel5Ydxl5oYkzSH5IRVeHmFOMa8nOsceHXGLdfE7PMZ9NvNODtZqSwvZtUdj37jLOTbE+rsanWcN9fVV2C2QHV1JpMmTePMqXxiE\/x47ek3mbdOOJvRknkqg8jQFGoaykiIT2TyhOV4el62sIIhOXf2EE0NLUSPUrE\/\/QByuRKJWISbq+RyQYC1h9um3TekNTnDoolCuUdbWyPemkAqay9QXlZOWEgCWp9ggoIjcHV1u8rRZDJSUZVFcdkBKqvL0Lc20W+zsmT+k5SXVtHUmU727hYefvFJZk5Zi4vIhQvnz9Bt7ECtUTMqbryjr56eTo4e3c6hk9tJHbOMxQvXOE7phKTx18uBhCy4sacDufyro4UBO4Tf03DIIRq6OpBIpZw5u4++\/i7Cg8cgl3pRWn6eT3e+z5pVj+NkcSEyWtjgVY4qVbG7GFOfUBEmQt\/SwPncYzQ31uEh88Di1EvGP3J4+pX7aWvpxV8bx\/7du9H6BbLkB2uuinU++1PSj+0jKmIs4WHxpB\/bydSp00lMEM6+v\/poNwvsu94fcojCIB3tLcgUClxEbuw7+L7jzMVuE2JoO2PHzib9+B5GxySw9\/B+li1dia6lgMzMXWi8ZPSYOnARG+nvnsya1U\/w2a7HObA1D1WsO4vm3M+Y+GlUlJc5jML8+SuuyrTnwHOczs5j3apf8ekXH1BWdhGxq5npM+awduWbQ+LKfN8HGBaIwt4kOLHFxacc8bK7WOZIPZUUnwF7P51GA\/Z+Czv2\/ZV1K5+gqbkKH+8ESqszkYkldBn11NYUsGTO42zY8gK9FS789r3NWJxauVTRQcrYcXyy+e888GOhTA7y845w4uwO6uuLGZM0m5KKL4kMDSIqbAmVlyrQaFyYMfmp4VBCR5\/DAlHouLe3B7FYTEdHI0qlH7rmKny14ehbarhUk0+zvoj65hqEUmCNpy9BQeM5dHwLUrGEsNAgEmPn0dbRR2HBYXIPZ6NOFiF21aCUxHD\/+p9z4MBOFi5ciZAYfv6Xc\/D3D+e+O1\/i\/Y9eRuUho6GxGv9AKVERE5CJtURFTsFTNfDDp8EQHzaI3zWJzrY2PDy9sNuF6i8jFmsfHS0N9JjN5BZmEKCN4sCx97H2dmFzaiUq8HbKKs\/SeK6GpKWBPPbgTrZv38iKles4cngPCxbejq6lipd+vZLY8OmkjBuHn3cEgcFCYZXCcWwrrAqh1lup9EJ2k\/dVbulyvtZXbGttcBRs+vqE0KSrorDgCAUlmRgNLUTHjqKt3YqTDcaOmYO7KACbyMLm37\/BkvVTaO+CixcKWbrkbryVYcQlJLJ330Y81G60t3Xwxb6NiCV2hzsVExXK7Gn3Eh05d1j3w2FdztdbDkLMXN9QQF1tEU2tJZjNNurqSzF01WLo6UeldKPPEExohA9Ht3xBcKoakXMyK5fdQ2TUqMtgnKy89OrtrL\/7N5hMFpydnNFo1MglWnpMBvr7jaiU3shkN5+pueXO9vUACn\/Xt+hReXrhKnKmvraIk+f+QWXVBbw8FEg9fCgqymDF0l+xefO72HRtPPviH\/l01zZ+8uxLdHa0Ow7Ievs62Pzpz0iMnk1tYxlzZt1FcFDCQIYf0ja3dE+8\/sztlJTl0d7RSF9fGyFByezY8RmmhjaiI8LRWbt55NHnHOfdQuG7XK6gsaGa97e8SIdej1wuYt2dDxIbsfT6Qw1hixEG8bJklRUlhIVfvsLxP2+9DO1mtD4aagx6fv7Cq7S16hBLpI6EQ3VVGVp\/f4eV7+jUk527lWmT1uKtHjWEmK7d1YiD2NXZipu7jOxzJ5k8dTYv\/OIRkv2j6DJDr2sfjzz6PHt2f8rsOUsdIV1FeTExo0ZflVKwxs36ArQ+t25Z33KIJaU5SCViR+wqkcoR\/\/PCoyC8uc9Ea5uOiopzqFQhhIZE8errPyfEPxJnUz8Sbynr7n6E3Xs+YfGi1RQX5RITO3rYre\/1VPqWQhTKOk6e2O6IZavryumxVmDpMXPvuv913HU5euJzqmoyCPJLdMTQiaNTOZGZj73bglQkRhag5IdrH+R3r\/2E53\/2JtWVpYSGX64X\/87HLkTmwnNzt0hHFESHOHaorMymt6+Tru5WLGbBUusIDwlB33qJmMg0ZApv6uuLyMrZRHGJBYyQFDaeLpdufvzoS7z\/3us8+NBPKSw4S3xCqsOhFp7u7g5kUgUXL+7CSx2BRhOExdIDuKFSaoYsf\/htqLdUE4XBOztaHKXHQkrqUu1pKqsqaGoqxdVdjL5VqN\/pRCZxJjZ6Is2Nbehai6itb8ffV41EGsq6NU+zd\/828nIyWHPXA\/hoAikqP0xHWw0qVQw2SxN2uxc2Jyd8NVq8vcPx1ggVZDd+n3nEaeLlxWWnqOAIHqowAv1DL59x\/DPJvP\/AZziJnAkK8iT9xLv0dpuoq9YTrInDLO1E4e6LVO7nOHN+6P7n+Gz32xgMJtzcLSg8ZHR3GHj6iU14eWrJLzhBYsL0Yd8zb7kmXu+rCqXNx07sYNbM1RQVH+Xkmc206lpwN2mR+Hdj7G4jMCia3g5XAsNHE+Afjb9v1OU4ud\/KmQt7MPY2ER82j+iYMY6lPhTHoiMyYrnWpMpKC4mKjnM0eeaxtbiJOvFQqfELjcFLrSY+Lo38vGJ+sGz193bz7bK\/6328m\/n7iNNEQZiOjnZa9E2OGPl3r71AT3UByoAkElPH4u4ESalTaG5uIjr61jnU\/3GaKEz48x1bHJr20cfvkbX3cwIjxzJt0Vzam\/RMnzvfsUQ9PIb\/8uNANHREaqIwcWFvFO4EvvH6S7QUX8Q7OJnld6+m+VItQWGhjIpPdoR9I+EZsRAFg3Bg\/y5KSgrYv2Mzfr4JpE0fi1quoM1q4t77nvxGqfO\/E+aIhShAqagoYfPG98nNTMfY5syq1YsxmGzo+5p57ZUN\/05u3xh7REMUZrr+vlX01leSfaaUl956g5MZx5CpFbz5lnALdWQ8Ix7ix399h10ffcjF3Ep+\/PSjNNTXMmnBfFYsv3tkEBzO076hknD\/gZ38z69+RuHFKmbPSiUgMJDJS5exaOHtQzXETfcz4jWxoPAi69cuxtJtRy51I232dFb88AHGjRvcrzTdNKlrdDDiIebnnuOR9T9EIvPAydBNTHIcb3\/w2bCHcoOBPuIhCvdPHrlzLnm1zSQq3HHz8+OFl39PYPTlaxgj4RnxEIVM4T0LJtAuFiHWdxEYGsjvN+93sBvuxMJAP9CIhyikph9ePgmrUkx9Xh2paan88k9\/G6h8t6TdyIeInXuXzsBm68a5r5\/wlKm89MY7twTOQAf5D4AIr\/7sSXSFGbQZrESNT+PF1\/88UPluSbv\/CIgb\/vAKez\/5u+OUcPSUOfz05ddvCZyBDjLiIQqJiL++81s+\/vN7+Go8WHH3fax98Gt3\/wYq6TC2G9EQhbOY2spStn74Jz7btp1grYbbFi\/lwZ8Kt1KH7+BpsLxHNMT8i9nce+99BHi40VRXh9JDSb9Uhptczedf7MbNbXhrsQcKc0RDzM3N4fHHH0On02M1W3BxdcNT5UnqpAm8\/vqb37iFMFCBh6PdiIZYXJjHU08\/RXOznt7ePiTu7ihUHkybOplf\/uq3uLh89WNrwwFnoH2OaIgV5UU888yzNDQ2YrPYcHN3Q6VScdvMmTz17HNXf3VkoMIOV7tbA\/HK7xgMUgqh1ua555+nqbGJXpMZiVSMp6cnixYsYP0DD99Q2Dcc59C3BuIg4V1p3txYz1NPP0FjYzNmsxmZVIZcoeD2lStYe9c9N9jr0L82oiEKP3V\/ITeXzBNH6bc7I\/zfB2ExUUxNS3P8wvFIeUY0RAGS1dJ7+T+NEP45CnaE2\/KCjzg0N0SH4kP8HxzuL7\/zOLubAAAAAElFTkSuQmCC\" \/><\/td>\n<td data-sheets-value=\"{\" data-sheets-numberformat=\"{\">224,00 \u20ac<\/td>\n<td data-sheets-value=\"{\">180 cm<\/td>\n<\/tr>\n<\/tbody>\n<\/table>\n","protected":false},"excerpt":{"rendered":"<p>Arbre FERN GREEN ou foug\u00e8re artificielle de 180 cm de haut <strong>avec des branches r\u00e9glables<\/strong> et une feuille verte brillante et lumineuse. Un r\u00e9alisme incroyable pour la d\u00e9coration int\u00e9rieure. Il ne n\u00e9cessite aucun type d&rsquo;entretien, et est livr\u00e9 avec une pot de base.<\/p>\n<table>\n<tbody>\n<tr>\n<td><strong>R\u00c9F<\/strong><\/td>\n<td><strong>HAUTEUR<\/strong><\/td>\n<\/tr>\n<tr>\n<td>426541<\/td>\n<td>180 cm<\/td>\n<\/tr>\n<\/tbody>\n<\/table>\n","protected":false},"featured_media":2647,"template":"","meta":{"_monsterinsights_skip_tracking":false,"_monsterinsights_sitenote_active":false,"_monsterinsights_sitenote_note":"","_monsterinsights_sitenote_category":0},"product_brand":[],"product_cat":[251],"product_tag":[269],"class_list":{"0":"post-3382","1":"product","2":"type-product","3":"status-publish","4":"has-post-thumbnail","6":"product_cat-plantes-dinterieur-artificielles","7":"product_tag-fougere-dinterieur","8":"","9":"woocommerce-text-align-center","10":"woocommerce-image-align-center","11":"do-quantity-buttons","13":"first","14":"instock","15":"taxable","16":"shipping-taxable","17":"purchasable","18":"product-type-simple"},"yoast_head":"<!-- This site is optimized with the Yoast SEO plugin v27.4 - https:\/\/yoast.com\/product\/yoast-seo-wordpress\/ -->\n<title>Arbre FERN GREEN ou arbre d&#039;FOUG\u00c8RE artificiel de r\u00e9alisme tropical<\/title>\n<meta name=\"description\" content=\"Arbre FERN GREEN ou arbre d&#039;FOUG\u00c8RE artificiel 180 cm de R\u00e9alisme incroyable pour la d\u00e9coration d&#039;int\u00e9rieur, avec une touche tropicale.\" \/>\n<meta name=\"robots\" content=\"index, follow, max-snippet:-1, max-image-preview:large, max-video-preview:-1\" \/>\n<link rel=\"canonical\" href=\"https:\/\/decoplanta.com\/fr\/plantes-dinterieur-artificielles\/arbre-fern-green\/\" \/>\n<meta property=\"og:locale\" content=\"fr_FR\" \/>\n<meta property=\"og:type\" content=\"article\" \/>\n<meta property=\"og:title\" content=\"Arbre FERN GREEN ou arbre d&#039;FOUG\u00c8RE artificiel de r\u00e9alisme tropical\" \/>\n<meta property=\"og:description\" content=\"Arbre FERN GREEN ou arbre d&#039;FOUG\u00c8RE artificiel 180 cm de R\u00e9alisme incroyable pour la d\u00e9coration d&#039;int\u00e9rieur, avec une touche tropicale.\" \/>\n<meta property=\"og:url\" content=\"https:\/\/decoplanta.com\/fr\/plantes-dinterieur-artificielles\/arbre-fern-green\/\" \/>\n<meta property=\"og:site_name\" content=\"PLANTES ET ARBRES ARTIFICIELS TR\u00c8S R\u00c9ALISTES\" \/>\n<meta property=\"article:modified_time\" content=\"2021-12-15T06:41:54+00:00\" \/>\n<meta property=\"og:image\" content=\"https:\/\/decoplanta.com\/wp-content\/uploads\/2021\/04\/426541-Arbol_FERN_GREEN.jpg\" \/>\n\t<meta property=\"og:image:width\" content=\"1760\" \/>\n\t<meta property=\"og:image:height\" content=\"1760\" \/>\n\t<meta property=\"og:image:type\" content=\"image\/jpeg\" \/>\n<meta name=\"twitter:card\" content=\"summary_large_image\" \/>\n<script type=\"application\/ld+json\" class=\"yoast-schema-graph\">{\"@context\":\"https:\\\/\\\/schema.org\",\"@graph\":[{\"@type\":\"WebPage\",\"@id\":\"https:\\\/\\\/decoplanta.com\\\/fr\\\/plantes-dinterieur-artificielles\\\/arbre-fern-green\\\/\",\"url\":\"https:\\\/\\\/decoplanta.com\\\/fr\\\/plantes-dinterieur-artificielles\\\/arbre-fern-green\\\/\",\"name\":\"Arbre FERN GREEN ou arbre d'FOUG\u00c8RE artificiel de r\u00e9alisme tropical\",\"isPartOf\":{\"@id\":\"https:\\\/\\\/decoplanta.com\\\/fr\\\/#website\"},\"primaryImageOfPage\":{\"@id\":\"https:\\\/\\\/decoplanta.com\\\/fr\\\/plantes-dinterieur-artificielles\\\/arbre-fern-green\\\/#primaryimage\"},\"image\":{\"@id\":\"https:\\\/\\\/decoplanta.com\\\/fr\\\/plantes-dinterieur-artificielles\\\/arbre-fern-green\\\/#primaryimage\"},\"thumbnailUrl\":\"https:\\\/\\\/decoplanta.com\\\/wp-content\\\/uploads\\\/2021\\\/04\\\/426541-Arbol_FERN_GREEN.jpg\",\"datePublished\":\"2021-12-15T06:20:36+00:00\",\"dateModified\":\"2021-12-15T06:41:54+00:00\",\"description\":\"Arbre FERN GREEN ou arbre d'FOUG\u00c8RE artificiel 180 cm de R\u00e9alisme incroyable pour la d\u00e9coration d'int\u00e9rieur, avec une touche tropicale.\",\"breadcrumb\":{\"@id\":\"https:\\\/\\\/decoplanta.com\\\/fr\\\/plantes-dinterieur-artificielles\\\/arbre-fern-green\\\/#breadcrumb\"},\"inLanguage\":\"fr-FR\",\"potentialAction\":[{\"@type\":\"ReadAction\",\"target\":[\"https:\\\/\\\/decoplanta.com\\\/fr\\\/plantes-dinterieur-artificielles\\\/arbre-fern-green\\\/\"]}]},{\"@type\":\"ImageObject\",\"inLanguage\":\"fr-FR\",\"@id\":\"https:\\\/\\\/decoplanta.com\\\/fr\\\/plantes-dinterieur-artificielles\\\/arbre-fern-green\\\/#primaryimage\",\"url\":\"https:\\\/\\\/decoplanta.com\\\/wp-content\\\/uploads\\\/2021\\\/04\\\/426541-Arbol_FERN_GREEN.jpg\",\"contentUrl\":\"https:\\\/\\\/decoplanta.com\\\/wp-content\\\/uploads\\\/2021\\\/04\\\/426541-Arbol_FERN_GREEN.jpg\",\"width\":1760,\"height\":1760,\"caption\":\"FERN GREEN ou arbre foug\u00e8re artificiel, 180 cm avec branches r\u00e9glables et feuille vert vif et intense.\"},{\"@type\":\"BreadcrumbList\",\"@id\":\"https:\\\/\\\/decoplanta.com\\\/fr\\\/plantes-dinterieur-artificielles\\\/arbre-fern-green\\\/#breadcrumb\",\"itemListElement\":[{\"@type\":\"ListItem\",\"position\":1,\"name\":\"Portada\",\"item\":\"https:\\\/\\\/decoplanta.com\\\/fr\\\/\"},{\"@type\":\"ListItem\",\"position\":2,\"name\":\"Priv\u00e9\u00a0: Tienda\",\"item\":\"https:\\\/\\\/decoplanta.com\\\/?page_id=377\"},{\"@type\":\"ListItem\",\"position\":3,\"name\":\"Arbre FERN GREEN\"}]},{\"@type\":\"WebSite\",\"@id\":\"https:\\\/\\\/decoplanta.com\\\/fr\\\/#website\",\"url\":\"https:\\\/\\\/decoplanta.com\\\/fr\\\/\",\"name\":\"PLANTES ET ARBRES ARTIFICIELS TR\u00c8S R\u00c9ALISTES\",\"description\":\"Proveedor de Plantas artificiales para estudios de Arquitectura, Interiorismo, Paisajismo, Escenograf\u00eda, Tiendas de Decoraci\u00f3n Florister\u00edas y Mobiliario\",\"publisher\":{\"@id\":\"https:\\\/\\\/decoplanta.com\\\/fr\\\/#organization\"},\"potentialAction\":[{\"@type\":\"SearchAction\",\"target\":{\"@type\":\"EntryPoint\",\"urlTemplate\":\"https:\\\/\\\/decoplanta.com\\\/fr\\\/?s={search_term_string}\"},\"query-input\":{\"@type\":\"PropertyValueSpecification\",\"valueRequired\":true,\"valueName\":\"search_term_string\"}}],\"inLanguage\":\"fr-FR\"},{\"@type\":\"Organization\",\"@id\":\"https:\\\/\\\/decoplanta.com\\\/fr\\\/#organization\",\"name\":\"PLANTES ET ARBRES ARTIFICIELS TR\u00c8S R\u00c9ALISTES\",\"url\":\"https:\\\/\\\/decoplanta.com\\\/fr\\\/\",\"logo\":{\"@type\":\"ImageObject\",\"inLanguage\":\"fr-FR\",\"@id\":\"https:\\\/\\\/decoplanta.com\\\/fr\\\/#\\\/schema\\\/logo\\\/image\\\/\",\"url\":\"https:\\\/\\\/decoplanta.com\\\/wp-content\\\/uploads\\\/2021\\\/02\\\/decoplanta-logo2020.svg\",\"contentUrl\":\"https:\\\/\\\/decoplanta.com\\\/wp-content\\\/uploads\\\/2021\\\/02\\\/decoplanta-logo2020.svg\",\"width\":500,\"height\":500,\"caption\":\"PLANTES ET ARBRES ARTIFICIELS TR\u00c8S R\u00c9ALISTES\"},\"image\":{\"@id\":\"https:\\\/\\\/decoplanta.com\\\/fr\\\/#\\\/schema\\\/logo\\\/image\\\/\"}}]}<\/script>\n<!-- \/ Yoast SEO plugin. -->","yoast_head_json":{"title":"Arbre FERN GREEN ou arbre d'FOUG\u00c8RE artificiel de r\u00e9alisme tropical","description":"Arbre FERN GREEN ou arbre d'FOUG\u00c8RE artificiel 180 cm de R\u00e9alisme incroyable pour la d\u00e9coration d'int\u00e9rieur, avec une touche tropicale.","robots":{"index":"index","follow":"follow","max-snippet":"max-snippet:-1","max-image-preview":"max-image-preview:large","max-video-preview":"max-video-preview:-1"},"canonical":"https:\/\/decoplanta.com\/fr\/plantes-dinterieur-artificielles\/arbre-fern-green\/","og_locale":"fr_FR","og_type":"article","og_title":"Arbre FERN GREEN ou arbre d'FOUG\u00c8RE artificiel de r\u00e9alisme tropical","og_description":"Arbre FERN GREEN ou arbre d'FOUG\u00c8RE artificiel 180 cm de R\u00e9alisme incroyable pour la d\u00e9coration d'int\u00e9rieur, avec une touche tropicale.","og_url":"https:\/\/decoplanta.com\/fr\/plantes-dinterieur-artificielles\/arbre-fern-green\/","og_site_name":"PLANTES ET ARBRES ARTIFICIELS TR\u00c8S R\u00c9ALISTES","article_modified_time":"2021-12-15T06:41:54+00:00","og_image":[{"width":1760,"height":1760,"url":"https:\/\/decoplanta.com\/wp-content\/uploads\/2021\/04\/426541-Arbol_FERN_GREEN.jpg","type":"image\/jpeg"}],"twitter_card":"summary_large_image","schema":{"@context":"https:\/\/schema.org","@graph":[{"@type":"WebPage","@id":"https:\/\/decoplanta.com\/fr\/plantes-dinterieur-artificielles\/arbre-fern-green\/","url":"https:\/\/decoplanta.com\/fr\/plantes-dinterieur-artificielles\/arbre-fern-green\/","name":"Arbre FERN GREEN ou arbre d'FOUG\u00c8RE artificiel de r\u00e9alisme tropical","isPartOf":{"@id":"https:\/\/decoplanta.com\/fr\/#website"},"primaryImageOfPage":{"@id":"https:\/\/decoplanta.com\/fr\/plantes-dinterieur-artificielles\/arbre-fern-green\/#primaryimage"},"image":{"@id":"https:\/\/decoplanta.com\/fr\/plantes-dinterieur-artificielles\/arbre-fern-green\/#primaryimage"},"thumbnailUrl":"https:\/\/decoplanta.com\/wp-content\/uploads\/2021\/04\/426541-Arbol_FERN_GREEN.jpg","datePublished":"2021-12-15T06:20:36+00:00","dateModified":"2021-12-15T06:41:54+00:00","description":"Arbre FERN GREEN ou arbre d'FOUG\u00c8RE artificiel 180 cm de R\u00e9alisme incroyable pour la d\u00e9coration d'int\u00e9rieur, avec une touche tropicale.","breadcrumb":{"@id":"https:\/\/decoplanta.com\/fr\/plantes-dinterieur-artificielles\/arbre-fern-green\/#breadcrumb"},"inLanguage":"fr-FR","potentialAction":[{"@type":"ReadAction","target":["https:\/\/decoplanta.com\/fr\/plantes-dinterieur-artificielles\/arbre-fern-green\/"]}]},{"@type":"ImageObject","inLanguage":"fr-FR","@id":"https:\/\/decoplanta.com\/fr\/plantes-dinterieur-artificielles\/arbre-fern-green\/#primaryimage","url":"https:\/\/decoplanta.com\/wp-content\/uploads\/2021\/04\/426541-Arbol_FERN_GREEN.jpg","contentUrl":"https:\/\/decoplanta.com\/wp-content\/uploads\/2021\/04\/426541-Arbol_FERN_GREEN.jpg","width":1760,"height":1760,"caption":"FERN GREEN ou arbre foug\u00e8re artificiel, 180 cm avec branches r\u00e9glables et feuille vert vif et intense."},{"@type":"BreadcrumbList","@id":"https:\/\/decoplanta.com\/fr\/plantes-dinterieur-artificielles\/arbre-fern-green\/#breadcrumb","itemListElement":[{"@type":"ListItem","position":1,"name":"Portada","item":"https:\/\/decoplanta.com\/fr\/"},{"@type":"ListItem","position":2,"name":"Priv\u00e9\u00a0: Tienda","item":"https:\/\/decoplanta.com\/?page_id=377"},{"@type":"ListItem","position":3,"name":"Arbre FERN GREEN"}]},{"@type":"WebSite","@id":"https:\/\/decoplanta.com\/fr\/#website","url":"https:\/\/decoplanta.com\/fr\/","name":"PLANTES ET ARBRES ARTIFICIELS TR\u00c8S R\u00c9ALISTES","description":"Proveedor de Plantas artificiales para estudios de Arquitectura, Interiorismo, Paisajismo, Escenograf\u00eda, Tiendas de Decoraci\u00f3n Florister\u00edas y Mobiliario","publisher":{"@id":"https:\/\/decoplanta.com\/fr\/#organization"},"potentialAction":[{"@type":"SearchAction","target":{"@type":"EntryPoint","urlTemplate":"https:\/\/decoplanta.com\/fr\/?s={search_term_string}"},"query-input":{"@type":"PropertyValueSpecification","valueRequired":true,"valueName":"search_term_string"}}],"inLanguage":"fr-FR"},{"@type":"Organization","@id":"https:\/\/decoplanta.com\/fr\/#organization","name":"PLANTES ET ARBRES ARTIFICIELS TR\u00c8S R\u00c9ALISTES","url":"https:\/\/decoplanta.com\/fr\/","logo":{"@type":"ImageObject","inLanguage":"fr-FR","@id":"https:\/\/decoplanta.com\/fr\/#\/schema\/logo\/image\/","url":"https:\/\/decoplanta.com\/wp-content\/uploads\/2021\/02\/decoplanta-logo2020.svg","contentUrl":"https:\/\/decoplanta.com\/wp-content\/uploads\/2021\/02\/decoplanta-logo2020.svg","width":500,"height":500,"caption":"PLANTES ET ARBRES ARTIFICIELS TR\u00c8S R\u00c9ALISTES"},"image":{"@id":"https:\/\/decoplanta.com\/fr\/#\/schema\/logo\/image\/"}}]}},"_links":{"self":[{"href":"https:\/\/decoplanta.com\/fr\/wp-json\/wp\/v2\/product\/3382","targetHints":{"allow":["GET"]}}],"collection":[{"href":"https:\/\/decoplanta.com\/fr\/wp-json\/wp\/v2\/product"}],"about":[{"href":"https:\/\/decoplanta.com\/fr\/wp-json\/wp\/v2\/types\/product"}],"version-history":[{"count":0,"href":"https:\/\/decoplanta.com\/fr\/wp-json\/wp\/v2\/product\/3382\/revisions"}],"wp:featuredmedia":[{"embeddable":true,"href":"https:\/\/decoplanta.com\/fr\/wp-json\/wp\/v2\/media\/2647"}],"wp:attachment":[{"href":"https:\/\/decoplanta.com\/fr\/wp-json\/wp\/v2\/media?parent=3382"}],"wp:term":[{"taxonomy":"product_brand","embeddable":true,"href":"https:\/\/decoplanta.com\/fr\/wp-json\/wp\/v2\/product_brand?post=3382"},{"taxonomy":"product_cat","embeddable":true,"href":"https:\/\/decoplanta.com\/fr\/wp-json\/wp\/v2\/product_cat?post=3382"},{"taxonomy":"product_tag","embeddable":true,"href":"https:\/\/decoplanta.com\/fr\/wp-json\/wp\/v2\/product_tag?post=3382"}],"curies":[{"name":"wp","href":"https:\/\/api.w.org\/{rel}","templated":true}]}}