{"id":3384,"date":"2021-04-17T09:21:18","date_gmt":"2021-12-15T06:20:37","guid":{"rendered":"https:\/\/decoplanta.com\/non%20class\u00e9\/arbre-dicksonia-exotic\/"},"modified":"2021-12-15T07:44:30","modified_gmt":"2021-12-15T06:44:30","slug":"arbre-dicksonia-exotic","status":"publish","type":"product","link":"https:\/\/decoplanta.com\/fr\/plantes-dinterieur-artificielles\/arbre-dicksonia-exotic\/","title":{"rendered":"ARBRE DICKSONIA EXOTIC"},"content":{"rendered":"<p>Arbre artificiel DICKSONIA EXOTIC de 125 cm de haut avec <strong>un grand tronc recouvert de fourrure naturelle<\/strong> pour d\u00e9corer n&rsquo;importe quel ambiance. Un r\u00e9alisme incroyable et une finition soign\u00e9e dans les moindres d\u00e9tails. Toute l&rsquo;\u00e9l\u00e9gance que peut avoir un palmier artificiel ou une plante tropicale exotique. Disponible en hauteur 125 cm. Il est livr\u00e9 avec une pot de base incluse et ne n\u00e9cessite aucun entretien.<\/p>\n<table dir=\"ltr\" border=\"1\" cellspacing=\"0\" cellpadding=\"0\">\n<colgroup>\n<col width=\"93\" \/>\n<col width=\"138\" \/>\n<col width=\"255\" \/>\n<col width=\"65\" \/><\/colgroup>\n<tbody>\n<tr>\n<td data-sheets-value=\"{\">422217<\/td>\n<td data-sheets-value=\"{\" data-sheets-numberformat=\"{\">ARBRE DICKSONIA EXOTIC<\/td>\n<td data-sheets-value=\"{\">Arbre DICKSONIA EXOTIC, 125 cm de haut avec un grand tronc recouvert de fourrure naturelle pour d\u00e9corer tous types d&rsquo;environnements<\/td>\n<td data-sheets-value=\"{\" data-sheets-numberformat=\"{\">\u20ac 159,00<\/td>\n<\/tr>\n<\/tbody>\n<\/table>\n","protected":false},"excerpt":{"rendered":"<p>Arbre artificiel DICKSONIA EXOTIC de 125 cm de haut. Il a un <strong>grand tronc avec un rev\u00eatement naturel semblable \u00e0 de la fourrure.<\/strong> Id\u00e9al pour d\u00e9corer toutes sortes d&rsquo;environnements. Un r\u00e9alisme incroyable et une finition soign\u00e9e dans les moindres d\u00e9tails. Toute l&rsquo;\u00e9l\u00e9gance que peut avoir un palmier artificiel exotique. Il est livr\u00e9 avec une pot de base incluse et ne n\u00e9cessite aucun entretien.<\/p>\n<table>\n<tbody>\n<tr>\n<td><strong>R\u00c9F<\/strong><\/td>\n<td><strong>HAUTEUR<\/strong><\/td>\n<\/tr>\n<tr>\n<td>422217<\/td>\n<td>125 cm<\/td>\n<\/tr>\n<\/tbody>\n<\/table>\n","protected":false},"featured_media":2645,"template":"","meta":{"_monsterinsights_skip_tracking":false,"_monsterinsights_sitenote_active":false,"_monsterinsights_sitenote_note":"","_monsterinsights_sitenote_category":0},"product_brand":[],"product_cat":[251],"product_tag":[269,276,278],"class_list":{"0":"post-3384","1":"product","2":"type-product","3":"status-publish","4":"has-post-thumbnail","6":"product_cat-plantes-dinterieur-artificielles","7":"product_tag-fougere-dinterieur","8":"product_tag-palmier-artificiel","9":"product_tag-plante-tropicale","10":"","11":"woocommerce-text-align-center","12":"woocommerce-image-align-center","13":"do-quantity-buttons","15":"first","16":"instock","17":"taxable","18":"shipping-taxable","19":"purchasable","20":"product-type-simple"},"yoast_head":"<!-- This site is optimized with the Yoast SEO plugin v27.5 - https:\/\/yoast.com\/product\/yoast-seo-wordpress\/ -->\n<title>Arbre DICKSONIA EXOTIC artificiel - Tronc recouvert de fourrure naturelle<\/title>\n<meta name=\"description\" content=\"Arbre DICKSONIA EXOTIC artificiel - 125cm de haut avec un gros tronc recouvert de fourrure naturelle. L&#039;\u00e9l\u00e9gance exotique pour les int\u00e9rieurs\" \/>\n<meta name=\"robots\" content=\"index, follow, max-snippet:-1, max-image-preview:large, max-video-preview:-1\" \/>\n<link rel=\"canonical\" href=\"https:\/\/decoplanta.com\/fr\/plantes-dinterieur-artificielles\/arbre-dicksonia-exotic\/\" \/>\n<meta property=\"og:locale\" content=\"fr_FR\" \/>\n<meta property=\"og:type\" content=\"article\" \/>\n<meta property=\"og:title\" content=\"Arbre DICKSONIA EXOTIC artificiel - Tronc recouvert de fourrure naturelle\" \/>\n<meta property=\"og:description\" content=\"Arbre DICKSONIA EXOTIC artificiel - 125cm de haut avec un gros tronc recouvert de fourrure naturelle. L&#039;\u00e9l\u00e9gance exotique pour les int\u00e9rieurs\" \/>\n<meta property=\"og:url\" content=\"https:\/\/decoplanta.com\/fr\/plantes-dinterieur-artificielles\/arbre-dicksonia-exotic\/\" \/>\n<meta property=\"og:site_name\" content=\"PLANTES ET ARBRES ARTIFICIELS TR\u00c8S R\u00c9ALISTES\" \/>\n<meta property=\"article:modified_time\" content=\"2021-12-15T06:44:30+00:00\" \/>\n<meta property=\"og:image\" content=\"https:\/\/decoplanta.com\/wp-content\/uploads\/2021\/04\/422217-Arbol_DICKSONIA_EXOTIC.jpg\" \/>\n\t<meta property=\"og:image:width\" content=\"2100\" \/>\n\t<meta property=\"og:image:height\" content=\"2100\" \/>\n\t<meta property=\"og:image:type\" content=\"image\/jpeg\" \/>\n<meta name=\"twitter:card\" content=\"summary_large_image\" \/>\n<script type=\"application\/ld+json\" class=\"yoast-schema-graph\">{\"@context\":\"https:\\\/\\\/schema.org\",\"@graph\":[{\"@type\":\"WebPage\",\"@id\":\"https:\\\/\\\/decoplanta.com\\\/fr\\\/plantes-dinterieur-artificielles\\\/arbre-dicksonia-exotic\\\/\",\"url\":\"https:\\\/\\\/decoplanta.com\\\/fr\\\/plantes-dinterieur-artificielles\\\/arbre-dicksonia-exotic\\\/\",\"name\":\"Arbre DICKSONIA EXOTIC artificiel - Tronc recouvert de fourrure naturelle\",\"isPartOf\":{\"@id\":\"https:\\\/\\\/decoplanta.com\\\/fr\\\/#website\"},\"primaryImageOfPage\":{\"@id\":\"https:\\\/\\\/decoplanta.com\\\/fr\\\/plantes-dinterieur-artificielles\\\/arbre-dicksonia-exotic\\\/#primaryimage\"},\"image\":{\"@id\":\"https:\\\/\\\/decoplanta.com\\\/fr\\\/plantes-dinterieur-artificielles\\\/arbre-dicksonia-exotic\\\/#primaryimage\"},\"thumbnailUrl\":\"https:\\\/\\\/decoplanta.com\\\/wp-content\\\/uploads\\\/2021\\\/04\\\/422217-Arbol_DICKSONIA_EXOTIC.jpg\",\"datePublished\":\"2021-12-15T06:20:37+00:00\",\"dateModified\":\"2021-12-15T06:44:30+00:00\",\"description\":\"Arbre DICKSONIA EXOTIC artificiel - 125cm de haut avec un gros tronc recouvert de fourrure naturelle. L'\u00e9l\u00e9gance exotique pour les int\u00e9rieurs\",\"breadcrumb\":{\"@id\":\"https:\\\/\\\/decoplanta.com\\\/fr\\\/plantes-dinterieur-artificielles\\\/arbre-dicksonia-exotic\\\/#breadcrumb\"},\"inLanguage\":\"fr-FR\",\"potentialAction\":[{\"@type\":\"ReadAction\",\"target\":[\"https:\\\/\\\/decoplanta.com\\\/fr\\\/plantes-dinterieur-artificielles\\\/arbre-dicksonia-exotic\\\/\"]}]},{\"@type\":\"ImageObject\",\"inLanguage\":\"fr-FR\",\"@id\":\"https:\\\/\\\/decoplanta.com\\\/fr\\\/plantes-dinterieur-artificielles\\\/arbre-dicksonia-exotic\\\/#primaryimage\",\"url\":\"https:\\\/\\\/decoplanta.com\\\/wp-content\\\/uploads\\\/2021\\\/04\\\/422217-Arbol_DICKSONIA_EXOTIC.jpg\",\"contentUrl\":\"https:\\\/\\\/decoplanta.com\\\/wp-content\\\/uploads\\\/2021\\\/04\\\/422217-Arbol_DICKSONIA_EXOTIC.jpg\",\"width\":2100,\"height\":2100,\"caption\":\"Arbre DICKSONIA EXOTIC de 125 cm de haut avec un grand tronc recouvert de fourrure naturelle\"},{\"@type\":\"BreadcrumbList\",\"@id\":\"https:\\\/\\\/decoplanta.com\\\/fr\\\/plantes-dinterieur-artificielles\\\/arbre-dicksonia-exotic\\\/#breadcrumb\",\"itemListElement\":[{\"@type\":\"ListItem\",\"position\":1,\"name\":\"Portada\",\"item\":\"https:\\\/\\\/decoplanta.com\\\/fr\\\/\"},{\"@type\":\"ListItem\",\"position\":2,\"name\":\"Priv\u00e9\u00a0: Tienda\",\"item\":\"https:\\\/\\\/decoplanta.com\\\/?page_id=377\"},{\"@type\":\"ListItem\",\"position\":3,\"name\":\"ARBRE DICKSONIA EXOTIC\"}]},{\"@type\":\"WebSite\",\"@id\":\"https:\\\/\\\/decoplanta.com\\\/fr\\\/#website\",\"url\":\"https:\\\/\\\/decoplanta.com\\\/fr\\\/\",\"name\":\"PLANTES ET ARBRES ARTIFICIELS TR\u00c8S R\u00c9ALISTES\",\"description\":\"Proveedor de Plantas artificiales para estudios de Arquitectura, Interiorismo, Paisajismo, Escenograf\u00eda, Tiendas de Decoraci\u00f3n Florister\u00edas y Mobiliario\",\"publisher\":{\"@id\":\"https:\\\/\\\/decoplanta.com\\\/fr\\\/#organization\"},\"potentialAction\":[{\"@type\":\"SearchAction\",\"target\":{\"@type\":\"EntryPoint\",\"urlTemplate\":\"https:\\\/\\\/decoplanta.com\\\/fr\\\/?s={search_term_string}\"},\"query-input\":{\"@type\":\"PropertyValueSpecification\",\"valueRequired\":true,\"valueName\":\"search_term_string\"}}],\"inLanguage\":\"fr-FR\"},{\"@type\":\"Organization\",\"@id\":\"https:\\\/\\\/decoplanta.com\\\/fr\\\/#organization\",\"name\":\"PLANTES ET ARBRES ARTIFICIELS TR\u00c8S R\u00c9ALISTES\",\"url\":\"https:\\\/\\\/decoplanta.com\\\/fr\\\/\",\"logo\":{\"@type\":\"ImageObject\",\"inLanguage\":\"fr-FR\",\"@id\":\"https:\\\/\\\/decoplanta.com\\\/fr\\\/#\\\/schema\\\/logo\\\/image\\\/\",\"url\":\"https:\\\/\\\/decoplanta.com\\\/wp-content\\\/uploads\\\/2021\\\/02\\\/decoplanta-logo2020.svg\",\"contentUrl\":\"https:\\\/\\\/decoplanta.com\\\/wp-content\\\/uploads\\\/2021\\\/02\\\/decoplanta-logo2020.svg\",\"width\":500,\"height\":500,\"caption\":\"PLANTES ET ARBRES ARTIFICIELS TR\u00c8S R\u00c9ALISTES\"},\"image\":{\"@id\":\"https:\\\/\\\/decoplanta.com\\\/fr\\\/#\\\/schema\\\/logo\\\/image\\\/\"}}]}<\/script>\n<!-- \/ Yoast SEO plugin. -->","yoast_head_json":{"title":"Arbre DICKSONIA EXOTIC artificiel - Tronc recouvert de fourrure naturelle","description":"Arbre DICKSONIA EXOTIC artificiel - 125cm de haut avec un gros tronc recouvert de fourrure naturelle. L'\u00e9l\u00e9gance exotique pour les int\u00e9rieurs","robots":{"index":"index","follow":"follow","max-snippet":"max-snippet:-1","max-image-preview":"max-image-preview:large","max-video-preview":"max-video-preview:-1"},"canonical":"https:\/\/decoplanta.com\/fr\/plantes-dinterieur-artificielles\/arbre-dicksonia-exotic\/","og_locale":"fr_FR","og_type":"article","og_title":"Arbre DICKSONIA EXOTIC artificiel - Tronc recouvert de fourrure naturelle","og_description":"Arbre DICKSONIA EXOTIC artificiel - 125cm de haut avec un gros tronc recouvert de fourrure naturelle. L'\u00e9l\u00e9gance exotique pour les int\u00e9rieurs","og_url":"https:\/\/decoplanta.com\/fr\/plantes-dinterieur-artificielles\/arbre-dicksonia-exotic\/","og_site_name":"PLANTES ET ARBRES ARTIFICIELS TR\u00c8S R\u00c9ALISTES","article_modified_time":"2021-12-15T06:44:30+00:00","og_image":[{"width":2100,"height":2100,"url":"https:\/\/decoplanta.com\/wp-content\/uploads\/2021\/04\/422217-Arbol_DICKSONIA_EXOTIC.jpg","type":"image\/jpeg"}],"twitter_card":"summary_large_image","schema":{"@context":"https:\/\/schema.org","@graph":[{"@type":"WebPage","@id":"https:\/\/decoplanta.com\/fr\/plantes-dinterieur-artificielles\/arbre-dicksonia-exotic\/","url":"https:\/\/decoplanta.com\/fr\/plantes-dinterieur-artificielles\/arbre-dicksonia-exotic\/","name":"Arbre DICKSONIA EXOTIC artificiel - Tronc recouvert de fourrure naturelle","isPartOf":{"@id":"https:\/\/decoplanta.com\/fr\/#website"},"primaryImageOfPage":{"@id":"https:\/\/decoplanta.com\/fr\/plantes-dinterieur-artificielles\/arbre-dicksonia-exotic\/#primaryimage"},"image":{"@id":"https:\/\/decoplanta.com\/fr\/plantes-dinterieur-artificielles\/arbre-dicksonia-exotic\/#primaryimage"},"thumbnailUrl":"https:\/\/decoplanta.com\/wp-content\/uploads\/2021\/04\/422217-Arbol_DICKSONIA_EXOTIC.jpg","datePublished":"2021-12-15T06:20:37+00:00","dateModified":"2021-12-15T06:44:30+00:00","description":"Arbre DICKSONIA EXOTIC artificiel - 125cm de haut avec un gros tronc recouvert de fourrure naturelle. L'\u00e9l\u00e9gance exotique pour les int\u00e9rieurs","breadcrumb":{"@id":"https:\/\/decoplanta.com\/fr\/plantes-dinterieur-artificielles\/arbre-dicksonia-exotic\/#breadcrumb"},"inLanguage":"fr-FR","potentialAction":[{"@type":"ReadAction","target":["https:\/\/decoplanta.com\/fr\/plantes-dinterieur-artificielles\/arbre-dicksonia-exotic\/"]}]},{"@type":"ImageObject","inLanguage":"fr-FR","@id":"https:\/\/decoplanta.com\/fr\/plantes-dinterieur-artificielles\/arbre-dicksonia-exotic\/#primaryimage","url":"https:\/\/decoplanta.com\/wp-content\/uploads\/2021\/04\/422217-Arbol_DICKSONIA_EXOTIC.jpg","contentUrl":"https:\/\/decoplanta.com\/wp-content\/uploads\/2021\/04\/422217-Arbol_DICKSONIA_EXOTIC.jpg","width":2100,"height":2100,"caption":"Arbre DICKSONIA EXOTIC de 125 cm de haut avec un grand tronc recouvert de fourrure naturelle"},{"@type":"BreadcrumbList","@id":"https:\/\/decoplanta.com\/fr\/plantes-dinterieur-artificielles\/arbre-dicksonia-exotic\/#breadcrumb","itemListElement":[{"@type":"ListItem","position":1,"name":"Portada","item":"https:\/\/decoplanta.com\/fr\/"},{"@type":"ListItem","position":2,"name":"Priv\u00e9\u00a0: Tienda","item":"https:\/\/decoplanta.com\/?page_id=377"},{"@type":"ListItem","position":3,"name":"ARBRE DICKSONIA EXOTIC"}]},{"@type":"WebSite","@id":"https:\/\/decoplanta.com\/fr\/#website","url":"https:\/\/decoplanta.com\/fr\/","name":"PLANTES ET ARBRES ARTIFICIELS TR\u00c8S R\u00c9ALISTES","description":"Proveedor de Plantas artificiales para estudios de Arquitectura, Interiorismo, Paisajismo, Escenograf\u00eda, Tiendas de Decoraci\u00f3n Florister\u00edas y Mobiliario","publisher":{"@id":"https:\/\/decoplanta.com\/fr\/#organization"},"potentialAction":[{"@type":"SearchAction","target":{"@type":"EntryPoint","urlTemplate":"https:\/\/decoplanta.com\/fr\/?s={search_term_string}"},"query-input":{"@type":"PropertyValueSpecification","valueRequired":true,"valueName":"search_term_string"}}],"inLanguage":"fr-FR"},{"@type":"Organization","@id":"https:\/\/decoplanta.com\/fr\/#organization","name":"PLANTES ET ARBRES ARTIFICIELS TR\u00c8S R\u00c9ALISTES","url":"https:\/\/decoplanta.com\/fr\/","logo":{"@type":"ImageObject","inLanguage":"fr-FR","@id":"https:\/\/decoplanta.com\/fr\/#\/schema\/logo\/image\/","url":"https:\/\/decoplanta.com\/wp-content\/uploads\/2021\/02\/decoplanta-logo2020.svg","contentUrl":"https:\/\/decoplanta.com\/wp-content\/uploads\/2021\/02\/decoplanta-logo2020.svg","width":500,"height":500,"caption":"PLANTES ET ARBRES ARTIFICIELS TR\u00c8S R\u00c9ALISTES"},"image":{"@id":"https:\/\/decoplanta.com\/fr\/#\/schema\/logo\/image\/"}}]}},"_links":{"self":[{"href":"https:\/\/decoplanta.com\/fr\/wp-json\/wp\/v2\/product\/3384","targetHints":{"allow":["GET"]}}],"collection":[{"href":"https:\/\/decoplanta.com\/fr\/wp-json\/wp\/v2\/product"}],"about":[{"href":"https:\/\/decoplanta.com\/fr\/wp-json\/wp\/v2\/types\/product"}],"version-history":[{"count":0,"href":"https:\/\/decoplanta.com\/fr\/wp-json\/wp\/v2\/product\/3384\/revisions"}],"wp:featuredmedia":[{"embeddable":true,"href":"https:\/\/decoplanta.com\/fr\/wp-json\/wp\/v2\/media\/2645"}],"wp:attachment":[{"href":"https:\/\/decoplanta.com\/fr\/wp-json\/wp\/v2\/media?parent=3384"}],"wp:term":[{"taxonomy":"product_brand","embeddable":true,"href":"https:\/\/decoplanta.com\/fr\/wp-json\/wp\/v2\/product_brand?post=3384"},{"taxonomy":"product_cat","embeddable":true,"href":"https:\/\/decoplanta.com\/fr\/wp-json\/wp\/v2\/product_cat?post=3384"},{"taxonomy":"product_tag","embeddable":true,"href":"https:\/\/decoplanta.com\/fr\/wp-json\/wp\/v2\/product_tag?post=3384"}],"curies":[{"name":"wp","href":"https:\/\/api.w.org\/{rel}","templated":true}]}}