{"id":3416,"date":"2021-03-21T12:48:49","date_gmt":"2021-12-22T12:17:26","guid":{"rendered":"https:\/\/decoplanta.com\/non%20class\u00e9\/rose-mini\/"},"modified":"2023-10-31T10:47:40","modified_gmt":"2023-10-31T09:47:40","slug":"rose-mini","status":"publish","type":"product","link":"https:\/\/decoplanta.com\/fr\/mini-plantes\/rose-mini\/","title":{"rendered":"MINI ROSES 13cm"},"content":{"rendered":"<p>MINI ROSES BLANCHES artificielles au centre de 13 cm de haut dans un pot en papier de 7 cm. Les roses blanches sont synonymes de calme et de puret\u00e9. La plante artificielle a 5 branches avec des feuilles et de petites roses blanches, frisant la perfection. Il est fabriqu\u00e9 dans un mat\u00e9riau de haute qualit\u00e9, il reste donc beau et attrayant pendant des ann\u00e9es. Placez la plante dans un pot d\u00e9coratif ou suspendez-la directement. Gr\u00e2ce \u00e0 ses couleurs neutres, la rose blanche artificielle s&rsquo;int\u00e8gre dans tous les int\u00e9rieurs. Ils sont vendus en bo\u00eetes indivisibles de 12 unit\u00e9s. Prix unitaire dans le catalogue.<\/p>\n","protected":false},"excerpt":{"rendered":"<p>ROSES BLANCHES, 13 cm de haut dans un pot en papier de 7 cm. Les roses blanches sont synonymes de calme et de puret\u00e9. La plante artificielle a des branches avec des feuilles et de petites roses blanches, \u00e0 la limite de la perfection. Il est fabriqu\u00e9 dans un mat\u00e9riau de haute qualit\u00e9, il reste donc beau et attrayant pendant des ann\u00e9es. Cette plante est id\u00e9ale comme pi\u00e8ce ma\u00eetresse. Gr\u00e2ce \u00e0 ses couleurs neutres, la rose blanche artificielle s&rsquo;int\u00e8gre dans tous les int\u00e9rieurs.<\/p>\n<p>Prix unitaire dans <a href=\"https:\/\/decoplanta.com\/catalogo\/TarifsDecoplanta-CatalogueDistributeurs-HR-FR.pdf\" target=\"_blank\" rel=\"noopener\">le catalogue<\/a> .<\/p>\n<table>\n<tbody>\n<tr>\n<td><strong>R\u00c9F<\/strong><\/td>\n<td><strong>HAUTEUR<\/strong><\/td>\n<\/tr>\n<tr>\n<td><strong>417400<\/strong><\/td>\n<td>13 cm<\/td>\n<\/tr>\n<\/tbody>\n<\/table>\n","protected":false},"featured_media":5965,"template":"","meta":{"_monsterinsights_skip_tracking":false,"_monsterinsights_sitenote_active":false,"_monsterinsights_sitenote_note":"","_monsterinsights_sitenote_category":0},"product_brand":[],"product_cat":[247],"product_tag":[262],"class_list":{"0":"post-3416","1":"product","2":"type-product","3":"status-publish","4":"has-post-thumbnail","6":"product_cat-mini-plantes","7":"product_tag-petites-plantes","8":"","9":"woocommerce-text-align-center","10":"woocommerce-image-align-center","11":"do-quantity-buttons","13":"first","14":"instock","15":"taxable","16":"shipping-taxable","17":"purchasable","18":"product-type-simple"},"yoast_head":"<!-- This site is optimized with the Yoast SEO plugin v27.4 - https:\/\/yoast.com\/product\/yoast-seo-wordpress\/ -->\n<title>Centre de ROSES BLANCHES artificielles - Haut r\u00e9alisme<\/title>\n<meta name=\"description\" content=\"ROSES BLANCHES artificielles au centre de 13cm de haut dans un pot en papier de 7cm. R\u00e9alisme \u00e9lev\u00e9 sans entretien pour les centres de table d&#039;int\u00e9rieur\" \/>\n<meta name=\"robots\" content=\"index, follow, max-snippet:-1, max-image-preview:large, max-video-preview:-1\" \/>\n<link rel=\"canonical\" href=\"https:\/\/decoplanta.com\/fr\/mini-plantes\/rose-mini\/\" \/>\n<meta property=\"og:locale\" content=\"fr_FR\" \/>\n<meta property=\"og:type\" content=\"article\" \/>\n<meta property=\"og:title\" content=\"Centre de ROSES BLANCHES artificielles - Haut r\u00e9alisme\" \/>\n<meta property=\"og:description\" content=\"ROSES BLANCHES artificielles au centre de 13cm de haut dans un pot en papier de 7cm. R\u00e9alisme \u00e9lev\u00e9 sans entretien pour les centres de table d&#039;int\u00e9rieur\" \/>\n<meta property=\"og:url\" content=\"https:\/\/decoplanta.com\/fr\/mini-plantes\/rose-mini\/\" \/>\n<meta property=\"og:site_name\" content=\"PLANTES ET ARBRES ARTIFICIELS TR\u00c8S R\u00c9ALISTES\" \/>\n<meta property=\"article:modified_time\" content=\"2023-10-31T09:47:40+00:00\" \/>\n<meta property=\"og:image\" content=\"https:\/\/decoplanta.com\/wp-content\/uploads\/2021\/03\/417400-ROSE_MINI_Blancas.jpg\" \/>\n\t<meta property=\"og:image:width\" content=\"2500\" \/>\n\t<meta property=\"og:image:height\" content=\"2500\" \/>\n\t<meta property=\"og:image:type\" content=\"image\/jpeg\" \/>\n<meta name=\"twitter:card\" content=\"summary_large_image\" \/>\n<meta name=\"twitter:label1\" content=\"Dur\u00e9e de lecture estim\u00e9e\" \/>\n\t<meta name=\"twitter:data1\" content=\"1 minute\" \/>\n<script type=\"application\/ld+json\" class=\"yoast-schema-graph\">{\"@context\":\"https:\\\/\\\/schema.org\",\"@graph\":[{\"@type\":\"WebPage\",\"@id\":\"https:\\\/\\\/decoplanta.com\\\/fr\\\/mini-plantes\\\/rose-mini\\\/\",\"url\":\"https:\\\/\\\/decoplanta.com\\\/fr\\\/mini-plantes\\\/rose-mini\\\/\",\"name\":\"Centre de ROSES BLANCHES artificielles - Haut r\u00e9alisme\",\"isPartOf\":{\"@id\":\"https:\\\/\\\/decoplanta.com\\\/fr\\\/#website\"},\"primaryImageOfPage\":{\"@id\":\"https:\\\/\\\/decoplanta.com\\\/fr\\\/mini-plantes\\\/rose-mini\\\/#primaryimage\"},\"image\":{\"@id\":\"https:\\\/\\\/decoplanta.com\\\/fr\\\/mini-plantes\\\/rose-mini\\\/#primaryimage\"},\"thumbnailUrl\":\"https:\\\/\\\/decoplanta.com\\\/wp-content\\\/uploads\\\/2021\\\/03\\\/417400-ROSE_MINI_Blancas.jpg\",\"datePublished\":\"2021-12-22T12:17:26+00:00\",\"dateModified\":\"2023-10-31T09:47:40+00:00\",\"description\":\"ROSES BLANCHES artificielles au centre de 13cm de haut dans un pot en papier de 7cm. R\u00e9alisme \u00e9lev\u00e9 sans entretien pour les centres de table d'int\u00e9rieur\",\"breadcrumb\":{\"@id\":\"https:\\\/\\\/decoplanta.com\\\/fr\\\/mini-plantes\\\/rose-mini\\\/#breadcrumb\"},\"inLanguage\":\"fr-FR\",\"potentialAction\":[{\"@type\":\"ReadAction\",\"target\":[\"https:\\\/\\\/decoplanta.com\\\/fr\\\/mini-plantes\\\/rose-mini\\\/\"]}]},{\"@type\":\"ImageObject\",\"inLanguage\":\"fr-FR\",\"@id\":\"https:\\\/\\\/decoplanta.com\\\/fr\\\/mini-plantes\\\/rose-mini\\\/#primaryimage\",\"url\":\"https:\\\/\\\/decoplanta.com\\\/wp-content\\\/uploads\\\/2021\\\/03\\\/417400-ROSE_MINI_Blancas.jpg\",\"contentUrl\":\"https:\\\/\\\/decoplanta.com\\\/wp-content\\\/uploads\\\/2021\\\/03\\\/417400-ROSE_MINI_Blancas.jpg\",\"width\":2500,\"height\":2500,\"caption\":\"Rosas mini blancas artificiales\"},{\"@type\":\"BreadcrumbList\",\"@id\":\"https:\\\/\\\/decoplanta.com\\\/fr\\\/mini-plantes\\\/rose-mini\\\/#breadcrumb\",\"itemListElement\":[{\"@type\":\"ListItem\",\"position\":1,\"name\":\"Portada\",\"item\":\"https:\\\/\\\/decoplanta.com\\\/fr\\\/\"},{\"@type\":\"ListItem\",\"position\":2,\"name\":\"Priv\u00e9\u00a0: Tienda\",\"item\":\"https:\\\/\\\/decoplanta.com\\\/?page_id=377\"},{\"@type\":\"ListItem\",\"position\":3,\"name\":\"MINI ROSES 13cm\"}]},{\"@type\":\"WebSite\",\"@id\":\"https:\\\/\\\/decoplanta.com\\\/fr\\\/#website\",\"url\":\"https:\\\/\\\/decoplanta.com\\\/fr\\\/\",\"name\":\"PLANTES ET ARBRES ARTIFICIELS TR\u00c8S R\u00c9ALISTES\",\"description\":\"Proveedor de Plantas artificiales para estudios de Arquitectura, Interiorismo, Paisajismo, Escenograf\u00eda, Tiendas de Decoraci\u00f3n Florister\u00edas y Mobiliario\",\"publisher\":{\"@id\":\"https:\\\/\\\/decoplanta.com\\\/fr\\\/#organization\"},\"potentialAction\":[{\"@type\":\"SearchAction\",\"target\":{\"@type\":\"EntryPoint\",\"urlTemplate\":\"https:\\\/\\\/decoplanta.com\\\/fr\\\/?s={search_term_string}\"},\"query-input\":{\"@type\":\"PropertyValueSpecification\",\"valueRequired\":true,\"valueName\":\"search_term_string\"}}],\"inLanguage\":\"fr-FR\"},{\"@type\":\"Organization\",\"@id\":\"https:\\\/\\\/decoplanta.com\\\/fr\\\/#organization\",\"name\":\"PLANTES ET ARBRES ARTIFICIELS TR\u00c8S R\u00c9ALISTES\",\"url\":\"https:\\\/\\\/decoplanta.com\\\/fr\\\/\",\"logo\":{\"@type\":\"ImageObject\",\"inLanguage\":\"fr-FR\",\"@id\":\"https:\\\/\\\/decoplanta.com\\\/fr\\\/#\\\/schema\\\/logo\\\/image\\\/\",\"url\":\"https:\\\/\\\/decoplanta.com\\\/wp-content\\\/uploads\\\/2021\\\/02\\\/decoplanta-logo2020.svg\",\"contentUrl\":\"https:\\\/\\\/decoplanta.com\\\/wp-content\\\/uploads\\\/2021\\\/02\\\/decoplanta-logo2020.svg\",\"width\":500,\"height\":500,\"caption\":\"PLANTES ET ARBRES ARTIFICIELS TR\u00c8S R\u00c9ALISTES\"},\"image\":{\"@id\":\"https:\\\/\\\/decoplanta.com\\\/fr\\\/#\\\/schema\\\/logo\\\/image\\\/\"}}]}<\/script>\n<!-- \/ Yoast SEO plugin. -->","yoast_head_json":{"title":"Centre de ROSES BLANCHES artificielles - Haut r\u00e9alisme","description":"ROSES BLANCHES artificielles au centre de 13cm de haut dans un pot en papier de 7cm. R\u00e9alisme \u00e9lev\u00e9 sans entretien pour les centres de table d'int\u00e9rieur","robots":{"index":"index","follow":"follow","max-snippet":"max-snippet:-1","max-image-preview":"max-image-preview:large","max-video-preview":"max-video-preview:-1"},"canonical":"https:\/\/decoplanta.com\/fr\/mini-plantes\/rose-mini\/","og_locale":"fr_FR","og_type":"article","og_title":"Centre de ROSES BLANCHES artificielles - Haut r\u00e9alisme","og_description":"ROSES BLANCHES artificielles au centre de 13cm de haut dans un pot en papier de 7cm. R\u00e9alisme \u00e9lev\u00e9 sans entretien pour les centres de table d'int\u00e9rieur","og_url":"https:\/\/decoplanta.com\/fr\/mini-plantes\/rose-mini\/","og_site_name":"PLANTES ET ARBRES ARTIFICIELS TR\u00c8S R\u00c9ALISTES","article_modified_time":"2023-10-31T09:47:40+00:00","og_image":[{"width":2500,"height":2500,"url":"https:\/\/decoplanta.com\/wp-content\/uploads\/2021\/03\/417400-ROSE_MINI_Blancas.jpg","type":"image\/jpeg"}],"twitter_card":"summary_large_image","twitter_misc":{"Dur\u00e9e de lecture estim\u00e9e":"1 minute"},"schema":{"@context":"https:\/\/schema.org","@graph":[{"@type":"WebPage","@id":"https:\/\/decoplanta.com\/fr\/mini-plantes\/rose-mini\/","url":"https:\/\/decoplanta.com\/fr\/mini-plantes\/rose-mini\/","name":"Centre de ROSES BLANCHES artificielles - Haut r\u00e9alisme","isPartOf":{"@id":"https:\/\/decoplanta.com\/fr\/#website"},"primaryImageOfPage":{"@id":"https:\/\/decoplanta.com\/fr\/mini-plantes\/rose-mini\/#primaryimage"},"image":{"@id":"https:\/\/decoplanta.com\/fr\/mini-plantes\/rose-mini\/#primaryimage"},"thumbnailUrl":"https:\/\/decoplanta.com\/wp-content\/uploads\/2021\/03\/417400-ROSE_MINI_Blancas.jpg","datePublished":"2021-12-22T12:17:26+00:00","dateModified":"2023-10-31T09:47:40+00:00","description":"ROSES BLANCHES artificielles au centre de 13cm de haut dans un pot en papier de 7cm. R\u00e9alisme \u00e9lev\u00e9 sans entretien pour les centres de table d'int\u00e9rieur","breadcrumb":{"@id":"https:\/\/decoplanta.com\/fr\/mini-plantes\/rose-mini\/#breadcrumb"},"inLanguage":"fr-FR","potentialAction":[{"@type":"ReadAction","target":["https:\/\/decoplanta.com\/fr\/mini-plantes\/rose-mini\/"]}]},{"@type":"ImageObject","inLanguage":"fr-FR","@id":"https:\/\/decoplanta.com\/fr\/mini-plantes\/rose-mini\/#primaryimage","url":"https:\/\/decoplanta.com\/wp-content\/uploads\/2021\/03\/417400-ROSE_MINI_Blancas.jpg","contentUrl":"https:\/\/decoplanta.com\/wp-content\/uploads\/2021\/03\/417400-ROSE_MINI_Blancas.jpg","width":2500,"height":2500,"caption":"Rosas mini blancas artificiales"},{"@type":"BreadcrumbList","@id":"https:\/\/decoplanta.com\/fr\/mini-plantes\/rose-mini\/#breadcrumb","itemListElement":[{"@type":"ListItem","position":1,"name":"Portada","item":"https:\/\/decoplanta.com\/fr\/"},{"@type":"ListItem","position":2,"name":"Priv\u00e9\u00a0: Tienda","item":"https:\/\/decoplanta.com\/?page_id=377"},{"@type":"ListItem","position":3,"name":"MINI ROSES 13cm"}]},{"@type":"WebSite","@id":"https:\/\/decoplanta.com\/fr\/#website","url":"https:\/\/decoplanta.com\/fr\/","name":"PLANTES ET ARBRES ARTIFICIELS TR\u00c8S R\u00c9ALISTES","description":"Proveedor de Plantas artificiales para estudios de Arquitectura, Interiorismo, Paisajismo, Escenograf\u00eda, Tiendas de Decoraci\u00f3n Florister\u00edas y Mobiliario","publisher":{"@id":"https:\/\/decoplanta.com\/fr\/#organization"},"potentialAction":[{"@type":"SearchAction","target":{"@type":"EntryPoint","urlTemplate":"https:\/\/decoplanta.com\/fr\/?s={search_term_string}"},"query-input":{"@type":"PropertyValueSpecification","valueRequired":true,"valueName":"search_term_string"}}],"inLanguage":"fr-FR"},{"@type":"Organization","@id":"https:\/\/decoplanta.com\/fr\/#organization","name":"PLANTES ET ARBRES ARTIFICIELS TR\u00c8S R\u00c9ALISTES","url":"https:\/\/decoplanta.com\/fr\/","logo":{"@type":"ImageObject","inLanguage":"fr-FR","@id":"https:\/\/decoplanta.com\/fr\/#\/schema\/logo\/image\/","url":"https:\/\/decoplanta.com\/wp-content\/uploads\/2021\/02\/decoplanta-logo2020.svg","contentUrl":"https:\/\/decoplanta.com\/wp-content\/uploads\/2021\/02\/decoplanta-logo2020.svg","width":500,"height":500,"caption":"PLANTES ET ARBRES ARTIFICIELS TR\u00c8S R\u00c9ALISTES"},"image":{"@id":"https:\/\/decoplanta.com\/fr\/#\/schema\/logo\/image\/"}}]}},"_links":{"self":[{"href":"https:\/\/decoplanta.com\/fr\/wp-json\/wp\/v2\/product\/3416","targetHints":{"allow":["GET"]}}],"collection":[{"href":"https:\/\/decoplanta.com\/fr\/wp-json\/wp\/v2\/product"}],"about":[{"href":"https:\/\/decoplanta.com\/fr\/wp-json\/wp\/v2\/types\/product"}],"version-history":[{"count":0,"href":"https:\/\/decoplanta.com\/fr\/wp-json\/wp\/v2\/product\/3416\/revisions"}],"wp:featuredmedia":[{"embeddable":true,"href":"https:\/\/decoplanta.com\/fr\/wp-json\/wp\/v2\/media\/5965"}],"wp:attachment":[{"href":"https:\/\/decoplanta.com\/fr\/wp-json\/wp\/v2\/media?parent=3416"}],"wp:term":[{"taxonomy":"product_brand","embeddable":true,"href":"https:\/\/decoplanta.com\/fr\/wp-json\/wp\/v2\/product_brand?post=3416"},{"taxonomy":"product_cat","embeddable":true,"href":"https:\/\/decoplanta.com\/fr\/wp-json\/wp\/v2\/product_cat?post=3416"},{"taxonomy":"product_tag","embeddable":true,"href":"https:\/\/decoplanta.com\/fr\/wp-json\/wp\/v2\/product_tag?post=3416"}],"curies":[{"name":"wp","href":"https:\/\/api.w.org\/{rel}","templated":true}]}}