{"id":3430,"date":"2021-03-21T18:53:57","date_gmt":"2021-12-22T12:21:11","guid":{"rendered":"https:\/\/decoplanta.com\/non%20class\u00e9\/pot-mur\/"},"modified":"2025-01-11T15:43:43","modified_gmt":"2025-01-11T14:43:43","slug":"pot-mur","status":"publish","type":"product","link":"https:\/\/decoplanta.com\/fr\/pots\/pot-mur\/","title":{"rendered":"Pot MUR"},"content":{"rendered":"<p>Pot haute rectangulaire MUR, en r\u00e9sine haute r\u00e9sistance, l\u00e9g\u00e8re et lavable, id\u00e9ale pour les plantes et arbres artificiels. Son design neutre et \u00e9l\u00e9gant ne fait pas oublier la beaut\u00e9 des troncs et des tiges des plantes que sa hauteur permettra de mettre en valeur. Il est toujours disponible en deux couleurs : Noir et Blanc. Pot rectangulaire. Valable pour int\u00e9rieur ou ext\u00e9rieur. Pot rectangulaire MUR. Couleurs disponibles : Blanc \/ Noir.<\/p>\n<h3 class=\"p1\"><span class=\"s1\"><b>Pot haute rectangulaire Mod\u00e8le MUR<\/b><\/span><\/h3>\n<p class=\"p2\"><span class=\"s1\">Cette pot en <a href=\"https:\/\/preguntas.habitissimo.es\/pregunta\/revestimiento-de-resina-epoxy\"><span class=\"s2\">resine <\/span><\/a>est con\u00e7ue pr\u00e9cis\u00e9ment pour r\u00e9sister aux intemp\u00e9ries. Il r\u00e9siste aux changements extr\u00eames de temp\u00e9rature. De plus, il r\u00e9siste tr\u00e8s bien aux rayons solaires. Par cons\u00e9quent, ils ne perdent jamais leur couleur d&rsquo;origine, restant toujours neufs, comme au premier jour.<br \/>\nD\u00e9couvrez toutes les <a href=\"https:\/\/decoplanta.com\/fr\/pots\/\"><span class=\"s2\">pots<\/span><\/a> disponibles en r\u00e9sine tr\u00e8s r\u00e9sistante. Autres jardini\u00e8res <a href=\"https:\/\/decoplanta.com\/fr\/pots\/pot-maxideco\/\"><span class=\"s2\">rectangulaires<\/span><\/a> ou <a href=\"https:\/\/decoplanta.com\/fr\/pots\/pot-deco\/\"><span class=\"s2\">carr\u00e9es<\/span><\/a> \u00e9galement disponibles. Parmi les jardini\u00e8res rectangulaires, le Wall Planter se distingue, qui est grand, largement utilis\u00e9 comme s\u00e9paration des environnements dans l&rsquo;industrie h\u00f4teli\u00e8re.<br \/>\nBien que nous ayons \u00e9galement de grandes pots rondes disponibles telles que le <a href=\"https:\/\/decoplanta.com\/fr\/pots\/pot-decoalta-90cm\/\"><span class=\"s2\">Pot Decoalta de 90 cm<\/span><\/a> de haut et le <a href=\"https:\/\/decoplanta.com\/fr\/pots\/pot-grand-rond-decoalta\/\"><span class=\"s2\">Pot Decoalta de 70 cm<\/span><\/a>.<br \/>\nEnfin, il existe \u00e9galement des pots basses et rondes en r\u00e9sine disponibles en trois tailles, comme la <a href=\"https:\/\/decoplanta.com\/fr\/pots\/grande-pot-ronde-basse-decoluxe-xl\/\"><span class=\"s2\">Decoluxe XL<\/span><\/a>, la <a href=\"https:\/\/decoplanta.com\/fr\/pots\/pot-ronde-basse-decoluxe-l\/\"><span class=\"s2\">Decoluxe L<\/span><\/a> et la <a href=\"https:\/\/decoplanta.com\/fr\/pots\/pot-decoluxe-m\/\"><span class=\"s2\">Decoluxe M<\/span><\/a>.<\/span><\/p>\n<p class=\"p2\"><span class=\"s1\">Por \u00faltimo, adem\u00e1s, est\u00e1n a tu disposici\u00f3n Jardineras de resina bajas y redondas en tres tama\u00f1os, como la <a href=\"https:\/\/decoplanta.com\/jardineras-de-diseno\/jardinera-baja-redonda-decoluxe-xl\/\"><span class=\"s2\">Decoluxe XL<\/span><\/a>, <a href=\"https:\/\/decoplanta.com\/jardineras-de-diseno\/jardinera-redonda-decoluxe\/\"><span class=\"s2\">Decoluxe L<\/span><\/a> y <a href=\"https:\/\/decoplanta.com\/jardineras-de-diseno\/jardinera-redonda-decoluxe-m\/\"><span class=\"s2\">Decoluxe M<\/span><\/a>.<\/span><\/p>\n","protected":false},"excerpt":{"rendered":"<p>Pot rectangulaire haute MUR, fabriqu\u00e9 en r\u00e9sine haute r\u00e9sistance, l\u00e9ger et lavable. Valable pour int\u00e9rieur ou ext\u00e9rieur. Son design neutre et \u00e9l\u00e9gant ne fait pas oublier la beaut\u00e9 des troncs et des tiges des plantes que sa hauteur permettra de mettre en valeur.<\/p>\n<p>Couleurs disponibles : Noir et Blanc.<\/p>\n<p><img decoding=\"async\" class=\"alignnone wp-image-5771\" role=\"img\" src=\"https:\/\/decoplanta.com\/wp-content\/uploads\/2023\/06\/ESQUEMA_MURO.svg\" alt=\"medidas jardinera muro\" width=\"277\" \/><\/p>\n<table>\n<tbody>\n<tr>\n<td><strong>R\u00c9F<\/strong><\/td>\n<td><strong>MESURES (Largeur \/ Longueur \/ Hauteur)<\/strong><\/td>\n<\/tr>\n<tr>\n<td><strong>DNJN080BXNW<\/strong><\/td>\n<td>80 x 32 x 80 cm<\/td>\n<\/tr>\n<\/tbody>\n<\/table>\n","protected":false},"featured_media":4152,"template":"","meta":{"_monsterinsights_skip_tracking":false,"_monsterinsights_sitenote_active":false,"_monsterinsights_sitenote_note":"","_monsterinsights_sitenote_category":0},"product_brand":[],"product_cat":[253],"product_tag":[274,275,273],"class_list":{"0":"post-3430","1":"product","2":"type-product","3":"status-publish","4":"has-post-thumbnail","6":"product_cat-pots","7":"product_tag-grand-pot","8":"product_tag-pot-dexterieur","9":"product_tag-pot-rectangulaire","10":"","11":"woocommerce-text-align-center","12":"woocommerce-image-align-center","13":"do-quantity-buttons","15":"first","16":"instock","17":"taxable","18":"shipping-taxable","19":"purchasable","20":"product-type-simple"},"yoast_head":"<!-- This site is optimized with the Yoast SEO plugin v27.5 - https:\/\/yoast.com\/product\/yoast-seo-wordpress\/ -->\n<title>Pot haute rectangulaire MUR pour ext\u00e9rieur fabriqu\u00e9 en r\u00e9sine<\/title>\n<meta name=\"description\" content=\"Pot haute rectangulaire MUR pour ext\u00e9rieur ou int\u00e9rieur. Id\u00e9al pour les jardins ou les terrasses. Dimensions ext\u00e9rieures : 80 x 32 x 80 cm\" \/>\n<meta name=\"robots\" content=\"index, follow, max-snippet:-1, max-image-preview:large, max-video-preview:-1\" \/>\n<link rel=\"canonical\" href=\"https:\/\/decoplanta.com\/fr\/pots\/pot-mur\/\" \/>\n<meta property=\"og:locale\" content=\"fr_FR\" \/>\n<meta property=\"og:type\" content=\"article\" \/>\n<meta property=\"og:title\" content=\"Pot haute rectangulaire MUR pour ext\u00e9rieur fabriqu\u00e9 en r\u00e9sine\" \/>\n<meta property=\"og:description\" content=\"Pot haute rectangulaire MUR pour ext\u00e9rieur ou int\u00e9rieur. Id\u00e9al pour les jardins ou les terrasses. Dimensions ext\u00e9rieures : 80 x 32 x 80 cm\" \/>\n<meta property=\"og:url\" content=\"https:\/\/decoplanta.com\/fr\/pots\/pot-mur\/\" \/>\n<meta property=\"og:site_name\" content=\"PLANTES ET ARBRES ARTIFICIELS TR\u00c8S R\u00c9ALISTES\" \/>\n<meta property=\"article:modified_time\" content=\"2025-01-11T14:43:43+00:00\" \/>\n<meta property=\"og:image\" content=\"https:\/\/decoplanta.com\/wp-content\/uploads\/2022\/06\/DNJN080BXNW-JARDINERA_MURO_BLANCA-NEGRA.jpg\" \/>\n\t<meta property=\"og:image:width\" content=\"1687\" \/>\n\t<meta property=\"og:image:height\" content=\"1687\" \/>\n\t<meta property=\"og:image:type\" content=\"image\/jpeg\" \/>\n<meta name=\"twitter:card\" content=\"summary_large_image\" \/>\n<meta name=\"twitter:label1\" content=\"Dur\u00e9e de lecture estim\u00e9e\" \/>\n\t<meta name=\"twitter:data1\" content=\"2 minutes\" \/>\n<script type=\"application\/ld+json\" class=\"yoast-schema-graph\">{\"@context\":\"https:\\\/\\\/schema.org\",\"@graph\":[{\"@type\":\"WebPage\",\"@id\":\"https:\\\/\\\/decoplanta.com\\\/fr\\\/pots\\\/pot-mur\\\/\",\"url\":\"https:\\\/\\\/decoplanta.com\\\/fr\\\/pots\\\/pot-mur\\\/\",\"name\":\"Pot haute rectangulaire MUR pour ext\u00e9rieur fabriqu\u00e9 en r\u00e9sine\",\"isPartOf\":{\"@id\":\"https:\\\/\\\/decoplanta.com\\\/fr\\\/#website\"},\"primaryImageOfPage\":{\"@id\":\"https:\\\/\\\/decoplanta.com\\\/fr\\\/pots\\\/pot-mur\\\/#primaryimage\"},\"image\":{\"@id\":\"https:\\\/\\\/decoplanta.com\\\/fr\\\/pots\\\/pot-mur\\\/#primaryimage\"},\"thumbnailUrl\":\"https:\\\/\\\/decoplanta.com\\\/wp-content\\\/uploads\\\/2022\\\/06\\\/DNJN080BXNW-JARDINERA_MURO_BLANCA-NEGRA.jpg\",\"datePublished\":\"2021-12-22T12:21:11+00:00\",\"dateModified\":\"2025-01-11T14:43:43+00:00\",\"description\":\"Pot haute rectangulaire MUR pour ext\u00e9rieur ou int\u00e9rieur. Id\u00e9al pour les jardins ou les terrasses. Dimensions ext\u00e9rieures : 80 x 32 x 80 cm\",\"breadcrumb\":{\"@id\":\"https:\\\/\\\/decoplanta.com\\\/fr\\\/pots\\\/pot-mur\\\/#breadcrumb\"},\"inLanguage\":\"fr-FR\",\"potentialAction\":[{\"@type\":\"ReadAction\",\"target\":[\"https:\\\/\\\/decoplanta.com\\\/fr\\\/pots\\\/pot-mur\\\/\"]}]},{\"@type\":\"ImageObject\",\"inLanguage\":\"fr-FR\",\"@id\":\"https:\\\/\\\/decoplanta.com\\\/fr\\\/pots\\\/pot-mur\\\/#primaryimage\",\"url\":\"https:\\\/\\\/decoplanta.com\\\/wp-content\\\/uploads\\\/2022\\\/06\\\/DNJN080BXNW-JARDINERA_MURO_BLANCA-NEGRA.jpg\",\"contentUrl\":\"https:\\\/\\\/decoplanta.com\\\/wp-content\\\/uploads\\\/2022\\\/06\\\/DNJN080BXNW-JARDINERA_MURO_BLANCA-NEGRA.jpg\",\"width\":1687,\"height\":1687,\"caption\":\"jardinera muro en dos colores\"},{\"@type\":\"BreadcrumbList\",\"@id\":\"https:\\\/\\\/decoplanta.com\\\/fr\\\/pots\\\/pot-mur\\\/#breadcrumb\",\"itemListElement\":[{\"@type\":\"ListItem\",\"position\":1,\"name\":\"Portada\",\"item\":\"https:\\\/\\\/decoplanta.com\\\/fr\\\/\"},{\"@type\":\"ListItem\",\"position\":2,\"name\":\"Priv\u00e9\u00a0: Tienda\",\"item\":\"https:\\\/\\\/decoplanta.com\\\/?page_id=377\"},{\"@type\":\"ListItem\",\"position\":3,\"name\":\"Pot MUR\"}]},{\"@type\":\"WebSite\",\"@id\":\"https:\\\/\\\/decoplanta.com\\\/fr\\\/#website\",\"url\":\"https:\\\/\\\/decoplanta.com\\\/fr\\\/\",\"name\":\"PLANTES ET ARBRES ARTIFICIELS TR\u00c8S R\u00c9ALISTES\",\"description\":\"Proveedor de Plantas artificiales para estudios de Arquitectura, Interiorismo, Paisajismo, Escenograf\u00eda, Tiendas de Decoraci\u00f3n Florister\u00edas y Mobiliario\",\"publisher\":{\"@id\":\"https:\\\/\\\/decoplanta.com\\\/fr\\\/#organization\"},\"potentialAction\":[{\"@type\":\"SearchAction\",\"target\":{\"@type\":\"EntryPoint\",\"urlTemplate\":\"https:\\\/\\\/decoplanta.com\\\/fr\\\/?s={search_term_string}\"},\"query-input\":{\"@type\":\"PropertyValueSpecification\",\"valueRequired\":true,\"valueName\":\"search_term_string\"}}],\"inLanguage\":\"fr-FR\"},{\"@type\":\"Organization\",\"@id\":\"https:\\\/\\\/decoplanta.com\\\/fr\\\/#organization\",\"name\":\"PLANTES ET ARBRES ARTIFICIELS TR\u00c8S R\u00c9ALISTES\",\"url\":\"https:\\\/\\\/decoplanta.com\\\/fr\\\/\",\"logo\":{\"@type\":\"ImageObject\",\"inLanguage\":\"fr-FR\",\"@id\":\"https:\\\/\\\/decoplanta.com\\\/fr\\\/#\\\/schema\\\/logo\\\/image\\\/\",\"url\":\"https:\\\/\\\/decoplanta.com\\\/wp-content\\\/uploads\\\/2021\\\/02\\\/decoplanta-logo2020.svg\",\"contentUrl\":\"https:\\\/\\\/decoplanta.com\\\/wp-content\\\/uploads\\\/2021\\\/02\\\/decoplanta-logo2020.svg\",\"width\":500,\"height\":500,\"caption\":\"PLANTES ET ARBRES ARTIFICIELS TR\u00c8S R\u00c9ALISTES\"},\"image\":{\"@id\":\"https:\\\/\\\/decoplanta.com\\\/fr\\\/#\\\/schema\\\/logo\\\/image\\\/\"}}]}<\/script>\n<!-- \/ Yoast SEO plugin. -->","yoast_head_json":{"title":"Pot haute rectangulaire MUR pour ext\u00e9rieur fabriqu\u00e9 en r\u00e9sine","description":"Pot haute rectangulaire MUR pour ext\u00e9rieur ou int\u00e9rieur. Id\u00e9al pour les jardins ou les terrasses. Dimensions ext\u00e9rieures : 80 x 32 x 80 cm","robots":{"index":"index","follow":"follow","max-snippet":"max-snippet:-1","max-image-preview":"max-image-preview:large","max-video-preview":"max-video-preview:-1"},"canonical":"https:\/\/decoplanta.com\/fr\/pots\/pot-mur\/","og_locale":"fr_FR","og_type":"article","og_title":"Pot haute rectangulaire MUR pour ext\u00e9rieur fabriqu\u00e9 en r\u00e9sine","og_description":"Pot haute rectangulaire MUR pour ext\u00e9rieur ou int\u00e9rieur. Id\u00e9al pour les jardins ou les terrasses. Dimensions ext\u00e9rieures : 80 x 32 x 80 cm","og_url":"https:\/\/decoplanta.com\/fr\/pots\/pot-mur\/","og_site_name":"PLANTES ET ARBRES ARTIFICIELS TR\u00c8S R\u00c9ALISTES","article_modified_time":"2025-01-11T14:43:43+00:00","og_image":[{"width":1687,"height":1687,"url":"https:\/\/decoplanta.com\/wp-content\/uploads\/2022\/06\/DNJN080BXNW-JARDINERA_MURO_BLANCA-NEGRA.jpg","type":"image\/jpeg"}],"twitter_card":"summary_large_image","twitter_misc":{"Dur\u00e9e de lecture estim\u00e9e":"2 minutes"},"schema":{"@context":"https:\/\/schema.org","@graph":[{"@type":"WebPage","@id":"https:\/\/decoplanta.com\/fr\/pots\/pot-mur\/","url":"https:\/\/decoplanta.com\/fr\/pots\/pot-mur\/","name":"Pot haute rectangulaire MUR pour ext\u00e9rieur fabriqu\u00e9 en r\u00e9sine","isPartOf":{"@id":"https:\/\/decoplanta.com\/fr\/#website"},"primaryImageOfPage":{"@id":"https:\/\/decoplanta.com\/fr\/pots\/pot-mur\/#primaryimage"},"image":{"@id":"https:\/\/decoplanta.com\/fr\/pots\/pot-mur\/#primaryimage"},"thumbnailUrl":"https:\/\/decoplanta.com\/wp-content\/uploads\/2022\/06\/DNJN080BXNW-JARDINERA_MURO_BLANCA-NEGRA.jpg","datePublished":"2021-12-22T12:21:11+00:00","dateModified":"2025-01-11T14:43:43+00:00","description":"Pot haute rectangulaire MUR pour ext\u00e9rieur ou int\u00e9rieur. Id\u00e9al pour les jardins ou les terrasses. Dimensions ext\u00e9rieures : 80 x 32 x 80 cm","breadcrumb":{"@id":"https:\/\/decoplanta.com\/fr\/pots\/pot-mur\/#breadcrumb"},"inLanguage":"fr-FR","potentialAction":[{"@type":"ReadAction","target":["https:\/\/decoplanta.com\/fr\/pots\/pot-mur\/"]}]},{"@type":"ImageObject","inLanguage":"fr-FR","@id":"https:\/\/decoplanta.com\/fr\/pots\/pot-mur\/#primaryimage","url":"https:\/\/decoplanta.com\/wp-content\/uploads\/2022\/06\/DNJN080BXNW-JARDINERA_MURO_BLANCA-NEGRA.jpg","contentUrl":"https:\/\/decoplanta.com\/wp-content\/uploads\/2022\/06\/DNJN080BXNW-JARDINERA_MURO_BLANCA-NEGRA.jpg","width":1687,"height":1687,"caption":"jardinera muro en dos colores"},{"@type":"BreadcrumbList","@id":"https:\/\/decoplanta.com\/fr\/pots\/pot-mur\/#breadcrumb","itemListElement":[{"@type":"ListItem","position":1,"name":"Portada","item":"https:\/\/decoplanta.com\/fr\/"},{"@type":"ListItem","position":2,"name":"Priv\u00e9\u00a0: Tienda","item":"https:\/\/decoplanta.com\/?page_id=377"},{"@type":"ListItem","position":3,"name":"Pot MUR"}]},{"@type":"WebSite","@id":"https:\/\/decoplanta.com\/fr\/#website","url":"https:\/\/decoplanta.com\/fr\/","name":"PLANTES ET ARBRES ARTIFICIELS TR\u00c8S R\u00c9ALISTES","description":"Proveedor de Plantas artificiales para estudios de Arquitectura, Interiorismo, Paisajismo, Escenograf\u00eda, Tiendas de Decoraci\u00f3n Florister\u00edas y Mobiliario","publisher":{"@id":"https:\/\/decoplanta.com\/fr\/#organization"},"potentialAction":[{"@type":"SearchAction","target":{"@type":"EntryPoint","urlTemplate":"https:\/\/decoplanta.com\/fr\/?s={search_term_string}"},"query-input":{"@type":"PropertyValueSpecification","valueRequired":true,"valueName":"search_term_string"}}],"inLanguage":"fr-FR"},{"@type":"Organization","@id":"https:\/\/decoplanta.com\/fr\/#organization","name":"PLANTES ET ARBRES ARTIFICIELS TR\u00c8S R\u00c9ALISTES","url":"https:\/\/decoplanta.com\/fr\/","logo":{"@type":"ImageObject","inLanguage":"fr-FR","@id":"https:\/\/decoplanta.com\/fr\/#\/schema\/logo\/image\/","url":"https:\/\/decoplanta.com\/wp-content\/uploads\/2021\/02\/decoplanta-logo2020.svg","contentUrl":"https:\/\/decoplanta.com\/wp-content\/uploads\/2021\/02\/decoplanta-logo2020.svg","width":500,"height":500,"caption":"PLANTES ET ARBRES ARTIFICIELS TR\u00c8S R\u00c9ALISTES"},"image":{"@id":"https:\/\/decoplanta.com\/fr\/#\/schema\/logo\/image\/"}}]}},"_links":{"self":[{"href":"https:\/\/decoplanta.com\/fr\/wp-json\/wp\/v2\/product\/3430","targetHints":{"allow":["GET"]}}],"collection":[{"href":"https:\/\/decoplanta.com\/fr\/wp-json\/wp\/v2\/product"}],"about":[{"href":"https:\/\/decoplanta.com\/fr\/wp-json\/wp\/v2\/types\/product"}],"version-history":[{"count":0,"href":"https:\/\/decoplanta.com\/fr\/wp-json\/wp\/v2\/product\/3430\/revisions"}],"wp:featuredmedia":[{"embeddable":true,"href":"https:\/\/decoplanta.com\/fr\/wp-json\/wp\/v2\/media\/4152"}],"wp:attachment":[{"href":"https:\/\/decoplanta.com\/fr\/wp-json\/wp\/v2\/media?parent=3430"}],"wp:term":[{"taxonomy":"product_brand","embeddable":true,"href":"https:\/\/decoplanta.com\/fr\/wp-json\/wp\/v2\/product_brand?post=3430"},{"taxonomy":"product_cat","embeddable":true,"href":"https:\/\/decoplanta.com\/fr\/wp-json\/wp\/v2\/product_cat?post=3430"},{"taxonomy":"product_tag","embeddable":true,"href":"https:\/\/decoplanta.com\/fr\/wp-json\/wp\/v2\/product_tag?post=3430"}],"curies":[{"name":"wp","href":"https:\/\/api.w.org\/{rel}","templated":true}]}}