{"id":3441,"date":"2021-03-20T17:05:37","date_gmt":"2021-12-22T13:03:47","guid":{"rendered":"https:\/\/decoplanta.com\/non%20class\u00e9\/plante-suspendue-fern-uv\/"},"modified":"2021-12-22T15:27:14","modified_gmt":"2021-12-22T14:27:14","slug":"plante-suspendue-fougere-uv","status":"publish","type":"product","link":"https:\/\/decoplanta.com\/fr\/plantes-suspendues-artificielles\/plante-suspendue-fougere-uv\/","title":{"rendered":"CHUTE D&rsquo;FOUG\u00c8RE UV"},"content":{"rendered":"<p>CHUTE D&rsquo;FOUG\u00c8RE UV artificielle de 80 cm de long. Avec une protection UV, il peut vivre \u00e0 l&rsquo;ext\u00e9rieur et ne se d\u00e9colore pas, ce qui en fait le compl\u00e9ment parfait \u00e0 votre jardin. Incroyablement beau, il ajoute une couleur et une sensation naturelles \u00e0 n&rsquo;importe quel espace. Avec une longue tra\u00een\u00e9e de feuilles vertes d\u00e9licates pour ajouter de la texture. Ils sont parfaits pour couvrir un treillis ou planter dans un pot suspendu. Cette foug\u00e8re suspendue artificielle a une pointe pour un placement facile. Ils sont vendus dans des bo\u00eetes indivisibles.<\/p>\n<h2>Pourquoi une plante suspendue artificielle \u00e0 foug\u00e8re UV ?<\/h2>\n<p>Peu de foug\u00e8res royales tol\u00e8rent les endroits chauds et ensoleill\u00e9s; cependant, ils luttent pour survivre dans l&rsquo;ombre, ce qui rend difficile de prendre soin d&rsquo;eux.<\/p>\n<h3>Un peu d&rsquo;histoire de foug\u00e8re :<\/h3>\n<p>La foug\u00e8re est apparue sur Terre il y a environ 360 millions d&rsquo;ann\u00e9es. La plupart des foug\u00e8res modernes sont apparues pour la premi\u00e8re fois \u00e0 l&rsquo;\u00e9poque des dinosaures. Ils sont vendus en bo\u00eetes indivisibles de 12 unit\u00e9s. Prix unitaire dans le catalogue.<\/p>\n","protected":false},"excerpt":{"rendered":"<p>CHUTE D&rsquo;FOUG\u00c8RE UV artificielle de 80 cm de long. Avec une protection UV, il peut vivre \u00e0 l&rsquo;ext\u00e9rieur et ne se d\u00e9colore pas, ce qui en fait le compl\u00e9ment parfait \u00e0 votre jardin. Incroyablement beau, il ajoute une couleur et une sensation naturelles \u00e0 n&rsquo;importe quel espace. Avec une longue tra\u00een\u00e9e de feuilles vertes d\u00e9licates pour ajouter de la texture. Ils sont parfaits pour couvrir un treillis ou planter dans un pot suspendu. Cette foug\u00e8re suspendue artificielle a une pointe pour un placement facile. Ils sont vendus en bo\u00eetes indivisibles de 12 unit\u00e9s. Prix unitaire dans <a href=\"https:\/\/decoplanta.com\/catalogo\/TarifasDecoplanta-CatalogoDistribuidor-HR.pdf\" target=\"_blank\" rel=\"noopener\">le catalogue<\/a> .<\/p>\n<table>\n<tbody>\n<tr>\n<td><strong>R\u00c9F<\/strong><\/td>\n<td><strong>HAUTEUR<\/strong><\/td>\n<\/tr>\n<tr>\n<td><strong>421432<\/strong><\/td>\n<td>80 cm<\/td>\n<\/tr>\n<\/tbody>\n<\/table>\n","protected":false},"featured_media":5985,"template":"","meta":{"_monsterinsights_skip_tracking":false,"_monsterinsights_sitenote_active":false,"_monsterinsights_sitenote_note":"","_monsterinsights_sitenote_category":0},"product_brand":[],"product_cat":[250,249],"product_tag":[263,269,268],"class_list":{"0":"post-3441","1":"product","2":"type-product","3":"status-publish","4":"has-post-thumbnail","6":"product_cat-plantes-pour-lexterieur-artificielles","7":"product_cat-plantes-suspendues-artificielles","8":"product_tag-plantes-artificielles-avec-protection-uv","9":"product_tag-fougere-dinterieur","10":"product_tag-fougere-pour-lexterieur","11":"","12":"woocommerce-text-align-center","13":"woocommerce-image-align-center","14":"do-quantity-buttons","16":"first","17":"instock","18":"taxable","19":"shipping-taxable","20":"purchasable","21":"product-type-simple"},"yoast_head":"<!-- This site is optimized with the Yoast SEO plugin v27.3 - https:\/\/yoast.com\/product\/yoast-seo-wordpress\/ -->\n<title>CHUTE D&#039;FOUG\u00c8RE UV artificielle de haut r\u00e9alisme pour l&#039;ext\u00e9rieur<\/title>\n<meta name=\"description\" content=\"CHUTE D&#039;FOUG\u00c8RE UV artificielle de 80 cm de long. Avec protection UV pour l&#039;ext\u00e9rieur. C&#039;est le compl\u00e9ment parfait dans votre jardin ext\u00e9rieur\" \/>\n<meta name=\"robots\" content=\"index, follow, max-snippet:-1, max-image-preview:large, max-video-preview:-1\" \/>\n<link rel=\"canonical\" href=\"https:\/\/decoplanta.com\/fr\/plantes-suspendues-artificielles\/plante-suspendue-fougere-uv\/\" \/>\n<meta property=\"og:locale\" content=\"fr_FR\" \/>\n<meta property=\"og:type\" content=\"article\" \/>\n<meta property=\"og:title\" content=\"CHUTE D&#039;FOUG\u00c8RE UV artificielle de haut r\u00e9alisme pour l&#039;ext\u00e9rieur\" \/>\n<meta property=\"og:description\" content=\"CHUTE D&#039;FOUG\u00c8RE UV artificielle de 80 cm de long. Avec protection UV pour l&#039;ext\u00e9rieur. C&#039;est le compl\u00e9ment parfait dans votre jardin ext\u00e9rieur\" \/>\n<meta property=\"og:url\" content=\"https:\/\/decoplanta.com\/fr\/plantes-suspendues-artificielles\/plante-suspendue-fougere-uv\/\" \/>\n<meta property=\"og:site_name\" content=\"PLANTES ET ARBRES ARTIFICIELS TR\u00c8S R\u00c9ALISTES\" \/>\n<meta property=\"article:modified_time\" content=\"2021-12-22T14:27:14+00:00\" \/>\n<meta property=\"og:image\" content=\"https:\/\/decoplanta.com\/wp-content\/uploads\/2021\/03\/421432-Planta_Colgante-HELECHO_UV-e1617084143694.jpg\" \/>\n\t<meta property=\"og:image:width\" content=\"2300\" \/>\n\t<meta property=\"og:image:height\" content=\"2300\" \/>\n\t<meta property=\"og:image:type\" content=\"image\/jpeg\" \/>\n<meta name=\"twitter:card\" content=\"summary_large_image\" \/>\n<meta name=\"twitter:label1\" content=\"Dur\u00e9e de lecture estim\u00e9e\" \/>\n\t<meta name=\"twitter:data1\" content=\"1 minute\" \/>\n<script type=\"application\/ld+json\" class=\"yoast-schema-graph\">{\"@context\":\"https:\\\/\\\/schema.org\",\"@graph\":[{\"@type\":\"WebPage\",\"@id\":\"https:\\\/\\\/decoplanta.com\\\/fr\\\/plantes-suspendues-artificielles\\\/plante-suspendue-fougere-uv\\\/\",\"url\":\"https:\\\/\\\/decoplanta.com\\\/fr\\\/plantes-suspendues-artificielles\\\/plante-suspendue-fougere-uv\\\/\",\"name\":\"CHUTE D'FOUG\u00c8RE UV artificielle de haut r\u00e9alisme pour l'ext\u00e9rieur\",\"isPartOf\":{\"@id\":\"https:\\\/\\\/decoplanta.com\\\/fr\\\/#website\"},\"primaryImageOfPage\":{\"@id\":\"https:\\\/\\\/decoplanta.com\\\/fr\\\/plantes-suspendues-artificielles\\\/plante-suspendue-fougere-uv\\\/#primaryimage\"},\"image\":{\"@id\":\"https:\\\/\\\/decoplanta.com\\\/fr\\\/plantes-suspendues-artificielles\\\/plante-suspendue-fougere-uv\\\/#primaryimage\"},\"thumbnailUrl\":\"https:\\\/\\\/decoplanta.com\\\/wp-content\\\/uploads\\\/2021\\\/03\\\/421432-Planta_Colgante-HELECHO_UV-3.jpg\",\"datePublished\":\"2021-12-22T13:03:47+00:00\",\"dateModified\":\"2021-12-22T14:27:14+00:00\",\"description\":\"CHUTE D'FOUG\u00c8RE UV artificielle de 80 cm de long. Avec protection UV pour l'ext\u00e9rieur. C'est le compl\u00e9ment parfait dans votre jardin ext\u00e9rieur\",\"breadcrumb\":{\"@id\":\"https:\\\/\\\/decoplanta.com\\\/fr\\\/plantes-suspendues-artificielles\\\/plante-suspendue-fougere-uv\\\/#breadcrumb\"},\"inLanguage\":\"fr-FR\",\"potentialAction\":[{\"@type\":\"ReadAction\",\"target\":[\"https:\\\/\\\/decoplanta.com\\\/fr\\\/plantes-suspendues-artificielles\\\/plante-suspendue-fougere-uv\\\/\"]}]},{\"@type\":\"ImageObject\",\"inLanguage\":\"fr-FR\",\"@id\":\"https:\\\/\\\/decoplanta.com\\\/fr\\\/plantes-suspendues-artificielles\\\/plante-suspendue-fougere-uv\\\/#primaryimage\",\"url\":\"https:\\\/\\\/decoplanta.com\\\/wp-content\\\/uploads\\\/2021\\\/03\\\/421432-Planta_Colgante-HELECHO_UV-3.jpg\",\"contentUrl\":\"https:\\\/\\\/decoplanta.com\\\/wp-content\\\/uploads\\\/2021\\\/03\\\/421432-Planta_Colgante-HELECHO_UV-3.jpg\",\"width\":2048,\"height\":2048,\"caption\":\"Planta colgante de Helecho para exterior\"},{\"@type\":\"BreadcrumbList\",\"@id\":\"https:\\\/\\\/decoplanta.com\\\/fr\\\/plantes-suspendues-artificielles\\\/plante-suspendue-fougere-uv\\\/#breadcrumb\",\"itemListElement\":[{\"@type\":\"ListItem\",\"position\":1,\"name\":\"Portada\",\"item\":\"https:\\\/\\\/decoplanta.com\\\/fr\\\/\"},{\"@type\":\"ListItem\",\"position\":2,\"name\":\"Priv\u00e9\u00a0: Tienda\",\"item\":\"https:\\\/\\\/decoplanta.com\\\/?page_id=377\"},{\"@type\":\"ListItem\",\"position\":3,\"name\":\"CHUTE D&#8217;FOUG\u00c8RE UV\"}]},{\"@type\":\"WebSite\",\"@id\":\"https:\\\/\\\/decoplanta.com\\\/fr\\\/#website\",\"url\":\"https:\\\/\\\/decoplanta.com\\\/fr\\\/\",\"name\":\"PLANTES ET ARBRES ARTIFICIELS TR\u00c8S R\u00c9ALISTES\",\"description\":\"Proveedor de Plantas artificiales para estudios de Arquitectura, Interiorismo, Paisajismo, Escenograf\u00eda, Tiendas de Decoraci\u00f3n Florister\u00edas y Mobiliario\",\"publisher\":{\"@id\":\"https:\\\/\\\/decoplanta.com\\\/fr\\\/#organization\"},\"potentialAction\":[{\"@type\":\"SearchAction\",\"target\":{\"@type\":\"EntryPoint\",\"urlTemplate\":\"https:\\\/\\\/decoplanta.com\\\/fr\\\/?s={search_term_string}\"},\"query-input\":{\"@type\":\"PropertyValueSpecification\",\"valueRequired\":true,\"valueName\":\"search_term_string\"}}],\"inLanguage\":\"fr-FR\"},{\"@type\":\"Organization\",\"@id\":\"https:\\\/\\\/decoplanta.com\\\/fr\\\/#organization\",\"name\":\"PLANTES ET ARBRES ARTIFICIELS TR\u00c8S R\u00c9ALISTES\",\"url\":\"https:\\\/\\\/decoplanta.com\\\/fr\\\/\",\"logo\":{\"@type\":\"ImageObject\",\"inLanguage\":\"fr-FR\",\"@id\":\"https:\\\/\\\/decoplanta.com\\\/fr\\\/#\\\/schema\\\/logo\\\/image\\\/\",\"url\":\"https:\\\/\\\/decoplanta.com\\\/wp-content\\\/uploads\\\/2021\\\/02\\\/decoplanta-logo2020.svg\",\"contentUrl\":\"https:\\\/\\\/decoplanta.com\\\/wp-content\\\/uploads\\\/2021\\\/02\\\/decoplanta-logo2020.svg\",\"width\":500,\"height\":500,\"caption\":\"PLANTES ET ARBRES ARTIFICIELS TR\u00c8S R\u00c9ALISTES\"},\"image\":{\"@id\":\"https:\\\/\\\/decoplanta.com\\\/fr\\\/#\\\/schema\\\/logo\\\/image\\\/\"}}]}<\/script>\n<!-- \/ Yoast SEO plugin. -->","yoast_head_json":{"title":"CHUTE D'FOUG\u00c8RE UV artificielle de haut r\u00e9alisme pour l'ext\u00e9rieur","description":"CHUTE D'FOUG\u00c8RE UV artificielle de 80 cm de long. Avec protection UV pour l'ext\u00e9rieur. C'est le compl\u00e9ment parfait dans votre jardin ext\u00e9rieur","robots":{"index":"index","follow":"follow","max-snippet":"max-snippet:-1","max-image-preview":"max-image-preview:large","max-video-preview":"max-video-preview:-1"},"canonical":"https:\/\/decoplanta.com\/fr\/plantes-suspendues-artificielles\/plante-suspendue-fougere-uv\/","og_locale":"fr_FR","og_type":"article","og_title":"CHUTE D'FOUG\u00c8RE UV artificielle de haut r\u00e9alisme pour l'ext\u00e9rieur","og_description":"CHUTE D'FOUG\u00c8RE UV artificielle de 80 cm de long. Avec protection UV pour l'ext\u00e9rieur. C'est le compl\u00e9ment parfait dans votre jardin ext\u00e9rieur","og_url":"https:\/\/decoplanta.com\/fr\/plantes-suspendues-artificielles\/plante-suspendue-fougere-uv\/","og_site_name":"PLANTES ET ARBRES ARTIFICIELS TR\u00c8S R\u00c9ALISTES","article_modified_time":"2021-12-22T14:27:14+00:00","og_image":[{"width":2300,"height":2300,"url":"https:\/\/decoplanta.com\/wp-content\/uploads\/2021\/03\/421432-Planta_Colgante-HELECHO_UV-e1617084143694.jpg","type":"image\/jpeg"}],"twitter_card":"summary_large_image","twitter_misc":{"Dur\u00e9e de lecture estim\u00e9e":"1 minute"},"schema":{"@context":"https:\/\/schema.org","@graph":[{"@type":"WebPage","@id":"https:\/\/decoplanta.com\/fr\/plantes-suspendues-artificielles\/plante-suspendue-fougere-uv\/","url":"https:\/\/decoplanta.com\/fr\/plantes-suspendues-artificielles\/plante-suspendue-fougere-uv\/","name":"CHUTE D'FOUG\u00c8RE UV artificielle de haut r\u00e9alisme pour l'ext\u00e9rieur","isPartOf":{"@id":"https:\/\/decoplanta.com\/fr\/#website"},"primaryImageOfPage":{"@id":"https:\/\/decoplanta.com\/fr\/plantes-suspendues-artificielles\/plante-suspendue-fougere-uv\/#primaryimage"},"image":{"@id":"https:\/\/decoplanta.com\/fr\/plantes-suspendues-artificielles\/plante-suspendue-fougere-uv\/#primaryimage"},"thumbnailUrl":"https:\/\/decoplanta.com\/wp-content\/uploads\/2021\/03\/421432-Planta_Colgante-HELECHO_UV-3.jpg","datePublished":"2021-12-22T13:03:47+00:00","dateModified":"2021-12-22T14:27:14+00:00","description":"CHUTE D'FOUG\u00c8RE UV artificielle de 80 cm de long. Avec protection UV pour l'ext\u00e9rieur. C'est le compl\u00e9ment parfait dans votre jardin ext\u00e9rieur","breadcrumb":{"@id":"https:\/\/decoplanta.com\/fr\/plantes-suspendues-artificielles\/plante-suspendue-fougere-uv\/#breadcrumb"},"inLanguage":"fr-FR","potentialAction":[{"@type":"ReadAction","target":["https:\/\/decoplanta.com\/fr\/plantes-suspendues-artificielles\/plante-suspendue-fougere-uv\/"]}]},{"@type":"ImageObject","inLanguage":"fr-FR","@id":"https:\/\/decoplanta.com\/fr\/plantes-suspendues-artificielles\/plante-suspendue-fougere-uv\/#primaryimage","url":"https:\/\/decoplanta.com\/wp-content\/uploads\/2021\/03\/421432-Planta_Colgante-HELECHO_UV-3.jpg","contentUrl":"https:\/\/decoplanta.com\/wp-content\/uploads\/2021\/03\/421432-Planta_Colgante-HELECHO_UV-3.jpg","width":2048,"height":2048,"caption":"Planta colgante de Helecho para exterior"},{"@type":"BreadcrumbList","@id":"https:\/\/decoplanta.com\/fr\/plantes-suspendues-artificielles\/plante-suspendue-fougere-uv\/#breadcrumb","itemListElement":[{"@type":"ListItem","position":1,"name":"Portada","item":"https:\/\/decoplanta.com\/fr\/"},{"@type":"ListItem","position":2,"name":"Priv\u00e9\u00a0: Tienda","item":"https:\/\/decoplanta.com\/?page_id=377"},{"@type":"ListItem","position":3,"name":"CHUTE D&#8217;FOUG\u00c8RE UV"}]},{"@type":"WebSite","@id":"https:\/\/decoplanta.com\/fr\/#website","url":"https:\/\/decoplanta.com\/fr\/","name":"PLANTES ET ARBRES ARTIFICIELS TR\u00c8S R\u00c9ALISTES","description":"Proveedor de Plantas artificiales para estudios de Arquitectura, Interiorismo, Paisajismo, Escenograf\u00eda, Tiendas de Decoraci\u00f3n Florister\u00edas y Mobiliario","publisher":{"@id":"https:\/\/decoplanta.com\/fr\/#organization"},"potentialAction":[{"@type":"SearchAction","target":{"@type":"EntryPoint","urlTemplate":"https:\/\/decoplanta.com\/fr\/?s={search_term_string}"},"query-input":{"@type":"PropertyValueSpecification","valueRequired":true,"valueName":"search_term_string"}}],"inLanguage":"fr-FR"},{"@type":"Organization","@id":"https:\/\/decoplanta.com\/fr\/#organization","name":"PLANTES ET ARBRES ARTIFICIELS TR\u00c8S R\u00c9ALISTES","url":"https:\/\/decoplanta.com\/fr\/","logo":{"@type":"ImageObject","inLanguage":"fr-FR","@id":"https:\/\/decoplanta.com\/fr\/#\/schema\/logo\/image\/","url":"https:\/\/decoplanta.com\/wp-content\/uploads\/2021\/02\/decoplanta-logo2020.svg","contentUrl":"https:\/\/decoplanta.com\/wp-content\/uploads\/2021\/02\/decoplanta-logo2020.svg","width":500,"height":500,"caption":"PLANTES ET ARBRES ARTIFICIELS TR\u00c8S R\u00c9ALISTES"},"image":{"@id":"https:\/\/decoplanta.com\/fr\/#\/schema\/logo\/image\/"}}]}},"_links":{"self":[{"href":"https:\/\/decoplanta.com\/fr\/wp-json\/wp\/v2\/product\/3441","targetHints":{"allow":["GET"]}}],"collection":[{"href":"https:\/\/decoplanta.com\/fr\/wp-json\/wp\/v2\/product"}],"about":[{"href":"https:\/\/decoplanta.com\/fr\/wp-json\/wp\/v2\/types\/product"}],"version-history":[{"count":0,"href":"https:\/\/decoplanta.com\/fr\/wp-json\/wp\/v2\/product\/3441\/revisions"}],"wp:featuredmedia":[{"embeddable":true,"href":"https:\/\/decoplanta.com\/fr\/wp-json\/wp\/v2\/media\/5985"}],"wp:attachment":[{"href":"https:\/\/decoplanta.com\/fr\/wp-json\/wp\/v2\/media?parent=3441"}],"wp:term":[{"taxonomy":"product_brand","embeddable":true,"href":"https:\/\/decoplanta.com\/fr\/wp-json\/wp\/v2\/product_brand?post=3441"},{"taxonomy":"product_cat","embeddable":true,"href":"https:\/\/decoplanta.com\/fr\/wp-json\/wp\/v2\/product_cat?post=3441"},{"taxonomy":"product_tag","embeddable":true,"href":"https:\/\/decoplanta.com\/fr\/wp-json\/wp\/v2\/product_tag?post=3441"}],"curies":[{"name":"wp","href":"https:\/\/api.w.org\/{rel}","templated":true}]}}