{"id":3444,"date":"2021-03-21T09:49:39","date_gmt":"2021-12-22T13:03:47","guid":{"rendered":"https:\/\/decoplanta.com\/non%20class\u00e9\/lot-de-6-mini-succulentes\/"},"modified":"2025-02-02T10:18:02","modified_gmt":"2025-02-02T09:18:02","slug":"lot-de-6-mini-succulentes","status":"publish","type":"product","link":"https:\/\/decoplanta.com\/fr\/mini-plantes\/lot-de-6-mini-succulentes\/","title":{"rendered":"Lot de 12 Mini SUCCULENTES 7cm"},"content":{"rendered":"<p>Lott de 6 plantes SUCCULENTES en pot de ciment. Diam\u00e8tre : 6,5 cm. Ensemble de 6 unit\u00e9s. Vendu dans une bo\u00eete indivisible de 2 ensembles complets.<\/p>\n<p><b><i>Les plantes succulentes<\/i><\/b> sont<span style=\"font-weight: 400;\"> Originaire du Mexique et habite des r\u00e9gions au climat d\u00e9sertique (temp\u00e9ratures \u00e9lev\u00e9es et p\u00e9nurie d&rsquo;eau). \u00c0 l&rsquo;heure actuelle, ces plantes ont \u00e9t\u00e9 distribu\u00e9es dans les r\u00e9gions tropicales du monde pour leur utilisation comme plante ornementale et se sont tr\u00e8s bien adapt\u00e9es.<\/span><\/p>\n<p><span style=\"font-weight: 400;\">Dans son habitat naturel, nous pouvons le trouver poussant sur des sols sablonneux et o\u00f9 la lumi\u00e8re du soleil l&rsquo;affecte toute ou presque toute la journ\u00e9e. Les feuilles de cette esp\u00e8ce sont charnues et en leur sein l&rsquo;eau est stock\u00e9e pour faire face aux s\u00e9cheresses. Les structures qui permettent cette accumulation d&rsquo;eau sont le parenchyme aquif\u00e8re qui poss\u00e8de de gros organites (vacuoles) pour le stockage de ce pr\u00e9cieux liquide.<\/span><\/p>\n<p><span style=\"font-weight: 400;\">Les feuilles de toutes ces esp\u00e8ces poussent en rosette avec les feuilles les plus jeunes vers le centre.<\/span><\/p>\n<h2>Comment est le Lot de 6 Mini SUCCULENTES en pot ?<\/h2>\n<p><span style=\"font-weight: 400;\">Les fleurs de cette esp\u00e8ce naissent du centre de la rosette de feuilles, chacune \u00e9tant dispos\u00e9e sur les c\u00f4t\u00e9s d&rsquo;une tige centrale avec une fleur terminale. Cette tige florif\u00e8re peut atteindre 15 cm ou plus de longueur et porte de 10 \u00e0 25 petites fleurs. Les fleurs de cette esp\u00e8ce ressemblent beaucoup au reste des plantes de ce genre et ont la forme d&rsquo;un petit lampadaire. Ils sont de formes diff\u00e9rentes, de 6 sous-esp\u00e8ces diff\u00e9rentes, et ils sont tous sur un lit de petites pierres.<\/span><\/p>\n","protected":false},"excerpt":{"rendered":"<p>Lot de 12 Mini SUCCULENTES en pots en ciment de 6,5 cm de diam\u00e8tre. 6 mod\u00e8les diff\u00e9rents d&rsquo;un r\u00e9alisme incroyable. Vendu par cartons indivisibles de 12 unit\u00e9s. Prix par ensemble dans <a href=\"https:\/\/decoplanta.com\/catalogo\/TarifsDecoplanta-CatalogueDistributeurs-HR-FR.pdf\" target=\"_blank\" rel=\"noopener\">le catalogue<\/a> .<\/p>\n<table>\n<tbody>\n<tr>\n<td><strong>R\u00c9F<\/strong><\/td>\n<td><strong>\u00d8<\/strong><\/td>\n<\/tr>\n<tr>\n<td><strong>420007<\/strong><\/td>\n<td>6,5 cm<\/td>\n<\/tr>\n<\/tbody>\n<\/table>\n","protected":false},"featured_media":5977,"template":"","meta":{"_monsterinsights_skip_tracking":false,"_monsterinsights_sitenote_active":false,"_monsterinsights_sitenote_note":"","_monsterinsights_sitenote_category":0},"product_brand":[],"product_cat":[247],"product_tag":[277,278],"class_list":{"0":"post-3444","1":"product","2":"type-product","3":"status-publish","4":"has-post-thumbnail","6":"product_cat-mini-plantes","7":"product_tag-plante-succulente-artificielle","8":"product_tag-plante-tropicale","9":"","10":"woocommerce-text-align-center","11":"woocommerce-image-align-center","12":"do-quantity-buttons","14":"first","15":"instock","16":"taxable","17":"shipping-taxable","18":"purchasable","19":"product-type-simple"},"yoast_head":"<!-- This site is optimized with the Yoast SEO plugin v27.3 - https:\/\/yoast.com\/product\/yoast-seo-wordpress\/ -->\n<title>Plantes SUCCULENTES en pot X6 artificielles - Grand r\u00e9alisme<\/title>\n<meta name=\"description\" content=\"Plantes SUCCULENTES en pot de ciment rond. 6 mod\u00e8les diff\u00e9rents avec un r\u00e9alisme incroyable. D\u00e9corez vos centres de table sans entretien.\" \/>\n<meta name=\"robots\" content=\"index, follow, max-snippet:-1, max-image-preview:large, max-video-preview:-1\" \/>\n<link rel=\"canonical\" href=\"https:\/\/decoplanta.com\/fr\/mini-plantes\/lot-de-6-mini-succulentes\/\" \/>\n<meta property=\"og:locale\" content=\"fr_FR\" \/>\n<meta property=\"og:type\" content=\"article\" \/>\n<meta property=\"og:title\" content=\"Plantes SUCCULENTES en pot X6 artificielles - Grand r\u00e9alisme\" \/>\n<meta property=\"og:description\" content=\"Plantes SUCCULENTES en pot de ciment rond. 6 mod\u00e8les diff\u00e9rents avec un r\u00e9alisme incroyable. D\u00e9corez vos centres de table sans entretien.\" \/>\n<meta property=\"og:url\" content=\"https:\/\/decoplanta.com\/fr\/mini-plantes\/lot-de-6-mini-succulentes\/\" \/>\n<meta property=\"og:site_name\" content=\"PLANTES ET ARBRES ARTIFICIELS TR\u00c8S R\u00c9ALISTES\" \/>\n<meta property=\"article:modified_time\" content=\"2025-02-02T09:18:02+00:00\" \/>\n<meta property=\"og:image\" content=\"https:\/\/decoplanta.com\/wp-content\/uploads\/2021\/03\/420007-Conjunto_SUCULENTA_X6.jpg\" \/>\n\t<meta property=\"og:image:width\" content=\"2500\" \/>\n\t<meta property=\"og:image:height\" content=\"2500\" \/>\n\t<meta property=\"og:image:type\" content=\"image\/jpeg\" \/>\n<meta name=\"twitter:card\" content=\"summary_large_image\" \/>\n<meta name=\"twitter:label1\" content=\"Dur\u00e9e de lecture estim\u00e9e\" \/>\n\t<meta name=\"twitter:data1\" content=\"2 minutes\" \/>\n<script type=\"application\/ld+json\" class=\"yoast-schema-graph\">{\"@context\":\"https:\\\/\\\/schema.org\",\"@graph\":[{\"@type\":\"WebPage\",\"@id\":\"https:\\\/\\\/decoplanta.com\\\/fr\\\/mini-plantes\\\/lot-de-6-mini-succulentes\\\/\",\"url\":\"https:\\\/\\\/decoplanta.com\\\/fr\\\/mini-plantes\\\/lot-de-6-mini-succulentes\\\/\",\"name\":\"Plantes SUCCULENTES en pot X6 artificielles - Grand r\u00e9alisme\",\"isPartOf\":{\"@id\":\"https:\\\/\\\/decoplanta.com\\\/fr\\\/#website\"},\"primaryImageOfPage\":{\"@id\":\"https:\\\/\\\/decoplanta.com\\\/fr\\\/mini-plantes\\\/lot-de-6-mini-succulentes\\\/#primaryimage\"},\"image\":{\"@id\":\"https:\\\/\\\/decoplanta.com\\\/fr\\\/mini-plantes\\\/lot-de-6-mini-succulentes\\\/#primaryimage\"},\"thumbnailUrl\":\"https:\\\/\\\/decoplanta.com\\\/wp-content\\\/uploads\\\/2021\\\/03\\\/420007-Conjunto_SUCULENTA_X6.jpg\",\"datePublished\":\"2021-12-22T13:03:47+00:00\",\"dateModified\":\"2025-02-02T09:18:02+00:00\",\"description\":\"Plantes SUCCULENTES en pot de ciment rond. 6 mod\u00e8les diff\u00e9rents avec un r\u00e9alisme incroyable. D\u00e9corez vos centres de table sans entretien.\",\"breadcrumb\":{\"@id\":\"https:\\\/\\\/decoplanta.com\\\/fr\\\/mini-plantes\\\/lot-de-6-mini-succulentes\\\/#breadcrumb\"},\"inLanguage\":\"fr-FR\",\"potentialAction\":[{\"@type\":\"ReadAction\",\"target\":[\"https:\\\/\\\/decoplanta.com\\\/fr\\\/mini-plantes\\\/lot-de-6-mini-succulentes\\\/\"]}]},{\"@type\":\"ImageObject\",\"inLanguage\":\"fr-FR\",\"@id\":\"https:\\\/\\\/decoplanta.com\\\/fr\\\/mini-plantes\\\/lot-de-6-mini-succulentes\\\/#primaryimage\",\"url\":\"https:\\\/\\\/decoplanta.com\\\/wp-content\\\/uploads\\\/2021\\\/03\\\/420007-Conjunto_SUCULENTA_X6.jpg\",\"contentUrl\":\"https:\\\/\\\/decoplanta.com\\\/wp-content\\\/uploads\\\/2021\\\/03\\\/420007-Conjunto_SUCULENTA_X6.jpg\",\"width\":2500,\"height\":2500,\"caption\":\"Plantas suculentas mini en maceta de cemento\"},{\"@type\":\"BreadcrumbList\",\"@id\":\"https:\\\/\\\/decoplanta.com\\\/fr\\\/mini-plantes\\\/lot-de-6-mini-succulentes\\\/#breadcrumb\",\"itemListElement\":[{\"@type\":\"ListItem\",\"position\":1,\"name\":\"Portada\",\"item\":\"https:\\\/\\\/decoplanta.com\\\/fr\\\/\"},{\"@type\":\"ListItem\",\"position\":2,\"name\":\"Priv\u00e9\u00a0: Tienda\",\"item\":\"https:\\\/\\\/decoplanta.com\\\/?page_id=377\"},{\"@type\":\"ListItem\",\"position\":3,\"name\":\"Lot de 12 Mini SUCCULENTES 7cm\"}]},{\"@type\":\"WebSite\",\"@id\":\"https:\\\/\\\/decoplanta.com\\\/fr\\\/#website\",\"url\":\"https:\\\/\\\/decoplanta.com\\\/fr\\\/\",\"name\":\"PLANTES ET ARBRES ARTIFICIELS TR\u00c8S R\u00c9ALISTES\",\"description\":\"Proveedor de Plantas artificiales para estudios de Arquitectura, Interiorismo, Paisajismo, Escenograf\u00eda, Tiendas de Decoraci\u00f3n Florister\u00edas y Mobiliario\",\"publisher\":{\"@id\":\"https:\\\/\\\/decoplanta.com\\\/fr\\\/#organization\"},\"potentialAction\":[{\"@type\":\"SearchAction\",\"target\":{\"@type\":\"EntryPoint\",\"urlTemplate\":\"https:\\\/\\\/decoplanta.com\\\/fr\\\/?s={search_term_string}\"},\"query-input\":{\"@type\":\"PropertyValueSpecification\",\"valueRequired\":true,\"valueName\":\"search_term_string\"}}],\"inLanguage\":\"fr-FR\"},{\"@type\":\"Organization\",\"@id\":\"https:\\\/\\\/decoplanta.com\\\/fr\\\/#organization\",\"name\":\"PLANTES ET ARBRES ARTIFICIELS TR\u00c8S R\u00c9ALISTES\",\"url\":\"https:\\\/\\\/decoplanta.com\\\/fr\\\/\",\"logo\":{\"@type\":\"ImageObject\",\"inLanguage\":\"fr-FR\",\"@id\":\"https:\\\/\\\/decoplanta.com\\\/fr\\\/#\\\/schema\\\/logo\\\/image\\\/\",\"url\":\"https:\\\/\\\/decoplanta.com\\\/wp-content\\\/uploads\\\/2021\\\/02\\\/decoplanta-logo2020.svg\",\"contentUrl\":\"https:\\\/\\\/decoplanta.com\\\/wp-content\\\/uploads\\\/2021\\\/02\\\/decoplanta-logo2020.svg\",\"width\":500,\"height\":500,\"caption\":\"PLANTES ET ARBRES ARTIFICIELS TR\u00c8S R\u00c9ALISTES\"},\"image\":{\"@id\":\"https:\\\/\\\/decoplanta.com\\\/fr\\\/#\\\/schema\\\/logo\\\/image\\\/\"}}]}<\/script>\n<!-- \/ Yoast SEO plugin. -->","yoast_head_json":{"title":"Plantes SUCCULENTES en pot X6 artificielles - Grand r\u00e9alisme","description":"Plantes SUCCULENTES en pot de ciment rond. 6 mod\u00e8les diff\u00e9rents avec un r\u00e9alisme incroyable. D\u00e9corez vos centres de table sans entretien.","robots":{"index":"index","follow":"follow","max-snippet":"max-snippet:-1","max-image-preview":"max-image-preview:large","max-video-preview":"max-video-preview:-1"},"canonical":"https:\/\/decoplanta.com\/fr\/mini-plantes\/lot-de-6-mini-succulentes\/","og_locale":"fr_FR","og_type":"article","og_title":"Plantes SUCCULENTES en pot X6 artificielles - Grand r\u00e9alisme","og_description":"Plantes SUCCULENTES en pot de ciment rond. 6 mod\u00e8les diff\u00e9rents avec un r\u00e9alisme incroyable. D\u00e9corez vos centres de table sans entretien.","og_url":"https:\/\/decoplanta.com\/fr\/mini-plantes\/lot-de-6-mini-succulentes\/","og_site_name":"PLANTES ET ARBRES ARTIFICIELS TR\u00c8S R\u00c9ALISTES","article_modified_time":"2025-02-02T09:18:02+00:00","og_image":[{"width":2500,"height":2500,"url":"https:\/\/decoplanta.com\/wp-content\/uploads\/2021\/03\/420007-Conjunto_SUCULENTA_X6.jpg","type":"image\/jpeg"}],"twitter_card":"summary_large_image","twitter_misc":{"Dur\u00e9e de lecture estim\u00e9e":"2 minutes"},"schema":{"@context":"https:\/\/schema.org","@graph":[{"@type":"WebPage","@id":"https:\/\/decoplanta.com\/fr\/mini-plantes\/lot-de-6-mini-succulentes\/","url":"https:\/\/decoplanta.com\/fr\/mini-plantes\/lot-de-6-mini-succulentes\/","name":"Plantes SUCCULENTES en pot X6 artificielles - Grand r\u00e9alisme","isPartOf":{"@id":"https:\/\/decoplanta.com\/fr\/#website"},"primaryImageOfPage":{"@id":"https:\/\/decoplanta.com\/fr\/mini-plantes\/lot-de-6-mini-succulentes\/#primaryimage"},"image":{"@id":"https:\/\/decoplanta.com\/fr\/mini-plantes\/lot-de-6-mini-succulentes\/#primaryimage"},"thumbnailUrl":"https:\/\/decoplanta.com\/wp-content\/uploads\/2021\/03\/420007-Conjunto_SUCULENTA_X6.jpg","datePublished":"2021-12-22T13:03:47+00:00","dateModified":"2025-02-02T09:18:02+00:00","description":"Plantes SUCCULENTES en pot de ciment rond. 6 mod\u00e8les diff\u00e9rents avec un r\u00e9alisme incroyable. D\u00e9corez vos centres de table sans entretien.","breadcrumb":{"@id":"https:\/\/decoplanta.com\/fr\/mini-plantes\/lot-de-6-mini-succulentes\/#breadcrumb"},"inLanguage":"fr-FR","potentialAction":[{"@type":"ReadAction","target":["https:\/\/decoplanta.com\/fr\/mini-plantes\/lot-de-6-mini-succulentes\/"]}]},{"@type":"ImageObject","inLanguage":"fr-FR","@id":"https:\/\/decoplanta.com\/fr\/mini-plantes\/lot-de-6-mini-succulentes\/#primaryimage","url":"https:\/\/decoplanta.com\/wp-content\/uploads\/2021\/03\/420007-Conjunto_SUCULENTA_X6.jpg","contentUrl":"https:\/\/decoplanta.com\/wp-content\/uploads\/2021\/03\/420007-Conjunto_SUCULENTA_X6.jpg","width":2500,"height":2500,"caption":"Plantas suculentas mini en maceta de cemento"},{"@type":"BreadcrumbList","@id":"https:\/\/decoplanta.com\/fr\/mini-plantes\/lot-de-6-mini-succulentes\/#breadcrumb","itemListElement":[{"@type":"ListItem","position":1,"name":"Portada","item":"https:\/\/decoplanta.com\/fr\/"},{"@type":"ListItem","position":2,"name":"Priv\u00e9\u00a0: Tienda","item":"https:\/\/decoplanta.com\/?page_id=377"},{"@type":"ListItem","position":3,"name":"Lot de 12 Mini SUCCULENTES 7cm"}]},{"@type":"WebSite","@id":"https:\/\/decoplanta.com\/fr\/#website","url":"https:\/\/decoplanta.com\/fr\/","name":"PLANTES ET ARBRES ARTIFICIELS TR\u00c8S R\u00c9ALISTES","description":"Proveedor de Plantas artificiales para estudios de Arquitectura, Interiorismo, Paisajismo, Escenograf\u00eda, Tiendas de Decoraci\u00f3n Florister\u00edas y Mobiliario","publisher":{"@id":"https:\/\/decoplanta.com\/fr\/#organization"},"potentialAction":[{"@type":"SearchAction","target":{"@type":"EntryPoint","urlTemplate":"https:\/\/decoplanta.com\/fr\/?s={search_term_string}"},"query-input":{"@type":"PropertyValueSpecification","valueRequired":true,"valueName":"search_term_string"}}],"inLanguage":"fr-FR"},{"@type":"Organization","@id":"https:\/\/decoplanta.com\/fr\/#organization","name":"PLANTES ET ARBRES ARTIFICIELS TR\u00c8S R\u00c9ALISTES","url":"https:\/\/decoplanta.com\/fr\/","logo":{"@type":"ImageObject","inLanguage":"fr-FR","@id":"https:\/\/decoplanta.com\/fr\/#\/schema\/logo\/image\/","url":"https:\/\/decoplanta.com\/wp-content\/uploads\/2021\/02\/decoplanta-logo2020.svg","contentUrl":"https:\/\/decoplanta.com\/wp-content\/uploads\/2021\/02\/decoplanta-logo2020.svg","width":500,"height":500,"caption":"PLANTES ET ARBRES ARTIFICIELS TR\u00c8S R\u00c9ALISTES"},"image":{"@id":"https:\/\/decoplanta.com\/fr\/#\/schema\/logo\/image\/"}}]}},"_links":{"self":[{"href":"https:\/\/decoplanta.com\/fr\/wp-json\/wp\/v2\/product\/3444","targetHints":{"allow":["GET"]}}],"collection":[{"href":"https:\/\/decoplanta.com\/fr\/wp-json\/wp\/v2\/product"}],"about":[{"href":"https:\/\/decoplanta.com\/fr\/wp-json\/wp\/v2\/types\/product"}],"version-history":[{"count":0,"href":"https:\/\/decoplanta.com\/fr\/wp-json\/wp\/v2\/product\/3444\/revisions"}],"wp:featuredmedia":[{"embeddable":true,"href":"https:\/\/decoplanta.com\/fr\/wp-json\/wp\/v2\/media\/5977"}],"wp:attachment":[{"href":"https:\/\/decoplanta.com\/fr\/wp-json\/wp\/v2\/media?parent=3444"}],"wp:term":[{"taxonomy":"product_brand","embeddable":true,"href":"https:\/\/decoplanta.com\/fr\/wp-json\/wp\/v2\/product_brand?post=3444"},{"taxonomy":"product_cat","embeddable":true,"href":"https:\/\/decoplanta.com\/fr\/wp-json\/wp\/v2\/product_cat?post=3444"},{"taxonomy":"product_tag","embeddable":true,"href":"https:\/\/decoplanta.com\/fr\/wp-json\/wp\/v2\/product_tag?post=3444"}],"curies":[{"name":"wp","href":"https:\/\/api.w.org\/{rel}","templated":true}]}}