{"id":3448,"date":"2021-03-20T19:24:36","date_gmt":"2021-12-22T13:03:48","guid":{"rendered":"https:\/\/decoplanta.com\/non%20class\u00e9\/echeveria-pelusida\/"},"modified":"2023-10-31T13:42:44","modified_gmt":"2023-10-31T12:42:44","slug":"echeveria-pelusida","status":"publish","type":"product","link":"https:\/\/decoplanta.com\/fr\/mini-plantes\/echeveria-pelusida\/","title":{"rendered":"ECHEVERIA PELUSIDA 11cm"},"content":{"rendered":"<p>Buisson artificiel Echeveria pelusida de 20 cm de diam\u00e8tre. Bourgogne en bo\u00eete ronde vieillie de 11 cm.<\/p>\n<p><b><i>L&rsquo;usine d&rsquo;Echeveria<\/i><\/b> <span style=\"font-weight: 400;\">Il est originaire du Mexique et vit dans des zones au climat d\u00e9sertique (temp\u00e9ratures \u00e9lev\u00e9es et p\u00e9nurie d&rsquo;eau). \u00c0 l&rsquo;heure actuelle, cette plante a \u00e9t\u00e9 distribu\u00e9e dans toutes les r\u00e9gions tropicales du monde pour son utilisation comme plante ornementale et s&rsquo;est tr\u00e8s bien adapt\u00e9e.<\/span><\/p>\n<p><span style=\"font-weight: 400;\">Cette esp\u00e8ce est une plante succulente et a besoin d&rsquo;un climat chaud avec une bonne exposition au soleil pour son d\u00e9veloppement. Dans son habitat naturel, nous pouvons le trouver poussant sur des sols sablonneux et o\u00f9 la lumi\u00e8re du soleil l&rsquo;affecte toute ou presque toute la journ\u00e9e. Les feuilles de cette esp\u00e8ce sont charnues et en leur sein l&rsquo;eau est stock\u00e9e pour faire face aux s\u00e9cheresses. Les structures qui permettent cette accumulation d&rsquo;eau sont le parenchyme aquif\u00e8re qui poss\u00e8de de gros organites (vacuoles) pour le stockage de ce pr\u00e9cieux liquide.<\/span><\/p>\n<p><span style=\"font-weight: 400;\">Les feuilles de cette esp\u00e8ce sont quelque peu allong\u00e9es avec le sommet formant une petite \u00e9pine centrale (ce n&rsquo;est pas une vraie \u00e9pine, c&rsquo;est une extension de la m\u00eame feuille). Ceux-ci poussent en forme de rosette avec les feuilles les plus jeunes vers le centre.<\/span><\/p>\n<h2>Comment est le buisson artificiel Echeveria pelusida?<\/h2>\n<p><span style=\"font-weight: 400;\">Les fleurs de cette esp\u00e8ce naissent du centre de la rosette de feuilles, chacune \u00e9tant dispos\u00e9e sur les c\u00f4t\u00e9s d&rsquo;une tige centrale avec une fleur terminale. Cette tige florif\u00e8re peut atteindre 15 cm ou plus de longueur et porte de 10 \u00e0 25 petites fleurs. Les fleurs de cette esp\u00e8ce ressemblent beaucoup au reste des plantes de ce genre et ont la forme d&rsquo;un petit lampadaire.<\/span><\/p>\n","protected":false},"excerpt":{"rendered":"<p>Plante pr\u00e9cieuse ECHEVERIA PELUSIDA artificiel de 20 cm de diam\u00e8tre. Bourgogne en bo\u00eete ronde vieillie de 11 cm. Il ne n\u00e9cessite pas d&rsquo;entretien.<\/p>\n<p>Prix unitaire dans <a href=\"https:\/\/decoplanta.com\/catalogo\/TarifsDecoplanta-CatalogueDistributeurs-HR-FR.pdf\" target=\"_blank\" rel=\"noopener\">le catalogue<\/a> .<\/p>\n<table>\n<tbody>\n<tr>\n<td><strong>R\u00c9F<\/strong><\/td>\n<td><strong>\u00d8<\/strong><\/td>\n<\/tr>\n<tr>\n<td><strong>4191353<\/strong><\/td>\n<td>20 cm<\/td>\n<\/tr>\n<\/tbody>\n<\/table>\n","protected":false},"featured_media":6081,"template":"","meta":{"_monsterinsights_skip_tracking":false,"_monsterinsights_sitenote_active":false,"_monsterinsights_sitenote_note":"","_monsterinsights_sitenote_category":0},"product_brand":[],"product_cat":[247],"product_tag":[277,278],"class_list":{"0":"post-3448","1":"product","2":"type-product","3":"status-publish","4":"has-post-thumbnail","6":"product_cat-mini-plantes","7":"product_tag-plante-succulente-artificielle","8":"product_tag-plante-tropicale","9":"","10":"woocommerce-text-align-center","11":"woocommerce-image-align-center","12":"do-quantity-buttons","14":"first","15":"instock","16":"taxable","17":"shipping-taxable","18":"purchasable","19":"product-type-simple"},"yoast_head":"<!-- This site is optimized with the Yoast SEO plugin v27.3 - https:\/\/yoast.com\/product\/yoast-seo-wordpress\/ -->\n<title>ECHEVERIA PELUSIDA artificiel de 20 cm \/ \u00d8 - Haut r\u00e9alisme<\/title>\n<meta name=\"description\" content=\"ECHEVERIA PELUSIDA artificiel. Incroyable r\u00e9alisme dans ses feuilles charnues bordeaux. D\u00e9corez n&#039;importe quel environnement sans entretien.\" \/>\n<meta name=\"robots\" content=\"index, follow, max-snippet:-1, max-image-preview:large, max-video-preview:-1\" \/>\n<link rel=\"canonical\" href=\"https:\/\/decoplanta.com\/fr\/mini-plantes\/echeveria-pelusida\/\" \/>\n<meta property=\"og:locale\" content=\"fr_FR\" \/>\n<meta property=\"og:type\" content=\"article\" \/>\n<meta property=\"og:title\" content=\"ECHEVERIA PELUSIDA artificiel de 20 cm \/ \u00d8 - Haut r\u00e9alisme\" \/>\n<meta property=\"og:description\" content=\"ECHEVERIA PELUSIDA artificiel. Incroyable r\u00e9alisme dans ses feuilles charnues bordeaux. D\u00e9corez n&#039;importe quel environnement sans entretien.\" \/>\n<meta property=\"og:url\" content=\"https:\/\/decoplanta.com\/fr\/mini-plantes\/echeveria-pelusida\/\" \/>\n<meta property=\"og:site_name\" content=\"PLANTES ET ARBRES ARTIFICIELS TR\u00c8S R\u00c9ALISTES\" \/>\n<meta property=\"article:modified_time\" content=\"2023-10-31T12:42:44+00:00\" \/>\n<meta property=\"og:image\" content=\"https:\/\/decoplanta.com\/wp-content\/uploads\/2021\/03\/4191353-ECHEVERIA_PELUSIDA.jpg\" \/>\n\t<meta property=\"og:image:width\" content=\"2500\" \/>\n\t<meta property=\"og:image:height\" content=\"2500\" \/>\n\t<meta property=\"og:image:type\" content=\"image\/jpeg\" \/>\n<meta name=\"twitter:card\" content=\"summary_large_image\" \/>\n<meta name=\"twitter:label1\" content=\"Dur\u00e9e de lecture estim\u00e9e\" \/>\n\t<meta name=\"twitter:data1\" content=\"2 minutes\" \/>\n<script type=\"application\/ld+json\" class=\"yoast-schema-graph\">{\"@context\":\"https:\\\/\\\/schema.org\",\"@graph\":[{\"@type\":\"WebPage\",\"@id\":\"https:\\\/\\\/decoplanta.com\\\/fr\\\/mini-plantes\\\/echeveria-pelusida\\\/\",\"url\":\"https:\\\/\\\/decoplanta.com\\\/fr\\\/mini-plantes\\\/echeveria-pelusida\\\/\",\"name\":\"ECHEVERIA PELUSIDA artificiel de 20 cm \\\/ \u00d8 - Haut r\u00e9alisme\",\"isPartOf\":{\"@id\":\"https:\\\/\\\/decoplanta.com\\\/fr\\\/#website\"},\"primaryImageOfPage\":{\"@id\":\"https:\\\/\\\/decoplanta.com\\\/fr\\\/mini-plantes\\\/echeveria-pelusida\\\/#primaryimage\"},\"image\":{\"@id\":\"https:\\\/\\\/decoplanta.com\\\/fr\\\/mini-plantes\\\/echeveria-pelusida\\\/#primaryimage\"},\"thumbnailUrl\":\"https:\\\/\\\/decoplanta.com\\\/wp-content\\\/uploads\\\/2021\\\/03\\\/4191353-ECHEVERIA_PELUSIDA.jpg\",\"datePublished\":\"2021-12-22T13:03:48+00:00\",\"dateModified\":\"2023-10-31T12:42:44+00:00\",\"description\":\"ECHEVERIA PELUSIDA artificiel. Incroyable r\u00e9alisme dans ses feuilles charnues bordeaux. D\u00e9corez n'importe quel environnement sans entretien.\",\"breadcrumb\":{\"@id\":\"https:\\\/\\\/decoplanta.com\\\/fr\\\/mini-plantes\\\/echeveria-pelusida\\\/#breadcrumb\"},\"inLanguage\":\"fr-FR\",\"potentialAction\":[{\"@type\":\"ReadAction\",\"target\":[\"https:\\\/\\\/decoplanta.com\\\/fr\\\/mini-plantes\\\/echeveria-pelusida\\\/\"]}]},{\"@type\":\"ImageObject\",\"inLanguage\":\"fr-FR\",\"@id\":\"https:\\\/\\\/decoplanta.com\\\/fr\\\/mini-plantes\\\/echeveria-pelusida\\\/#primaryimage\",\"url\":\"https:\\\/\\\/decoplanta.com\\\/wp-content\\\/uploads\\\/2021\\\/03\\\/4191353-ECHEVERIA_PELUSIDA.jpg\",\"contentUrl\":\"https:\\\/\\\/decoplanta.com\\\/wp-content\\\/uploads\\\/2021\\\/03\\\/4191353-ECHEVERIA_PELUSIDA.jpg\",\"width\":2500,\"height\":2500,\"caption\":\"Echeveria pelusida mini\"},{\"@type\":\"BreadcrumbList\",\"@id\":\"https:\\\/\\\/decoplanta.com\\\/fr\\\/mini-plantes\\\/echeveria-pelusida\\\/#breadcrumb\",\"itemListElement\":[{\"@type\":\"ListItem\",\"position\":1,\"name\":\"Portada\",\"item\":\"https:\\\/\\\/decoplanta.com\\\/fr\\\/\"},{\"@type\":\"ListItem\",\"position\":2,\"name\":\"Priv\u00e9\u00a0: Tienda\",\"item\":\"https:\\\/\\\/decoplanta.com\\\/?page_id=377\"},{\"@type\":\"ListItem\",\"position\":3,\"name\":\"ECHEVERIA PELUSIDA 11cm\"}]},{\"@type\":\"WebSite\",\"@id\":\"https:\\\/\\\/decoplanta.com\\\/fr\\\/#website\",\"url\":\"https:\\\/\\\/decoplanta.com\\\/fr\\\/\",\"name\":\"PLANTES ET ARBRES ARTIFICIELS TR\u00c8S R\u00c9ALISTES\",\"description\":\"Proveedor de Plantas artificiales para estudios de Arquitectura, Interiorismo, Paisajismo, Escenograf\u00eda, Tiendas de Decoraci\u00f3n Florister\u00edas y Mobiliario\",\"publisher\":{\"@id\":\"https:\\\/\\\/decoplanta.com\\\/fr\\\/#organization\"},\"potentialAction\":[{\"@type\":\"SearchAction\",\"target\":{\"@type\":\"EntryPoint\",\"urlTemplate\":\"https:\\\/\\\/decoplanta.com\\\/fr\\\/?s={search_term_string}\"},\"query-input\":{\"@type\":\"PropertyValueSpecification\",\"valueRequired\":true,\"valueName\":\"search_term_string\"}}],\"inLanguage\":\"fr-FR\"},{\"@type\":\"Organization\",\"@id\":\"https:\\\/\\\/decoplanta.com\\\/fr\\\/#organization\",\"name\":\"PLANTES ET ARBRES ARTIFICIELS TR\u00c8S R\u00c9ALISTES\",\"url\":\"https:\\\/\\\/decoplanta.com\\\/fr\\\/\",\"logo\":{\"@type\":\"ImageObject\",\"inLanguage\":\"fr-FR\",\"@id\":\"https:\\\/\\\/decoplanta.com\\\/fr\\\/#\\\/schema\\\/logo\\\/image\\\/\",\"url\":\"https:\\\/\\\/decoplanta.com\\\/wp-content\\\/uploads\\\/2021\\\/02\\\/decoplanta-logo2020.svg\",\"contentUrl\":\"https:\\\/\\\/decoplanta.com\\\/wp-content\\\/uploads\\\/2021\\\/02\\\/decoplanta-logo2020.svg\",\"width\":500,\"height\":500,\"caption\":\"PLANTES ET ARBRES ARTIFICIELS TR\u00c8S R\u00c9ALISTES\"},\"image\":{\"@id\":\"https:\\\/\\\/decoplanta.com\\\/fr\\\/#\\\/schema\\\/logo\\\/image\\\/\"}}]}<\/script>\n<!-- \/ Yoast SEO plugin. -->","yoast_head_json":{"title":"ECHEVERIA PELUSIDA artificiel de 20 cm \/ \u00d8 - Haut r\u00e9alisme","description":"ECHEVERIA PELUSIDA artificiel. Incroyable r\u00e9alisme dans ses feuilles charnues bordeaux. D\u00e9corez n'importe quel environnement sans entretien.","robots":{"index":"index","follow":"follow","max-snippet":"max-snippet:-1","max-image-preview":"max-image-preview:large","max-video-preview":"max-video-preview:-1"},"canonical":"https:\/\/decoplanta.com\/fr\/mini-plantes\/echeveria-pelusida\/","og_locale":"fr_FR","og_type":"article","og_title":"ECHEVERIA PELUSIDA artificiel de 20 cm \/ \u00d8 - Haut r\u00e9alisme","og_description":"ECHEVERIA PELUSIDA artificiel. Incroyable r\u00e9alisme dans ses feuilles charnues bordeaux. D\u00e9corez n'importe quel environnement sans entretien.","og_url":"https:\/\/decoplanta.com\/fr\/mini-plantes\/echeveria-pelusida\/","og_site_name":"PLANTES ET ARBRES ARTIFICIELS TR\u00c8S R\u00c9ALISTES","article_modified_time":"2023-10-31T12:42:44+00:00","og_image":[{"width":2500,"height":2500,"url":"https:\/\/decoplanta.com\/wp-content\/uploads\/2021\/03\/4191353-ECHEVERIA_PELUSIDA.jpg","type":"image\/jpeg"}],"twitter_card":"summary_large_image","twitter_misc":{"Dur\u00e9e de lecture estim\u00e9e":"2 minutes"},"schema":{"@context":"https:\/\/schema.org","@graph":[{"@type":"WebPage","@id":"https:\/\/decoplanta.com\/fr\/mini-plantes\/echeveria-pelusida\/","url":"https:\/\/decoplanta.com\/fr\/mini-plantes\/echeveria-pelusida\/","name":"ECHEVERIA PELUSIDA artificiel de 20 cm \/ \u00d8 - Haut r\u00e9alisme","isPartOf":{"@id":"https:\/\/decoplanta.com\/fr\/#website"},"primaryImageOfPage":{"@id":"https:\/\/decoplanta.com\/fr\/mini-plantes\/echeveria-pelusida\/#primaryimage"},"image":{"@id":"https:\/\/decoplanta.com\/fr\/mini-plantes\/echeveria-pelusida\/#primaryimage"},"thumbnailUrl":"https:\/\/decoplanta.com\/wp-content\/uploads\/2021\/03\/4191353-ECHEVERIA_PELUSIDA.jpg","datePublished":"2021-12-22T13:03:48+00:00","dateModified":"2023-10-31T12:42:44+00:00","description":"ECHEVERIA PELUSIDA artificiel. Incroyable r\u00e9alisme dans ses feuilles charnues bordeaux. D\u00e9corez n'importe quel environnement sans entretien.","breadcrumb":{"@id":"https:\/\/decoplanta.com\/fr\/mini-plantes\/echeveria-pelusida\/#breadcrumb"},"inLanguage":"fr-FR","potentialAction":[{"@type":"ReadAction","target":["https:\/\/decoplanta.com\/fr\/mini-plantes\/echeveria-pelusida\/"]}]},{"@type":"ImageObject","inLanguage":"fr-FR","@id":"https:\/\/decoplanta.com\/fr\/mini-plantes\/echeveria-pelusida\/#primaryimage","url":"https:\/\/decoplanta.com\/wp-content\/uploads\/2021\/03\/4191353-ECHEVERIA_PELUSIDA.jpg","contentUrl":"https:\/\/decoplanta.com\/wp-content\/uploads\/2021\/03\/4191353-ECHEVERIA_PELUSIDA.jpg","width":2500,"height":2500,"caption":"Echeveria pelusida mini"},{"@type":"BreadcrumbList","@id":"https:\/\/decoplanta.com\/fr\/mini-plantes\/echeveria-pelusida\/#breadcrumb","itemListElement":[{"@type":"ListItem","position":1,"name":"Portada","item":"https:\/\/decoplanta.com\/fr\/"},{"@type":"ListItem","position":2,"name":"Priv\u00e9\u00a0: Tienda","item":"https:\/\/decoplanta.com\/?page_id=377"},{"@type":"ListItem","position":3,"name":"ECHEVERIA PELUSIDA 11cm"}]},{"@type":"WebSite","@id":"https:\/\/decoplanta.com\/fr\/#website","url":"https:\/\/decoplanta.com\/fr\/","name":"PLANTES ET ARBRES ARTIFICIELS TR\u00c8S R\u00c9ALISTES","description":"Proveedor de Plantas artificiales para estudios de Arquitectura, Interiorismo, Paisajismo, Escenograf\u00eda, Tiendas de Decoraci\u00f3n Florister\u00edas y Mobiliario","publisher":{"@id":"https:\/\/decoplanta.com\/fr\/#organization"},"potentialAction":[{"@type":"SearchAction","target":{"@type":"EntryPoint","urlTemplate":"https:\/\/decoplanta.com\/fr\/?s={search_term_string}"},"query-input":{"@type":"PropertyValueSpecification","valueRequired":true,"valueName":"search_term_string"}}],"inLanguage":"fr-FR"},{"@type":"Organization","@id":"https:\/\/decoplanta.com\/fr\/#organization","name":"PLANTES ET ARBRES ARTIFICIELS TR\u00c8S R\u00c9ALISTES","url":"https:\/\/decoplanta.com\/fr\/","logo":{"@type":"ImageObject","inLanguage":"fr-FR","@id":"https:\/\/decoplanta.com\/fr\/#\/schema\/logo\/image\/","url":"https:\/\/decoplanta.com\/wp-content\/uploads\/2021\/02\/decoplanta-logo2020.svg","contentUrl":"https:\/\/decoplanta.com\/wp-content\/uploads\/2021\/02\/decoplanta-logo2020.svg","width":500,"height":500,"caption":"PLANTES ET ARBRES ARTIFICIELS TR\u00c8S R\u00c9ALISTES"},"image":{"@id":"https:\/\/decoplanta.com\/fr\/#\/schema\/logo\/image\/"}}]}},"_links":{"self":[{"href":"https:\/\/decoplanta.com\/fr\/wp-json\/wp\/v2\/product\/3448","targetHints":{"allow":["GET"]}}],"collection":[{"href":"https:\/\/decoplanta.com\/fr\/wp-json\/wp\/v2\/product"}],"about":[{"href":"https:\/\/decoplanta.com\/fr\/wp-json\/wp\/v2\/types\/product"}],"version-history":[{"count":0,"href":"https:\/\/decoplanta.com\/fr\/wp-json\/wp\/v2\/product\/3448\/revisions"}],"wp:featuredmedia":[{"embeddable":true,"href":"https:\/\/decoplanta.com\/fr\/wp-json\/wp\/v2\/media\/6081"}],"wp:attachment":[{"href":"https:\/\/decoplanta.com\/fr\/wp-json\/wp\/v2\/media?parent=3448"}],"wp:term":[{"taxonomy":"product_brand","embeddable":true,"href":"https:\/\/decoplanta.com\/fr\/wp-json\/wp\/v2\/product_brand?post=3448"},{"taxonomy":"product_cat","embeddable":true,"href":"https:\/\/decoplanta.com\/fr\/wp-json\/wp\/v2\/product_cat?post=3448"},{"taxonomy":"product_tag","embeddable":true,"href":"https:\/\/decoplanta.com\/fr\/wp-json\/wp\/v2\/product_tag?post=3448"}],"curies":[{"name":"wp","href":"https:\/\/api.w.org\/{rel}","templated":true}]}}