{"id":3469,"date":"2021-03-20T16:49:01","date_gmt":"2021-12-22T14:27:11","guid":{"rendered":"https:\/\/decoplanta.com\/non%20class\u00e9\/chute-dlierre-uv\/"},"modified":"2021-12-22T15:35:41","modified_gmt":"2021-12-22T14:35:41","slug":"chute-dlierre-uv","status":"publish","type":"product","link":"https:\/\/decoplanta.com\/fr\/plantes-suspendues-artificielles\/chute-dlierre-uv\/","title":{"rendered":"CHUTE D&rsquo;LIERRE UV"},"content":{"rendered":"<p>CHUTE D&rsquo;LIERRE UV artificiel de 75 cm de long, compos\u00e9 de plusieurs vrilles aux feuilles vertes aux tons jaunes (panach\u00e9es). Il est r\u00e9sistant aux rayons UV, de sorte que le lierre peut \u00eatre plac\u00e9 aussi bien \u00e0 l&rsquo;int\u00e9rieur qu&rsquo;\u00e0 l&rsquo;ext\u00e9rieur. La plante grimpante est un symbole de fid\u00e9lit\u00e9 car elle adh\u00e8re tr\u00e8s fermement \u00e0 son sous-sol. Une tr\u00e8s belle symbolique, mais aussi un gros inconv\u00e9nient avec une vraie plante de lierre, car les racines peuvent endommager le ciment lorsqu&rsquo;elles recouvrent les murs. Il est parfait \u00e0 mettre dans des pots suspendus ou \u00e0 accrocher directement. Ils sont vendus en bo\u00eetes indivisibles de 12 unit\u00e9s. Prix unitaire dans le catalogue.<\/p>\n","protected":false},"excerpt":{"rendered":"<p>CHUTE D&rsquo;LIERRE UV artificiel de 75 cm de long, compos\u00e9 de plusieurs vrilles aux feuilles vertes aux tons jaunes (panach\u00e9es). Il est r\u00e9sistant aux rayons UV, de sorte que le lierre peut \u00eatre plac\u00e9 aussi bien \u00e0 l&rsquo;int\u00e9rieur qu&rsquo;\u00e0 l&rsquo;ext\u00e9rieur. La plante grimpante est un symbole de fid\u00e9lit\u00e9 car elle adh\u00e8re tr\u00e8s fermement \u00e0 son sous-sol. Une tr\u00e8s belle symbolique, mais aussi un gros inconv\u00e9nient avec une vraie plante de lierre, car les racines peuvent endommager le ciment lorsqu&rsquo;elles recouvrent les murs. Il est parfait \u00e0 mettre dans des pots suspendus ou \u00e0 accrocher directement. Ils sont vendus en bo\u00eetes indivisibles de 12 unit\u00e9s. Prix unitaire dans <a href=\"https:\/\/decoplanta.com\/catalogo\/TarifsDecoplanta-CatalogueDistributeurs-HR-FR.pdf\" target=\"_blank\" rel=\"noopener\">le catalogue<\/a> .<\/p>\n<table>\n<tbody>\n<tr>\n<td><strong>R\u00c9F<\/strong><\/td>\n<td><strong>LONGUEUR<\/strong><\/td>\n<\/tr>\n<tr>\n<td><strong>421431<\/strong><\/td>\n<td>75 cm<\/td>\n<\/tr>\n<\/tbody>\n<\/table>\n","protected":false},"featured_media":2592,"template":"","meta":{"_monsterinsights_skip_tracking":false,"_monsterinsights_sitenote_active":false,"_monsterinsights_sitenote_note":"","_monsterinsights_sitenote_category":0},"product_brand":[],"product_cat":[250,249],"product_tag":[263,270],"class_list":{"0":"post-3469","1":"product","2":"type-product","3":"status-publish","4":"has-post-thumbnail","6":"product_cat-plantes-pour-lexterieur-artificielles","7":"product_cat-plantes-suspendues-artificielles","8":"product_tag-plantes-artificielles-avec-protection-uv","9":"product_tag-lierre-pour-decorer","10":"","11":"woocommerce-text-align-center","12":"woocommerce-image-align-center","13":"do-quantity-buttons","15":"first","16":"instock","17":"taxable","18":"shipping-taxable","19":"purchasable","20":"product-type-simple"},"yoast_head":"<!-- This site is optimized with the Yoast SEO plugin v27.4 - https:\/\/yoast.com\/product\/yoast-seo-wordpress\/ -->\n<title>CHUTE D&#039;LIERRE UV artificiel haut r\u00e9alisme pour ext\u00e9rieur<\/title>\n<meta name=\"description\" content=\"CHUTE D&#039;LIERRE UV artificiel de haut r\u00e9alisme avec traitement UV pour qu&#039;il puisse \u00eatre plac\u00e9 \u00e0 la fois \u00e0 l&#039;int\u00e9rieur et \u00e0 l&#039;ext\u00e9rieur\" \/>\n<meta name=\"robots\" content=\"index, follow, max-snippet:-1, max-image-preview:large, max-video-preview:-1\" \/>\n<link rel=\"canonical\" href=\"https:\/\/decoplanta.com\/fr\/plantes-suspendues-artificielles\/chute-dlierre-uv\/\" \/>\n<meta property=\"og:locale\" content=\"fr_FR\" \/>\n<meta property=\"og:type\" content=\"article\" \/>\n<meta property=\"og:title\" content=\"CHUTE D&#039;LIERRE UV artificiel haut r\u00e9alisme pour ext\u00e9rieur\" \/>\n<meta property=\"og:description\" content=\"CHUTE D&#039;LIERRE UV artificiel de haut r\u00e9alisme avec traitement UV pour qu&#039;il puisse \u00eatre plac\u00e9 \u00e0 la fois \u00e0 l&#039;int\u00e9rieur et \u00e0 l&#039;ext\u00e9rieur\" \/>\n<meta property=\"og:url\" content=\"https:\/\/decoplanta.com\/fr\/plantes-suspendues-artificielles\/chute-dlierre-uv\/\" \/>\n<meta property=\"og:site_name\" content=\"PLANTES ET ARBRES ARTIFICIELS TR\u00c8S R\u00c9ALISTES\" \/>\n<meta property=\"article:modified_time\" content=\"2021-12-22T14:35:41+00:00\" \/>\n<meta property=\"og:image\" content=\"https:\/\/decoplanta.com\/wp-content\/uploads\/2021\/03\/421431-Planta_Colgante-HIEDRA_UV.jpg\" \/>\n\t<meta property=\"og:image:width\" content=\"2000\" \/>\n\t<meta property=\"og:image:height\" content=\"2000\" \/>\n\t<meta property=\"og:image:type\" content=\"image\/jpeg\" \/>\n<meta name=\"twitter:card\" content=\"summary_large_image\" \/>\n<meta name=\"twitter:label1\" content=\"Dur\u00e9e de lecture estim\u00e9e\" \/>\n\t<meta name=\"twitter:data1\" content=\"1 minute\" \/>\n<script type=\"application\/ld+json\" class=\"yoast-schema-graph\">{\"@context\":\"https:\\\/\\\/schema.org\",\"@graph\":[{\"@type\":\"WebPage\",\"@id\":\"https:\\\/\\\/decoplanta.com\\\/fr\\\/plantes-suspendues-artificielles\\\/chute-dlierre-uv\\\/\",\"url\":\"https:\\\/\\\/decoplanta.com\\\/fr\\\/plantes-suspendues-artificielles\\\/chute-dlierre-uv\\\/\",\"name\":\"CHUTE D'LIERRE UV artificiel haut r\u00e9alisme pour ext\u00e9rieur\",\"isPartOf\":{\"@id\":\"https:\\\/\\\/decoplanta.com\\\/fr\\\/#website\"},\"primaryImageOfPage\":{\"@id\":\"https:\\\/\\\/decoplanta.com\\\/fr\\\/plantes-suspendues-artificielles\\\/chute-dlierre-uv\\\/#primaryimage\"},\"image\":{\"@id\":\"https:\\\/\\\/decoplanta.com\\\/fr\\\/plantes-suspendues-artificielles\\\/chute-dlierre-uv\\\/#primaryimage\"},\"thumbnailUrl\":\"https:\\\/\\\/decoplanta.com\\\/wp-content\\\/uploads\\\/2021\\\/03\\\/421431-Planta_Colgante-HIEDRA_UV.jpg\",\"datePublished\":\"2021-12-22T14:27:11+00:00\",\"dateModified\":\"2021-12-22T14:35:41+00:00\",\"description\":\"CHUTE D'LIERRE UV artificiel de haut r\u00e9alisme avec traitement UV pour qu'il puisse \u00eatre plac\u00e9 \u00e0 la fois \u00e0 l'int\u00e9rieur et \u00e0 l'ext\u00e9rieur\",\"breadcrumb\":{\"@id\":\"https:\\\/\\\/decoplanta.com\\\/fr\\\/plantes-suspendues-artificielles\\\/chute-dlierre-uv\\\/#breadcrumb\"},\"inLanguage\":\"fr-FR\",\"potentialAction\":[{\"@type\":\"ReadAction\",\"target\":[\"https:\\\/\\\/decoplanta.com\\\/fr\\\/plantes-suspendues-artificielles\\\/chute-dlierre-uv\\\/\"]}]},{\"@type\":\"ImageObject\",\"inLanguage\":\"fr-FR\",\"@id\":\"https:\\\/\\\/decoplanta.com\\\/fr\\\/plantes-suspendues-artificielles\\\/chute-dlierre-uv\\\/#primaryimage\",\"url\":\"https:\\\/\\\/decoplanta.com\\\/wp-content\\\/uploads\\\/2021\\\/03\\\/421431-Planta_Colgante-HIEDRA_UV.jpg\",\"contentUrl\":\"https:\\\/\\\/decoplanta.com\\\/wp-content\\\/uploads\\\/2021\\\/03\\\/421431-Planta_Colgante-HIEDRA_UV.jpg\",\"width\":2000,\"height\":2000,\"caption\":\"Arbuste suspendu artificiel de 75 cm de long pour l'ext\u00e9rieur avec protection UV\"},{\"@type\":\"BreadcrumbList\",\"@id\":\"https:\\\/\\\/decoplanta.com\\\/fr\\\/plantes-suspendues-artificielles\\\/chute-dlierre-uv\\\/#breadcrumb\",\"itemListElement\":[{\"@type\":\"ListItem\",\"position\":1,\"name\":\"Portada\",\"item\":\"https:\\\/\\\/decoplanta.com\\\/fr\\\/\"},{\"@type\":\"ListItem\",\"position\":2,\"name\":\"Priv\u00e9\u00a0: Tienda\",\"item\":\"https:\\\/\\\/decoplanta.com\\\/?page_id=377\"},{\"@type\":\"ListItem\",\"position\":3,\"name\":\"CHUTE D&#8217;LIERRE UV\"}]},{\"@type\":\"WebSite\",\"@id\":\"https:\\\/\\\/decoplanta.com\\\/fr\\\/#website\",\"url\":\"https:\\\/\\\/decoplanta.com\\\/fr\\\/\",\"name\":\"PLANTES ET ARBRES ARTIFICIELS TR\u00c8S R\u00c9ALISTES\",\"description\":\"Proveedor de Plantas artificiales para estudios de Arquitectura, Interiorismo, Paisajismo, Escenograf\u00eda, Tiendas de Decoraci\u00f3n Florister\u00edas y Mobiliario\",\"publisher\":{\"@id\":\"https:\\\/\\\/decoplanta.com\\\/fr\\\/#organization\"},\"potentialAction\":[{\"@type\":\"SearchAction\",\"target\":{\"@type\":\"EntryPoint\",\"urlTemplate\":\"https:\\\/\\\/decoplanta.com\\\/fr\\\/?s={search_term_string}\"},\"query-input\":{\"@type\":\"PropertyValueSpecification\",\"valueRequired\":true,\"valueName\":\"search_term_string\"}}],\"inLanguage\":\"fr-FR\"},{\"@type\":\"Organization\",\"@id\":\"https:\\\/\\\/decoplanta.com\\\/fr\\\/#organization\",\"name\":\"PLANTES ET ARBRES ARTIFICIELS TR\u00c8S R\u00c9ALISTES\",\"url\":\"https:\\\/\\\/decoplanta.com\\\/fr\\\/\",\"logo\":{\"@type\":\"ImageObject\",\"inLanguage\":\"fr-FR\",\"@id\":\"https:\\\/\\\/decoplanta.com\\\/fr\\\/#\\\/schema\\\/logo\\\/image\\\/\",\"url\":\"https:\\\/\\\/decoplanta.com\\\/wp-content\\\/uploads\\\/2021\\\/02\\\/decoplanta-logo2020.svg\",\"contentUrl\":\"https:\\\/\\\/decoplanta.com\\\/wp-content\\\/uploads\\\/2021\\\/02\\\/decoplanta-logo2020.svg\",\"width\":500,\"height\":500,\"caption\":\"PLANTES ET ARBRES ARTIFICIELS TR\u00c8S R\u00c9ALISTES\"},\"image\":{\"@id\":\"https:\\\/\\\/decoplanta.com\\\/fr\\\/#\\\/schema\\\/logo\\\/image\\\/\"}}]}<\/script>\n<!-- \/ Yoast SEO plugin. -->","yoast_head_json":{"title":"CHUTE D'LIERRE UV artificiel haut r\u00e9alisme pour ext\u00e9rieur","description":"CHUTE D'LIERRE UV artificiel de haut r\u00e9alisme avec traitement UV pour qu'il puisse \u00eatre plac\u00e9 \u00e0 la fois \u00e0 l'int\u00e9rieur et \u00e0 l'ext\u00e9rieur","robots":{"index":"index","follow":"follow","max-snippet":"max-snippet:-1","max-image-preview":"max-image-preview:large","max-video-preview":"max-video-preview:-1"},"canonical":"https:\/\/decoplanta.com\/fr\/plantes-suspendues-artificielles\/chute-dlierre-uv\/","og_locale":"fr_FR","og_type":"article","og_title":"CHUTE D'LIERRE UV artificiel haut r\u00e9alisme pour ext\u00e9rieur","og_description":"CHUTE D'LIERRE UV artificiel de haut r\u00e9alisme avec traitement UV pour qu'il puisse \u00eatre plac\u00e9 \u00e0 la fois \u00e0 l'int\u00e9rieur et \u00e0 l'ext\u00e9rieur","og_url":"https:\/\/decoplanta.com\/fr\/plantes-suspendues-artificielles\/chute-dlierre-uv\/","og_site_name":"PLANTES ET ARBRES ARTIFICIELS TR\u00c8S R\u00c9ALISTES","article_modified_time":"2021-12-22T14:35:41+00:00","og_image":[{"width":2000,"height":2000,"url":"https:\/\/decoplanta.com\/wp-content\/uploads\/2021\/03\/421431-Planta_Colgante-HIEDRA_UV.jpg","type":"image\/jpeg"}],"twitter_card":"summary_large_image","twitter_misc":{"Dur\u00e9e de lecture estim\u00e9e":"1 minute"},"schema":{"@context":"https:\/\/schema.org","@graph":[{"@type":"WebPage","@id":"https:\/\/decoplanta.com\/fr\/plantes-suspendues-artificielles\/chute-dlierre-uv\/","url":"https:\/\/decoplanta.com\/fr\/plantes-suspendues-artificielles\/chute-dlierre-uv\/","name":"CHUTE D'LIERRE UV artificiel haut r\u00e9alisme pour ext\u00e9rieur","isPartOf":{"@id":"https:\/\/decoplanta.com\/fr\/#website"},"primaryImageOfPage":{"@id":"https:\/\/decoplanta.com\/fr\/plantes-suspendues-artificielles\/chute-dlierre-uv\/#primaryimage"},"image":{"@id":"https:\/\/decoplanta.com\/fr\/plantes-suspendues-artificielles\/chute-dlierre-uv\/#primaryimage"},"thumbnailUrl":"https:\/\/decoplanta.com\/wp-content\/uploads\/2021\/03\/421431-Planta_Colgante-HIEDRA_UV.jpg","datePublished":"2021-12-22T14:27:11+00:00","dateModified":"2021-12-22T14:35:41+00:00","description":"CHUTE D'LIERRE UV artificiel de haut r\u00e9alisme avec traitement UV pour qu'il puisse \u00eatre plac\u00e9 \u00e0 la fois \u00e0 l'int\u00e9rieur et \u00e0 l'ext\u00e9rieur","breadcrumb":{"@id":"https:\/\/decoplanta.com\/fr\/plantes-suspendues-artificielles\/chute-dlierre-uv\/#breadcrumb"},"inLanguage":"fr-FR","potentialAction":[{"@type":"ReadAction","target":["https:\/\/decoplanta.com\/fr\/plantes-suspendues-artificielles\/chute-dlierre-uv\/"]}]},{"@type":"ImageObject","inLanguage":"fr-FR","@id":"https:\/\/decoplanta.com\/fr\/plantes-suspendues-artificielles\/chute-dlierre-uv\/#primaryimage","url":"https:\/\/decoplanta.com\/wp-content\/uploads\/2021\/03\/421431-Planta_Colgante-HIEDRA_UV.jpg","contentUrl":"https:\/\/decoplanta.com\/wp-content\/uploads\/2021\/03\/421431-Planta_Colgante-HIEDRA_UV.jpg","width":2000,"height":2000,"caption":"Arbuste suspendu artificiel de 75 cm de long pour l'ext\u00e9rieur avec protection UV"},{"@type":"BreadcrumbList","@id":"https:\/\/decoplanta.com\/fr\/plantes-suspendues-artificielles\/chute-dlierre-uv\/#breadcrumb","itemListElement":[{"@type":"ListItem","position":1,"name":"Portada","item":"https:\/\/decoplanta.com\/fr\/"},{"@type":"ListItem","position":2,"name":"Priv\u00e9\u00a0: Tienda","item":"https:\/\/decoplanta.com\/?page_id=377"},{"@type":"ListItem","position":3,"name":"CHUTE D&#8217;LIERRE UV"}]},{"@type":"WebSite","@id":"https:\/\/decoplanta.com\/fr\/#website","url":"https:\/\/decoplanta.com\/fr\/","name":"PLANTES ET ARBRES ARTIFICIELS TR\u00c8S R\u00c9ALISTES","description":"Proveedor de Plantas artificiales para estudios de Arquitectura, Interiorismo, Paisajismo, Escenograf\u00eda, Tiendas de Decoraci\u00f3n Florister\u00edas y Mobiliario","publisher":{"@id":"https:\/\/decoplanta.com\/fr\/#organization"},"potentialAction":[{"@type":"SearchAction","target":{"@type":"EntryPoint","urlTemplate":"https:\/\/decoplanta.com\/fr\/?s={search_term_string}"},"query-input":{"@type":"PropertyValueSpecification","valueRequired":true,"valueName":"search_term_string"}}],"inLanguage":"fr-FR"},{"@type":"Organization","@id":"https:\/\/decoplanta.com\/fr\/#organization","name":"PLANTES ET ARBRES ARTIFICIELS TR\u00c8S R\u00c9ALISTES","url":"https:\/\/decoplanta.com\/fr\/","logo":{"@type":"ImageObject","inLanguage":"fr-FR","@id":"https:\/\/decoplanta.com\/fr\/#\/schema\/logo\/image\/","url":"https:\/\/decoplanta.com\/wp-content\/uploads\/2021\/02\/decoplanta-logo2020.svg","contentUrl":"https:\/\/decoplanta.com\/wp-content\/uploads\/2021\/02\/decoplanta-logo2020.svg","width":500,"height":500,"caption":"PLANTES ET ARBRES ARTIFICIELS TR\u00c8S R\u00c9ALISTES"},"image":{"@id":"https:\/\/decoplanta.com\/fr\/#\/schema\/logo\/image\/"}}]}},"_links":{"self":[{"href":"https:\/\/decoplanta.com\/fr\/wp-json\/wp\/v2\/product\/3469","targetHints":{"allow":["GET"]}}],"collection":[{"href":"https:\/\/decoplanta.com\/fr\/wp-json\/wp\/v2\/product"}],"about":[{"href":"https:\/\/decoplanta.com\/fr\/wp-json\/wp\/v2\/types\/product"}],"version-history":[{"count":0,"href":"https:\/\/decoplanta.com\/fr\/wp-json\/wp\/v2\/product\/3469\/revisions"}],"wp:featuredmedia":[{"embeddable":true,"href":"https:\/\/decoplanta.com\/fr\/wp-json\/wp\/v2\/media\/2592"}],"wp:attachment":[{"href":"https:\/\/decoplanta.com\/fr\/wp-json\/wp\/v2\/media?parent=3469"}],"wp:term":[{"taxonomy":"product_brand","embeddable":true,"href":"https:\/\/decoplanta.com\/fr\/wp-json\/wp\/v2\/product_brand?post=3469"},{"taxonomy":"product_cat","embeddable":true,"href":"https:\/\/decoplanta.com\/fr\/wp-json\/wp\/v2\/product_cat?post=3469"},{"taxonomy":"product_tag","embeddable":true,"href":"https:\/\/decoplanta.com\/fr\/wp-json\/wp\/v2\/product_tag?post=3469"}],"curies":[{"name":"wp","href":"https:\/\/api.w.org\/{rel}","templated":true}]}}