{"id":3475,"date":"2021-03-20T16:21:33","date_gmt":"2021-12-22T14:27:13","guid":{"rendered":"https:\/\/decoplanta.com\/non%20class\u00e9\/fougere-suspendue-avec-moss\/"},"modified":"2022-04-21T12:04:24","modified_gmt":"2022-04-21T11:04:24","slug":"fougere-suspendue-kokedama-artificiel","status":"publish","type":"product","link":"https:\/\/decoplanta.com\/fr\/plantes-suspendues-au-plafond-jardin-suspendu\/fougere-suspendue-kokedama-artificiel\/","title":{"rendered":"KOKEDAMA FOUG\u00c8RE suspendu"},"content":{"rendered":"<p>KOKEDAMA suspendu FOUG\u00c8RE artificielle o FOUGERE artificielle \u00e0 suspendre avec boule de moss dans panier en fil. Plante suspendue au plafond haut r\u00e9aliste.<\/p>\n<p>Il a une hauteur totale d&rsquo;environ 45 cm. Combinez cette foug\u00e8re artificielle avec d&rsquo;autres plantes r\u00e9elles ou artificielles pour cr\u00e9er une ambiance tropicale. Maintenant vient du Japon cette vari\u00e9t\u00e9 de culture qui va bien au-del\u00e0 de ce qui est strictement naturel, ayant de puissants bienfaits \u00e9motionnels pour ceux qui la pratiquent. En plus de leur beaut\u00e9 esth\u00e9tique et de leur originalit\u00e9, les kokedamas sont rapidement devenus populaires car ils rehaussent la d\u00e9coration de n&rsquo;importe quel espace. Qu&rsquo;aimes tu?<\/p>\n<p>Cette merveilleuse plante est fabriqu\u00e9e avec la technique japonaise appel\u00e9e kokedama, dans laquelle le pot de plante traditionnel est remplac\u00e9 par une <a href=\"https:\/\/www.hogarmania.com\/jardineria\/tecnicas\/arte-floral\/jardin-suspendido-bolas-musgo-kokedama-33521.html\">boule de moss<\/a> .<\/p>\n<p>La FOUG\u00c8RE artificielle \u00e0 suspendre Kokedama en boule de moss est fournie avec un panier m\u00e9tallique et est pr\u00eate \u00e0 \u00eatre suspendue. Il est id\u00e9al pour cr\u00e9er un fantastique jardin int\u00e9rieur suspendu au plafond. Gr\u00e2ce \u00e0 son aspect naturel, il le rend indiscernable des originaux au premier coup d&rsquo;\u0153il. Cette foug\u00e8re polyvalente saura vous captiver ainsi que vos visiteurs, que ce soit dans l&rsquo;espace d&rsquo;accueil ou dans les espaces commerciaux. Cette plante boule de moss est fournie avec un fil de suspension, pr\u00eat \u00e0 accrocher.<\/p>\n<p>Ces petites boules recouvertes de mousse sont devenues \u00e0 la mode. Kokedama est la technique japonaise pour d\u00e9corer n&rsquo;importe quel espace avec des plantes sans pot, et ce sont des boules de moss qui remplacent les pots traditionnels. Ce sont les kokedama, ou ce qui revient au m\u00eame, la technique japonaise dans laquelle le cache-pot traditionnel est remplac\u00e9 par une boule de moss.<\/p>\n<h3>Comment est le KOKEDAMA suspendu FOUG\u00c8RE ?<\/h3>\n<p>Le kokedama a une apparence sculpturale. Nous pouvons avoir un kokedama \u00e0 partir de pratiquement n&rsquo;importe quel type de plante, \u00e0 l&rsquo;int\u00e9rieur comme \u00e0 l&rsquo;ext\u00e9rieur. Tout d&rsquo;abord, la boule de moss qui servira de pot est bien pr\u00e9par\u00e9e. Pour cela, on utilise un substrat min\u00e9ral et une argile d&rsquo;origine volcanique, qui sert \u00e0 modeler la boule avec la terre et les racines de la plante, qui sera ensuite recouverte d&rsquo;une couche de moss. Tout est attach\u00e9 avec une corde pour qu&rsquo;il ne se d\u00e9forme pas. Presque tous les types de plantes sont aptes \u00e0 \u00eatre pr\u00e9sent\u00e9s sous forme de kokedama. D\u00e9couvrez notre merveilleuse plante <a class=\"waffle-rich-text-link\" href=\"https:\/\/decoplanta.com\/plantas-colgantes-de-techo-jardin-colgante-artificial\/kokedama-monstera-colgante-de-techo\">Kokedama MONSTERA<\/a> .<\/p>\n<p>FOUG\u00c8RE SUSPENDUE AVEC MOSS artificielle sur un treillis m\u00e9tallique. Plante suspendue au plafond haut r\u00e9aliste. Hauteur totale environ 95 cm. Combinez cette foug\u00e8re artificielle avec d&rsquo;autres plantes r\u00e9elles ou artificielles pour cr\u00e9er une ambiance tropicale. Ils sont vendus \u00e0 l&rsquo;unit\u00e9. Prix unitaire dans <a href=\"https:\/\/decoplanta.com\/catalogo\/TarifasDecoplanta-CatalogoDistribuidor-HR.pdf\" target=\"_blank\" rel=\"noopener\">le catalogue<\/a> .<\/p>\n","protected":false},"excerpt":{"rendered":"<p>KOKEDAMA suspendu FOUG\u00c8RE artificielle sur un treillis m\u00e9tallique. Plante suspendue tr\u00e8s r\u00e9aliste. Hauteur totale environ 95 cm. Combinez cette foug\u00e8re artificielle avec d&rsquo;autres plantes r\u00e9elles ou artificielles pour cr\u00e9er une ambiance tropicale. Cette merveilleuse plante est fabriqu\u00e9e selon la technique japonaise appel\u00e9e kokedama, dans laquelle le pot de plante traditionnel est remplac\u00e9 par une boule de moss.<\/p>\n<table>\n<tbody>\n<tr>\n<td><strong>R\u00c9F<\/strong><\/td>\n<td>HAUTEUR<\/td>\n<\/tr>\n<tr>\n<td><strong>420221<\/strong><\/td>\n<td>95 cm<\/td>\n<\/tr>\n<\/tbody>\n<\/table>\n","protected":false},"featured_media":2635,"template":"","meta":{"_monsterinsights_skip_tracking":false,"_monsterinsights_sitenote_active":false,"_monsterinsights_sitenote_note":"","_monsterinsights_sitenote_category":0},"product_brand":[],"product_cat":[374],"product_tag":[269,379,278],"class_list":{"0":"post-3475","1":"product","2":"type-product","3":"status-publish","4":"has-post-thumbnail","6":"product_cat-plantes-suspendues-au-plafond-jardin-suspendu","7":"product_tag-fougere-dinterieur","8":"product_tag-kokedama-artificiel","9":"product_tag-plante-tropicale","10":"","11":"woocommerce-text-align-center","12":"woocommerce-image-align-center","13":"do-quantity-buttons","15":"first","16":"instock","17":"taxable","18":"shipping-taxable","19":"purchasable","20":"product-type-simple"},"yoast_head":"<!-- This site is optimized with the Yoast SEO plugin v27.4 - https:\/\/yoast.com\/product\/yoast-seo-wordpress\/ -->\n<title>KOKEDAMA suspendu FOUG\u00c8RE artificielle - Haut r\u00e9alisme pour l&#039;int\u00e9rieur<\/title>\n<meta name=\"description\" content=\"KOKEDAMA suspendu FOUG\u00c8RE artificielle - Cette merveilleuse plante de haut r\u00e9alisme est r\u00e9alis\u00e9e avec la technique japonaise kokedama\" \/>\n<meta name=\"robots\" content=\"index, follow, max-snippet:-1, max-image-preview:large, max-video-preview:-1\" \/>\n<link rel=\"canonical\" href=\"https:\/\/decoplanta.com\/fr\/plantes-suspendues-au-plafond-jardin-suspendu\/fougere-suspendue-kokedama-artificiel\/\" \/>\n<meta property=\"og:locale\" content=\"fr_FR\" \/>\n<meta property=\"og:type\" content=\"article\" \/>\n<meta property=\"og:title\" content=\"KOKEDAMA suspendu FOUG\u00c8RE artificielle - Haut r\u00e9alisme pour l&#039;int\u00e9rieur\" \/>\n<meta property=\"og:description\" content=\"KOKEDAMA suspendu FOUG\u00c8RE artificielle - Cette merveilleuse plante de haut r\u00e9alisme est r\u00e9alis\u00e9e avec la technique japonaise kokedama\" \/>\n<meta property=\"og:url\" content=\"https:\/\/decoplanta.com\/fr\/plantes-suspendues-au-plafond-jardin-suspendu\/fougere-suspendue-kokedama-artificiel\/\" \/>\n<meta property=\"og:site_name\" content=\"PLANTES ET ARBRES ARTIFICIELS TR\u00c8S R\u00c9ALISTES\" \/>\n<meta property=\"article:modified_time\" content=\"2022-04-21T11:04:24+00:00\" \/>\n<meta property=\"og:image\" content=\"https:\/\/decoplanta.com\/wp-content\/uploads\/2021\/03\/420221-HELECHO_colgante_de_techo_con_musgo-1.jpg\" \/>\n\t<meta property=\"og:image:width\" content=\"2048\" \/>\n\t<meta property=\"og:image:height\" content=\"2048\" \/>\n\t<meta property=\"og:image:type\" content=\"image\/jpeg\" \/>\n<meta name=\"twitter:card\" content=\"summary_large_image\" \/>\n<meta name=\"twitter:label1\" content=\"Dur\u00e9e de lecture estim\u00e9e\" \/>\n\t<meta name=\"twitter:data1\" content=\"2 minutes\" \/>\n<script type=\"application\/ld+json\" class=\"yoast-schema-graph\">{\"@context\":\"https:\\\/\\\/schema.org\",\"@graph\":[{\"@type\":\"WebPage\",\"@id\":\"https:\\\/\\\/decoplanta.com\\\/fr\\\/plantes-suspendues-au-plafond-jardin-suspendu\\\/fougere-suspendue-kokedama-artificiel\\\/\",\"url\":\"https:\\\/\\\/decoplanta.com\\\/fr\\\/plantes-suspendues-au-plafond-jardin-suspendu\\\/fougere-suspendue-kokedama-artificiel\\\/\",\"name\":\"KOKEDAMA suspendu FOUG\u00c8RE artificielle - Haut r\u00e9alisme pour l'int\u00e9rieur\",\"isPartOf\":{\"@id\":\"https:\\\/\\\/decoplanta.com\\\/fr\\\/#website\"},\"primaryImageOfPage\":{\"@id\":\"https:\\\/\\\/decoplanta.com\\\/fr\\\/plantes-suspendues-au-plafond-jardin-suspendu\\\/fougere-suspendue-kokedama-artificiel\\\/#primaryimage\"},\"image\":{\"@id\":\"https:\\\/\\\/decoplanta.com\\\/fr\\\/plantes-suspendues-au-plafond-jardin-suspendu\\\/fougere-suspendue-kokedama-artificiel\\\/#primaryimage\"},\"thumbnailUrl\":\"https:\\\/\\\/decoplanta.com\\\/wp-content\\\/uploads\\\/2021\\\/03\\\/420221-HELECHO_colgante_de_techo_con_musgo-1.jpg\",\"datePublished\":\"2021-12-22T14:27:13+00:00\",\"dateModified\":\"2022-04-21T11:04:24+00:00\",\"description\":\"KOKEDAMA suspendu FOUG\u00c8RE artificielle - Cette merveilleuse plante de haut r\u00e9alisme est r\u00e9alis\u00e9e avec la technique japonaise kokedama\",\"breadcrumb\":{\"@id\":\"https:\\\/\\\/decoplanta.com\\\/fr\\\/plantes-suspendues-au-plafond-jardin-suspendu\\\/fougere-suspendue-kokedama-artificiel\\\/#breadcrumb\"},\"inLanguage\":\"fr-FR\",\"potentialAction\":[{\"@type\":\"ReadAction\",\"target\":[\"https:\\\/\\\/decoplanta.com\\\/fr\\\/plantes-suspendues-au-plafond-jardin-suspendu\\\/fougere-suspendue-kokedama-artificiel\\\/\"]}]},{\"@type\":\"ImageObject\",\"inLanguage\":\"fr-FR\",\"@id\":\"https:\\\/\\\/decoplanta.com\\\/fr\\\/plantes-suspendues-au-plafond-jardin-suspendu\\\/fougere-suspendue-kokedama-artificiel\\\/#primaryimage\",\"url\":\"https:\\\/\\\/decoplanta.com\\\/wp-content\\\/uploads\\\/2021\\\/03\\\/420221-HELECHO_colgante_de_techo_con_musgo-1.jpg\",\"contentUrl\":\"https:\\\/\\\/decoplanta.com\\\/wp-content\\\/uploads\\\/2021\\\/03\\\/420221-HELECHO_colgante_de_techo_con_musgo-1.jpg\",\"width\":2048,\"height\":2048,\"caption\":\"FOUG\u00c8RE SUSPENDUE AVEC MOSS artificielle sur un treillis m\u00e9tallique\"},{\"@type\":\"BreadcrumbList\",\"@id\":\"https:\\\/\\\/decoplanta.com\\\/fr\\\/plantes-suspendues-au-plafond-jardin-suspendu\\\/fougere-suspendue-kokedama-artificiel\\\/#breadcrumb\",\"itemListElement\":[{\"@type\":\"ListItem\",\"position\":1,\"name\":\"Portada\",\"item\":\"https:\\\/\\\/decoplanta.com\\\/fr\\\/\"},{\"@type\":\"ListItem\",\"position\":2,\"name\":\"Priv\u00e9\u00a0: Tienda\",\"item\":\"https:\\\/\\\/decoplanta.com\\\/?page_id=377\"},{\"@type\":\"ListItem\",\"position\":3,\"name\":\"KOKEDAMA FOUG\u00c8RE suspendu\"}]},{\"@type\":\"WebSite\",\"@id\":\"https:\\\/\\\/decoplanta.com\\\/fr\\\/#website\",\"url\":\"https:\\\/\\\/decoplanta.com\\\/fr\\\/\",\"name\":\"PLANTES ET ARBRES ARTIFICIELS TR\u00c8S R\u00c9ALISTES\",\"description\":\"Proveedor de Plantas artificiales para estudios de Arquitectura, Interiorismo, Paisajismo, Escenograf\u00eda, Tiendas de Decoraci\u00f3n Florister\u00edas y Mobiliario\",\"publisher\":{\"@id\":\"https:\\\/\\\/decoplanta.com\\\/fr\\\/#organization\"},\"potentialAction\":[{\"@type\":\"SearchAction\",\"target\":{\"@type\":\"EntryPoint\",\"urlTemplate\":\"https:\\\/\\\/decoplanta.com\\\/fr\\\/?s={search_term_string}\"},\"query-input\":{\"@type\":\"PropertyValueSpecification\",\"valueRequired\":true,\"valueName\":\"search_term_string\"}}],\"inLanguage\":\"fr-FR\"},{\"@type\":\"Organization\",\"@id\":\"https:\\\/\\\/decoplanta.com\\\/fr\\\/#organization\",\"name\":\"PLANTES ET ARBRES ARTIFICIELS TR\u00c8S R\u00c9ALISTES\",\"url\":\"https:\\\/\\\/decoplanta.com\\\/fr\\\/\",\"logo\":{\"@type\":\"ImageObject\",\"inLanguage\":\"fr-FR\",\"@id\":\"https:\\\/\\\/decoplanta.com\\\/fr\\\/#\\\/schema\\\/logo\\\/image\\\/\",\"url\":\"https:\\\/\\\/decoplanta.com\\\/wp-content\\\/uploads\\\/2021\\\/02\\\/decoplanta-logo2020.svg\",\"contentUrl\":\"https:\\\/\\\/decoplanta.com\\\/wp-content\\\/uploads\\\/2021\\\/02\\\/decoplanta-logo2020.svg\",\"width\":500,\"height\":500,\"caption\":\"PLANTES ET ARBRES ARTIFICIELS TR\u00c8S R\u00c9ALISTES\"},\"image\":{\"@id\":\"https:\\\/\\\/decoplanta.com\\\/fr\\\/#\\\/schema\\\/logo\\\/image\\\/\"}}]}<\/script>\n<!-- \/ Yoast SEO plugin. -->","yoast_head_json":{"title":"KOKEDAMA suspendu FOUG\u00c8RE artificielle - Haut r\u00e9alisme pour l'int\u00e9rieur","description":"KOKEDAMA suspendu FOUG\u00c8RE artificielle - Cette merveilleuse plante de haut r\u00e9alisme est r\u00e9alis\u00e9e avec la technique japonaise kokedama","robots":{"index":"index","follow":"follow","max-snippet":"max-snippet:-1","max-image-preview":"max-image-preview:large","max-video-preview":"max-video-preview:-1"},"canonical":"https:\/\/decoplanta.com\/fr\/plantes-suspendues-au-plafond-jardin-suspendu\/fougere-suspendue-kokedama-artificiel\/","og_locale":"fr_FR","og_type":"article","og_title":"KOKEDAMA suspendu FOUG\u00c8RE artificielle - Haut r\u00e9alisme pour l'int\u00e9rieur","og_description":"KOKEDAMA suspendu FOUG\u00c8RE artificielle - Cette merveilleuse plante de haut r\u00e9alisme est r\u00e9alis\u00e9e avec la technique japonaise kokedama","og_url":"https:\/\/decoplanta.com\/fr\/plantes-suspendues-au-plafond-jardin-suspendu\/fougere-suspendue-kokedama-artificiel\/","og_site_name":"PLANTES ET ARBRES ARTIFICIELS TR\u00c8S R\u00c9ALISTES","article_modified_time":"2022-04-21T11:04:24+00:00","og_image":[{"width":2048,"height":2048,"url":"https:\/\/decoplanta.com\/wp-content\/uploads\/2021\/03\/420221-HELECHO_colgante_de_techo_con_musgo-1.jpg","type":"image\/jpeg"}],"twitter_card":"summary_large_image","twitter_misc":{"Dur\u00e9e de lecture estim\u00e9e":"2 minutes"},"schema":{"@context":"https:\/\/schema.org","@graph":[{"@type":"WebPage","@id":"https:\/\/decoplanta.com\/fr\/plantes-suspendues-au-plafond-jardin-suspendu\/fougere-suspendue-kokedama-artificiel\/","url":"https:\/\/decoplanta.com\/fr\/plantes-suspendues-au-plafond-jardin-suspendu\/fougere-suspendue-kokedama-artificiel\/","name":"KOKEDAMA suspendu FOUG\u00c8RE artificielle - Haut r\u00e9alisme pour l'int\u00e9rieur","isPartOf":{"@id":"https:\/\/decoplanta.com\/fr\/#website"},"primaryImageOfPage":{"@id":"https:\/\/decoplanta.com\/fr\/plantes-suspendues-au-plafond-jardin-suspendu\/fougere-suspendue-kokedama-artificiel\/#primaryimage"},"image":{"@id":"https:\/\/decoplanta.com\/fr\/plantes-suspendues-au-plafond-jardin-suspendu\/fougere-suspendue-kokedama-artificiel\/#primaryimage"},"thumbnailUrl":"https:\/\/decoplanta.com\/wp-content\/uploads\/2021\/03\/420221-HELECHO_colgante_de_techo_con_musgo-1.jpg","datePublished":"2021-12-22T14:27:13+00:00","dateModified":"2022-04-21T11:04:24+00:00","description":"KOKEDAMA suspendu FOUG\u00c8RE artificielle - Cette merveilleuse plante de haut r\u00e9alisme est r\u00e9alis\u00e9e avec la technique japonaise kokedama","breadcrumb":{"@id":"https:\/\/decoplanta.com\/fr\/plantes-suspendues-au-plafond-jardin-suspendu\/fougere-suspendue-kokedama-artificiel\/#breadcrumb"},"inLanguage":"fr-FR","potentialAction":[{"@type":"ReadAction","target":["https:\/\/decoplanta.com\/fr\/plantes-suspendues-au-plafond-jardin-suspendu\/fougere-suspendue-kokedama-artificiel\/"]}]},{"@type":"ImageObject","inLanguage":"fr-FR","@id":"https:\/\/decoplanta.com\/fr\/plantes-suspendues-au-plafond-jardin-suspendu\/fougere-suspendue-kokedama-artificiel\/#primaryimage","url":"https:\/\/decoplanta.com\/wp-content\/uploads\/2021\/03\/420221-HELECHO_colgante_de_techo_con_musgo-1.jpg","contentUrl":"https:\/\/decoplanta.com\/wp-content\/uploads\/2021\/03\/420221-HELECHO_colgante_de_techo_con_musgo-1.jpg","width":2048,"height":2048,"caption":"FOUG\u00c8RE SUSPENDUE AVEC MOSS artificielle sur un treillis m\u00e9tallique"},{"@type":"BreadcrumbList","@id":"https:\/\/decoplanta.com\/fr\/plantes-suspendues-au-plafond-jardin-suspendu\/fougere-suspendue-kokedama-artificiel\/#breadcrumb","itemListElement":[{"@type":"ListItem","position":1,"name":"Portada","item":"https:\/\/decoplanta.com\/fr\/"},{"@type":"ListItem","position":2,"name":"Priv\u00e9\u00a0: Tienda","item":"https:\/\/decoplanta.com\/?page_id=377"},{"@type":"ListItem","position":3,"name":"KOKEDAMA FOUG\u00c8RE suspendu"}]},{"@type":"WebSite","@id":"https:\/\/decoplanta.com\/fr\/#website","url":"https:\/\/decoplanta.com\/fr\/","name":"PLANTES ET ARBRES ARTIFICIELS TR\u00c8S R\u00c9ALISTES","description":"Proveedor de Plantas artificiales para estudios de Arquitectura, Interiorismo, Paisajismo, Escenograf\u00eda, Tiendas de Decoraci\u00f3n Florister\u00edas y Mobiliario","publisher":{"@id":"https:\/\/decoplanta.com\/fr\/#organization"},"potentialAction":[{"@type":"SearchAction","target":{"@type":"EntryPoint","urlTemplate":"https:\/\/decoplanta.com\/fr\/?s={search_term_string}"},"query-input":{"@type":"PropertyValueSpecification","valueRequired":true,"valueName":"search_term_string"}}],"inLanguage":"fr-FR"},{"@type":"Organization","@id":"https:\/\/decoplanta.com\/fr\/#organization","name":"PLANTES ET ARBRES ARTIFICIELS TR\u00c8S R\u00c9ALISTES","url":"https:\/\/decoplanta.com\/fr\/","logo":{"@type":"ImageObject","inLanguage":"fr-FR","@id":"https:\/\/decoplanta.com\/fr\/#\/schema\/logo\/image\/","url":"https:\/\/decoplanta.com\/wp-content\/uploads\/2021\/02\/decoplanta-logo2020.svg","contentUrl":"https:\/\/decoplanta.com\/wp-content\/uploads\/2021\/02\/decoplanta-logo2020.svg","width":500,"height":500,"caption":"PLANTES ET ARBRES ARTIFICIELS TR\u00c8S R\u00c9ALISTES"},"image":{"@id":"https:\/\/decoplanta.com\/fr\/#\/schema\/logo\/image\/"}}]}},"_links":{"self":[{"href":"https:\/\/decoplanta.com\/fr\/wp-json\/wp\/v2\/product\/3475","targetHints":{"allow":["GET"]}}],"collection":[{"href":"https:\/\/decoplanta.com\/fr\/wp-json\/wp\/v2\/product"}],"about":[{"href":"https:\/\/decoplanta.com\/fr\/wp-json\/wp\/v2\/types\/product"}],"version-history":[{"count":0,"href":"https:\/\/decoplanta.com\/fr\/wp-json\/wp\/v2\/product\/3475\/revisions"}],"wp:featuredmedia":[{"embeddable":true,"href":"https:\/\/decoplanta.com\/fr\/wp-json\/wp\/v2\/media\/2635"}],"wp:attachment":[{"href":"https:\/\/decoplanta.com\/fr\/wp-json\/wp\/v2\/media?parent=3475"}],"wp:term":[{"taxonomy":"product_brand","embeddable":true,"href":"https:\/\/decoplanta.com\/fr\/wp-json\/wp\/v2\/product_brand?post=3475"},{"taxonomy":"product_cat","embeddable":true,"href":"https:\/\/decoplanta.com\/fr\/wp-json\/wp\/v2\/product_cat?post=3475"},{"taxonomy":"product_tag","embeddable":true,"href":"https:\/\/decoplanta.com\/fr\/wp-json\/wp\/v2\/product_tag?post=3475"}],"curies":[{"name":"wp","href":"https:\/\/api.w.org\/{rel}","templated":true}]}}