{"id":3485,"date":"2021-03-20T16:03:25","date_gmt":"2021-12-23T05:05:38","guid":{"rendered":"https:\/\/decoplanta.com\/non%20class\u00e9\/plante-suspendue-hoya\/"},"modified":"2021-12-23T06:32:24","modified_gmt":"2021-12-23T05:32:24","slug":"plante-suspendue-hoya","status":"publish","type":"product","link":"https:\/\/decoplanta.com\/fr\/plantes-suspendues-artificielles\/plante-suspendue-hoya\/","title":{"rendered":"Plante suspendue HOYA"},"content":{"rendered":"<p><a href=\"https:\/\/decoplanta.com\/etiqueta-producto\/planta-tropical\/\" target=\"_blank\" rel=\"noopener\">Plante suspendue tropicale<\/a> HOYA LINEARIS artificielle de 85 cm de long. \u00c9galement connue sous le nom de \u00ab fleur de cire \u00bb pour ses fleurs ressemblant \u00e0 de la porcelaine qui sont port\u00e9es en grappes. Le feuillage long et fin de ce hoya cr\u00e9e un effet de cascade le long des tiges. Hoya Linearis est originaire d&rsquo;Asie du Sud et pousse dans des pays comme le N\u00e9pal, la Chine, l&rsquo;Inde et la Birmanie.<\/p>\n<p><span style=\"font-weight: 400;\">Hoya linearis est une plante suspendue avec d&rsquo;\u00e9paisses feuilles vert fonc\u00e9 brillantes.<\/span><\/p>\n<p>Il peut \u00eatre cultiv\u00e9 indistinctement sur un panier suspendu permettant \u00e0 ses branches de se cambrer et de couvrir le panier ou un guide peut \u00eatre plac\u00e9 de sorte que les branches se cambrent et couvrent lentement toute la structure.<\/p>\n<p><span style=\"font-weight: 400;\">La courbure de ses feuilles les fait pousser en spirale, lui donnant une touche d\u00e9corative originale. Au printemps, de petites fleurs \u00e9mergent qui d\u00e9gagent un doux parfum. Il est \u00e9galement fr\u00e9quent qu&rsquo;ils forment quelques gouttes de nectar collant.<\/span><\/p>\n<p><span style=\"font-weight: 400;\">Le genre<\/span> <a href=\"https:\/\/www.infojardineria.es\/cuidados-hoya-linearis\/\" target=\"_blank\" rel=\"noopener\"><b>Hoya<\/b><\/a> <span style=\"font-weight: 400;\">est compos\u00e9 d&rsquo;une grande vari\u00e9t\u00e9 de plantes, du fait qu&rsquo;il existe des<\/span> <b>plantes vivaces, persistantes, grimpantes, arbustives ou rampantes, voire quelques \u00e9piphytes.<\/b><span style=\"font-weight: 400;\">. La caract\u00e9ristique qui unit toutes ces plantes est la <\/span><b>fleurs \u00e9toil\u00e9es<\/b> <span style=\"font-weight: 400;\">r\u00e9unies en inflorescences \u00e0 l&rsquo;aisselle des feuilles, celles-ci sont<\/span> <b>cireuses, parfum\u00e9es, tr\u00e8s particuli\u00e8res et attrayantes<\/b><span style=\"font-weight: 400;\"> fleuri tout l&rsquo;\u00e9t\u00e9. L&rsquo;existence de<\/span> <b>150 esp\u00e8ces<\/b> <span style=\"font-weight: 400;\">, mais les plus populaires sont :<\/span> <b>hoya bella, hoya carnosa, hoya multiflora, hoya purp\u00farea fusca<\/b> <span style=\"font-weight: 400;\">, entre autres.<\/span><\/p>\n<p>Cette esp\u00e8ce a des tiges minces et de longues feuilles velues, charnues et vert fonc\u00e9. Ces feuilles sont concaves en haut et arrondies en bas.<br \/>\nLa plante naturelle appr\u00e9cie les fleurs intens\u00e9ment parfum\u00e9es, certaines sont m\u00eame un peu \u00e9coeurantes.<\/p>\n<p><span style=\"font-weight: 400;\">Le Hoya linearis<\/span> lui permet d&rsquo;\u00eatre plac\u00e9 dans un pot suspendu o\u00f9 il montrera une grande beaut\u00e9, ou il peut \u00eatre \u00e9quip\u00e9 d&rsquo;un support pour soutenir ses tiges flexibles.<\/p>\n<p>Compte tenu de la lenteur de sa croissance, il est pr\u00e9f\u00e9rable de planter plusieurs plantes dans le m\u00eame pot.<\/p>\n<p>La Plante Suspendue Tropicale artificielle HOYA LINEARIS est vendue en bo\u00eetes indivisibles de 6 unit\u00e9s. Vous pouvez voir le prix unitaire dans notre catalogue.<\/p>\n","protected":false},"excerpt":{"rendered":"<p>Arbuste artificiel ou plante suspendue HOYA LINEARIS de 85 cm de long. \u00c9galement connue sous le nom de \u00ab fleur de cire \u00bb pour ses fleurs ressemblant \u00e0 de la porcelaine qui sont port\u00e9es en grappes. Le feuillage long et fin de ce hoya cr\u00e9e un effet de cascade le long des tiges. Hoya Linearis est originaire d&rsquo;Asie du Sud et pousse dans des pays comme le N\u00e9pal, la Chine, l&rsquo;Inde et la Birmanie. Ils sont vendus en bo\u00eetes indivisibles de 6 unit\u00e9s. Prix unitaire dans <a href=\"https:\/\/decoplanta.com\/catalogo\/TarifsDecoplanta-CatalogueDistributeurs-HR-FR.pdf\" target=\"_blank\" rel=\"noopener\">le catalogue<\/a> .<\/p>\n<table>\n<tbody>\n<tr>\n<td><strong>R\u00c9F<\/strong><\/td>\n<td><strong>HAUTEUR<\/strong><\/td>\n<\/tr>\n<tr>\n<td><strong>424662<\/strong><\/td>\n<td>85 cm<\/td>\n<\/tr>\n<\/tbody>\n<\/table>\n","protected":false},"featured_media":2624,"template":"","meta":{"_monsterinsights_skip_tracking":false,"_monsterinsights_sitenote_active":false,"_monsterinsights_sitenote_note":"","_monsterinsights_sitenote_category":0},"product_brand":[],"product_cat":[249],"product_tag":[278],"class_list":{"0":"post-3485","1":"product","2":"type-product","3":"status-publish","4":"has-post-thumbnail","6":"product_cat-plantes-suspendues-artificielles","7":"product_tag-plante-tropicale","8":"","9":"woocommerce-text-align-center","10":"woocommerce-image-align-center","11":"do-quantity-buttons","13":"first","14":"instock","15":"taxable","16":"shipping-taxable","17":"purchasable","18":"product-type-simple"},"yoast_head":"<!-- This site is optimized with the Yoast SEO plugin v27.3 - https:\/\/yoast.com\/product\/yoast-seo-wordpress\/ -->\n<title>Plante tropicale suspendue HOYA artificielle - Haut r\u00e9alisme \u00e0 l&#039;int\u00e9rieur<\/title>\n<meta name=\"description\" content=\"Plante tropicale suspendue HOYA LINEARIS artificielle de 85cm pour l&#039;int\u00e9rieur. Plante suspendue de grand r\u00e9alisme sans entretien\" \/>\n<meta name=\"robots\" content=\"index, follow, max-snippet:-1, max-image-preview:large, max-video-preview:-1\" \/>\n<link rel=\"canonical\" href=\"https:\/\/decoplanta.com\/fr\/plantes-suspendues-artificielles\/plante-suspendue-hoya\/\" \/>\n<meta property=\"og:locale\" content=\"fr_FR\" \/>\n<meta property=\"og:type\" content=\"article\" \/>\n<meta property=\"og:title\" content=\"Plante tropicale suspendue HOYA artificielle - Haut r\u00e9alisme \u00e0 l&#039;int\u00e9rieur\" \/>\n<meta property=\"og:description\" content=\"Plante tropicale suspendue HOYA LINEARIS artificielle de 85cm pour l&#039;int\u00e9rieur. Plante suspendue de grand r\u00e9alisme sans entretien\" \/>\n<meta property=\"og:url\" content=\"https:\/\/decoplanta.com\/fr\/plantes-suspendues-artificielles\/plante-suspendue-hoya\/\" \/>\n<meta property=\"og:site_name\" content=\"PLANTES ET ARBRES ARTIFICIELS TR\u00c8S R\u00c9ALISTES\" \/>\n<meta property=\"article:modified_time\" content=\"2021-12-23T05:32:24+00:00\" \/>\n<meta property=\"og:image\" content=\"https:\/\/decoplanta.com\/wp-content\/uploads\/2021\/03\/424662-Arbusto_Colgante-HOYA-85cm-1.jpg\" \/>\n\t<meta property=\"og:image:width\" content=\"2048\" \/>\n\t<meta property=\"og:image:height\" content=\"2048\" \/>\n\t<meta property=\"og:image:type\" content=\"image\/jpeg\" \/>\n<meta name=\"twitter:card\" content=\"summary_large_image\" \/>\n<meta name=\"twitter:label1\" content=\"Dur\u00e9e de lecture estim\u00e9e\" \/>\n\t<meta name=\"twitter:data1\" content=\"2 minutes\" \/>\n<script type=\"application\/ld+json\" class=\"yoast-schema-graph\">{\"@context\":\"https:\\\/\\\/schema.org\",\"@graph\":[{\"@type\":\"WebPage\",\"@id\":\"https:\\\/\\\/decoplanta.com\\\/fr\\\/plantes-suspendues-artificielles\\\/plante-suspendue-hoya\\\/\",\"url\":\"https:\\\/\\\/decoplanta.com\\\/fr\\\/plantes-suspendues-artificielles\\\/plante-suspendue-hoya\\\/\",\"name\":\"Plante tropicale suspendue HOYA artificielle - Haut r\u00e9alisme \u00e0 l'int\u00e9rieur\",\"isPartOf\":{\"@id\":\"https:\\\/\\\/decoplanta.com\\\/fr\\\/#website\"},\"primaryImageOfPage\":{\"@id\":\"https:\\\/\\\/decoplanta.com\\\/fr\\\/plantes-suspendues-artificielles\\\/plante-suspendue-hoya\\\/#primaryimage\"},\"image\":{\"@id\":\"https:\\\/\\\/decoplanta.com\\\/fr\\\/plantes-suspendues-artificielles\\\/plante-suspendue-hoya\\\/#primaryimage\"},\"thumbnailUrl\":\"https:\\\/\\\/decoplanta.com\\\/wp-content\\\/uploads\\\/2021\\\/03\\\/424662-Arbusto_Colgante-HOYA-85cm-1.jpg\",\"datePublished\":\"2021-12-23T05:05:38+00:00\",\"dateModified\":\"2021-12-23T05:32:24+00:00\",\"description\":\"Plante tropicale suspendue HOYA LINEARIS artificielle de 85cm pour l'int\u00e9rieur. Plante suspendue de grand r\u00e9alisme sans entretien\",\"breadcrumb\":{\"@id\":\"https:\\\/\\\/decoplanta.com\\\/fr\\\/plantes-suspendues-artificielles\\\/plante-suspendue-hoya\\\/#breadcrumb\"},\"inLanguage\":\"fr-FR\",\"potentialAction\":[{\"@type\":\"ReadAction\",\"target\":[\"https:\\\/\\\/decoplanta.com\\\/fr\\\/plantes-suspendues-artificielles\\\/plante-suspendue-hoya\\\/\"]}]},{\"@type\":\"ImageObject\",\"inLanguage\":\"fr-FR\",\"@id\":\"https:\\\/\\\/decoplanta.com\\\/fr\\\/plantes-suspendues-artificielles\\\/plante-suspendue-hoya\\\/#primaryimage\",\"url\":\"https:\\\/\\\/decoplanta.com\\\/wp-content\\\/uploads\\\/2021\\\/03\\\/424662-Arbusto_Colgante-HOYA-85cm-1.jpg\",\"contentUrl\":\"https:\\\/\\\/decoplanta.com\\\/wp-content\\\/uploads\\\/2021\\\/03\\\/424662-Arbusto_Colgante-HOYA-85cm-1.jpg\",\"width\":2048,\"height\":2048,\"caption\":\"Arbuste suspendu artificiel HOYA, 85 cm\"},{\"@type\":\"BreadcrumbList\",\"@id\":\"https:\\\/\\\/decoplanta.com\\\/fr\\\/plantes-suspendues-artificielles\\\/plante-suspendue-hoya\\\/#breadcrumb\",\"itemListElement\":[{\"@type\":\"ListItem\",\"position\":1,\"name\":\"Portada\",\"item\":\"https:\\\/\\\/decoplanta.com\\\/fr\\\/\"},{\"@type\":\"ListItem\",\"position\":2,\"name\":\"Priv\u00e9\u00a0: Tienda\",\"item\":\"https:\\\/\\\/decoplanta.com\\\/?page_id=377\"},{\"@type\":\"ListItem\",\"position\":3,\"name\":\"Plante suspendue HOYA\"}]},{\"@type\":\"WebSite\",\"@id\":\"https:\\\/\\\/decoplanta.com\\\/fr\\\/#website\",\"url\":\"https:\\\/\\\/decoplanta.com\\\/fr\\\/\",\"name\":\"PLANTES ET ARBRES ARTIFICIELS TR\u00c8S R\u00c9ALISTES\",\"description\":\"Proveedor de Plantas artificiales para estudios de Arquitectura, Interiorismo, Paisajismo, Escenograf\u00eda, Tiendas de Decoraci\u00f3n Florister\u00edas y Mobiliario\",\"publisher\":{\"@id\":\"https:\\\/\\\/decoplanta.com\\\/fr\\\/#organization\"},\"potentialAction\":[{\"@type\":\"SearchAction\",\"target\":{\"@type\":\"EntryPoint\",\"urlTemplate\":\"https:\\\/\\\/decoplanta.com\\\/fr\\\/?s={search_term_string}\"},\"query-input\":{\"@type\":\"PropertyValueSpecification\",\"valueRequired\":true,\"valueName\":\"search_term_string\"}}],\"inLanguage\":\"fr-FR\"},{\"@type\":\"Organization\",\"@id\":\"https:\\\/\\\/decoplanta.com\\\/fr\\\/#organization\",\"name\":\"PLANTES ET ARBRES ARTIFICIELS TR\u00c8S R\u00c9ALISTES\",\"url\":\"https:\\\/\\\/decoplanta.com\\\/fr\\\/\",\"logo\":{\"@type\":\"ImageObject\",\"inLanguage\":\"fr-FR\",\"@id\":\"https:\\\/\\\/decoplanta.com\\\/fr\\\/#\\\/schema\\\/logo\\\/image\\\/\",\"url\":\"https:\\\/\\\/decoplanta.com\\\/wp-content\\\/uploads\\\/2021\\\/02\\\/decoplanta-logo2020.svg\",\"contentUrl\":\"https:\\\/\\\/decoplanta.com\\\/wp-content\\\/uploads\\\/2021\\\/02\\\/decoplanta-logo2020.svg\",\"width\":500,\"height\":500,\"caption\":\"PLANTES ET ARBRES ARTIFICIELS TR\u00c8S R\u00c9ALISTES\"},\"image\":{\"@id\":\"https:\\\/\\\/decoplanta.com\\\/fr\\\/#\\\/schema\\\/logo\\\/image\\\/\"}}]}<\/script>\n<!-- \/ Yoast SEO plugin. -->","yoast_head_json":{"title":"Plante tropicale suspendue HOYA artificielle - Haut r\u00e9alisme \u00e0 l'int\u00e9rieur","description":"Plante tropicale suspendue HOYA LINEARIS artificielle de 85cm pour l'int\u00e9rieur. Plante suspendue de grand r\u00e9alisme sans entretien","robots":{"index":"index","follow":"follow","max-snippet":"max-snippet:-1","max-image-preview":"max-image-preview:large","max-video-preview":"max-video-preview:-1"},"canonical":"https:\/\/decoplanta.com\/fr\/plantes-suspendues-artificielles\/plante-suspendue-hoya\/","og_locale":"fr_FR","og_type":"article","og_title":"Plante tropicale suspendue HOYA artificielle - Haut r\u00e9alisme \u00e0 l'int\u00e9rieur","og_description":"Plante tropicale suspendue HOYA LINEARIS artificielle de 85cm pour l'int\u00e9rieur. Plante suspendue de grand r\u00e9alisme sans entretien","og_url":"https:\/\/decoplanta.com\/fr\/plantes-suspendues-artificielles\/plante-suspendue-hoya\/","og_site_name":"PLANTES ET ARBRES ARTIFICIELS TR\u00c8S R\u00c9ALISTES","article_modified_time":"2021-12-23T05:32:24+00:00","og_image":[{"width":2048,"height":2048,"url":"https:\/\/decoplanta.com\/wp-content\/uploads\/2021\/03\/424662-Arbusto_Colgante-HOYA-85cm-1.jpg","type":"image\/jpeg"}],"twitter_card":"summary_large_image","twitter_misc":{"Dur\u00e9e de lecture estim\u00e9e":"2 minutes"},"schema":{"@context":"https:\/\/schema.org","@graph":[{"@type":"WebPage","@id":"https:\/\/decoplanta.com\/fr\/plantes-suspendues-artificielles\/plante-suspendue-hoya\/","url":"https:\/\/decoplanta.com\/fr\/plantes-suspendues-artificielles\/plante-suspendue-hoya\/","name":"Plante tropicale suspendue HOYA artificielle - Haut r\u00e9alisme \u00e0 l'int\u00e9rieur","isPartOf":{"@id":"https:\/\/decoplanta.com\/fr\/#website"},"primaryImageOfPage":{"@id":"https:\/\/decoplanta.com\/fr\/plantes-suspendues-artificielles\/plante-suspendue-hoya\/#primaryimage"},"image":{"@id":"https:\/\/decoplanta.com\/fr\/plantes-suspendues-artificielles\/plante-suspendue-hoya\/#primaryimage"},"thumbnailUrl":"https:\/\/decoplanta.com\/wp-content\/uploads\/2021\/03\/424662-Arbusto_Colgante-HOYA-85cm-1.jpg","datePublished":"2021-12-23T05:05:38+00:00","dateModified":"2021-12-23T05:32:24+00:00","description":"Plante tropicale suspendue HOYA LINEARIS artificielle de 85cm pour l'int\u00e9rieur. Plante suspendue de grand r\u00e9alisme sans entretien","breadcrumb":{"@id":"https:\/\/decoplanta.com\/fr\/plantes-suspendues-artificielles\/plante-suspendue-hoya\/#breadcrumb"},"inLanguage":"fr-FR","potentialAction":[{"@type":"ReadAction","target":["https:\/\/decoplanta.com\/fr\/plantes-suspendues-artificielles\/plante-suspendue-hoya\/"]}]},{"@type":"ImageObject","inLanguage":"fr-FR","@id":"https:\/\/decoplanta.com\/fr\/plantes-suspendues-artificielles\/plante-suspendue-hoya\/#primaryimage","url":"https:\/\/decoplanta.com\/wp-content\/uploads\/2021\/03\/424662-Arbusto_Colgante-HOYA-85cm-1.jpg","contentUrl":"https:\/\/decoplanta.com\/wp-content\/uploads\/2021\/03\/424662-Arbusto_Colgante-HOYA-85cm-1.jpg","width":2048,"height":2048,"caption":"Arbuste suspendu artificiel HOYA, 85 cm"},{"@type":"BreadcrumbList","@id":"https:\/\/decoplanta.com\/fr\/plantes-suspendues-artificielles\/plante-suspendue-hoya\/#breadcrumb","itemListElement":[{"@type":"ListItem","position":1,"name":"Portada","item":"https:\/\/decoplanta.com\/fr\/"},{"@type":"ListItem","position":2,"name":"Priv\u00e9\u00a0: Tienda","item":"https:\/\/decoplanta.com\/?page_id=377"},{"@type":"ListItem","position":3,"name":"Plante suspendue HOYA"}]},{"@type":"WebSite","@id":"https:\/\/decoplanta.com\/fr\/#website","url":"https:\/\/decoplanta.com\/fr\/","name":"PLANTES ET ARBRES ARTIFICIELS TR\u00c8S R\u00c9ALISTES","description":"Proveedor de Plantas artificiales para estudios de Arquitectura, Interiorismo, Paisajismo, Escenograf\u00eda, Tiendas de Decoraci\u00f3n Florister\u00edas y Mobiliario","publisher":{"@id":"https:\/\/decoplanta.com\/fr\/#organization"},"potentialAction":[{"@type":"SearchAction","target":{"@type":"EntryPoint","urlTemplate":"https:\/\/decoplanta.com\/fr\/?s={search_term_string}"},"query-input":{"@type":"PropertyValueSpecification","valueRequired":true,"valueName":"search_term_string"}}],"inLanguage":"fr-FR"},{"@type":"Organization","@id":"https:\/\/decoplanta.com\/fr\/#organization","name":"PLANTES ET ARBRES ARTIFICIELS TR\u00c8S R\u00c9ALISTES","url":"https:\/\/decoplanta.com\/fr\/","logo":{"@type":"ImageObject","inLanguage":"fr-FR","@id":"https:\/\/decoplanta.com\/fr\/#\/schema\/logo\/image\/","url":"https:\/\/decoplanta.com\/wp-content\/uploads\/2021\/02\/decoplanta-logo2020.svg","contentUrl":"https:\/\/decoplanta.com\/wp-content\/uploads\/2021\/02\/decoplanta-logo2020.svg","width":500,"height":500,"caption":"PLANTES ET ARBRES ARTIFICIELS TR\u00c8S R\u00c9ALISTES"},"image":{"@id":"https:\/\/decoplanta.com\/fr\/#\/schema\/logo\/image\/"}}]}},"_links":{"self":[{"href":"https:\/\/decoplanta.com\/fr\/wp-json\/wp\/v2\/product\/3485","targetHints":{"allow":["GET"]}}],"collection":[{"href":"https:\/\/decoplanta.com\/fr\/wp-json\/wp\/v2\/product"}],"about":[{"href":"https:\/\/decoplanta.com\/fr\/wp-json\/wp\/v2\/types\/product"}],"version-history":[{"count":0,"href":"https:\/\/decoplanta.com\/fr\/wp-json\/wp\/v2\/product\/3485\/revisions"}],"wp:featuredmedia":[{"embeddable":true,"href":"https:\/\/decoplanta.com\/fr\/wp-json\/wp\/v2\/media\/2624"}],"wp:attachment":[{"href":"https:\/\/decoplanta.com\/fr\/wp-json\/wp\/v2\/media?parent=3485"}],"wp:term":[{"taxonomy":"product_brand","embeddable":true,"href":"https:\/\/decoplanta.com\/fr\/wp-json\/wp\/v2\/product_brand?post=3485"},{"taxonomy":"product_cat","embeddable":true,"href":"https:\/\/decoplanta.com\/fr\/wp-json\/wp\/v2\/product_cat?post=3485"},{"taxonomy":"product_tag","embeddable":true,"href":"https:\/\/decoplanta.com\/fr\/wp-json\/wp\/v2\/product_tag?post=3485"}],"curies":[{"name":"wp","href":"https:\/\/api.w.org\/{rel}","templated":true}]}}