{"id":3487,"date":"2021-03-20T16:09:35","date_gmt":"2021-12-23T05:05:39","guid":{"rendered":"https:\/\/decoplanta.com\/non%20class\u00e9\/fougere-avec-racines-55\/"},"modified":"2021-12-23T06:37:21","modified_gmt":"2021-12-23T05:37:21","slug":"fougere-avec-racines-55","status":"publish","type":"product","link":"https:\/\/decoplanta.com\/fr\/non class\u00e9\/fougere-avec-racines-55\/","title":{"rendered":"FOUG\u00c8RE avec RACINES 55"},"content":{"rendered":"<p>FOUG\u00c8RE avec RACINES 55 artificielles qui pendent lui donnant un grand r\u00e9alisme. Les feuilles d&rsquo;un vert intense lui conf\u00e8rent un grand volume et un maximum de feuillage. D\u00e9corez votre int\u00e9rieur avec une grande plante suspendue qui n&rsquo;a pas besoin d&rsquo;eau et qui reste toujours belle. Il est d\u00e9taill\u00e9 dans la conception pour un look particuli\u00e8rement naturel. Il attirera l&rsquo;attention dans n&rsquo;importe quelle pi\u00e8ce de la maison ou du bureau. Il mesure environ 55 cm de diam\u00e8tre et est suspendu \u00e0 une corde fournie. Prix unitaire dans <a href=\"https:\/\/decoplanta.com\/catalogo\/TarifasDecoplanta-CatalogoDistribuidor-HR.pdf\" target=\"_blank\" rel=\"noopener\">le catalogue<\/a> .<\/p>\n","protected":false},"excerpt":{"rendered":"<p>Foug\u00e8re artificielle suspendue avec des racines pendantes lui conf\u00e9rant un grand r\u00e9alisme. Les feuilles d&rsquo;un vert intense lui conf\u00e8rent un grand volume et un maximum de feuillage. D\u00e9corez votre int\u00e9rieur avec une grande plante suspendue qui n&rsquo;a pas besoin d&rsquo;eau et qui reste toujours belle. Il est d\u00e9taill\u00e9 dans la conception pour un look particuli\u00e8rement naturel. Il attirera l&rsquo;attention dans n&rsquo;importe quelle pi\u00e8ce de la maison ou du bureau. Il mesure environ 55 cm de diam\u00e8tre et est suspendu \u00e0 une corde fournie.<\/p>\n<table>\n<tbody>\n<tr>\n<td><strong>R\u00c9F<\/strong><\/td>\n<td>\u00d8<\/td>\n<\/tr>\n<tr>\n<td><strong>423054<\/strong><\/td>\n<td>55 cm<\/td>\n<\/tr>\n<\/tbody>\n<\/table>\n","protected":false},"featured_media":2636,"template":"","meta":{"_monsterinsights_skip_tracking":false,"_monsterinsights_sitenote_active":false,"_monsterinsights_sitenote_note":"","_monsterinsights_sitenote_category":0},"product_brand":[],"product_cat":[],"product_tag":[],"class_list":{"0":"post-3487","1":"product","2":"type-product","3":"status-publish","4":"has-post-thumbnail","6":"","7":"woocommerce-text-align-center","8":"woocommerce-image-align-center","9":"do-quantity-buttons","11":"first","12":"instock","13":"taxable","14":"shipping-taxable","15":"purchasable","16":"product-type-simple"},"yoast_head":"<!-- This site is optimized with the Yoast SEO plugin v27.3 - https:\/\/yoast.com\/product\/yoast-seo-wordpress\/ -->\n<title>FOUG\u00c8RE avec RACINES artificielles tr\u00e8s r\u00e9alistes. \u00d8 55 cm<\/title>\n<meta name=\"description\" content=\"Foug\u00e8re artificielle suspendue avec des racines pendantes lui conf\u00e9rant un grand r\u00e9alisme. D\u00e9corez votre int\u00e9rieur avec cet incroyable plante\" \/>\n<meta name=\"robots\" content=\"index, follow, max-snippet:-1, max-image-preview:large, max-video-preview:-1\" \/>\n<link rel=\"canonical\" href=\"https:\/\/decoplanta.com\/fr\/non%20class\u00e9\/fougere-avec-racines-55\/\" \/>\n<meta property=\"og:locale\" content=\"fr_FR\" \/>\n<meta property=\"og:type\" content=\"article\" \/>\n<meta property=\"og:title\" content=\"FOUG\u00c8RE avec RACINES artificielles tr\u00e8s r\u00e9alistes. \u00d8 55 cm\" \/>\n<meta property=\"og:description\" content=\"Foug\u00e8re artificielle suspendue avec des racines pendantes lui conf\u00e9rant un grand r\u00e9alisme. D\u00e9corez votre int\u00e9rieur avec cet incroyable plante\" \/>\n<meta property=\"og:url\" content=\"https:\/\/decoplanta.com\/fr\/non class\u00e9\/fougere-avec-racines-55\/\" \/>\n<meta property=\"og:site_name\" content=\"PLANTES ET ARBRES ARTIFICIELS TR\u00c8S R\u00c9ALISTES\" \/>\n<meta property=\"article:modified_time\" content=\"2021-12-23T05:37:21+00:00\" \/>\n<meta property=\"og:image\" content=\"https:\/\/decoplanta.com\/wp-content\/uploads\/2021\/03\/423054-HELECHO_COLGANTE_CON_RAICES-55cm-1.jpg\" \/>\n\t<meta property=\"og:image:width\" content=\"2048\" \/>\n\t<meta property=\"og:image:height\" content=\"2048\" \/>\n\t<meta property=\"og:image:type\" content=\"image\/jpeg\" \/>\n<meta name=\"twitter:card\" content=\"summary_large_image\" \/>\n<script type=\"application\/ld+json\" class=\"yoast-schema-graph\">{\"@context\":\"https:\\\/\\\/schema.org\",\"@graph\":[{\"@type\":\"WebPage\",\"@id\":\"https:\\\/\\\/decoplanta.com\\\/fr\\\/non class\u00e9\\\/fougere-avec-racines-55\\\/\",\"url\":\"https:\\\/\\\/decoplanta.com\\\/fr\\\/non class\u00e9\\\/fougere-avec-racines-55\\\/\",\"name\":\"FOUG\u00c8RE avec RACINES artificielles tr\u00e8s r\u00e9alistes. \u00d8 55 cm\",\"isPartOf\":{\"@id\":\"https:\\\/\\\/decoplanta.com\\\/fr\\\/#website\"},\"primaryImageOfPage\":{\"@id\":\"https:\\\/\\\/decoplanta.com\\\/fr\\\/non class\u00e9\\\/fougere-avec-racines-55\\\/#primaryimage\"},\"image\":{\"@id\":\"https:\\\/\\\/decoplanta.com\\\/fr\\\/non class\u00e9\\\/fougere-avec-racines-55\\\/#primaryimage\"},\"thumbnailUrl\":\"https:\\\/\\\/decoplanta.com\\\/wp-content\\\/uploads\\\/2021\\\/03\\\/423054-HELECHO_COLGANTE_CON_RAICES-55cm-1.jpg\",\"datePublished\":\"2021-12-23T05:05:39+00:00\",\"dateModified\":\"2021-12-23T05:37:21+00:00\",\"description\":\"Foug\u00e8re artificielle suspendue avec des racines pendantes lui conf\u00e9rant un grand r\u00e9alisme. D\u00e9corez votre int\u00e9rieur avec cet incroyable plante\",\"breadcrumb\":{\"@id\":\"https:\\\/\\\/decoplanta.com\\\/fr\\\/non class\u00e9\\\/fougere-avec-racines-55\\\/#breadcrumb\"},\"inLanguage\":\"fr-FR\",\"potentialAction\":[{\"@type\":\"ReadAction\",\"target\":[\"https:\\\/\\\/decoplanta.com\\\/fr\\\/non class\u00e9\\\/fougere-avec-racines-55\\\/\"]}]},{\"@type\":\"ImageObject\",\"inLanguage\":\"fr-FR\",\"@id\":\"https:\\\/\\\/decoplanta.com\\\/fr\\\/non class\u00e9\\\/fougere-avec-racines-55\\\/#primaryimage\",\"url\":\"https:\\\/\\\/decoplanta.com\\\/wp-content\\\/uploads\\\/2021\\\/03\\\/423054-HELECHO_COLGANTE_CON_RAICES-55cm-1.jpg\",\"contentUrl\":\"https:\\\/\\\/decoplanta.com\\\/wp-content\\\/uploads\\\/2021\\\/03\\\/423054-HELECHO_COLGANTE_CON_RAICES-55cm-1.jpg\",\"width\":2048,\"height\":2048,\"caption\":\"FOUG\u00c8RE avec RACINES 55 Artificiel suspendu 55 cm\"},{\"@type\":\"BreadcrumbList\",\"@id\":\"https:\\\/\\\/decoplanta.com\\\/fr\\\/non class\u00e9\\\/fougere-avec-racines-55\\\/#breadcrumb\",\"itemListElement\":[{\"@type\":\"ListItem\",\"position\":1,\"name\":\"Portada\",\"item\":\"https:\\\/\\\/decoplanta.com\\\/fr\\\/\"},{\"@type\":\"ListItem\",\"position\":2,\"name\":\"Priv\u00e9\u00a0: Tienda\",\"item\":\"https:\\\/\\\/decoplanta.com\\\/?page_id=377\"},{\"@type\":\"ListItem\",\"position\":3,\"name\":\"FOUG\u00c8RE avec RACINES 55\"}]},{\"@type\":\"WebSite\",\"@id\":\"https:\\\/\\\/decoplanta.com\\\/fr\\\/#website\",\"url\":\"https:\\\/\\\/decoplanta.com\\\/fr\\\/\",\"name\":\"PLANTES ET ARBRES ARTIFICIELS TR\u00c8S R\u00c9ALISTES\",\"description\":\"Proveedor de Plantas artificiales para estudios de Arquitectura, Interiorismo, Paisajismo, Escenograf\u00eda, Tiendas de Decoraci\u00f3n Florister\u00edas y Mobiliario\",\"publisher\":{\"@id\":\"https:\\\/\\\/decoplanta.com\\\/fr\\\/#organization\"},\"potentialAction\":[{\"@type\":\"SearchAction\",\"target\":{\"@type\":\"EntryPoint\",\"urlTemplate\":\"https:\\\/\\\/decoplanta.com\\\/fr\\\/?s={search_term_string}\"},\"query-input\":{\"@type\":\"PropertyValueSpecification\",\"valueRequired\":true,\"valueName\":\"search_term_string\"}}],\"inLanguage\":\"fr-FR\"},{\"@type\":\"Organization\",\"@id\":\"https:\\\/\\\/decoplanta.com\\\/fr\\\/#organization\",\"name\":\"PLANTES ET ARBRES ARTIFICIELS TR\u00c8S R\u00c9ALISTES\",\"url\":\"https:\\\/\\\/decoplanta.com\\\/fr\\\/\",\"logo\":{\"@type\":\"ImageObject\",\"inLanguage\":\"fr-FR\",\"@id\":\"https:\\\/\\\/decoplanta.com\\\/fr\\\/#\\\/schema\\\/logo\\\/image\\\/\",\"url\":\"https:\\\/\\\/decoplanta.com\\\/wp-content\\\/uploads\\\/2021\\\/02\\\/decoplanta-logo2020.svg\",\"contentUrl\":\"https:\\\/\\\/decoplanta.com\\\/wp-content\\\/uploads\\\/2021\\\/02\\\/decoplanta-logo2020.svg\",\"width\":500,\"height\":500,\"caption\":\"PLANTES ET ARBRES ARTIFICIELS TR\u00c8S R\u00c9ALISTES\"},\"image\":{\"@id\":\"https:\\\/\\\/decoplanta.com\\\/fr\\\/#\\\/schema\\\/logo\\\/image\\\/\"}}]}<\/script>\n<!-- \/ Yoast SEO plugin. -->","yoast_head_json":{"title":"FOUG\u00c8RE avec RACINES artificielles tr\u00e8s r\u00e9alistes. \u00d8 55 cm","description":"Foug\u00e8re artificielle suspendue avec des racines pendantes lui conf\u00e9rant un grand r\u00e9alisme. D\u00e9corez votre int\u00e9rieur avec cet incroyable plante","robots":{"index":"index","follow":"follow","max-snippet":"max-snippet:-1","max-image-preview":"max-image-preview:large","max-video-preview":"max-video-preview:-1"},"canonical":"https:\/\/decoplanta.com\/fr\/non class\u00e9\/fougere-avec-racines-55\/","og_locale":"fr_FR","og_type":"article","og_title":"FOUG\u00c8RE avec RACINES artificielles tr\u00e8s r\u00e9alistes. \u00d8 55 cm","og_description":"Foug\u00e8re artificielle suspendue avec des racines pendantes lui conf\u00e9rant un grand r\u00e9alisme. D\u00e9corez votre int\u00e9rieur avec cet incroyable plante","og_url":"https:\/\/decoplanta.com\/fr\/non class\u00e9\/fougere-avec-racines-55\/","og_site_name":"PLANTES ET ARBRES ARTIFICIELS TR\u00c8S R\u00c9ALISTES","article_modified_time":"2021-12-23T05:37:21+00:00","og_image":[{"width":2048,"height":2048,"url":"https:\/\/decoplanta.com\/wp-content\/uploads\/2021\/03\/423054-HELECHO_COLGANTE_CON_RAICES-55cm-1.jpg","type":"image\/jpeg"}],"twitter_card":"summary_large_image","schema":{"@context":"https:\/\/schema.org","@graph":[{"@type":"WebPage","@id":"https:\/\/decoplanta.com\/fr\/non class\u00e9\/fougere-avec-racines-55\/","url":"https:\/\/decoplanta.com\/fr\/non class\u00e9\/fougere-avec-racines-55\/","name":"FOUG\u00c8RE avec RACINES artificielles tr\u00e8s r\u00e9alistes. \u00d8 55 cm","isPartOf":{"@id":"https:\/\/decoplanta.com\/fr\/#website"},"primaryImageOfPage":{"@id":"https:\/\/decoplanta.com\/fr\/non class\u00e9\/fougere-avec-racines-55\/#primaryimage"},"image":{"@id":"https:\/\/decoplanta.com\/fr\/non class\u00e9\/fougere-avec-racines-55\/#primaryimage"},"thumbnailUrl":"https:\/\/decoplanta.com\/wp-content\/uploads\/2021\/03\/423054-HELECHO_COLGANTE_CON_RAICES-55cm-1.jpg","datePublished":"2021-12-23T05:05:39+00:00","dateModified":"2021-12-23T05:37:21+00:00","description":"Foug\u00e8re artificielle suspendue avec des racines pendantes lui conf\u00e9rant un grand r\u00e9alisme. D\u00e9corez votre int\u00e9rieur avec cet incroyable plante","breadcrumb":{"@id":"https:\/\/decoplanta.com\/fr\/non class\u00e9\/fougere-avec-racines-55\/#breadcrumb"},"inLanguage":"fr-FR","potentialAction":[{"@type":"ReadAction","target":["https:\/\/decoplanta.com\/fr\/non class\u00e9\/fougere-avec-racines-55\/"]}]},{"@type":"ImageObject","inLanguage":"fr-FR","@id":"https:\/\/decoplanta.com\/fr\/non class\u00e9\/fougere-avec-racines-55\/#primaryimage","url":"https:\/\/decoplanta.com\/wp-content\/uploads\/2021\/03\/423054-HELECHO_COLGANTE_CON_RAICES-55cm-1.jpg","contentUrl":"https:\/\/decoplanta.com\/wp-content\/uploads\/2021\/03\/423054-HELECHO_COLGANTE_CON_RAICES-55cm-1.jpg","width":2048,"height":2048,"caption":"FOUG\u00c8RE avec RACINES 55 Artificiel suspendu 55 cm"},{"@type":"BreadcrumbList","@id":"https:\/\/decoplanta.com\/fr\/non class\u00e9\/fougere-avec-racines-55\/#breadcrumb","itemListElement":[{"@type":"ListItem","position":1,"name":"Portada","item":"https:\/\/decoplanta.com\/fr\/"},{"@type":"ListItem","position":2,"name":"Priv\u00e9\u00a0: Tienda","item":"https:\/\/decoplanta.com\/?page_id=377"},{"@type":"ListItem","position":3,"name":"FOUG\u00c8RE avec RACINES 55"}]},{"@type":"WebSite","@id":"https:\/\/decoplanta.com\/fr\/#website","url":"https:\/\/decoplanta.com\/fr\/","name":"PLANTES ET ARBRES ARTIFICIELS TR\u00c8S R\u00c9ALISTES","description":"Proveedor de Plantas artificiales para estudios de Arquitectura, Interiorismo, Paisajismo, Escenograf\u00eda, Tiendas de Decoraci\u00f3n Florister\u00edas y Mobiliario","publisher":{"@id":"https:\/\/decoplanta.com\/fr\/#organization"},"potentialAction":[{"@type":"SearchAction","target":{"@type":"EntryPoint","urlTemplate":"https:\/\/decoplanta.com\/fr\/?s={search_term_string}"},"query-input":{"@type":"PropertyValueSpecification","valueRequired":true,"valueName":"search_term_string"}}],"inLanguage":"fr-FR"},{"@type":"Organization","@id":"https:\/\/decoplanta.com\/fr\/#organization","name":"PLANTES ET ARBRES ARTIFICIELS TR\u00c8S R\u00c9ALISTES","url":"https:\/\/decoplanta.com\/fr\/","logo":{"@type":"ImageObject","inLanguage":"fr-FR","@id":"https:\/\/decoplanta.com\/fr\/#\/schema\/logo\/image\/","url":"https:\/\/decoplanta.com\/wp-content\/uploads\/2021\/02\/decoplanta-logo2020.svg","contentUrl":"https:\/\/decoplanta.com\/wp-content\/uploads\/2021\/02\/decoplanta-logo2020.svg","width":500,"height":500,"caption":"PLANTES ET ARBRES ARTIFICIELS TR\u00c8S R\u00c9ALISTES"},"image":{"@id":"https:\/\/decoplanta.com\/fr\/#\/schema\/logo\/image\/"}}]}},"_links":{"self":[{"href":"https:\/\/decoplanta.com\/fr\/wp-json\/wp\/v2\/product\/3487","targetHints":{"allow":["GET"]}}],"collection":[{"href":"https:\/\/decoplanta.com\/fr\/wp-json\/wp\/v2\/product"}],"about":[{"href":"https:\/\/decoplanta.com\/fr\/wp-json\/wp\/v2\/types\/product"}],"version-history":[{"count":0,"href":"https:\/\/decoplanta.com\/fr\/wp-json\/wp\/v2\/product\/3487\/revisions"}],"wp:featuredmedia":[{"embeddable":true,"href":"https:\/\/decoplanta.com\/fr\/wp-json\/wp\/v2\/media\/2636"}],"wp:attachment":[{"href":"https:\/\/decoplanta.com\/fr\/wp-json\/wp\/v2\/media?parent=3487"}],"wp:term":[{"taxonomy":"product_brand","embeddable":true,"href":"https:\/\/decoplanta.com\/fr\/wp-json\/wp\/v2\/product_brand?post=3487"},{"taxonomy":"product_cat","embeddable":true,"href":"https:\/\/decoplanta.com\/fr\/wp-json\/wp\/v2\/product_cat?post=3487"},{"taxonomy":"product_tag","embeddable":true,"href":"https:\/\/decoplanta.com\/fr\/wp-json\/wp\/v2\/product_tag?post=3487"}],"curies":[{"name":"wp","href":"https:\/\/api.w.org\/{rel}","templated":true}]}}