{"id":3494,"date":"2021-03-20T15:47:06","date_gmt":"2021-12-23T05:39:39","guid":{"rendered":"https:\/\/decoplanta.com\/non%20class\u00e9\/plante-suspendue-de-houblon\/"},"modified":"2021-12-25T08:36:39","modified_gmt":"2021-12-25T07:36:39","slug":"houblon-suspendu","status":"publish","type":"product","link":"https:\/\/decoplanta.com\/fr\/plantes-suspendues-artificielles\/houblon-suspendu\/","title":{"rendered":"Chute d&rsquo;HOUBLON"},"content":{"rendered":"<p>Chute d&rsquo;HOUBLON artificiel de 70 cm de long. Plante suspendue moderne d&rsquo;une belle couleur verte, ses feuilles ont un d\u00e9grad\u00e9 tr\u00e8s naturel. Vous pouvez le poser directement sur les murs et les plafonds, le fixer sur des plaques de jardin verticales ou le combiner avec des plantes naturelles. Ils sont vendus en bo\u00eetes indivisibles de 6 unit\u00e9s. Prix unitaire dans le catalogue.<\/p>\n","protected":false},"excerpt":{"rendered":"<p>Chute d&rsquo;HOUBLON artificiel, longueur 70 cm. Plante suspendue moderne d&rsquo;une belle couleur verte, ses feuilles ont un d\u00e9grad\u00e9 tr\u00e8s naturel. Vous pouvez le poser directement sur les murs et les plafonds, le fixer sur des plaques de jardin verticales ou le combiner avec des plantes naturelles. Ils sont vendus en bo\u00eetes indivisibles de 6 unit\u00e9s. Prix unitaire dans <a href=\"https:\/\/decoplanta.com\/catalogo\/TarifsDecoplanta-CatalogueDistributeurs-HR-FR.pdf\" target=\"_blank\" rel=\"noopener\">le catalogue<\/a> .<\/p>\n<table>\n<tbody>\n<tr>\n<td><strong>R\u00c9F<\/strong><\/td>\n<td><strong>HAUTEUR<\/strong><\/td>\n<\/tr>\n<tr>\n<td><strong>419273<\/strong><\/td>\n<td>70 cm<\/td>\n<\/tr>\n<\/tbody>\n<\/table>\n","protected":false},"featured_media":2627,"template":"","meta":{"_monsterinsights_skip_tracking":false,"_monsterinsights_sitenote_active":false,"_monsterinsights_sitenote_note":"","_monsterinsights_sitenote_category":0},"product_brand":[],"product_cat":[249],"product_tag":[],"class_list":{"0":"post-3494","1":"product","2":"type-product","3":"status-publish","4":"has-post-thumbnail","6":"product_cat-plantes-suspendues-artificielles","7":"","8":"woocommerce-text-align-center","9":"woocommerce-image-align-center","10":"do-quantity-buttons","12":"first","13":"instock","14":"taxable","15":"shipping-taxable","16":"purchasable","17":"product-type-simple"},"yoast_head":"<!-- This site is optimized with the Yoast SEO plugin v27.3 - https:\/\/yoast.com\/product\/yoast-seo-wordpress\/ -->\n<title>CHUTE D&#039;HOUBLON artificiel - R\u00e9alisme \u00e9lev\u00e9 \u00e0 l&#039;int\u00e9rieur<\/title>\n<meta name=\"description\" content=\"Chute d&#039;HOUBLON artificiel, avec 70 cm de haut pour d\u00e9corer les int\u00e9rieurs. Plante suspendue artificielle sans entretien de grand r\u00e9alisme\" \/>\n<meta name=\"robots\" content=\"index, follow, max-snippet:-1, max-image-preview:large, max-video-preview:-1\" \/>\n<link rel=\"canonical\" href=\"https:\/\/decoplanta.com\/fr\/plantes-suspendues-artificielles\/houblon-suspendu\/\" \/>\n<meta property=\"og:locale\" content=\"fr_FR\" \/>\n<meta property=\"og:type\" content=\"article\" \/>\n<meta property=\"og:title\" content=\"CHUTE D&#039;HOUBLON artificiel - R\u00e9alisme \u00e9lev\u00e9 \u00e0 l&#039;int\u00e9rieur\" \/>\n<meta property=\"og:description\" content=\"Chute d&#039;HOUBLON artificiel, avec 70 cm de haut pour d\u00e9corer les int\u00e9rieurs. Plante suspendue artificielle sans entretien de grand r\u00e9alisme\" \/>\n<meta property=\"og:url\" content=\"https:\/\/decoplanta.com\/fr\/plantes-suspendues-artificielles\/houblon-suspendu\/\" \/>\n<meta property=\"og:site_name\" content=\"PLANTES ET ARBRES ARTIFICIELS TR\u00c8S R\u00c9ALISTES\" \/>\n<meta property=\"article:modified_time\" content=\"2021-12-25T07:36:39+00:00\" \/>\n<meta property=\"og:image\" content=\"https:\/\/decoplanta.com\/wp-content\/uploads\/2021\/03\/419273-Planta_Colgante-LUPULO-1.jpg\" \/>\n\t<meta property=\"og:image:width\" content=\"2048\" \/>\n\t<meta property=\"og:image:height\" content=\"2048\" \/>\n\t<meta property=\"og:image:type\" content=\"image\/jpeg\" \/>\n<meta name=\"twitter:card\" content=\"summary_large_image\" \/>\n<script type=\"application\/ld+json\" class=\"yoast-schema-graph\">{\"@context\":\"https:\\\/\\\/schema.org\",\"@graph\":[{\"@type\":\"WebPage\",\"@id\":\"https:\\\/\\\/decoplanta.com\\\/fr\\\/plantes-suspendues-artificielles\\\/houblon-suspendu\\\/\",\"url\":\"https:\\\/\\\/decoplanta.com\\\/fr\\\/plantes-suspendues-artificielles\\\/houblon-suspendu\\\/\",\"name\":\"CHUTE D'HOUBLON artificiel - R\u00e9alisme \u00e9lev\u00e9 \u00e0 l'int\u00e9rieur\",\"isPartOf\":{\"@id\":\"https:\\\/\\\/decoplanta.com\\\/fr\\\/#website\"},\"primaryImageOfPage\":{\"@id\":\"https:\\\/\\\/decoplanta.com\\\/fr\\\/plantes-suspendues-artificielles\\\/houblon-suspendu\\\/#primaryimage\"},\"image\":{\"@id\":\"https:\\\/\\\/decoplanta.com\\\/fr\\\/plantes-suspendues-artificielles\\\/houblon-suspendu\\\/#primaryimage\"},\"thumbnailUrl\":\"https:\\\/\\\/decoplanta.com\\\/wp-content\\\/uploads\\\/2021\\\/03\\\/419273-Planta_Colgante-LUPULO-1.jpg\",\"datePublished\":\"2021-12-23T05:39:39+00:00\",\"dateModified\":\"2021-12-25T07:36:39+00:00\",\"description\":\"Chute d'HOUBLON artificiel, avec 70 cm de haut pour d\u00e9corer les int\u00e9rieurs. Plante suspendue artificielle sans entretien de grand r\u00e9alisme\",\"breadcrumb\":{\"@id\":\"https:\\\/\\\/decoplanta.com\\\/fr\\\/plantes-suspendues-artificielles\\\/houblon-suspendu\\\/#breadcrumb\"},\"inLanguage\":\"fr-FR\",\"potentialAction\":[{\"@type\":\"ReadAction\",\"target\":[\"https:\\\/\\\/decoplanta.com\\\/fr\\\/plantes-suspendues-artificielles\\\/houblon-suspendu\\\/\"]}]},{\"@type\":\"ImageObject\",\"inLanguage\":\"fr-FR\",\"@id\":\"https:\\\/\\\/decoplanta.com\\\/fr\\\/plantes-suspendues-artificielles\\\/houblon-suspendu\\\/#primaryimage\",\"url\":\"https:\\\/\\\/decoplanta.com\\\/wp-content\\\/uploads\\\/2021\\\/03\\\/419273-Planta_Colgante-LUPULO-1.jpg\",\"contentUrl\":\"https:\\\/\\\/decoplanta.com\\\/wp-content\\\/uploads\\\/2021\\\/03\\\/419273-Planta_Colgante-LUPULO-1.jpg\",\"width\":2048,\"height\":2048,\"caption\":\"Houblon artificiel \u00e0 suspendre, longueur 70 cm\"},{\"@type\":\"BreadcrumbList\",\"@id\":\"https:\\\/\\\/decoplanta.com\\\/fr\\\/plantes-suspendues-artificielles\\\/houblon-suspendu\\\/#breadcrumb\",\"itemListElement\":[{\"@type\":\"ListItem\",\"position\":1,\"name\":\"Portada\",\"item\":\"https:\\\/\\\/decoplanta.com\\\/fr\\\/\"},{\"@type\":\"ListItem\",\"position\":2,\"name\":\"Priv\u00e9\u00a0: Tienda\",\"item\":\"https:\\\/\\\/decoplanta.com\\\/?page_id=377\"},{\"@type\":\"ListItem\",\"position\":3,\"name\":\"Chute d&#8217;HOUBLON\"}]},{\"@type\":\"WebSite\",\"@id\":\"https:\\\/\\\/decoplanta.com\\\/fr\\\/#website\",\"url\":\"https:\\\/\\\/decoplanta.com\\\/fr\\\/\",\"name\":\"PLANTES ET ARBRES ARTIFICIELS TR\u00c8S R\u00c9ALISTES\",\"description\":\"Proveedor de Plantas artificiales para estudios de Arquitectura, Interiorismo, Paisajismo, Escenograf\u00eda, Tiendas de Decoraci\u00f3n Florister\u00edas y Mobiliario\",\"publisher\":{\"@id\":\"https:\\\/\\\/decoplanta.com\\\/fr\\\/#organization\"},\"potentialAction\":[{\"@type\":\"SearchAction\",\"target\":{\"@type\":\"EntryPoint\",\"urlTemplate\":\"https:\\\/\\\/decoplanta.com\\\/fr\\\/?s={search_term_string}\"},\"query-input\":{\"@type\":\"PropertyValueSpecification\",\"valueRequired\":true,\"valueName\":\"search_term_string\"}}],\"inLanguage\":\"fr-FR\"},{\"@type\":\"Organization\",\"@id\":\"https:\\\/\\\/decoplanta.com\\\/fr\\\/#organization\",\"name\":\"PLANTES ET ARBRES ARTIFICIELS TR\u00c8S R\u00c9ALISTES\",\"url\":\"https:\\\/\\\/decoplanta.com\\\/fr\\\/\",\"logo\":{\"@type\":\"ImageObject\",\"inLanguage\":\"fr-FR\",\"@id\":\"https:\\\/\\\/decoplanta.com\\\/fr\\\/#\\\/schema\\\/logo\\\/image\\\/\",\"url\":\"https:\\\/\\\/decoplanta.com\\\/wp-content\\\/uploads\\\/2021\\\/02\\\/decoplanta-logo2020.svg\",\"contentUrl\":\"https:\\\/\\\/decoplanta.com\\\/wp-content\\\/uploads\\\/2021\\\/02\\\/decoplanta-logo2020.svg\",\"width\":500,\"height\":500,\"caption\":\"PLANTES ET ARBRES ARTIFICIELS TR\u00c8S R\u00c9ALISTES\"},\"image\":{\"@id\":\"https:\\\/\\\/decoplanta.com\\\/fr\\\/#\\\/schema\\\/logo\\\/image\\\/\"}}]}<\/script>\n<!-- \/ Yoast SEO plugin. -->","yoast_head_json":{"title":"CHUTE D'HOUBLON artificiel - R\u00e9alisme \u00e9lev\u00e9 \u00e0 l'int\u00e9rieur","description":"Chute d'HOUBLON artificiel, avec 70 cm de haut pour d\u00e9corer les int\u00e9rieurs. Plante suspendue artificielle sans entretien de grand r\u00e9alisme","robots":{"index":"index","follow":"follow","max-snippet":"max-snippet:-1","max-image-preview":"max-image-preview:large","max-video-preview":"max-video-preview:-1"},"canonical":"https:\/\/decoplanta.com\/fr\/plantes-suspendues-artificielles\/houblon-suspendu\/","og_locale":"fr_FR","og_type":"article","og_title":"CHUTE D'HOUBLON artificiel - R\u00e9alisme \u00e9lev\u00e9 \u00e0 l'int\u00e9rieur","og_description":"Chute d'HOUBLON artificiel, avec 70 cm de haut pour d\u00e9corer les int\u00e9rieurs. Plante suspendue artificielle sans entretien de grand r\u00e9alisme","og_url":"https:\/\/decoplanta.com\/fr\/plantes-suspendues-artificielles\/houblon-suspendu\/","og_site_name":"PLANTES ET ARBRES ARTIFICIELS TR\u00c8S R\u00c9ALISTES","article_modified_time":"2021-12-25T07:36:39+00:00","og_image":[{"width":2048,"height":2048,"url":"https:\/\/decoplanta.com\/wp-content\/uploads\/2021\/03\/419273-Planta_Colgante-LUPULO-1.jpg","type":"image\/jpeg"}],"twitter_card":"summary_large_image","schema":{"@context":"https:\/\/schema.org","@graph":[{"@type":"WebPage","@id":"https:\/\/decoplanta.com\/fr\/plantes-suspendues-artificielles\/houblon-suspendu\/","url":"https:\/\/decoplanta.com\/fr\/plantes-suspendues-artificielles\/houblon-suspendu\/","name":"CHUTE D'HOUBLON artificiel - R\u00e9alisme \u00e9lev\u00e9 \u00e0 l'int\u00e9rieur","isPartOf":{"@id":"https:\/\/decoplanta.com\/fr\/#website"},"primaryImageOfPage":{"@id":"https:\/\/decoplanta.com\/fr\/plantes-suspendues-artificielles\/houblon-suspendu\/#primaryimage"},"image":{"@id":"https:\/\/decoplanta.com\/fr\/plantes-suspendues-artificielles\/houblon-suspendu\/#primaryimage"},"thumbnailUrl":"https:\/\/decoplanta.com\/wp-content\/uploads\/2021\/03\/419273-Planta_Colgante-LUPULO-1.jpg","datePublished":"2021-12-23T05:39:39+00:00","dateModified":"2021-12-25T07:36:39+00:00","description":"Chute d'HOUBLON artificiel, avec 70 cm de haut pour d\u00e9corer les int\u00e9rieurs. Plante suspendue artificielle sans entretien de grand r\u00e9alisme","breadcrumb":{"@id":"https:\/\/decoplanta.com\/fr\/plantes-suspendues-artificielles\/houblon-suspendu\/#breadcrumb"},"inLanguage":"fr-FR","potentialAction":[{"@type":"ReadAction","target":["https:\/\/decoplanta.com\/fr\/plantes-suspendues-artificielles\/houblon-suspendu\/"]}]},{"@type":"ImageObject","inLanguage":"fr-FR","@id":"https:\/\/decoplanta.com\/fr\/plantes-suspendues-artificielles\/houblon-suspendu\/#primaryimage","url":"https:\/\/decoplanta.com\/wp-content\/uploads\/2021\/03\/419273-Planta_Colgante-LUPULO-1.jpg","contentUrl":"https:\/\/decoplanta.com\/wp-content\/uploads\/2021\/03\/419273-Planta_Colgante-LUPULO-1.jpg","width":2048,"height":2048,"caption":"Houblon artificiel \u00e0 suspendre, longueur 70 cm"},{"@type":"BreadcrumbList","@id":"https:\/\/decoplanta.com\/fr\/plantes-suspendues-artificielles\/houblon-suspendu\/#breadcrumb","itemListElement":[{"@type":"ListItem","position":1,"name":"Portada","item":"https:\/\/decoplanta.com\/fr\/"},{"@type":"ListItem","position":2,"name":"Priv\u00e9\u00a0: Tienda","item":"https:\/\/decoplanta.com\/?page_id=377"},{"@type":"ListItem","position":3,"name":"Chute d&#8217;HOUBLON"}]},{"@type":"WebSite","@id":"https:\/\/decoplanta.com\/fr\/#website","url":"https:\/\/decoplanta.com\/fr\/","name":"PLANTES ET ARBRES ARTIFICIELS TR\u00c8S R\u00c9ALISTES","description":"Proveedor de Plantas artificiales para estudios de Arquitectura, Interiorismo, Paisajismo, Escenograf\u00eda, Tiendas de Decoraci\u00f3n Florister\u00edas y Mobiliario","publisher":{"@id":"https:\/\/decoplanta.com\/fr\/#organization"},"potentialAction":[{"@type":"SearchAction","target":{"@type":"EntryPoint","urlTemplate":"https:\/\/decoplanta.com\/fr\/?s={search_term_string}"},"query-input":{"@type":"PropertyValueSpecification","valueRequired":true,"valueName":"search_term_string"}}],"inLanguage":"fr-FR"},{"@type":"Organization","@id":"https:\/\/decoplanta.com\/fr\/#organization","name":"PLANTES ET ARBRES ARTIFICIELS TR\u00c8S R\u00c9ALISTES","url":"https:\/\/decoplanta.com\/fr\/","logo":{"@type":"ImageObject","inLanguage":"fr-FR","@id":"https:\/\/decoplanta.com\/fr\/#\/schema\/logo\/image\/","url":"https:\/\/decoplanta.com\/wp-content\/uploads\/2021\/02\/decoplanta-logo2020.svg","contentUrl":"https:\/\/decoplanta.com\/wp-content\/uploads\/2021\/02\/decoplanta-logo2020.svg","width":500,"height":500,"caption":"PLANTES ET ARBRES ARTIFICIELS TR\u00c8S R\u00c9ALISTES"},"image":{"@id":"https:\/\/decoplanta.com\/fr\/#\/schema\/logo\/image\/"}}]}},"_links":{"self":[{"href":"https:\/\/decoplanta.com\/fr\/wp-json\/wp\/v2\/product\/3494","targetHints":{"allow":["GET"]}}],"collection":[{"href":"https:\/\/decoplanta.com\/fr\/wp-json\/wp\/v2\/product"}],"about":[{"href":"https:\/\/decoplanta.com\/fr\/wp-json\/wp\/v2\/types\/product"}],"version-history":[{"count":0,"href":"https:\/\/decoplanta.com\/fr\/wp-json\/wp\/v2\/product\/3494\/revisions"}],"wp:featuredmedia":[{"embeddable":true,"href":"https:\/\/decoplanta.com\/fr\/wp-json\/wp\/v2\/media\/2627"}],"wp:attachment":[{"href":"https:\/\/decoplanta.com\/fr\/wp-json\/wp\/v2\/media?parent=3494"}],"wp:term":[{"taxonomy":"product_brand","embeddable":true,"href":"https:\/\/decoplanta.com\/fr\/wp-json\/wp\/v2\/product_brand?post=3494"},{"taxonomy":"product_cat","embeddable":true,"href":"https:\/\/decoplanta.com\/fr\/wp-json\/wp\/v2\/product_cat?post=3494"},{"taxonomy":"product_tag","embeddable":true,"href":"https:\/\/decoplanta.com\/fr\/wp-json\/wp\/v2\/product_tag?post=3494"}],"curies":[{"name":"wp","href":"https:\/\/api.w.org\/{rel}","templated":true}]}}