{"id":3500,"date":"2021-03-20T15:38:25","date_gmt":"2021-12-23T05:47:34","guid":{"rendered":"https:\/\/decoplanta.com\/non%20class\u00e9\/plante-suspendue-boj\/"},"modified":"2021-12-25T08:40:12","modified_gmt":"2021-12-25T07:40:12","slug":"buis-suspension-plante","status":"publish","type":"product","link":"https:\/\/decoplanta.com\/fr\/plantes-suspendues-artificielles\/buis-suspension-plante\/","title":{"rendered":"CHUTE D&rsquo;BUIS"},"content":{"rendered":"<p>CHUTE D&rsquo;BUIS artificielle de 75 cm de long avec 6 branches. Un r\u00e9gal pour les yeux, il ne n\u00e9cessite aucun entretien et reste beau toute l&rsquo;ann\u00e9e. Vous pouvez le poser directement sur les murs et les plafonds, le fixer sur des plaques de jardin verticales ou le combiner avec des plantes naturelles.<\/p>\n<p>Le <a href=\"https:\/\/es.haenselblatt.com\/common-boxwood-varieties\" target=\"_blank\" rel=\"noopener\">buis<\/a> est l&rsquo;un des arbustes d\u00e9coratifs les plus populaires. Ils se distinguent par leurs formes compactes, leur facilit\u00e9 d&rsquo;entretien et leur adaptabilit\u00e9. Actuellement, il existe plus de 200 types de buis avec un peu plus de 140 de ceux disponibles dans le commerce et un certain nombre de cultivars sans nom. Les vari\u00e9t\u00e9s am\u00e9ricaines et anglaises de Buxus sont deux des esp\u00e8ces les plus courantes vendues en am\u00e9nagement paysager, mais il existe de nombreuses autres options pour le jardinier averti. Choisissez parmi une vari\u00e9t\u00e9 de formes de feuilles, de formes de croissance et de plages de vitesse et de r\u00e9sistance pour un arbuste le mieux adapt\u00e9 \u00e0 votre jardin.<\/p>\n<h2>Vari\u00e9t\u00e9 rare de buis suspendu artificiel<\/h2>\n<p>Trouver la plante ornementale parfaite pour le jardin peut \u00eatre une question de go\u00fbt, de praticit\u00e9, de r\u00e9sistance et de niveau d&rsquo;entretien. Le buis, ou <em>Buxus<\/em> , est l&rsquo;un des arbustes les plus attrayants du march\u00e9 avec un large \u00e9ventail d&rsquo;utilisations dans le paysage. Les types d&rsquo;arbustes de buis peuvent \u00eatre utilis\u00e9s comme bonsa\u00ef, plantes en pot, haies et plantes suspendues.<\/p>\n<h2>La plante de buis pour des situations uniques<\/h2>\n<p>Pour vous amuser vraiment, jetez un \u0153il \u00e0 certaines des esp\u00e8ces et <a href=\"https:\/\/decoplanta.com\/plantas-de-exterior-artificiales\/arbol-boj-esfera-con-macetero\/\" target=\"_blank\" rel=\"noopener\">vari\u00e9t\u00e9s de buis<\/a> les moins courantes.<\/p>\n<p>Dans le jardinage vertical, ils offrent un int\u00e9r\u00eat architectural et peuvent toujours supporter une tonte fr\u00e9quente pour garder la plante dans une habitude qui convient \u00e0 vos besoins de jardinage. Ces types de buis sont une d\u00e9claration royale et forment des couvertures soign\u00e9es pour la confidentialit\u00e9 et la d\u00e9tection.<\/p>\n<p>Les buis montagnards et nains sont des arbustes confortables pour une verdure instantan\u00e9e et un remplissage autour des vivaces avec une pratique \u00e0 feuilles persistantes.<\/p>\n<p>Certains des plus gros buis sont parfaits pour les \u00e9crans d&rsquo;intimit\u00e9 et les haies, mais il existe \u00e9galement des arbustes de taille moyenne qui ont une texture int\u00e9ressante et une r\u00e9sistance sup\u00e9rieure.<\/p>\n<p>Ils sont vendus en bo\u00eetes indivisibles de 6 unit\u00e9s. Prix unitaire dans le catalogue.<\/p>\n","protected":false},"excerpt":{"rendered":"<p>CHUTE D&rsquo;BUIS artificielle 75 cm de long avec 6 branches. Un r\u00e9gal pour les yeux, il ne n\u00e9cessite aucun entretien et reste beau toute l&rsquo;ann\u00e9e. Vous pouvez le poser directement sur les murs et les plafonds, le fixer sur des plaques de jardin verticales ou le combiner avec des plantes naturelles. Ils sont vendus en bo\u00eetes indivisibles de 6 unit\u00e9s. Prix unitaire dans <a href=\"https:\/\/decoplanta.com\/catalogo\/TarifsDecoplanta-CatalogueDistributeurs-HR-FR.pdf\" target=\"_blank\" rel=\"noopener\">le catalogue<\/a> .<\/p>\n<table>\n<tbody>\n<tr>\n<td><strong>R\u00c9F<\/strong><\/td>\n<td><strong>HAUTEUR<\/strong><\/td>\n<\/tr>\n<tr>\n<td><strong>419272<\/strong><\/td>\n<td>75 cm<\/td>\n<\/tr>\n<\/tbody>\n<\/table>\n","protected":false},"featured_media":2629,"template":"","meta":{"_monsterinsights_skip_tracking":false,"_monsterinsights_sitenote_active":false,"_monsterinsights_sitenote_note":"","_monsterinsights_sitenote_category":0},"product_brand":[],"product_cat":[249],"product_tag":[],"class_list":{"0":"post-3500","1":"product","2":"type-product","3":"status-publish","4":"has-post-thumbnail","6":"product_cat-plantes-suspendues-artificielles","7":"","8":"woocommerce-text-align-center","9":"woocommerce-image-align-center","10":"do-quantity-buttons","12":"first","13":"instock","14":"taxable","15":"shipping-taxable","16":"purchasable","17":"product-type-simple"},"yoast_head":"<!-- This site is optimized with the Yoast SEO plugin v27.3 - https:\/\/yoast.com\/product\/yoast-seo-wordpress\/ -->\n<title>CHUTE D&#039;BUIS artificielle - Haut r\u00e9alisme en d\u00e9coration d&#039;int\u00e9rieur<\/title>\n<meta name=\"description\" content=\"CHUTE D&#039;BUIS artificielle de 75 cm de long pour d\u00e9corer les int\u00e9rieurs. Plante suspendue artificielle sans entretien de grand r\u00e9alisme\" \/>\n<meta name=\"robots\" content=\"index, follow, max-snippet:-1, max-image-preview:large, max-video-preview:-1\" \/>\n<link rel=\"canonical\" href=\"https:\/\/decoplanta.com\/fr\/plantes-suspendues-artificielles\/buis-suspension-plante\/\" \/>\n<meta property=\"og:locale\" content=\"fr_FR\" \/>\n<meta property=\"og:type\" content=\"article\" \/>\n<meta property=\"og:title\" content=\"CHUTE D&#039;BUIS artificielle - Haut r\u00e9alisme en d\u00e9coration d&#039;int\u00e9rieur\" \/>\n<meta property=\"og:description\" content=\"CHUTE D&#039;BUIS artificielle de 75 cm de long pour d\u00e9corer les int\u00e9rieurs. Plante suspendue artificielle sans entretien de grand r\u00e9alisme\" \/>\n<meta property=\"og:url\" content=\"https:\/\/decoplanta.com\/fr\/plantes-suspendues-artificielles\/buis-suspension-plante\/\" \/>\n<meta property=\"og:site_name\" content=\"PLANTES ET ARBRES ARTIFICIELS TR\u00c8S R\u00c9ALISTES\" \/>\n<meta property=\"article:modified_time\" content=\"2021-12-25T07:40:12+00:00\" \/>\n<meta property=\"og:image\" content=\"https:\/\/decoplanta.com\/wp-content\/uploads\/2021\/03\/419272-Planta_Colgante-BOJ-1.jpg\" \/>\n\t<meta property=\"og:image:width\" content=\"2048\" \/>\n\t<meta property=\"og:image:height\" content=\"2048\" \/>\n\t<meta property=\"og:image:type\" content=\"image\/jpeg\" \/>\n<meta name=\"twitter:card\" content=\"summary_large_image\" \/>\n<meta name=\"twitter:label1\" content=\"Dur\u00e9e de lecture estim\u00e9e\" \/>\n\t<meta name=\"twitter:data1\" content=\"2 minutes\" \/>\n<script type=\"application\/ld+json\" class=\"yoast-schema-graph\">{\"@context\":\"https:\\\/\\\/schema.org\",\"@graph\":[{\"@type\":\"WebPage\",\"@id\":\"https:\\\/\\\/decoplanta.com\\\/fr\\\/plantes-suspendues-artificielles\\\/buis-suspension-plante\\\/\",\"url\":\"https:\\\/\\\/decoplanta.com\\\/fr\\\/plantes-suspendues-artificielles\\\/buis-suspension-plante\\\/\",\"name\":\"CHUTE D'BUIS artificielle - Haut r\u00e9alisme en d\u00e9coration d'int\u00e9rieur\",\"isPartOf\":{\"@id\":\"https:\\\/\\\/decoplanta.com\\\/fr\\\/#website\"},\"primaryImageOfPage\":{\"@id\":\"https:\\\/\\\/decoplanta.com\\\/fr\\\/plantes-suspendues-artificielles\\\/buis-suspension-plante\\\/#primaryimage\"},\"image\":{\"@id\":\"https:\\\/\\\/decoplanta.com\\\/fr\\\/plantes-suspendues-artificielles\\\/buis-suspension-plante\\\/#primaryimage\"},\"thumbnailUrl\":\"https:\\\/\\\/decoplanta.com\\\/wp-content\\\/uploads\\\/2021\\\/03\\\/419272-Planta_Colgante-BOJ-1.jpg\",\"datePublished\":\"2021-12-23T05:47:34+00:00\",\"dateModified\":\"2021-12-25T07:40:12+00:00\",\"description\":\"CHUTE D'BUIS artificielle de 75 cm de long pour d\u00e9corer les int\u00e9rieurs. Plante suspendue artificielle sans entretien de grand r\u00e9alisme\",\"breadcrumb\":{\"@id\":\"https:\\\/\\\/decoplanta.com\\\/fr\\\/plantes-suspendues-artificielles\\\/buis-suspension-plante\\\/#breadcrumb\"},\"inLanguage\":\"fr-FR\",\"potentialAction\":[{\"@type\":\"ReadAction\",\"target\":[\"https:\\\/\\\/decoplanta.com\\\/fr\\\/plantes-suspendues-artificielles\\\/buis-suspension-plante\\\/\"]}]},{\"@type\":\"ImageObject\",\"inLanguage\":\"fr-FR\",\"@id\":\"https:\\\/\\\/decoplanta.com\\\/fr\\\/plantes-suspendues-artificielles\\\/buis-suspension-plante\\\/#primaryimage\",\"url\":\"https:\\\/\\\/decoplanta.com\\\/wp-content\\\/uploads\\\/2021\\\/03\\\/419272-Planta_Colgante-BOJ-1.jpg\",\"contentUrl\":\"https:\\\/\\\/decoplanta.com\\\/wp-content\\\/uploads\\\/2021\\\/03\\\/419272-Planta_Colgante-BOJ-1.jpg\",\"width\":2048,\"height\":2048,\"caption\":\"CHUTE D'BUIS artificielle 75 cm de long\"},{\"@type\":\"BreadcrumbList\",\"@id\":\"https:\\\/\\\/decoplanta.com\\\/fr\\\/plantes-suspendues-artificielles\\\/buis-suspension-plante\\\/#breadcrumb\",\"itemListElement\":[{\"@type\":\"ListItem\",\"position\":1,\"name\":\"Portada\",\"item\":\"https:\\\/\\\/decoplanta.com\\\/fr\\\/\"},{\"@type\":\"ListItem\",\"position\":2,\"name\":\"Priv\u00e9\u00a0: Tienda\",\"item\":\"https:\\\/\\\/decoplanta.com\\\/?page_id=377\"},{\"@type\":\"ListItem\",\"position\":3,\"name\":\"CHUTE D&#8217;BUIS\"}]},{\"@type\":\"WebSite\",\"@id\":\"https:\\\/\\\/decoplanta.com\\\/fr\\\/#website\",\"url\":\"https:\\\/\\\/decoplanta.com\\\/fr\\\/\",\"name\":\"PLANTES ET ARBRES ARTIFICIELS TR\u00c8S R\u00c9ALISTES\",\"description\":\"Proveedor de Plantas artificiales para estudios de Arquitectura, Interiorismo, Paisajismo, Escenograf\u00eda, Tiendas de Decoraci\u00f3n Florister\u00edas y Mobiliario\",\"publisher\":{\"@id\":\"https:\\\/\\\/decoplanta.com\\\/fr\\\/#organization\"},\"potentialAction\":[{\"@type\":\"SearchAction\",\"target\":{\"@type\":\"EntryPoint\",\"urlTemplate\":\"https:\\\/\\\/decoplanta.com\\\/fr\\\/?s={search_term_string}\"},\"query-input\":{\"@type\":\"PropertyValueSpecification\",\"valueRequired\":true,\"valueName\":\"search_term_string\"}}],\"inLanguage\":\"fr-FR\"},{\"@type\":\"Organization\",\"@id\":\"https:\\\/\\\/decoplanta.com\\\/fr\\\/#organization\",\"name\":\"PLANTES ET ARBRES ARTIFICIELS TR\u00c8S R\u00c9ALISTES\",\"url\":\"https:\\\/\\\/decoplanta.com\\\/fr\\\/\",\"logo\":{\"@type\":\"ImageObject\",\"inLanguage\":\"fr-FR\",\"@id\":\"https:\\\/\\\/decoplanta.com\\\/fr\\\/#\\\/schema\\\/logo\\\/image\\\/\",\"url\":\"https:\\\/\\\/decoplanta.com\\\/wp-content\\\/uploads\\\/2021\\\/02\\\/decoplanta-logo2020.svg\",\"contentUrl\":\"https:\\\/\\\/decoplanta.com\\\/wp-content\\\/uploads\\\/2021\\\/02\\\/decoplanta-logo2020.svg\",\"width\":500,\"height\":500,\"caption\":\"PLANTES ET ARBRES ARTIFICIELS TR\u00c8S R\u00c9ALISTES\"},\"image\":{\"@id\":\"https:\\\/\\\/decoplanta.com\\\/fr\\\/#\\\/schema\\\/logo\\\/image\\\/\"}}]}<\/script>\n<!-- \/ Yoast SEO plugin. -->","yoast_head_json":{"title":"CHUTE D'BUIS artificielle - Haut r\u00e9alisme en d\u00e9coration d'int\u00e9rieur","description":"CHUTE D'BUIS artificielle de 75 cm de long pour d\u00e9corer les int\u00e9rieurs. Plante suspendue artificielle sans entretien de grand r\u00e9alisme","robots":{"index":"index","follow":"follow","max-snippet":"max-snippet:-1","max-image-preview":"max-image-preview:large","max-video-preview":"max-video-preview:-1"},"canonical":"https:\/\/decoplanta.com\/fr\/plantes-suspendues-artificielles\/buis-suspension-plante\/","og_locale":"fr_FR","og_type":"article","og_title":"CHUTE D'BUIS artificielle - Haut r\u00e9alisme en d\u00e9coration d'int\u00e9rieur","og_description":"CHUTE D'BUIS artificielle de 75 cm de long pour d\u00e9corer les int\u00e9rieurs. Plante suspendue artificielle sans entretien de grand r\u00e9alisme","og_url":"https:\/\/decoplanta.com\/fr\/plantes-suspendues-artificielles\/buis-suspension-plante\/","og_site_name":"PLANTES ET ARBRES ARTIFICIELS TR\u00c8S R\u00c9ALISTES","article_modified_time":"2021-12-25T07:40:12+00:00","og_image":[{"width":2048,"height":2048,"url":"https:\/\/decoplanta.com\/wp-content\/uploads\/2021\/03\/419272-Planta_Colgante-BOJ-1.jpg","type":"image\/jpeg"}],"twitter_card":"summary_large_image","twitter_misc":{"Dur\u00e9e de lecture estim\u00e9e":"2 minutes"},"schema":{"@context":"https:\/\/schema.org","@graph":[{"@type":"WebPage","@id":"https:\/\/decoplanta.com\/fr\/plantes-suspendues-artificielles\/buis-suspension-plante\/","url":"https:\/\/decoplanta.com\/fr\/plantes-suspendues-artificielles\/buis-suspension-plante\/","name":"CHUTE D'BUIS artificielle - Haut r\u00e9alisme en d\u00e9coration d'int\u00e9rieur","isPartOf":{"@id":"https:\/\/decoplanta.com\/fr\/#website"},"primaryImageOfPage":{"@id":"https:\/\/decoplanta.com\/fr\/plantes-suspendues-artificielles\/buis-suspension-plante\/#primaryimage"},"image":{"@id":"https:\/\/decoplanta.com\/fr\/plantes-suspendues-artificielles\/buis-suspension-plante\/#primaryimage"},"thumbnailUrl":"https:\/\/decoplanta.com\/wp-content\/uploads\/2021\/03\/419272-Planta_Colgante-BOJ-1.jpg","datePublished":"2021-12-23T05:47:34+00:00","dateModified":"2021-12-25T07:40:12+00:00","description":"CHUTE D'BUIS artificielle de 75 cm de long pour d\u00e9corer les int\u00e9rieurs. Plante suspendue artificielle sans entretien de grand r\u00e9alisme","breadcrumb":{"@id":"https:\/\/decoplanta.com\/fr\/plantes-suspendues-artificielles\/buis-suspension-plante\/#breadcrumb"},"inLanguage":"fr-FR","potentialAction":[{"@type":"ReadAction","target":["https:\/\/decoplanta.com\/fr\/plantes-suspendues-artificielles\/buis-suspension-plante\/"]}]},{"@type":"ImageObject","inLanguage":"fr-FR","@id":"https:\/\/decoplanta.com\/fr\/plantes-suspendues-artificielles\/buis-suspension-plante\/#primaryimage","url":"https:\/\/decoplanta.com\/wp-content\/uploads\/2021\/03\/419272-Planta_Colgante-BOJ-1.jpg","contentUrl":"https:\/\/decoplanta.com\/wp-content\/uploads\/2021\/03\/419272-Planta_Colgante-BOJ-1.jpg","width":2048,"height":2048,"caption":"CHUTE D'BUIS artificielle 75 cm de long"},{"@type":"BreadcrumbList","@id":"https:\/\/decoplanta.com\/fr\/plantes-suspendues-artificielles\/buis-suspension-plante\/#breadcrumb","itemListElement":[{"@type":"ListItem","position":1,"name":"Portada","item":"https:\/\/decoplanta.com\/fr\/"},{"@type":"ListItem","position":2,"name":"Priv\u00e9\u00a0: Tienda","item":"https:\/\/decoplanta.com\/?page_id=377"},{"@type":"ListItem","position":3,"name":"CHUTE D&#8217;BUIS"}]},{"@type":"WebSite","@id":"https:\/\/decoplanta.com\/fr\/#website","url":"https:\/\/decoplanta.com\/fr\/","name":"PLANTES ET ARBRES ARTIFICIELS TR\u00c8S R\u00c9ALISTES","description":"Proveedor de Plantas artificiales para estudios de Arquitectura, Interiorismo, Paisajismo, Escenograf\u00eda, Tiendas de Decoraci\u00f3n Florister\u00edas y Mobiliario","publisher":{"@id":"https:\/\/decoplanta.com\/fr\/#organization"},"potentialAction":[{"@type":"SearchAction","target":{"@type":"EntryPoint","urlTemplate":"https:\/\/decoplanta.com\/fr\/?s={search_term_string}"},"query-input":{"@type":"PropertyValueSpecification","valueRequired":true,"valueName":"search_term_string"}}],"inLanguage":"fr-FR"},{"@type":"Organization","@id":"https:\/\/decoplanta.com\/fr\/#organization","name":"PLANTES ET ARBRES ARTIFICIELS TR\u00c8S R\u00c9ALISTES","url":"https:\/\/decoplanta.com\/fr\/","logo":{"@type":"ImageObject","inLanguage":"fr-FR","@id":"https:\/\/decoplanta.com\/fr\/#\/schema\/logo\/image\/","url":"https:\/\/decoplanta.com\/wp-content\/uploads\/2021\/02\/decoplanta-logo2020.svg","contentUrl":"https:\/\/decoplanta.com\/wp-content\/uploads\/2021\/02\/decoplanta-logo2020.svg","width":500,"height":500,"caption":"PLANTES ET ARBRES ARTIFICIELS TR\u00c8S R\u00c9ALISTES"},"image":{"@id":"https:\/\/decoplanta.com\/fr\/#\/schema\/logo\/image\/"}}]}},"_links":{"self":[{"href":"https:\/\/decoplanta.com\/fr\/wp-json\/wp\/v2\/product\/3500","targetHints":{"allow":["GET"]}}],"collection":[{"href":"https:\/\/decoplanta.com\/fr\/wp-json\/wp\/v2\/product"}],"about":[{"href":"https:\/\/decoplanta.com\/fr\/wp-json\/wp\/v2\/types\/product"}],"version-history":[{"count":0,"href":"https:\/\/decoplanta.com\/fr\/wp-json\/wp\/v2\/product\/3500\/revisions"}],"wp:featuredmedia":[{"embeddable":true,"href":"https:\/\/decoplanta.com\/fr\/wp-json\/wp\/v2\/media\/2629"}],"wp:attachment":[{"href":"https:\/\/decoplanta.com\/fr\/wp-json\/wp\/v2\/media?parent=3500"}],"wp:term":[{"taxonomy":"product_brand","embeddable":true,"href":"https:\/\/decoplanta.com\/fr\/wp-json\/wp\/v2\/product_brand?post=3500"},{"taxonomy":"product_cat","embeddable":true,"href":"https:\/\/decoplanta.com\/fr\/wp-json\/wp\/v2\/product_cat?post=3500"},{"taxonomy":"product_tag","embeddable":true,"href":"https:\/\/decoplanta.com\/fr\/wp-json\/wp\/v2\/product_tag?post=3500"}],"curies":[{"name":"wp","href":"https:\/\/api.w.org\/{rel}","templated":true}]}}