{"id":3530,"date":"2021-03-19T12:47:56","date_gmt":"2021-12-24T08:11:57","guid":{"rendered":"https:\/\/decoplanta.com\/non%20class\u00e9\/chute-dasparagus-setaceus-en-pot\/"},"modified":"2022-04-18T15:07:07","modified_gmt":"2022-04-18T14:07:07","slug":"chute-de-asparagus-setaceus-en-pot","status":"publish","type":"product","link":"https:\/\/decoplanta.com\/fr\/plantes-suspendues-au-plafond-jardin-suspendu\/chute-de-asparagus-setaceus-en-pot\/","title":{"rendered":"Chute d&rsquo;ASPARAGUS SETACEUS en POT"},"content":{"rendered":"<p>L&rsquo;Asparagus Setaceus est commun\u00e9ment appel\u00e9 \u00ab\u00a0Mousse de mer \u00bb, elle est originaire d&rsquo;Afrique du Sud. Ses tiges fines lui donnent un aspect plumeux tr\u00e8s d\u00e9coratif. Grande plante suspendue au plafond loungue de 80 cm dans un magnifique pot suspendu en terre cuite vieillie de 16 cm La hauteur totale est d&rsquo;environ 105 cm. Ils sont vendus en bo\u00eetes indivisibles de 3 unit\u00e9s. Prix unitaire dans le catalogue.<\/p>\n","protected":false},"excerpt":{"rendered":"<p>L&rsquo;Asparagus Setaceus est commun\u00e9ment appel\u00e9 \u00ab\u00a0Mousse de mer \u00bb, elle est originaire d&rsquo;Afrique du Sud. Ses tiges fines lui donnent un aspect plumeux tr\u00e8s d\u00e9coratif. Grande plante suspendue au plafond loungue de 80 cm dans un magnifique pot suspendu en terre cuite vieillie de 16 cm La hauteur totale est d&rsquo;environ 105 cm. Ils sont vendus en bo\u00eetes indivisibles de 3 unit\u00e9s. Prix unitaire dans <a href=\"https:\/\/decoplanta.com\/catalogo\/TarifsDecoplanta-CatalogueDistributeurs-HR-FR.pdf\" target=\"_blank\" rel=\"noopener\">le catalogue<\/a> .<\/p>\n<table>\n<tbody>\n<tr>\n<td><strong>R\u00c9F<\/strong><\/td>\n<td><strong>HAUTEUR<\/strong><\/td>\n<\/tr>\n<tr>\n<td><strong>420808<\/strong><\/td>\n<td>80 cm<\/td>\n<\/tr>\n<\/tbody>\n<\/table>\n","protected":false},"featured_media":2582,"template":"","meta":{"_monsterinsights_skip_tracking":false,"_monsterinsights_sitenote_active":false,"_monsterinsights_sitenote_note":"","_monsterinsights_sitenote_category":0},"product_brand":[],"product_cat":[374],"product_tag":[269,278],"class_list":{"0":"post-3530","1":"product","2":"type-product","3":"status-publish","4":"has-post-thumbnail","6":"product_cat-plantes-suspendues-au-plafond-jardin-suspendu","7":"product_tag-fougere-dinterieur","8":"product_tag-plante-tropicale","9":"","10":"woocommerce-text-align-center","11":"woocommerce-image-align-center","12":"do-quantity-buttons","14":"first","15":"instock","16":"taxable","17":"shipping-taxable","18":"purchasable","19":"product-type-simple"},"yoast_head":"<!-- This site is optimized with the Yoast SEO plugin v27.4 - https:\/\/yoast.com\/product\/yoast-seo-wordpress\/ -->\n<title>Chute d&#039;ASPARAGUS SETACEUS en POT artificiel - Haut r\u00e9alisme<\/title>\n<meta name=\"description\" content=\"Chute d&#039;ASPARAGUS SETACEUS en POT artificiel. Commun\u00e9ment appel\u00e9 &quot;Mousse de mer&quot; - Haut r\u00e9alisme - 80cm en pot en terre cuite vieillie\" \/>\n<meta name=\"robots\" content=\"index, follow, max-snippet:-1, max-image-preview:large, max-video-preview:-1\" \/>\n<link rel=\"canonical\" href=\"https:\/\/decoplanta.com\/fr\/plantes-suspendues-au-plafond-jardin-suspendu\/chute-de-asparagus-setaceus-en-pot\/\" \/>\n<meta property=\"og:locale\" content=\"fr_FR\" \/>\n<meta property=\"og:type\" content=\"article\" \/>\n<meta property=\"og:title\" content=\"Chute d&#039;ASPARAGUS SETACEUS en POT artificiel - Haut r\u00e9alisme\" \/>\n<meta property=\"og:description\" content=\"Chute d&#039;ASPARAGUS SETACEUS en POT artificiel. Commun\u00e9ment appel\u00e9 &quot;Mousse de mer&quot; - Haut r\u00e9alisme - 80cm en pot en terre cuite vieillie\" \/>\n<meta property=\"og:url\" content=\"https:\/\/decoplanta.com\/fr\/plantes-suspendues-au-plafond-jardin-suspendu\/chute-de-asparagus-setaceus-en-pot\/\" \/>\n<meta property=\"og:site_name\" content=\"PLANTES ET ARBRES ARTIFICIELS TR\u00c8S R\u00c9ALISTES\" \/>\n<meta property=\"article:modified_time\" content=\"2022-04-18T14:07:07+00:00\" \/>\n<meta property=\"og:image\" content=\"https:\/\/decoplanta.com\/wp-content\/uploads\/2021\/03\/420808-HELECHO_PLUMOSO_Colgante_de_techo.jpg\" \/>\n\t<meta property=\"og:image:width\" content=\"2150\" \/>\n\t<meta property=\"og:image:height\" content=\"2150\" \/>\n\t<meta property=\"og:image:type\" content=\"image\/jpeg\" \/>\n<meta name=\"twitter:card\" content=\"summary_large_image\" \/>\n<script type=\"application\/ld+json\" class=\"yoast-schema-graph\">{\"@context\":\"https:\\\/\\\/schema.org\",\"@graph\":[{\"@type\":\"WebPage\",\"@id\":\"https:\\\/\\\/decoplanta.com\\\/fr\\\/plantes-suspendues-au-plafond-jardin-suspendu\\\/chute-de-asparagus-setaceus-en-pot\\\/\",\"url\":\"https:\\\/\\\/decoplanta.com\\\/fr\\\/plantes-suspendues-au-plafond-jardin-suspendu\\\/chute-de-asparagus-setaceus-en-pot\\\/\",\"name\":\"Chute d'ASPARAGUS SETACEUS en POT artificiel - Haut r\u00e9alisme\",\"isPartOf\":{\"@id\":\"https:\\\/\\\/decoplanta.com\\\/fr\\\/#website\"},\"primaryImageOfPage\":{\"@id\":\"https:\\\/\\\/decoplanta.com\\\/fr\\\/plantes-suspendues-au-plafond-jardin-suspendu\\\/chute-de-asparagus-setaceus-en-pot\\\/#primaryimage\"},\"image\":{\"@id\":\"https:\\\/\\\/decoplanta.com\\\/fr\\\/plantes-suspendues-au-plafond-jardin-suspendu\\\/chute-de-asparagus-setaceus-en-pot\\\/#primaryimage\"},\"thumbnailUrl\":\"https:\\\/\\\/decoplanta.com\\\/wp-content\\\/uploads\\\/2021\\\/03\\\/420808-HELECHO_PLUMOSO_Colgante_de_techo.jpg\",\"datePublished\":\"2021-12-24T08:11:57+00:00\",\"dateModified\":\"2022-04-18T14:07:07+00:00\",\"description\":\"Chute d'ASPARAGUS SETACEUS en POT artificiel. Commun\u00e9ment appel\u00e9 \\\"Mousse de mer\\\" - Haut r\u00e9alisme - 80cm en pot en terre cuite vieillie\",\"breadcrumb\":{\"@id\":\"https:\\\/\\\/decoplanta.com\\\/fr\\\/plantes-suspendues-au-plafond-jardin-suspendu\\\/chute-de-asparagus-setaceus-en-pot\\\/#breadcrumb\"},\"inLanguage\":\"fr-FR\",\"potentialAction\":[{\"@type\":\"ReadAction\",\"target\":[\"https:\\\/\\\/decoplanta.com\\\/fr\\\/plantes-suspendues-au-plafond-jardin-suspendu\\\/chute-de-asparagus-setaceus-en-pot\\\/\"]}]},{\"@type\":\"ImageObject\",\"inLanguage\":\"fr-FR\",\"@id\":\"https:\\\/\\\/decoplanta.com\\\/fr\\\/plantes-suspendues-au-plafond-jardin-suspendu\\\/chute-de-asparagus-setaceus-en-pot\\\/#primaryimage\",\"url\":\"https:\\\/\\\/decoplanta.com\\\/wp-content\\\/uploads\\\/2021\\\/03\\\/420808-HELECHO_PLUMOSO_Colgante_de_techo.jpg\",\"contentUrl\":\"https:\\\/\\\/decoplanta.com\\\/wp-content\\\/uploads\\\/2021\\\/03\\\/420808-HELECHO_PLUMOSO_Colgante_de_techo.jpg\",\"width\":2150,\"height\":2150,\"caption\":\"Chute d'ASPARAGUS SETACEUS en POT artificiel\"},{\"@type\":\"BreadcrumbList\",\"@id\":\"https:\\\/\\\/decoplanta.com\\\/fr\\\/plantes-suspendues-au-plafond-jardin-suspendu\\\/chute-de-asparagus-setaceus-en-pot\\\/#breadcrumb\",\"itemListElement\":[{\"@type\":\"ListItem\",\"position\":1,\"name\":\"Portada\",\"item\":\"https:\\\/\\\/decoplanta.com\\\/fr\\\/\"},{\"@type\":\"ListItem\",\"position\":2,\"name\":\"Priv\u00e9\u00a0: Tienda\",\"item\":\"https:\\\/\\\/decoplanta.com\\\/?page_id=377\"},{\"@type\":\"ListItem\",\"position\":3,\"name\":\"Chute d&#8217;ASPARAGUS SETACEUS en POT\"}]},{\"@type\":\"WebSite\",\"@id\":\"https:\\\/\\\/decoplanta.com\\\/fr\\\/#website\",\"url\":\"https:\\\/\\\/decoplanta.com\\\/fr\\\/\",\"name\":\"PLANTES ET ARBRES ARTIFICIELS TR\u00c8S R\u00c9ALISTES\",\"description\":\"Proveedor de Plantas artificiales para estudios de Arquitectura, Interiorismo, Paisajismo, Escenograf\u00eda, Tiendas de Decoraci\u00f3n Florister\u00edas y Mobiliario\",\"publisher\":{\"@id\":\"https:\\\/\\\/decoplanta.com\\\/fr\\\/#organization\"},\"potentialAction\":[{\"@type\":\"SearchAction\",\"target\":{\"@type\":\"EntryPoint\",\"urlTemplate\":\"https:\\\/\\\/decoplanta.com\\\/fr\\\/?s={search_term_string}\"},\"query-input\":{\"@type\":\"PropertyValueSpecification\",\"valueRequired\":true,\"valueName\":\"search_term_string\"}}],\"inLanguage\":\"fr-FR\"},{\"@type\":\"Organization\",\"@id\":\"https:\\\/\\\/decoplanta.com\\\/fr\\\/#organization\",\"name\":\"PLANTES ET ARBRES ARTIFICIELS TR\u00c8S R\u00c9ALISTES\",\"url\":\"https:\\\/\\\/decoplanta.com\\\/fr\\\/\",\"logo\":{\"@type\":\"ImageObject\",\"inLanguage\":\"fr-FR\",\"@id\":\"https:\\\/\\\/decoplanta.com\\\/fr\\\/#\\\/schema\\\/logo\\\/image\\\/\",\"url\":\"https:\\\/\\\/decoplanta.com\\\/wp-content\\\/uploads\\\/2021\\\/02\\\/decoplanta-logo2020.svg\",\"contentUrl\":\"https:\\\/\\\/decoplanta.com\\\/wp-content\\\/uploads\\\/2021\\\/02\\\/decoplanta-logo2020.svg\",\"width\":500,\"height\":500,\"caption\":\"PLANTES ET ARBRES ARTIFICIELS TR\u00c8S R\u00c9ALISTES\"},\"image\":{\"@id\":\"https:\\\/\\\/decoplanta.com\\\/fr\\\/#\\\/schema\\\/logo\\\/image\\\/\"}}]}<\/script>\n<!-- \/ Yoast SEO plugin. -->","yoast_head_json":{"title":"Chute d'ASPARAGUS SETACEUS en POT artificiel - Haut r\u00e9alisme","description":"Chute d'ASPARAGUS SETACEUS en POT artificiel. Commun\u00e9ment appel\u00e9 \"Mousse de mer\" - Haut r\u00e9alisme - 80cm en pot en terre cuite vieillie","robots":{"index":"index","follow":"follow","max-snippet":"max-snippet:-1","max-image-preview":"max-image-preview:large","max-video-preview":"max-video-preview:-1"},"canonical":"https:\/\/decoplanta.com\/fr\/plantes-suspendues-au-plafond-jardin-suspendu\/chute-de-asparagus-setaceus-en-pot\/","og_locale":"fr_FR","og_type":"article","og_title":"Chute d'ASPARAGUS SETACEUS en POT artificiel - Haut r\u00e9alisme","og_description":"Chute d'ASPARAGUS SETACEUS en POT artificiel. Commun\u00e9ment appel\u00e9 \"Mousse de mer\" - Haut r\u00e9alisme - 80cm en pot en terre cuite vieillie","og_url":"https:\/\/decoplanta.com\/fr\/plantes-suspendues-au-plafond-jardin-suspendu\/chute-de-asparagus-setaceus-en-pot\/","og_site_name":"PLANTES ET ARBRES ARTIFICIELS TR\u00c8S R\u00c9ALISTES","article_modified_time":"2022-04-18T14:07:07+00:00","og_image":[{"width":2150,"height":2150,"url":"https:\/\/decoplanta.com\/wp-content\/uploads\/2021\/03\/420808-HELECHO_PLUMOSO_Colgante_de_techo.jpg","type":"image\/jpeg"}],"twitter_card":"summary_large_image","schema":{"@context":"https:\/\/schema.org","@graph":[{"@type":"WebPage","@id":"https:\/\/decoplanta.com\/fr\/plantes-suspendues-au-plafond-jardin-suspendu\/chute-de-asparagus-setaceus-en-pot\/","url":"https:\/\/decoplanta.com\/fr\/plantes-suspendues-au-plafond-jardin-suspendu\/chute-de-asparagus-setaceus-en-pot\/","name":"Chute d'ASPARAGUS SETACEUS en POT artificiel - Haut r\u00e9alisme","isPartOf":{"@id":"https:\/\/decoplanta.com\/fr\/#website"},"primaryImageOfPage":{"@id":"https:\/\/decoplanta.com\/fr\/plantes-suspendues-au-plafond-jardin-suspendu\/chute-de-asparagus-setaceus-en-pot\/#primaryimage"},"image":{"@id":"https:\/\/decoplanta.com\/fr\/plantes-suspendues-au-plafond-jardin-suspendu\/chute-de-asparagus-setaceus-en-pot\/#primaryimage"},"thumbnailUrl":"https:\/\/decoplanta.com\/wp-content\/uploads\/2021\/03\/420808-HELECHO_PLUMOSO_Colgante_de_techo.jpg","datePublished":"2021-12-24T08:11:57+00:00","dateModified":"2022-04-18T14:07:07+00:00","description":"Chute d'ASPARAGUS SETACEUS en POT artificiel. Commun\u00e9ment appel\u00e9 \"Mousse de mer\" - Haut r\u00e9alisme - 80cm en pot en terre cuite vieillie","breadcrumb":{"@id":"https:\/\/decoplanta.com\/fr\/plantes-suspendues-au-plafond-jardin-suspendu\/chute-de-asparagus-setaceus-en-pot\/#breadcrumb"},"inLanguage":"fr-FR","potentialAction":[{"@type":"ReadAction","target":["https:\/\/decoplanta.com\/fr\/plantes-suspendues-au-plafond-jardin-suspendu\/chute-de-asparagus-setaceus-en-pot\/"]}]},{"@type":"ImageObject","inLanguage":"fr-FR","@id":"https:\/\/decoplanta.com\/fr\/plantes-suspendues-au-plafond-jardin-suspendu\/chute-de-asparagus-setaceus-en-pot\/#primaryimage","url":"https:\/\/decoplanta.com\/wp-content\/uploads\/2021\/03\/420808-HELECHO_PLUMOSO_Colgante_de_techo.jpg","contentUrl":"https:\/\/decoplanta.com\/wp-content\/uploads\/2021\/03\/420808-HELECHO_PLUMOSO_Colgante_de_techo.jpg","width":2150,"height":2150,"caption":"Chute d'ASPARAGUS SETACEUS en POT artificiel"},{"@type":"BreadcrumbList","@id":"https:\/\/decoplanta.com\/fr\/plantes-suspendues-au-plafond-jardin-suspendu\/chute-de-asparagus-setaceus-en-pot\/#breadcrumb","itemListElement":[{"@type":"ListItem","position":1,"name":"Portada","item":"https:\/\/decoplanta.com\/fr\/"},{"@type":"ListItem","position":2,"name":"Priv\u00e9\u00a0: Tienda","item":"https:\/\/decoplanta.com\/?page_id=377"},{"@type":"ListItem","position":3,"name":"Chute d&#8217;ASPARAGUS SETACEUS en POT"}]},{"@type":"WebSite","@id":"https:\/\/decoplanta.com\/fr\/#website","url":"https:\/\/decoplanta.com\/fr\/","name":"PLANTES ET ARBRES ARTIFICIELS TR\u00c8S R\u00c9ALISTES","description":"Proveedor de Plantas artificiales para estudios de Arquitectura, Interiorismo, Paisajismo, Escenograf\u00eda, Tiendas de Decoraci\u00f3n Florister\u00edas y Mobiliario","publisher":{"@id":"https:\/\/decoplanta.com\/fr\/#organization"},"potentialAction":[{"@type":"SearchAction","target":{"@type":"EntryPoint","urlTemplate":"https:\/\/decoplanta.com\/fr\/?s={search_term_string}"},"query-input":{"@type":"PropertyValueSpecification","valueRequired":true,"valueName":"search_term_string"}}],"inLanguage":"fr-FR"},{"@type":"Organization","@id":"https:\/\/decoplanta.com\/fr\/#organization","name":"PLANTES ET ARBRES ARTIFICIELS TR\u00c8S R\u00c9ALISTES","url":"https:\/\/decoplanta.com\/fr\/","logo":{"@type":"ImageObject","inLanguage":"fr-FR","@id":"https:\/\/decoplanta.com\/fr\/#\/schema\/logo\/image\/","url":"https:\/\/decoplanta.com\/wp-content\/uploads\/2021\/02\/decoplanta-logo2020.svg","contentUrl":"https:\/\/decoplanta.com\/wp-content\/uploads\/2021\/02\/decoplanta-logo2020.svg","width":500,"height":500,"caption":"PLANTES ET ARBRES ARTIFICIELS TR\u00c8S R\u00c9ALISTES"},"image":{"@id":"https:\/\/decoplanta.com\/fr\/#\/schema\/logo\/image\/"}}]}},"_links":{"self":[{"href":"https:\/\/decoplanta.com\/fr\/wp-json\/wp\/v2\/product\/3530","targetHints":{"allow":["GET"]}}],"collection":[{"href":"https:\/\/decoplanta.com\/fr\/wp-json\/wp\/v2\/product"}],"about":[{"href":"https:\/\/decoplanta.com\/fr\/wp-json\/wp\/v2\/types\/product"}],"version-history":[{"count":0,"href":"https:\/\/decoplanta.com\/fr\/wp-json\/wp\/v2\/product\/3530\/revisions"}],"wp:featuredmedia":[{"embeddable":true,"href":"https:\/\/decoplanta.com\/fr\/wp-json\/wp\/v2\/media\/2582"}],"wp:attachment":[{"href":"https:\/\/decoplanta.com\/fr\/wp-json\/wp\/v2\/media?parent=3530"}],"wp:term":[{"taxonomy":"product_brand","embeddable":true,"href":"https:\/\/decoplanta.com\/fr\/wp-json\/wp\/v2\/product_brand?post=3530"},{"taxonomy":"product_cat","embeddable":true,"href":"https:\/\/decoplanta.com\/fr\/wp-json\/wp\/v2\/product_cat?post=3530"},{"taxonomy":"product_tag","embeddable":true,"href":"https:\/\/decoplanta.com\/fr\/wp-json\/wp\/v2\/product_tag?post=3530"}],"curies":[{"name":"wp","href":"https:\/\/api.w.org\/{rel}","templated":true}]}}