{"id":3532,"date":"2021-03-19T12:37:38","date_gmt":"2021-12-24T08:11:58","guid":{"rendered":"https:\/\/decoplanta.com\/non%20class\u00e9\/chute-dasparagus-sprengeri-en-pot\/"},"modified":"2022-04-18T15:07:41","modified_gmt":"2022-04-18T14:07:41","slug":"chute-dasparagus-sprengeri-en-pot","status":"publish","type":"product","link":"https:\/\/decoplanta.com\/fr\/plantes-suspendues-au-plafond-jardin-suspendu\/chute-dasparagus-sprengeri-en-pot\/","title":{"rendered":"Chute d&rsquo;ASPARAGUS SPRENGERI en POT"},"content":{"rendered":"<p>Chute d&rsquo;ASPARAGUS SPRENGERI en POT artificiel ou Asperge Foug\u00e8re est une grande plante \u00e0 accrocher au Plafond, elle mesure longueur de 75 cm dans un petit pot suspendu de 16 cm en terre cuite vieillie et suspendue \u00e0 une corde en macram\u00e9. Le feuillage vert plumeux des asperges suspendues en fait une plante d&rsquo;int\u00e9rieur attrayante, parfaite pour ajouter une touche de couleur \u00e0 votre int\u00e9rieur. Tiges arqu\u00e9es et feuilles lin\u00e9aires, aplaties et rigides d&rsquo;un grand r\u00e9alisme. C&rsquo;est une esp\u00e8ce de la famille des Liliac\u00e9es, originaire d&rsquo;Afrique. Ils sont vendus en bo\u00eetes indivisibles de 3 unit\u00e9s. Prix unitaire dans le catalogue.<\/p>\n","protected":false},"excerpt":{"rendered":"<p>Plante suspendue ASPARAGUS SPRENGERI ou Asperge Foug\u00e8re est une grande plante \u00e0 accrocher au Plafond, elle mesure longueur de 75 cm dans un petit pot suspendu de 16 cm en terre cuite vieillie et suspendue \u00e0 une corde en macram\u00e9. Le feuillage vert plumeux des asperges suspendues en fait une plante d&rsquo;int\u00e9rieur attrayante, parfaite pour ajouter une touche de couleur \u00e0 votre int\u00e9rieur. Tiges arqu\u00e9es et feuilles lin\u00e9aires, aplaties et rigides d&rsquo;un grand r\u00e9alisme. C&rsquo;est une esp\u00e8ce de la famille des Liliac\u00e9es, originaire d&rsquo;Afrique. Ils sont vendus en bo\u00eetes indivisibles de 3 unit\u00e9s. Prix unitaire dans <a href=\"https:\/\/decoplanta.com\/catalogo\/TarifsDecoplanta-CatalogueDistributeurs-HR-FR.pdf\" target=\"_blank\" rel=\"noopener\">le catalogue<\/a> .<\/p>\n<table>\n<tbody>\n<tr>\n<td><strong>R\u00c9F<\/strong><\/td>\n<td><strong>HAUTEUR<\/strong><\/td>\n<\/tr>\n<tr>\n<td><strong>420807<\/strong><\/td>\n<td>75 cm<\/td>\n<\/tr>\n<\/tbody>\n<\/table>\n","protected":false},"featured_media":2581,"template":"","meta":{"_monsterinsights_skip_tracking":false,"_monsterinsights_sitenote_active":false,"_monsterinsights_sitenote_note":"","_monsterinsights_sitenote_category":0},"product_brand":[],"product_cat":[374],"product_tag":[269,278],"class_list":{"0":"post-3532","1":"product","2":"type-product","3":"status-publish","4":"has-post-thumbnail","6":"product_cat-plantes-suspendues-au-plafond-jardin-suspendu","7":"product_tag-fougere-dinterieur","8":"product_tag-plante-tropicale","9":"","10":"woocommerce-text-align-center","11":"woocommerce-image-align-center","12":"do-quantity-buttons","14":"first","15":"instock","16":"taxable","17":"shipping-taxable","18":"purchasable","19":"product-type-simple"},"yoast_head":"<!-- This site is optimized with the Yoast SEO plugin v27.5 - https:\/\/yoast.com\/product\/yoast-seo-wordpress\/ -->\n<title>Chute d&#039;ASPARAGUS SPRENGERI en POT artificiel - Haut r\u00e9alisme<\/title>\n<meta name=\"description\" content=\"Chute d&#039;ASPARAGUS SPRENGERI en POT artificiel - Plante \u00e0 accrocher au Plafond, longueur 75cm dans un petit pot en terre cuite vieillie\" \/>\n<meta name=\"robots\" content=\"index, follow, max-snippet:-1, max-image-preview:large, max-video-preview:-1\" \/>\n<link rel=\"canonical\" href=\"https:\/\/decoplanta.com\/fr\/plantes-suspendues-au-plafond-jardin-suspendu\/chute-dasparagus-sprengeri-en-pot\/\" \/>\n<meta property=\"og:locale\" content=\"fr_FR\" \/>\n<meta property=\"og:type\" content=\"article\" \/>\n<meta property=\"og:title\" content=\"Chute d&#039;ASPARAGUS SPRENGERI en POT artificiel - Haut r\u00e9alisme\" \/>\n<meta property=\"og:description\" content=\"Chute d&#039;ASPARAGUS SPRENGERI en POT artificiel - Plante \u00e0 accrocher au Plafond, longueur 75cm dans un petit pot en terre cuite vieillie\" \/>\n<meta property=\"og:url\" content=\"https:\/\/decoplanta.com\/fr\/plantes-suspendues-au-plafond-jardin-suspendu\/chute-dasparagus-sprengeri-en-pot\/\" \/>\n<meta property=\"og:site_name\" content=\"PLANTES ET ARBRES ARTIFICIELS TR\u00c8S R\u00c9ALISTES\" \/>\n<meta property=\"article:modified_time\" content=\"2022-04-18T14:07:41+00:00\" \/>\n<meta property=\"og:image\" content=\"https:\/\/decoplanta.com\/wp-content\/uploads\/2021\/03\/420807-ASPARAGUS_SPRENGERI_Colgante_de_techo.jpg\" \/>\n\t<meta property=\"og:image:width\" content=\"2000\" \/>\n\t<meta property=\"og:image:height\" content=\"2000\" \/>\n\t<meta property=\"og:image:type\" content=\"image\/jpeg\" \/>\n<meta name=\"twitter:card\" content=\"summary_large_image\" \/>\n<meta name=\"twitter:label1\" content=\"Dur\u00e9e de lecture estim\u00e9e\" \/>\n\t<meta name=\"twitter:data1\" content=\"1 minute\" \/>\n<script type=\"application\/ld+json\" class=\"yoast-schema-graph\">{\"@context\":\"https:\\\/\\\/schema.org\",\"@graph\":[{\"@type\":\"WebPage\",\"@id\":\"https:\\\/\\\/decoplanta.com\\\/fr\\\/plantes-suspendues-au-plafond-jardin-suspendu\\\/chute-dasparagus-sprengeri-en-pot\\\/\",\"url\":\"https:\\\/\\\/decoplanta.com\\\/fr\\\/plantes-suspendues-au-plafond-jardin-suspendu\\\/chute-dasparagus-sprengeri-en-pot\\\/\",\"name\":\"Chute d'ASPARAGUS SPRENGERI en POT artificiel - Haut r\u00e9alisme\",\"isPartOf\":{\"@id\":\"https:\\\/\\\/decoplanta.com\\\/fr\\\/#website\"},\"primaryImageOfPage\":{\"@id\":\"https:\\\/\\\/decoplanta.com\\\/fr\\\/plantes-suspendues-au-plafond-jardin-suspendu\\\/chute-dasparagus-sprengeri-en-pot\\\/#primaryimage\"},\"image\":{\"@id\":\"https:\\\/\\\/decoplanta.com\\\/fr\\\/plantes-suspendues-au-plafond-jardin-suspendu\\\/chute-dasparagus-sprengeri-en-pot\\\/#primaryimage\"},\"thumbnailUrl\":\"https:\\\/\\\/decoplanta.com\\\/wp-content\\\/uploads\\\/2021\\\/03\\\/420807-ASPARAGUS_SPRENGERI_Colgante_de_techo.jpg\",\"datePublished\":\"2021-12-24T08:11:58+00:00\",\"dateModified\":\"2022-04-18T14:07:41+00:00\",\"description\":\"Chute d'ASPARAGUS SPRENGERI en POT artificiel - Plante \u00e0 accrocher au Plafond, longueur 75cm dans un petit pot en terre cuite vieillie\",\"breadcrumb\":{\"@id\":\"https:\\\/\\\/decoplanta.com\\\/fr\\\/plantes-suspendues-au-plafond-jardin-suspendu\\\/chute-dasparagus-sprengeri-en-pot\\\/#breadcrumb\"},\"inLanguage\":\"fr-FR\",\"potentialAction\":[{\"@type\":\"ReadAction\",\"target\":[\"https:\\\/\\\/decoplanta.com\\\/fr\\\/plantes-suspendues-au-plafond-jardin-suspendu\\\/chute-dasparagus-sprengeri-en-pot\\\/\"]}]},{\"@type\":\"ImageObject\",\"inLanguage\":\"fr-FR\",\"@id\":\"https:\\\/\\\/decoplanta.com\\\/fr\\\/plantes-suspendues-au-plafond-jardin-suspendu\\\/chute-dasparagus-sprengeri-en-pot\\\/#primaryimage\",\"url\":\"https:\\\/\\\/decoplanta.com\\\/wp-content\\\/uploads\\\/2021\\\/03\\\/420807-ASPARAGUS_SPRENGERI_Colgante_de_techo.jpg\",\"contentUrl\":\"https:\\\/\\\/decoplanta.com\\\/wp-content\\\/uploads\\\/2021\\\/03\\\/420807-ASPARAGUS_SPRENGERI_Colgante_de_techo.jpg\",\"width\":2000,\"height\":2000,\"caption\":\"Chute d'ASPARAGUS SPRENGERI en POT artificiel ou Asperge Foug\u00e8re est une grande plante \u00e0 accrocher au Plafond\"},{\"@type\":\"BreadcrumbList\",\"@id\":\"https:\\\/\\\/decoplanta.com\\\/fr\\\/plantes-suspendues-au-plafond-jardin-suspendu\\\/chute-dasparagus-sprengeri-en-pot\\\/#breadcrumb\",\"itemListElement\":[{\"@type\":\"ListItem\",\"position\":1,\"name\":\"Portada\",\"item\":\"https:\\\/\\\/decoplanta.com\\\/fr\\\/\"},{\"@type\":\"ListItem\",\"position\":2,\"name\":\"Priv\u00e9\u00a0: Tienda\",\"item\":\"https:\\\/\\\/decoplanta.com\\\/?page_id=377\"},{\"@type\":\"ListItem\",\"position\":3,\"name\":\"Chute d&#8217;ASPARAGUS SPRENGERI en POT\"}]},{\"@type\":\"WebSite\",\"@id\":\"https:\\\/\\\/decoplanta.com\\\/fr\\\/#website\",\"url\":\"https:\\\/\\\/decoplanta.com\\\/fr\\\/\",\"name\":\"PLANTES ET ARBRES ARTIFICIELS TR\u00c8S R\u00c9ALISTES\",\"description\":\"Proveedor de Plantas artificiales para estudios de Arquitectura, Interiorismo, Paisajismo, Escenograf\u00eda, Tiendas de Decoraci\u00f3n Florister\u00edas y Mobiliario\",\"publisher\":{\"@id\":\"https:\\\/\\\/decoplanta.com\\\/fr\\\/#organization\"},\"potentialAction\":[{\"@type\":\"SearchAction\",\"target\":{\"@type\":\"EntryPoint\",\"urlTemplate\":\"https:\\\/\\\/decoplanta.com\\\/fr\\\/?s={search_term_string}\"},\"query-input\":{\"@type\":\"PropertyValueSpecification\",\"valueRequired\":true,\"valueName\":\"search_term_string\"}}],\"inLanguage\":\"fr-FR\"},{\"@type\":\"Organization\",\"@id\":\"https:\\\/\\\/decoplanta.com\\\/fr\\\/#organization\",\"name\":\"PLANTES ET ARBRES ARTIFICIELS TR\u00c8S R\u00c9ALISTES\",\"url\":\"https:\\\/\\\/decoplanta.com\\\/fr\\\/\",\"logo\":{\"@type\":\"ImageObject\",\"inLanguage\":\"fr-FR\",\"@id\":\"https:\\\/\\\/decoplanta.com\\\/fr\\\/#\\\/schema\\\/logo\\\/image\\\/\",\"url\":\"https:\\\/\\\/decoplanta.com\\\/wp-content\\\/uploads\\\/2021\\\/02\\\/decoplanta-logo2020.svg\",\"contentUrl\":\"https:\\\/\\\/decoplanta.com\\\/wp-content\\\/uploads\\\/2021\\\/02\\\/decoplanta-logo2020.svg\",\"width\":500,\"height\":500,\"caption\":\"PLANTES ET ARBRES ARTIFICIELS TR\u00c8S R\u00c9ALISTES\"},\"image\":{\"@id\":\"https:\\\/\\\/decoplanta.com\\\/fr\\\/#\\\/schema\\\/logo\\\/image\\\/\"}}]}<\/script>\n<!-- \/ Yoast SEO plugin. -->","yoast_head_json":{"title":"Chute d'ASPARAGUS SPRENGERI en POT artificiel - Haut r\u00e9alisme","description":"Chute d'ASPARAGUS SPRENGERI en POT artificiel - Plante \u00e0 accrocher au Plafond, longueur 75cm dans un petit pot en terre cuite vieillie","robots":{"index":"index","follow":"follow","max-snippet":"max-snippet:-1","max-image-preview":"max-image-preview:large","max-video-preview":"max-video-preview:-1"},"canonical":"https:\/\/decoplanta.com\/fr\/plantes-suspendues-au-plafond-jardin-suspendu\/chute-dasparagus-sprengeri-en-pot\/","og_locale":"fr_FR","og_type":"article","og_title":"Chute d'ASPARAGUS SPRENGERI en POT artificiel - Haut r\u00e9alisme","og_description":"Chute d'ASPARAGUS SPRENGERI en POT artificiel - Plante \u00e0 accrocher au Plafond, longueur 75cm dans un petit pot en terre cuite vieillie","og_url":"https:\/\/decoplanta.com\/fr\/plantes-suspendues-au-plafond-jardin-suspendu\/chute-dasparagus-sprengeri-en-pot\/","og_site_name":"PLANTES ET ARBRES ARTIFICIELS TR\u00c8S R\u00c9ALISTES","article_modified_time":"2022-04-18T14:07:41+00:00","og_image":[{"width":2000,"height":2000,"url":"https:\/\/decoplanta.com\/wp-content\/uploads\/2021\/03\/420807-ASPARAGUS_SPRENGERI_Colgante_de_techo.jpg","type":"image\/jpeg"}],"twitter_card":"summary_large_image","twitter_misc":{"Dur\u00e9e de lecture estim\u00e9e":"1 minute"},"schema":{"@context":"https:\/\/schema.org","@graph":[{"@type":"WebPage","@id":"https:\/\/decoplanta.com\/fr\/plantes-suspendues-au-plafond-jardin-suspendu\/chute-dasparagus-sprengeri-en-pot\/","url":"https:\/\/decoplanta.com\/fr\/plantes-suspendues-au-plafond-jardin-suspendu\/chute-dasparagus-sprengeri-en-pot\/","name":"Chute d'ASPARAGUS SPRENGERI en POT artificiel - Haut r\u00e9alisme","isPartOf":{"@id":"https:\/\/decoplanta.com\/fr\/#website"},"primaryImageOfPage":{"@id":"https:\/\/decoplanta.com\/fr\/plantes-suspendues-au-plafond-jardin-suspendu\/chute-dasparagus-sprengeri-en-pot\/#primaryimage"},"image":{"@id":"https:\/\/decoplanta.com\/fr\/plantes-suspendues-au-plafond-jardin-suspendu\/chute-dasparagus-sprengeri-en-pot\/#primaryimage"},"thumbnailUrl":"https:\/\/decoplanta.com\/wp-content\/uploads\/2021\/03\/420807-ASPARAGUS_SPRENGERI_Colgante_de_techo.jpg","datePublished":"2021-12-24T08:11:58+00:00","dateModified":"2022-04-18T14:07:41+00:00","description":"Chute d'ASPARAGUS SPRENGERI en POT artificiel - Plante \u00e0 accrocher au Plafond, longueur 75cm dans un petit pot en terre cuite vieillie","breadcrumb":{"@id":"https:\/\/decoplanta.com\/fr\/plantes-suspendues-au-plafond-jardin-suspendu\/chute-dasparagus-sprengeri-en-pot\/#breadcrumb"},"inLanguage":"fr-FR","potentialAction":[{"@type":"ReadAction","target":["https:\/\/decoplanta.com\/fr\/plantes-suspendues-au-plafond-jardin-suspendu\/chute-dasparagus-sprengeri-en-pot\/"]}]},{"@type":"ImageObject","inLanguage":"fr-FR","@id":"https:\/\/decoplanta.com\/fr\/plantes-suspendues-au-plafond-jardin-suspendu\/chute-dasparagus-sprengeri-en-pot\/#primaryimage","url":"https:\/\/decoplanta.com\/wp-content\/uploads\/2021\/03\/420807-ASPARAGUS_SPRENGERI_Colgante_de_techo.jpg","contentUrl":"https:\/\/decoplanta.com\/wp-content\/uploads\/2021\/03\/420807-ASPARAGUS_SPRENGERI_Colgante_de_techo.jpg","width":2000,"height":2000,"caption":"Chute d'ASPARAGUS SPRENGERI en POT artificiel ou Asperge Foug\u00e8re est une grande plante \u00e0 accrocher au Plafond"},{"@type":"BreadcrumbList","@id":"https:\/\/decoplanta.com\/fr\/plantes-suspendues-au-plafond-jardin-suspendu\/chute-dasparagus-sprengeri-en-pot\/#breadcrumb","itemListElement":[{"@type":"ListItem","position":1,"name":"Portada","item":"https:\/\/decoplanta.com\/fr\/"},{"@type":"ListItem","position":2,"name":"Priv\u00e9\u00a0: Tienda","item":"https:\/\/decoplanta.com\/?page_id=377"},{"@type":"ListItem","position":3,"name":"Chute d&#8217;ASPARAGUS SPRENGERI en POT"}]},{"@type":"WebSite","@id":"https:\/\/decoplanta.com\/fr\/#website","url":"https:\/\/decoplanta.com\/fr\/","name":"PLANTES ET ARBRES ARTIFICIELS TR\u00c8S R\u00c9ALISTES","description":"Proveedor de Plantas artificiales para estudios de Arquitectura, Interiorismo, Paisajismo, Escenograf\u00eda, Tiendas de Decoraci\u00f3n Florister\u00edas y Mobiliario","publisher":{"@id":"https:\/\/decoplanta.com\/fr\/#organization"},"potentialAction":[{"@type":"SearchAction","target":{"@type":"EntryPoint","urlTemplate":"https:\/\/decoplanta.com\/fr\/?s={search_term_string}"},"query-input":{"@type":"PropertyValueSpecification","valueRequired":true,"valueName":"search_term_string"}}],"inLanguage":"fr-FR"},{"@type":"Organization","@id":"https:\/\/decoplanta.com\/fr\/#organization","name":"PLANTES ET ARBRES ARTIFICIELS TR\u00c8S R\u00c9ALISTES","url":"https:\/\/decoplanta.com\/fr\/","logo":{"@type":"ImageObject","inLanguage":"fr-FR","@id":"https:\/\/decoplanta.com\/fr\/#\/schema\/logo\/image\/","url":"https:\/\/decoplanta.com\/wp-content\/uploads\/2021\/02\/decoplanta-logo2020.svg","contentUrl":"https:\/\/decoplanta.com\/wp-content\/uploads\/2021\/02\/decoplanta-logo2020.svg","width":500,"height":500,"caption":"PLANTES ET ARBRES ARTIFICIELS TR\u00c8S R\u00c9ALISTES"},"image":{"@id":"https:\/\/decoplanta.com\/fr\/#\/schema\/logo\/image\/"}}]}},"_links":{"self":[{"href":"https:\/\/decoplanta.com\/fr\/wp-json\/wp\/v2\/product\/3532","targetHints":{"allow":["GET"]}}],"collection":[{"href":"https:\/\/decoplanta.com\/fr\/wp-json\/wp\/v2\/product"}],"about":[{"href":"https:\/\/decoplanta.com\/fr\/wp-json\/wp\/v2\/types\/product"}],"version-history":[{"count":0,"href":"https:\/\/decoplanta.com\/fr\/wp-json\/wp\/v2\/product\/3532\/revisions"}],"wp:featuredmedia":[{"embeddable":true,"href":"https:\/\/decoplanta.com\/fr\/wp-json\/wp\/v2\/media\/2581"}],"wp:attachment":[{"href":"https:\/\/decoplanta.com\/fr\/wp-json\/wp\/v2\/media?parent=3532"}],"wp:term":[{"taxonomy":"product_brand","embeddable":true,"href":"https:\/\/decoplanta.com\/fr\/wp-json\/wp\/v2\/product_brand?post=3532"},{"taxonomy":"product_cat","embeddable":true,"href":"https:\/\/decoplanta.com\/fr\/wp-json\/wp\/v2\/product_cat?post=3532"},{"taxonomy":"product_tag","embeddable":true,"href":"https:\/\/decoplanta.com\/fr\/wp-json\/wp\/v2\/product_tag?post=3532"}],"curies":[{"name":"wp","href":"https:\/\/api.w.org\/{rel}","templated":true}]}}