{"id":3560,"date":"2021-03-19T09:21:29","date_gmt":"2021-12-25T10:03:27","guid":{"rendered":"https:\/\/decoplanta.com\/non%20class\u00e9\/mur-vegetal-buis\/"},"modified":"2021-12-25T11:50:03","modified_gmt":"2021-12-25T10:50:03","slug":"mur-vegetal-buis","status":"publish","type":"product","link":"https:\/\/decoplanta.com\/fr\/mur-vegetal-artificiel\/mur-vegetal-buis\/","title":{"rendered":"Mur V\u00e9g\u00e9tal BUIS"},"content":{"rendered":"<p>Mur V\u00e9g\u00e9tal BUIS artificiel, avec une \u00e9l\u00e9gante feuille vert fonc\u00e9 et un relief homog\u00e8ne, id\u00e9al pour obtenir une esth\u00e9tique discr\u00e8te. Valable pour la d\u00e9coration d&rsquo;espaces int\u00e9rieurs ou ext\u00e9rieurs. Installation simple. <a href=\"https:\/\/decoplanta.com\/etiqueta-producto\/plantas-artificiales-con-proteccion-uv\/\" target=\"_blank\" rel=\"noopener\">Protection UV et r\u00e9sistant \u00e0 l&rsquo;eau.<\/a><\/p>\n<p>Si vous avez besoin d&rsquo;un buis plus grand avec plus de sph\u00e8res ou de boules, nous avons ce qu&rsquo;il vous faut : un Mur V\u00e9g\u00e9tal <a href=\"https:\/\/es.wikipedia.org\/wiki\/Buxus_sempervirens\" target=\"_blank\" rel=\"noopener\">BOJ<\/a> artificiel tr\u00e8s r\u00e9aliste, pour la d\u00e9coration ext\u00e9rieure, l&rsquo;am\u00e9nagement paysager et le <a href=\"https:\/\/www.google.com\/search?sxsrf=ALeKk02GJNGwwu0o5SViWCzyZ5x4bnKeOQ:1616082621663&amp;q=boj+bola+cuidados&amp;sa=X&amp;ved=2ahUKEwjrwd30mLrvAhWCThUIHYi3C7YQ1QIoBXoECAEQBg&amp;biw=1352&amp;bih=947\" target=\"_blank\" rel=\"noopener\">jardinage<\/a>. Comprend un traitement UV sp\u00e9cifique pour les ext\u00e9rieurs. Le soleil et l&rsquo;eau ne seront pas un obstacle pour rester comme au premier jour. Comprend une pot de base.<\/p>\n<p>Le buis commun a un port arbustif ou arboricole ; il atteint exceptionnellement 12 m de hauteur, avec une <a title=\"Tige\" href=\"https:\/\/es.wikipedia.org\/wiki\/Tallo\">tige<\/a> tr\u00e8s ramifi\u00e9e recouverte d&rsquo;une \u00e9corce lisse chez les jeunes sp\u00e9cimens, sillonn\u00e9e de fissures chez les adultes, de couleur brun gris\u00e2tre. Les <a title=\"Feuil\" href=\"https:\/\/es.wikipedia.org\/wiki\/Hoja\">feuilles<\/a> sont lanc\u00e9ol\u00e9es \u00e0 ovales ou elliptiques, oppos\u00e9es, coriaces, vert fonc\u00e9 sur la face sup\u00e9rieure et plus claires sur la face inf\u00e9rieure, jusqu&rsquo;\u00e0 30 mm, avec le bord l\u00e9g\u00e8rement incurv\u00e9 vers le bas.<\/p>\n<p>Les <a title=\"\" href=\"https:\/\/es.wikipedia.org\/wiki\/Flor\">fleurs<\/a> sont mono\u00efques, avec un m\u00e2le et une femelle pr\u00e9sents dans le m\u00eame sp\u00e9cimen ; elles apparaissent au d\u00e9but du printemps, en petites inflorescences de plusieurs fleurs m\u00e2les et d&rsquo;une femelle \u00e0 l&rsquo;aisselle des feuilles. Elles mesurent environ 2 mm longueur, de couleur jaune, peu voyantes, d\u00e9pourvues de corolle, sans parfum mais riches en <a class=\"mw-redirect\" title=\"Nectar (Bot\u00e1nica)\" href=\"https:\/\/es.wikipedia.org\/wiki\/N%C3%A9ctar_(Bot%C3%A1nica)\">nectar<\/a>, qui attirent les <a class=\"mw-redirect\" title=\"Hym\u00e9nopt\u00e8res\" href=\"https:\/\/es.wikipedia.org\/wiki\/Himen%C3%B3ptero\">Hym\u00e9nopt\u00e8res<\/a> et les <a title=\"Dipt\u00e8res\" href=\"https:\/\/es.wikipedia.org\/wiki\/Diptera\">Dipt\u00e8res<\/a>. Le fruit est une <a class=\"mw-redirect\" title=\"Capsule (fruit)\" href=\"https:\/\/es.wikipedia.org\/wiki\/C%C3%A1psula_(fruto)\">capsule<\/a> coriace brune ou grise, d&rsquo;environ 1 cm longueur, contenant de nombreuses graines.<\/p>\n<h3>Type d&rsquo;utilisation ou de mise en \u0153uvre de ce Mur V\u00e9g\u00e9tal BOJ<\/h3>\n<p>C&rsquo;est un type d&rsquo;arbre ou d&rsquo;arbuste tr\u00e8s typique \u00e0 l&rsquo;entr\u00e9e des grands restaurants prestigieux ou de la haute cuisine, ou encore sur les fa\u00e7ades des magasins de haute couture, comme dans le quartier de Salamanque \u00e0 Madrid. Des magasins comme Loewe, Armani, Louis Vuitton, ou encore la prestigieuse marque Prada, utilisent ce type de sapin d\u00e9coratif sur leurs fa\u00e7ades commerciales. Le fait qu&rsquo;il soit courant dans ces types d&rsquo;\u00e9tablissements n&rsquo;enl\u00e8ve rien \u00e0 l&rsquo;\u00e9l\u00e9gance ni au design. Le but de cette plante ou arbre de buis artificiel \u00e0 double sph\u00e8re est de cr\u00e9er un style global de design calme et conventionnel. Cela peut contrer avec les nouvelles campagnes de mode, mais ce sera toujours un style valable \u00e0 n&rsquo;importe quelle \u00e9poque.<\/p>\n","protected":false},"excerpt":{"rendered":"<p>Mur V\u00e9g\u00e9tal BUIS artificiel, avec une \u00e9l\u00e9gante feuille vert fonc\u00e9 et un relief homog\u00e8ne, id\u00e9al pour obtenir une esth\u00e9tique discr\u00e8te. Valable pour la d\u00e9coration d&rsquo;espaces int\u00e9rieurs ou ext\u00e9rieurs. Il se place tr\u00e8s facilement. Protection UV et imperm\u00e9able.<\/p>\n<table>\n<tbody>\n<tr>\n<td><strong>R\u00c9F<\/strong><\/td>\n<td><strong>TAILLE DE LA PLAQUE<\/strong><\/td>\n<\/tr>\n<tr>\n<td><strong>1817003<\/strong><\/td>\n<td>50 x 50 cm<\/td>\n<\/tr>\n<\/tbody>\n<\/table>\n","protected":false},"featured_media":2566,"template":"","meta":{"_monsterinsights_skip_tracking":false,"_monsterinsights_sitenote_active":false,"_monsterinsights_sitenote_note":"","_monsterinsights_sitenote_category":0},"product_brand":[],"product_cat":[248],"product_tag":[263],"class_list":{"0":"post-3560","1":"product","2":"type-product","3":"status-publish","4":"has-post-thumbnail","6":"product_cat-mur-vegetal-artificiel","7":"product_tag-plantes-artificielles-avec-protection-uv","8":"","9":"woocommerce-text-align-center","10":"woocommerce-image-align-center","11":"do-quantity-buttons","13":"first","14":"instock","15":"taxable","16":"shipping-taxable","17":"purchasable","18":"product-type-simple"},"yoast_head":"<!-- This site is optimized with the Yoast SEO plugin v27.3 - https:\/\/yoast.com\/product\/yoast-seo-wordpress\/ -->\n<title>Mur V\u00e9g\u00e9tal BUIS artificiel UV- Haut r\u00e9alisme \u00e0 l&#039;int\u00e9rieur et \u00e0 l&#039;ext\u00e9rieur<\/title>\n<meta name=\"description\" content=\"Mur V\u00e9g\u00e9tal BUIS artificiel avec protection UV et imperm\u00e9able Haut R\u00e9alisme pour d\u00e9corer int\u00e9rieurs ou ext\u00e9rieurs.\" \/>\n<meta name=\"robots\" content=\"index, follow, max-snippet:-1, max-image-preview:large, max-video-preview:-1\" \/>\n<link rel=\"canonical\" href=\"https:\/\/decoplanta.com\/fr\/mur-vegetal-artificiel\/mur-vegetal-buis\/\" \/>\n<meta property=\"og:locale\" content=\"fr_FR\" \/>\n<meta property=\"og:type\" content=\"article\" \/>\n<meta property=\"og:title\" content=\"Mur V\u00e9g\u00e9tal BUIS artificiel UV- Haut r\u00e9alisme \u00e0 l&#039;int\u00e9rieur et \u00e0 l&#039;ext\u00e9rieur\" \/>\n<meta property=\"og:description\" content=\"Mur V\u00e9g\u00e9tal BUIS artificiel avec protection UV et imperm\u00e9able Haut R\u00e9alisme pour d\u00e9corer int\u00e9rieurs ou ext\u00e9rieurs.\" \/>\n<meta property=\"og:url\" content=\"https:\/\/decoplanta.com\/fr\/mur-vegetal-artificiel\/mur-vegetal-buis\/\" \/>\n<meta property=\"og:site_name\" content=\"PLANTES ET ARBRES ARTIFICIELS TR\u00c8S R\u00c9ALISTES\" \/>\n<meta property=\"article:modified_time\" content=\"2021-12-25T10:50:03+00:00\" \/>\n<meta property=\"og:image\" content=\"https:\/\/decoplanta.com\/wp-content\/uploads\/2021\/03\/1817003-jardin-vertical-BOJ.jpg\" \/>\n\t<meta property=\"og:image:width\" content=\"1650\" \/>\n\t<meta property=\"og:image:height\" content=\"1650\" \/>\n\t<meta property=\"og:image:type\" content=\"image\/jpeg\" \/>\n<meta name=\"twitter:card\" content=\"summary_large_image\" \/>\n<meta name=\"twitter:label1\" content=\"Dur\u00e9e de lecture estim\u00e9e\" \/>\n\t<meta name=\"twitter:data1\" content=\"2 minutes\" \/>\n<script type=\"application\/ld+json\" class=\"yoast-schema-graph\">{\"@context\":\"https:\\\/\\\/schema.org\",\"@graph\":[{\"@type\":\"WebPage\",\"@id\":\"https:\\\/\\\/decoplanta.com\\\/fr\\\/mur-vegetal-artificiel\\\/mur-vegetal-buis\\\/\",\"url\":\"https:\\\/\\\/decoplanta.com\\\/fr\\\/mur-vegetal-artificiel\\\/mur-vegetal-buis\\\/\",\"name\":\"Mur V\u00e9g\u00e9tal BUIS artificiel UV- Haut r\u00e9alisme \u00e0 l'int\u00e9rieur et \u00e0 l'ext\u00e9rieur\",\"isPartOf\":{\"@id\":\"https:\\\/\\\/decoplanta.com\\\/fr\\\/#website\"},\"primaryImageOfPage\":{\"@id\":\"https:\\\/\\\/decoplanta.com\\\/fr\\\/mur-vegetal-artificiel\\\/mur-vegetal-buis\\\/#primaryimage\"},\"image\":{\"@id\":\"https:\\\/\\\/decoplanta.com\\\/fr\\\/mur-vegetal-artificiel\\\/mur-vegetal-buis\\\/#primaryimage\"},\"thumbnailUrl\":\"https:\\\/\\\/decoplanta.com\\\/wp-content\\\/uploads\\\/2021\\\/03\\\/1817003-jardin-vertical-BOJ.jpg\",\"datePublished\":\"2021-12-25T10:03:27+00:00\",\"dateModified\":\"2021-12-25T10:50:03+00:00\",\"description\":\"Mur V\u00e9g\u00e9tal BUIS artificiel avec protection UV et imperm\u00e9able Haut R\u00e9alisme pour d\u00e9corer int\u00e9rieurs ou ext\u00e9rieurs.\",\"breadcrumb\":{\"@id\":\"https:\\\/\\\/decoplanta.com\\\/fr\\\/mur-vegetal-artificiel\\\/mur-vegetal-buis\\\/#breadcrumb\"},\"inLanguage\":\"fr-FR\",\"potentialAction\":[{\"@type\":\"ReadAction\",\"target\":[\"https:\\\/\\\/decoplanta.com\\\/fr\\\/mur-vegetal-artificiel\\\/mur-vegetal-buis\\\/\"]}]},{\"@type\":\"ImageObject\",\"inLanguage\":\"fr-FR\",\"@id\":\"https:\\\/\\\/decoplanta.com\\\/fr\\\/mur-vegetal-artificiel\\\/mur-vegetal-buis\\\/#primaryimage\",\"url\":\"https:\\\/\\\/decoplanta.com\\\/wp-content\\\/uploads\\\/2021\\\/03\\\/1817003-jardin-vertical-BOJ.jpg\",\"contentUrl\":\"https:\\\/\\\/decoplanta.com\\\/wp-content\\\/uploads\\\/2021\\\/03\\\/1817003-jardin-vertical-BOJ.jpg\",\"width\":1650,\"height\":1650,\"caption\":\"Mur V\u00e9g\u00e9tal BUIS artificiel UV- Haut r\u00e9alisme\"},{\"@type\":\"BreadcrumbList\",\"@id\":\"https:\\\/\\\/decoplanta.com\\\/fr\\\/mur-vegetal-artificiel\\\/mur-vegetal-buis\\\/#breadcrumb\",\"itemListElement\":[{\"@type\":\"ListItem\",\"position\":1,\"name\":\"Portada\",\"item\":\"https:\\\/\\\/decoplanta.com\\\/fr\\\/\"},{\"@type\":\"ListItem\",\"position\":2,\"name\":\"Priv\u00e9\u00a0: Tienda\",\"item\":\"https:\\\/\\\/decoplanta.com\\\/?page_id=377\"},{\"@type\":\"ListItem\",\"position\":3,\"name\":\"Mur V\u00e9g\u00e9tal BUIS\"}]},{\"@type\":\"WebSite\",\"@id\":\"https:\\\/\\\/decoplanta.com\\\/fr\\\/#website\",\"url\":\"https:\\\/\\\/decoplanta.com\\\/fr\\\/\",\"name\":\"PLANTES ET ARBRES ARTIFICIELS TR\u00c8S R\u00c9ALISTES\",\"description\":\"Proveedor de Plantas artificiales para estudios de Arquitectura, Interiorismo, Paisajismo, Escenograf\u00eda, Tiendas de Decoraci\u00f3n Florister\u00edas y Mobiliario\",\"publisher\":{\"@id\":\"https:\\\/\\\/decoplanta.com\\\/fr\\\/#organization\"},\"potentialAction\":[{\"@type\":\"SearchAction\",\"target\":{\"@type\":\"EntryPoint\",\"urlTemplate\":\"https:\\\/\\\/decoplanta.com\\\/fr\\\/?s={search_term_string}\"},\"query-input\":{\"@type\":\"PropertyValueSpecification\",\"valueRequired\":true,\"valueName\":\"search_term_string\"}}],\"inLanguage\":\"fr-FR\"},{\"@type\":\"Organization\",\"@id\":\"https:\\\/\\\/decoplanta.com\\\/fr\\\/#organization\",\"name\":\"PLANTES ET ARBRES ARTIFICIELS TR\u00c8S R\u00c9ALISTES\",\"url\":\"https:\\\/\\\/decoplanta.com\\\/fr\\\/\",\"logo\":{\"@type\":\"ImageObject\",\"inLanguage\":\"fr-FR\",\"@id\":\"https:\\\/\\\/decoplanta.com\\\/fr\\\/#\\\/schema\\\/logo\\\/image\\\/\",\"url\":\"https:\\\/\\\/decoplanta.com\\\/wp-content\\\/uploads\\\/2021\\\/02\\\/decoplanta-logo2020.svg\",\"contentUrl\":\"https:\\\/\\\/decoplanta.com\\\/wp-content\\\/uploads\\\/2021\\\/02\\\/decoplanta-logo2020.svg\",\"width\":500,\"height\":500,\"caption\":\"PLANTES ET ARBRES ARTIFICIELS TR\u00c8S R\u00c9ALISTES\"},\"image\":{\"@id\":\"https:\\\/\\\/decoplanta.com\\\/fr\\\/#\\\/schema\\\/logo\\\/image\\\/\"}}]}<\/script>\n<!-- \/ Yoast SEO plugin. -->","yoast_head_json":{"title":"Mur V\u00e9g\u00e9tal BUIS artificiel UV- Haut r\u00e9alisme \u00e0 l'int\u00e9rieur et \u00e0 l'ext\u00e9rieur","description":"Mur V\u00e9g\u00e9tal BUIS artificiel avec protection UV et imperm\u00e9able Haut R\u00e9alisme pour d\u00e9corer int\u00e9rieurs ou ext\u00e9rieurs.","robots":{"index":"index","follow":"follow","max-snippet":"max-snippet:-1","max-image-preview":"max-image-preview:large","max-video-preview":"max-video-preview:-1"},"canonical":"https:\/\/decoplanta.com\/fr\/mur-vegetal-artificiel\/mur-vegetal-buis\/","og_locale":"fr_FR","og_type":"article","og_title":"Mur V\u00e9g\u00e9tal BUIS artificiel UV- Haut r\u00e9alisme \u00e0 l'int\u00e9rieur et \u00e0 l'ext\u00e9rieur","og_description":"Mur V\u00e9g\u00e9tal BUIS artificiel avec protection UV et imperm\u00e9able Haut R\u00e9alisme pour d\u00e9corer int\u00e9rieurs ou ext\u00e9rieurs.","og_url":"https:\/\/decoplanta.com\/fr\/mur-vegetal-artificiel\/mur-vegetal-buis\/","og_site_name":"PLANTES ET ARBRES ARTIFICIELS TR\u00c8S R\u00c9ALISTES","article_modified_time":"2021-12-25T10:50:03+00:00","og_image":[{"width":1650,"height":1650,"url":"https:\/\/decoplanta.com\/wp-content\/uploads\/2021\/03\/1817003-jardin-vertical-BOJ.jpg","type":"image\/jpeg"}],"twitter_card":"summary_large_image","twitter_misc":{"Dur\u00e9e de lecture estim\u00e9e":"2 minutes"},"schema":{"@context":"https:\/\/schema.org","@graph":[{"@type":"WebPage","@id":"https:\/\/decoplanta.com\/fr\/mur-vegetal-artificiel\/mur-vegetal-buis\/","url":"https:\/\/decoplanta.com\/fr\/mur-vegetal-artificiel\/mur-vegetal-buis\/","name":"Mur V\u00e9g\u00e9tal BUIS artificiel UV- Haut r\u00e9alisme \u00e0 l'int\u00e9rieur et \u00e0 l'ext\u00e9rieur","isPartOf":{"@id":"https:\/\/decoplanta.com\/fr\/#website"},"primaryImageOfPage":{"@id":"https:\/\/decoplanta.com\/fr\/mur-vegetal-artificiel\/mur-vegetal-buis\/#primaryimage"},"image":{"@id":"https:\/\/decoplanta.com\/fr\/mur-vegetal-artificiel\/mur-vegetal-buis\/#primaryimage"},"thumbnailUrl":"https:\/\/decoplanta.com\/wp-content\/uploads\/2021\/03\/1817003-jardin-vertical-BOJ.jpg","datePublished":"2021-12-25T10:03:27+00:00","dateModified":"2021-12-25T10:50:03+00:00","description":"Mur V\u00e9g\u00e9tal BUIS artificiel avec protection UV et imperm\u00e9able Haut R\u00e9alisme pour d\u00e9corer int\u00e9rieurs ou ext\u00e9rieurs.","breadcrumb":{"@id":"https:\/\/decoplanta.com\/fr\/mur-vegetal-artificiel\/mur-vegetal-buis\/#breadcrumb"},"inLanguage":"fr-FR","potentialAction":[{"@type":"ReadAction","target":["https:\/\/decoplanta.com\/fr\/mur-vegetal-artificiel\/mur-vegetal-buis\/"]}]},{"@type":"ImageObject","inLanguage":"fr-FR","@id":"https:\/\/decoplanta.com\/fr\/mur-vegetal-artificiel\/mur-vegetal-buis\/#primaryimage","url":"https:\/\/decoplanta.com\/wp-content\/uploads\/2021\/03\/1817003-jardin-vertical-BOJ.jpg","contentUrl":"https:\/\/decoplanta.com\/wp-content\/uploads\/2021\/03\/1817003-jardin-vertical-BOJ.jpg","width":1650,"height":1650,"caption":"Mur V\u00e9g\u00e9tal BUIS artificiel UV- Haut r\u00e9alisme"},{"@type":"BreadcrumbList","@id":"https:\/\/decoplanta.com\/fr\/mur-vegetal-artificiel\/mur-vegetal-buis\/#breadcrumb","itemListElement":[{"@type":"ListItem","position":1,"name":"Portada","item":"https:\/\/decoplanta.com\/fr\/"},{"@type":"ListItem","position":2,"name":"Priv\u00e9\u00a0: Tienda","item":"https:\/\/decoplanta.com\/?page_id=377"},{"@type":"ListItem","position":3,"name":"Mur V\u00e9g\u00e9tal BUIS"}]},{"@type":"WebSite","@id":"https:\/\/decoplanta.com\/fr\/#website","url":"https:\/\/decoplanta.com\/fr\/","name":"PLANTES ET ARBRES ARTIFICIELS TR\u00c8S R\u00c9ALISTES","description":"Proveedor de Plantas artificiales para estudios de Arquitectura, Interiorismo, Paisajismo, Escenograf\u00eda, Tiendas de Decoraci\u00f3n Florister\u00edas y Mobiliario","publisher":{"@id":"https:\/\/decoplanta.com\/fr\/#organization"},"potentialAction":[{"@type":"SearchAction","target":{"@type":"EntryPoint","urlTemplate":"https:\/\/decoplanta.com\/fr\/?s={search_term_string}"},"query-input":{"@type":"PropertyValueSpecification","valueRequired":true,"valueName":"search_term_string"}}],"inLanguage":"fr-FR"},{"@type":"Organization","@id":"https:\/\/decoplanta.com\/fr\/#organization","name":"PLANTES ET ARBRES ARTIFICIELS TR\u00c8S R\u00c9ALISTES","url":"https:\/\/decoplanta.com\/fr\/","logo":{"@type":"ImageObject","inLanguage":"fr-FR","@id":"https:\/\/decoplanta.com\/fr\/#\/schema\/logo\/image\/","url":"https:\/\/decoplanta.com\/wp-content\/uploads\/2021\/02\/decoplanta-logo2020.svg","contentUrl":"https:\/\/decoplanta.com\/wp-content\/uploads\/2021\/02\/decoplanta-logo2020.svg","width":500,"height":500,"caption":"PLANTES ET ARBRES ARTIFICIELS TR\u00c8S R\u00c9ALISTES"},"image":{"@id":"https:\/\/decoplanta.com\/fr\/#\/schema\/logo\/image\/"}}]}},"_links":{"self":[{"href":"https:\/\/decoplanta.com\/fr\/wp-json\/wp\/v2\/product\/3560","targetHints":{"allow":["GET"]}}],"collection":[{"href":"https:\/\/decoplanta.com\/fr\/wp-json\/wp\/v2\/product"}],"about":[{"href":"https:\/\/decoplanta.com\/fr\/wp-json\/wp\/v2\/types\/product"}],"version-history":[{"count":0,"href":"https:\/\/decoplanta.com\/fr\/wp-json\/wp\/v2\/product\/3560\/revisions"}],"wp:featuredmedia":[{"embeddable":true,"href":"https:\/\/decoplanta.com\/fr\/wp-json\/wp\/v2\/media\/2566"}],"wp:attachment":[{"href":"https:\/\/decoplanta.com\/fr\/wp-json\/wp\/v2\/media?parent=3560"}],"wp:term":[{"taxonomy":"product_brand","embeddable":true,"href":"https:\/\/decoplanta.com\/fr\/wp-json\/wp\/v2\/product_brand?post=3560"},{"taxonomy":"product_cat","embeddable":true,"href":"https:\/\/decoplanta.com\/fr\/wp-json\/wp\/v2\/product_cat?post=3560"},{"taxonomy":"product_tag","embeddable":true,"href":"https:\/\/decoplanta.com\/fr\/wp-json\/wp\/v2\/product_tag?post=3560"}],"curies":[{"name":"wp","href":"https:\/\/api.w.org\/{rel}","templated":true}]}}