{"id":3562,"date":"2021-03-19T09:51:04","date_gmt":"2021-12-25T10:03:28","guid":{"rendered":"https:\/\/decoplanta.com\/non%20class\u00e9\/mur-vegetal-fougere-mixte\/"},"modified":"2021-12-25T11:23:11","modified_gmt":"2021-12-25T10:23:11","slug":"mur-vegetal-fougere-mixte","status":"publish","type":"product","link":"https:\/\/decoplanta.com\/fr\/mur-vegetal-artificiel\/mur-vegetal-fougere-mixte\/","title":{"rendered":"Mur V\u00e9g\u00e9tal FOUG\u00c8RE MIXTE"},"content":{"rendered":"<p>Mur V\u00e9g\u00e9tal FOUG\u00c8RE MIXTE artificiel, esth\u00e9tique et finition spectaculaires, valable pour l&rsquo;int\u00e9rieur et l&rsquo;ext\u00e9rieur. Facile \u00e0 installer. Protection UV et r\u00e9sistant \u00e0 l&rsquo;eau.<\/p>\n","protected":false},"excerpt":{"rendered":"<p>Mur V\u00e9g\u00e9tal FOUG\u00c8RE MIXTE artificiel, esth\u00e9tique et finition spectaculaires, valable pour l&rsquo;int\u00e9rieur et l&rsquo;ext\u00e9rieur. Facile \u00e0 installer. Protection UV et r\u00e9sistant \u00e0 l&rsquo;eau.<\/p>\n<table>\n<tbody>\n<tr>\n<td><strong>R\u00c9F<\/strong><\/td>\n<td><strong>TAILLE DE LA PLAQUE<\/strong><\/td>\n<\/tr>\n<tr>\n<td><strong>1817006<\/strong><\/td>\n<td>50 x 50 cm<\/td>\n<\/tr>\n<\/tbody>\n<\/table>\n","protected":false},"featured_media":2569,"template":"","meta":{"_monsterinsights_skip_tracking":false,"_monsterinsights_sitenote_active":false,"_monsterinsights_sitenote_note":"","_monsterinsights_sitenote_category":0},"product_brand":[],"product_cat":[248],"product_tag":[263,269,268],"class_list":{"0":"post-3562","1":"product","2":"type-product","3":"status-publish","4":"has-post-thumbnail","6":"product_cat-mur-vegetal-artificiel","7":"product_tag-plantes-artificielles-avec-protection-uv","8":"product_tag-fougere-dinterieur","9":"product_tag-fougere-pour-lexterieur","10":"","11":"woocommerce-text-align-center","12":"woocommerce-image-align-center","13":"do-quantity-buttons","15":"first","16":"instock","17":"taxable","18":"shipping-taxable","19":"purchasable","20":"product-type-simple"},"yoast_head":"<!-- This site is optimized with the Yoast SEO plugin v27.5 - https:\/\/yoast.com\/product\/yoast-seo-wordpress\/ -->\n<title>Mur V\u00e9g\u00e9tal FOUG\u00c8RE MIXTE artificiel UV- Haut r\u00e9alisme pour d\u00e9corer<\/title>\n<meta name=\"description\" content=\"Mur V\u00e9g\u00e9tal FOUG\u00c8RE MIXTE artificiel avec protection UV et imperm\u00e9able Haut R\u00e9alisme pour d\u00e9corer int\u00e9rieurs ou ext\u00e9rieurs.\" \/>\n<meta name=\"robots\" content=\"index, follow, max-snippet:-1, max-image-preview:large, max-video-preview:-1\" \/>\n<link rel=\"canonical\" href=\"https:\/\/decoplanta.com\/fr\/mur-vegetal-artificiel\/mur-vegetal-fougere-mixte\/\" \/>\n<meta property=\"og:locale\" content=\"fr_FR\" \/>\n<meta property=\"og:type\" content=\"article\" \/>\n<meta property=\"og:title\" content=\"Mur V\u00e9g\u00e9tal FOUG\u00c8RE MIXTE artificiel UV- Haut r\u00e9alisme pour d\u00e9corer\" \/>\n<meta property=\"og:description\" content=\"Mur V\u00e9g\u00e9tal FOUG\u00c8RE MIXTE artificiel avec protection UV et imperm\u00e9able Haut R\u00e9alisme pour d\u00e9corer int\u00e9rieurs ou ext\u00e9rieurs.\" \/>\n<meta property=\"og:url\" content=\"https:\/\/decoplanta.com\/fr\/mur-vegetal-artificiel\/mur-vegetal-fougere-mixte\/\" \/>\n<meta property=\"og:site_name\" content=\"PLANTES ET ARBRES ARTIFICIELS TR\u00c8S R\u00c9ALISTES\" \/>\n<meta property=\"article:modified_time\" content=\"2021-12-25T10:23:11+00:00\" \/>\n<meta property=\"og:image\" content=\"https:\/\/decoplanta.com\/wp-content\/uploads\/2021\/03\/420881-jardin-vertical-HELECHO_MIXTO-UV.jpg\" \/>\n\t<meta property=\"og:image:width\" content=\"1000\" \/>\n\t<meta property=\"og:image:height\" content=\"1000\" \/>\n\t<meta property=\"og:image:type\" content=\"image\/jpeg\" \/>\n<meta name=\"twitter:card\" content=\"summary_large_image\" \/>\n<script type=\"application\/ld+json\" class=\"yoast-schema-graph\">{\"@context\":\"https:\\\/\\\/schema.org\",\"@graph\":[{\"@type\":\"WebPage\",\"@id\":\"https:\\\/\\\/decoplanta.com\\\/fr\\\/mur-vegetal-artificiel\\\/mur-vegetal-fougere-mixte\\\/\",\"url\":\"https:\\\/\\\/decoplanta.com\\\/fr\\\/mur-vegetal-artificiel\\\/mur-vegetal-fougere-mixte\\\/\",\"name\":\"Mur V\u00e9g\u00e9tal FOUG\u00c8RE MIXTE artificiel UV- Haut r\u00e9alisme pour d\u00e9corer\",\"isPartOf\":{\"@id\":\"https:\\\/\\\/decoplanta.com\\\/fr\\\/#website\"},\"primaryImageOfPage\":{\"@id\":\"https:\\\/\\\/decoplanta.com\\\/fr\\\/mur-vegetal-artificiel\\\/mur-vegetal-fougere-mixte\\\/#primaryimage\"},\"image\":{\"@id\":\"https:\\\/\\\/decoplanta.com\\\/fr\\\/mur-vegetal-artificiel\\\/mur-vegetal-fougere-mixte\\\/#primaryimage\"},\"thumbnailUrl\":\"https:\\\/\\\/decoplanta.com\\\/wp-content\\\/uploads\\\/2021\\\/03\\\/420881-jardin-vertical-HELECHO_MIXTO-UV.jpg\",\"datePublished\":\"2021-12-25T10:03:28+00:00\",\"dateModified\":\"2021-12-25T10:23:11+00:00\",\"description\":\"Mur V\u00e9g\u00e9tal FOUG\u00c8RE MIXTE artificiel avec protection UV et imperm\u00e9able Haut R\u00e9alisme pour d\u00e9corer int\u00e9rieurs ou ext\u00e9rieurs.\",\"breadcrumb\":{\"@id\":\"https:\\\/\\\/decoplanta.com\\\/fr\\\/mur-vegetal-artificiel\\\/mur-vegetal-fougere-mixte\\\/#breadcrumb\"},\"inLanguage\":\"fr-FR\",\"potentialAction\":[{\"@type\":\"ReadAction\",\"target\":[\"https:\\\/\\\/decoplanta.com\\\/fr\\\/mur-vegetal-artificiel\\\/mur-vegetal-fougere-mixte\\\/\"]}]},{\"@type\":\"ImageObject\",\"inLanguage\":\"fr-FR\",\"@id\":\"https:\\\/\\\/decoplanta.com\\\/fr\\\/mur-vegetal-artificiel\\\/mur-vegetal-fougere-mixte\\\/#primaryimage\",\"url\":\"https:\\\/\\\/decoplanta.com\\\/wp-content\\\/uploads\\\/2021\\\/03\\\/420881-jardin-vertical-HELECHO_MIXTO-UV.jpg\",\"contentUrl\":\"https:\\\/\\\/decoplanta.com\\\/wp-content\\\/uploads\\\/2021\\\/03\\\/420881-jardin-vertical-HELECHO_MIXTO-UV.jpg\",\"width\":1000,\"height\":1000,\"caption\":\"Mur V\u00e9g\u00e9tal FOUG\u00c8RE MIXTE artificiel UV- Haut r\u00e9alisme\"},{\"@type\":\"BreadcrumbList\",\"@id\":\"https:\\\/\\\/decoplanta.com\\\/fr\\\/mur-vegetal-artificiel\\\/mur-vegetal-fougere-mixte\\\/#breadcrumb\",\"itemListElement\":[{\"@type\":\"ListItem\",\"position\":1,\"name\":\"Portada\",\"item\":\"https:\\\/\\\/decoplanta.com\\\/fr\\\/\"},{\"@type\":\"ListItem\",\"position\":2,\"name\":\"Priv\u00e9\u00a0: Tienda\",\"item\":\"https:\\\/\\\/decoplanta.com\\\/?page_id=377\"},{\"@type\":\"ListItem\",\"position\":3,\"name\":\"Mur V\u00e9g\u00e9tal FOUG\u00c8RE MIXTE\"}]},{\"@type\":\"WebSite\",\"@id\":\"https:\\\/\\\/decoplanta.com\\\/fr\\\/#website\",\"url\":\"https:\\\/\\\/decoplanta.com\\\/fr\\\/\",\"name\":\"PLANTES ET ARBRES ARTIFICIELS TR\u00c8S R\u00c9ALISTES\",\"description\":\"Proveedor de Plantas artificiales para estudios de Arquitectura, Interiorismo, Paisajismo, Escenograf\u00eda, Tiendas de Decoraci\u00f3n Florister\u00edas y Mobiliario\",\"publisher\":{\"@id\":\"https:\\\/\\\/decoplanta.com\\\/fr\\\/#organization\"},\"potentialAction\":[{\"@type\":\"SearchAction\",\"target\":{\"@type\":\"EntryPoint\",\"urlTemplate\":\"https:\\\/\\\/decoplanta.com\\\/fr\\\/?s={search_term_string}\"},\"query-input\":{\"@type\":\"PropertyValueSpecification\",\"valueRequired\":true,\"valueName\":\"search_term_string\"}}],\"inLanguage\":\"fr-FR\"},{\"@type\":\"Organization\",\"@id\":\"https:\\\/\\\/decoplanta.com\\\/fr\\\/#organization\",\"name\":\"PLANTES ET ARBRES ARTIFICIELS TR\u00c8S R\u00c9ALISTES\",\"url\":\"https:\\\/\\\/decoplanta.com\\\/fr\\\/\",\"logo\":{\"@type\":\"ImageObject\",\"inLanguage\":\"fr-FR\",\"@id\":\"https:\\\/\\\/decoplanta.com\\\/fr\\\/#\\\/schema\\\/logo\\\/image\\\/\",\"url\":\"https:\\\/\\\/decoplanta.com\\\/wp-content\\\/uploads\\\/2021\\\/02\\\/decoplanta-logo2020.svg\",\"contentUrl\":\"https:\\\/\\\/decoplanta.com\\\/wp-content\\\/uploads\\\/2021\\\/02\\\/decoplanta-logo2020.svg\",\"width\":500,\"height\":500,\"caption\":\"PLANTES ET ARBRES ARTIFICIELS TR\u00c8S R\u00c9ALISTES\"},\"image\":{\"@id\":\"https:\\\/\\\/decoplanta.com\\\/fr\\\/#\\\/schema\\\/logo\\\/image\\\/\"}}]}<\/script>\n<!-- \/ Yoast SEO plugin. -->","yoast_head_json":{"title":"Mur V\u00e9g\u00e9tal FOUG\u00c8RE MIXTE artificiel UV- Haut r\u00e9alisme pour d\u00e9corer","description":"Mur V\u00e9g\u00e9tal FOUG\u00c8RE MIXTE artificiel avec protection UV et imperm\u00e9able Haut R\u00e9alisme pour d\u00e9corer int\u00e9rieurs ou ext\u00e9rieurs.","robots":{"index":"index","follow":"follow","max-snippet":"max-snippet:-1","max-image-preview":"max-image-preview:large","max-video-preview":"max-video-preview:-1"},"canonical":"https:\/\/decoplanta.com\/fr\/mur-vegetal-artificiel\/mur-vegetal-fougere-mixte\/","og_locale":"fr_FR","og_type":"article","og_title":"Mur V\u00e9g\u00e9tal FOUG\u00c8RE MIXTE artificiel UV- Haut r\u00e9alisme pour d\u00e9corer","og_description":"Mur V\u00e9g\u00e9tal FOUG\u00c8RE MIXTE artificiel avec protection UV et imperm\u00e9able Haut R\u00e9alisme pour d\u00e9corer int\u00e9rieurs ou ext\u00e9rieurs.","og_url":"https:\/\/decoplanta.com\/fr\/mur-vegetal-artificiel\/mur-vegetal-fougere-mixte\/","og_site_name":"PLANTES ET ARBRES ARTIFICIELS TR\u00c8S R\u00c9ALISTES","article_modified_time":"2021-12-25T10:23:11+00:00","og_image":[{"width":1000,"height":1000,"url":"https:\/\/decoplanta.com\/wp-content\/uploads\/2021\/03\/420881-jardin-vertical-HELECHO_MIXTO-UV.jpg","type":"image\/jpeg"}],"twitter_card":"summary_large_image","schema":{"@context":"https:\/\/schema.org","@graph":[{"@type":"WebPage","@id":"https:\/\/decoplanta.com\/fr\/mur-vegetal-artificiel\/mur-vegetal-fougere-mixte\/","url":"https:\/\/decoplanta.com\/fr\/mur-vegetal-artificiel\/mur-vegetal-fougere-mixte\/","name":"Mur V\u00e9g\u00e9tal FOUG\u00c8RE MIXTE artificiel UV- Haut r\u00e9alisme pour d\u00e9corer","isPartOf":{"@id":"https:\/\/decoplanta.com\/fr\/#website"},"primaryImageOfPage":{"@id":"https:\/\/decoplanta.com\/fr\/mur-vegetal-artificiel\/mur-vegetal-fougere-mixte\/#primaryimage"},"image":{"@id":"https:\/\/decoplanta.com\/fr\/mur-vegetal-artificiel\/mur-vegetal-fougere-mixte\/#primaryimage"},"thumbnailUrl":"https:\/\/decoplanta.com\/wp-content\/uploads\/2021\/03\/420881-jardin-vertical-HELECHO_MIXTO-UV.jpg","datePublished":"2021-12-25T10:03:28+00:00","dateModified":"2021-12-25T10:23:11+00:00","description":"Mur V\u00e9g\u00e9tal FOUG\u00c8RE MIXTE artificiel avec protection UV et imperm\u00e9able Haut R\u00e9alisme pour d\u00e9corer int\u00e9rieurs ou ext\u00e9rieurs.","breadcrumb":{"@id":"https:\/\/decoplanta.com\/fr\/mur-vegetal-artificiel\/mur-vegetal-fougere-mixte\/#breadcrumb"},"inLanguage":"fr-FR","potentialAction":[{"@type":"ReadAction","target":["https:\/\/decoplanta.com\/fr\/mur-vegetal-artificiel\/mur-vegetal-fougere-mixte\/"]}]},{"@type":"ImageObject","inLanguage":"fr-FR","@id":"https:\/\/decoplanta.com\/fr\/mur-vegetal-artificiel\/mur-vegetal-fougere-mixte\/#primaryimage","url":"https:\/\/decoplanta.com\/wp-content\/uploads\/2021\/03\/420881-jardin-vertical-HELECHO_MIXTO-UV.jpg","contentUrl":"https:\/\/decoplanta.com\/wp-content\/uploads\/2021\/03\/420881-jardin-vertical-HELECHO_MIXTO-UV.jpg","width":1000,"height":1000,"caption":"Mur V\u00e9g\u00e9tal FOUG\u00c8RE MIXTE artificiel UV- Haut r\u00e9alisme"},{"@type":"BreadcrumbList","@id":"https:\/\/decoplanta.com\/fr\/mur-vegetal-artificiel\/mur-vegetal-fougere-mixte\/#breadcrumb","itemListElement":[{"@type":"ListItem","position":1,"name":"Portada","item":"https:\/\/decoplanta.com\/fr\/"},{"@type":"ListItem","position":2,"name":"Priv\u00e9\u00a0: Tienda","item":"https:\/\/decoplanta.com\/?page_id=377"},{"@type":"ListItem","position":3,"name":"Mur V\u00e9g\u00e9tal FOUG\u00c8RE MIXTE"}]},{"@type":"WebSite","@id":"https:\/\/decoplanta.com\/fr\/#website","url":"https:\/\/decoplanta.com\/fr\/","name":"PLANTES ET ARBRES ARTIFICIELS TR\u00c8S R\u00c9ALISTES","description":"Proveedor de Plantas artificiales para estudios de Arquitectura, Interiorismo, Paisajismo, Escenograf\u00eda, Tiendas de Decoraci\u00f3n Florister\u00edas y Mobiliario","publisher":{"@id":"https:\/\/decoplanta.com\/fr\/#organization"},"potentialAction":[{"@type":"SearchAction","target":{"@type":"EntryPoint","urlTemplate":"https:\/\/decoplanta.com\/fr\/?s={search_term_string}"},"query-input":{"@type":"PropertyValueSpecification","valueRequired":true,"valueName":"search_term_string"}}],"inLanguage":"fr-FR"},{"@type":"Organization","@id":"https:\/\/decoplanta.com\/fr\/#organization","name":"PLANTES ET ARBRES ARTIFICIELS TR\u00c8S R\u00c9ALISTES","url":"https:\/\/decoplanta.com\/fr\/","logo":{"@type":"ImageObject","inLanguage":"fr-FR","@id":"https:\/\/decoplanta.com\/fr\/#\/schema\/logo\/image\/","url":"https:\/\/decoplanta.com\/wp-content\/uploads\/2021\/02\/decoplanta-logo2020.svg","contentUrl":"https:\/\/decoplanta.com\/wp-content\/uploads\/2021\/02\/decoplanta-logo2020.svg","width":500,"height":500,"caption":"PLANTES ET ARBRES ARTIFICIELS TR\u00c8S R\u00c9ALISTES"},"image":{"@id":"https:\/\/decoplanta.com\/fr\/#\/schema\/logo\/image\/"}}]}},"_links":{"self":[{"href":"https:\/\/decoplanta.com\/fr\/wp-json\/wp\/v2\/product\/3562","targetHints":{"allow":["GET"]}}],"collection":[{"href":"https:\/\/decoplanta.com\/fr\/wp-json\/wp\/v2\/product"}],"about":[{"href":"https:\/\/decoplanta.com\/fr\/wp-json\/wp\/v2\/types\/product"}],"version-history":[{"count":0,"href":"https:\/\/decoplanta.com\/fr\/wp-json\/wp\/v2\/product\/3562\/revisions"}],"wp:featuredmedia":[{"embeddable":true,"href":"https:\/\/decoplanta.com\/fr\/wp-json\/wp\/v2\/media\/2569"}],"wp:attachment":[{"href":"https:\/\/decoplanta.com\/fr\/wp-json\/wp\/v2\/media?parent=3562"}],"wp:term":[{"taxonomy":"product_brand","embeddable":true,"href":"https:\/\/decoplanta.com\/fr\/wp-json\/wp\/v2\/product_brand?post=3562"},{"taxonomy":"product_cat","embeddable":true,"href":"https:\/\/decoplanta.com\/fr\/wp-json\/wp\/v2\/product_cat?post=3562"},{"taxonomy":"product_tag","embeddable":true,"href":"https:\/\/decoplanta.com\/fr\/wp-json\/wp\/v2\/product_tag?post=3562"}],"curies":[{"name":"wp","href":"https:\/\/api.w.org\/{rel}","templated":true}]}}