{"id":3572,"date":"2021-03-18T21:21:52","date_gmt":"2021-12-25T12:41:26","guid":{"rendered":"https:\/\/decoplanta.com\/non%20class\u00e9\/arbuste-junco\/"},"modified":"2025-02-02T10:13:36","modified_gmt":"2025-02-02T09:13:36","slug":"arbuste-junco","status":"publish","type":"product","link":"https:\/\/decoplanta.com\/fr\/plantes-pour-lexterieur-artificielles\/arbuste-junco\/","title":{"rendered":"Arbuste JUNCO avec pot"},"content":{"rendered":"<p>ARBUSTE artificiel de type JUNCO d&rsquo;un r\u00e9alisme incroyable. Comprend un traitement UV sp\u00e9cifique pour les ext\u00e9rieurs. Le soleil et l&rsquo;eau ne seront pas un obstacle pour rester comme au premier jour. Disponible avec un pot de base ou sans pot. Il est vendu en cartons indivisibles selon r\u00e9f\u00e9rence. Nous avons \u00e9galement le m\u00eame buisson \u00e0 cliquer et \u00e0 d\u00e9corer sur <a href=\"https:\/\/decoplanta.com\/pincha-y-decora\/arbusto-de-junco-90cm\/\" target=\"_blank\" rel=\"noopener\">notre site Web<\/a> .<\/p>\n<h2>\u00c0 quoi ressemble l&rsquo;arbuste de type roseau artificiel?<\/h2>\n<p>Les Arbustes de type <a href=\"https:\/\/es.wikipedia.org\/wiki\/Junco\" target=\"_blank\" rel=\"noopener\">JUNCO<\/a> sont des plantes qui n&rsquo;ont pas de tiges ligneuses. Le vert est leur couleur pr\u00e9dominante, et aussi quand ils portent des fruits, ils produisent de nombreuses graines. Ils ont un \u00e9pi comme un type d&rsquo;inflorescence rac\u00e9meuse dans laquelle l&rsquo;axe ou le rachis est allong\u00e9 et les fleurs sont sessiles.<\/p>\n<p>Les roseaux sont les esp\u00e8ces v\u00e9g\u00e9tales qui ont eu le plus de succ\u00e8s \u00e9volutif. On peut les trouver pratiquement partout sur la plan\u00e8te, et ils pourraient \u00e0 terme devenir les grands survivants en cas de catastrophe mondiale. Mais \u00e0 quoi ressemblent les roseaux ?<\/p>\n<p>Les plantes peuvent \u00eatre class\u00e9es de plusieurs mani\u00e8res. L&rsquo;une des classifications les plus utilis\u00e9es est la taille qu&rsquo;ils atteignent. Cependant, il est normal que des doutes surgissent sur ce qu&rsquo;est une herbe, un buisson et un arbre, puisque parfois vous pouvez trouver des d\u00e9finitions qui diff\u00e8rent un peu entre eux.<\/p>\n<p>L&rsquo;arbuste de type <b>jonc<\/b> appartient \u00e0 la famille des <a title=\"Juncac\u00e9es\" href=\"https:\/\/es.wikipedia.org\/wiki\/Juncaceae\">Juncaceae<\/a> (les joncs). Il existe de nombreuses esp\u00e8ces de plantes <a class=\"mw-redirect\" title=\"\" href=\"https:\/\/es.wikipedia.org\/wiki\/Monocotiled%C3%B3neas\">monocotyl\u00e9dones<\/a> li\u00e9es \u00e0 l&rsquo;eau ou aux zones humides, d&rsquo;une hauteur moyenne de 50 cm ou plus. Elles sont presque toujours radicales et <a title=\"rhizome\" href=\"https:\/\/es.wikipedia.org\/wiki\/Rizoma\">rhizomateuses<\/a> , \u00e0 tiges dress\u00e9es ou ascendantes, cylindriques ou comprim\u00e9es. Mais ils sont inclus dans plusieurs genres, notamment les familles <a title=\"Juncac\u00e9es\" href=\"https:\/\/es.wikipedia.org\/wiki\/Juncaceae\">Juncaceae<\/a> et <a title=\"Cyp\u00e9rac\u00e9es\" href=\"https:\/\/es.wikipedia.org\/wiki\/Cyperaceae\">Cyperaceae<\/a> .<\/p>\n<h2>Comment d\u00e9corer avec le Junco ?<\/h2>\n<p>Le Junco est habituellement utilis\u00e9 comme symbole d&rsquo;abondance, ou d&rsquo;adoration \u00e0 la d\u00e9esse C\u00e9r\u00e8s car, selon la mythologie, elle \u00e9tait l&rsquo;inventrice de la mani\u00e8re de semer et de r\u00e9colter le bl\u00e9 et les c\u00e9r\u00e9ales, dans laquelle elle eut Triptol\u00e8me comme \u00e9l\u00e8ve. Un exemple de la premi\u00e8re est de nombreuses m\u00e9dailles, dans lesquelles un seul pic peut \u00eatre vu, comme dans celles d&rsquo;Artaclia.<\/p>\n<p>De plus, elles <strong>sont \u00e9galement excellentes comme plantes de jardin ou de terrasse<\/strong> , car s&rsquo;il est vrai qu&rsquo;elles ne produisent g\u00e9n\u00e9ralement pas de fleurs tr\u00e8s voyantes, leurs tiges et leurs feuilles ont une merveilleuse \u00e9l\u00e9gance.<\/p>\n<p>Ce que nous appelons <strong>jonc<\/strong> est un ensemble de plantes d&rsquo;une grande importance pour l&rsquo;humanit\u00e9, car il existe de nombreuses esp\u00e8ces qui ont une certaine utilit\u00e9, comme la fabrication de paniers ou de toits.<\/p>\n<p>&nbsp;<\/p>\n","protected":false},"excerpt":{"rendered":"<p>Buisson type JUNCO d&rsquo;un r\u00e9alisme incroyable. Comprend un traitement UV sp\u00e9cifique pour les ext\u00e9rieurs. Le soleil et l&rsquo;eau ne seront pas un obstacle pour rester comme au premier jour. Livr\u00e9 avec un pot de base.<\/p>\n<table>\n<tbody>\n<tr>\n<td><strong>R\u00c9F<\/strong><\/td>\n<td><strong>HAUTEUR<\/strong><\/td>\n<\/tr>\n<tr>\n<td>421422<\/td>\n<td>90 cm<\/td>\n<\/tr>\n<tr>\n<td>421423<\/td>\n<td>115 cm<\/td>\n<\/tr>\n<\/tbody>\n<\/table>\n","protected":false},"featured_media":2558,"template":"","meta":{"_monsterinsights_skip_tracking":false,"_monsterinsights_sitenote_active":false,"_monsterinsights_sitenote_note":"","_monsterinsights_sitenote_category":0},"product_brand":[],"product_cat":[250],"product_tag":[263],"class_list":{"0":"post-3572","1":"product","2":"type-product","3":"status-publish","4":"has-post-thumbnail","6":"product_cat-plantes-pour-lexterieur-artificielles","7":"product_tag-plantes-artificielles-avec-protection-uv","8":"","9":"woocommerce-text-align-center","10":"woocommerce-image-align-center","11":"do-quantity-buttons","13":"first","14":"instock","15":"taxable","16":"shipping-taxable","17":"purchasable","18":"product-type-variable","19":"has-default-attributes"},"yoast_head":"<!-- This site is optimized with the Yoast SEO plugin v27.5 - https:\/\/yoast.com\/product\/yoast-seo-wordpress\/ -->\n<title>Arbuste artificiel JUNCO de grand r\u00e9alisme-UV traitement Ext\u00e9rieur<\/title>\n<meta name=\"description\" content=\"ARBUSTE artificiel JUNCO d&#039;un r\u00e9alisme incroyable. Comprend un traitement UV sp\u00e9cifique pour les ext\u00e9rieurs. Disponible en 2 hauteurs\" \/>\n<meta name=\"robots\" content=\"index, follow, max-snippet:-1, max-image-preview:large, max-video-preview:-1\" \/>\n<link rel=\"canonical\" href=\"https:\/\/decoplanta.com\/fr\/plantes-pour-lexterieur-artificielles\/arbuste-junco\/\" \/>\n<meta property=\"og:locale\" content=\"fr_FR\" \/>\n<meta property=\"og:type\" content=\"article\" \/>\n<meta property=\"og:title\" content=\"Arbuste artificiel JUNCO de grand r\u00e9alisme-UV traitement Ext\u00e9rieur\" \/>\n<meta property=\"og:description\" content=\"ARBUSTE artificiel JUNCO d&#039;un r\u00e9alisme incroyable. Comprend un traitement UV sp\u00e9cifique pour les ext\u00e9rieurs. Disponible en 2 hauteurs\" \/>\n<meta property=\"og:url\" content=\"https:\/\/decoplanta.com\/fr\/plantes-pour-lexterieur-artificielles\/arbuste-junco\/\" \/>\n<meta property=\"og:site_name\" content=\"PLANTES ET ARBRES ARTIFICIELS TR\u00c8S R\u00c9ALISTES\" \/>\n<meta property=\"article:modified_time\" content=\"2025-02-02T09:13:36+00:00\" \/>\n<meta property=\"og:image\" content=\"https:\/\/decoplanta.com\/wp-content\/uploads\/2021\/03\/421423-arbusto-tipo-junco-115M.jpg\" \/>\n\t<meta property=\"og:image:width\" content=\"2250\" \/>\n\t<meta property=\"og:image:height\" content=\"2250\" \/>\n\t<meta property=\"og:image:type\" content=\"image\/jpeg\" \/>\n<meta name=\"twitter:card\" content=\"summary_large_image\" \/>\n<meta name=\"twitter:label1\" content=\"Dur\u00e9e de lecture estim\u00e9e\" \/>\n\t<meta name=\"twitter:data1\" content=\"3 minutes\" \/>\n<script type=\"application\/ld+json\" class=\"yoast-schema-graph\">{\"@context\":\"https:\\\/\\\/schema.org\",\"@graph\":[{\"@type\":\"WebPage\",\"@id\":\"https:\\\/\\\/decoplanta.com\\\/fr\\\/plantes-pour-lexterieur-artificielles\\\/arbuste-junco\\\/\",\"url\":\"https:\\\/\\\/decoplanta.com\\\/fr\\\/plantes-pour-lexterieur-artificielles\\\/arbuste-junco\\\/\",\"name\":\"Arbuste artificiel JUNCO de grand r\u00e9alisme-UV traitement Ext\u00e9rieur\",\"isPartOf\":{\"@id\":\"https:\\\/\\\/decoplanta.com\\\/fr\\\/#website\"},\"primaryImageOfPage\":{\"@id\":\"https:\\\/\\\/decoplanta.com\\\/fr\\\/plantes-pour-lexterieur-artificielles\\\/arbuste-junco\\\/#primaryimage\"},\"image\":{\"@id\":\"https:\\\/\\\/decoplanta.com\\\/fr\\\/plantes-pour-lexterieur-artificielles\\\/arbuste-junco\\\/#primaryimage\"},\"thumbnailUrl\":\"https:\\\/\\\/decoplanta.com\\\/wp-content\\\/uploads\\\/2021\\\/03\\\/421423-arbusto-tipo-junco-115M.jpg\",\"datePublished\":\"2021-12-25T12:41:26+00:00\",\"dateModified\":\"2025-02-02T09:13:36+00:00\",\"description\":\"ARBUSTE artificiel JUNCO d'un r\u00e9alisme incroyable. Comprend un traitement UV sp\u00e9cifique pour les ext\u00e9rieurs. Disponible en 2 hauteurs\",\"breadcrumb\":{\"@id\":\"https:\\\/\\\/decoplanta.com\\\/fr\\\/plantes-pour-lexterieur-artificielles\\\/arbuste-junco\\\/#breadcrumb\"},\"inLanguage\":\"fr-FR\",\"potentialAction\":[{\"@type\":\"ReadAction\",\"target\":[\"https:\\\/\\\/decoplanta.com\\\/fr\\\/plantes-pour-lexterieur-artificielles\\\/arbuste-junco\\\/\"]}]},{\"@type\":\"ImageObject\",\"inLanguage\":\"fr-FR\",\"@id\":\"https:\\\/\\\/decoplanta.com\\\/fr\\\/plantes-pour-lexterieur-artificielles\\\/arbuste-junco\\\/#primaryimage\",\"url\":\"https:\\\/\\\/decoplanta.com\\\/wp-content\\\/uploads\\\/2021\\\/03\\\/421423-arbusto-tipo-junco-115M.jpg\",\"contentUrl\":\"https:\\\/\\\/decoplanta.com\\\/wp-content\\\/uploads\\\/2021\\\/03\\\/421423-arbusto-tipo-junco-115M.jpg\",\"width\":2250,\"height\":2250,\"caption\":\"Arbuste artificiel de type JUNCO de 115 cm de haut avec pot de base\"},{\"@type\":\"BreadcrumbList\",\"@id\":\"https:\\\/\\\/decoplanta.com\\\/fr\\\/plantes-pour-lexterieur-artificielles\\\/arbuste-junco\\\/#breadcrumb\",\"itemListElement\":[{\"@type\":\"ListItem\",\"position\":1,\"name\":\"Portada\",\"item\":\"https:\\\/\\\/decoplanta.com\\\/fr\\\/\"},{\"@type\":\"ListItem\",\"position\":2,\"name\":\"Priv\u00e9\u00a0: Tienda\",\"item\":\"https:\\\/\\\/decoplanta.com\\\/?page_id=377\"},{\"@type\":\"ListItem\",\"position\":3,\"name\":\"Arbuste JUNCO avec pot\"}]},{\"@type\":\"WebSite\",\"@id\":\"https:\\\/\\\/decoplanta.com\\\/fr\\\/#website\",\"url\":\"https:\\\/\\\/decoplanta.com\\\/fr\\\/\",\"name\":\"PLANTES ET ARBRES ARTIFICIELS TR\u00c8S R\u00c9ALISTES\",\"description\":\"Proveedor de Plantas artificiales para estudios de Arquitectura, Interiorismo, Paisajismo, Escenograf\u00eda, Tiendas de Decoraci\u00f3n Florister\u00edas y Mobiliario\",\"publisher\":{\"@id\":\"https:\\\/\\\/decoplanta.com\\\/fr\\\/#organization\"},\"potentialAction\":[{\"@type\":\"SearchAction\",\"target\":{\"@type\":\"EntryPoint\",\"urlTemplate\":\"https:\\\/\\\/decoplanta.com\\\/fr\\\/?s={search_term_string}\"},\"query-input\":{\"@type\":\"PropertyValueSpecification\",\"valueRequired\":true,\"valueName\":\"search_term_string\"}}],\"inLanguage\":\"fr-FR\"},{\"@type\":\"Organization\",\"@id\":\"https:\\\/\\\/decoplanta.com\\\/fr\\\/#organization\",\"name\":\"PLANTES ET ARBRES ARTIFICIELS TR\u00c8S R\u00c9ALISTES\",\"url\":\"https:\\\/\\\/decoplanta.com\\\/fr\\\/\",\"logo\":{\"@type\":\"ImageObject\",\"inLanguage\":\"fr-FR\",\"@id\":\"https:\\\/\\\/decoplanta.com\\\/fr\\\/#\\\/schema\\\/logo\\\/image\\\/\",\"url\":\"https:\\\/\\\/decoplanta.com\\\/wp-content\\\/uploads\\\/2021\\\/02\\\/decoplanta-logo2020.svg\",\"contentUrl\":\"https:\\\/\\\/decoplanta.com\\\/wp-content\\\/uploads\\\/2021\\\/02\\\/decoplanta-logo2020.svg\",\"width\":500,\"height\":500,\"caption\":\"PLANTES ET ARBRES ARTIFICIELS TR\u00c8S R\u00c9ALISTES\"},\"image\":{\"@id\":\"https:\\\/\\\/decoplanta.com\\\/fr\\\/#\\\/schema\\\/logo\\\/image\\\/\"}}]}<\/script>\n<!-- \/ Yoast SEO plugin. -->","yoast_head_json":{"title":"Arbuste artificiel JUNCO de grand r\u00e9alisme-UV traitement Ext\u00e9rieur","description":"ARBUSTE artificiel JUNCO d'un r\u00e9alisme incroyable. Comprend un traitement UV sp\u00e9cifique pour les ext\u00e9rieurs. Disponible en 2 hauteurs","robots":{"index":"index","follow":"follow","max-snippet":"max-snippet:-1","max-image-preview":"max-image-preview:large","max-video-preview":"max-video-preview:-1"},"canonical":"https:\/\/decoplanta.com\/fr\/plantes-pour-lexterieur-artificielles\/arbuste-junco\/","og_locale":"fr_FR","og_type":"article","og_title":"Arbuste artificiel JUNCO de grand r\u00e9alisme-UV traitement Ext\u00e9rieur","og_description":"ARBUSTE artificiel JUNCO d'un r\u00e9alisme incroyable. Comprend un traitement UV sp\u00e9cifique pour les ext\u00e9rieurs. Disponible en 2 hauteurs","og_url":"https:\/\/decoplanta.com\/fr\/plantes-pour-lexterieur-artificielles\/arbuste-junco\/","og_site_name":"PLANTES ET ARBRES ARTIFICIELS TR\u00c8S R\u00c9ALISTES","article_modified_time":"2025-02-02T09:13:36+00:00","og_image":[{"width":2250,"height":2250,"url":"https:\/\/decoplanta.com\/wp-content\/uploads\/2021\/03\/421423-arbusto-tipo-junco-115M.jpg","type":"image\/jpeg"}],"twitter_card":"summary_large_image","twitter_misc":{"Dur\u00e9e de lecture estim\u00e9e":"3 minutes"},"schema":{"@context":"https:\/\/schema.org","@graph":[{"@type":"WebPage","@id":"https:\/\/decoplanta.com\/fr\/plantes-pour-lexterieur-artificielles\/arbuste-junco\/","url":"https:\/\/decoplanta.com\/fr\/plantes-pour-lexterieur-artificielles\/arbuste-junco\/","name":"Arbuste artificiel JUNCO de grand r\u00e9alisme-UV traitement Ext\u00e9rieur","isPartOf":{"@id":"https:\/\/decoplanta.com\/fr\/#website"},"primaryImageOfPage":{"@id":"https:\/\/decoplanta.com\/fr\/plantes-pour-lexterieur-artificielles\/arbuste-junco\/#primaryimage"},"image":{"@id":"https:\/\/decoplanta.com\/fr\/plantes-pour-lexterieur-artificielles\/arbuste-junco\/#primaryimage"},"thumbnailUrl":"https:\/\/decoplanta.com\/wp-content\/uploads\/2021\/03\/421423-arbusto-tipo-junco-115M.jpg","datePublished":"2021-12-25T12:41:26+00:00","dateModified":"2025-02-02T09:13:36+00:00","description":"ARBUSTE artificiel JUNCO d'un r\u00e9alisme incroyable. Comprend un traitement UV sp\u00e9cifique pour les ext\u00e9rieurs. Disponible en 2 hauteurs","breadcrumb":{"@id":"https:\/\/decoplanta.com\/fr\/plantes-pour-lexterieur-artificielles\/arbuste-junco\/#breadcrumb"},"inLanguage":"fr-FR","potentialAction":[{"@type":"ReadAction","target":["https:\/\/decoplanta.com\/fr\/plantes-pour-lexterieur-artificielles\/arbuste-junco\/"]}]},{"@type":"ImageObject","inLanguage":"fr-FR","@id":"https:\/\/decoplanta.com\/fr\/plantes-pour-lexterieur-artificielles\/arbuste-junco\/#primaryimage","url":"https:\/\/decoplanta.com\/wp-content\/uploads\/2021\/03\/421423-arbusto-tipo-junco-115M.jpg","contentUrl":"https:\/\/decoplanta.com\/wp-content\/uploads\/2021\/03\/421423-arbusto-tipo-junco-115M.jpg","width":2250,"height":2250,"caption":"Arbuste artificiel de type JUNCO de 115 cm de haut avec pot de base"},{"@type":"BreadcrumbList","@id":"https:\/\/decoplanta.com\/fr\/plantes-pour-lexterieur-artificielles\/arbuste-junco\/#breadcrumb","itemListElement":[{"@type":"ListItem","position":1,"name":"Portada","item":"https:\/\/decoplanta.com\/fr\/"},{"@type":"ListItem","position":2,"name":"Priv\u00e9\u00a0: Tienda","item":"https:\/\/decoplanta.com\/?page_id=377"},{"@type":"ListItem","position":3,"name":"Arbuste JUNCO avec pot"}]},{"@type":"WebSite","@id":"https:\/\/decoplanta.com\/fr\/#website","url":"https:\/\/decoplanta.com\/fr\/","name":"PLANTES ET ARBRES ARTIFICIELS TR\u00c8S R\u00c9ALISTES","description":"Proveedor de Plantas artificiales para estudios de Arquitectura, Interiorismo, Paisajismo, Escenograf\u00eda, Tiendas de Decoraci\u00f3n Florister\u00edas y Mobiliario","publisher":{"@id":"https:\/\/decoplanta.com\/fr\/#organization"},"potentialAction":[{"@type":"SearchAction","target":{"@type":"EntryPoint","urlTemplate":"https:\/\/decoplanta.com\/fr\/?s={search_term_string}"},"query-input":{"@type":"PropertyValueSpecification","valueRequired":true,"valueName":"search_term_string"}}],"inLanguage":"fr-FR"},{"@type":"Organization","@id":"https:\/\/decoplanta.com\/fr\/#organization","name":"PLANTES ET ARBRES ARTIFICIELS TR\u00c8S R\u00c9ALISTES","url":"https:\/\/decoplanta.com\/fr\/","logo":{"@type":"ImageObject","inLanguage":"fr-FR","@id":"https:\/\/decoplanta.com\/fr\/#\/schema\/logo\/image\/","url":"https:\/\/decoplanta.com\/wp-content\/uploads\/2021\/02\/decoplanta-logo2020.svg","contentUrl":"https:\/\/decoplanta.com\/wp-content\/uploads\/2021\/02\/decoplanta-logo2020.svg","width":500,"height":500,"caption":"PLANTES ET ARBRES ARTIFICIELS TR\u00c8S R\u00c9ALISTES"},"image":{"@id":"https:\/\/decoplanta.com\/fr\/#\/schema\/logo\/image\/"}}]}},"_links":{"self":[{"href":"https:\/\/decoplanta.com\/fr\/wp-json\/wp\/v2\/product\/3572","targetHints":{"allow":["GET"]}}],"collection":[{"href":"https:\/\/decoplanta.com\/fr\/wp-json\/wp\/v2\/product"}],"about":[{"href":"https:\/\/decoplanta.com\/fr\/wp-json\/wp\/v2\/types\/product"}],"version-history":[{"count":0,"href":"https:\/\/decoplanta.com\/fr\/wp-json\/wp\/v2\/product\/3572\/revisions"}],"wp:featuredmedia":[{"embeddable":true,"href":"https:\/\/decoplanta.com\/fr\/wp-json\/wp\/v2\/media\/2558"}],"wp:attachment":[{"href":"https:\/\/decoplanta.com\/fr\/wp-json\/wp\/v2\/media?parent=3572"}],"wp:term":[{"taxonomy":"product_brand","embeddable":true,"href":"https:\/\/decoplanta.com\/fr\/wp-json\/wp\/v2\/product_brand?post=3572"},{"taxonomy":"product_cat","embeddable":true,"href":"https:\/\/decoplanta.com\/fr\/wp-json\/wp\/v2\/product_cat?post=3572"},{"taxonomy":"product_tag","embeddable":true,"href":"https:\/\/decoplanta.com\/fr\/wp-json\/wp\/v2\/product_tag?post=3572"}],"curies":[{"name":"wp","href":"https:\/\/api.w.org\/{rel}","templated":true}]}}