{"id":3585,"date":"2021-03-18T20:54:32","date_gmt":"2021-12-25T12:41:28","guid":{"rendered":"https:\/\/decoplanta.com\/non%20class\u00e9\/haie-de-buis-xl\/"},"modified":"2023-05-04T10:36:54","modified_gmt":"2023-05-04T09:36:54","slug":"haie-de-buis-xl","status":"publish","type":"product","link":"https:\/\/decoplanta.com\/fr\/plantes-pour-lexterieur-artificielles\/haie-de-buis-xl\/","title":{"rendered":"Haie de buis XL"},"content":{"rendered":"<p>Grand Haie de Buis artificiel XL est une plante d\u00e9corative, largement utilis\u00e9e pour organiser et structurer des espaces tels que des terrasses, des couloirs, etc. Projette une image d&rsquo;\u00e9lagage r\u00e9cente. Il peut \u00eatre pos\u00e9 sur une jardini\u00e8re ou adapt\u00e9 \u00e0 d&rsquo;autres supports. Comprend un traitement UV sp\u00e9cifique pour les ext\u00e9rieurs. Le soleil et l&rsquo;eau ne seront pas un obstacle pour rester comme au premier jour. Dimensions : 100 x 20 x 50 cm. (Longueur x Largeur x Hauteur)<\/p>\n<h3>O\u00f9 pouvez-vous inclure cette haie de buis XL ?<\/h3>\n<p>C&rsquo;est un type d&rsquo;arbuste ou d&rsquo;arbre tr\u00e8s typique dans tout espace de restauration, comme dans les restaurants avec terrasse du quartier de Salamanca \u00e0 Madrid (Site national de r\u00e9f\u00e9rence du luxe et de la bourgeoisie du pays). A titre d&rsquo;exemple, prenons les magasins Loewe, Armani, Louis Vuitton, ou encore la prestigieuse marque Prada, utilisent ce type d&rsquo;arbre d\u00e9coratif sur les fa\u00e7ades de leurs prestigieuses boutiques de plain-pied. Il est vrai que c&rsquo;est courant dans ce type d&rsquo;\u00e9tablissements, mais cela n&rsquo;enl\u00e8ve rien \u00e0 l&rsquo;\u00e9l\u00e9gance ni au design ou \u00e0 l&rsquo;image de marque.<\/p>\n<h3>Quel est l&rsquo;objectif de cette haie ?<\/h3>\n<p>Le but de cette Grand Haie de Buis artificiel XL ou arbre de buis artificiel en forme de haie est de cr\u00e9er un style de design global avec style, \u00e9l\u00e9gance et en m\u00eame temps conventionnel. Il est utilis\u00e9 pour s\u00e9parer les espaces de mani\u00e8re naturelle dans les jardins ou les terrasses. Il ne se d\u00e9mode jamais, mais est per\u00e7u et maintenu comme une image intrins\u00e8que de la marque, et ce sera toujours un style valable \u00e0 tout moment.<\/p>\n","protected":false},"excerpt":{"rendered":"<p>La Haie de Buis artificiel XL est une plante d\u00e9corative, largement utilis\u00e9e pour organiser et structurer des espaces tels que des terrasses, des couloirs, etc. Projette une image d&rsquo;\u00e9lagage r\u00e9cente. Il peut \u00eatre pos\u00e9 sur une pot ou adapt\u00e9 \u00e0 d&rsquo;autres supports. Comprend un traitement UV sp\u00e9cifique pour les ext\u00e9rieurs. Le soleil et l&rsquo;eau ne seront pas un obstacle pour rester comme au premier jour. Dimensions : 100 x 20 x 50 cm. (Longueur x Largeur x Hauteur)<\/p>\n<table>\n<tbody>\n<tr>\n<td><strong>R\u00c9F<\/strong><\/td>\n<td><strong>MESURES (Longueur x largeur x hauteur)<\/strong><\/td>\n<\/tr>\n<tr>\n<td><strong>428566<\/strong><\/td>\n<td>100 x 20 x 50 cm<\/td>\n<\/tr>\n<\/tbody>\n<\/table>\n","protected":false},"featured_media":2561,"template":"","meta":{"_monsterinsights_skip_tracking":false,"_monsterinsights_sitenote_active":false,"_monsterinsights_sitenote_note":"","_monsterinsights_sitenote_category":0},"product_brand":[],"product_cat":[250],"product_tag":[263,259],"class_list":{"0":"post-3585","1":"product","2":"type-product","3":"status-publish","4":"has-post-thumbnail","6":"product_cat-plantes-pour-lexterieur-artificielles","7":"product_tag-plantes-artificielles-avec-protection-uv","8":"product_tag-buis-pour-lexterieur","9":"","10":"woocommerce-text-align-center","11":"woocommerce-image-align-center","12":"do-quantity-buttons","14":"first","15":"instock","16":"taxable","17":"shipping-taxable","18":"purchasable","19":"product-type-simple"},"yoast_head":"<!-- This site is optimized with the Yoast SEO plugin v27.5 - https:\/\/yoast.com\/product\/yoast-seo-wordpress\/ -->\n<title>Grand Haie de Buis XL artificiel - 50cm \/ haut. UV - Haut r\u00e9alisme<\/title>\n<meta name=\"description\" content=\"Grand Haie de Buis XL artificiel - Plante d\u00e9corative utilis\u00e9e pour organiser des terrasses. Haut r\u00e9alisme et traitement UV pour l&#039;ext\u00e9rieur\" \/>\n<meta name=\"robots\" content=\"index, follow, max-snippet:-1, max-image-preview:large, max-video-preview:-1\" \/>\n<link rel=\"canonical\" href=\"https:\/\/decoplanta.com\/fr\/plantes-pour-lexterieur-artificielles\/haie-de-buis-xl\/\" \/>\n<meta property=\"og:locale\" content=\"fr_FR\" \/>\n<meta property=\"og:type\" content=\"article\" \/>\n<meta property=\"og:title\" content=\"Grand Haie de Buis XL artificiel - 50cm \/ haut. UV - Haut r\u00e9alisme\" \/>\n<meta property=\"og:description\" content=\"Grand Haie de Buis XL artificiel - Plante d\u00e9corative utilis\u00e9e pour organiser des terrasses. Haut r\u00e9alisme et traitement UV pour l&#039;ext\u00e9rieur\" \/>\n<meta property=\"og:url\" content=\"https:\/\/decoplanta.com\/fr\/plantes-pour-lexterieur-artificielles\/haie-de-buis-xl\/\" \/>\n<meta property=\"og:site_name\" content=\"PLANTES ET ARBRES ARTIFICIELS TR\u00c8S R\u00c9ALISTES\" \/>\n<meta property=\"article:modified_time\" content=\"2023-05-04T09:36:54+00:00\" \/>\n<meta property=\"og:image\" content=\"https:\/\/decoplanta.com\/wp-content\/uploads\/2021\/03\/422485-planta-valla-boj-XL.jpg\" \/>\n\t<meta property=\"og:image:width\" content=\"1850\" \/>\n\t<meta property=\"og:image:height\" content=\"1851\" \/>\n\t<meta property=\"og:image:type\" content=\"image\/jpeg\" \/>\n<meta name=\"twitter:card\" content=\"summary_large_image\" \/>\n<meta name=\"twitter:label1\" content=\"Dur\u00e9e de lecture estim\u00e9e\" \/>\n\t<meta name=\"twitter:data1\" content=\"2 minutes\" \/>\n<script type=\"application\/ld+json\" class=\"yoast-schema-graph\">{\"@context\":\"https:\\\/\\\/schema.org\",\"@graph\":[{\"@type\":\"WebPage\",\"@id\":\"https:\\\/\\\/decoplanta.com\\\/fr\\\/plantes-pour-lexterieur-artificielles\\\/haie-de-buis-xl\\\/\",\"url\":\"https:\\\/\\\/decoplanta.com\\\/fr\\\/plantes-pour-lexterieur-artificielles\\\/haie-de-buis-xl\\\/\",\"name\":\"Grand Haie de Buis XL artificiel - 50cm \\\/ haut. UV - Haut r\u00e9alisme\",\"isPartOf\":{\"@id\":\"https:\\\/\\\/decoplanta.com\\\/fr\\\/#website\"},\"primaryImageOfPage\":{\"@id\":\"https:\\\/\\\/decoplanta.com\\\/fr\\\/plantes-pour-lexterieur-artificielles\\\/haie-de-buis-xl\\\/#primaryimage\"},\"image\":{\"@id\":\"https:\\\/\\\/decoplanta.com\\\/fr\\\/plantes-pour-lexterieur-artificielles\\\/haie-de-buis-xl\\\/#primaryimage\"},\"thumbnailUrl\":\"https:\\\/\\\/decoplanta.com\\\/wp-content\\\/uploads\\\/2021\\\/03\\\/422485-planta-valla-boj-XL.jpg\",\"datePublished\":\"2021-12-25T12:41:28+00:00\",\"dateModified\":\"2023-05-04T09:36:54+00:00\",\"description\":\"Grand Haie de Buis XL artificiel - Plante d\u00e9corative utilis\u00e9e pour organiser des terrasses. Haut r\u00e9alisme et traitement UV pour l'ext\u00e9rieur\",\"breadcrumb\":{\"@id\":\"https:\\\/\\\/decoplanta.com\\\/fr\\\/plantes-pour-lexterieur-artificielles\\\/haie-de-buis-xl\\\/#breadcrumb\"},\"inLanguage\":\"fr-FR\",\"potentialAction\":[{\"@type\":\"ReadAction\",\"target\":[\"https:\\\/\\\/decoplanta.com\\\/fr\\\/plantes-pour-lexterieur-artificielles\\\/haie-de-buis-xl\\\/\"]}]},{\"@type\":\"ImageObject\",\"inLanguage\":\"fr-FR\",\"@id\":\"https:\\\/\\\/decoplanta.com\\\/fr\\\/plantes-pour-lexterieur-artificielles\\\/haie-de-buis-xl\\\/#primaryimage\",\"url\":\"https:\\\/\\\/decoplanta.com\\\/wp-content\\\/uploads\\\/2021\\\/03\\\/422485-planta-valla-boj-XL.jpg\",\"contentUrl\":\"https:\\\/\\\/decoplanta.com\\\/wp-content\\\/uploads\\\/2021\\\/03\\\/422485-planta-valla-boj-XL.jpg\",\"width\":1850,\"height\":1851,\"caption\":\"Haie de buis XL d'ext\u00e9rieur ou cl\u00f4ture en buis 50 cm de haut et 100 cm de long\"},{\"@type\":\"BreadcrumbList\",\"@id\":\"https:\\\/\\\/decoplanta.com\\\/fr\\\/plantes-pour-lexterieur-artificielles\\\/haie-de-buis-xl\\\/#breadcrumb\",\"itemListElement\":[{\"@type\":\"ListItem\",\"position\":1,\"name\":\"Portada\",\"item\":\"https:\\\/\\\/decoplanta.com\\\/fr\\\/\"},{\"@type\":\"ListItem\",\"position\":2,\"name\":\"Priv\u00e9\u00a0: Tienda\",\"item\":\"https:\\\/\\\/decoplanta.com\\\/?page_id=377\"},{\"@type\":\"ListItem\",\"position\":3,\"name\":\"Haie de buis XL\"}]},{\"@type\":\"WebSite\",\"@id\":\"https:\\\/\\\/decoplanta.com\\\/fr\\\/#website\",\"url\":\"https:\\\/\\\/decoplanta.com\\\/fr\\\/\",\"name\":\"PLANTES ET ARBRES ARTIFICIELS TR\u00c8S R\u00c9ALISTES\",\"description\":\"Proveedor de Plantas artificiales para estudios de Arquitectura, Interiorismo, Paisajismo, Escenograf\u00eda, Tiendas de Decoraci\u00f3n Florister\u00edas y Mobiliario\",\"publisher\":{\"@id\":\"https:\\\/\\\/decoplanta.com\\\/fr\\\/#organization\"},\"potentialAction\":[{\"@type\":\"SearchAction\",\"target\":{\"@type\":\"EntryPoint\",\"urlTemplate\":\"https:\\\/\\\/decoplanta.com\\\/fr\\\/?s={search_term_string}\"},\"query-input\":{\"@type\":\"PropertyValueSpecification\",\"valueRequired\":true,\"valueName\":\"search_term_string\"}}],\"inLanguage\":\"fr-FR\"},{\"@type\":\"Organization\",\"@id\":\"https:\\\/\\\/decoplanta.com\\\/fr\\\/#organization\",\"name\":\"PLANTES ET ARBRES ARTIFICIELS TR\u00c8S R\u00c9ALISTES\",\"url\":\"https:\\\/\\\/decoplanta.com\\\/fr\\\/\",\"logo\":{\"@type\":\"ImageObject\",\"inLanguage\":\"fr-FR\",\"@id\":\"https:\\\/\\\/decoplanta.com\\\/fr\\\/#\\\/schema\\\/logo\\\/image\\\/\",\"url\":\"https:\\\/\\\/decoplanta.com\\\/wp-content\\\/uploads\\\/2021\\\/02\\\/decoplanta-logo2020.svg\",\"contentUrl\":\"https:\\\/\\\/decoplanta.com\\\/wp-content\\\/uploads\\\/2021\\\/02\\\/decoplanta-logo2020.svg\",\"width\":500,\"height\":500,\"caption\":\"PLANTES ET ARBRES ARTIFICIELS TR\u00c8S R\u00c9ALISTES\"},\"image\":{\"@id\":\"https:\\\/\\\/decoplanta.com\\\/fr\\\/#\\\/schema\\\/logo\\\/image\\\/\"}}]}<\/script>\n<!-- \/ Yoast SEO plugin. -->","yoast_head_json":{"title":"Grand Haie de Buis XL artificiel - 50cm \/ haut. UV - Haut r\u00e9alisme","description":"Grand Haie de Buis XL artificiel - Plante d\u00e9corative utilis\u00e9e pour organiser des terrasses. Haut r\u00e9alisme et traitement UV pour l'ext\u00e9rieur","robots":{"index":"index","follow":"follow","max-snippet":"max-snippet:-1","max-image-preview":"max-image-preview:large","max-video-preview":"max-video-preview:-1"},"canonical":"https:\/\/decoplanta.com\/fr\/plantes-pour-lexterieur-artificielles\/haie-de-buis-xl\/","og_locale":"fr_FR","og_type":"article","og_title":"Grand Haie de Buis XL artificiel - 50cm \/ haut. UV - Haut r\u00e9alisme","og_description":"Grand Haie de Buis XL artificiel - Plante d\u00e9corative utilis\u00e9e pour organiser des terrasses. Haut r\u00e9alisme et traitement UV pour l'ext\u00e9rieur","og_url":"https:\/\/decoplanta.com\/fr\/plantes-pour-lexterieur-artificielles\/haie-de-buis-xl\/","og_site_name":"PLANTES ET ARBRES ARTIFICIELS TR\u00c8S R\u00c9ALISTES","article_modified_time":"2023-05-04T09:36:54+00:00","og_image":[{"width":1850,"height":1851,"url":"https:\/\/decoplanta.com\/wp-content\/uploads\/2021\/03\/422485-planta-valla-boj-XL.jpg","type":"image\/jpeg"}],"twitter_card":"summary_large_image","twitter_misc":{"Dur\u00e9e de lecture estim\u00e9e":"2 minutes"},"schema":{"@context":"https:\/\/schema.org","@graph":[{"@type":"WebPage","@id":"https:\/\/decoplanta.com\/fr\/plantes-pour-lexterieur-artificielles\/haie-de-buis-xl\/","url":"https:\/\/decoplanta.com\/fr\/plantes-pour-lexterieur-artificielles\/haie-de-buis-xl\/","name":"Grand Haie de Buis XL artificiel - 50cm \/ haut. UV - Haut r\u00e9alisme","isPartOf":{"@id":"https:\/\/decoplanta.com\/fr\/#website"},"primaryImageOfPage":{"@id":"https:\/\/decoplanta.com\/fr\/plantes-pour-lexterieur-artificielles\/haie-de-buis-xl\/#primaryimage"},"image":{"@id":"https:\/\/decoplanta.com\/fr\/plantes-pour-lexterieur-artificielles\/haie-de-buis-xl\/#primaryimage"},"thumbnailUrl":"https:\/\/decoplanta.com\/wp-content\/uploads\/2021\/03\/422485-planta-valla-boj-XL.jpg","datePublished":"2021-12-25T12:41:28+00:00","dateModified":"2023-05-04T09:36:54+00:00","description":"Grand Haie de Buis XL artificiel - Plante d\u00e9corative utilis\u00e9e pour organiser des terrasses. Haut r\u00e9alisme et traitement UV pour l'ext\u00e9rieur","breadcrumb":{"@id":"https:\/\/decoplanta.com\/fr\/plantes-pour-lexterieur-artificielles\/haie-de-buis-xl\/#breadcrumb"},"inLanguage":"fr-FR","potentialAction":[{"@type":"ReadAction","target":["https:\/\/decoplanta.com\/fr\/plantes-pour-lexterieur-artificielles\/haie-de-buis-xl\/"]}]},{"@type":"ImageObject","inLanguage":"fr-FR","@id":"https:\/\/decoplanta.com\/fr\/plantes-pour-lexterieur-artificielles\/haie-de-buis-xl\/#primaryimage","url":"https:\/\/decoplanta.com\/wp-content\/uploads\/2021\/03\/422485-planta-valla-boj-XL.jpg","contentUrl":"https:\/\/decoplanta.com\/wp-content\/uploads\/2021\/03\/422485-planta-valla-boj-XL.jpg","width":1850,"height":1851,"caption":"Haie de buis XL d'ext\u00e9rieur ou cl\u00f4ture en buis 50 cm de haut et 100 cm de long"},{"@type":"BreadcrumbList","@id":"https:\/\/decoplanta.com\/fr\/plantes-pour-lexterieur-artificielles\/haie-de-buis-xl\/#breadcrumb","itemListElement":[{"@type":"ListItem","position":1,"name":"Portada","item":"https:\/\/decoplanta.com\/fr\/"},{"@type":"ListItem","position":2,"name":"Priv\u00e9\u00a0: Tienda","item":"https:\/\/decoplanta.com\/?page_id=377"},{"@type":"ListItem","position":3,"name":"Haie de buis XL"}]},{"@type":"WebSite","@id":"https:\/\/decoplanta.com\/fr\/#website","url":"https:\/\/decoplanta.com\/fr\/","name":"PLANTES ET ARBRES ARTIFICIELS TR\u00c8S R\u00c9ALISTES","description":"Proveedor de Plantas artificiales para estudios de Arquitectura, Interiorismo, Paisajismo, Escenograf\u00eda, Tiendas de Decoraci\u00f3n Florister\u00edas y Mobiliario","publisher":{"@id":"https:\/\/decoplanta.com\/fr\/#organization"},"potentialAction":[{"@type":"SearchAction","target":{"@type":"EntryPoint","urlTemplate":"https:\/\/decoplanta.com\/fr\/?s={search_term_string}"},"query-input":{"@type":"PropertyValueSpecification","valueRequired":true,"valueName":"search_term_string"}}],"inLanguage":"fr-FR"},{"@type":"Organization","@id":"https:\/\/decoplanta.com\/fr\/#organization","name":"PLANTES ET ARBRES ARTIFICIELS TR\u00c8S R\u00c9ALISTES","url":"https:\/\/decoplanta.com\/fr\/","logo":{"@type":"ImageObject","inLanguage":"fr-FR","@id":"https:\/\/decoplanta.com\/fr\/#\/schema\/logo\/image\/","url":"https:\/\/decoplanta.com\/wp-content\/uploads\/2021\/02\/decoplanta-logo2020.svg","contentUrl":"https:\/\/decoplanta.com\/wp-content\/uploads\/2021\/02\/decoplanta-logo2020.svg","width":500,"height":500,"caption":"PLANTES ET ARBRES ARTIFICIELS TR\u00c8S R\u00c9ALISTES"},"image":{"@id":"https:\/\/decoplanta.com\/fr\/#\/schema\/logo\/image\/"}}]}},"_links":{"self":[{"href":"https:\/\/decoplanta.com\/fr\/wp-json\/wp\/v2\/product\/3585","targetHints":{"allow":["GET"]}}],"collection":[{"href":"https:\/\/decoplanta.com\/fr\/wp-json\/wp\/v2\/product"}],"about":[{"href":"https:\/\/decoplanta.com\/fr\/wp-json\/wp\/v2\/types\/product"}],"version-history":[{"count":0,"href":"https:\/\/decoplanta.com\/fr\/wp-json\/wp\/v2\/product\/3585\/revisions"}],"wp:featuredmedia":[{"embeddable":true,"href":"https:\/\/decoplanta.com\/fr\/wp-json\/wp\/v2\/media\/2561"}],"wp:attachment":[{"href":"https:\/\/decoplanta.com\/fr\/wp-json\/wp\/v2\/media?parent=3585"}],"wp:term":[{"taxonomy":"product_brand","embeddable":true,"href":"https:\/\/decoplanta.com\/fr\/wp-json\/wp\/v2\/product_brand?post=3585"},{"taxonomy":"product_cat","embeddable":true,"href":"https:\/\/decoplanta.com\/fr\/wp-json\/wp\/v2\/product_cat?post=3585"},{"taxonomy":"product_tag","embeddable":true,"href":"https:\/\/decoplanta.com\/fr\/wp-json\/wp\/v2\/product_tag?post=3585"}],"curies":[{"name":"wp","href":"https:\/\/api.w.org\/{rel}","templated":true}]}}