{"id":3586,"date":"2021-03-18T18:28:22","date_gmt":"2021-12-25T12:41:28","guid":{"rendered":"https:\/\/decoplanta.com\/non%20class\u00e9\/buis-boule-en-pot\/"},"modified":"2023-05-04T10:47:27","modified_gmt":"2023-05-04T09:47:27","slug":"buis-boule-en-pot","status":"publish","type":"product","link":"https:\/\/decoplanta.com\/fr\/plantes-pour-lexterieur-artificielles\/buis-boule-en-pot\/","title":{"rendered":"BUIS BOULE en pot"},"content":{"rendered":"<p>BUIS BOULE en pot artificiel avec haut niveau de feuillage pour d\u00e9corer les espaces int\u00e9rieurs ou ext\u00e9rieurs, en trois diam\u00e8tres disponibles, ils comprennent des pots tr\u00e8s pratiques \u00e0 planter dans une jardini\u00e8re ou simplement comme support et support. Comprend un traitement UV sp\u00e9cifique pour les ext\u00e9rieurs. Le soleil et l&rsquo;eau ne seront pas un obstacle pour rester comme au premier jour.<\/p>\n<p>La particularit\u00e9 de cette esp\u00e8ce d&rsquo;arbuste est ses petites feuilles ovales de grande qualit\u00e9 vert fonc\u00e9 et vert clair qui lui donnent un aspect authentique.<\/p>\n<h3>Comment livrons-nous votre arbre BUIS BOULE en pot artificiel ?<\/h3>\n<p>Nous vous livrons la plante dans un pot noir d\u00e9coratif. Les mesures sont : Hauteur approximative de 25 cm, diam\u00e8tre sup\u00e9rieur de 22 cm et diam\u00e8tre inf\u00e9rieur de 14 cm.<\/p>\n<h3>Comment entretenir votre arbre BUIS BOULE en pot artificiel ?<\/h3>\n<p>Pour une plus grande long\u00e9vit\u00e9 des couleurs en ext\u00e9rieur, un retraitement avec le spray de <a href=\"https:\/\/www.treelocate.com\/es\/uvsilx-uv-resistant-flowers-and-plants\/\" target=\"_blank\" rel=\"noopener\">protection UV<\/a> est recommand\u00e9 \u00e0 intervalles r\u00e9guliers. La fr\u00e9quence du traitement d\u00e9pend de l&#8217;emplacement et des conditions environnementales.<\/p>\n<p>Arbuste id\u00e9al pour votre balcon, jardin, terrasse, entr\u00e9e de magasin et plus encore.<\/p>\n<p>Le traitement UV ext\u00e9rieur a \u00e9t\u00e9 rigoureusement test\u00e9 par des laboratoires officiels. Ce traitement a satisfait \u00e0 la norme pour plusieurs certificats mondiaux. Nos plantes sont les plus r\u00e9sistantes aux rayons UV. De plus, ils sont pr\u00e9f\u00e9r\u00e9s par de nombreux d\u00e9corateurs d&rsquo;int\u00e9rieur, paysagistes et architectes.<\/p>\n<p>Vous avez des mod\u00e8les nombreux et vari\u00e9s sur <a href=\"https:\/\/decoplanta.com\/etiqueta-producto\/boj-para-exterior\/\" target=\"_blank\" rel=\"noopener\">notre page<\/a><\/p>\n","protected":false},"excerpt":{"rendered":"<p>Arbre BUIS BOULE en pot artificiel et un haut niveau de feuillage pour d\u00e9corer les espaces int\u00e9rieurs ou ext\u00e9rieurs. Comprend un traitement UV sp\u00e9cifique pour les ext\u00e9rieurs. Le soleil et l&rsquo;eau ne seront pas un obstacle pour rester comme au premier jour.<\/p>\n<p>Il est disponible en trois hauteurs avec des diam\u00e8tres diff\u00e9rents. Ils comprennent des pots de fleurs tr\u00e8s pratiques et beaux, de style \u00ab\u00a0Vintage\u00a0\u00bb, en noir, qui peuvent servir d&rsquo;\u00e9l\u00e9ment d\u00e9coratif. L&rsquo;ensemble peut \u00e9galement \u00eatre plant\u00e9 en pot.<\/p>\n<table>\n<tbody>\n<tr>\n<td><strong>R\u00c9F<\/strong><\/td>\n<td><strong>HAUTEUR<\/strong><\/td>\n<td><strong>\u00d8<\/strong><\/td>\n<\/tr>\n<tr>\n<td><strong>428555<\/strong><\/td>\n<td>42 cm<\/td>\n<td>30 cm<\/td>\n<\/tr>\n<tr>\n<td><strong>428556<\/strong><\/td>\n<td>53 cm<\/td>\n<td>40 cm<\/td>\n<\/tr>\n<tr>\n<td><strong>428557<\/strong><\/td>\n<td>68 cm<\/td>\n<td>50 cm<\/td>\n<\/tr>\n<\/tbody>\n<\/table>\n","protected":false},"featured_media":2551,"template":"","meta":{"_monsterinsights_skip_tracking":false,"_monsterinsights_sitenote_active":false,"_monsterinsights_sitenote_note":"","_monsterinsights_sitenote_category":0},"product_brand":[],"product_cat":[250],"product_tag":[263,259],"class_list":{"0":"post-3586","1":"product","2":"type-product","3":"status-publish","4":"has-post-thumbnail","6":"product_cat-plantes-pour-lexterieur-artificielles","7":"product_tag-plantes-artificielles-avec-protection-uv","8":"product_tag-buis-pour-lexterieur","9":"","10":"woocommerce-text-align-center","11":"woocommerce-image-align-center","12":"do-quantity-buttons","14":"first","15":"instock","16":"taxable","17":"shipping-taxable","18":"purchasable","19":"product-type-variable","20":"has-default-attributes"},"yoast_head":"<!-- This site is optimized with the Yoast SEO plugin v27.4 - https:\/\/yoast.com\/product\/yoast-seo-wordpress\/ -->\n<title>BUIS BOULE en pot de traitement UV - D\u00e9cor<\/title>\n<meta name=\"description\" content=\"BUIS BOULE en pot artificiel. Haut r\u00e9alisme avec traitement UV pour la d\u00e9coration ext\u00e9rieure. Disponible en 3 hauteurs\" \/>\n<meta name=\"robots\" content=\"index, follow, max-snippet:-1, max-image-preview:large, max-video-preview:-1\" \/>\n<link rel=\"canonical\" href=\"https:\/\/decoplanta.com\/fr\/plantes-pour-lexterieur-artificielles\/buis-boule-en-pot\/\" \/>\n<meta property=\"og:locale\" content=\"fr_FR\" \/>\n<meta property=\"og:type\" content=\"article\" \/>\n<meta property=\"og:title\" content=\"BUIS BOULE en pot de traitement UV - D\u00e9cor\" \/>\n<meta property=\"og:description\" content=\"BUIS BOULE en pot artificiel. Haut r\u00e9alisme avec traitement UV pour la d\u00e9coration ext\u00e9rieure. Disponible en 3 hauteurs\" \/>\n<meta property=\"og:url\" content=\"https:\/\/decoplanta.com\/fr\/plantes-pour-lexterieur-artificielles\/buis-boule-en-pot\/\" \/>\n<meta property=\"og:site_name\" content=\"PLANTES ET ARBRES ARTIFICIELS TR\u00c8S R\u00c9ALISTES\" \/>\n<meta property=\"article:modified_time\" content=\"2023-05-04T09:47:27+00:00\" \/>\n<meta property=\"og:image\" content=\"https:\/\/decoplanta.com\/wp-content\/uploads\/2021\/03\/417629-bola-boj-macetero-30M.jpg\" \/>\n\t<meta property=\"og:image:width\" content=\"1650\" \/>\n\t<meta property=\"og:image:height\" content=\"1650\" \/>\n\t<meta property=\"og:image:type\" content=\"image\/jpeg\" \/>\n<meta name=\"twitter:card\" content=\"summary_large_image\" \/>\n<meta name=\"twitter:label1\" content=\"Dur\u00e9e de lecture estim\u00e9e\" \/>\n\t<meta name=\"twitter:data1\" content=\"2 minutes\" \/>\n<script type=\"application\/ld+json\" class=\"yoast-schema-graph\">{\"@context\":\"https:\\\/\\\/schema.org\",\"@graph\":[{\"@type\":\"WebPage\",\"@id\":\"https:\\\/\\\/decoplanta.com\\\/fr\\\/plantes-pour-lexterieur-artificielles\\\/buis-boule-en-pot\\\/\",\"url\":\"https:\\\/\\\/decoplanta.com\\\/fr\\\/plantes-pour-lexterieur-artificielles\\\/buis-boule-en-pot\\\/\",\"name\":\"BUIS BOULE en pot de traitement UV - D\u00e9cor\",\"isPartOf\":{\"@id\":\"https:\\\/\\\/decoplanta.com\\\/fr\\\/#website\"},\"primaryImageOfPage\":{\"@id\":\"https:\\\/\\\/decoplanta.com\\\/fr\\\/plantes-pour-lexterieur-artificielles\\\/buis-boule-en-pot\\\/#primaryimage\"},\"image\":{\"@id\":\"https:\\\/\\\/decoplanta.com\\\/fr\\\/plantes-pour-lexterieur-artificielles\\\/buis-boule-en-pot\\\/#primaryimage\"},\"thumbnailUrl\":\"https:\\\/\\\/decoplanta.com\\\/wp-content\\\/uploads\\\/2021\\\/03\\\/417629-bola-boj-macetero-30M.jpg\",\"datePublished\":\"2021-12-25T12:41:28+00:00\",\"dateModified\":\"2023-05-04T09:47:27+00:00\",\"description\":\"BUIS BOULE en pot artificiel. Haut r\u00e9alisme avec traitement UV pour la d\u00e9coration ext\u00e9rieure. Disponible en 3 hauteurs\",\"breadcrumb\":{\"@id\":\"https:\\\/\\\/decoplanta.com\\\/fr\\\/plantes-pour-lexterieur-artificielles\\\/buis-boule-en-pot\\\/#breadcrumb\"},\"inLanguage\":\"fr-FR\",\"potentialAction\":[{\"@type\":\"ReadAction\",\"target\":[\"https:\\\/\\\/decoplanta.com\\\/fr\\\/plantes-pour-lexterieur-artificielles\\\/buis-boule-en-pot\\\/\"]}]},{\"@type\":\"ImageObject\",\"inLanguage\":\"fr-FR\",\"@id\":\"https:\\\/\\\/decoplanta.com\\\/fr\\\/plantes-pour-lexterieur-artificielles\\\/buis-boule-en-pot\\\/#primaryimage\",\"url\":\"https:\\\/\\\/decoplanta.com\\\/wp-content\\\/uploads\\\/2021\\\/03\\\/417629-bola-boj-macetero-30M.jpg\",\"contentUrl\":\"https:\\\/\\\/decoplanta.com\\\/wp-content\\\/uploads\\\/2021\\\/03\\\/417629-bola-boj-macetero-30M.jpg\",\"width\":1650,\"height\":1650,\"caption\":\"BUIS BOULE en pot artificiel de 42 cm de haut et 30 cm de diam\u00e8tre pour usage ext\u00e9rieur, avec protection UV\"},{\"@type\":\"BreadcrumbList\",\"@id\":\"https:\\\/\\\/decoplanta.com\\\/fr\\\/plantes-pour-lexterieur-artificielles\\\/buis-boule-en-pot\\\/#breadcrumb\",\"itemListElement\":[{\"@type\":\"ListItem\",\"position\":1,\"name\":\"Portada\",\"item\":\"https:\\\/\\\/decoplanta.com\\\/fr\\\/\"},{\"@type\":\"ListItem\",\"position\":2,\"name\":\"Priv\u00e9\u00a0: Tienda\",\"item\":\"https:\\\/\\\/decoplanta.com\\\/?page_id=377\"},{\"@type\":\"ListItem\",\"position\":3,\"name\":\"BUIS BOULE en pot\"}]},{\"@type\":\"WebSite\",\"@id\":\"https:\\\/\\\/decoplanta.com\\\/fr\\\/#website\",\"url\":\"https:\\\/\\\/decoplanta.com\\\/fr\\\/\",\"name\":\"PLANTES ET ARBRES ARTIFICIELS TR\u00c8S R\u00c9ALISTES\",\"description\":\"Proveedor de Plantas artificiales para estudios de Arquitectura, Interiorismo, Paisajismo, Escenograf\u00eda, Tiendas de Decoraci\u00f3n Florister\u00edas y Mobiliario\",\"publisher\":{\"@id\":\"https:\\\/\\\/decoplanta.com\\\/fr\\\/#organization\"},\"potentialAction\":[{\"@type\":\"SearchAction\",\"target\":{\"@type\":\"EntryPoint\",\"urlTemplate\":\"https:\\\/\\\/decoplanta.com\\\/fr\\\/?s={search_term_string}\"},\"query-input\":{\"@type\":\"PropertyValueSpecification\",\"valueRequired\":true,\"valueName\":\"search_term_string\"}}],\"inLanguage\":\"fr-FR\"},{\"@type\":\"Organization\",\"@id\":\"https:\\\/\\\/decoplanta.com\\\/fr\\\/#organization\",\"name\":\"PLANTES ET ARBRES ARTIFICIELS TR\u00c8S R\u00c9ALISTES\",\"url\":\"https:\\\/\\\/decoplanta.com\\\/fr\\\/\",\"logo\":{\"@type\":\"ImageObject\",\"inLanguage\":\"fr-FR\",\"@id\":\"https:\\\/\\\/decoplanta.com\\\/fr\\\/#\\\/schema\\\/logo\\\/image\\\/\",\"url\":\"https:\\\/\\\/decoplanta.com\\\/wp-content\\\/uploads\\\/2021\\\/02\\\/decoplanta-logo2020.svg\",\"contentUrl\":\"https:\\\/\\\/decoplanta.com\\\/wp-content\\\/uploads\\\/2021\\\/02\\\/decoplanta-logo2020.svg\",\"width\":500,\"height\":500,\"caption\":\"PLANTES ET ARBRES ARTIFICIELS TR\u00c8S R\u00c9ALISTES\"},\"image\":{\"@id\":\"https:\\\/\\\/decoplanta.com\\\/fr\\\/#\\\/schema\\\/logo\\\/image\\\/\"}}]}<\/script>\n<!-- \/ Yoast SEO plugin. -->","yoast_head_json":{"title":"BUIS BOULE en pot de traitement UV - D\u00e9cor","description":"BUIS BOULE en pot artificiel. Haut r\u00e9alisme avec traitement UV pour la d\u00e9coration ext\u00e9rieure. Disponible en 3 hauteurs","robots":{"index":"index","follow":"follow","max-snippet":"max-snippet:-1","max-image-preview":"max-image-preview:large","max-video-preview":"max-video-preview:-1"},"canonical":"https:\/\/decoplanta.com\/fr\/plantes-pour-lexterieur-artificielles\/buis-boule-en-pot\/","og_locale":"fr_FR","og_type":"article","og_title":"BUIS BOULE en pot de traitement UV - D\u00e9cor","og_description":"BUIS BOULE en pot artificiel. Haut r\u00e9alisme avec traitement UV pour la d\u00e9coration ext\u00e9rieure. Disponible en 3 hauteurs","og_url":"https:\/\/decoplanta.com\/fr\/plantes-pour-lexterieur-artificielles\/buis-boule-en-pot\/","og_site_name":"PLANTES ET ARBRES ARTIFICIELS TR\u00c8S R\u00c9ALISTES","article_modified_time":"2023-05-04T09:47:27+00:00","og_image":[{"width":1650,"height":1650,"url":"https:\/\/decoplanta.com\/wp-content\/uploads\/2021\/03\/417629-bola-boj-macetero-30M.jpg","type":"image\/jpeg"}],"twitter_card":"summary_large_image","twitter_misc":{"Dur\u00e9e de lecture estim\u00e9e":"2 minutes"},"schema":{"@context":"https:\/\/schema.org","@graph":[{"@type":"WebPage","@id":"https:\/\/decoplanta.com\/fr\/plantes-pour-lexterieur-artificielles\/buis-boule-en-pot\/","url":"https:\/\/decoplanta.com\/fr\/plantes-pour-lexterieur-artificielles\/buis-boule-en-pot\/","name":"BUIS BOULE en pot de traitement UV - D\u00e9cor","isPartOf":{"@id":"https:\/\/decoplanta.com\/fr\/#website"},"primaryImageOfPage":{"@id":"https:\/\/decoplanta.com\/fr\/plantes-pour-lexterieur-artificielles\/buis-boule-en-pot\/#primaryimage"},"image":{"@id":"https:\/\/decoplanta.com\/fr\/plantes-pour-lexterieur-artificielles\/buis-boule-en-pot\/#primaryimage"},"thumbnailUrl":"https:\/\/decoplanta.com\/wp-content\/uploads\/2021\/03\/417629-bola-boj-macetero-30M.jpg","datePublished":"2021-12-25T12:41:28+00:00","dateModified":"2023-05-04T09:47:27+00:00","description":"BUIS BOULE en pot artificiel. Haut r\u00e9alisme avec traitement UV pour la d\u00e9coration ext\u00e9rieure. Disponible en 3 hauteurs","breadcrumb":{"@id":"https:\/\/decoplanta.com\/fr\/plantes-pour-lexterieur-artificielles\/buis-boule-en-pot\/#breadcrumb"},"inLanguage":"fr-FR","potentialAction":[{"@type":"ReadAction","target":["https:\/\/decoplanta.com\/fr\/plantes-pour-lexterieur-artificielles\/buis-boule-en-pot\/"]}]},{"@type":"ImageObject","inLanguage":"fr-FR","@id":"https:\/\/decoplanta.com\/fr\/plantes-pour-lexterieur-artificielles\/buis-boule-en-pot\/#primaryimage","url":"https:\/\/decoplanta.com\/wp-content\/uploads\/2021\/03\/417629-bola-boj-macetero-30M.jpg","contentUrl":"https:\/\/decoplanta.com\/wp-content\/uploads\/2021\/03\/417629-bola-boj-macetero-30M.jpg","width":1650,"height":1650,"caption":"BUIS BOULE en pot artificiel de 42 cm de haut et 30 cm de diam\u00e8tre pour usage ext\u00e9rieur, avec protection UV"},{"@type":"BreadcrumbList","@id":"https:\/\/decoplanta.com\/fr\/plantes-pour-lexterieur-artificielles\/buis-boule-en-pot\/#breadcrumb","itemListElement":[{"@type":"ListItem","position":1,"name":"Portada","item":"https:\/\/decoplanta.com\/fr\/"},{"@type":"ListItem","position":2,"name":"Priv\u00e9\u00a0: Tienda","item":"https:\/\/decoplanta.com\/?page_id=377"},{"@type":"ListItem","position":3,"name":"BUIS BOULE en pot"}]},{"@type":"WebSite","@id":"https:\/\/decoplanta.com\/fr\/#website","url":"https:\/\/decoplanta.com\/fr\/","name":"PLANTES ET ARBRES ARTIFICIELS TR\u00c8S R\u00c9ALISTES","description":"Proveedor de Plantas artificiales para estudios de Arquitectura, Interiorismo, Paisajismo, Escenograf\u00eda, Tiendas de Decoraci\u00f3n Florister\u00edas y Mobiliario","publisher":{"@id":"https:\/\/decoplanta.com\/fr\/#organization"},"potentialAction":[{"@type":"SearchAction","target":{"@type":"EntryPoint","urlTemplate":"https:\/\/decoplanta.com\/fr\/?s={search_term_string}"},"query-input":{"@type":"PropertyValueSpecification","valueRequired":true,"valueName":"search_term_string"}}],"inLanguage":"fr-FR"},{"@type":"Organization","@id":"https:\/\/decoplanta.com\/fr\/#organization","name":"PLANTES ET ARBRES ARTIFICIELS TR\u00c8S R\u00c9ALISTES","url":"https:\/\/decoplanta.com\/fr\/","logo":{"@type":"ImageObject","inLanguage":"fr-FR","@id":"https:\/\/decoplanta.com\/fr\/#\/schema\/logo\/image\/","url":"https:\/\/decoplanta.com\/wp-content\/uploads\/2021\/02\/decoplanta-logo2020.svg","contentUrl":"https:\/\/decoplanta.com\/wp-content\/uploads\/2021\/02\/decoplanta-logo2020.svg","width":500,"height":500,"caption":"PLANTES ET ARBRES ARTIFICIELS TR\u00c8S R\u00c9ALISTES"},"image":{"@id":"https:\/\/decoplanta.com\/fr\/#\/schema\/logo\/image\/"}}]}},"_links":{"self":[{"href":"https:\/\/decoplanta.com\/fr\/wp-json\/wp\/v2\/product\/3586","targetHints":{"allow":["GET"]}}],"collection":[{"href":"https:\/\/decoplanta.com\/fr\/wp-json\/wp\/v2\/product"}],"about":[{"href":"https:\/\/decoplanta.com\/fr\/wp-json\/wp\/v2\/types\/product"}],"version-history":[{"count":0,"href":"https:\/\/decoplanta.com\/fr\/wp-json\/wp\/v2\/product\/3586\/revisions"}],"wp:featuredmedia":[{"embeddable":true,"href":"https:\/\/decoplanta.com\/fr\/wp-json\/wp\/v2\/media\/2551"}],"wp:attachment":[{"href":"https:\/\/decoplanta.com\/fr\/wp-json\/wp\/v2\/media?parent=3586"}],"wp:term":[{"taxonomy":"product_brand","embeddable":true,"href":"https:\/\/decoplanta.com\/fr\/wp-json\/wp\/v2\/product_brand?post=3586"},{"taxonomy":"product_cat","embeddable":true,"href":"https:\/\/decoplanta.com\/fr\/wp-json\/wp\/v2\/product_cat?post=3586"},{"taxonomy":"product_tag","embeddable":true,"href":"https:\/\/decoplanta.com\/fr\/wp-json\/wp\/v2\/product_tag?post=3586"}],"curies":[{"name":"wp","href":"https:\/\/api.w.org\/{rel}","templated":true}]}}