{"id":3594,"date":"2021-03-18T07:35:34","date_gmt":"2021-12-25T12:41:29","guid":{"rendered":"https:\/\/decoplanta.com\/non%20class\u00e9\/buis-en-cone\/"},"modified":"2025-02-02T10:29:05","modified_gmt":"2025-02-02T09:29:05","slug":"buis-en-cone","status":"publish","type":"product","link":"https:\/\/decoplanta.com\/fr\/plantes-pour-lexterieur-artificielles\/buis-en-cone\/","title":{"rendered":"BUIS EN C\u00d4NE"},"content":{"rendered":"<p>Le BUIS EN C\u00d4NE de conception originale et de finition de haute qualit\u00e9. Comprend un traitement UV sp\u00e9cifique pour les ext\u00e9rieurs. Le soleil et l&rsquo;eau ne seront pas un obstacle pour rester comme au premier jour. Disponible en trois hauteurs avec trois diam\u00e8tres diff\u00e9rents. Il comprend une jardini\u00e8re et ils sont vendus en bo\u00eetes indivisibles de 2 unit\u00e9s.<\/p>\n","protected":false},"excerpt":{"rendered":"<p>Le BUIS EN C\u00d4NE de conception originale et de finition de haute qualit\u00e9. Comprend un traitement UV sp\u00e9cifique pour les ext\u00e9rieurs. Le soleil et l&rsquo;eau ne seront pas un obstacle pour rester comme au premier jour. Disponible en 2 hauteurs avec 2 diam\u00e8tres diff\u00e9rents. Comprend une pot de base.<\/p>\n<table>\n<tbody>\n<tr>\n<td><strong>R\u00c9F<\/strong><\/td>\n<td><strong>HAUTEUR<\/strong><\/td>\n<td><strong>\u00d8<\/strong><\/td>\n<\/tr>\n<tr>\n<td><strong>428559<\/strong><\/td>\n<td>135 cm<\/td>\n<td>40 cm<\/td>\n<\/tr>\n<tr>\n<td><strong>428560<\/strong><\/td>\n<td>165 cm<\/td>\n<td>50 cm<\/td>\n<\/tr>\n<\/tbody>\n<\/table>\n","protected":false},"featured_media":2548,"template":"","meta":{"_monsterinsights_skip_tracking":false,"_monsterinsights_sitenote_active":false,"_monsterinsights_sitenote_note":"","_monsterinsights_sitenote_category":0},"product_brand":[],"product_cat":[250],"product_tag":[263,259],"class_list":{"0":"post-3594","1":"product","2":"type-product","3":"status-publish","4":"has-post-thumbnail","6":"product_cat-plantes-pour-lexterieur-artificielles","7":"product_tag-plantes-artificielles-avec-protection-uv","8":"product_tag-buis-pour-lexterieur","9":"","10":"woocommerce-text-align-center","11":"woocommerce-image-align-center","12":"do-quantity-buttons","14":"first","15":"instock","16":"taxable","17":"shipping-taxable","18":"purchasable","19":"product-type-variable","20":"has-default-attributes"},"yoast_head":"<!-- This site is optimized with the Yoast SEO plugin v27.3 - https:\/\/yoast.com\/product\/yoast-seo-wordpress\/ -->\n<title>BUIS EN C\u00d4NE artificiel avec traitement UV pour la d\u00e9coration ext\u00e9rieure<\/title>\n<meta name=\"description\" content=\"BUIS EN C\u00d4NE artificiel au design original et \u00e0 la finition de haute qualit\u00e9. Avec traitement UV sp\u00e9cifique pour les ext\u00e9rieurs. 3 hauteurs\" \/>\n<meta name=\"robots\" content=\"index, follow, max-snippet:-1, max-image-preview:large, max-video-preview:-1\" \/>\n<link rel=\"canonical\" href=\"https:\/\/decoplanta.com\/fr\/plantes-pour-lexterieur-artificielles\/buis-en-cone\/\" \/>\n<meta property=\"og:locale\" content=\"fr_FR\" \/>\n<meta property=\"og:type\" content=\"article\" \/>\n<meta property=\"og:title\" content=\"BUIS EN C\u00d4NE artificiel avec traitement UV pour la d\u00e9coration ext\u00e9rieure\" \/>\n<meta property=\"og:description\" content=\"BUIS EN C\u00d4NE artificiel au design original et \u00e0 la finition de haute qualit\u00e9. Avec traitement UV sp\u00e9cifique pour les ext\u00e9rieurs. 3 hauteurs\" \/>\n<meta property=\"og:url\" content=\"https:\/\/decoplanta.com\/fr\/plantes-pour-lexterieur-artificielles\/buis-en-cone\/\" \/>\n<meta property=\"og:site_name\" content=\"PLANTES ET ARBRES ARTIFICIELS TR\u00c8S R\u00c9ALISTES\" \/>\n<meta property=\"article:modified_time\" content=\"2025-02-02T09:29:05+00:00\" \/>\n<meta property=\"og:image\" content=\"https:\/\/decoplanta.com\/wp-content\/uploads\/2021\/03\/417632-buxus-cono-95.jpg\" \/>\n\t<meta property=\"og:image:width\" content=\"1600\" \/>\n\t<meta property=\"og:image:height\" content=\"1600\" \/>\n\t<meta property=\"og:image:type\" content=\"image\/jpeg\" \/>\n<meta name=\"twitter:card\" content=\"summary_large_image\" \/>\n<meta name=\"twitter:label1\" content=\"Dur\u00e9e de lecture estim\u00e9e\" \/>\n\t<meta name=\"twitter:data1\" content=\"1 minute\" \/>\n<script type=\"application\/ld+json\" class=\"yoast-schema-graph\">{\"@context\":\"https:\\\/\\\/schema.org\",\"@graph\":[{\"@type\":\"WebPage\",\"@id\":\"https:\\\/\\\/decoplanta.com\\\/fr\\\/plantes-pour-lexterieur-artificielles\\\/buis-en-cone\\\/\",\"url\":\"https:\\\/\\\/decoplanta.com\\\/fr\\\/plantes-pour-lexterieur-artificielles\\\/buis-en-cone\\\/\",\"name\":\"BUIS EN C\u00d4NE artificiel avec traitement UV pour la d\u00e9coration ext\u00e9rieure\",\"isPartOf\":{\"@id\":\"https:\\\/\\\/decoplanta.com\\\/fr\\\/#website\"},\"primaryImageOfPage\":{\"@id\":\"https:\\\/\\\/decoplanta.com\\\/fr\\\/plantes-pour-lexterieur-artificielles\\\/buis-en-cone\\\/#primaryimage\"},\"image\":{\"@id\":\"https:\\\/\\\/decoplanta.com\\\/fr\\\/plantes-pour-lexterieur-artificielles\\\/buis-en-cone\\\/#primaryimage\"},\"thumbnailUrl\":\"https:\\\/\\\/decoplanta.com\\\/wp-content\\\/uploads\\\/2021\\\/03\\\/417632-buxus-cono-95.jpg\",\"datePublished\":\"2021-12-25T12:41:29+00:00\",\"dateModified\":\"2025-02-02T09:29:05+00:00\",\"description\":\"BUIS EN C\u00d4NE artificiel au design original et \u00e0 la finition de haute qualit\u00e9. Avec traitement UV sp\u00e9cifique pour les ext\u00e9rieurs. 3 hauteurs\",\"breadcrumb\":{\"@id\":\"https:\\\/\\\/decoplanta.com\\\/fr\\\/plantes-pour-lexterieur-artificielles\\\/buis-en-cone\\\/#breadcrumb\"},\"inLanguage\":\"fr-FR\",\"potentialAction\":[{\"@type\":\"ReadAction\",\"target\":[\"https:\\\/\\\/decoplanta.com\\\/fr\\\/plantes-pour-lexterieur-artificielles\\\/buis-en-cone\\\/\"]}]},{\"@type\":\"ImageObject\",\"inLanguage\":\"fr-FR\",\"@id\":\"https:\\\/\\\/decoplanta.com\\\/fr\\\/plantes-pour-lexterieur-artificielles\\\/buis-en-cone\\\/#primaryimage\",\"url\":\"https:\\\/\\\/decoplanta.com\\\/wp-content\\\/uploads\\\/2021\\\/03\\\/417632-buxus-cono-95.jpg\",\"contentUrl\":\"https:\\\/\\\/decoplanta.com\\\/wp-content\\\/uploads\\\/2021\\\/03\\\/417632-buxus-cono-95.jpg\",\"width\":1600,\"height\":1600,\"caption\":\"BUIS EN C\u00d4NE artificiel pour ext\u00e9rieur, hauteur 95 cm, avec protection UV\"},{\"@type\":\"BreadcrumbList\",\"@id\":\"https:\\\/\\\/decoplanta.com\\\/fr\\\/plantes-pour-lexterieur-artificielles\\\/buis-en-cone\\\/#breadcrumb\",\"itemListElement\":[{\"@type\":\"ListItem\",\"position\":1,\"name\":\"Portada\",\"item\":\"https:\\\/\\\/decoplanta.com\\\/fr\\\/\"},{\"@type\":\"ListItem\",\"position\":2,\"name\":\"Priv\u00e9\u00a0: Tienda\",\"item\":\"https:\\\/\\\/decoplanta.com\\\/?page_id=377\"},{\"@type\":\"ListItem\",\"position\":3,\"name\":\"BUIS EN C\u00d4NE\"}]},{\"@type\":\"WebSite\",\"@id\":\"https:\\\/\\\/decoplanta.com\\\/fr\\\/#website\",\"url\":\"https:\\\/\\\/decoplanta.com\\\/fr\\\/\",\"name\":\"PLANTES ET ARBRES ARTIFICIELS TR\u00c8S R\u00c9ALISTES\",\"description\":\"Proveedor de Plantas artificiales para estudios de Arquitectura, Interiorismo, Paisajismo, Escenograf\u00eda, Tiendas de Decoraci\u00f3n Florister\u00edas y Mobiliario\",\"publisher\":{\"@id\":\"https:\\\/\\\/decoplanta.com\\\/fr\\\/#organization\"},\"potentialAction\":[{\"@type\":\"SearchAction\",\"target\":{\"@type\":\"EntryPoint\",\"urlTemplate\":\"https:\\\/\\\/decoplanta.com\\\/fr\\\/?s={search_term_string}\"},\"query-input\":{\"@type\":\"PropertyValueSpecification\",\"valueRequired\":true,\"valueName\":\"search_term_string\"}}],\"inLanguage\":\"fr-FR\"},{\"@type\":\"Organization\",\"@id\":\"https:\\\/\\\/decoplanta.com\\\/fr\\\/#organization\",\"name\":\"PLANTES ET ARBRES ARTIFICIELS TR\u00c8S R\u00c9ALISTES\",\"url\":\"https:\\\/\\\/decoplanta.com\\\/fr\\\/\",\"logo\":{\"@type\":\"ImageObject\",\"inLanguage\":\"fr-FR\",\"@id\":\"https:\\\/\\\/decoplanta.com\\\/fr\\\/#\\\/schema\\\/logo\\\/image\\\/\",\"url\":\"https:\\\/\\\/decoplanta.com\\\/wp-content\\\/uploads\\\/2021\\\/02\\\/decoplanta-logo2020.svg\",\"contentUrl\":\"https:\\\/\\\/decoplanta.com\\\/wp-content\\\/uploads\\\/2021\\\/02\\\/decoplanta-logo2020.svg\",\"width\":500,\"height\":500,\"caption\":\"PLANTES ET ARBRES ARTIFICIELS TR\u00c8S R\u00c9ALISTES\"},\"image\":{\"@id\":\"https:\\\/\\\/decoplanta.com\\\/fr\\\/#\\\/schema\\\/logo\\\/image\\\/\"}}]}<\/script>\n<!-- \/ Yoast SEO plugin. -->","yoast_head_json":{"title":"BUIS EN C\u00d4NE artificiel avec traitement UV pour la d\u00e9coration ext\u00e9rieure","description":"BUIS EN C\u00d4NE artificiel au design original et \u00e0 la finition de haute qualit\u00e9. Avec traitement UV sp\u00e9cifique pour les ext\u00e9rieurs. 3 hauteurs","robots":{"index":"index","follow":"follow","max-snippet":"max-snippet:-1","max-image-preview":"max-image-preview:large","max-video-preview":"max-video-preview:-1"},"canonical":"https:\/\/decoplanta.com\/fr\/plantes-pour-lexterieur-artificielles\/buis-en-cone\/","og_locale":"fr_FR","og_type":"article","og_title":"BUIS EN C\u00d4NE artificiel avec traitement UV pour la d\u00e9coration ext\u00e9rieure","og_description":"BUIS EN C\u00d4NE artificiel au design original et \u00e0 la finition de haute qualit\u00e9. Avec traitement UV sp\u00e9cifique pour les ext\u00e9rieurs. 3 hauteurs","og_url":"https:\/\/decoplanta.com\/fr\/plantes-pour-lexterieur-artificielles\/buis-en-cone\/","og_site_name":"PLANTES ET ARBRES ARTIFICIELS TR\u00c8S R\u00c9ALISTES","article_modified_time":"2025-02-02T09:29:05+00:00","og_image":[{"width":1600,"height":1600,"url":"https:\/\/decoplanta.com\/wp-content\/uploads\/2021\/03\/417632-buxus-cono-95.jpg","type":"image\/jpeg"}],"twitter_card":"summary_large_image","twitter_misc":{"Dur\u00e9e de lecture estim\u00e9e":"1 minute"},"schema":{"@context":"https:\/\/schema.org","@graph":[{"@type":"WebPage","@id":"https:\/\/decoplanta.com\/fr\/plantes-pour-lexterieur-artificielles\/buis-en-cone\/","url":"https:\/\/decoplanta.com\/fr\/plantes-pour-lexterieur-artificielles\/buis-en-cone\/","name":"BUIS EN C\u00d4NE artificiel avec traitement UV pour la d\u00e9coration ext\u00e9rieure","isPartOf":{"@id":"https:\/\/decoplanta.com\/fr\/#website"},"primaryImageOfPage":{"@id":"https:\/\/decoplanta.com\/fr\/plantes-pour-lexterieur-artificielles\/buis-en-cone\/#primaryimage"},"image":{"@id":"https:\/\/decoplanta.com\/fr\/plantes-pour-lexterieur-artificielles\/buis-en-cone\/#primaryimage"},"thumbnailUrl":"https:\/\/decoplanta.com\/wp-content\/uploads\/2021\/03\/417632-buxus-cono-95.jpg","datePublished":"2021-12-25T12:41:29+00:00","dateModified":"2025-02-02T09:29:05+00:00","description":"BUIS EN C\u00d4NE artificiel au design original et \u00e0 la finition de haute qualit\u00e9. Avec traitement UV sp\u00e9cifique pour les ext\u00e9rieurs. 3 hauteurs","breadcrumb":{"@id":"https:\/\/decoplanta.com\/fr\/plantes-pour-lexterieur-artificielles\/buis-en-cone\/#breadcrumb"},"inLanguage":"fr-FR","potentialAction":[{"@type":"ReadAction","target":["https:\/\/decoplanta.com\/fr\/plantes-pour-lexterieur-artificielles\/buis-en-cone\/"]}]},{"@type":"ImageObject","inLanguage":"fr-FR","@id":"https:\/\/decoplanta.com\/fr\/plantes-pour-lexterieur-artificielles\/buis-en-cone\/#primaryimage","url":"https:\/\/decoplanta.com\/wp-content\/uploads\/2021\/03\/417632-buxus-cono-95.jpg","contentUrl":"https:\/\/decoplanta.com\/wp-content\/uploads\/2021\/03\/417632-buxus-cono-95.jpg","width":1600,"height":1600,"caption":"BUIS EN C\u00d4NE artificiel pour ext\u00e9rieur, hauteur 95 cm, avec protection UV"},{"@type":"BreadcrumbList","@id":"https:\/\/decoplanta.com\/fr\/plantes-pour-lexterieur-artificielles\/buis-en-cone\/#breadcrumb","itemListElement":[{"@type":"ListItem","position":1,"name":"Portada","item":"https:\/\/decoplanta.com\/fr\/"},{"@type":"ListItem","position":2,"name":"Priv\u00e9\u00a0: Tienda","item":"https:\/\/decoplanta.com\/?page_id=377"},{"@type":"ListItem","position":3,"name":"BUIS EN C\u00d4NE"}]},{"@type":"WebSite","@id":"https:\/\/decoplanta.com\/fr\/#website","url":"https:\/\/decoplanta.com\/fr\/","name":"PLANTES ET ARBRES ARTIFICIELS TR\u00c8S R\u00c9ALISTES","description":"Proveedor de Plantas artificiales para estudios de Arquitectura, Interiorismo, Paisajismo, Escenograf\u00eda, Tiendas de Decoraci\u00f3n Florister\u00edas y Mobiliario","publisher":{"@id":"https:\/\/decoplanta.com\/fr\/#organization"},"potentialAction":[{"@type":"SearchAction","target":{"@type":"EntryPoint","urlTemplate":"https:\/\/decoplanta.com\/fr\/?s={search_term_string}"},"query-input":{"@type":"PropertyValueSpecification","valueRequired":true,"valueName":"search_term_string"}}],"inLanguage":"fr-FR"},{"@type":"Organization","@id":"https:\/\/decoplanta.com\/fr\/#organization","name":"PLANTES ET ARBRES ARTIFICIELS TR\u00c8S R\u00c9ALISTES","url":"https:\/\/decoplanta.com\/fr\/","logo":{"@type":"ImageObject","inLanguage":"fr-FR","@id":"https:\/\/decoplanta.com\/fr\/#\/schema\/logo\/image\/","url":"https:\/\/decoplanta.com\/wp-content\/uploads\/2021\/02\/decoplanta-logo2020.svg","contentUrl":"https:\/\/decoplanta.com\/wp-content\/uploads\/2021\/02\/decoplanta-logo2020.svg","width":500,"height":500,"caption":"PLANTES ET ARBRES ARTIFICIELS TR\u00c8S R\u00c9ALISTES"},"image":{"@id":"https:\/\/decoplanta.com\/fr\/#\/schema\/logo\/image\/"}}]}},"_links":{"self":[{"href":"https:\/\/decoplanta.com\/fr\/wp-json\/wp\/v2\/product\/3594","targetHints":{"allow":["GET"]}}],"collection":[{"href":"https:\/\/decoplanta.com\/fr\/wp-json\/wp\/v2\/product"}],"about":[{"href":"https:\/\/decoplanta.com\/fr\/wp-json\/wp\/v2\/types\/product"}],"version-history":[{"count":0,"href":"https:\/\/decoplanta.com\/fr\/wp-json\/wp\/v2\/product\/3594\/revisions"}],"wp:featuredmedia":[{"embeddable":true,"href":"https:\/\/decoplanta.com\/fr\/wp-json\/wp\/v2\/media\/2548"}],"wp:attachment":[{"href":"https:\/\/decoplanta.com\/fr\/wp-json\/wp\/v2\/media?parent=3594"}],"wp:term":[{"taxonomy":"product_brand","embeddable":true,"href":"https:\/\/decoplanta.com\/fr\/wp-json\/wp\/v2\/product_brand?post=3594"},{"taxonomy":"product_cat","embeddable":true,"href":"https:\/\/decoplanta.com\/fr\/wp-json\/wp\/v2\/product_cat?post=3594"},{"taxonomy":"product_tag","embeddable":true,"href":"https:\/\/decoplanta.com\/fr\/wp-json\/wp\/v2\/product_tag?post=3594"}],"curies":[{"name":"wp","href":"https:\/\/api.w.org\/{rel}","templated":true}]}}