{"id":3606,"date":"2021-03-02T19:16:19","date_gmt":"2021-12-25T13:37:35","guid":{"rendered":"https:\/\/decoplanta.com\/non%20class\u00e9\/fougere-boston\/"},"modified":"2023-10-21T12:05:16","modified_gmt":"2023-10-21T11:05:16","slug":"fougere-boston","status":"publish","type":"product","link":"https:\/\/decoplanta.com\/fr\/plantes-dinterieur-artificielles\/fougere-boston\/","title":{"rendered":"Foug\u00e8re Boston"},"content":{"rendered":"<p>Foug\u00e8re BOSTON de 55 cm de diam\u00e8tre. Un r\u00e9alisme incroyable pour la d\u00e9coration int\u00e9rieure. R\u00e9plique de la foug\u00e8re appel\u00e9e Nephrolepis exaltata. Ils sont vendus en caisse de 4 unit\u00e9s. Deux hauteurs disponibles : 55 cm et 70 cm de haut.<\/p>\n","protected":false},"excerpt":{"rendered":"<p>Mod\u00e8le Foug\u00e8re BOSTON artificiel, disponible en 3 tailles. Un r\u00e9alisme incroyable pour la d\u00e9coration int\u00e9rieure. R\u00e9plique de la foug\u00e8re appel\u00e9e Nephrolepis exaltata. Comprend une pot de base.<\/p>\n<table>\n<tbody>\n<tr>\n<td><strong>R\u00c9F<\/strong><\/td>\n<td><strong>HAUTEUR<\/strong><\/td>\n<\/tr>\n<tr>\n<td>425414<\/td>\n<td>35 cm<\/td>\n<\/tr>\n<tr>\n<td>425399<\/td>\n<td>55 cm<\/td>\n<\/tr>\n<tr>\n<td>425400<\/td>\n<td>70 cm<\/td>\n<\/tr>\n<\/tbody>\n<\/table>\n","protected":false},"featured_media":2766,"template":"","meta":{"_monsterinsights_skip_tracking":false,"_monsterinsights_sitenote_active":false,"_monsterinsights_sitenote_note":"","_monsterinsights_sitenote_category":0},"product_brand":[],"product_cat":[251],"product_tag":[269],"class_list":{"0":"post-3606","1":"product","2":"type-product","3":"status-publish","4":"has-post-thumbnail","6":"product_cat-plantes-dinterieur-artificielles","7":"product_tag-fougere-dinterieur","8":"","9":"woocommerce-text-align-center","10":"woocommerce-image-align-center","11":"do-quantity-buttons","13":"first","14":"instock","15":"taxable","16":"shipping-taxable","17":"purchasable","18":"product-type-variable","19":"has-default-attributes"},"yoast_head":"<!-- This site is optimized with the Yoast SEO plugin v27.3 - https:\/\/yoast.com\/product\/yoast-seo-wordpress\/ -->\n<title>Foug\u00e8re BOSTON artificiel - Grand r\u00e9alisme pour l&#039;int\u00e9rieur<\/title>\n<meta name=\"description\" content=\"Foug\u00e8re BOSTON artificiel d&#039;un r\u00e9alisme incroyable pour la d\u00e9coration d&#039;int\u00e9rieur. R\u00e9plique de la foug\u00e8re appel\u00e9e Nephrolepis exaltata\" \/>\n<meta name=\"robots\" content=\"index, follow, max-snippet:-1, max-image-preview:large, max-video-preview:-1\" \/>\n<link rel=\"canonical\" href=\"https:\/\/decoplanta.com\/fr\/plantes-dinterieur-artificielles\/fougere-boston\/\" \/>\n<meta property=\"og:locale\" content=\"fr_FR\" \/>\n<meta property=\"og:type\" content=\"article\" \/>\n<meta property=\"og:title\" content=\"Foug\u00e8re BOSTON artificiel - Grand r\u00e9alisme pour l&#039;int\u00e9rieur\" \/>\n<meta property=\"og:description\" content=\"Foug\u00e8re BOSTON artificiel d&#039;un r\u00e9alisme incroyable pour la d\u00e9coration d&#039;int\u00e9rieur. R\u00e9plique de la foug\u00e8re appel\u00e9e Nephrolepis exaltata\" \/>\n<meta property=\"og:url\" content=\"https:\/\/decoplanta.com\/fr\/plantes-dinterieur-artificielles\/fougere-boston\/\" \/>\n<meta property=\"og:site_name\" content=\"PLANTES ET ARBRES ARTIFICIELS TR\u00c8S R\u00c9ALISTES\" \/>\n<meta property=\"article:modified_time\" content=\"2023-10-21T11:05:16+00:00\" \/>\n<meta property=\"og:image\" content=\"https:\/\/decoplanta.com\/wp-content\/uploads\/2021\/11\/425400-HELECHO_BOSTON-DE-70cm.jpg\" \/>\n\t<meta property=\"og:image:width\" content=\"1760\" \/>\n\t<meta property=\"og:image:height\" content=\"1760\" \/>\n\t<meta property=\"og:image:type\" content=\"image\/jpeg\" \/>\n<meta name=\"twitter:card\" content=\"summary_large_image\" \/>\n<meta name=\"twitter:label1\" content=\"Dur\u00e9e de lecture estim\u00e9e\" \/>\n\t<meta name=\"twitter:data1\" content=\"1 minute\" \/>\n<script type=\"application\/ld+json\" class=\"yoast-schema-graph\">{\"@context\":\"https:\\\/\\\/schema.org\",\"@graph\":[{\"@type\":\"WebPage\",\"@id\":\"https:\\\/\\\/decoplanta.com\\\/fr\\\/plantes-dinterieur-artificielles\\\/fougere-boston\\\/\",\"url\":\"https:\\\/\\\/decoplanta.com\\\/fr\\\/plantes-dinterieur-artificielles\\\/fougere-boston\\\/\",\"name\":\"Foug\u00e8re BOSTON artificiel - Grand r\u00e9alisme pour l'int\u00e9rieur\",\"isPartOf\":{\"@id\":\"https:\\\/\\\/decoplanta.com\\\/fr\\\/#website\"},\"primaryImageOfPage\":{\"@id\":\"https:\\\/\\\/decoplanta.com\\\/fr\\\/plantes-dinterieur-artificielles\\\/fougere-boston\\\/#primaryimage\"},\"image\":{\"@id\":\"https:\\\/\\\/decoplanta.com\\\/fr\\\/plantes-dinterieur-artificielles\\\/fougere-boston\\\/#primaryimage\"},\"thumbnailUrl\":\"https:\\\/\\\/decoplanta.com\\\/wp-content\\\/uploads\\\/2021\\\/11\\\/425400-HELECHO_BOSTON-DE-70cm.jpg\",\"datePublished\":\"2021-12-25T13:37:35+00:00\",\"dateModified\":\"2023-10-21T11:05:16+00:00\",\"description\":\"Foug\u00e8re BOSTON artificiel d'un r\u00e9alisme incroyable pour la d\u00e9coration d'int\u00e9rieur. R\u00e9plique de la foug\u00e8re appel\u00e9e Nephrolepis exaltata\",\"breadcrumb\":{\"@id\":\"https:\\\/\\\/decoplanta.com\\\/fr\\\/plantes-dinterieur-artificielles\\\/fougere-boston\\\/#breadcrumb\"},\"inLanguage\":\"fr-FR\",\"potentialAction\":[{\"@type\":\"ReadAction\",\"target\":[\"https:\\\/\\\/decoplanta.com\\\/fr\\\/plantes-dinterieur-artificielles\\\/fougere-boston\\\/\"]}]},{\"@type\":\"ImageObject\",\"inLanguage\":\"fr-FR\",\"@id\":\"https:\\\/\\\/decoplanta.com\\\/fr\\\/plantes-dinterieur-artificielles\\\/fougere-boston\\\/#primaryimage\",\"url\":\"https:\\\/\\\/decoplanta.com\\\/wp-content\\\/uploads\\\/2021\\\/11\\\/425400-HELECHO_BOSTON-DE-70cm.jpg\",\"contentUrl\":\"https:\\\/\\\/decoplanta.com\\\/wp-content\\\/uploads\\\/2021\\\/11\\\/425400-HELECHO_BOSTON-DE-70cm.jpg\",\"width\":1760,\"height\":1760,\"caption\":\"70cm FOUG\u00c8RE BOSTON\"},{\"@type\":\"BreadcrumbList\",\"@id\":\"https:\\\/\\\/decoplanta.com\\\/fr\\\/plantes-dinterieur-artificielles\\\/fougere-boston\\\/#breadcrumb\",\"itemListElement\":[{\"@type\":\"ListItem\",\"position\":1,\"name\":\"Portada\",\"item\":\"https:\\\/\\\/decoplanta.com\\\/fr\\\/\"},{\"@type\":\"ListItem\",\"position\":2,\"name\":\"Priv\u00e9\u00a0: Tienda\",\"item\":\"https:\\\/\\\/decoplanta.com\\\/?page_id=377\"},{\"@type\":\"ListItem\",\"position\":3,\"name\":\"Foug\u00e8re Boston\"}]},{\"@type\":\"WebSite\",\"@id\":\"https:\\\/\\\/decoplanta.com\\\/fr\\\/#website\",\"url\":\"https:\\\/\\\/decoplanta.com\\\/fr\\\/\",\"name\":\"PLANTES ET ARBRES ARTIFICIELS TR\u00c8S R\u00c9ALISTES\",\"description\":\"Proveedor de Plantas artificiales para estudios de Arquitectura, Interiorismo, Paisajismo, Escenograf\u00eda, Tiendas de Decoraci\u00f3n Florister\u00edas y Mobiliario\",\"publisher\":{\"@id\":\"https:\\\/\\\/decoplanta.com\\\/fr\\\/#organization\"},\"potentialAction\":[{\"@type\":\"SearchAction\",\"target\":{\"@type\":\"EntryPoint\",\"urlTemplate\":\"https:\\\/\\\/decoplanta.com\\\/fr\\\/?s={search_term_string}\"},\"query-input\":{\"@type\":\"PropertyValueSpecification\",\"valueRequired\":true,\"valueName\":\"search_term_string\"}}],\"inLanguage\":\"fr-FR\"},{\"@type\":\"Organization\",\"@id\":\"https:\\\/\\\/decoplanta.com\\\/fr\\\/#organization\",\"name\":\"PLANTES ET ARBRES ARTIFICIELS TR\u00c8S R\u00c9ALISTES\",\"url\":\"https:\\\/\\\/decoplanta.com\\\/fr\\\/\",\"logo\":{\"@type\":\"ImageObject\",\"inLanguage\":\"fr-FR\",\"@id\":\"https:\\\/\\\/decoplanta.com\\\/fr\\\/#\\\/schema\\\/logo\\\/image\\\/\",\"url\":\"https:\\\/\\\/decoplanta.com\\\/wp-content\\\/uploads\\\/2021\\\/02\\\/decoplanta-logo2020.svg\",\"contentUrl\":\"https:\\\/\\\/decoplanta.com\\\/wp-content\\\/uploads\\\/2021\\\/02\\\/decoplanta-logo2020.svg\",\"width\":500,\"height\":500,\"caption\":\"PLANTES ET ARBRES ARTIFICIELS TR\u00c8S R\u00c9ALISTES\"},\"image\":{\"@id\":\"https:\\\/\\\/decoplanta.com\\\/fr\\\/#\\\/schema\\\/logo\\\/image\\\/\"}}]}<\/script>\n<!-- \/ Yoast SEO plugin. -->","yoast_head_json":{"title":"Foug\u00e8re BOSTON artificiel - Grand r\u00e9alisme pour l'int\u00e9rieur","description":"Foug\u00e8re BOSTON artificiel d'un r\u00e9alisme incroyable pour la d\u00e9coration d'int\u00e9rieur. R\u00e9plique de la foug\u00e8re appel\u00e9e Nephrolepis exaltata","robots":{"index":"index","follow":"follow","max-snippet":"max-snippet:-1","max-image-preview":"max-image-preview:large","max-video-preview":"max-video-preview:-1"},"canonical":"https:\/\/decoplanta.com\/fr\/plantes-dinterieur-artificielles\/fougere-boston\/","og_locale":"fr_FR","og_type":"article","og_title":"Foug\u00e8re BOSTON artificiel - Grand r\u00e9alisme pour l'int\u00e9rieur","og_description":"Foug\u00e8re BOSTON artificiel d'un r\u00e9alisme incroyable pour la d\u00e9coration d'int\u00e9rieur. R\u00e9plique de la foug\u00e8re appel\u00e9e Nephrolepis exaltata","og_url":"https:\/\/decoplanta.com\/fr\/plantes-dinterieur-artificielles\/fougere-boston\/","og_site_name":"PLANTES ET ARBRES ARTIFICIELS TR\u00c8S R\u00c9ALISTES","article_modified_time":"2023-10-21T11:05:16+00:00","og_image":[{"width":1760,"height":1760,"url":"https:\/\/decoplanta.com\/wp-content\/uploads\/2021\/11\/425400-HELECHO_BOSTON-DE-70cm.jpg","type":"image\/jpeg"}],"twitter_card":"summary_large_image","twitter_misc":{"Dur\u00e9e de lecture estim\u00e9e":"1 minute"},"schema":{"@context":"https:\/\/schema.org","@graph":[{"@type":"WebPage","@id":"https:\/\/decoplanta.com\/fr\/plantes-dinterieur-artificielles\/fougere-boston\/","url":"https:\/\/decoplanta.com\/fr\/plantes-dinterieur-artificielles\/fougere-boston\/","name":"Foug\u00e8re BOSTON artificiel - Grand r\u00e9alisme pour l'int\u00e9rieur","isPartOf":{"@id":"https:\/\/decoplanta.com\/fr\/#website"},"primaryImageOfPage":{"@id":"https:\/\/decoplanta.com\/fr\/plantes-dinterieur-artificielles\/fougere-boston\/#primaryimage"},"image":{"@id":"https:\/\/decoplanta.com\/fr\/plantes-dinterieur-artificielles\/fougere-boston\/#primaryimage"},"thumbnailUrl":"https:\/\/decoplanta.com\/wp-content\/uploads\/2021\/11\/425400-HELECHO_BOSTON-DE-70cm.jpg","datePublished":"2021-12-25T13:37:35+00:00","dateModified":"2023-10-21T11:05:16+00:00","description":"Foug\u00e8re BOSTON artificiel d'un r\u00e9alisme incroyable pour la d\u00e9coration d'int\u00e9rieur. R\u00e9plique de la foug\u00e8re appel\u00e9e Nephrolepis exaltata","breadcrumb":{"@id":"https:\/\/decoplanta.com\/fr\/plantes-dinterieur-artificielles\/fougere-boston\/#breadcrumb"},"inLanguage":"fr-FR","potentialAction":[{"@type":"ReadAction","target":["https:\/\/decoplanta.com\/fr\/plantes-dinterieur-artificielles\/fougere-boston\/"]}]},{"@type":"ImageObject","inLanguage":"fr-FR","@id":"https:\/\/decoplanta.com\/fr\/plantes-dinterieur-artificielles\/fougere-boston\/#primaryimage","url":"https:\/\/decoplanta.com\/wp-content\/uploads\/2021\/11\/425400-HELECHO_BOSTON-DE-70cm.jpg","contentUrl":"https:\/\/decoplanta.com\/wp-content\/uploads\/2021\/11\/425400-HELECHO_BOSTON-DE-70cm.jpg","width":1760,"height":1760,"caption":"70cm FOUG\u00c8RE BOSTON"},{"@type":"BreadcrumbList","@id":"https:\/\/decoplanta.com\/fr\/plantes-dinterieur-artificielles\/fougere-boston\/#breadcrumb","itemListElement":[{"@type":"ListItem","position":1,"name":"Portada","item":"https:\/\/decoplanta.com\/fr\/"},{"@type":"ListItem","position":2,"name":"Priv\u00e9\u00a0: Tienda","item":"https:\/\/decoplanta.com\/?page_id=377"},{"@type":"ListItem","position":3,"name":"Foug\u00e8re Boston"}]},{"@type":"WebSite","@id":"https:\/\/decoplanta.com\/fr\/#website","url":"https:\/\/decoplanta.com\/fr\/","name":"PLANTES ET ARBRES ARTIFICIELS TR\u00c8S R\u00c9ALISTES","description":"Proveedor de Plantas artificiales para estudios de Arquitectura, Interiorismo, Paisajismo, Escenograf\u00eda, Tiendas de Decoraci\u00f3n Florister\u00edas y Mobiliario","publisher":{"@id":"https:\/\/decoplanta.com\/fr\/#organization"},"potentialAction":[{"@type":"SearchAction","target":{"@type":"EntryPoint","urlTemplate":"https:\/\/decoplanta.com\/fr\/?s={search_term_string}"},"query-input":{"@type":"PropertyValueSpecification","valueRequired":true,"valueName":"search_term_string"}}],"inLanguage":"fr-FR"},{"@type":"Organization","@id":"https:\/\/decoplanta.com\/fr\/#organization","name":"PLANTES ET ARBRES ARTIFICIELS TR\u00c8S R\u00c9ALISTES","url":"https:\/\/decoplanta.com\/fr\/","logo":{"@type":"ImageObject","inLanguage":"fr-FR","@id":"https:\/\/decoplanta.com\/fr\/#\/schema\/logo\/image\/","url":"https:\/\/decoplanta.com\/wp-content\/uploads\/2021\/02\/decoplanta-logo2020.svg","contentUrl":"https:\/\/decoplanta.com\/wp-content\/uploads\/2021\/02\/decoplanta-logo2020.svg","width":500,"height":500,"caption":"PLANTES ET ARBRES ARTIFICIELS TR\u00c8S R\u00c9ALISTES"},"image":{"@id":"https:\/\/decoplanta.com\/fr\/#\/schema\/logo\/image\/"}}]}},"_links":{"self":[{"href":"https:\/\/decoplanta.com\/fr\/wp-json\/wp\/v2\/product\/3606","targetHints":{"allow":["GET"]}}],"collection":[{"href":"https:\/\/decoplanta.com\/fr\/wp-json\/wp\/v2\/product"}],"about":[{"href":"https:\/\/decoplanta.com\/fr\/wp-json\/wp\/v2\/types\/product"}],"version-history":[{"count":0,"href":"https:\/\/decoplanta.com\/fr\/wp-json\/wp\/v2\/product\/3606\/revisions"}],"wp:featuredmedia":[{"embeddable":true,"href":"https:\/\/decoplanta.com\/fr\/wp-json\/wp\/v2\/media\/2766"}],"wp:attachment":[{"href":"https:\/\/decoplanta.com\/fr\/wp-json\/wp\/v2\/media?parent=3606"}],"wp:term":[{"taxonomy":"product_brand","embeddable":true,"href":"https:\/\/decoplanta.com\/fr\/wp-json\/wp\/v2\/product_brand?post=3606"},{"taxonomy":"product_cat","embeddable":true,"href":"https:\/\/decoplanta.com\/fr\/wp-json\/wp\/v2\/product_cat?post=3606"},{"taxonomy":"product_tag","embeddable":true,"href":"https:\/\/decoplanta.com\/fr\/wp-json\/wp\/v2\/product_tag?post=3606"}],"curies":[{"name":"wp","href":"https:\/\/api.w.org\/{rel}","templated":true}]}}