{"id":3619,"date":"2021-03-02T20:06:44","date_gmt":"2021-03-02T19:06:44","guid":{"rendered":"https:\/\/decoplanta.com\/non%20class\u00e9\/cactus-san-pedro\/"},"modified":"2023-06-20T14:00:53","modified_gmt":"2023-06-20T13:00:53","slug":"cactus-san-pedro","status":"publish","type":"product","link":"https:\/\/decoplanta.com\/fr\/mini-plantes\/cactus-san-pedro\/","title":{"rendered":"Cactus SAN PEDRO"},"content":{"rendered":"<p>Le cactus artificiel SAN PEDRO est une plante succulente tr\u00e8s r\u00e9aliste avec sa propre personnalit\u00e9, id\u00e9ale pour d\u00e9corer tout type d&rsquo;environnement. Pot gris de base incluse.<\/p>\n<p>Maintenant, il est disponible en deux hauteurs.<\/p>\n<p>Le <a href=\"https:\/\/es.wikipedia.org\/wiki\/Echinopsis_pachanoi\" target=\"_blank\" rel=\"noopener\">cactus artificiel d&rsquo;int\u00e9rieur SAN PEDRO se<\/a> distingue des autres plantes par sa simplicit\u00e9 et son \u00e9l\u00e9gance.<\/p>\n<p>Ce cactus est si sculptural que peu importe o\u00f9 vous le placez, car il attirera facilement l&rsquo;attention. Un cactus artificiel peut \u00eatre plac\u00e9 dans n&rsquo;importe quel coin, et il apporte toujours une touche d\u00e9corative \u00e9l\u00e9gante. Il s&rsquo;adapte facilement \u00e0 tous ambiances et d&#8217;emplacements puisqu&rsquo;il ne n\u00e9cessite aucun type de soins.<\/p>\n<p>Le <a href=\"https:\/\/decoplanta.com\/etiqueta-producto\/cactus-de-interior\/\" target=\"_blank\" rel=\"noopener\">cactus artificiel d&rsquo;int\u00e9rieur<\/a> est une bonne alternative d\u00e9corative pour ceux qui cherchent \u00e0 donner une touche originale \u00e0 un espace.<\/p>\n<h3>Pourquoi est-il difficile de diff\u00e9rencier ce cactus artificiel SAN PEDRO du naturel ?<\/h3>\n<p>La raison est tr\u00e8s simple : ce cactus est soigneusement fabriqu\u00e9 en \u00e9tant une imitation aussi authentique que possible, \u00e9tant tr\u00e8s difficile \u00e0 distinguer du naturel. Dans notre s\u00e9lection de cactus et succulentes artificiels, vous pouvez trouver des reproductions tr\u00e8s int\u00e9ressantes pour leur grand r\u00e9alisme. Vous pouvez le planter directement dans le sol ou garder les jolis pots en ciment inclus. Tout d\u00e9pend de l&rsquo;espace dont vous disposez et de l&rsquo;effet que vous souhaitez obtenir avec cette d\u00e9coration.<\/p>\n<p>Le cactus est la plante id\u00e9ale pour personnaliser la d\u00e9coration int\u00e9rieure, mais il est important de garder \u00e0 l&rsquo;esprit que la taille de la plante doit \u00eatre proportionnelle \u00e0 la place qu&rsquo;elle occupe.<\/p>\n<p>Ce cactus est disponible en deux tailles, mais vous pouvez \u00e9galement choisir parmi d&rsquo;autres que nous avons dans notre catalogue. Nous vous invitons \u00e0 d\u00e9couvrir quel est le mod\u00e8le parfait pour votre d\u00e9coration int\u00e9rieure.<\/p>\n<p>Les cactus artificiels donnent une touche exotique particuli\u00e8re \u00e0 la maison, \u00e9tant des ressources parfaites pour d\u00e9corer un salon. Aussi pour l&rsquo;espace de travail ou une petite terrasse. Vous pouvez cr\u00e9er un \u00ab paysage \u00bb naturel autour d&rsquo;un cactus ou d&rsquo;une succulente, en recr\u00e9ant un habitat aussi pr\u00e8s que possible de sa source.<\/p>\n","protected":false},"excerpt":{"rendered":"<p>Cactus SAN PEDRO, est une plante succulente tr\u00e8s r\u00e9aliste avec sa propre personnalit\u00e9, id\u00e9ale pour d\u00e9corer n&rsquo;importe quel ambiance. Pot gris de base incluse. Il ne n\u00e9cessite pas d&rsquo;entretien.<\/p>\n<table>\n<tbody>\n<tr>\n<td><strong>R\u00c9F<\/strong><\/td>\n<td><strong>HAUTEUR<\/strong><\/td>\n<\/tr>\n<tr>\n<td><strong>424641<\/strong><\/td>\n<td>57 cm<\/td>\n<\/tr>\n<\/tbody>\n<\/table>\n","protected":false},"featured_media":2532,"template":"","meta":{"_monsterinsights_skip_tracking":false,"_monsterinsights_sitenote_active":false,"_monsterinsights_sitenote_note":"","_monsterinsights_sitenote_category":0},"product_brand":[],"product_cat":[247],"product_tag":[261,277,278],"class_list":{"0":"post-3619","1":"product","2":"type-product","3":"status-publish","4":"has-post-thumbnail","6":"product_cat-mini-plantes","7":"product_tag-cactus-dinterieur","8":"product_tag-plante-succulente-artificielle","9":"product_tag-plante-tropicale","10":"","11":"woocommerce-text-align-center","12":"woocommerce-image-align-center","13":"do-quantity-buttons","15":"first","16":"instock","17":"taxable","18":"shipping-taxable","19":"purchasable","20":"product-type-simple"},"yoast_head":"<!-- This site is optimized with the Yoast SEO plugin v27.4 - https:\/\/yoast.com\/product\/yoast-seo-wordpress\/ -->\n<title>Cactus SAN PEDRO artificiel de haut r\u00e9alisme pour la d\u00e9coration int\u00e9rieure<\/title>\n<meta name=\"description\" content=\"Cactus SAN PEDRO plante grasse artificielle de grand r\u00e9alisme, id\u00e9ale pour d\u00e9corer n&#039;importe quel ambiance. Pot couleur gris inclus.\" \/>\n<meta name=\"robots\" content=\"index, follow, max-snippet:-1, max-image-preview:large, max-video-preview:-1\" \/>\n<link rel=\"canonical\" href=\"https:\/\/decoplanta.com\/fr\/mini-plantes\/cactus-san-pedro\/\" \/>\n<meta property=\"og:locale\" content=\"fr_FR\" \/>\n<meta property=\"og:type\" content=\"article\" \/>\n<meta property=\"og:title\" content=\"Cactus SAN PEDRO artificiel de haut r\u00e9alisme pour la d\u00e9coration int\u00e9rieure\" \/>\n<meta property=\"og:description\" content=\"Cactus SAN PEDRO plante grasse artificielle de grand r\u00e9alisme, id\u00e9ale pour d\u00e9corer n&#039;importe quel ambiance. Pot couleur gris inclus.\" \/>\n<meta property=\"og:url\" content=\"https:\/\/decoplanta.com\/fr\/mini-plantes\/cactus-san-pedro\/\" \/>\n<meta property=\"og:site_name\" content=\"PLANTES ET ARBRES ARTIFICIELS TR\u00c8S R\u00c9ALISTES\" \/>\n<meta property=\"article:modified_time\" content=\"2023-06-20T13:00:53+00:00\" \/>\n<meta property=\"og:image\" content=\"https:\/\/decoplanta.com\/wp-content\/uploads\/2021\/03\/424641-CACTUS_SANPEDRO.jpg\" \/>\n\t<meta property=\"og:image:width\" content=\"2400\" \/>\n\t<meta property=\"og:image:height\" content=\"2400\" \/>\n\t<meta property=\"og:image:type\" content=\"image\/jpeg\" \/>\n<meta name=\"twitter:card\" content=\"summary_large_image\" \/>\n<meta name=\"twitter:label1\" content=\"Dur\u00e9e de lecture estim\u00e9e\" \/>\n\t<meta name=\"twitter:data1\" content=\"2 minutes\" \/>\n<script type=\"application\/ld+json\" class=\"yoast-schema-graph\">{\"@context\":\"https:\\\/\\\/schema.org\",\"@graph\":[{\"@type\":\"WebPage\",\"@id\":\"https:\\\/\\\/decoplanta.com\\\/fr\\\/mini-plantes\\\/cactus-san-pedro\\\/\",\"url\":\"https:\\\/\\\/decoplanta.com\\\/fr\\\/mini-plantes\\\/cactus-san-pedro\\\/\",\"name\":\"Cactus SAN PEDRO artificiel de haut r\u00e9alisme pour la d\u00e9coration int\u00e9rieure\",\"isPartOf\":{\"@id\":\"https:\\\/\\\/decoplanta.com\\\/fr\\\/#website\"},\"primaryImageOfPage\":{\"@id\":\"https:\\\/\\\/decoplanta.com\\\/fr\\\/mini-plantes\\\/cactus-san-pedro\\\/#primaryimage\"},\"image\":{\"@id\":\"https:\\\/\\\/decoplanta.com\\\/fr\\\/mini-plantes\\\/cactus-san-pedro\\\/#primaryimage\"},\"thumbnailUrl\":\"https:\\\/\\\/decoplanta.com\\\/wp-content\\\/uploads\\\/2021\\\/03\\\/424641-CACTUS_SANPEDRO.jpg\",\"datePublished\":\"2021-03-02T19:06:44+00:00\",\"dateModified\":\"2023-06-20T13:00:53+00:00\",\"description\":\"Cactus SAN PEDRO plante grasse artificielle de grand r\u00e9alisme, id\u00e9ale pour d\u00e9corer n'importe quel ambiance. Pot couleur gris inclus.\",\"breadcrumb\":{\"@id\":\"https:\\\/\\\/decoplanta.com\\\/fr\\\/mini-plantes\\\/cactus-san-pedro\\\/#breadcrumb\"},\"inLanguage\":\"fr-FR\",\"potentialAction\":[{\"@type\":\"ReadAction\",\"target\":[\"https:\\\/\\\/decoplanta.com\\\/fr\\\/mini-plantes\\\/cactus-san-pedro\\\/\"]}]},{\"@type\":\"ImageObject\",\"inLanguage\":\"fr-FR\",\"@id\":\"https:\\\/\\\/decoplanta.com\\\/fr\\\/mini-plantes\\\/cactus-san-pedro\\\/#primaryimage\",\"url\":\"https:\\\/\\\/decoplanta.com\\\/wp-content\\\/uploads\\\/2021\\\/03\\\/424641-CACTUS_SANPEDRO.jpg\",\"contentUrl\":\"https:\\\/\\\/decoplanta.com\\\/wp-content\\\/uploads\\\/2021\\\/03\\\/424641-CACTUS_SANPEDRO.jpg\",\"width\":2400,\"height\":2400,\"caption\":\"cactus artificiel SAN PEDRO de grand r\u00e9alisme\"},{\"@type\":\"BreadcrumbList\",\"@id\":\"https:\\\/\\\/decoplanta.com\\\/fr\\\/mini-plantes\\\/cactus-san-pedro\\\/#breadcrumb\",\"itemListElement\":[{\"@type\":\"ListItem\",\"position\":1,\"name\":\"Portada\",\"item\":\"https:\\\/\\\/decoplanta.com\\\/fr\\\/\"},{\"@type\":\"ListItem\",\"position\":2,\"name\":\"Priv\u00e9\u00a0: Tienda\",\"item\":\"https:\\\/\\\/decoplanta.com\\\/?page_id=377\"},{\"@type\":\"ListItem\",\"position\":3,\"name\":\"Cactus SAN PEDRO\"}]},{\"@type\":\"WebSite\",\"@id\":\"https:\\\/\\\/decoplanta.com\\\/fr\\\/#website\",\"url\":\"https:\\\/\\\/decoplanta.com\\\/fr\\\/\",\"name\":\"PLANTES ET ARBRES ARTIFICIELS TR\u00c8S R\u00c9ALISTES\",\"description\":\"Proveedor de Plantas artificiales para estudios de Arquitectura, Interiorismo, Paisajismo, Escenograf\u00eda, Tiendas de Decoraci\u00f3n Florister\u00edas y Mobiliario\",\"publisher\":{\"@id\":\"https:\\\/\\\/decoplanta.com\\\/fr\\\/#organization\"},\"potentialAction\":[{\"@type\":\"SearchAction\",\"target\":{\"@type\":\"EntryPoint\",\"urlTemplate\":\"https:\\\/\\\/decoplanta.com\\\/fr\\\/?s={search_term_string}\"},\"query-input\":{\"@type\":\"PropertyValueSpecification\",\"valueRequired\":true,\"valueName\":\"search_term_string\"}}],\"inLanguage\":\"fr-FR\"},{\"@type\":\"Organization\",\"@id\":\"https:\\\/\\\/decoplanta.com\\\/fr\\\/#organization\",\"name\":\"PLANTES ET ARBRES ARTIFICIELS TR\u00c8S R\u00c9ALISTES\",\"url\":\"https:\\\/\\\/decoplanta.com\\\/fr\\\/\",\"logo\":{\"@type\":\"ImageObject\",\"inLanguage\":\"fr-FR\",\"@id\":\"https:\\\/\\\/decoplanta.com\\\/fr\\\/#\\\/schema\\\/logo\\\/image\\\/\",\"url\":\"https:\\\/\\\/decoplanta.com\\\/wp-content\\\/uploads\\\/2021\\\/02\\\/decoplanta-logo2020.svg\",\"contentUrl\":\"https:\\\/\\\/decoplanta.com\\\/wp-content\\\/uploads\\\/2021\\\/02\\\/decoplanta-logo2020.svg\",\"width\":500,\"height\":500,\"caption\":\"PLANTES ET ARBRES ARTIFICIELS TR\u00c8S R\u00c9ALISTES\"},\"image\":{\"@id\":\"https:\\\/\\\/decoplanta.com\\\/fr\\\/#\\\/schema\\\/logo\\\/image\\\/\"}}]}<\/script>\n<!-- \/ Yoast SEO plugin. -->","yoast_head_json":{"title":"Cactus SAN PEDRO artificiel de haut r\u00e9alisme pour la d\u00e9coration int\u00e9rieure","description":"Cactus SAN PEDRO plante grasse artificielle de grand r\u00e9alisme, id\u00e9ale pour d\u00e9corer n'importe quel ambiance. Pot couleur gris inclus.","robots":{"index":"index","follow":"follow","max-snippet":"max-snippet:-1","max-image-preview":"max-image-preview:large","max-video-preview":"max-video-preview:-1"},"canonical":"https:\/\/decoplanta.com\/fr\/mini-plantes\/cactus-san-pedro\/","og_locale":"fr_FR","og_type":"article","og_title":"Cactus SAN PEDRO artificiel de haut r\u00e9alisme pour la d\u00e9coration int\u00e9rieure","og_description":"Cactus SAN PEDRO plante grasse artificielle de grand r\u00e9alisme, id\u00e9ale pour d\u00e9corer n'importe quel ambiance. Pot couleur gris inclus.","og_url":"https:\/\/decoplanta.com\/fr\/mini-plantes\/cactus-san-pedro\/","og_site_name":"PLANTES ET ARBRES ARTIFICIELS TR\u00c8S R\u00c9ALISTES","article_modified_time":"2023-06-20T13:00:53+00:00","og_image":[{"width":2400,"height":2400,"url":"https:\/\/decoplanta.com\/wp-content\/uploads\/2021\/03\/424641-CACTUS_SANPEDRO.jpg","type":"image\/jpeg"}],"twitter_card":"summary_large_image","twitter_misc":{"Dur\u00e9e de lecture estim\u00e9e":"2 minutes"},"schema":{"@context":"https:\/\/schema.org","@graph":[{"@type":"WebPage","@id":"https:\/\/decoplanta.com\/fr\/mini-plantes\/cactus-san-pedro\/","url":"https:\/\/decoplanta.com\/fr\/mini-plantes\/cactus-san-pedro\/","name":"Cactus SAN PEDRO artificiel de haut r\u00e9alisme pour la d\u00e9coration int\u00e9rieure","isPartOf":{"@id":"https:\/\/decoplanta.com\/fr\/#website"},"primaryImageOfPage":{"@id":"https:\/\/decoplanta.com\/fr\/mini-plantes\/cactus-san-pedro\/#primaryimage"},"image":{"@id":"https:\/\/decoplanta.com\/fr\/mini-plantes\/cactus-san-pedro\/#primaryimage"},"thumbnailUrl":"https:\/\/decoplanta.com\/wp-content\/uploads\/2021\/03\/424641-CACTUS_SANPEDRO.jpg","datePublished":"2021-03-02T19:06:44+00:00","dateModified":"2023-06-20T13:00:53+00:00","description":"Cactus SAN PEDRO plante grasse artificielle de grand r\u00e9alisme, id\u00e9ale pour d\u00e9corer n'importe quel ambiance. Pot couleur gris inclus.","breadcrumb":{"@id":"https:\/\/decoplanta.com\/fr\/mini-plantes\/cactus-san-pedro\/#breadcrumb"},"inLanguage":"fr-FR","potentialAction":[{"@type":"ReadAction","target":["https:\/\/decoplanta.com\/fr\/mini-plantes\/cactus-san-pedro\/"]}]},{"@type":"ImageObject","inLanguage":"fr-FR","@id":"https:\/\/decoplanta.com\/fr\/mini-plantes\/cactus-san-pedro\/#primaryimage","url":"https:\/\/decoplanta.com\/wp-content\/uploads\/2021\/03\/424641-CACTUS_SANPEDRO.jpg","contentUrl":"https:\/\/decoplanta.com\/wp-content\/uploads\/2021\/03\/424641-CACTUS_SANPEDRO.jpg","width":2400,"height":2400,"caption":"cactus artificiel SAN PEDRO de grand r\u00e9alisme"},{"@type":"BreadcrumbList","@id":"https:\/\/decoplanta.com\/fr\/mini-plantes\/cactus-san-pedro\/#breadcrumb","itemListElement":[{"@type":"ListItem","position":1,"name":"Portada","item":"https:\/\/decoplanta.com\/fr\/"},{"@type":"ListItem","position":2,"name":"Priv\u00e9\u00a0: Tienda","item":"https:\/\/decoplanta.com\/?page_id=377"},{"@type":"ListItem","position":3,"name":"Cactus SAN PEDRO"}]},{"@type":"WebSite","@id":"https:\/\/decoplanta.com\/fr\/#website","url":"https:\/\/decoplanta.com\/fr\/","name":"PLANTES ET ARBRES ARTIFICIELS TR\u00c8S R\u00c9ALISTES","description":"Proveedor de Plantas artificiales para estudios de Arquitectura, Interiorismo, Paisajismo, Escenograf\u00eda, Tiendas de Decoraci\u00f3n Florister\u00edas y Mobiliario","publisher":{"@id":"https:\/\/decoplanta.com\/fr\/#organization"},"potentialAction":[{"@type":"SearchAction","target":{"@type":"EntryPoint","urlTemplate":"https:\/\/decoplanta.com\/fr\/?s={search_term_string}"},"query-input":{"@type":"PropertyValueSpecification","valueRequired":true,"valueName":"search_term_string"}}],"inLanguage":"fr-FR"},{"@type":"Organization","@id":"https:\/\/decoplanta.com\/fr\/#organization","name":"PLANTES ET ARBRES ARTIFICIELS TR\u00c8S R\u00c9ALISTES","url":"https:\/\/decoplanta.com\/fr\/","logo":{"@type":"ImageObject","inLanguage":"fr-FR","@id":"https:\/\/decoplanta.com\/fr\/#\/schema\/logo\/image\/","url":"https:\/\/decoplanta.com\/wp-content\/uploads\/2021\/02\/decoplanta-logo2020.svg","contentUrl":"https:\/\/decoplanta.com\/wp-content\/uploads\/2021\/02\/decoplanta-logo2020.svg","width":500,"height":500,"caption":"PLANTES ET ARBRES ARTIFICIELS TR\u00c8S R\u00c9ALISTES"},"image":{"@id":"https:\/\/decoplanta.com\/fr\/#\/schema\/logo\/image\/"}}]}},"_links":{"self":[{"href":"https:\/\/decoplanta.com\/fr\/wp-json\/wp\/v2\/product\/3619","targetHints":{"allow":["GET"]}}],"collection":[{"href":"https:\/\/decoplanta.com\/fr\/wp-json\/wp\/v2\/product"}],"about":[{"href":"https:\/\/decoplanta.com\/fr\/wp-json\/wp\/v2\/types\/product"}],"version-history":[{"count":0,"href":"https:\/\/decoplanta.com\/fr\/wp-json\/wp\/v2\/product\/3619\/revisions"}],"wp:featuredmedia":[{"embeddable":true,"href":"https:\/\/decoplanta.com\/fr\/wp-json\/wp\/v2\/media\/2532"}],"wp:attachment":[{"href":"https:\/\/decoplanta.com\/fr\/wp-json\/wp\/v2\/media?parent=3619"}],"wp:term":[{"taxonomy":"product_brand","embeddable":true,"href":"https:\/\/decoplanta.com\/fr\/wp-json\/wp\/v2\/product_brand?post=3619"},{"taxonomy":"product_cat","embeddable":true,"href":"https:\/\/decoplanta.com\/fr\/wp-json\/wp\/v2\/product_cat?post=3619"},{"taxonomy":"product_tag","embeddable":true,"href":"https:\/\/decoplanta.com\/fr\/wp-json\/wp\/v2\/product_tag?post=3619"}],"curies":[{"name":"wp","href":"https:\/\/api.w.org\/{rel}","templated":true}]}}