{"id":3633,"date":"2021-03-01T21:00:57","date_gmt":"2021-12-25T14:22:46","guid":{"rendered":"https:\/\/decoplanta.com\/non%20class\u00e9\/bananier-a-plusieurs-troncs\/"},"modified":"2021-12-25T15:24:02","modified_gmt":"2021-12-25T14:24:02","slug":"bananier-a-plusieurs-troncs","status":"publish","type":"product","link":"https:\/\/decoplanta.com\/fr\/plantes-dinterieur-artificielles\/bananier-a-plusieurs-troncs\/","title":{"rendered":"BANANIER \u00e0 plusieurs troncs"},"content":{"rendered":"<p>BANANIER \u00e0 plusieurs troncs, d&rsquo;esth\u00e9tique imposante et spectaculaire, ses <strong>troncs sont recouverts de feuilles naturelles.<\/strong> D\u00e9cor\u00e9 par lui-m\u00eame, combin\u00e9 avec ses feuilles larges et denses, il d\u00e9finira n&rsquo;importe quel ambiance o\u00f9 il est expos\u00e9. Hauteur 215cm. Il est recommand\u00e9 d&rsquo;utiliser une jardini\u00e8re basse pour mettre en valeur vos b\u00fbches de la base. Il est livr\u00e9 avec une pot de base incluse et ne n\u00e9cessite aucun entretien.<\/p>\n<h3>Comment est l&rsquo;arbre BANANIER \u00e0 plusieurs troncs artificiel ?<\/h3>\n<p>Les plantes peuvent \u00eatre class\u00e9es de plusieurs mani\u00e8res. L&rsquo;une des classifications les plus utilis\u00e9es est la taille qu&rsquo;ils atteignent.<\/p>\n<p>Les gramin\u00e9es sont des plantes qui n&rsquo;ont pas de tiges r\u00e9solument ligneuses. Le vert est leur couleur pr\u00e9dominante, et aussi quand ils portent des fruits, ils produisent de nombreuses graines. Celles-ci sont appel\u00e9es bulbeuses ou drageons qui poussent \u00e0 partir d&rsquo;un rhizome, selon le cas. De m\u00eame, il faut savoir qu&rsquo;il existe deux types selon le type de feuille : Gramino\u00efdes : Ce sont ceux \u00e0 feuilles \u00e9troites, et <a href=\"https:\/\/es.wikipedia.org\/wiki\/Forbia\" target=\"_blank\" rel=\"noopener\">les forbias<\/a> , \u00e0 feuilles larges. Au sein de ce dernier groupe, il y en a aussi un autre : les Megaforbias. Croyez-le ou non, le <a href=\"https:\/\/decoplanta.com\/plantas-de-interior-artificiales\/arbol-platanero-multitronco\/\" target=\"_blank\" rel=\"noopener\">bananier<\/a> est consid\u00e9r\u00e9 comme une herbe g\u00e9ante.<\/p>\n<p>Que sont les m\u00e9gaforbies ? Ce sont les herbes g\u00e9antes, telles que les soi-disant Muses (bananes, bananiers et <a href=\"https:\/\/decoplanta.com\/plantas-de-interior-artificiales\/arbol-palmera-style-180-cm\/\" target=\"_blank\" rel=\"noopener\">palmiers<\/a> . Ils peuvent facilement d\u00e9passer les 10 m\u00e8tres, c&rsquo;est pourquoi ils sont souvent pris pour des arbres m\u00eame s&rsquo;ils n&rsquo;ont rien \u00e0 voir les uns avec les autres. De plus, alors que les arbres sont des plantes dicotyl\u00e9dones, les gramin\u00e9es sont monocotyl\u00e9dones, ce qui signifie qu&rsquo;un seul cotyl\u00e9don germe lors de la germination.<\/p>\n<p>Cependant, il est normal que des doutes surgissent sur ce qu&rsquo;est une herbe, un buisson et un arbre, puisque parfois vous pouvez trouver des d\u00e9finitions qui diff\u00e8rent un peu entre eux.<\/p>\n<p>Les herbes sont les esp\u00e8ces v\u00e9g\u00e9tales qui ont eu le plus de succ\u00e8s \u00e9volutif. On peut les trouver pratiquement partout sur la plan\u00e8te, et ils pourraient \u00e0 terme devenir les grands survivants en cas de catastrophe mondiale.<\/p>\n","protected":false},"excerpt":{"rendered":"<p>BANANIER \u00e0 plusieurs troncs, d&rsquo;esth\u00e9tique imposante et spectaculaire, ses <strong>troncs sont recouverts de feuilles naturelles.<\/strong> D\u00e9cor\u00e9 par lui-m\u00eame, combin\u00e9 avec ses feuilles larges et denses, il d\u00e9finira n&rsquo;importe quel environnement o\u00f9 il est expos\u00e9. Il est recommand\u00e9 d&rsquo;utiliser une jardini\u00e8re basse pour mettre en valeur vos b\u00fbches de la base. Il est livr\u00e9 avec une pot de base incluse et ne n\u00e9cessite aucun entretien.<\/p>\n<table>\n<tbody>\n<tr>\n<td><strong>R\u00c9F<\/strong><\/td>\n<td><strong>HAUTEUR<\/strong><\/td>\n<td><strong>FEUILLES<\/strong><\/td>\n<\/tr>\n<tr>\n<td><strong>1810004<\/strong><\/td>\n<td>215 cm<\/td>\n<td>27<\/td>\n<\/tr>\n<\/tbody>\n<\/table>\n","protected":false},"featured_media":2518,"template":"","meta":{"_monsterinsights_skip_tracking":false,"_monsterinsights_sitenote_active":false,"_monsterinsights_sitenote_note":"","_monsterinsights_sitenote_category":0},"product_brand":[],"product_cat":[251],"product_tag":[257,278],"class_list":{"0":"post-3633","1":"product","2":"type-product","3":"status-publish","4":"has-post-thumbnail","6":"product_cat-plantes-dinterieur-artificielles","7":"product_tag-arbre-fruitier-artificiel","8":"product_tag-plante-tropicale","9":"","10":"woocommerce-text-align-center","11":"woocommerce-image-align-center","12":"do-quantity-buttons","14":"first","15":"instock","16":"taxable","17":"shipping-taxable","18":"purchasable","19":"product-type-simple"},"yoast_head":"<!-- This site is optimized with the Yoast SEO plugin v27.3 - https:\/\/yoast.com\/product\/yoast-seo-wordpress\/ -->\n<title>BANANIER \u00e0 plusieurs troncs artificiel de haut r\u00e9alisme pour l&#039;int\u00e9rieur<\/title>\n<meta name=\"description\" content=\"BANANIER \u00e0 plusieurs troncs recouverts de feuilles naturelles et grandes feuilles de couleur vert vif. D\u00e9coration aux accents tropicaux\" \/>\n<meta name=\"robots\" content=\"index, follow, max-snippet:-1, max-image-preview:large, max-video-preview:-1\" \/>\n<link rel=\"canonical\" href=\"https:\/\/decoplanta.com\/fr\/plantes-dinterieur-artificielles\/bananier-a-plusieurs-troncs\/\" \/>\n<meta property=\"og:locale\" content=\"fr_FR\" \/>\n<meta property=\"og:type\" content=\"article\" \/>\n<meta property=\"og:title\" content=\"BANANIER \u00e0 plusieurs troncs artificiel de haut r\u00e9alisme pour l&#039;int\u00e9rieur\" \/>\n<meta property=\"og:description\" content=\"BANANIER \u00e0 plusieurs troncs recouverts de feuilles naturelles et grandes feuilles de couleur vert vif. D\u00e9coration aux accents tropicaux\" \/>\n<meta property=\"og:url\" content=\"https:\/\/decoplanta.com\/fr\/plantes-dinterieur-artificielles\/bananier-a-plusieurs-troncs\/\" \/>\n<meta property=\"og:site_name\" content=\"PLANTES ET ARBRES ARTIFICIELS TR\u00c8S R\u00c9ALISTES\" \/>\n<meta property=\"article:modified_time\" content=\"2021-12-25T14:24:02+00:00\" \/>\n<meta property=\"og:image\" content=\"https:\/\/decoplanta.com\/wp-content\/uploads\/2021\/03\/1810004-arbol-PLATANERO_MULTITRONCO.jpg\" \/>\n\t<meta property=\"og:image:width\" content=\"1200\" \/>\n\t<meta property=\"og:image:height\" content=\"1200\" \/>\n\t<meta property=\"og:image:type\" content=\"image\/jpeg\" \/>\n<meta name=\"twitter:card\" content=\"summary_large_image\" \/>\n<meta name=\"twitter:label1\" content=\"Dur\u00e9e de lecture estim\u00e9e\" \/>\n\t<meta name=\"twitter:data1\" content=\"2 minutes\" \/>\n<script type=\"application\/ld+json\" class=\"yoast-schema-graph\">{\"@context\":\"https:\\\/\\\/schema.org\",\"@graph\":[{\"@type\":\"WebPage\",\"@id\":\"https:\\\/\\\/decoplanta.com\\\/fr\\\/plantes-dinterieur-artificielles\\\/bananier-a-plusieurs-troncs\\\/\",\"url\":\"https:\\\/\\\/decoplanta.com\\\/fr\\\/plantes-dinterieur-artificielles\\\/bananier-a-plusieurs-troncs\\\/\",\"name\":\"BANANIER \u00e0 plusieurs troncs artificiel de haut r\u00e9alisme pour l'int\u00e9rieur\",\"isPartOf\":{\"@id\":\"https:\\\/\\\/decoplanta.com\\\/fr\\\/#website\"},\"primaryImageOfPage\":{\"@id\":\"https:\\\/\\\/decoplanta.com\\\/fr\\\/plantes-dinterieur-artificielles\\\/bananier-a-plusieurs-troncs\\\/#primaryimage\"},\"image\":{\"@id\":\"https:\\\/\\\/decoplanta.com\\\/fr\\\/plantes-dinterieur-artificielles\\\/bananier-a-plusieurs-troncs\\\/#primaryimage\"},\"thumbnailUrl\":\"https:\\\/\\\/decoplanta.com\\\/wp-content\\\/uploads\\\/2021\\\/03\\\/1810004-arbol-PLATANERO_MULTITRONCO.jpg\",\"datePublished\":\"2021-12-25T14:22:46+00:00\",\"dateModified\":\"2021-12-25T14:24:02+00:00\",\"description\":\"BANANIER \u00e0 plusieurs troncs recouverts de feuilles naturelles et grandes feuilles de couleur vert vif. D\u00e9coration aux accents tropicaux\",\"breadcrumb\":{\"@id\":\"https:\\\/\\\/decoplanta.com\\\/fr\\\/plantes-dinterieur-artificielles\\\/bananier-a-plusieurs-troncs\\\/#breadcrumb\"},\"inLanguage\":\"fr-FR\",\"potentialAction\":[{\"@type\":\"ReadAction\",\"target\":[\"https:\\\/\\\/decoplanta.com\\\/fr\\\/plantes-dinterieur-artificielles\\\/bananier-a-plusieurs-troncs\\\/\"]}]},{\"@type\":\"ImageObject\",\"inLanguage\":\"fr-FR\",\"@id\":\"https:\\\/\\\/decoplanta.com\\\/fr\\\/plantes-dinterieur-artificielles\\\/bananier-a-plusieurs-troncs\\\/#primaryimage\",\"url\":\"https:\\\/\\\/decoplanta.com\\\/wp-content\\\/uploads\\\/2021\\\/03\\\/1810004-arbol-PLATANERO_MULTITRONCO.jpg\",\"contentUrl\":\"https:\\\/\\\/decoplanta.com\\\/wp-content\\\/uploads\\\/2021\\\/03\\\/1810004-arbol-PLATANERO_MULTITRONCO.jpg\",\"width\":1200,\"height\":1200,\"caption\":\"Bananier artificiel, aux troncs recouverts de feuilles naturelles\"},{\"@type\":\"BreadcrumbList\",\"@id\":\"https:\\\/\\\/decoplanta.com\\\/fr\\\/plantes-dinterieur-artificielles\\\/bananier-a-plusieurs-troncs\\\/#breadcrumb\",\"itemListElement\":[{\"@type\":\"ListItem\",\"position\":1,\"name\":\"Portada\",\"item\":\"https:\\\/\\\/decoplanta.com\\\/fr\\\/\"},{\"@type\":\"ListItem\",\"position\":2,\"name\":\"Priv\u00e9\u00a0: Tienda\",\"item\":\"https:\\\/\\\/decoplanta.com\\\/?page_id=377\"},{\"@type\":\"ListItem\",\"position\":3,\"name\":\"BANANIER \u00e0 plusieurs troncs\"}]},{\"@type\":\"WebSite\",\"@id\":\"https:\\\/\\\/decoplanta.com\\\/fr\\\/#website\",\"url\":\"https:\\\/\\\/decoplanta.com\\\/fr\\\/\",\"name\":\"PLANTES ET ARBRES ARTIFICIELS TR\u00c8S R\u00c9ALISTES\",\"description\":\"Proveedor de Plantas artificiales para estudios de Arquitectura, Interiorismo, Paisajismo, Escenograf\u00eda, Tiendas de Decoraci\u00f3n Florister\u00edas y Mobiliario\",\"publisher\":{\"@id\":\"https:\\\/\\\/decoplanta.com\\\/fr\\\/#organization\"},\"potentialAction\":[{\"@type\":\"SearchAction\",\"target\":{\"@type\":\"EntryPoint\",\"urlTemplate\":\"https:\\\/\\\/decoplanta.com\\\/fr\\\/?s={search_term_string}\"},\"query-input\":{\"@type\":\"PropertyValueSpecification\",\"valueRequired\":true,\"valueName\":\"search_term_string\"}}],\"inLanguage\":\"fr-FR\"},{\"@type\":\"Organization\",\"@id\":\"https:\\\/\\\/decoplanta.com\\\/fr\\\/#organization\",\"name\":\"PLANTES ET ARBRES ARTIFICIELS TR\u00c8S R\u00c9ALISTES\",\"url\":\"https:\\\/\\\/decoplanta.com\\\/fr\\\/\",\"logo\":{\"@type\":\"ImageObject\",\"inLanguage\":\"fr-FR\",\"@id\":\"https:\\\/\\\/decoplanta.com\\\/fr\\\/#\\\/schema\\\/logo\\\/image\\\/\",\"url\":\"https:\\\/\\\/decoplanta.com\\\/wp-content\\\/uploads\\\/2021\\\/02\\\/decoplanta-logo2020.svg\",\"contentUrl\":\"https:\\\/\\\/decoplanta.com\\\/wp-content\\\/uploads\\\/2021\\\/02\\\/decoplanta-logo2020.svg\",\"width\":500,\"height\":500,\"caption\":\"PLANTES ET ARBRES ARTIFICIELS TR\u00c8S R\u00c9ALISTES\"},\"image\":{\"@id\":\"https:\\\/\\\/decoplanta.com\\\/fr\\\/#\\\/schema\\\/logo\\\/image\\\/\"}}]}<\/script>\n<!-- \/ Yoast SEO plugin. -->","yoast_head_json":{"title":"BANANIER \u00e0 plusieurs troncs artificiel de haut r\u00e9alisme pour l'int\u00e9rieur","description":"BANANIER \u00e0 plusieurs troncs recouverts de feuilles naturelles et grandes feuilles de couleur vert vif. D\u00e9coration aux accents tropicaux","robots":{"index":"index","follow":"follow","max-snippet":"max-snippet:-1","max-image-preview":"max-image-preview:large","max-video-preview":"max-video-preview:-1"},"canonical":"https:\/\/decoplanta.com\/fr\/plantes-dinterieur-artificielles\/bananier-a-plusieurs-troncs\/","og_locale":"fr_FR","og_type":"article","og_title":"BANANIER \u00e0 plusieurs troncs artificiel de haut r\u00e9alisme pour l'int\u00e9rieur","og_description":"BANANIER \u00e0 plusieurs troncs recouverts de feuilles naturelles et grandes feuilles de couleur vert vif. D\u00e9coration aux accents tropicaux","og_url":"https:\/\/decoplanta.com\/fr\/plantes-dinterieur-artificielles\/bananier-a-plusieurs-troncs\/","og_site_name":"PLANTES ET ARBRES ARTIFICIELS TR\u00c8S R\u00c9ALISTES","article_modified_time":"2021-12-25T14:24:02+00:00","og_image":[{"width":1200,"height":1200,"url":"https:\/\/decoplanta.com\/wp-content\/uploads\/2021\/03\/1810004-arbol-PLATANERO_MULTITRONCO.jpg","type":"image\/jpeg"}],"twitter_card":"summary_large_image","twitter_misc":{"Dur\u00e9e de lecture estim\u00e9e":"2 minutes"},"schema":{"@context":"https:\/\/schema.org","@graph":[{"@type":"WebPage","@id":"https:\/\/decoplanta.com\/fr\/plantes-dinterieur-artificielles\/bananier-a-plusieurs-troncs\/","url":"https:\/\/decoplanta.com\/fr\/plantes-dinterieur-artificielles\/bananier-a-plusieurs-troncs\/","name":"BANANIER \u00e0 plusieurs troncs artificiel de haut r\u00e9alisme pour l'int\u00e9rieur","isPartOf":{"@id":"https:\/\/decoplanta.com\/fr\/#website"},"primaryImageOfPage":{"@id":"https:\/\/decoplanta.com\/fr\/plantes-dinterieur-artificielles\/bananier-a-plusieurs-troncs\/#primaryimage"},"image":{"@id":"https:\/\/decoplanta.com\/fr\/plantes-dinterieur-artificielles\/bananier-a-plusieurs-troncs\/#primaryimage"},"thumbnailUrl":"https:\/\/decoplanta.com\/wp-content\/uploads\/2021\/03\/1810004-arbol-PLATANERO_MULTITRONCO.jpg","datePublished":"2021-12-25T14:22:46+00:00","dateModified":"2021-12-25T14:24:02+00:00","description":"BANANIER \u00e0 plusieurs troncs recouverts de feuilles naturelles et grandes feuilles de couleur vert vif. D\u00e9coration aux accents tropicaux","breadcrumb":{"@id":"https:\/\/decoplanta.com\/fr\/plantes-dinterieur-artificielles\/bananier-a-plusieurs-troncs\/#breadcrumb"},"inLanguage":"fr-FR","potentialAction":[{"@type":"ReadAction","target":["https:\/\/decoplanta.com\/fr\/plantes-dinterieur-artificielles\/bananier-a-plusieurs-troncs\/"]}]},{"@type":"ImageObject","inLanguage":"fr-FR","@id":"https:\/\/decoplanta.com\/fr\/plantes-dinterieur-artificielles\/bananier-a-plusieurs-troncs\/#primaryimage","url":"https:\/\/decoplanta.com\/wp-content\/uploads\/2021\/03\/1810004-arbol-PLATANERO_MULTITRONCO.jpg","contentUrl":"https:\/\/decoplanta.com\/wp-content\/uploads\/2021\/03\/1810004-arbol-PLATANERO_MULTITRONCO.jpg","width":1200,"height":1200,"caption":"Bananier artificiel, aux troncs recouverts de feuilles naturelles"},{"@type":"BreadcrumbList","@id":"https:\/\/decoplanta.com\/fr\/plantes-dinterieur-artificielles\/bananier-a-plusieurs-troncs\/#breadcrumb","itemListElement":[{"@type":"ListItem","position":1,"name":"Portada","item":"https:\/\/decoplanta.com\/fr\/"},{"@type":"ListItem","position":2,"name":"Priv\u00e9\u00a0: Tienda","item":"https:\/\/decoplanta.com\/?page_id=377"},{"@type":"ListItem","position":3,"name":"BANANIER \u00e0 plusieurs troncs"}]},{"@type":"WebSite","@id":"https:\/\/decoplanta.com\/fr\/#website","url":"https:\/\/decoplanta.com\/fr\/","name":"PLANTES ET ARBRES ARTIFICIELS TR\u00c8S R\u00c9ALISTES","description":"Proveedor de Plantas artificiales para estudios de Arquitectura, Interiorismo, Paisajismo, Escenograf\u00eda, Tiendas de Decoraci\u00f3n Florister\u00edas y Mobiliario","publisher":{"@id":"https:\/\/decoplanta.com\/fr\/#organization"},"potentialAction":[{"@type":"SearchAction","target":{"@type":"EntryPoint","urlTemplate":"https:\/\/decoplanta.com\/fr\/?s={search_term_string}"},"query-input":{"@type":"PropertyValueSpecification","valueRequired":true,"valueName":"search_term_string"}}],"inLanguage":"fr-FR"},{"@type":"Organization","@id":"https:\/\/decoplanta.com\/fr\/#organization","name":"PLANTES ET ARBRES ARTIFICIELS TR\u00c8S R\u00c9ALISTES","url":"https:\/\/decoplanta.com\/fr\/","logo":{"@type":"ImageObject","inLanguage":"fr-FR","@id":"https:\/\/decoplanta.com\/fr\/#\/schema\/logo\/image\/","url":"https:\/\/decoplanta.com\/wp-content\/uploads\/2021\/02\/decoplanta-logo2020.svg","contentUrl":"https:\/\/decoplanta.com\/wp-content\/uploads\/2021\/02\/decoplanta-logo2020.svg","width":500,"height":500,"caption":"PLANTES ET ARBRES ARTIFICIELS TR\u00c8S R\u00c9ALISTES"},"image":{"@id":"https:\/\/decoplanta.com\/fr\/#\/schema\/logo\/image\/"}}]}},"_links":{"self":[{"href":"https:\/\/decoplanta.com\/fr\/wp-json\/wp\/v2\/product\/3633","targetHints":{"allow":["GET"]}}],"collection":[{"href":"https:\/\/decoplanta.com\/fr\/wp-json\/wp\/v2\/product"}],"about":[{"href":"https:\/\/decoplanta.com\/fr\/wp-json\/wp\/v2\/types\/product"}],"version-history":[{"count":0,"href":"https:\/\/decoplanta.com\/fr\/wp-json\/wp\/v2\/product\/3633\/revisions"}],"wp:featuredmedia":[{"embeddable":true,"href":"https:\/\/decoplanta.com\/fr\/wp-json\/wp\/v2\/media\/2518"}],"wp:attachment":[{"href":"https:\/\/decoplanta.com\/fr\/wp-json\/wp\/v2\/media?parent=3633"}],"wp:term":[{"taxonomy":"product_brand","embeddable":true,"href":"https:\/\/decoplanta.com\/fr\/wp-json\/wp\/v2\/product_brand?post=3633"},{"taxonomy":"product_cat","embeddable":true,"href":"https:\/\/decoplanta.com\/fr\/wp-json\/wp\/v2\/product_cat?post=3633"},{"taxonomy":"product_tag","embeddable":true,"href":"https:\/\/decoplanta.com\/fr\/wp-json\/wp\/v2\/product_tag?post=3633"}],"curies":[{"name":"wp","href":"https:\/\/api.w.org\/{rel}","templated":true}]}}