{"id":3641,"date":"2021-03-02T12:32:39","date_gmt":"2022-01-03T11:29:49","guid":{"rendered":"https:\/\/decoplanta.com\/non%20class\u00e9\/usine-junco-espiga-etroite\/"},"modified":"2025-03-07T08:12:13","modified_gmt":"2025-03-07T07:12:13","slug":"graminee-setaire-epi-etroite-artificielle","status":"publish","type":"product","link":"https:\/\/decoplanta.com\/fr\/plantes-dinterieur-artificielles\/graminee-setaire-epi-etroite-artificielle\/","title":{"rendered":"GRAMIN\u00c9E S\u00c9TAIRE \u00c9PI"},"content":{"rendered":"<p>GRAMIN\u00c9E S\u00c9TAIRE \u00c9PI \u00c9TROITE avec une pointe artificielle \u00e9troite qui simule des roseaux de rivi\u00e8re, une plante \u00e9l\u00e9gante et discr\u00e8te pour d\u00e9finir ou d\u00e9corer n&rsquo;importe quel ambiance, classique ou moderne. Disponible en trois hauteurs : 95 cm, 125 cm et 155 cm pour s&rsquo;adapter \u00e0 votre d\u00e9coration. Il est livr\u00e9 avec une pot de base incluse et ne n\u00e9cessite aucun entretien.<\/p>\n","protected":false},"excerpt":{"rendered":"<p>GRAMIN\u00c9E S\u00c9TAIRE \u00c9PI \u00c9TROITE avec une pointe \u00e9troite qui simule les roseaux de rivi\u00e8re, une plante \u00e9l\u00e9gante et discr\u00e8te pour d\u00e9finir ou d\u00e9corer n&rsquo;importe quel cadre, classique ou moderne. Il est livr\u00e9 avec une pot de base incluse et ne n\u00e9cessite aucun entretien.<\/p>\n<p>Disponible en deux hauteurs.<\/p>\n<table>\n<tbody>\n<tr>\n<td><strong>R\u00c9F<\/strong><\/td>\n<td><strong>HAUTEUR<\/strong><\/td>\n<\/tr>\n<tr>\n<td><strong>11470C<\/strong><\/td>\n<td>50 cm<\/td>\n<\/tr>\n<tr>\n<td><strong>1807001<\/strong><\/td>\n<td>95 cm<\/td>\n<\/tr>\n<tr>\n<td><strong>1807002<\/strong><\/td>\n<td>125 cm<\/td>\n<\/tr>\n<tr>\n<td><strong>1807003<\/strong><\/td>\n<td>155 cm<\/td>\n<\/tr>\n<\/tbody>\n<\/table>\n","protected":false},"featured_media":2523,"template":"","meta":{"_monsterinsights_skip_tracking":false,"_monsterinsights_sitenote_active":false,"_monsterinsights_sitenote_note":"","_monsterinsights_sitenote_category":0},"product_brand":[],"product_cat":[251],"product_tag":[271],"class_list":{"0":"post-3641","1":"product","2":"type-product","3":"status-publish","4":"has-post-thumbnail","6":"product_cat-plantes-dinterieur-artificielles","7":"product_tag-gazon-artificiel","8":"","9":"woocommerce-text-align-center","10":"woocommerce-image-align-center","11":"do-quantity-buttons","13":"first","14":"instock","15":"taxable","16":"shipping-taxable","17":"purchasable","18":"product-type-variable","19":"has-default-attributes"},"yoast_head":"<!-- This site is optimized with the Yoast SEO plugin v27.4 - https:\/\/yoast.com\/product\/yoast-seo-wordpress\/ -->\n<title>GRAMIN\u00c9E \u00c9PI \u00c9TROITE artificielle de grand r\u00e9alisme<\/title>\n<meta name=\"description\" content=\"GRAMIN\u00c9E S\u00c9TAIRE \u00c9PI \u00c9TROITE avec une pointe \u00e9troite qui simule les roseaux de rivi\u00e8re, plante \u00e9l\u00e9gante pour d\u00e9corer n&#039;importe quel ambiance\" \/>\n<meta name=\"robots\" content=\"index, follow, max-snippet:-1, max-image-preview:large, max-video-preview:-1\" \/>\n<link rel=\"canonical\" href=\"https:\/\/decoplanta.com\/fr\/plantes-dinterieur-artificielles\/graminee-setaire-epi-etroite-artificielle\/\" \/>\n<meta property=\"og:locale\" content=\"fr_FR\" \/>\n<meta property=\"og:type\" content=\"article\" \/>\n<meta property=\"og:title\" content=\"GRAMIN\u00c9E \u00c9PI \u00c9TROITE artificielle de grand r\u00e9alisme\" \/>\n<meta property=\"og:description\" content=\"GRAMIN\u00c9E S\u00c9TAIRE \u00c9PI \u00c9TROITE avec une pointe \u00e9troite qui simule les roseaux de rivi\u00e8re, plante \u00e9l\u00e9gante pour d\u00e9corer n&#039;importe quel ambiance\" \/>\n<meta property=\"og:url\" content=\"https:\/\/decoplanta.com\/fr\/plantes-dinterieur-artificielles\/graminee-setaire-epi-etroite-artificielle\/\" \/>\n<meta property=\"og:site_name\" content=\"PLANTES ET ARBRES ARTIFICIELS TR\u00c8S R\u00c9ALISTES\" \/>\n<meta property=\"article:modified_time\" content=\"2025-03-07T07:12:13+00:00\" \/>\n<meta property=\"og:image\" content=\"https:\/\/decoplanta.com\/wp-content\/uploads\/2021\/03\/1807001-planta-junco-espiga-estrecha.jpg\" \/>\n\t<meta property=\"og:image:width\" content=\"800\" \/>\n\t<meta property=\"og:image:height\" content=\"800\" \/>\n\t<meta property=\"og:image:type\" content=\"image\/jpeg\" \/>\n<meta name=\"twitter:card\" content=\"summary_large_image\" \/>\n<meta name=\"twitter:label1\" content=\"Dur\u00e9e de lecture estim\u00e9e\" \/>\n\t<meta name=\"twitter:data1\" content=\"1 minute\" \/>\n<script type=\"application\/ld+json\" class=\"yoast-schema-graph\">{\"@context\":\"https:\\\/\\\/schema.org\",\"@graph\":[{\"@type\":\"WebPage\",\"@id\":\"https:\\\/\\\/decoplanta.com\\\/fr\\\/plantes-dinterieur-artificielles\\\/graminee-setaire-epi-etroite-artificielle\\\/\",\"url\":\"https:\\\/\\\/decoplanta.com\\\/fr\\\/plantes-dinterieur-artificielles\\\/graminee-setaire-epi-etroite-artificielle\\\/\",\"name\":\"GRAMIN\u00c9E \u00c9PI \u00c9TROITE artificielle de grand r\u00e9alisme\",\"isPartOf\":{\"@id\":\"https:\\\/\\\/decoplanta.com\\\/fr\\\/#website\"},\"primaryImageOfPage\":{\"@id\":\"https:\\\/\\\/decoplanta.com\\\/fr\\\/plantes-dinterieur-artificielles\\\/graminee-setaire-epi-etroite-artificielle\\\/#primaryimage\"},\"image\":{\"@id\":\"https:\\\/\\\/decoplanta.com\\\/fr\\\/plantes-dinterieur-artificielles\\\/graminee-setaire-epi-etroite-artificielle\\\/#primaryimage\"},\"thumbnailUrl\":\"https:\\\/\\\/decoplanta.com\\\/wp-content\\\/uploads\\\/2021\\\/03\\\/1807001-planta-junco-espiga-estrecha.jpg\",\"datePublished\":\"2022-01-03T11:29:49+00:00\",\"dateModified\":\"2025-03-07T07:12:13+00:00\",\"description\":\"GRAMIN\u00c9E S\u00c9TAIRE \u00c9PI \u00c9TROITE avec une pointe \u00e9troite qui simule les roseaux de rivi\u00e8re, plante \u00e9l\u00e9gante pour d\u00e9corer n'importe quel ambiance\",\"breadcrumb\":{\"@id\":\"https:\\\/\\\/decoplanta.com\\\/fr\\\/plantes-dinterieur-artificielles\\\/graminee-setaire-epi-etroite-artificielle\\\/#breadcrumb\"},\"inLanguage\":\"fr-FR\",\"potentialAction\":[{\"@type\":\"ReadAction\",\"target\":[\"https:\\\/\\\/decoplanta.com\\\/fr\\\/plantes-dinterieur-artificielles\\\/graminee-setaire-epi-etroite-artificielle\\\/\"]}]},{\"@type\":\"ImageObject\",\"inLanguage\":\"fr-FR\",\"@id\":\"https:\\\/\\\/decoplanta.com\\\/fr\\\/plantes-dinterieur-artificielles\\\/graminee-setaire-epi-etroite-artificielle\\\/#primaryimage\",\"url\":\"https:\\\/\\\/decoplanta.com\\\/wp-content\\\/uploads\\\/2021\\\/03\\\/1807001-planta-junco-espiga-estrecha.jpg\",\"contentUrl\":\"https:\\\/\\\/decoplanta.com\\\/wp-content\\\/uploads\\\/2021\\\/03\\\/1807001-planta-junco-espiga-estrecha.jpg\",\"width\":800,\"height\":800,\"caption\":\"Plante artificielle GRAMIN\u00c9E S\u00c9TAIRE \u00c9PI \u00c9TROITE \u00e0 pointe \u00e9troite pour la d\u00e9coration int\u00e9rieure\"},{\"@type\":\"BreadcrumbList\",\"@id\":\"https:\\\/\\\/decoplanta.com\\\/fr\\\/plantes-dinterieur-artificielles\\\/graminee-setaire-epi-etroite-artificielle\\\/#breadcrumb\",\"itemListElement\":[{\"@type\":\"ListItem\",\"position\":1,\"name\":\"Portada\",\"item\":\"https:\\\/\\\/decoplanta.com\\\/fr\\\/\"},{\"@type\":\"ListItem\",\"position\":2,\"name\":\"Priv\u00e9\u00a0: Tienda\",\"item\":\"https:\\\/\\\/decoplanta.com\\\/?page_id=377\"},{\"@type\":\"ListItem\",\"position\":3,\"name\":\"GRAMIN\u00c9E S\u00c9TAIRE \u00c9PI\"}]},{\"@type\":\"WebSite\",\"@id\":\"https:\\\/\\\/decoplanta.com\\\/fr\\\/#website\",\"url\":\"https:\\\/\\\/decoplanta.com\\\/fr\\\/\",\"name\":\"PLANTES ET ARBRES ARTIFICIELS TR\u00c8S R\u00c9ALISTES\",\"description\":\"Proveedor de Plantas artificiales para estudios de Arquitectura, Interiorismo, Paisajismo, Escenograf\u00eda, Tiendas de Decoraci\u00f3n Florister\u00edas y Mobiliario\",\"publisher\":{\"@id\":\"https:\\\/\\\/decoplanta.com\\\/fr\\\/#organization\"},\"potentialAction\":[{\"@type\":\"SearchAction\",\"target\":{\"@type\":\"EntryPoint\",\"urlTemplate\":\"https:\\\/\\\/decoplanta.com\\\/fr\\\/?s={search_term_string}\"},\"query-input\":{\"@type\":\"PropertyValueSpecification\",\"valueRequired\":true,\"valueName\":\"search_term_string\"}}],\"inLanguage\":\"fr-FR\"},{\"@type\":\"Organization\",\"@id\":\"https:\\\/\\\/decoplanta.com\\\/fr\\\/#organization\",\"name\":\"PLANTES ET ARBRES ARTIFICIELS TR\u00c8S R\u00c9ALISTES\",\"url\":\"https:\\\/\\\/decoplanta.com\\\/fr\\\/\",\"logo\":{\"@type\":\"ImageObject\",\"inLanguage\":\"fr-FR\",\"@id\":\"https:\\\/\\\/decoplanta.com\\\/fr\\\/#\\\/schema\\\/logo\\\/image\\\/\",\"url\":\"https:\\\/\\\/decoplanta.com\\\/wp-content\\\/uploads\\\/2021\\\/02\\\/decoplanta-logo2020.svg\",\"contentUrl\":\"https:\\\/\\\/decoplanta.com\\\/wp-content\\\/uploads\\\/2021\\\/02\\\/decoplanta-logo2020.svg\",\"width\":500,\"height\":500,\"caption\":\"PLANTES ET ARBRES ARTIFICIELS TR\u00c8S R\u00c9ALISTES\"},\"image\":{\"@id\":\"https:\\\/\\\/decoplanta.com\\\/fr\\\/#\\\/schema\\\/logo\\\/image\\\/\"}}]}<\/script>\n<!-- \/ Yoast SEO plugin. -->","yoast_head_json":{"title":"GRAMIN\u00c9E \u00c9PI \u00c9TROITE artificielle de grand r\u00e9alisme","description":"GRAMIN\u00c9E S\u00c9TAIRE \u00c9PI \u00c9TROITE avec une pointe \u00e9troite qui simule les roseaux de rivi\u00e8re, plante \u00e9l\u00e9gante pour d\u00e9corer n'importe quel ambiance","robots":{"index":"index","follow":"follow","max-snippet":"max-snippet:-1","max-image-preview":"max-image-preview:large","max-video-preview":"max-video-preview:-1"},"canonical":"https:\/\/decoplanta.com\/fr\/plantes-dinterieur-artificielles\/graminee-setaire-epi-etroite-artificielle\/","og_locale":"fr_FR","og_type":"article","og_title":"GRAMIN\u00c9E \u00c9PI \u00c9TROITE artificielle de grand r\u00e9alisme","og_description":"GRAMIN\u00c9E S\u00c9TAIRE \u00c9PI \u00c9TROITE avec une pointe \u00e9troite qui simule les roseaux de rivi\u00e8re, plante \u00e9l\u00e9gante pour d\u00e9corer n'importe quel ambiance","og_url":"https:\/\/decoplanta.com\/fr\/plantes-dinterieur-artificielles\/graminee-setaire-epi-etroite-artificielle\/","og_site_name":"PLANTES ET ARBRES ARTIFICIELS TR\u00c8S R\u00c9ALISTES","article_modified_time":"2025-03-07T07:12:13+00:00","og_image":[{"width":800,"height":800,"url":"https:\/\/decoplanta.com\/wp-content\/uploads\/2021\/03\/1807001-planta-junco-espiga-estrecha.jpg","type":"image\/jpeg"}],"twitter_card":"summary_large_image","twitter_misc":{"Dur\u00e9e de lecture estim\u00e9e":"1 minute"},"schema":{"@context":"https:\/\/schema.org","@graph":[{"@type":"WebPage","@id":"https:\/\/decoplanta.com\/fr\/plantes-dinterieur-artificielles\/graminee-setaire-epi-etroite-artificielle\/","url":"https:\/\/decoplanta.com\/fr\/plantes-dinterieur-artificielles\/graminee-setaire-epi-etroite-artificielle\/","name":"GRAMIN\u00c9E \u00c9PI \u00c9TROITE artificielle de grand r\u00e9alisme","isPartOf":{"@id":"https:\/\/decoplanta.com\/fr\/#website"},"primaryImageOfPage":{"@id":"https:\/\/decoplanta.com\/fr\/plantes-dinterieur-artificielles\/graminee-setaire-epi-etroite-artificielle\/#primaryimage"},"image":{"@id":"https:\/\/decoplanta.com\/fr\/plantes-dinterieur-artificielles\/graminee-setaire-epi-etroite-artificielle\/#primaryimage"},"thumbnailUrl":"https:\/\/decoplanta.com\/wp-content\/uploads\/2021\/03\/1807001-planta-junco-espiga-estrecha.jpg","datePublished":"2022-01-03T11:29:49+00:00","dateModified":"2025-03-07T07:12:13+00:00","description":"GRAMIN\u00c9E S\u00c9TAIRE \u00c9PI \u00c9TROITE avec une pointe \u00e9troite qui simule les roseaux de rivi\u00e8re, plante \u00e9l\u00e9gante pour d\u00e9corer n'importe quel ambiance","breadcrumb":{"@id":"https:\/\/decoplanta.com\/fr\/plantes-dinterieur-artificielles\/graminee-setaire-epi-etroite-artificielle\/#breadcrumb"},"inLanguage":"fr-FR","potentialAction":[{"@type":"ReadAction","target":["https:\/\/decoplanta.com\/fr\/plantes-dinterieur-artificielles\/graminee-setaire-epi-etroite-artificielle\/"]}]},{"@type":"ImageObject","inLanguage":"fr-FR","@id":"https:\/\/decoplanta.com\/fr\/plantes-dinterieur-artificielles\/graminee-setaire-epi-etroite-artificielle\/#primaryimage","url":"https:\/\/decoplanta.com\/wp-content\/uploads\/2021\/03\/1807001-planta-junco-espiga-estrecha.jpg","contentUrl":"https:\/\/decoplanta.com\/wp-content\/uploads\/2021\/03\/1807001-planta-junco-espiga-estrecha.jpg","width":800,"height":800,"caption":"Plante artificielle GRAMIN\u00c9E S\u00c9TAIRE \u00c9PI \u00c9TROITE \u00e0 pointe \u00e9troite pour la d\u00e9coration int\u00e9rieure"},{"@type":"BreadcrumbList","@id":"https:\/\/decoplanta.com\/fr\/plantes-dinterieur-artificielles\/graminee-setaire-epi-etroite-artificielle\/#breadcrumb","itemListElement":[{"@type":"ListItem","position":1,"name":"Portada","item":"https:\/\/decoplanta.com\/fr\/"},{"@type":"ListItem","position":2,"name":"Priv\u00e9\u00a0: Tienda","item":"https:\/\/decoplanta.com\/?page_id=377"},{"@type":"ListItem","position":3,"name":"GRAMIN\u00c9E S\u00c9TAIRE \u00c9PI"}]},{"@type":"WebSite","@id":"https:\/\/decoplanta.com\/fr\/#website","url":"https:\/\/decoplanta.com\/fr\/","name":"PLANTES ET ARBRES ARTIFICIELS TR\u00c8S R\u00c9ALISTES","description":"Proveedor de Plantas artificiales para estudios de Arquitectura, Interiorismo, Paisajismo, Escenograf\u00eda, Tiendas de Decoraci\u00f3n Florister\u00edas y Mobiliario","publisher":{"@id":"https:\/\/decoplanta.com\/fr\/#organization"},"potentialAction":[{"@type":"SearchAction","target":{"@type":"EntryPoint","urlTemplate":"https:\/\/decoplanta.com\/fr\/?s={search_term_string}"},"query-input":{"@type":"PropertyValueSpecification","valueRequired":true,"valueName":"search_term_string"}}],"inLanguage":"fr-FR"},{"@type":"Organization","@id":"https:\/\/decoplanta.com\/fr\/#organization","name":"PLANTES ET ARBRES ARTIFICIELS TR\u00c8S R\u00c9ALISTES","url":"https:\/\/decoplanta.com\/fr\/","logo":{"@type":"ImageObject","inLanguage":"fr-FR","@id":"https:\/\/decoplanta.com\/fr\/#\/schema\/logo\/image\/","url":"https:\/\/decoplanta.com\/wp-content\/uploads\/2021\/02\/decoplanta-logo2020.svg","contentUrl":"https:\/\/decoplanta.com\/wp-content\/uploads\/2021\/02\/decoplanta-logo2020.svg","width":500,"height":500,"caption":"PLANTES ET ARBRES ARTIFICIELS TR\u00c8S R\u00c9ALISTES"},"image":{"@id":"https:\/\/decoplanta.com\/fr\/#\/schema\/logo\/image\/"}}]}},"_links":{"self":[{"href":"https:\/\/decoplanta.com\/fr\/wp-json\/wp\/v2\/product\/3641","targetHints":{"allow":["GET"]}}],"collection":[{"href":"https:\/\/decoplanta.com\/fr\/wp-json\/wp\/v2\/product"}],"about":[{"href":"https:\/\/decoplanta.com\/fr\/wp-json\/wp\/v2\/types\/product"}],"version-history":[{"count":1,"href":"https:\/\/decoplanta.com\/fr\/wp-json\/wp\/v2\/product\/3641\/revisions"}],"predecessor-version":[{"id":8471,"href":"https:\/\/decoplanta.com\/fr\/wp-json\/wp\/v2\/product\/3641\/revisions\/8471"}],"wp:featuredmedia":[{"embeddable":true,"href":"https:\/\/decoplanta.com\/fr\/wp-json\/wp\/v2\/media\/2523"}],"wp:attachment":[{"href":"https:\/\/decoplanta.com\/fr\/wp-json\/wp\/v2\/media?parent=3641"}],"wp:term":[{"taxonomy":"product_brand","embeddable":true,"href":"https:\/\/decoplanta.com\/fr\/wp-json\/wp\/v2\/product_brand?post=3641"},{"taxonomy":"product_cat","embeddable":true,"href":"https:\/\/decoplanta.com\/fr\/wp-json\/wp\/v2\/product_cat?post=3641"},{"taxonomy":"product_tag","embeddable":true,"href":"https:\/\/decoplanta.com\/fr\/wp-json\/wp\/v2\/product_tag?post=3641"}],"curies":[{"name":"wp","href":"https:\/\/api.w.org\/{rel}","templated":true}]}}