{"id":3649,"date":"2021-03-01T09:17:44","date_gmt":"2022-01-03T12:34:11","guid":{"rendered":"https:\/\/decoplanta.com\/non%20class\u00e9\/palmier-premium\/"},"modified":"2025-02-25T14:06:49","modified_gmt":"2025-02-25T13:06:49","slug":"palmier-premium","status":"publish","type":"product","link":"https:\/\/decoplanta.com\/fr\/plantes-dinterieur-artificielles\/palmier-premium\/","title":{"rendered":"PALMIER PREMIUM"},"content":{"rendered":"<p>Le Palmier PREMIUM a toute l&rsquo;\u00e9l\u00e9gance et le r\u00e9alisme qu&rsquo;un palmier artificiel peut avoir et qui prend soin de tous les d\u00e9tails de finition imaginables. Disponible en 2 tailles. Il est livr\u00e9 avec une pot de base incluse et ne n\u00e9cessite aucun entretien.<\/p>\n<h3>Comment est l&rsquo;arbre artificiel PALMIER PREMIUM ?<\/h3>\n<p>Aujourd&rsquo;hui, il est facile de trouver des textes dans lesquels il est dit que les palmiers sont des arbres, mais la r\u00e9alit\u00e9 est <strong>qu&rsquo;ils n&rsquo;ont rien \u00e0 voir avec cela<\/strong> . Bien que les deux types de plantes puissent atteindre des hauteurs \u00e9tonnantes et avoir une valeur ornementale tr\u00e8s \u00e9lev\u00e9e, leurs similitudes s&rsquo;arr\u00eatent l\u00e0. Les palmiers et les \u00eatres arboricoles ont suivi deux chemins \u00e9volutifs tr\u00e8s diff\u00e9rents : alors que les premiers sont des plantes que nous pourrions qualifier de modernes puisqu&rsquo;ils sont apparus il y a environ 145 millions d&rsquo;ann\u00e9es, les seconds sont plus primitifs.<\/p>\n<p>Bien que cela puisse vous surprendre, <b>les palmiers<\/b> sont en r\u00e9alit\u00e9 des gramin\u00e9es g\u00e9antes, appel\u00e9es <b>m\u00e9gaforbia<\/b> dans le jargon botanique. C&rsquo;est vrai qu&rsquo;ils ressemblent \u00e0 des arbres, mais il y a plusieurs choses qui les diff\u00e9rencient, le plus important \u00e9tant le nombre de cotyl\u00e9dons (feuilles primitives) qui germent d\u00e8s qu&rsquo;ils germent.<\/p>\n<p>Contrairement aux arbres, <strong>les palmiers sont des m\u00e9gaforbias<\/strong> . Que signifie? Eh bien, ce sont des herbes g\u00e9antes. En effet, lorsque les graines germent, on verra toujours qu&rsquo;un seul cotyl\u00e9don sort, c&rsquo;est-\u00e0-dire une seule feuille primitive qui peut \u00eatre compos\u00e9e d&rsquo;une seule foliole -Washingtonia, Phoenix, entre autres- ou de deux -Wodyetia par exemple-. Cette caract\u00e9ristique en fait, comme toutes les herbes, des monocotyl\u00e9dones.<\/p>\n<p>Mais il y a encore plus. Et c&rsquo;est que, lorsque nous nous demandons quelles sont les diff\u00e9rences entre les palmiers et les arbres, il est fort possible que nous ayons une surprise.<\/p>\n<p>Que sont les <a href=\"https:\/\/www.ecologiaverde.com\/plantas-herbaceas-caracteristicas-y-ejemplos-1950.html\" target=\"_blank\" rel=\"noopener\">m\u00e9gaforbies<\/a> ? Ce sont les herbes g\u00e9antes, telles que les soi-disant Muses (bananes, bananiers et <a href=\"https:\/\/decoplanta.com\/plantas-de-interior-artificiales\/arbol-palmera-style-180-cm\/\" target=\"_blank\" rel=\"noopener\">palmiers<\/a> . Ils peuvent facilement d\u00e9passer les 10 m\u00e8tres, c&rsquo;est pourquoi ils sont souvent pris pour des arbres m\u00eame s&rsquo;ils n&rsquo;ont rien \u00e0 voir les uns avec les autres. De plus, alors que les arbres sont des plantes dicotyl\u00e9dones, les gramin\u00e9es sont monocotyl\u00e9dones, ce qui signifie qu&rsquo;un seul cotyl\u00e9don germe lors de la germination.<\/p>\n<p>Les m\u00e9gaforbes sont aussi commun\u00e9ment appel\u00e9es herbes g\u00e9antes. Ce sont des plantes dont les caract\u00e9ristiques co\u00efncident avec celles du reste des herbac\u00e9es, sauf dans le d\u00e9tail de leur taille. Les m\u00e9gaforbias atteignent des tailles beaucoup plus grandes que celles du reste des plantes herbac\u00e9es, atteignant des hauteurs de plusieurs m\u00e8tres dans certains cas. Les exemples les plus courants sont les bananes et les palmiers. Pensiez-vous que les palmiers \u00e9taient des arbres ? Cela peut sembler un peu \u00e9trange d&rsquo;y penser, mais il s&rsquo;agit de <strong>m\u00e9gaphorbes herbac\u00e9es<\/strong> , c&rsquo;est-\u00e0-dire d&rsquo;herbes. Voici les m\u00e9gaforbs les plus courants :<\/p>\n<ul>\n<li>Bananiers<\/li>\n<li><a href=\"https:\/\/www.ecologiaverde.com\/como-plantar-una-palmera-y-sus-cuidados-390.html\">Palmiers<\/a><\/li>\n<li>Bambous<\/li>\n<\/ul>\n","protected":false},"excerpt":{"rendered":"<p>L&rsquo;Arbre PALMIER PREMIUM a toute l&rsquo;\u00e9l\u00e9gance et le r\u00e9alisme qu&rsquo;un palmier artificiel peut avoir et qui prend soin de tous les d\u00e9tails de finition imaginables. Il est livr\u00e9 avec une pot de base incluse et ne n\u00e9cessite aucun entretien.<\/p>\n<table>\n<tbody>\n<tr>\n<td><strong>R\u00c9F<\/strong><\/td>\n<td><strong>HAUTEUR<\/strong><\/td>\n<td><strong>FEUILLES<\/strong><\/td>\n<\/tr>\n<tr>\n<td><strong>1805005<\/strong><\/td>\n<td>175 cm<\/td>\n<td>33<\/td>\n<\/tr>\n<\/tbody>\n<\/table>\n","protected":false},"featured_media":2509,"template":"","meta":{"_monsterinsights_skip_tracking":false,"_monsterinsights_sitenote_active":false,"_monsterinsights_sitenote_note":"","_monsterinsights_sitenote_category":0},"product_brand":[],"product_cat":[251],"product_tag":[271,276,278],"class_list":{"0":"post-3649","1":"product","2":"type-product","3":"status-publish","4":"has-post-thumbnail","6":"product_cat-plantes-dinterieur-artificielles","7":"product_tag-gazon-artificiel","8":"product_tag-palmier-artificiel","9":"product_tag-plante-tropicale","10":"","11":"woocommerce-text-align-center","12":"woocommerce-image-align-center","13":"do-quantity-buttons","15":"first","16":"instock","17":"taxable","18":"shipping-taxable","19":"product-type-simple"},"yoast_head":"<!-- This site is optimized with the Yoast SEO plugin v27.4 - https:\/\/yoast.com\/product\/yoast-seo-wordpress\/ -->\n<title>PALMIER PREMIUM artificiel - grand r\u00e9alisme pour les int\u00e9rieurs<\/title>\n<meta name=\"description\" content=\"PALMIER PREMIUM artificiel d&#039;un r\u00e9alisme et d&#039;une \u00e9l\u00e9gance incroyables. Disponible en 175 cm. Il ne n\u00e9cessite pas d&#039;entretien.\" \/>\n<meta name=\"robots\" content=\"index, follow, max-snippet:-1, max-image-preview:large, max-video-preview:-1\" \/>\n<link rel=\"canonical\" href=\"https:\/\/decoplanta.com\/fr\/plantes-dinterieur-artificielles\/palmier-premium\/\" \/>\n<meta property=\"og:locale\" content=\"fr_FR\" \/>\n<meta property=\"og:type\" content=\"article\" \/>\n<meta property=\"og:title\" content=\"PALMIER PREMIUM artificiel - grand r\u00e9alisme pour les int\u00e9rieurs\" \/>\n<meta property=\"og:description\" content=\"PALMIER PREMIUM artificiel d&#039;un r\u00e9alisme et d&#039;une \u00e9l\u00e9gance incroyables. Disponible en 175 cm. Il ne n\u00e9cessite pas d&#039;entretien.\" \/>\n<meta property=\"og:url\" content=\"https:\/\/decoplanta.com\/fr\/plantes-dinterieur-artificielles\/palmier-premium\/\" \/>\n<meta property=\"og:site_name\" content=\"PLANTES ET ARBRES ARTIFICIELS TR\u00c8S R\u00c9ALISTES\" \/>\n<meta property=\"article:modified_time\" content=\"2025-02-25T13:06:49+00:00\" \/>\n<meta property=\"og:image\" content=\"https:\/\/decoplanta.com\/wp-content\/uploads\/2021\/03\/1805004-arbol-PALMERA_PREMIUM.jpg\" \/>\n\t<meta property=\"og:image:width\" content=\"800\" \/>\n\t<meta property=\"og:image:height\" content=\"800\" \/>\n\t<meta property=\"og:image:type\" content=\"image\/jpeg\" \/>\n<meta name=\"twitter:card\" content=\"summary_large_image\" \/>\n<meta name=\"twitter:label1\" content=\"Dur\u00e9e de lecture estim\u00e9e\" \/>\n\t<meta name=\"twitter:data1\" content=\"3 minutes\" \/>\n<script type=\"application\/ld+json\" class=\"yoast-schema-graph\">{\"@context\":\"https:\\\/\\\/schema.org\",\"@graph\":[{\"@type\":\"WebPage\",\"@id\":\"https:\\\/\\\/decoplanta.com\\\/fr\\\/plantes-dinterieur-artificielles\\\/palmier-premium\\\/\",\"url\":\"https:\\\/\\\/decoplanta.com\\\/fr\\\/plantes-dinterieur-artificielles\\\/palmier-premium\\\/\",\"name\":\"PALMIER PREMIUM artificiel - grand r\u00e9alisme pour les int\u00e9rieurs\",\"isPartOf\":{\"@id\":\"https:\\\/\\\/decoplanta.com\\\/fr\\\/#website\"},\"primaryImageOfPage\":{\"@id\":\"https:\\\/\\\/decoplanta.com\\\/fr\\\/plantes-dinterieur-artificielles\\\/palmier-premium\\\/#primaryimage\"},\"image\":{\"@id\":\"https:\\\/\\\/decoplanta.com\\\/fr\\\/plantes-dinterieur-artificielles\\\/palmier-premium\\\/#primaryimage\"},\"thumbnailUrl\":\"https:\\\/\\\/decoplanta.com\\\/wp-content\\\/uploads\\\/2021\\\/03\\\/1805004-arbol-PALMERA_PREMIUM.jpg\",\"datePublished\":\"2022-01-03T12:34:11+00:00\",\"dateModified\":\"2025-02-25T13:06:49+00:00\",\"description\":\"PALMIER PREMIUM artificiel d'un r\u00e9alisme et d'une \u00e9l\u00e9gance incroyables. Disponible en 175 cm. Il ne n\u00e9cessite pas d'entretien.\",\"breadcrumb\":{\"@id\":\"https:\\\/\\\/decoplanta.com\\\/fr\\\/plantes-dinterieur-artificielles\\\/palmier-premium\\\/#breadcrumb\"},\"inLanguage\":\"fr-FR\",\"potentialAction\":[{\"@type\":\"ReadAction\",\"target\":[\"https:\\\/\\\/decoplanta.com\\\/fr\\\/plantes-dinterieur-artificielles\\\/palmier-premium\\\/\"]}]},{\"@type\":\"ImageObject\",\"inLanguage\":\"fr-FR\",\"@id\":\"https:\\\/\\\/decoplanta.com\\\/fr\\\/plantes-dinterieur-artificielles\\\/palmier-premium\\\/#primaryimage\",\"url\":\"https:\\\/\\\/decoplanta.com\\\/wp-content\\\/uploads\\\/2021\\\/03\\\/1805004-arbol-PALMERA_PREMIUM.jpg\",\"contentUrl\":\"https:\\\/\\\/decoplanta.com\\\/wp-content\\\/uploads\\\/2021\\\/03\\\/1805004-arbol-PALMERA_PREMIUM.jpg\",\"width\":800,\"height\":800,\"caption\":\"arbre artificiel PALMIER PREMIUM pour l'int\u00e9rieur\"},{\"@type\":\"BreadcrumbList\",\"@id\":\"https:\\\/\\\/decoplanta.com\\\/fr\\\/plantes-dinterieur-artificielles\\\/palmier-premium\\\/#breadcrumb\",\"itemListElement\":[{\"@type\":\"ListItem\",\"position\":1,\"name\":\"Portada\",\"item\":\"https:\\\/\\\/decoplanta.com\\\/fr\\\/\"},{\"@type\":\"ListItem\",\"position\":2,\"name\":\"Priv\u00e9\u00a0: Tienda\",\"item\":\"https:\\\/\\\/decoplanta.com\\\/?page_id=377\"},{\"@type\":\"ListItem\",\"position\":3,\"name\":\"PALMIER PREMIUM\"}]},{\"@type\":\"WebSite\",\"@id\":\"https:\\\/\\\/decoplanta.com\\\/fr\\\/#website\",\"url\":\"https:\\\/\\\/decoplanta.com\\\/fr\\\/\",\"name\":\"PLANTES ET ARBRES ARTIFICIELS TR\u00c8S R\u00c9ALISTES\",\"description\":\"Proveedor de Plantas artificiales para estudios de Arquitectura, Interiorismo, Paisajismo, Escenograf\u00eda, Tiendas de Decoraci\u00f3n Florister\u00edas y Mobiliario\",\"publisher\":{\"@id\":\"https:\\\/\\\/decoplanta.com\\\/fr\\\/#organization\"},\"potentialAction\":[{\"@type\":\"SearchAction\",\"target\":{\"@type\":\"EntryPoint\",\"urlTemplate\":\"https:\\\/\\\/decoplanta.com\\\/fr\\\/?s={search_term_string}\"},\"query-input\":{\"@type\":\"PropertyValueSpecification\",\"valueRequired\":true,\"valueName\":\"search_term_string\"}}],\"inLanguage\":\"fr-FR\"},{\"@type\":\"Organization\",\"@id\":\"https:\\\/\\\/decoplanta.com\\\/fr\\\/#organization\",\"name\":\"PLANTES ET ARBRES ARTIFICIELS TR\u00c8S R\u00c9ALISTES\",\"url\":\"https:\\\/\\\/decoplanta.com\\\/fr\\\/\",\"logo\":{\"@type\":\"ImageObject\",\"inLanguage\":\"fr-FR\",\"@id\":\"https:\\\/\\\/decoplanta.com\\\/fr\\\/#\\\/schema\\\/logo\\\/image\\\/\",\"url\":\"https:\\\/\\\/decoplanta.com\\\/wp-content\\\/uploads\\\/2021\\\/02\\\/decoplanta-logo2020.svg\",\"contentUrl\":\"https:\\\/\\\/decoplanta.com\\\/wp-content\\\/uploads\\\/2021\\\/02\\\/decoplanta-logo2020.svg\",\"width\":500,\"height\":500,\"caption\":\"PLANTES ET ARBRES ARTIFICIELS TR\u00c8S R\u00c9ALISTES\"},\"image\":{\"@id\":\"https:\\\/\\\/decoplanta.com\\\/fr\\\/#\\\/schema\\\/logo\\\/image\\\/\"}}]}<\/script>\n<!-- \/ Yoast SEO plugin. -->","yoast_head_json":{"title":"PALMIER PREMIUM artificiel - grand r\u00e9alisme pour les int\u00e9rieurs","description":"PALMIER PREMIUM artificiel d'un r\u00e9alisme et d'une \u00e9l\u00e9gance incroyables. Disponible en 175 cm. Il ne n\u00e9cessite pas d'entretien.","robots":{"index":"index","follow":"follow","max-snippet":"max-snippet:-1","max-image-preview":"max-image-preview:large","max-video-preview":"max-video-preview:-1"},"canonical":"https:\/\/decoplanta.com\/fr\/plantes-dinterieur-artificielles\/palmier-premium\/","og_locale":"fr_FR","og_type":"article","og_title":"PALMIER PREMIUM artificiel - grand r\u00e9alisme pour les int\u00e9rieurs","og_description":"PALMIER PREMIUM artificiel d'un r\u00e9alisme et d'une \u00e9l\u00e9gance incroyables. Disponible en 175 cm. Il ne n\u00e9cessite pas d'entretien.","og_url":"https:\/\/decoplanta.com\/fr\/plantes-dinterieur-artificielles\/palmier-premium\/","og_site_name":"PLANTES ET ARBRES ARTIFICIELS TR\u00c8S R\u00c9ALISTES","article_modified_time":"2025-02-25T13:06:49+00:00","og_image":[{"width":800,"height":800,"url":"https:\/\/decoplanta.com\/wp-content\/uploads\/2021\/03\/1805004-arbol-PALMERA_PREMIUM.jpg","type":"image\/jpeg"}],"twitter_card":"summary_large_image","twitter_misc":{"Dur\u00e9e de lecture estim\u00e9e":"3 minutes"},"schema":{"@context":"https:\/\/schema.org","@graph":[{"@type":"WebPage","@id":"https:\/\/decoplanta.com\/fr\/plantes-dinterieur-artificielles\/palmier-premium\/","url":"https:\/\/decoplanta.com\/fr\/plantes-dinterieur-artificielles\/palmier-premium\/","name":"PALMIER PREMIUM artificiel - grand r\u00e9alisme pour les int\u00e9rieurs","isPartOf":{"@id":"https:\/\/decoplanta.com\/fr\/#website"},"primaryImageOfPage":{"@id":"https:\/\/decoplanta.com\/fr\/plantes-dinterieur-artificielles\/palmier-premium\/#primaryimage"},"image":{"@id":"https:\/\/decoplanta.com\/fr\/plantes-dinterieur-artificielles\/palmier-premium\/#primaryimage"},"thumbnailUrl":"https:\/\/decoplanta.com\/wp-content\/uploads\/2021\/03\/1805004-arbol-PALMERA_PREMIUM.jpg","datePublished":"2022-01-03T12:34:11+00:00","dateModified":"2025-02-25T13:06:49+00:00","description":"PALMIER PREMIUM artificiel d'un r\u00e9alisme et d'une \u00e9l\u00e9gance incroyables. Disponible en 175 cm. Il ne n\u00e9cessite pas d'entretien.","breadcrumb":{"@id":"https:\/\/decoplanta.com\/fr\/plantes-dinterieur-artificielles\/palmier-premium\/#breadcrumb"},"inLanguage":"fr-FR","potentialAction":[{"@type":"ReadAction","target":["https:\/\/decoplanta.com\/fr\/plantes-dinterieur-artificielles\/palmier-premium\/"]}]},{"@type":"ImageObject","inLanguage":"fr-FR","@id":"https:\/\/decoplanta.com\/fr\/plantes-dinterieur-artificielles\/palmier-premium\/#primaryimage","url":"https:\/\/decoplanta.com\/wp-content\/uploads\/2021\/03\/1805004-arbol-PALMERA_PREMIUM.jpg","contentUrl":"https:\/\/decoplanta.com\/wp-content\/uploads\/2021\/03\/1805004-arbol-PALMERA_PREMIUM.jpg","width":800,"height":800,"caption":"arbre artificiel PALMIER PREMIUM pour l'int\u00e9rieur"},{"@type":"BreadcrumbList","@id":"https:\/\/decoplanta.com\/fr\/plantes-dinterieur-artificielles\/palmier-premium\/#breadcrumb","itemListElement":[{"@type":"ListItem","position":1,"name":"Portada","item":"https:\/\/decoplanta.com\/fr\/"},{"@type":"ListItem","position":2,"name":"Priv\u00e9\u00a0: Tienda","item":"https:\/\/decoplanta.com\/?page_id=377"},{"@type":"ListItem","position":3,"name":"PALMIER PREMIUM"}]},{"@type":"WebSite","@id":"https:\/\/decoplanta.com\/fr\/#website","url":"https:\/\/decoplanta.com\/fr\/","name":"PLANTES ET ARBRES ARTIFICIELS TR\u00c8S R\u00c9ALISTES","description":"Proveedor de Plantas artificiales para estudios de Arquitectura, Interiorismo, Paisajismo, Escenograf\u00eda, Tiendas de Decoraci\u00f3n Florister\u00edas y Mobiliario","publisher":{"@id":"https:\/\/decoplanta.com\/fr\/#organization"},"potentialAction":[{"@type":"SearchAction","target":{"@type":"EntryPoint","urlTemplate":"https:\/\/decoplanta.com\/fr\/?s={search_term_string}"},"query-input":{"@type":"PropertyValueSpecification","valueRequired":true,"valueName":"search_term_string"}}],"inLanguage":"fr-FR"},{"@type":"Organization","@id":"https:\/\/decoplanta.com\/fr\/#organization","name":"PLANTES ET ARBRES ARTIFICIELS TR\u00c8S R\u00c9ALISTES","url":"https:\/\/decoplanta.com\/fr\/","logo":{"@type":"ImageObject","inLanguage":"fr-FR","@id":"https:\/\/decoplanta.com\/fr\/#\/schema\/logo\/image\/","url":"https:\/\/decoplanta.com\/wp-content\/uploads\/2021\/02\/decoplanta-logo2020.svg","contentUrl":"https:\/\/decoplanta.com\/wp-content\/uploads\/2021\/02\/decoplanta-logo2020.svg","width":500,"height":500,"caption":"PLANTES ET ARBRES ARTIFICIELS TR\u00c8S R\u00c9ALISTES"},"image":{"@id":"https:\/\/decoplanta.com\/fr\/#\/schema\/logo\/image\/"}}]}},"_links":{"self":[{"href":"https:\/\/decoplanta.com\/fr\/wp-json\/wp\/v2\/product\/3649","targetHints":{"allow":["GET"]}}],"collection":[{"href":"https:\/\/decoplanta.com\/fr\/wp-json\/wp\/v2\/product"}],"about":[{"href":"https:\/\/decoplanta.com\/fr\/wp-json\/wp\/v2\/types\/product"}],"version-history":[{"count":0,"href":"https:\/\/decoplanta.com\/fr\/wp-json\/wp\/v2\/product\/3649\/revisions"}],"wp:featuredmedia":[{"embeddable":true,"href":"https:\/\/decoplanta.com\/fr\/wp-json\/wp\/v2\/media\/2509"}],"wp:attachment":[{"href":"https:\/\/decoplanta.com\/fr\/wp-json\/wp\/v2\/media?parent=3649"}],"wp:term":[{"taxonomy":"product_brand","embeddable":true,"href":"https:\/\/decoplanta.com\/fr\/wp-json\/wp\/v2\/product_brand?post=3649"},{"taxonomy":"product_cat","embeddable":true,"href":"https:\/\/decoplanta.com\/fr\/wp-json\/wp\/v2\/product_cat?post=3649"},{"taxonomy":"product_tag","embeddable":true,"href":"https:\/\/decoplanta.com\/fr\/wp-json\/wp\/v2\/product_tag?post=3649"}],"curies":[{"name":"wp","href":"https:\/\/api.w.org\/{rel}","templated":true}]}}