{"id":3660,"date":"2021-02-28T20:00:03","date_gmt":"2021-02-28T19:00:03","guid":{"rendered":"https:\/\/decoplanta.com\/non%20class\u00e9\/palmier-deluxe\/"},"modified":"2025-08-25T11:18:17","modified_gmt":"2025-08-25T10:18:17","slug":"palmier-deluxe","status":"publish","type":"product","link":"https:\/\/decoplanta.com\/fr\/plantes-dinterieur-artificielles\/palmier-deluxe\/","title":{"rendered":"PALMIER DELUXE"},"content":{"rendered":"<p>Arbre artificiel PALMIER DELUXE, d&rsquo;un r\u00e9alisme incroyable et fini en prenant soin du maximum de d\u00e9tails. Toute l&rsquo;\u00e9l\u00e9gance que peut avoir un palmier artificiel. Disponible en trois tailles. Il est livr\u00e9 avec une pot de base incluse et ne n\u00e9cessite aucun entretien.<\/p>\n<h3>A quoi ressemble le sapin artificiel PALMIER DELUXE ?<\/h3>\n<p>Aujourd&rsquo;hui, il est facile de trouver des textes dans lesquels il est dit que les palmiers sont des arbres, mais la r\u00e9alit\u00e9 est <strong>qu&rsquo;ils n&rsquo;ont rien \u00e0 voir avec cela<\/strong> . Bien que les deux types de plantes puissent atteindre des hauteurs \u00e9tonnantes et avoir une valeur ornementale tr\u00e8s \u00e9lev\u00e9e, leurs similitudes s&rsquo;arr\u00eatent l\u00e0. Les palmiers et les \u00eatres arboricoles ont suivi deux chemins \u00e9volutifs tr\u00e8s diff\u00e9rents : alors que les premiers sont des plantes que nous pourrions qualifier de modernes puisqu&rsquo;ils sont apparus il y a environ 145 millions d&rsquo;ann\u00e9es, les seconds sont plus primitifs.<\/p>\n<p>Bien que cela puisse vous surprendre, <b>les palmiers<\/b> sont en r\u00e9alit\u00e9 des gramin\u00e9es g\u00e9antes, appel\u00e9es <b>m\u00e9gaforbia<\/b> dans le jargon botanique. C&rsquo;est vrai qu&rsquo;ils ressemblent \u00e0 des arbres, mais il y a plusieurs choses qui les diff\u00e9rencient, le plus important \u00e9tant le nombre de cotyl\u00e9dons (feuilles primitives) qui germent d\u00e8s qu&rsquo;ils germent.<\/p>\n<p>Que sont les <a href=\"https:\/\/www.ecologiaverde.com\/plantas-herbaceas-caracteristicas-y-ejemplos-1950.html\" target=\"_blank\" rel=\"noopener\">m\u00e9gaforbies<\/a> ? Ce sont les herbes g\u00e9antes, telles que les soi-disant Muses (bananes, bananiers et <a href=\"https:\/\/decoplanta.com\/plantas-de-interior-artificiales\/arbol-palmera-style-180-cm\/\" target=\"_blank\" rel=\"noopener\">palmiers<\/a> . Ils peuvent facilement d\u00e9passer les 10 m\u00e8tres, c&rsquo;est pourquoi ils sont souvent pris pour des arbres m\u00eame s&rsquo;ils n&rsquo;ont rien \u00e0 voir les uns avec les autres. De plus, alors que les arbres sont des plantes dicotyl\u00e9dones, les gramin\u00e9es sont monocotyl\u00e9dones, ce qui signifie qu&rsquo;un seul cotyl\u00e9don germe lors de la germination.<\/p>\n<p>Contrairement aux arbres, les palmiers sont des m\u00e9gaforbias. Que signifie? Eh bien, ce sont des herbes g\u00e9antes. En effet, lorsque les graines germent, on verra toujours qu&rsquo;un seul cotyl\u00e9don sort, c&rsquo;est-\u00e0-dire une seule feuille primitive qui peut \u00eatre compos\u00e9e d&rsquo;une seule foliole ou de deux. Cette caract\u00e9ristique en fait, comme toutes les herbes, des monocotyl\u00e9dones.<\/p>\n<p>Mais il y a encore plus. Et c&rsquo;est que, lorsque nous nous demandons quelles sont les diff\u00e9rences entre les palmiers et les arbres, il est fort possible que nous ayons une surprise.<\/p>\n<p>Les m\u00e9gaforbes sont aussi commun\u00e9ment appel\u00e9es herbes g\u00e9antes. Ce sont des plantes dont les caract\u00e9ristiques co\u00efncident avec celles du reste des herbac\u00e9es, sauf dans le d\u00e9tail de leur taille. Les m\u00e9gaforbias atteignent des tailles beaucoup plus grandes que celles du reste des plantes herbac\u00e9es, atteignant des hauteurs de plusieurs m\u00e8tres dans certains cas. Les exemples les plus courants sont les bananes et les palmiers. Pensiez-vous que les palmiers \u00e9taient des arbres ? Cela peut sembler un peu \u00e9trange d&rsquo;y penser, mais il s&rsquo;agit de <strong>m\u00e9gaphorbes herbac\u00e9es<\/strong> , c&rsquo;est-\u00e0-dire d&rsquo;herbes. Voici les m\u00e9gaforbs les plus courants :<\/p>\n<ul>\n<li>Bananiers<\/li>\n<li><a href=\"https:\/\/www.ecologiaverde.com\/como-plantar-una-palmera-y-sus-cuidados-390.html\">Palmiers<\/a><\/li>\n<li>Bambous<\/li>\n<\/ul>\n","protected":false},"excerpt":{"rendered":"<p>Arbre PALMIER DELUXE, d&rsquo;un r\u00e9alisme incroyable et fini en prenant soin du maximum de d\u00e9tails. Toute l&rsquo;\u00e9l\u00e9gance que peut avoir un palmier artificiel. Il est livr\u00e9 avec une pot de base incluse et ne n\u00e9cessite aucun entretien. <\/p>\n<table>\n<tbody>\n<tr>\n<td><strong>R\u00c9F<\/strong><\/td>\n<td><strong>HAUTEUR<\/strong><\/td>\n<\/tr>\n<tr>\n<td><strong>1805003<\/strong><\/td>\n<td>180 cm<\/td>\n<\/tr>\n<\/tbody>\n<\/table>\n","protected":false},"featured_media":4308,"template":"","meta":{"_monsterinsights_skip_tracking":false,"_monsterinsights_sitenote_active":false,"_monsterinsights_sitenote_note":"","_monsterinsights_sitenote_category":0},"product_brand":[],"product_cat":[251],"product_tag":[276],"class_list":{"0":"post-3660","1":"product","2":"type-product","3":"status-publish","4":"has-post-thumbnail","6":"product_cat-plantes-dinterieur-artificielles","7":"product_tag-palmier-artificiel","8":"","9":"woocommerce-text-align-center","10":"woocommerce-image-align-center","11":"do-quantity-buttons","13":"first","14":"instock","15":"taxable","16":"shipping-taxable","17":"product-type-simple"},"yoast_head":"<!-- This site is optimized with the Yoast SEO plugin v27.3 - https:\/\/yoast.com\/product\/yoast-seo-wordpress\/ -->\n<title>PALMIER DELUXE artificiel, d&#039;un r\u00e9alisme incroyable pour l&#039;int\u00e9rieur<\/title>\n<meta name=\"description\" content=\"Arbre PALMIER DELUXE artificiel, d&#039;une \u00e9l\u00e9gance incroyable. Disponible en 3 tailles. Il ne n\u00e9cessite pas d&#039;entretien. D\u00e9coration d&#039;int\u00e9rieur\" \/>\n<meta name=\"robots\" content=\"index, follow, max-snippet:-1, max-image-preview:large, max-video-preview:-1\" \/>\n<link rel=\"canonical\" href=\"https:\/\/decoplanta.com\/fr\/plantes-dinterieur-artificielles\/palmier-deluxe\/\" \/>\n<meta property=\"og:locale\" content=\"fr_FR\" \/>\n<meta property=\"og:type\" content=\"article\" \/>\n<meta property=\"og:title\" content=\"PALMIER DELUXE artificiel, d&#039;un r\u00e9alisme incroyable pour l&#039;int\u00e9rieur\" \/>\n<meta property=\"og:description\" content=\"Arbre PALMIER DELUXE artificiel, d&#039;une \u00e9l\u00e9gance incroyable. Disponible en 3 tailles. Il ne n\u00e9cessite pas d&#039;entretien. D\u00e9coration d&#039;int\u00e9rieur\" \/>\n<meta property=\"og:url\" content=\"https:\/\/decoplanta.com\/fr\/plantes-dinterieur-artificielles\/palmier-deluxe\/\" \/>\n<meta property=\"og:site_name\" content=\"PLANTES ET ARBRES ARTIFICIELS TR\u00c8S R\u00c9ALISTES\" \/>\n<meta property=\"article:modified_time\" content=\"2025-08-25T10:18:17+00:00\" \/>\n<meta property=\"og:image\" content=\"https:\/\/decoplanta.com\/wp-content\/uploads\/2022\/08\/1805003-arbol-PALMERA_DELUXE.jpg\" \/>\n\t<meta property=\"og:image:width\" content=\"1618\" \/>\n\t<meta property=\"og:image:height\" content=\"1618\" \/>\n\t<meta property=\"og:image:type\" content=\"image\/jpeg\" \/>\n<meta name=\"twitter:card\" content=\"summary_large_image\" \/>\n<meta name=\"twitter:label1\" content=\"Dur\u00e9e de lecture estim\u00e9e\" \/>\n\t<meta name=\"twitter:data1\" content=\"3 minutes\" \/>\n<script type=\"application\/ld+json\" class=\"yoast-schema-graph\">{\"@context\":\"https:\\\/\\\/schema.org\",\"@graph\":[{\"@type\":\"WebPage\",\"@id\":\"https:\\\/\\\/decoplanta.com\\\/fr\\\/plantes-dinterieur-artificielles\\\/palmier-deluxe\\\/\",\"url\":\"https:\\\/\\\/decoplanta.com\\\/fr\\\/plantes-dinterieur-artificielles\\\/palmier-deluxe\\\/\",\"name\":\"PALMIER DELUXE artificiel, d'un r\u00e9alisme incroyable pour l'int\u00e9rieur\",\"isPartOf\":{\"@id\":\"https:\\\/\\\/decoplanta.com\\\/fr\\\/#website\"},\"primaryImageOfPage\":{\"@id\":\"https:\\\/\\\/decoplanta.com\\\/fr\\\/plantes-dinterieur-artificielles\\\/palmier-deluxe\\\/#primaryimage\"},\"image\":{\"@id\":\"https:\\\/\\\/decoplanta.com\\\/fr\\\/plantes-dinterieur-artificielles\\\/palmier-deluxe\\\/#primaryimage\"},\"thumbnailUrl\":\"https:\\\/\\\/decoplanta.com\\\/wp-content\\\/uploads\\\/2022\\\/08\\\/1805003-arbol-PALMERA_DELUXE.jpg\",\"datePublished\":\"2021-02-28T19:00:03+00:00\",\"dateModified\":\"2025-08-25T10:18:17+00:00\",\"description\":\"Arbre PALMIER DELUXE artificiel, d'une \u00e9l\u00e9gance incroyable. Disponible en 3 tailles. Il ne n\u00e9cessite pas d'entretien. D\u00e9coration d'int\u00e9rieur\",\"breadcrumb\":{\"@id\":\"https:\\\/\\\/decoplanta.com\\\/fr\\\/plantes-dinterieur-artificielles\\\/palmier-deluxe\\\/#breadcrumb\"},\"inLanguage\":\"fr-FR\",\"potentialAction\":[{\"@type\":\"ReadAction\",\"target\":[\"https:\\\/\\\/decoplanta.com\\\/fr\\\/plantes-dinterieur-artificielles\\\/palmier-deluxe\\\/\"]}]},{\"@type\":\"ImageObject\",\"inLanguage\":\"fr-FR\",\"@id\":\"https:\\\/\\\/decoplanta.com\\\/fr\\\/plantes-dinterieur-artificielles\\\/palmier-deluxe\\\/#primaryimage\",\"url\":\"https:\\\/\\\/decoplanta.com\\\/wp-content\\\/uploads\\\/2022\\\/08\\\/1805003-arbol-PALMERA_DELUXE.jpg\",\"contentUrl\":\"https:\\\/\\\/decoplanta.com\\\/wp-content\\\/uploads\\\/2022\\\/08\\\/1805003-arbol-PALMERA_DELUXE.jpg\",\"width\":1618,\"height\":1618,\"caption\":\"Palmera deluxe de 180 cm de altura\"},{\"@type\":\"BreadcrumbList\",\"@id\":\"https:\\\/\\\/decoplanta.com\\\/fr\\\/plantes-dinterieur-artificielles\\\/palmier-deluxe\\\/#breadcrumb\",\"itemListElement\":[{\"@type\":\"ListItem\",\"position\":1,\"name\":\"Portada\",\"item\":\"https:\\\/\\\/decoplanta.com\\\/fr\\\/\"},{\"@type\":\"ListItem\",\"position\":2,\"name\":\"Priv\u00e9\u00a0: Tienda\",\"item\":\"https:\\\/\\\/decoplanta.com\\\/?page_id=377\"},{\"@type\":\"ListItem\",\"position\":3,\"name\":\"PALMIER DELUXE\"}]},{\"@type\":\"WebSite\",\"@id\":\"https:\\\/\\\/decoplanta.com\\\/fr\\\/#website\",\"url\":\"https:\\\/\\\/decoplanta.com\\\/fr\\\/\",\"name\":\"PLANTES ET ARBRES ARTIFICIELS TR\u00c8S R\u00c9ALISTES\",\"description\":\"Proveedor de Plantas artificiales para estudios de Arquitectura, Interiorismo, Paisajismo, Escenograf\u00eda, Tiendas de Decoraci\u00f3n Florister\u00edas y Mobiliario\",\"publisher\":{\"@id\":\"https:\\\/\\\/decoplanta.com\\\/fr\\\/#organization\"},\"potentialAction\":[{\"@type\":\"SearchAction\",\"target\":{\"@type\":\"EntryPoint\",\"urlTemplate\":\"https:\\\/\\\/decoplanta.com\\\/fr\\\/?s={search_term_string}\"},\"query-input\":{\"@type\":\"PropertyValueSpecification\",\"valueRequired\":true,\"valueName\":\"search_term_string\"}}],\"inLanguage\":\"fr-FR\"},{\"@type\":\"Organization\",\"@id\":\"https:\\\/\\\/decoplanta.com\\\/fr\\\/#organization\",\"name\":\"PLANTES ET ARBRES ARTIFICIELS TR\u00c8S R\u00c9ALISTES\",\"url\":\"https:\\\/\\\/decoplanta.com\\\/fr\\\/\",\"logo\":{\"@type\":\"ImageObject\",\"inLanguage\":\"fr-FR\",\"@id\":\"https:\\\/\\\/decoplanta.com\\\/fr\\\/#\\\/schema\\\/logo\\\/image\\\/\",\"url\":\"https:\\\/\\\/decoplanta.com\\\/wp-content\\\/uploads\\\/2021\\\/02\\\/decoplanta-logo2020.svg\",\"contentUrl\":\"https:\\\/\\\/decoplanta.com\\\/wp-content\\\/uploads\\\/2021\\\/02\\\/decoplanta-logo2020.svg\",\"width\":500,\"height\":500,\"caption\":\"PLANTES ET ARBRES ARTIFICIELS TR\u00c8S R\u00c9ALISTES\"},\"image\":{\"@id\":\"https:\\\/\\\/decoplanta.com\\\/fr\\\/#\\\/schema\\\/logo\\\/image\\\/\"}}]}<\/script>\n<!-- \/ Yoast SEO plugin. -->","yoast_head_json":{"title":"PALMIER DELUXE artificiel, d'un r\u00e9alisme incroyable pour l'int\u00e9rieur","description":"Arbre PALMIER DELUXE artificiel, d'une \u00e9l\u00e9gance incroyable. Disponible en 3 tailles. Il ne n\u00e9cessite pas d'entretien. D\u00e9coration d'int\u00e9rieur","robots":{"index":"index","follow":"follow","max-snippet":"max-snippet:-1","max-image-preview":"max-image-preview:large","max-video-preview":"max-video-preview:-1"},"canonical":"https:\/\/decoplanta.com\/fr\/plantes-dinterieur-artificielles\/palmier-deluxe\/","og_locale":"fr_FR","og_type":"article","og_title":"PALMIER DELUXE artificiel, d'un r\u00e9alisme incroyable pour l'int\u00e9rieur","og_description":"Arbre PALMIER DELUXE artificiel, d'une \u00e9l\u00e9gance incroyable. Disponible en 3 tailles. Il ne n\u00e9cessite pas d'entretien. D\u00e9coration d'int\u00e9rieur","og_url":"https:\/\/decoplanta.com\/fr\/plantes-dinterieur-artificielles\/palmier-deluxe\/","og_site_name":"PLANTES ET ARBRES ARTIFICIELS TR\u00c8S R\u00c9ALISTES","article_modified_time":"2025-08-25T10:18:17+00:00","og_image":[{"width":1618,"height":1618,"url":"https:\/\/decoplanta.com\/wp-content\/uploads\/2022\/08\/1805003-arbol-PALMERA_DELUXE.jpg","type":"image\/jpeg"}],"twitter_card":"summary_large_image","twitter_misc":{"Dur\u00e9e de lecture estim\u00e9e":"3 minutes"},"schema":{"@context":"https:\/\/schema.org","@graph":[{"@type":"WebPage","@id":"https:\/\/decoplanta.com\/fr\/plantes-dinterieur-artificielles\/palmier-deluxe\/","url":"https:\/\/decoplanta.com\/fr\/plantes-dinterieur-artificielles\/palmier-deluxe\/","name":"PALMIER DELUXE artificiel, d'un r\u00e9alisme incroyable pour l'int\u00e9rieur","isPartOf":{"@id":"https:\/\/decoplanta.com\/fr\/#website"},"primaryImageOfPage":{"@id":"https:\/\/decoplanta.com\/fr\/plantes-dinterieur-artificielles\/palmier-deluxe\/#primaryimage"},"image":{"@id":"https:\/\/decoplanta.com\/fr\/plantes-dinterieur-artificielles\/palmier-deluxe\/#primaryimage"},"thumbnailUrl":"https:\/\/decoplanta.com\/wp-content\/uploads\/2022\/08\/1805003-arbol-PALMERA_DELUXE.jpg","datePublished":"2021-02-28T19:00:03+00:00","dateModified":"2025-08-25T10:18:17+00:00","description":"Arbre PALMIER DELUXE artificiel, d'une \u00e9l\u00e9gance incroyable. Disponible en 3 tailles. Il ne n\u00e9cessite pas d'entretien. D\u00e9coration d'int\u00e9rieur","breadcrumb":{"@id":"https:\/\/decoplanta.com\/fr\/plantes-dinterieur-artificielles\/palmier-deluxe\/#breadcrumb"},"inLanguage":"fr-FR","potentialAction":[{"@type":"ReadAction","target":["https:\/\/decoplanta.com\/fr\/plantes-dinterieur-artificielles\/palmier-deluxe\/"]}]},{"@type":"ImageObject","inLanguage":"fr-FR","@id":"https:\/\/decoplanta.com\/fr\/plantes-dinterieur-artificielles\/palmier-deluxe\/#primaryimage","url":"https:\/\/decoplanta.com\/wp-content\/uploads\/2022\/08\/1805003-arbol-PALMERA_DELUXE.jpg","contentUrl":"https:\/\/decoplanta.com\/wp-content\/uploads\/2022\/08\/1805003-arbol-PALMERA_DELUXE.jpg","width":1618,"height":1618,"caption":"Palmera deluxe de 180 cm de altura"},{"@type":"BreadcrumbList","@id":"https:\/\/decoplanta.com\/fr\/plantes-dinterieur-artificielles\/palmier-deluxe\/#breadcrumb","itemListElement":[{"@type":"ListItem","position":1,"name":"Portada","item":"https:\/\/decoplanta.com\/fr\/"},{"@type":"ListItem","position":2,"name":"Priv\u00e9\u00a0: Tienda","item":"https:\/\/decoplanta.com\/?page_id=377"},{"@type":"ListItem","position":3,"name":"PALMIER DELUXE"}]},{"@type":"WebSite","@id":"https:\/\/decoplanta.com\/fr\/#website","url":"https:\/\/decoplanta.com\/fr\/","name":"PLANTES ET ARBRES ARTIFICIELS TR\u00c8S R\u00c9ALISTES","description":"Proveedor de Plantas artificiales para estudios de Arquitectura, Interiorismo, Paisajismo, Escenograf\u00eda, Tiendas de Decoraci\u00f3n Florister\u00edas y Mobiliario","publisher":{"@id":"https:\/\/decoplanta.com\/fr\/#organization"},"potentialAction":[{"@type":"SearchAction","target":{"@type":"EntryPoint","urlTemplate":"https:\/\/decoplanta.com\/fr\/?s={search_term_string}"},"query-input":{"@type":"PropertyValueSpecification","valueRequired":true,"valueName":"search_term_string"}}],"inLanguage":"fr-FR"},{"@type":"Organization","@id":"https:\/\/decoplanta.com\/fr\/#organization","name":"PLANTES ET ARBRES ARTIFICIELS TR\u00c8S R\u00c9ALISTES","url":"https:\/\/decoplanta.com\/fr\/","logo":{"@type":"ImageObject","inLanguage":"fr-FR","@id":"https:\/\/decoplanta.com\/fr\/#\/schema\/logo\/image\/","url":"https:\/\/decoplanta.com\/wp-content\/uploads\/2021\/02\/decoplanta-logo2020.svg","contentUrl":"https:\/\/decoplanta.com\/wp-content\/uploads\/2021\/02\/decoplanta-logo2020.svg","width":500,"height":500,"caption":"PLANTES ET ARBRES ARTIFICIELS TR\u00c8S R\u00c9ALISTES"},"image":{"@id":"https:\/\/decoplanta.com\/fr\/#\/schema\/logo\/image\/"}}]}},"_links":{"self":[{"href":"https:\/\/decoplanta.com\/fr\/wp-json\/wp\/v2\/product\/3660","targetHints":{"allow":["GET"]}}],"collection":[{"href":"https:\/\/decoplanta.com\/fr\/wp-json\/wp\/v2\/product"}],"about":[{"href":"https:\/\/decoplanta.com\/fr\/wp-json\/wp\/v2\/types\/product"}],"version-history":[{"count":1,"href":"https:\/\/decoplanta.com\/fr\/wp-json\/wp\/v2\/product\/3660\/revisions"}],"predecessor-version":[{"id":8700,"href":"https:\/\/decoplanta.com\/fr\/wp-json\/wp\/v2\/product\/3660\/revisions\/8700"}],"wp:featuredmedia":[{"embeddable":true,"href":"https:\/\/decoplanta.com\/fr\/wp-json\/wp\/v2\/media\/4308"}],"wp:attachment":[{"href":"https:\/\/decoplanta.com\/fr\/wp-json\/wp\/v2\/media?parent=3660"}],"wp:term":[{"taxonomy":"product_brand","embeddable":true,"href":"https:\/\/decoplanta.com\/fr\/wp-json\/wp\/v2\/product_brand?post=3660"},{"taxonomy":"product_cat","embeddable":true,"href":"https:\/\/decoplanta.com\/fr\/wp-json\/wp\/v2\/product_cat?post=3660"},{"taxonomy":"product_tag","embeddable":true,"href":"https:\/\/decoplanta.com\/fr\/wp-json\/wp\/v2\/product_tag?post=3660"}],"curies":[{"name":"wp","href":"https:\/\/api.w.org\/{rel}","templated":true}]}}