{"id":3674,"date":"2021-02-28T19:39:55","date_gmt":"2021-02-28T18:39:55","guid":{"rendered":"https:\/\/decoplanta.com\/non%20class\u00e9\/laurier-boule\/"},"modified":"2025-11-18T09:28:33","modified_gmt":"2025-11-18T08:28:33","slug":"arbre-laurier-boule","status":"publish","type":"product","link":"https:\/\/decoplanta.com\/fr\/plantes-dinterieur-artificielles\/arbre-laurier-boule\/","title":{"rendered":"LAURIER BOULE"},"content":{"rendered":"<p>Arbre artificiel LAURIER BOULE de grand feuillage dans sa couronne sph\u00e9rique. Excellente qualit\u00e9 avec <strong>un tronc en bois naturel<\/strong> et une grande taille de feuille, ce qui lui conf\u00e8re un r\u00e9alisme spectaculaire avec une esth\u00e9tique qui s&rsquo;int\u00e8gre dans tous les ambiances. Disponible en 4 tailles.<\/p>\n<p>Le Arbre artificiel LAURIER BOULE avec un grand feuillage dans sa couronne sph\u00e9rique. Excellente qualit\u00e9 avec un tronc de bois naturel et une grande taille de feuille, ce qui lui conf\u00e8re un r\u00e9alisme spectaculaire avec une esth\u00e9tique qui s&rsquo;int\u00e8gre dans tous les environnements. Disponible en 4 tailles. D\u00e9couvrez toutes nos <a href=\"https:\/\/decoplanta.com\/fr\/plantes-dinterieur-artificielles\/\">plantes et arbres d&rsquo;int\u00e9rieur.<\/a><\/p>\n<p><a href=\"https:\/\/es.wikipedia.org\/wiki\/Laurus_nobilis\">Laurus nobilis<\/a>, commun\u00e9ment appel\u00e9 laurier ou laurier, est un arbuste ou arbre vivace appartenant \u00e0 la famille des Laurac\u00e9es, \u00e0 laquelle il donne son nom. Il est originaire de la r\u00e9gion de la mer M\u00e9diterran\u00e9e et ses feuilles sont utilis\u00e9es pour les rem\u00e8des et en cuisine.<\/p>\n<h3>Comment est le Arbre artificiel LAURIER BOULE ?<\/h3>\n<p>Le laurier commun est un arbre dio\u00efque \u00e0 feuilles persistantes de 5 \u00e0 10 m de haut, au tronc droit \u00e0 \u00e9corce grise et \u00e0 cime dense et fonc\u00e9e, aux feuilles bleut\u00e9es, alternes, lanc\u00e9ol\u00e9es ou oblongues-lanc\u00e9ol\u00e9es, un peu coriaces, aromatiques, au bord parfois un peu ondul\u00e9. Ils ont un sommet aigu et une base \u00e9mouss\u00e9e. Ils mesurent environ 3 \u00e0 9 cm de long et ont un court p\u00e9tiole. La surface est vert fonc\u00e9 brillant, tandis que le dessous est plus p\u00e2le. Les fleurs sont dispos\u00e9es en ombelles sessiles de 4 \u00e0 6 fleurs jaun\u00e2tres \u00e0 4 p\u00e9tales qui apparaissent en mars-avril et s&rsquo;enroulent avant de s&rsquo;ouvrir dans un involucre subglobuleux.<\/p>\n","protected":false},"excerpt":{"rendered":"<p>LAURIER BOULE de grand feuillage dans sa couronne sph\u00e9rique. Excellente qualit\u00e9 avec <strong>un tronc en bois naturel<\/strong> et une grande taille de feuille, ce qui lui conf\u00e8re un r\u00e9alisme spectaculaire avec une esth\u00e9tique qui s&rsquo;int\u00e8gre dans tous les ambiances.<br \/>\nDisponible en 3 tailles. Il est livr\u00e9 avec une pot de base incluse.<\/p>\n<p>&nbsp;<\/p>\n<table>\n<tbody>\n<tr>\n<td><strong>R\u00c9F<\/strong><\/td>\n<td><strong>HAUTEUR<\/strong><\/td>\n<td><strong>FEUILLES<\/strong><\/td>\n<\/tr>\n<tr>\n<td><strong>1804001<\/strong><\/td>\n<td>65 cm<\/td>\n<td>259<\/td>\n<\/tr>\n<tr>\n<td><strong>1804002<\/strong><\/td>\n<td>95 cm<\/td>\n<td>851<\/td>\n<\/tr>\n<tr>\n<td><strong>1804003<\/strong><\/td>\n<td>125 cm<\/td>\n<td>1147<\/td>\n<\/tr>\n<\/tbody>\n<\/table>\n","protected":false},"featured_media":2506,"template":"","meta":{"_monsterinsights_skip_tracking":false,"_monsterinsights_sitenote_active":false,"_monsterinsights_sitenote_note":"","_monsterinsights_sitenote_category":0},"product_brand":[],"product_cat":[251],"product_tag":[],"class_list":{"0":"post-3674","1":"product","2":"type-product","3":"status-publish","4":"has-post-thumbnail","6":"product_cat-plantes-dinterieur-artificielles","7":"","8":"woocommerce-text-align-center","9":"woocommerce-image-align-center","10":"do-quantity-buttons","12":"first","13":"instock","14":"taxable","15":"shipping-taxable","16":"purchasable","17":"product-type-variable","18":"has-default-attributes"},"yoast_head":"<!-- This site is optimized with the Yoast SEO plugin v27.4 - https:\/\/yoast.com\/product\/yoast-seo-wordpress\/ -->\n<title>Arbre artificiel LAURIER BOULE - Grand r\u00e9alisme pour int\u00e9rieur<\/title>\n<meta name=\"description\" content=\"Arbre artificiel LAURIER BOULE avec tronc en bois naturel, grande taille de feuille et r\u00e9alisme spectaculaire. Disponible en 3 tailles\" \/>\n<meta name=\"robots\" content=\"index, follow, max-snippet:-1, max-image-preview:large, max-video-preview:-1\" \/>\n<link rel=\"canonical\" href=\"https:\/\/decoplanta.com\/fr\/plantes-dinterieur-artificielles\/arbre-laurier-boule\/\" \/>\n<meta property=\"og:locale\" content=\"fr_FR\" \/>\n<meta property=\"og:type\" content=\"article\" \/>\n<meta property=\"og:title\" content=\"Arbre artificiel LAURIER BOULE - Grand r\u00e9alisme pour int\u00e9rieur\" \/>\n<meta property=\"og:description\" content=\"Arbre artificiel LAURIER BOULE avec tronc en bois naturel, grande taille de feuille et r\u00e9alisme spectaculaire. Disponible en 3 tailles\" \/>\n<meta property=\"og:url\" content=\"https:\/\/decoplanta.com\/fr\/plantes-dinterieur-artificielles\/arbre-laurier-boule\/\" \/>\n<meta property=\"og:site_name\" content=\"PLANTES ET ARBRES ARTIFICIELS TR\u00c8S R\u00c9ALISTES\" \/>\n<meta property=\"article:modified_time\" content=\"2025-11-18T08:28:33+00:00\" \/>\n<meta property=\"og:image\" content=\"https:\/\/decoplanta.com\/wp-content\/uploads\/2021\/02\/1804001-arbol-laurel-esfera.jpg\" \/>\n\t<meta property=\"og:image:width\" content=\"800\" \/>\n\t<meta property=\"og:image:height\" content=\"800\" \/>\n\t<meta property=\"og:image:type\" content=\"image\/jpeg\" \/>\n<meta name=\"twitter:card\" content=\"summary_large_image\" \/>\n<meta name=\"twitter:label1\" content=\"Dur\u00e9e de lecture estim\u00e9e\" \/>\n\t<meta name=\"twitter:data1\" content=\"2 minutes\" \/>\n<script type=\"application\/ld+json\" class=\"yoast-schema-graph\">{\"@context\":\"https:\\\/\\\/schema.org\",\"@graph\":[{\"@type\":\"WebPage\",\"@id\":\"https:\\\/\\\/decoplanta.com\\\/fr\\\/plantes-dinterieur-artificielles\\\/arbre-laurier-boule\\\/\",\"url\":\"https:\\\/\\\/decoplanta.com\\\/fr\\\/plantes-dinterieur-artificielles\\\/arbre-laurier-boule\\\/\",\"name\":\"Arbre artificiel LAURIER BOULE - Grand r\u00e9alisme pour int\u00e9rieur\",\"isPartOf\":{\"@id\":\"https:\\\/\\\/decoplanta.com\\\/fr\\\/#website\"},\"primaryImageOfPage\":{\"@id\":\"https:\\\/\\\/decoplanta.com\\\/fr\\\/plantes-dinterieur-artificielles\\\/arbre-laurier-boule\\\/#primaryimage\"},\"image\":{\"@id\":\"https:\\\/\\\/decoplanta.com\\\/fr\\\/plantes-dinterieur-artificielles\\\/arbre-laurier-boule\\\/#primaryimage\"},\"thumbnailUrl\":\"https:\\\/\\\/decoplanta.com\\\/wp-content\\\/uploads\\\/2021\\\/02\\\/1804001-arbol-laurel-esfera.jpg\",\"datePublished\":\"2021-02-28T18:39:55+00:00\",\"dateModified\":\"2025-11-18T08:28:33+00:00\",\"description\":\"Arbre artificiel LAURIER BOULE avec tronc en bois naturel, grande taille de feuille et r\u00e9alisme spectaculaire. Disponible en 3 tailles\",\"breadcrumb\":{\"@id\":\"https:\\\/\\\/decoplanta.com\\\/fr\\\/plantes-dinterieur-artificielles\\\/arbre-laurier-boule\\\/#breadcrumb\"},\"inLanguage\":\"fr-FR\",\"potentialAction\":[{\"@type\":\"ReadAction\",\"target\":[\"https:\\\/\\\/decoplanta.com\\\/fr\\\/plantes-dinterieur-artificielles\\\/arbre-laurier-boule\\\/\"]}]},{\"@type\":\"ImageObject\",\"inLanguage\":\"fr-FR\",\"@id\":\"https:\\\/\\\/decoplanta.com\\\/fr\\\/plantes-dinterieur-artificielles\\\/arbre-laurier-boule\\\/#primaryimage\",\"url\":\"https:\\\/\\\/decoplanta.com\\\/wp-content\\\/uploads\\\/2021\\\/02\\\/1804001-arbol-laurel-esfera.jpg\",\"contentUrl\":\"https:\\\/\\\/decoplanta.com\\\/wp-content\\\/uploads\\\/2021\\\/02\\\/1804001-arbol-laurel-esfera.jpg\",\"width\":800,\"height\":800,\"caption\":\"arbre LAUREL BOULE de grand r\u00e9alisme pour int\u00e9rieur\"},{\"@type\":\"BreadcrumbList\",\"@id\":\"https:\\\/\\\/decoplanta.com\\\/fr\\\/plantes-dinterieur-artificielles\\\/arbre-laurier-boule\\\/#breadcrumb\",\"itemListElement\":[{\"@type\":\"ListItem\",\"position\":1,\"name\":\"Portada\",\"item\":\"https:\\\/\\\/decoplanta.com\\\/fr\\\/\"},{\"@type\":\"ListItem\",\"position\":2,\"name\":\"Priv\u00e9\u00a0: Tienda\",\"item\":\"https:\\\/\\\/decoplanta.com\\\/?page_id=377\"},{\"@type\":\"ListItem\",\"position\":3,\"name\":\"LAURIER BOULE\"}]},{\"@type\":\"WebSite\",\"@id\":\"https:\\\/\\\/decoplanta.com\\\/fr\\\/#website\",\"url\":\"https:\\\/\\\/decoplanta.com\\\/fr\\\/\",\"name\":\"PLANTES ET ARBRES ARTIFICIELS TR\u00c8S R\u00c9ALISTES\",\"description\":\"Proveedor de Plantas artificiales para estudios de Arquitectura, Interiorismo, Paisajismo, Escenograf\u00eda, Tiendas de Decoraci\u00f3n Florister\u00edas y Mobiliario\",\"publisher\":{\"@id\":\"https:\\\/\\\/decoplanta.com\\\/fr\\\/#organization\"},\"potentialAction\":[{\"@type\":\"SearchAction\",\"target\":{\"@type\":\"EntryPoint\",\"urlTemplate\":\"https:\\\/\\\/decoplanta.com\\\/fr\\\/?s={search_term_string}\"},\"query-input\":{\"@type\":\"PropertyValueSpecification\",\"valueRequired\":true,\"valueName\":\"search_term_string\"}}],\"inLanguage\":\"fr-FR\"},{\"@type\":\"Organization\",\"@id\":\"https:\\\/\\\/decoplanta.com\\\/fr\\\/#organization\",\"name\":\"PLANTES ET ARBRES ARTIFICIELS TR\u00c8S R\u00c9ALISTES\",\"url\":\"https:\\\/\\\/decoplanta.com\\\/fr\\\/\",\"logo\":{\"@type\":\"ImageObject\",\"inLanguage\":\"fr-FR\",\"@id\":\"https:\\\/\\\/decoplanta.com\\\/fr\\\/#\\\/schema\\\/logo\\\/image\\\/\",\"url\":\"https:\\\/\\\/decoplanta.com\\\/wp-content\\\/uploads\\\/2021\\\/02\\\/decoplanta-logo2020.svg\",\"contentUrl\":\"https:\\\/\\\/decoplanta.com\\\/wp-content\\\/uploads\\\/2021\\\/02\\\/decoplanta-logo2020.svg\",\"width\":500,\"height\":500,\"caption\":\"PLANTES ET ARBRES ARTIFICIELS TR\u00c8S R\u00c9ALISTES\"},\"image\":{\"@id\":\"https:\\\/\\\/decoplanta.com\\\/fr\\\/#\\\/schema\\\/logo\\\/image\\\/\"}}]}<\/script>\n<!-- \/ Yoast SEO plugin. -->","yoast_head_json":{"title":"Arbre artificiel LAURIER BOULE - Grand r\u00e9alisme pour int\u00e9rieur","description":"Arbre artificiel LAURIER BOULE avec tronc en bois naturel, grande taille de feuille et r\u00e9alisme spectaculaire. Disponible en 3 tailles","robots":{"index":"index","follow":"follow","max-snippet":"max-snippet:-1","max-image-preview":"max-image-preview:large","max-video-preview":"max-video-preview:-1"},"canonical":"https:\/\/decoplanta.com\/fr\/plantes-dinterieur-artificielles\/arbre-laurier-boule\/","og_locale":"fr_FR","og_type":"article","og_title":"Arbre artificiel LAURIER BOULE - Grand r\u00e9alisme pour int\u00e9rieur","og_description":"Arbre artificiel LAURIER BOULE avec tronc en bois naturel, grande taille de feuille et r\u00e9alisme spectaculaire. Disponible en 3 tailles","og_url":"https:\/\/decoplanta.com\/fr\/plantes-dinterieur-artificielles\/arbre-laurier-boule\/","og_site_name":"PLANTES ET ARBRES ARTIFICIELS TR\u00c8S R\u00c9ALISTES","article_modified_time":"2025-11-18T08:28:33+00:00","og_image":[{"width":800,"height":800,"url":"https:\/\/decoplanta.com\/wp-content\/uploads\/2021\/02\/1804001-arbol-laurel-esfera.jpg","type":"image\/jpeg"}],"twitter_card":"summary_large_image","twitter_misc":{"Dur\u00e9e de lecture estim\u00e9e":"2 minutes"},"schema":{"@context":"https:\/\/schema.org","@graph":[{"@type":"WebPage","@id":"https:\/\/decoplanta.com\/fr\/plantes-dinterieur-artificielles\/arbre-laurier-boule\/","url":"https:\/\/decoplanta.com\/fr\/plantes-dinterieur-artificielles\/arbre-laurier-boule\/","name":"Arbre artificiel LAURIER BOULE - Grand r\u00e9alisme pour int\u00e9rieur","isPartOf":{"@id":"https:\/\/decoplanta.com\/fr\/#website"},"primaryImageOfPage":{"@id":"https:\/\/decoplanta.com\/fr\/plantes-dinterieur-artificielles\/arbre-laurier-boule\/#primaryimage"},"image":{"@id":"https:\/\/decoplanta.com\/fr\/plantes-dinterieur-artificielles\/arbre-laurier-boule\/#primaryimage"},"thumbnailUrl":"https:\/\/decoplanta.com\/wp-content\/uploads\/2021\/02\/1804001-arbol-laurel-esfera.jpg","datePublished":"2021-02-28T18:39:55+00:00","dateModified":"2025-11-18T08:28:33+00:00","description":"Arbre artificiel LAURIER BOULE avec tronc en bois naturel, grande taille de feuille et r\u00e9alisme spectaculaire. Disponible en 3 tailles","breadcrumb":{"@id":"https:\/\/decoplanta.com\/fr\/plantes-dinterieur-artificielles\/arbre-laurier-boule\/#breadcrumb"},"inLanguage":"fr-FR","potentialAction":[{"@type":"ReadAction","target":["https:\/\/decoplanta.com\/fr\/plantes-dinterieur-artificielles\/arbre-laurier-boule\/"]}]},{"@type":"ImageObject","inLanguage":"fr-FR","@id":"https:\/\/decoplanta.com\/fr\/plantes-dinterieur-artificielles\/arbre-laurier-boule\/#primaryimage","url":"https:\/\/decoplanta.com\/wp-content\/uploads\/2021\/02\/1804001-arbol-laurel-esfera.jpg","contentUrl":"https:\/\/decoplanta.com\/wp-content\/uploads\/2021\/02\/1804001-arbol-laurel-esfera.jpg","width":800,"height":800,"caption":"arbre LAUREL BOULE de grand r\u00e9alisme pour int\u00e9rieur"},{"@type":"BreadcrumbList","@id":"https:\/\/decoplanta.com\/fr\/plantes-dinterieur-artificielles\/arbre-laurier-boule\/#breadcrumb","itemListElement":[{"@type":"ListItem","position":1,"name":"Portada","item":"https:\/\/decoplanta.com\/fr\/"},{"@type":"ListItem","position":2,"name":"Priv\u00e9\u00a0: Tienda","item":"https:\/\/decoplanta.com\/?page_id=377"},{"@type":"ListItem","position":3,"name":"LAURIER BOULE"}]},{"@type":"WebSite","@id":"https:\/\/decoplanta.com\/fr\/#website","url":"https:\/\/decoplanta.com\/fr\/","name":"PLANTES ET ARBRES ARTIFICIELS TR\u00c8S R\u00c9ALISTES","description":"Proveedor de Plantas artificiales para estudios de Arquitectura, Interiorismo, Paisajismo, Escenograf\u00eda, Tiendas de Decoraci\u00f3n Florister\u00edas y Mobiliario","publisher":{"@id":"https:\/\/decoplanta.com\/fr\/#organization"},"potentialAction":[{"@type":"SearchAction","target":{"@type":"EntryPoint","urlTemplate":"https:\/\/decoplanta.com\/fr\/?s={search_term_string}"},"query-input":{"@type":"PropertyValueSpecification","valueRequired":true,"valueName":"search_term_string"}}],"inLanguage":"fr-FR"},{"@type":"Organization","@id":"https:\/\/decoplanta.com\/fr\/#organization","name":"PLANTES ET ARBRES ARTIFICIELS TR\u00c8S R\u00c9ALISTES","url":"https:\/\/decoplanta.com\/fr\/","logo":{"@type":"ImageObject","inLanguage":"fr-FR","@id":"https:\/\/decoplanta.com\/fr\/#\/schema\/logo\/image\/","url":"https:\/\/decoplanta.com\/wp-content\/uploads\/2021\/02\/decoplanta-logo2020.svg","contentUrl":"https:\/\/decoplanta.com\/wp-content\/uploads\/2021\/02\/decoplanta-logo2020.svg","width":500,"height":500,"caption":"PLANTES ET ARBRES ARTIFICIELS TR\u00c8S R\u00c9ALISTES"},"image":{"@id":"https:\/\/decoplanta.com\/fr\/#\/schema\/logo\/image\/"}}]}},"_links":{"self":[{"href":"https:\/\/decoplanta.com\/fr\/wp-json\/wp\/v2\/product\/3674","targetHints":{"allow":["GET"]}}],"collection":[{"href":"https:\/\/decoplanta.com\/fr\/wp-json\/wp\/v2\/product"}],"about":[{"href":"https:\/\/decoplanta.com\/fr\/wp-json\/wp\/v2\/types\/product"}],"version-history":[{"count":1,"href":"https:\/\/decoplanta.com\/fr\/wp-json\/wp\/v2\/product\/3674\/revisions"}],"predecessor-version":[{"id":8897,"href":"https:\/\/decoplanta.com\/fr\/wp-json\/wp\/v2\/product\/3674\/revisions\/8897"}],"wp:featuredmedia":[{"embeddable":true,"href":"https:\/\/decoplanta.com\/fr\/wp-json\/wp\/v2\/media\/2506"}],"wp:attachment":[{"href":"https:\/\/decoplanta.com\/fr\/wp-json\/wp\/v2\/media?parent=3674"}],"wp:term":[{"taxonomy":"product_brand","embeddable":true,"href":"https:\/\/decoplanta.com\/fr\/wp-json\/wp\/v2\/product_brand?post=3674"},{"taxonomy":"product_cat","embeddable":true,"href":"https:\/\/decoplanta.com\/fr\/wp-json\/wp\/v2\/product_cat?post=3674"},{"taxonomy":"product_tag","embeddable":true,"href":"https:\/\/decoplanta.com\/fr\/wp-json\/wp\/v2\/product_tag?post=3674"}],"curies":[{"name":"wp","href":"https:\/\/api.w.org\/{rel}","templated":true}]}}