{"id":3683,"date":"2021-03-01T12:21:56","date_gmt":"2022-01-03T12:34:14","guid":{"rendered":"https:\/\/decoplanta.com\/non%20class\u00e9\/palmier-monstera\/"},"modified":"2022-01-03T13:56:14","modified_gmt":"2022-01-03T12:56:14","slug":"palmier-monstera","status":"publish","type":"product","link":"https:\/\/decoplanta.com\/fr\/plantes-dinterieur-artificielles\/palmier-monstera\/","title":{"rendered":"Palmier MONSTERA"},"content":{"rendered":"<p>Palmier MONSTERA d&rsquo;un r\u00e9alisme incroyable. C&rsquo;est une plante tropicale tr\u00e8s exotique, commun\u00e9ment appel\u00e9e \u00ab\u00a0c\u00f4te d&rsquo;Adam\u00a0\u00bb. Il se caract\u00e9rise par ses grandes feuilles qui lui inspirent ce nom. Disponible en trois hauteurs et comprend une pot de base.<\/p>\n","protected":false},"excerpt":{"rendered":"<p>Palmier MONSTERA d&rsquo;un r\u00e9alisme incroyable. C&rsquo;est une plante tropicale tr\u00e8s exotique, commun\u00e9ment appel\u00e9e \u00ab\u00a0c\u00f4te d&rsquo;Adam\u00a0\u00bb. Il se caract\u00e9rise par ses grandes feuilles qui lui inspirent ce nom. Il est livr\u00e9 avec une pot de base incluse et ne n\u00e9cessite aucun entretien.<\/p>\n<p>Disponible en deux hauteurs.<\/p>\n<table>\n<tbody>\n<tr>\n<td><strong>R\u00c9F<\/strong><\/td>\n<td><strong>HAUTEUR<\/strong><\/td>\n<td><strong>FEUILLES<\/strong><\/td>\n<\/tr>\n<tr>\n<td><strong>422157<\/strong><\/td>\n<td>60 cm<\/td>\n<td>8<\/td>\n<\/tr>\n<tr>\n<td><strong>422158<\/strong><\/td>\n<td>80 cm<\/td>\n<td>12<\/td>\n<\/tr>\n<tr>\n<td><strong>422374<\/strong><\/td>\n<td>95 cm<\/td>\n<td>14<\/td>\n<\/tr>\n<\/tbody>\n<\/table>\n","protected":false},"featured_media":2512,"template":"","meta":{"_monsterinsights_skip_tracking":false,"_monsterinsights_sitenote_active":false,"_monsterinsights_sitenote_note":"","_monsterinsights_sitenote_category":0},"product_brand":[],"product_cat":[251],"product_tag":[276],"class_list":{"0":"post-3683","1":"product","2":"type-product","3":"status-publish","4":"has-post-thumbnail","6":"product_cat-plantes-dinterieur-artificielles","7":"product_tag-palmier-artificiel","8":"","9":"woocommerce-text-align-center","10":"woocommerce-image-align-center","11":"do-quantity-buttons","13":"first","14":"instock","15":"taxable","16":"shipping-taxable","17":"purchasable","18":"product-type-variable","19":"has-default-attributes"},"yoast_head":"<!-- This site is optimized with the Yoast SEO plugin v27.5 - https:\/\/yoast.com\/product\/yoast-seo-wordpress\/ -->\n<title>Palmier MONSTERA artificiel haut r\u00e9alisme pour d\u00e9corer les int\u00e9rieurs<\/title>\n<meta name=\"description\" content=\"Palmier MONSTERA d&#039;un r\u00e9alisme incroyable. C&#039;est une plante tropicale tr\u00e8s exotique, commun\u00e9ment appel\u00e9e &quot;c\u00f4te d&#039;Adam&quot;. 3 tailles\" \/>\n<meta name=\"robots\" content=\"index, follow, max-snippet:-1, max-image-preview:large, max-video-preview:-1\" \/>\n<link rel=\"canonical\" href=\"https:\/\/decoplanta.com\/fr\/plantes-dinterieur-artificielles\/palmier-monstera\/\" \/>\n<meta property=\"og:locale\" content=\"fr_FR\" \/>\n<meta property=\"og:type\" content=\"article\" \/>\n<meta property=\"og:title\" content=\"Palmier MONSTERA artificiel haut r\u00e9alisme pour d\u00e9corer les int\u00e9rieurs\" \/>\n<meta property=\"og:description\" content=\"Palmier MONSTERA d&#039;un r\u00e9alisme incroyable. C&#039;est une plante tropicale tr\u00e8s exotique, commun\u00e9ment appel\u00e9e &quot;c\u00f4te d&#039;Adam&quot;. 3 tailles\" \/>\n<meta property=\"og:url\" content=\"https:\/\/decoplanta.com\/fr\/plantes-dinterieur-artificielles\/palmier-monstera\/\" \/>\n<meta property=\"og:site_name\" content=\"PLANTES ET ARBRES ARTIFICIELS TR\u00c8S R\u00c9ALISTES\" \/>\n<meta property=\"article:modified_time\" content=\"2022-01-03T12:56:14+00:00\" \/>\n<meta property=\"og:image\" content=\"https:\/\/decoplanta.com\/wp-content\/uploads\/2021\/03\/422158-planta-PALMERA_MONSTERA-80cm.jpg\" \/>\n\t<meta property=\"og:image:width\" content=\"1800\" \/>\n\t<meta property=\"og:image:height\" content=\"1800\" \/>\n\t<meta property=\"og:image:type\" content=\"image\/jpeg\" \/>\n<meta name=\"twitter:card\" content=\"summary_large_image\" \/>\n<script type=\"application\/ld+json\" class=\"yoast-schema-graph\">{\"@context\":\"https:\\\/\\\/schema.org\",\"@graph\":[{\"@type\":\"WebPage\",\"@id\":\"https:\\\/\\\/decoplanta.com\\\/fr\\\/plantes-dinterieur-artificielles\\\/palmier-monstera\\\/\",\"url\":\"https:\\\/\\\/decoplanta.com\\\/fr\\\/plantes-dinterieur-artificielles\\\/palmier-monstera\\\/\",\"name\":\"Palmier MONSTERA artificiel haut r\u00e9alisme pour d\u00e9corer les int\u00e9rieurs\",\"isPartOf\":{\"@id\":\"https:\\\/\\\/decoplanta.com\\\/fr\\\/#website\"},\"primaryImageOfPage\":{\"@id\":\"https:\\\/\\\/decoplanta.com\\\/fr\\\/plantes-dinterieur-artificielles\\\/palmier-monstera\\\/#primaryimage\"},\"image\":{\"@id\":\"https:\\\/\\\/decoplanta.com\\\/fr\\\/plantes-dinterieur-artificielles\\\/palmier-monstera\\\/#primaryimage\"},\"thumbnailUrl\":\"https:\\\/\\\/decoplanta.com\\\/wp-content\\\/uploads\\\/2021\\\/03\\\/422158-planta-PALMERA_MONSTERA-80cm.jpg\",\"datePublished\":\"2022-01-03T12:34:14+00:00\",\"dateModified\":\"2022-01-03T12:56:14+00:00\",\"description\":\"Palmier MONSTERA d'un r\u00e9alisme incroyable. C'est une plante tropicale tr\u00e8s exotique, commun\u00e9ment appel\u00e9e \\\"c\u00f4te d'Adam\\\". 3 tailles\",\"breadcrumb\":{\"@id\":\"https:\\\/\\\/decoplanta.com\\\/fr\\\/plantes-dinterieur-artificielles\\\/palmier-monstera\\\/#breadcrumb\"},\"inLanguage\":\"fr-FR\",\"potentialAction\":[{\"@type\":\"ReadAction\",\"target\":[\"https:\\\/\\\/decoplanta.com\\\/fr\\\/plantes-dinterieur-artificielles\\\/palmier-monstera\\\/\"]}]},{\"@type\":\"ImageObject\",\"inLanguage\":\"fr-FR\",\"@id\":\"https:\\\/\\\/decoplanta.com\\\/fr\\\/plantes-dinterieur-artificielles\\\/palmier-monstera\\\/#primaryimage\",\"url\":\"https:\\\/\\\/decoplanta.com\\\/wp-content\\\/uploads\\\/2021\\\/03\\\/422158-planta-PALMERA_MONSTERA-80cm.jpg\",\"contentUrl\":\"https:\\\/\\\/decoplanta.com\\\/wp-content\\\/uploads\\\/2021\\\/03\\\/422158-planta-PALMERA_MONSTERA-80cm.jpg\",\"width\":1800,\"height\":1800,\"caption\":\"plante artificielle PALMIER MONSTERA\"},{\"@type\":\"BreadcrumbList\",\"@id\":\"https:\\\/\\\/decoplanta.com\\\/fr\\\/plantes-dinterieur-artificielles\\\/palmier-monstera\\\/#breadcrumb\",\"itemListElement\":[{\"@type\":\"ListItem\",\"position\":1,\"name\":\"Portada\",\"item\":\"https:\\\/\\\/decoplanta.com\\\/fr\\\/\"},{\"@type\":\"ListItem\",\"position\":2,\"name\":\"Priv\u00e9\u00a0: Tienda\",\"item\":\"https:\\\/\\\/decoplanta.com\\\/?page_id=377\"},{\"@type\":\"ListItem\",\"position\":3,\"name\":\"Palmier MONSTERA\"}]},{\"@type\":\"WebSite\",\"@id\":\"https:\\\/\\\/decoplanta.com\\\/fr\\\/#website\",\"url\":\"https:\\\/\\\/decoplanta.com\\\/fr\\\/\",\"name\":\"PLANTES ET ARBRES ARTIFICIELS TR\u00c8S R\u00c9ALISTES\",\"description\":\"Proveedor de Plantas artificiales para estudios de Arquitectura, Interiorismo, Paisajismo, Escenograf\u00eda, Tiendas de Decoraci\u00f3n Florister\u00edas y Mobiliario\",\"publisher\":{\"@id\":\"https:\\\/\\\/decoplanta.com\\\/fr\\\/#organization\"},\"potentialAction\":[{\"@type\":\"SearchAction\",\"target\":{\"@type\":\"EntryPoint\",\"urlTemplate\":\"https:\\\/\\\/decoplanta.com\\\/fr\\\/?s={search_term_string}\"},\"query-input\":{\"@type\":\"PropertyValueSpecification\",\"valueRequired\":true,\"valueName\":\"search_term_string\"}}],\"inLanguage\":\"fr-FR\"},{\"@type\":\"Organization\",\"@id\":\"https:\\\/\\\/decoplanta.com\\\/fr\\\/#organization\",\"name\":\"PLANTES ET ARBRES ARTIFICIELS TR\u00c8S R\u00c9ALISTES\",\"url\":\"https:\\\/\\\/decoplanta.com\\\/fr\\\/\",\"logo\":{\"@type\":\"ImageObject\",\"inLanguage\":\"fr-FR\",\"@id\":\"https:\\\/\\\/decoplanta.com\\\/fr\\\/#\\\/schema\\\/logo\\\/image\\\/\",\"url\":\"https:\\\/\\\/decoplanta.com\\\/wp-content\\\/uploads\\\/2021\\\/02\\\/decoplanta-logo2020.svg\",\"contentUrl\":\"https:\\\/\\\/decoplanta.com\\\/wp-content\\\/uploads\\\/2021\\\/02\\\/decoplanta-logo2020.svg\",\"width\":500,\"height\":500,\"caption\":\"PLANTES ET ARBRES ARTIFICIELS TR\u00c8S R\u00c9ALISTES\"},\"image\":{\"@id\":\"https:\\\/\\\/decoplanta.com\\\/fr\\\/#\\\/schema\\\/logo\\\/image\\\/\"}}]}<\/script>\n<!-- \/ Yoast SEO plugin. -->","yoast_head_json":{"title":"Palmier MONSTERA artificiel haut r\u00e9alisme pour d\u00e9corer les int\u00e9rieurs","description":"Palmier MONSTERA d'un r\u00e9alisme incroyable. C'est une plante tropicale tr\u00e8s exotique, commun\u00e9ment appel\u00e9e \"c\u00f4te d'Adam\". 3 tailles","robots":{"index":"index","follow":"follow","max-snippet":"max-snippet:-1","max-image-preview":"max-image-preview:large","max-video-preview":"max-video-preview:-1"},"canonical":"https:\/\/decoplanta.com\/fr\/plantes-dinterieur-artificielles\/palmier-monstera\/","og_locale":"fr_FR","og_type":"article","og_title":"Palmier MONSTERA artificiel haut r\u00e9alisme pour d\u00e9corer les int\u00e9rieurs","og_description":"Palmier MONSTERA d'un r\u00e9alisme incroyable. C'est une plante tropicale tr\u00e8s exotique, commun\u00e9ment appel\u00e9e \"c\u00f4te d'Adam\". 3 tailles","og_url":"https:\/\/decoplanta.com\/fr\/plantes-dinterieur-artificielles\/palmier-monstera\/","og_site_name":"PLANTES ET ARBRES ARTIFICIELS TR\u00c8S R\u00c9ALISTES","article_modified_time":"2022-01-03T12:56:14+00:00","og_image":[{"width":1800,"height":1800,"url":"https:\/\/decoplanta.com\/wp-content\/uploads\/2021\/03\/422158-planta-PALMERA_MONSTERA-80cm.jpg","type":"image\/jpeg"}],"twitter_card":"summary_large_image","schema":{"@context":"https:\/\/schema.org","@graph":[{"@type":"WebPage","@id":"https:\/\/decoplanta.com\/fr\/plantes-dinterieur-artificielles\/palmier-monstera\/","url":"https:\/\/decoplanta.com\/fr\/plantes-dinterieur-artificielles\/palmier-monstera\/","name":"Palmier MONSTERA artificiel haut r\u00e9alisme pour d\u00e9corer les int\u00e9rieurs","isPartOf":{"@id":"https:\/\/decoplanta.com\/fr\/#website"},"primaryImageOfPage":{"@id":"https:\/\/decoplanta.com\/fr\/plantes-dinterieur-artificielles\/palmier-monstera\/#primaryimage"},"image":{"@id":"https:\/\/decoplanta.com\/fr\/plantes-dinterieur-artificielles\/palmier-monstera\/#primaryimage"},"thumbnailUrl":"https:\/\/decoplanta.com\/wp-content\/uploads\/2021\/03\/422158-planta-PALMERA_MONSTERA-80cm.jpg","datePublished":"2022-01-03T12:34:14+00:00","dateModified":"2022-01-03T12:56:14+00:00","description":"Palmier MONSTERA d'un r\u00e9alisme incroyable. C'est une plante tropicale tr\u00e8s exotique, commun\u00e9ment appel\u00e9e \"c\u00f4te d'Adam\". 3 tailles","breadcrumb":{"@id":"https:\/\/decoplanta.com\/fr\/plantes-dinterieur-artificielles\/palmier-monstera\/#breadcrumb"},"inLanguage":"fr-FR","potentialAction":[{"@type":"ReadAction","target":["https:\/\/decoplanta.com\/fr\/plantes-dinterieur-artificielles\/palmier-monstera\/"]}]},{"@type":"ImageObject","inLanguage":"fr-FR","@id":"https:\/\/decoplanta.com\/fr\/plantes-dinterieur-artificielles\/palmier-monstera\/#primaryimage","url":"https:\/\/decoplanta.com\/wp-content\/uploads\/2021\/03\/422158-planta-PALMERA_MONSTERA-80cm.jpg","contentUrl":"https:\/\/decoplanta.com\/wp-content\/uploads\/2021\/03\/422158-planta-PALMERA_MONSTERA-80cm.jpg","width":1800,"height":1800,"caption":"plante artificielle PALMIER MONSTERA"},{"@type":"BreadcrumbList","@id":"https:\/\/decoplanta.com\/fr\/plantes-dinterieur-artificielles\/palmier-monstera\/#breadcrumb","itemListElement":[{"@type":"ListItem","position":1,"name":"Portada","item":"https:\/\/decoplanta.com\/fr\/"},{"@type":"ListItem","position":2,"name":"Priv\u00e9\u00a0: Tienda","item":"https:\/\/decoplanta.com\/?page_id=377"},{"@type":"ListItem","position":3,"name":"Palmier MONSTERA"}]},{"@type":"WebSite","@id":"https:\/\/decoplanta.com\/fr\/#website","url":"https:\/\/decoplanta.com\/fr\/","name":"PLANTES ET ARBRES ARTIFICIELS TR\u00c8S R\u00c9ALISTES","description":"Proveedor de Plantas artificiales para estudios de Arquitectura, Interiorismo, Paisajismo, Escenograf\u00eda, Tiendas de Decoraci\u00f3n Florister\u00edas y Mobiliario","publisher":{"@id":"https:\/\/decoplanta.com\/fr\/#organization"},"potentialAction":[{"@type":"SearchAction","target":{"@type":"EntryPoint","urlTemplate":"https:\/\/decoplanta.com\/fr\/?s={search_term_string}"},"query-input":{"@type":"PropertyValueSpecification","valueRequired":true,"valueName":"search_term_string"}}],"inLanguage":"fr-FR"},{"@type":"Organization","@id":"https:\/\/decoplanta.com\/fr\/#organization","name":"PLANTES ET ARBRES ARTIFICIELS TR\u00c8S R\u00c9ALISTES","url":"https:\/\/decoplanta.com\/fr\/","logo":{"@type":"ImageObject","inLanguage":"fr-FR","@id":"https:\/\/decoplanta.com\/fr\/#\/schema\/logo\/image\/","url":"https:\/\/decoplanta.com\/wp-content\/uploads\/2021\/02\/decoplanta-logo2020.svg","contentUrl":"https:\/\/decoplanta.com\/wp-content\/uploads\/2021\/02\/decoplanta-logo2020.svg","width":500,"height":500,"caption":"PLANTES ET ARBRES ARTIFICIELS TR\u00c8S R\u00c9ALISTES"},"image":{"@id":"https:\/\/decoplanta.com\/fr\/#\/schema\/logo\/image\/"}}]}},"_links":{"self":[{"href":"https:\/\/decoplanta.com\/fr\/wp-json\/wp\/v2\/product\/3683","targetHints":{"allow":["GET"]}}],"collection":[{"href":"https:\/\/decoplanta.com\/fr\/wp-json\/wp\/v2\/product"}],"about":[{"href":"https:\/\/decoplanta.com\/fr\/wp-json\/wp\/v2\/types\/product"}],"version-history":[{"count":0,"href":"https:\/\/decoplanta.com\/fr\/wp-json\/wp\/v2\/product\/3683\/revisions"}],"wp:featuredmedia":[{"embeddable":true,"href":"https:\/\/decoplanta.com\/fr\/wp-json\/wp\/v2\/media\/2512"}],"wp:attachment":[{"href":"https:\/\/decoplanta.com\/fr\/wp-json\/wp\/v2\/media?parent=3683"}],"wp:term":[{"taxonomy":"product_brand","embeddable":true,"href":"https:\/\/decoplanta.com\/fr\/wp-json\/wp\/v2\/product_brand?post=3683"},{"taxonomy":"product_cat","embeddable":true,"href":"https:\/\/decoplanta.com\/fr\/wp-json\/wp\/v2\/product_cat?post=3683"},{"taxonomy":"product_tag","embeddable":true,"href":"https:\/\/decoplanta.com\/fr\/wp-json\/wp\/v2\/product_tag?post=3683"}],"curies":[{"name":"wp","href":"https:\/\/api.w.org\/{rel}","templated":true}]}}