{"id":3919,"date":"2022-04-18T15:31:08","date_gmt":"2022-04-18T15:34:14","guid":{"rendered":"https:\/\/decoplanta.com\/non%20class\u00e9\/fougere-suspendue-avec-racines\/"},"modified":"2022-04-18T16:42:36","modified_gmt":"2022-04-18T15:42:36","slug":"fougere-suspendue-avec-racines","status":"publish","type":"product","link":"https:\/\/decoplanta.com\/fr\/plantes-suspendues-au-plafond-jardin-suspendu\/fougere-suspendue-avec-racines\/","title":{"rendered":"FOUG\u00c8RE suspendue avec racines"},"content":{"rendered":"<p>FOUG\u00c8RE Suspendue avec des racines artificielles qui pendent lui donnant un grand r\u00e9alisme. Les feuilles d&rsquo;un vert intense lui conf\u00e8rent un grand volume et un maximum de feuillage. D\u00e9corez votre int\u00e9rieur ou votre jardin suspendu avec une superbe plante suspendue qui n&rsquo;a pas besoin d&rsquo;eau et qui reste toujours belle. Les <a class=\"waffle-rich-text-link\" href=\"https:\/\/es.wikipedia.org\/wiki\/Jardines_Colgantes_de_Babilonia\">jardins suspendus de Babylone<\/a> n&rsquo;\u00e9taient pas vraiment \u00ab suspendus \u00bb dans le sens d&rsquo;\u00eatre suspendus par des c\u00e2bles ou des cordes. Le nom vient d&rsquo;une traduction erron\u00e9e du mot grec kremastos ou du terme latin pensilis, qui ne signifie pas exactement \u00ab accrocher \u00bb mais plut\u00f4t \u00ab faire saillie \u00bb, comme dans le cas d&rsquo;une terrasse ou d&rsquo;un balcon. Qu&rsquo;est-ce qu&rsquo;un jardin suspendue au plafond ? En principe, un jardin suspendu est appel\u00e9 un espace d&rsquo;espaces verts qui ne sont pas au niveau du sol.<\/p>\n<p>Il en existe diff\u00e9rents types, comme il peut s&rsquo;agir d&rsquo;un mur v\u00e9g\u00e9talis\u00e9 ou encore appel\u00e9 jardin vertical, qui se caract\u00e9risent par l&rsquo;utilisation de plantes suspendues. De m\u00eame, un jardin suspendu peut \u00eatre un espace o\u00f9 il y a trop de plantes suspendues au plafond, ce qui donne la forme d&rsquo;un jardin sur le toit \u00e0 un espace. Cette id\u00e9e est parfaite pour les maisons ou les appartements qui n&rsquo;ont pas de jardin ext\u00e9rieur, mais qui veulent la vitalit\u00e9 que seules les plantes peuvent donner. De grands murs aveugles apparaissent g\u00e9n\u00e9ralement sur de nombreux toits plats, ou des murs sur lesquels on ne peut pas agir librement.<\/p>\n<h3>Une foug\u00e8re suspendue artificielle avec des racines, le meilleur pari<\/h3>\n<p>Dans tous ces cas, une bonne solution est la cr\u00e9ation d&rsquo;un jardin suspendu, c&rsquo;est-\u00e0-dire un mur dans lequel la v\u00e9g\u00e9tation est suspendue \u00e0 l&rsquo;int\u00e9rieur de certains conteneurs, apportant chaleur et personnalit\u00e9 \u00e0 ce mur. M\u00eame avoir de multiples avantages en fonction de la vari\u00e9t\u00e9 v\u00e9g\u00e9tale choisie. L&rsquo;entretien de ces jardins suspendus est g\u00e9n\u00e9ralement simple et peu co\u00fbteux. Il y a m\u00eame la possibilit\u00e9 d&rsquo;installer un syst\u00e8me d&rsquo;irrigation goutte \u00e0 goutte dans la structure suspendue du jardin lui-m\u00eame. C&rsquo;est une mani\u00e8re diff\u00e9rente de donner une utilit\u00e9 fonctionnelle et esth\u00e9tique \u00e0 un espace qui n&rsquo;en avait pas auparavant.<\/p>\n<p>Il est d\u00e9taill\u00e9 dans la conception pour un look particuli\u00e8rement naturel. Il attirera l&rsquo;attention dans n&rsquo;importe quelle pi\u00e8ce de la maison ou du bureau. Cette plante de plafond suspendu est spectaculaire par son volume pour cr\u00e9er un jardin suspendu. Il a \u00e9galement un diam\u00e8tre approximatif de 80 cm et 55 cm et est suspendu \u00e0 une corde fournie. D\u00e9couvrez plus de foug\u00e8res sur notre site et notre <a href=\"https:\/\/decoplanta.com\/catalogo\/TarifasDecoplanta-CatalogoDistribuidor-HR.pdf\">catalogue<\/a> toujours mis \u00e0 jour.<\/p>\n","protected":false},"excerpt":{"rendered":"<p>Foug\u00e8re artificielle suspendue avec des racines pendantes lui conf\u00e9rant un grand r\u00e9alisme. Les feuilles d&rsquo;un vert intense lui conf\u00e8rent un grand volume et un maximum de feuillage. Cette plante de plafond suspendu est spectaculaire par son volume pour cr\u00e9er un jardin suspendu. D\u00e9corez votre int\u00e9rieur avec une grande plante suspendue qui n&rsquo;a pas besoin d&rsquo;eau et qui reste toujours belle. Il est d\u00e9taill\u00e9 dans la conception pour un look particuli\u00e8rement naturel. Il attirera l&rsquo;attention dans n&rsquo;importe quelle pi\u00e8ce de la maison ou du bureau. Disponible en deux diam\u00e8tres approximatifs de 80 cm et 55 cm et suspendu \u00e0 une corde fournie.<\/p>\n<table>\n<tbody>\n<tr>\n<td><strong>R\u00c9F<\/strong><\/td>\n<td>\u00d8<\/td>\n<\/tr>\n<tr>\n<td><strong>423054<\/strong><\/td>\n<td>55 cm<\/td>\n<\/tr>\n<tr>\n<td><strong>423055<\/strong><\/td>\n<td>80 cm<\/td>\n<\/tr>\n<\/tbody>\n<\/table>\n","protected":false},"featured_media":2637,"template":"","meta":{"_monsterinsights_skip_tracking":false,"_monsterinsights_sitenote_active":false,"_monsterinsights_sitenote_note":"","_monsterinsights_sitenote_category":0},"product_brand":[],"product_cat":[374],"product_tag":[269,278],"class_list":{"0":"post-3919","1":"product","2":"type-product","3":"status-publish","4":"has-post-thumbnail","6":"product_cat-plantes-suspendues-au-plafond-jardin-suspendu","7":"product_tag-fougere-dinterieur","8":"product_tag-plante-tropicale","9":"","10":"woocommerce-text-align-center","11":"woocommerce-image-align-center","12":"do-quantity-buttons","13":"wc-has-gallery","15":"first","16":"instock","17":"taxable","18":"shipping-taxable","19":"purchasable","20":"product-type-variable","21":"has-default-attributes"},"yoast_head":"<!-- This site is optimized with the Yoast SEO plugin v27.4 - https:\/\/yoast.com\/product\/yoast-seo-wordpress\/ -->\n<title>FOUG\u00c8RE SUSPENDUE avec racines artificiel - Haut r\u00e9alisme<\/title>\n<meta name=\"description\" content=\"FOUG\u00c8RE SUSPENDUE avec racines pendantes lui conf\u00e8rent un grand r\u00e9alisme. D\u00e9corez votre int\u00e9rieur avec une plante qui n&#039;a pas besoin d&#039;eau\" \/>\n<meta name=\"robots\" content=\"index, follow, max-snippet:-1, max-image-preview:large, max-video-preview:-1\" \/>\n<link rel=\"canonical\" href=\"https:\/\/decoplanta.com\/fr\/plantes-suspendues-au-plafond-jardin-suspendu\/fougere-suspendue-avec-racines\/\" \/>\n<meta property=\"og:locale\" content=\"fr_FR\" \/>\n<meta property=\"og:type\" content=\"article\" \/>\n<meta property=\"og:title\" content=\"FOUG\u00c8RE SUSPENDUE avec racines artificiel - Haut r\u00e9alisme\" \/>\n<meta property=\"og:description\" content=\"FOUG\u00c8RE SUSPENDUE avec racines pendantes lui conf\u00e8rent un grand r\u00e9alisme. D\u00e9corez votre int\u00e9rieur avec une plante qui n&#039;a pas besoin d&#039;eau\" \/>\n<meta property=\"og:url\" content=\"https:\/\/decoplanta.com\/fr\/plantes-suspendues-au-plafond-jardin-suspendu\/fougere-suspendue-avec-racines\/\" \/>\n<meta property=\"og:site_name\" content=\"PLANTES ET ARBRES ARTIFICIELS TR\u00c8S R\u00c9ALISTES\" \/>\n<meta property=\"article:modified_time\" content=\"2022-04-18T15:42:36+00:00\" \/>\n<meta property=\"og:image\" content=\"https:\/\/decoplanta.com\/wp-content\/uploads\/2021\/03\/423055-HELECHO_COLGANTE_CON_RAICES-80cm-1.jpg\" \/>\n\t<meta property=\"og:image:width\" content=\"2048\" \/>\n\t<meta property=\"og:image:height\" content=\"2048\" \/>\n\t<meta property=\"og:image:type\" content=\"image\/jpeg\" \/>\n<meta name=\"twitter:card\" content=\"summary_large_image\" \/>\n<meta name=\"twitter:label1\" content=\"Dur\u00e9e de lecture estim\u00e9e\" \/>\n\t<meta name=\"twitter:data1\" content=\"2 minutes\" \/>\n<script type=\"application\/ld+json\" class=\"yoast-schema-graph\">{\"@context\":\"https:\\\/\\\/schema.org\",\"@graph\":[{\"@type\":\"WebPage\",\"@id\":\"https:\\\/\\\/decoplanta.com\\\/fr\\\/plantes-suspendues-au-plafond-jardin-suspendu\\\/fougere-suspendue-avec-racines\\\/\",\"url\":\"https:\\\/\\\/decoplanta.com\\\/fr\\\/plantes-suspendues-au-plafond-jardin-suspendu\\\/fougere-suspendue-avec-racines\\\/\",\"name\":\"FOUG\u00c8RE SUSPENDUE avec racines artificiel - Haut r\u00e9alisme\",\"isPartOf\":{\"@id\":\"https:\\\/\\\/decoplanta.com\\\/fr\\\/#website\"},\"primaryImageOfPage\":{\"@id\":\"https:\\\/\\\/decoplanta.com\\\/fr\\\/plantes-suspendues-au-plafond-jardin-suspendu\\\/fougere-suspendue-avec-racines\\\/#primaryimage\"},\"image\":{\"@id\":\"https:\\\/\\\/decoplanta.com\\\/fr\\\/plantes-suspendues-au-plafond-jardin-suspendu\\\/fougere-suspendue-avec-racines\\\/#primaryimage\"},\"thumbnailUrl\":\"https:\\\/\\\/decoplanta.com\\\/wp-content\\\/uploads\\\/2021\\\/03\\\/423055-HELECHO_COLGANTE_CON_RAICES-80cm-1.jpg\",\"datePublished\":\"2022-04-18T15:34:14+00:00\",\"dateModified\":\"2022-04-18T15:42:36+00:00\",\"description\":\"FOUG\u00c8RE SUSPENDUE avec racines pendantes lui conf\u00e8rent un grand r\u00e9alisme. D\u00e9corez votre int\u00e9rieur avec une plante qui n'a pas besoin d'eau\",\"breadcrumb\":{\"@id\":\"https:\\\/\\\/decoplanta.com\\\/fr\\\/plantes-suspendues-au-plafond-jardin-suspendu\\\/fougere-suspendue-avec-racines\\\/#breadcrumb\"},\"inLanguage\":\"fr-FR\",\"potentialAction\":[{\"@type\":\"ReadAction\",\"target\":[\"https:\\\/\\\/decoplanta.com\\\/fr\\\/plantes-suspendues-au-plafond-jardin-suspendu\\\/fougere-suspendue-avec-racines\\\/\"]}]},{\"@type\":\"ImageObject\",\"inLanguage\":\"fr-FR\",\"@id\":\"https:\\\/\\\/decoplanta.com\\\/fr\\\/plantes-suspendues-au-plafond-jardin-suspendu\\\/fougere-suspendue-avec-racines\\\/#primaryimage\",\"url\":\"https:\\\/\\\/decoplanta.com\\\/wp-content\\\/uploads\\\/2021\\\/03\\\/423055-HELECHO_COLGANTE_CON_RAICES-80cm-1.jpg\",\"contentUrl\":\"https:\\\/\\\/decoplanta.com\\\/wp-content\\\/uploads\\\/2021\\\/03\\\/423055-HELECHO_COLGANTE_CON_RAICES-80cm-1.jpg\",\"width\":2048,\"height\":2048,\"caption\":\"FOUG\u00c8RE suspendue au plafond avec racines artificiel\"},{\"@type\":\"BreadcrumbList\",\"@id\":\"https:\\\/\\\/decoplanta.com\\\/fr\\\/plantes-suspendues-au-plafond-jardin-suspendu\\\/fougere-suspendue-avec-racines\\\/#breadcrumb\",\"itemListElement\":[{\"@type\":\"ListItem\",\"position\":1,\"name\":\"Portada\",\"item\":\"https:\\\/\\\/decoplanta.com\\\/fr\\\/\"},{\"@type\":\"ListItem\",\"position\":2,\"name\":\"Priv\u00e9\u00a0: Tienda\",\"item\":\"https:\\\/\\\/decoplanta.com\\\/?page_id=377\"},{\"@type\":\"ListItem\",\"position\":3,\"name\":\"FOUG\u00c8RE suspendue avec racines\"}]},{\"@type\":\"WebSite\",\"@id\":\"https:\\\/\\\/decoplanta.com\\\/fr\\\/#website\",\"url\":\"https:\\\/\\\/decoplanta.com\\\/fr\\\/\",\"name\":\"PLANTES ET ARBRES ARTIFICIELS TR\u00c8S R\u00c9ALISTES\",\"description\":\"Proveedor de Plantas artificiales para estudios de Arquitectura, Interiorismo, Paisajismo, Escenograf\u00eda, Tiendas de Decoraci\u00f3n Florister\u00edas y Mobiliario\",\"publisher\":{\"@id\":\"https:\\\/\\\/decoplanta.com\\\/fr\\\/#organization\"},\"potentialAction\":[{\"@type\":\"SearchAction\",\"target\":{\"@type\":\"EntryPoint\",\"urlTemplate\":\"https:\\\/\\\/decoplanta.com\\\/fr\\\/?s={search_term_string}\"},\"query-input\":{\"@type\":\"PropertyValueSpecification\",\"valueRequired\":true,\"valueName\":\"search_term_string\"}}],\"inLanguage\":\"fr-FR\"},{\"@type\":\"Organization\",\"@id\":\"https:\\\/\\\/decoplanta.com\\\/fr\\\/#organization\",\"name\":\"PLANTES ET ARBRES ARTIFICIELS TR\u00c8S R\u00c9ALISTES\",\"url\":\"https:\\\/\\\/decoplanta.com\\\/fr\\\/\",\"logo\":{\"@type\":\"ImageObject\",\"inLanguage\":\"fr-FR\",\"@id\":\"https:\\\/\\\/decoplanta.com\\\/fr\\\/#\\\/schema\\\/logo\\\/image\\\/\",\"url\":\"https:\\\/\\\/decoplanta.com\\\/wp-content\\\/uploads\\\/2021\\\/02\\\/decoplanta-logo2020.svg\",\"contentUrl\":\"https:\\\/\\\/decoplanta.com\\\/wp-content\\\/uploads\\\/2021\\\/02\\\/decoplanta-logo2020.svg\",\"width\":500,\"height\":500,\"caption\":\"PLANTES ET ARBRES ARTIFICIELS TR\u00c8S R\u00c9ALISTES\"},\"image\":{\"@id\":\"https:\\\/\\\/decoplanta.com\\\/fr\\\/#\\\/schema\\\/logo\\\/image\\\/\"}}]}<\/script>\n<!-- \/ Yoast SEO plugin. -->","yoast_head_json":{"title":"FOUG\u00c8RE SUSPENDUE avec racines artificiel - Haut r\u00e9alisme","description":"FOUG\u00c8RE SUSPENDUE avec racines pendantes lui conf\u00e8rent un grand r\u00e9alisme. D\u00e9corez votre int\u00e9rieur avec une plante qui n'a pas besoin d'eau","robots":{"index":"index","follow":"follow","max-snippet":"max-snippet:-1","max-image-preview":"max-image-preview:large","max-video-preview":"max-video-preview:-1"},"canonical":"https:\/\/decoplanta.com\/fr\/plantes-suspendues-au-plafond-jardin-suspendu\/fougere-suspendue-avec-racines\/","og_locale":"fr_FR","og_type":"article","og_title":"FOUG\u00c8RE SUSPENDUE avec racines artificiel - Haut r\u00e9alisme","og_description":"FOUG\u00c8RE SUSPENDUE avec racines pendantes lui conf\u00e8rent un grand r\u00e9alisme. D\u00e9corez votre int\u00e9rieur avec une plante qui n'a pas besoin d'eau","og_url":"https:\/\/decoplanta.com\/fr\/plantes-suspendues-au-plafond-jardin-suspendu\/fougere-suspendue-avec-racines\/","og_site_name":"PLANTES ET ARBRES ARTIFICIELS TR\u00c8S R\u00c9ALISTES","article_modified_time":"2022-04-18T15:42:36+00:00","og_image":[{"width":2048,"height":2048,"url":"https:\/\/decoplanta.com\/wp-content\/uploads\/2021\/03\/423055-HELECHO_COLGANTE_CON_RAICES-80cm-1.jpg","type":"image\/jpeg"}],"twitter_card":"summary_large_image","twitter_misc":{"Dur\u00e9e de lecture estim\u00e9e":"2 minutes"},"schema":{"@context":"https:\/\/schema.org","@graph":[{"@type":"WebPage","@id":"https:\/\/decoplanta.com\/fr\/plantes-suspendues-au-plafond-jardin-suspendu\/fougere-suspendue-avec-racines\/","url":"https:\/\/decoplanta.com\/fr\/plantes-suspendues-au-plafond-jardin-suspendu\/fougere-suspendue-avec-racines\/","name":"FOUG\u00c8RE SUSPENDUE avec racines artificiel - Haut r\u00e9alisme","isPartOf":{"@id":"https:\/\/decoplanta.com\/fr\/#website"},"primaryImageOfPage":{"@id":"https:\/\/decoplanta.com\/fr\/plantes-suspendues-au-plafond-jardin-suspendu\/fougere-suspendue-avec-racines\/#primaryimage"},"image":{"@id":"https:\/\/decoplanta.com\/fr\/plantes-suspendues-au-plafond-jardin-suspendu\/fougere-suspendue-avec-racines\/#primaryimage"},"thumbnailUrl":"https:\/\/decoplanta.com\/wp-content\/uploads\/2021\/03\/423055-HELECHO_COLGANTE_CON_RAICES-80cm-1.jpg","datePublished":"2022-04-18T15:34:14+00:00","dateModified":"2022-04-18T15:42:36+00:00","description":"FOUG\u00c8RE SUSPENDUE avec racines pendantes lui conf\u00e8rent un grand r\u00e9alisme. D\u00e9corez votre int\u00e9rieur avec une plante qui n'a pas besoin d'eau","breadcrumb":{"@id":"https:\/\/decoplanta.com\/fr\/plantes-suspendues-au-plafond-jardin-suspendu\/fougere-suspendue-avec-racines\/#breadcrumb"},"inLanguage":"fr-FR","potentialAction":[{"@type":"ReadAction","target":["https:\/\/decoplanta.com\/fr\/plantes-suspendues-au-plafond-jardin-suspendu\/fougere-suspendue-avec-racines\/"]}]},{"@type":"ImageObject","inLanguage":"fr-FR","@id":"https:\/\/decoplanta.com\/fr\/plantes-suspendues-au-plafond-jardin-suspendu\/fougere-suspendue-avec-racines\/#primaryimage","url":"https:\/\/decoplanta.com\/wp-content\/uploads\/2021\/03\/423055-HELECHO_COLGANTE_CON_RAICES-80cm-1.jpg","contentUrl":"https:\/\/decoplanta.com\/wp-content\/uploads\/2021\/03\/423055-HELECHO_COLGANTE_CON_RAICES-80cm-1.jpg","width":2048,"height":2048,"caption":"FOUG\u00c8RE suspendue au plafond avec racines artificiel"},{"@type":"BreadcrumbList","@id":"https:\/\/decoplanta.com\/fr\/plantes-suspendues-au-plafond-jardin-suspendu\/fougere-suspendue-avec-racines\/#breadcrumb","itemListElement":[{"@type":"ListItem","position":1,"name":"Portada","item":"https:\/\/decoplanta.com\/fr\/"},{"@type":"ListItem","position":2,"name":"Priv\u00e9\u00a0: Tienda","item":"https:\/\/decoplanta.com\/?page_id=377"},{"@type":"ListItem","position":3,"name":"FOUG\u00c8RE suspendue avec racines"}]},{"@type":"WebSite","@id":"https:\/\/decoplanta.com\/fr\/#website","url":"https:\/\/decoplanta.com\/fr\/","name":"PLANTES ET ARBRES ARTIFICIELS TR\u00c8S R\u00c9ALISTES","description":"Proveedor de Plantas artificiales para estudios de Arquitectura, Interiorismo, Paisajismo, Escenograf\u00eda, Tiendas de Decoraci\u00f3n Florister\u00edas y Mobiliario","publisher":{"@id":"https:\/\/decoplanta.com\/fr\/#organization"},"potentialAction":[{"@type":"SearchAction","target":{"@type":"EntryPoint","urlTemplate":"https:\/\/decoplanta.com\/fr\/?s={search_term_string}"},"query-input":{"@type":"PropertyValueSpecification","valueRequired":true,"valueName":"search_term_string"}}],"inLanguage":"fr-FR"},{"@type":"Organization","@id":"https:\/\/decoplanta.com\/fr\/#organization","name":"PLANTES ET ARBRES ARTIFICIELS TR\u00c8S R\u00c9ALISTES","url":"https:\/\/decoplanta.com\/fr\/","logo":{"@type":"ImageObject","inLanguage":"fr-FR","@id":"https:\/\/decoplanta.com\/fr\/#\/schema\/logo\/image\/","url":"https:\/\/decoplanta.com\/wp-content\/uploads\/2021\/02\/decoplanta-logo2020.svg","contentUrl":"https:\/\/decoplanta.com\/wp-content\/uploads\/2021\/02\/decoplanta-logo2020.svg","width":500,"height":500,"caption":"PLANTES ET ARBRES ARTIFICIELS TR\u00c8S R\u00c9ALISTES"},"image":{"@id":"https:\/\/decoplanta.com\/fr\/#\/schema\/logo\/image\/"}}]}},"_links":{"self":[{"href":"https:\/\/decoplanta.com\/fr\/wp-json\/wp\/v2\/product\/3919","targetHints":{"allow":["GET"]}}],"collection":[{"href":"https:\/\/decoplanta.com\/fr\/wp-json\/wp\/v2\/product"}],"about":[{"href":"https:\/\/decoplanta.com\/fr\/wp-json\/wp\/v2\/types\/product"}],"version-history":[{"count":0,"href":"https:\/\/decoplanta.com\/fr\/wp-json\/wp\/v2\/product\/3919\/revisions"}],"wp:featuredmedia":[{"embeddable":true,"href":"https:\/\/decoplanta.com\/fr\/wp-json\/wp\/v2\/media\/2637"}],"wp:attachment":[{"href":"https:\/\/decoplanta.com\/fr\/wp-json\/wp\/v2\/media?parent=3919"}],"wp:term":[{"taxonomy":"product_brand","embeddable":true,"href":"https:\/\/decoplanta.com\/fr\/wp-json\/wp\/v2\/product_brand?post=3919"},{"taxonomy":"product_cat","embeddable":true,"href":"https:\/\/decoplanta.com\/fr\/wp-json\/wp\/v2\/product_cat?post=3919"},{"taxonomy":"product_tag","embeddable":true,"href":"https:\/\/decoplanta.com\/fr\/wp-json\/wp\/v2\/product_tag?post=3919"}],"curies":[{"name":"wp","href":"https:\/\/api.w.org\/{rel}","templated":true}]}}