{"id":3998,"date":"2022-04-22T17:00:31","date_gmt":"2022-04-22T15:00:31","guid":{"rendered":"https:\/\/decoplanta.com\/?post_type=product&#038;p=3998"},"modified":"2022-04-22T17:53:31","modified_gmt":"2022-04-22T16:53:31","slug":"kokedama-monstera-suspendue","status":"publish","type":"product","link":"https:\/\/decoplanta.com\/fr\/plantes-suspendues-au-plafond-jardin-suspendu\/kokedama-monstera-suspendue\/","title":{"rendered":"Kokedama MONSTERA suspendue"},"content":{"rendered":"<p>Kokedama MONSTERA suspendue artificiel &#8211; Pendentif artificiel Kokedama MONSTERA ou Philodendron artificiel Monstera Deliciosa, boule de mousse 60 et 80 cm.<\/p>\n<p>Ce <a href=\"https:\/\/decoplanta.com\/etiqueta-producto\/filodendro-artificial\/\">Monstera<\/a> <a href=\"https:\/\/decoplanta.com\/plantas-de-interior-artificiales\/palmera-monstera-artificial\/\">Philodendron<\/a> unique et magnifique est extr\u00eamement captivant en tant qu&rsquo;arrangement floral suspendu. Gr\u00e2ce \u00e0 son aspect naturel, il le rend indiscernable des originaux au premier coup d&rsquo;\u0153il. Ce philodendron polyvalent \u00e0 feuilles fendues vous captivera, vous et vos visiteurs, que ce soit dans les espaces de r\u00e9ception ou les espaces commerciaux.<\/p>\n<p>Cette plante boule de mousse est fournie avec un fil de suspension, pr\u00eat \u00e0 accrocher. Ces petites boules recouvertes de mousse sont devenues \u00e0 la mode. <a href=\"https:\/\/es.wikipedia.org\/wiki\/Kokedama\">Kokedama<\/a> est la technique japonaise pour d\u00e9corer n&rsquo;importe quel espace avec des plantes sans pot, et ce sont des boules de mousse qui remplacent les pots traditionnels.<\/p>\n<p>Ce sont les kokedama, ou ce qui revient au m\u00eame, la technique japonaise dans laquelle le cache-pot traditionnel est remplac\u00e9 par une boule de moss. Maintenant vient du Japon cette vari\u00e9t\u00e9 de culture qui, comme tout ce qui touche \u00e0 la nature, va bien au-del\u00e0 de ce qui est strictement naturel et a de puissants bienfaits \u00e9motionnels pour ceux qui la pratiquent. En plus de leur beaut\u00e9 esth\u00e9tique et de leur originalit\u00e9, les kokedamas sont rapidement devenus populaires car ils rehaussent la d\u00e9coration de n&rsquo;importe quel espace. Qu&rsquo;aimes tu?<\/p>\n<h3>Comment est la suspension MONSTERA Moss Ball ou la Kokedama MONSTERA suspendue artificiel ?<\/h3>\n<p>Nous pouvons avoir un kokedama \u00e0 partir de pratiquement n&rsquo;importe quel type de plante, \u00e0 l&rsquo; <a href=\"https:\/\/decoplanta.com\/plantas-de-interior-artificiales\/\">int\u00e9rieur<\/a> comme \u00e0 l&rsquo;ext\u00e9rieur. Tout d&rsquo;abord, la boule de moss qui servira de pot est bien pr\u00e9par\u00e9e. Pour cela, on utilise un substrat min\u00e9ral et une argile d&rsquo;origine volcanique, qui sert \u00e0 modeler la boule avec la terre et les racines de la plante, qui sera ensuite recouverte d&rsquo;une couche de moss. Tout est attach\u00e9 avec une corde pour qu&rsquo;il ne se d\u00e9forme pas.<\/p>\n<p>Certains pr\u00e9f\u00e8rent le faire avec du fil transparent, mais il existe aussi des kokedamas finis avec du fil de couleur. Presque tous les types de plantes sont aptes \u00e0 \u00eatre pr\u00e9sent\u00e9s sous forme de kokedama. Des plantes \u00e0 fleurs aux arbustes ou foug\u00e8res. Le kokedama a un aspect sculptural, de cette fa\u00e7on, il est courant pour beaucoup de pr\u00e9f\u00e9rer des plantes spectaculaires telles que des plantes succulentes, des orchid\u00e9es ou des ficus.<\/p>\n","protected":false},"excerpt":{"rendered":"<p>Boule de moss artificielle suspendue MONSTERA ou Philodendron artificiel Monstera Deliciosa. Cette merveilleuse plante est fabriqu\u00e9e selon la technique japonaise appel\u00e9e kokedama, dans laquelle le pot de plante traditionnel est remplac\u00e9 par une boule de moss. La suspension artificielle MONSTERA en boule de moss est fournie avec un fil de suspension, pr\u00eat \u00e0 accrocher. Il est id\u00e9al pour cr\u00e9er un fantastique jardin int\u00e9rieur suspendu au plafond. Disponible en deux hauteurs.<\/p>\n<table>\n<tbody>\n<tr>\n<td><strong>R\u00c9F<\/strong><\/td>\n<td>Hauteur<\/td>\n<\/tr>\n<tr>\n<td><strong>427083<\/strong><\/td>\n<td>60 cm<\/td>\n<\/tr>\n<tr>\n<td><strong>427084<\/strong><\/td>\n<td>80 cm<\/td>\n<\/tr>\n<\/tbody>\n<\/table>\n","protected":false},"featured_media":3912,"template":"","meta":{"_monsterinsights_skip_tracking":false,"_monsterinsights_sitenote_active":false,"_monsterinsights_sitenote_note":"","_monsterinsights_sitenote_category":0},"product_brand":[],"product_cat":[374],"product_tag":[379,276,380,278],"class_list":{"0":"post-3998","1":"product","2":"type-product","3":"status-publish","4":"has-post-thumbnail","6":"product_cat-plantes-suspendues-au-plafond-jardin-suspendu","7":"product_tag-kokedama-artificiel","8":"product_tag-palmier-artificiel","9":"product_tag-philodendron-artificiel","10":"product_tag-plante-tropicale","11":"","12":"woocommerce-text-align-center","13":"woocommerce-image-align-center","14":"do-quantity-buttons","15":"wc-has-gallery","17":"first","18":"instock","19":"taxable","20":"shipping-taxable","21":"purchasable","22":"product-type-variable","23":"has-default-attributes"},"yoast_head":"<!-- This site is optimized with the Yoast SEO plugin v27.4 - https:\/\/yoast.com\/product\/yoast-seo-wordpress\/ -->\n<title>Kokedama MONSTERA suspendue artificiel- Haut r\u00e9alisme pour l&#039;int\u00e9rieur<\/title>\n<meta name=\"description\" content=\"Kokedama MONSTERA suspendue artificiel r\u00e9alis\u00e9e avec la technique japonaise avec boule de moss. Pour accrocher au plafond. Pr\u00eat \u00e0 accrocher !\" \/>\n<meta name=\"robots\" content=\"index, follow, max-snippet:-1, max-image-preview:large, max-video-preview:-1\" \/>\n<link rel=\"canonical\" href=\"https:\/\/decoplanta.com\/fr\/plantes-suspendues-au-plafond-jardin-suspendu\/kokedama-monstera-suspendue\/\" \/>\n<meta property=\"og:locale\" content=\"fr_FR\" \/>\n<meta property=\"og:type\" content=\"article\" \/>\n<meta property=\"og:title\" content=\"Kokedama MONSTERA suspendue artificiel- Haut r\u00e9alisme pour l&#039;int\u00e9rieur\" \/>\n<meta property=\"og:description\" content=\"Kokedama MONSTERA suspendue artificiel r\u00e9alis\u00e9e avec la technique japonaise avec boule de moss. Pour accrocher au plafond. Pr\u00eat \u00e0 accrocher !\" \/>\n<meta property=\"og:url\" content=\"https:\/\/decoplanta.com\/fr\/plantes-suspendues-au-plafond-jardin-suspendu\/kokedama-monstera-suspendue\/\" \/>\n<meta property=\"og:site_name\" content=\"PLANTES ET ARBRES ARTIFICIELS TR\u00c8S R\u00c9ALISTES\" \/>\n<meta property=\"article:modified_time\" content=\"2022-04-22T16:53:31+00:00\" \/>\n<meta property=\"og:image\" content=\"https:\/\/decoplanta.com\/wp-content\/uploads\/2022\/04\/427084-KOKEDAMA-MONSTERA-Jardin-Colgante-80cm-1.jpg\" \/>\n\t<meta property=\"og:image:width\" content=\"2360\" \/>\n\t<meta property=\"og:image:height\" content=\"2360\" \/>\n\t<meta property=\"og:image:type\" content=\"image\/jpeg\" \/>\n<meta name=\"twitter:card\" content=\"summary_large_image\" \/>\n<meta name=\"twitter:label1\" content=\"Dur\u00e9e de lecture estim\u00e9e\" \/>\n\t<meta name=\"twitter:data1\" content=\"2 minutes\" \/>\n<script type=\"application\/ld+json\" class=\"yoast-schema-graph\">{\"@context\":\"https:\\\/\\\/schema.org\",\"@graph\":[{\"@type\":\"WebPage\",\"@id\":\"https:\\\/\\\/decoplanta.com\\\/fr\\\/plantes-suspendues-au-plafond-jardin-suspendu\\\/kokedama-monstera-suspendue\\\/\",\"url\":\"https:\\\/\\\/decoplanta.com\\\/fr\\\/plantes-suspendues-au-plafond-jardin-suspendu\\\/kokedama-monstera-suspendue\\\/\",\"name\":\"Kokedama MONSTERA suspendue artificiel- Haut r\u00e9alisme pour l'int\u00e9rieur\",\"isPartOf\":{\"@id\":\"https:\\\/\\\/decoplanta.com\\\/fr\\\/#website\"},\"primaryImageOfPage\":{\"@id\":\"https:\\\/\\\/decoplanta.com\\\/fr\\\/plantes-suspendues-au-plafond-jardin-suspendu\\\/kokedama-monstera-suspendue\\\/#primaryimage\"},\"image\":{\"@id\":\"https:\\\/\\\/decoplanta.com\\\/fr\\\/plantes-suspendues-au-plafond-jardin-suspendu\\\/kokedama-monstera-suspendue\\\/#primaryimage\"},\"thumbnailUrl\":\"https:\\\/\\\/decoplanta.com\\\/wp-content\\\/uploads\\\/2022\\\/04\\\/427084-KOKEDAMA-MONSTERA-Jardin-Colgante-80cm-1.jpg\",\"datePublished\":\"2022-04-22T15:00:31+00:00\",\"dateModified\":\"2022-04-22T16:53:31+00:00\",\"description\":\"Kokedama MONSTERA suspendue artificiel r\u00e9alis\u00e9e avec la technique japonaise avec boule de moss. Pour accrocher au plafond. Pr\u00eat \u00e0 accrocher !\",\"breadcrumb\":{\"@id\":\"https:\\\/\\\/decoplanta.com\\\/fr\\\/plantes-suspendues-au-plafond-jardin-suspendu\\\/kokedama-monstera-suspendue\\\/#breadcrumb\"},\"inLanguage\":\"fr-FR\",\"potentialAction\":[{\"@type\":\"ReadAction\",\"target\":[\"https:\\\/\\\/decoplanta.com\\\/fr\\\/plantes-suspendues-au-plafond-jardin-suspendu\\\/kokedama-monstera-suspendue\\\/\"]}]},{\"@type\":\"ImageObject\",\"inLanguage\":\"fr-FR\",\"@id\":\"https:\\\/\\\/decoplanta.com\\\/fr\\\/plantes-suspendues-au-plafond-jardin-suspendu\\\/kokedama-monstera-suspendue\\\/#primaryimage\",\"url\":\"https:\\\/\\\/decoplanta.com\\\/wp-content\\\/uploads\\\/2022\\\/04\\\/427084-KOKEDAMA-MONSTERA-Jardin-Colgante-80cm-1.jpg\",\"contentUrl\":\"https:\\\/\\\/decoplanta.com\\\/wp-content\\\/uploads\\\/2022\\\/04\\\/427084-KOKEDAMA-MONSTERA-Jardin-Colgante-80cm-1.jpg\",\"width\":2360,\"height\":2360,\"caption\":\"Kokedama MONSTERA suspendu artificiel 80 cm - Grand r\u00e9alisme pour l'int\u00e9rieur\"},{\"@type\":\"BreadcrumbList\",\"@id\":\"https:\\\/\\\/decoplanta.com\\\/fr\\\/plantes-suspendues-au-plafond-jardin-suspendu\\\/kokedama-monstera-suspendue\\\/#breadcrumb\",\"itemListElement\":[{\"@type\":\"ListItem\",\"position\":1,\"name\":\"Portada\",\"item\":\"https:\\\/\\\/decoplanta.com\\\/fr\\\/\"},{\"@type\":\"ListItem\",\"position\":2,\"name\":\"Priv\u00e9\u00a0: Tienda\",\"item\":\"https:\\\/\\\/decoplanta.com\\\/?page_id=377\"},{\"@type\":\"ListItem\",\"position\":3,\"name\":\"Kokedama MONSTERA suspendue\"}]},{\"@type\":\"WebSite\",\"@id\":\"https:\\\/\\\/decoplanta.com\\\/fr\\\/#website\",\"url\":\"https:\\\/\\\/decoplanta.com\\\/fr\\\/\",\"name\":\"PLANTES ET ARBRES ARTIFICIELS TR\u00c8S R\u00c9ALISTES\",\"description\":\"Proveedor de Plantas artificiales para estudios de Arquitectura, Interiorismo, Paisajismo, Escenograf\u00eda, Tiendas de Decoraci\u00f3n Florister\u00edas y Mobiliario\",\"publisher\":{\"@id\":\"https:\\\/\\\/decoplanta.com\\\/fr\\\/#organization\"},\"potentialAction\":[{\"@type\":\"SearchAction\",\"target\":{\"@type\":\"EntryPoint\",\"urlTemplate\":\"https:\\\/\\\/decoplanta.com\\\/fr\\\/?s={search_term_string}\"},\"query-input\":{\"@type\":\"PropertyValueSpecification\",\"valueRequired\":true,\"valueName\":\"search_term_string\"}}],\"inLanguage\":\"fr-FR\"},{\"@type\":\"Organization\",\"@id\":\"https:\\\/\\\/decoplanta.com\\\/fr\\\/#organization\",\"name\":\"PLANTES ET ARBRES ARTIFICIELS TR\u00c8S R\u00c9ALISTES\",\"url\":\"https:\\\/\\\/decoplanta.com\\\/fr\\\/\",\"logo\":{\"@type\":\"ImageObject\",\"inLanguage\":\"fr-FR\",\"@id\":\"https:\\\/\\\/decoplanta.com\\\/fr\\\/#\\\/schema\\\/logo\\\/image\\\/\",\"url\":\"https:\\\/\\\/decoplanta.com\\\/wp-content\\\/uploads\\\/2021\\\/02\\\/decoplanta-logo2020.svg\",\"contentUrl\":\"https:\\\/\\\/decoplanta.com\\\/wp-content\\\/uploads\\\/2021\\\/02\\\/decoplanta-logo2020.svg\",\"width\":500,\"height\":500,\"caption\":\"PLANTES ET ARBRES ARTIFICIELS TR\u00c8S R\u00c9ALISTES\"},\"image\":{\"@id\":\"https:\\\/\\\/decoplanta.com\\\/fr\\\/#\\\/schema\\\/logo\\\/image\\\/\"}}]}<\/script>\n<!-- \/ Yoast SEO plugin. -->","yoast_head_json":{"title":"Kokedama MONSTERA suspendue artificiel- Haut r\u00e9alisme pour l'int\u00e9rieur","description":"Kokedama MONSTERA suspendue artificiel r\u00e9alis\u00e9e avec la technique japonaise avec boule de moss. Pour accrocher au plafond. Pr\u00eat \u00e0 accrocher !","robots":{"index":"index","follow":"follow","max-snippet":"max-snippet:-1","max-image-preview":"max-image-preview:large","max-video-preview":"max-video-preview:-1"},"canonical":"https:\/\/decoplanta.com\/fr\/plantes-suspendues-au-plafond-jardin-suspendu\/kokedama-monstera-suspendue\/","og_locale":"fr_FR","og_type":"article","og_title":"Kokedama MONSTERA suspendue artificiel- Haut r\u00e9alisme pour l'int\u00e9rieur","og_description":"Kokedama MONSTERA suspendue artificiel r\u00e9alis\u00e9e avec la technique japonaise avec boule de moss. Pour accrocher au plafond. Pr\u00eat \u00e0 accrocher !","og_url":"https:\/\/decoplanta.com\/fr\/plantes-suspendues-au-plafond-jardin-suspendu\/kokedama-monstera-suspendue\/","og_site_name":"PLANTES ET ARBRES ARTIFICIELS TR\u00c8S R\u00c9ALISTES","article_modified_time":"2022-04-22T16:53:31+00:00","og_image":[{"width":2360,"height":2360,"url":"https:\/\/decoplanta.com\/wp-content\/uploads\/2022\/04\/427084-KOKEDAMA-MONSTERA-Jardin-Colgante-80cm-1.jpg","type":"image\/jpeg"}],"twitter_card":"summary_large_image","twitter_misc":{"Dur\u00e9e de lecture estim\u00e9e":"2 minutes"},"schema":{"@context":"https:\/\/schema.org","@graph":[{"@type":"WebPage","@id":"https:\/\/decoplanta.com\/fr\/plantes-suspendues-au-plafond-jardin-suspendu\/kokedama-monstera-suspendue\/","url":"https:\/\/decoplanta.com\/fr\/plantes-suspendues-au-plafond-jardin-suspendu\/kokedama-monstera-suspendue\/","name":"Kokedama MONSTERA suspendue artificiel- Haut r\u00e9alisme pour l'int\u00e9rieur","isPartOf":{"@id":"https:\/\/decoplanta.com\/fr\/#website"},"primaryImageOfPage":{"@id":"https:\/\/decoplanta.com\/fr\/plantes-suspendues-au-plafond-jardin-suspendu\/kokedama-monstera-suspendue\/#primaryimage"},"image":{"@id":"https:\/\/decoplanta.com\/fr\/plantes-suspendues-au-plafond-jardin-suspendu\/kokedama-monstera-suspendue\/#primaryimage"},"thumbnailUrl":"https:\/\/decoplanta.com\/wp-content\/uploads\/2022\/04\/427084-KOKEDAMA-MONSTERA-Jardin-Colgante-80cm-1.jpg","datePublished":"2022-04-22T15:00:31+00:00","dateModified":"2022-04-22T16:53:31+00:00","description":"Kokedama MONSTERA suspendue artificiel r\u00e9alis\u00e9e avec la technique japonaise avec boule de moss. Pour accrocher au plafond. Pr\u00eat \u00e0 accrocher !","breadcrumb":{"@id":"https:\/\/decoplanta.com\/fr\/plantes-suspendues-au-plafond-jardin-suspendu\/kokedama-monstera-suspendue\/#breadcrumb"},"inLanguage":"fr-FR","potentialAction":[{"@type":"ReadAction","target":["https:\/\/decoplanta.com\/fr\/plantes-suspendues-au-plafond-jardin-suspendu\/kokedama-monstera-suspendue\/"]}]},{"@type":"ImageObject","inLanguage":"fr-FR","@id":"https:\/\/decoplanta.com\/fr\/plantes-suspendues-au-plafond-jardin-suspendu\/kokedama-monstera-suspendue\/#primaryimage","url":"https:\/\/decoplanta.com\/wp-content\/uploads\/2022\/04\/427084-KOKEDAMA-MONSTERA-Jardin-Colgante-80cm-1.jpg","contentUrl":"https:\/\/decoplanta.com\/wp-content\/uploads\/2022\/04\/427084-KOKEDAMA-MONSTERA-Jardin-Colgante-80cm-1.jpg","width":2360,"height":2360,"caption":"Kokedama MONSTERA suspendu artificiel 80 cm - Grand r\u00e9alisme pour l'int\u00e9rieur"},{"@type":"BreadcrumbList","@id":"https:\/\/decoplanta.com\/fr\/plantes-suspendues-au-plafond-jardin-suspendu\/kokedama-monstera-suspendue\/#breadcrumb","itemListElement":[{"@type":"ListItem","position":1,"name":"Portada","item":"https:\/\/decoplanta.com\/fr\/"},{"@type":"ListItem","position":2,"name":"Priv\u00e9\u00a0: Tienda","item":"https:\/\/decoplanta.com\/?page_id=377"},{"@type":"ListItem","position":3,"name":"Kokedama MONSTERA suspendue"}]},{"@type":"WebSite","@id":"https:\/\/decoplanta.com\/fr\/#website","url":"https:\/\/decoplanta.com\/fr\/","name":"PLANTES ET ARBRES ARTIFICIELS TR\u00c8S R\u00c9ALISTES","description":"Proveedor de Plantas artificiales para estudios de Arquitectura, Interiorismo, Paisajismo, Escenograf\u00eda, Tiendas de Decoraci\u00f3n Florister\u00edas y Mobiliario","publisher":{"@id":"https:\/\/decoplanta.com\/fr\/#organization"},"potentialAction":[{"@type":"SearchAction","target":{"@type":"EntryPoint","urlTemplate":"https:\/\/decoplanta.com\/fr\/?s={search_term_string}"},"query-input":{"@type":"PropertyValueSpecification","valueRequired":true,"valueName":"search_term_string"}}],"inLanguage":"fr-FR"},{"@type":"Organization","@id":"https:\/\/decoplanta.com\/fr\/#organization","name":"PLANTES ET ARBRES ARTIFICIELS TR\u00c8S R\u00c9ALISTES","url":"https:\/\/decoplanta.com\/fr\/","logo":{"@type":"ImageObject","inLanguage":"fr-FR","@id":"https:\/\/decoplanta.com\/fr\/#\/schema\/logo\/image\/","url":"https:\/\/decoplanta.com\/wp-content\/uploads\/2021\/02\/decoplanta-logo2020.svg","contentUrl":"https:\/\/decoplanta.com\/wp-content\/uploads\/2021\/02\/decoplanta-logo2020.svg","width":500,"height":500,"caption":"PLANTES ET ARBRES ARTIFICIELS TR\u00c8S R\u00c9ALISTES"},"image":{"@id":"https:\/\/decoplanta.com\/fr\/#\/schema\/logo\/image\/"}}]}},"_links":{"self":[{"href":"https:\/\/decoplanta.com\/fr\/wp-json\/wp\/v2\/product\/3998","targetHints":{"allow":["GET"]}}],"collection":[{"href":"https:\/\/decoplanta.com\/fr\/wp-json\/wp\/v2\/product"}],"about":[{"href":"https:\/\/decoplanta.com\/fr\/wp-json\/wp\/v2\/types\/product"}],"version-history":[{"count":0,"href":"https:\/\/decoplanta.com\/fr\/wp-json\/wp\/v2\/product\/3998\/revisions"}],"wp:featuredmedia":[{"embeddable":true,"href":"https:\/\/decoplanta.com\/fr\/wp-json\/wp\/v2\/media\/3912"}],"wp:attachment":[{"href":"https:\/\/decoplanta.com\/fr\/wp-json\/wp\/v2\/media?parent=3998"}],"wp:term":[{"taxonomy":"product_brand","embeddable":true,"href":"https:\/\/decoplanta.com\/fr\/wp-json\/wp\/v2\/product_brand?post=3998"},{"taxonomy":"product_cat","embeddable":true,"href":"https:\/\/decoplanta.com\/fr\/wp-json\/wp\/v2\/product_cat?post=3998"},{"taxonomy":"product_tag","embeddable":true,"href":"https:\/\/decoplanta.com\/fr\/wp-json\/wp\/v2\/product_tag?post=3998"}],"curies":[{"name":"wp","href":"https:\/\/api.w.org\/{rel}","templated":true}]}}