{"id":4003,"date":"2022-04-22T17:00:23","date_gmt":"2022-04-22T15:00:23","guid":{"rendered":"https:\/\/decoplanta.com\/?post_type=product&#038;p=4003"},"modified":"2022-04-22T17:52:18","modified_gmt":"2022-04-22T16:52:18","slug":"kokedama-fougere-suspendue","status":"publish","type":"product","link":"https:\/\/decoplanta.com\/fr\/plantes-suspendues-au-plafond-jardin-suspendu\/kokedama-fougere-suspendue\/","title":{"rendered":"Kokedama FOUG\u00c8RE suspendue"},"content":{"rendered":"<p>Kokedama FOUGERE dans panier m\u00e9tallique <a class=\"waffle-rich-text-link\" href=\"https:\/\/www.elmundo.es\/ofertas-regalos\/hogar-jardin\/2021\/09\/16\/609bc62121efa04a778b460c.html\">Kokedama FOUGERE<\/a> artificielle suspendue avec boule de moss dans panier m\u00e9tallique.<\/p>\n<p><img decoding=\"async\" class=\"alignnone wp-image-3908\" src=\"https:\/\/decoplanta.com\/wp-content\/uploads\/2022\/04\/420222-KOKEDAMA-HELECHO_en_cesta_metalica-Jardin-Colgante-de-Techo-45cm-1-768x768.jpg\" alt=\"FOUG\u00c8RE suspendue au plafond artificiel avec boule de moss dans un panier m\u00e9tallique.\" width=\"213\" height=\"213\" srcset=\"https:\/\/decoplanta.com\/wp-content\/uploads\/2022\/04\/420222-KOKEDAMA-HELECHO_en_cesta_metalica-Jardin-Colgante-de-Techo-45cm-1-768x768.jpg 768w, https:\/\/decoplanta.com\/wp-content\/uploads\/2022\/04\/420222-KOKEDAMA-HELECHO_en_cesta_metalica-Jardin-Colgante-de-Techo-45cm-1-500x500.jpg 500w, https:\/\/decoplanta.com\/wp-content\/uploads\/2022\/04\/420222-KOKEDAMA-HELECHO_en_cesta_metalica-Jardin-Colgante-de-Techo-45cm-1-1536x1536.jpg 1536w, https:\/\/decoplanta.com\/wp-content\/uploads\/2022\/04\/420222-KOKEDAMA-HELECHO_en_cesta_metalica-Jardin-Colgante-de-Techo-45cm-1-600x600.jpg 600w, https:\/\/decoplanta.com\/wp-content\/uploads\/2022\/04\/420222-KOKEDAMA-HELECHO_en_cesta_metalica-Jardin-Colgante-de-Techo-45cm-1-100x100.jpg 100w, https:\/\/decoplanta.com\/wp-content\/uploads\/2022\/04\/420222-KOKEDAMA-HELECHO_en_cesta_metalica-Jardin-Colgante-de-Techo-45cm-1.jpg 1910w\" sizes=\"(max-width: 213px) 100vw, 213px\" \/><\/p>\n<p>Plante suspendue au plafond haut r\u00e9aliste. Il a une hauteur totale d&rsquo;environ 45 cm. Combinez cette foug\u00e8re artificielle avec d&rsquo;autres plantes r\u00e9elles ou artificielles pour cr\u00e9er une ambiance tropicale. Maintenant vient du Japon cette vari\u00e9t\u00e9 de culture qui va bien au-del\u00e0 de ce qui est strictement naturel, ayant de puissants bienfaits \u00e9motionnels pour ceux qui la pratiquent. En plus de leur beaut\u00e9 esth\u00e9tique et de leur originalit\u00e9, les kokedamas sont rapidement devenus populaires car ils rehaussent la d\u00e9coration de n&rsquo;importe quel espace. Qu&rsquo;aimes tu?<\/p>\n<p>Cette merveilleuse plante est fabriqu\u00e9e selon la technique japonaise appel\u00e9e kokedama, dans laquelle le pot de plante traditionnel est remplac\u00e9 par une boule de moss. La FOUG\u00c8RE artificielle \u00e0 suspendre Kokedama en boule de moss est fournie avec un panier m\u00e9tallique et est pr\u00eate \u00e0 \u00eatre suspendue. Il est id\u00e9al pour cr\u00e9er un fantastique jardin int\u00e9rieur suspendu au plafond. Gr\u00e2ce \u00e0 son aspect naturel, il le rend indiscernable des originaux au premier coup d&rsquo;\u0153il.<\/p>\n<p>Cette foug\u00e8re polyvalente saura vous captiver ainsi que vos visiteurs, que ce soit dans l&rsquo;espace d&rsquo;accueil ou dans les espaces commerciaux. Cette plante boule de moss est fournie avec un fil de suspension, pr\u00eat \u00e0 accrocher. Ces petites boules recouvertes de mousse sont devenues \u00e0 la mode. Kokedama est la technique japonaise pour d\u00e9corer n&rsquo;importe quel espace avec des plantes sans pot, et ce sont des boules de moss qui remplacent les pots traditionnels. Ce sont les kokedama, ou ce qui revient au m\u00eame, la technique japonaise dans laquelle le cache-pot traditionnel est remplac\u00e9 par une boule de moss.<\/p>\n<h3>Comment est le Kokedama FOUG\u00c8RE suspendue ?<\/h3>\n<p>Le kokedama a une apparence sculpturale. Nous pouvons avoir un kokedama \u00e0 partir de pratiquement n&rsquo;importe quel type de plante, \u00e0 l&rsquo;int\u00e9rieur comme \u00e0 l&rsquo;ext\u00e9rieur. Tout d&rsquo;abord, la boule de moss qui servira de pot est bien pr\u00e9par\u00e9e. Pour cela, on utilise un substrat min\u00e9ral et une argile d&rsquo;origine volcanique, qui sert \u00e0 modeler la boule avec la terre et les racines de la plante, qui sera ensuite recouverte d&rsquo;une couche de moss. Tout est attach\u00e9 avec une corde pour qu&rsquo;il ne se d\u00e9forme pas. Presque tous les types de plantes sont aptes \u00e0 \u00eatre pr\u00e9sent\u00e9s sous forme de kokedama. D\u00e9couvrez notre merveilleuse plante <a class=\"waffle-rich-text-link\" href=\"https:\/\/decoplanta.com\/plantas-colgantes-de-techo-jardin-colgante-artificial\/kokedama-monstera-colgante-de-techo-artificial\">Kokedama MONSTERA<\/a> .<\/p>\n","protected":false},"excerpt":{"rendered":"<p>FOUG\u00c8RE suspendue au plafond artificiel avec boule de moss dans un panier m\u00e9tallique. Plante suspendue tr\u00e8s r\u00e9aliste. Hauteur totale environ 45 cm.<\/p>\n<p>Combinez cette foug\u00e8re artificielle avec d&rsquo;autres plantes r\u00e9elles ou artificielles pour cr\u00e9er une ambiance tropicale. Cette merveilleuse plante est fabriqu\u00e9e selon la technique japonaise appel\u00e9e kokedama, dans laquelle le pot de plante traditionnel est remplac\u00e9 par une boule de moss. La FOUG\u00c8RE artificielle \u00e0 suspendre Kokedama en boule de moss est fournie avec un panier m\u00e9tallique et est pr\u00eate \u00e0 \u00eatre suspendue. Il est id\u00e9al pour cr\u00e9er un fantastique jardin int\u00e9rieur suspendu au plafond.<\/p>\n<table>\n<tbody>\n<tr>\n<td><strong>R\u00c9F<\/strong><\/td>\n<td>Hauteur<\/td>\n<\/tr>\n<tr>\n<td><strong>420222<\/strong><\/td>\n<td>45 cm<\/td>\n<\/tr>\n<\/tbody>\n<\/table>\n","protected":false},"featured_media":3908,"template":"","meta":{"_monsterinsights_skip_tracking":false,"_monsterinsights_sitenote_active":false,"_monsterinsights_sitenote_note":"","_monsterinsights_sitenote_category":0},"product_brand":[],"product_cat":[374],"product_tag":[269,379,278],"class_list":{"0":"post-4003","1":"product","2":"type-product","3":"status-publish","4":"has-post-thumbnail","6":"product_cat-plantes-suspendues-au-plafond-jardin-suspendu","7":"product_tag-fougere-dinterieur","8":"product_tag-kokedama-artificiel","9":"product_tag-plante-tropicale","10":"","11":"woocommerce-text-align-center","12":"woocommerce-image-align-center","13":"do-quantity-buttons","15":"first","16":"instock","17":"taxable","18":"shipping-taxable","19":"purchasable","20":"product-type-simple"},"yoast_head":"<!-- This site is optimized with the Yoast SEO plugin v27.4 - https:\/\/yoast.com\/product\/yoast-seo-wordpress\/ -->\n<title>Kokedama FOUG\u00c8RE artificielle suspendue - Haut r\u00e9alisme pour l&#039;int\u00e9rieur<\/title>\n<meta name=\"description\" content=\"Kokedama FOUG\u00c8RE artificielle suspendue de haut r\u00e9alisme. Combinez-le avec d&#039;autres plantes pour cr\u00e9er un ambiance tropical\" \/>\n<meta name=\"robots\" content=\"index, follow, max-snippet:-1, max-image-preview:large, max-video-preview:-1\" \/>\n<link rel=\"canonical\" href=\"https:\/\/decoplanta.com\/fr\/plantes-suspendues-au-plafond-jardin-suspendu\/kokedama-fougere-suspendue\/\" \/>\n<meta property=\"og:locale\" content=\"fr_FR\" \/>\n<meta property=\"og:type\" content=\"article\" \/>\n<meta property=\"og:title\" content=\"Kokedama FOUG\u00c8RE artificielle suspendue - Haut r\u00e9alisme pour l&#039;int\u00e9rieur\" \/>\n<meta property=\"og:description\" content=\"Kokedama FOUG\u00c8RE artificielle suspendue de haut r\u00e9alisme. Combinez-le avec d&#039;autres plantes pour cr\u00e9er un ambiance tropical\" \/>\n<meta property=\"og:url\" content=\"https:\/\/decoplanta.com\/fr\/plantes-suspendues-au-plafond-jardin-suspendu\/kokedama-fougere-suspendue\/\" \/>\n<meta property=\"og:site_name\" content=\"PLANTES ET ARBRES ARTIFICIELS TR\u00c8S R\u00c9ALISTES\" \/>\n<meta property=\"article:modified_time\" content=\"2022-04-22T16:52:18+00:00\" \/>\n<meta property=\"og:image\" content=\"https:\/\/decoplanta.com\/wp-content\/uploads\/2022\/04\/420222-KOKEDAMA-HELECHO_en_cesta_metalica-Jardin-Colgante-de-Techo-45cm-1.jpg\" \/>\n\t<meta property=\"og:image:width\" content=\"1910\" \/>\n\t<meta property=\"og:image:height\" content=\"1910\" \/>\n\t<meta property=\"og:image:type\" content=\"image\/jpeg\" \/>\n<meta name=\"twitter:card\" content=\"summary_large_image\" \/>\n<meta name=\"twitter:label1\" content=\"Dur\u00e9e de lecture estim\u00e9e\" \/>\n\t<meta name=\"twitter:data1\" content=\"2 minutes\" \/>\n<script type=\"application\/ld+json\" class=\"yoast-schema-graph\">{\"@context\":\"https:\\\/\\\/schema.org\",\"@graph\":[{\"@type\":\"WebPage\",\"@id\":\"https:\\\/\\\/decoplanta.com\\\/fr\\\/plantes-suspendues-au-plafond-jardin-suspendu\\\/kokedama-fougere-suspendue\\\/\",\"url\":\"https:\\\/\\\/decoplanta.com\\\/fr\\\/plantes-suspendues-au-plafond-jardin-suspendu\\\/kokedama-fougere-suspendue\\\/\",\"name\":\"Kokedama FOUG\u00c8RE artificielle suspendue - Haut r\u00e9alisme pour l'int\u00e9rieur\",\"isPartOf\":{\"@id\":\"https:\\\/\\\/decoplanta.com\\\/fr\\\/#website\"},\"primaryImageOfPage\":{\"@id\":\"https:\\\/\\\/decoplanta.com\\\/fr\\\/plantes-suspendues-au-plafond-jardin-suspendu\\\/kokedama-fougere-suspendue\\\/#primaryimage\"},\"image\":{\"@id\":\"https:\\\/\\\/decoplanta.com\\\/fr\\\/plantes-suspendues-au-plafond-jardin-suspendu\\\/kokedama-fougere-suspendue\\\/#primaryimage\"},\"thumbnailUrl\":\"https:\\\/\\\/decoplanta.com\\\/wp-content\\\/uploads\\\/2022\\\/04\\\/420222-KOKEDAMA-HELECHO_en_cesta_metalica-Jardin-Colgante-de-Techo-45cm-1.jpg\",\"datePublished\":\"2022-04-22T15:00:23+00:00\",\"dateModified\":\"2022-04-22T16:52:18+00:00\",\"description\":\"Kokedama FOUG\u00c8RE artificielle suspendue de haut r\u00e9alisme. Combinez-le avec d'autres plantes pour cr\u00e9er un ambiance tropical\",\"breadcrumb\":{\"@id\":\"https:\\\/\\\/decoplanta.com\\\/fr\\\/plantes-suspendues-au-plafond-jardin-suspendu\\\/kokedama-fougere-suspendue\\\/#breadcrumb\"},\"inLanguage\":\"fr-FR\",\"potentialAction\":[{\"@type\":\"ReadAction\",\"target\":[\"https:\\\/\\\/decoplanta.com\\\/fr\\\/plantes-suspendues-au-plafond-jardin-suspendu\\\/kokedama-fougere-suspendue\\\/\"]}]},{\"@type\":\"ImageObject\",\"inLanguage\":\"fr-FR\",\"@id\":\"https:\\\/\\\/decoplanta.com\\\/fr\\\/plantes-suspendues-au-plafond-jardin-suspendu\\\/kokedama-fougere-suspendue\\\/#primaryimage\",\"url\":\"https:\\\/\\\/decoplanta.com\\\/wp-content\\\/uploads\\\/2022\\\/04\\\/420222-KOKEDAMA-HELECHO_en_cesta_metalica-Jardin-Colgante-de-Techo-45cm-1.jpg\",\"contentUrl\":\"https:\\\/\\\/decoplanta.com\\\/wp-content\\\/uploads\\\/2022\\\/04\\\/420222-KOKEDAMA-HELECHO_en_cesta_metalica-Jardin-Colgante-de-Techo-45cm-1.jpg\",\"width\":1910,\"height\":1910,\"caption\":\"Kokedama feto suspenso\"},{\"@type\":\"BreadcrumbList\",\"@id\":\"https:\\\/\\\/decoplanta.com\\\/fr\\\/plantes-suspendues-au-plafond-jardin-suspendu\\\/kokedama-fougere-suspendue\\\/#breadcrumb\",\"itemListElement\":[{\"@type\":\"ListItem\",\"position\":1,\"name\":\"Portada\",\"item\":\"https:\\\/\\\/decoplanta.com\\\/fr\\\/\"},{\"@type\":\"ListItem\",\"position\":2,\"name\":\"Priv\u00e9\u00a0: Tienda\",\"item\":\"https:\\\/\\\/decoplanta.com\\\/?page_id=377\"},{\"@type\":\"ListItem\",\"position\":3,\"name\":\"Kokedama FOUG\u00c8RE suspendue\"}]},{\"@type\":\"WebSite\",\"@id\":\"https:\\\/\\\/decoplanta.com\\\/fr\\\/#website\",\"url\":\"https:\\\/\\\/decoplanta.com\\\/fr\\\/\",\"name\":\"PLANTES ET ARBRES ARTIFICIELS TR\u00c8S R\u00c9ALISTES\",\"description\":\"Proveedor de Plantas artificiales para estudios de Arquitectura, Interiorismo, Paisajismo, Escenograf\u00eda, Tiendas de Decoraci\u00f3n Florister\u00edas y Mobiliario\",\"publisher\":{\"@id\":\"https:\\\/\\\/decoplanta.com\\\/fr\\\/#organization\"},\"potentialAction\":[{\"@type\":\"SearchAction\",\"target\":{\"@type\":\"EntryPoint\",\"urlTemplate\":\"https:\\\/\\\/decoplanta.com\\\/fr\\\/?s={search_term_string}\"},\"query-input\":{\"@type\":\"PropertyValueSpecification\",\"valueRequired\":true,\"valueName\":\"search_term_string\"}}],\"inLanguage\":\"fr-FR\"},{\"@type\":\"Organization\",\"@id\":\"https:\\\/\\\/decoplanta.com\\\/fr\\\/#organization\",\"name\":\"PLANTES ET ARBRES ARTIFICIELS TR\u00c8S R\u00c9ALISTES\",\"url\":\"https:\\\/\\\/decoplanta.com\\\/fr\\\/\",\"logo\":{\"@type\":\"ImageObject\",\"inLanguage\":\"fr-FR\",\"@id\":\"https:\\\/\\\/decoplanta.com\\\/fr\\\/#\\\/schema\\\/logo\\\/image\\\/\",\"url\":\"https:\\\/\\\/decoplanta.com\\\/wp-content\\\/uploads\\\/2021\\\/02\\\/decoplanta-logo2020.svg\",\"contentUrl\":\"https:\\\/\\\/decoplanta.com\\\/wp-content\\\/uploads\\\/2021\\\/02\\\/decoplanta-logo2020.svg\",\"width\":500,\"height\":500,\"caption\":\"PLANTES ET ARBRES ARTIFICIELS TR\u00c8S R\u00c9ALISTES\"},\"image\":{\"@id\":\"https:\\\/\\\/decoplanta.com\\\/fr\\\/#\\\/schema\\\/logo\\\/image\\\/\"}}]}<\/script>\n<!-- \/ Yoast SEO plugin. -->","yoast_head_json":{"title":"Kokedama FOUG\u00c8RE artificielle suspendue - Haut r\u00e9alisme pour l'int\u00e9rieur","description":"Kokedama FOUG\u00c8RE artificielle suspendue de haut r\u00e9alisme. Combinez-le avec d'autres plantes pour cr\u00e9er un ambiance tropical","robots":{"index":"index","follow":"follow","max-snippet":"max-snippet:-1","max-image-preview":"max-image-preview:large","max-video-preview":"max-video-preview:-1"},"canonical":"https:\/\/decoplanta.com\/fr\/plantes-suspendues-au-plafond-jardin-suspendu\/kokedama-fougere-suspendue\/","og_locale":"fr_FR","og_type":"article","og_title":"Kokedama FOUG\u00c8RE artificielle suspendue - Haut r\u00e9alisme pour l'int\u00e9rieur","og_description":"Kokedama FOUG\u00c8RE artificielle suspendue de haut r\u00e9alisme. Combinez-le avec d'autres plantes pour cr\u00e9er un ambiance tropical","og_url":"https:\/\/decoplanta.com\/fr\/plantes-suspendues-au-plafond-jardin-suspendu\/kokedama-fougere-suspendue\/","og_site_name":"PLANTES ET ARBRES ARTIFICIELS TR\u00c8S R\u00c9ALISTES","article_modified_time":"2022-04-22T16:52:18+00:00","og_image":[{"width":1910,"height":1910,"url":"https:\/\/decoplanta.com\/wp-content\/uploads\/2022\/04\/420222-KOKEDAMA-HELECHO_en_cesta_metalica-Jardin-Colgante-de-Techo-45cm-1.jpg","type":"image\/jpeg"}],"twitter_card":"summary_large_image","twitter_misc":{"Dur\u00e9e de lecture estim\u00e9e":"2 minutes"},"schema":{"@context":"https:\/\/schema.org","@graph":[{"@type":"WebPage","@id":"https:\/\/decoplanta.com\/fr\/plantes-suspendues-au-plafond-jardin-suspendu\/kokedama-fougere-suspendue\/","url":"https:\/\/decoplanta.com\/fr\/plantes-suspendues-au-plafond-jardin-suspendu\/kokedama-fougere-suspendue\/","name":"Kokedama FOUG\u00c8RE artificielle suspendue - Haut r\u00e9alisme pour l'int\u00e9rieur","isPartOf":{"@id":"https:\/\/decoplanta.com\/fr\/#website"},"primaryImageOfPage":{"@id":"https:\/\/decoplanta.com\/fr\/plantes-suspendues-au-plafond-jardin-suspendu\/kokedama-fougere-suspendue\/#primaryimage"},"image":{"@id":"https:\/\/decoplanta.com\/fr\/plantes-suspendues-au-plafond-jardin-suspendu\/kokedama-fougere-suspendue\/#primaryimage"},"thumbnailUrl":"https:\/\/decoplanta.com\/wp-content\/uploads\/2022\/04\/420222-KOKEDAMA-HELECHO_en_cesta_metalica-Jardin-Colgante-de-Techo-45cm-1.jpg","datePublished":"2022-04-22T15:00:23+00:00","dateModified":"2022-04-22T16:52:18+00:00","description":"Kokedama FOUG\u00c8RE artificielle suspendue de haut r\u00e9alisme. Combinez-le avec d'autres plantes pour cr\u00e9er un ambiance tropical","breadcrumb":{"@id":"https:\/\/decoplanta.com\/fr\/plantes-suspendues-au-plafond-jardin-suspendu\/kokedama-fougere-suspendue\/#breadcrumb"},"inLanguage":"fr-FR","potentialAction":[{"@type":"ReadAction","target":["https:\/\/decoplanta.com\/fr\/plantes-suspendues-au-plafond-jardin-suspendu\/kokedama-fougere-suspendue\/"]}]},{"@type":"ImageObject","inLanguage":"fr-FR","@id":"https:\/\/decoplanta.com\/fr\/plantes-suspendues-au-plafond-jardin-suspendu\/kokedama-fougere-suspendue\/#primaryimage","url":"https:\/\/decoplanta.com\/wp-content\/uploads\/2022\/04\/420222-KOKEDAMA-HELECHO_en_cesta_metalica-Jardin-Colgante-de-Techo-45cm-1.jpg","contentUrl":"https:\/\/decoplanta.com\/wp-content\/uploads\/2022\/04\/420222-KOKEDAMA-HELECHO_en_cesta_metalica-Jardin-Colgante-de-Techo-45cm-1.jpg","width":1910,"height":1910,"caption":"Kokedama feto suspenso"},{"@type":"BreadcrumbList","@id":"https:\/\/decoplanta.com\/fr\/plantes-suspendues-au-plafond-jardin-suspendu\/kokedama-fougere-suspendue\/#breadcrumb","itemListElement":[{"@type":"ListItem","position":1,"name":"Portada","item":"https:\/\/decoplanta.com\/fr\/"},{"@type":"ListItem","position":2,"name":"Priv\u00e9\u00a0: Tienda","item":"https:\/\/decoplanta.com\/?page_id=377"},{"@type":"ListItem","position":3,"name":"Kokedama FOUG\u00c8RE suspendue"}]},{"@type":"WebSite","@id":"https:\/\/decoplanta.com\/fr\/#website","url":"https:\/\/decoplanta.com\/fr\/","name":"PLANTES ET ARBRES ARTIFICIELS TR\u00c8S R\u00c9ALISTES","description":"Proveedor de Plantas artificiales para estudios de Arquitectura, Interiorismo, Paisajismo, Escenograf\u00eda, Tiendas de Decoraci\u00f3n Florister\u00edas y Mobiliario","publisher":{"@id":"https:\/\/decoplanta.com\/fr\/#organization"},"potentialAction":[{"@type":"SearchAction","target":{"@type":"EntryPoint","urlTemplate":"https:\/\/decoplanta.com\/fr\/?s={search_term_string}"},"query-input":{"@type":"PropertyValueSpecification","valueRequired":true,"valueName":"search_term_string"}}],"inLanguage":"fr-FR"},{"@type":"Organization","@id":"https:\/\/decoplanta.com\/fr\/#organization","name":"PLANTES ET ARBRES ARTIFICIELS TR\u00c8S R\u00c9ALISTES","url":"https:\/\/decoplanta.com\/fr\/","logo":{"@type":"ImageObject","inLanguage":"fr-FR","@id":"https:\/\/decoplanta.com\/fr\/#\/schema\/logo\/image\/","url":"https:\/\/decoplanta.com\/wp-content\/uploads\/2021\/02\/decoplanta-logo2020.svg","contentUrl":"https:\/\/decoplanta.com\/wp-content\/uploads\/2021\/02\/decoplanta-logo2020.svg","width":500,"height":500,"caption":"PLANTES ET ARBRES ARTIFICIELS TR\u00c8S R\u00c9ALISTES"},"image":{"@id":"https:\/\/decoplanta.com\/fr\/#\/schema\/logo\/image\/"}}]}},"_links":{"self":[{"href":"https:\/\/decoplanta.com\/fr\/wp-json\/wp\/v2\/product\/4003","targetHints":{"allow":["GET"]}}],"collection":[{"href":"https:\/\/decoplanta.com\/fr\/wp-json\/wp\/v2\/product"}],"about":[{"href":"https:\/\/decoplanta.com\/fr\/wp-json\/wp\/v2\/types\/product"}],"version-history":[{"count":0,"href":"https:\/\/decoplanta.com\/fr\/wp-json\/wp\/v2\/product\/4003\/revisions"}],"wp:featuredmedia":[{"embeddable":true,"href":"https:\/\/decoplanta.com\/fr\/wp-json\/wp\/v2\/media\/3908"}],"wp:attachment":[{"href":"https:\/\/decoplanta.com\/fr\/wp-json\/wp\/v2\/media?parent=4003"}],"wp:term":[{"taxonomy":"product_brand","embeddable":true,"href":"https:\/\/decoplanta.com\/fr\/wp-json\/wp\/v2\/product_brand?post=4003"},{"taxonomy":"product_cat","embeddable":true,"href":"https:\/\/decoplanta.com\/fr\/wp-json\/wp\/v2\/product_cat?post=4003"},{"taxonomy":"product_tag","embeddable":true,"href":"https:\/\/decoplanta.com\/fr\/wp-json\/wp\/v2\/product_tag?post=4003"}],"curies":[{"name":"wp","href":"https:\/\/api.w.org\/{rel}","templated":true}]}}