{"id":4017,"date":"2022-04-22T17:00:50","date_gmt":"2022-04-22T15:00:50","guid":{"rendered":"https:\/\/decoplanta.com\/?post_type=product&#038;p=4017"},"modified":"2023-10-31T09:06:21","modified_gmt":"2023-10-31T08:06:21","slug":"fougere-adiantum","status":"publish","type":"product","link":"https:\/\/decoplanta.com\/fr\/mini-plantes\/fougere-adiantum\/","title":{"rendered":"FOUG\u00c8RE ADIANTUM 30cm"},"content":{"rendered":"<p>FOUG\u00c8RE ADIANTUM artificielle de 30 cm de haut sur base ciment\u00e9. Cette merveilleuse <a class=\"waffle-rich-text-link\" href=\"https:\/\/decoplanta.com\/etiqueta-producto\/helecho-de-interior\/\">foug\u00e8re<\/a> adiantum artificielle est tr\u00e8s r\u00e9aliste. Vous ne pourrez pas la diff\u00e9rencier de la foug\u00e8re naturelle.<\/p>\n<p>Adiantum raddianum fragans, connue sous le nom de foug\u00e8re aux cheveux de maiden, est une foug\u00e8re tr\u00e8s \u00e9l\u00e9gante en raison de ses fines et petites feuilles vertes triangulaires, qui sont \u00e9galement imperm\u00e9ables. Il ne n\u00e9cessite pas d&rsquo;entretien. L&rsquo;Adiantum appartient au groupe des <a class=\"waffle-rich-text-link\" href=\"https:\/\/www.hogarmania.com\/jardineria\/fichas\/plantas\/tipos-de-helechos\/\">foug\u00e8res<\/a> de la famille des Adiantac\u00e9es. Il se caract\u00e9rise par ses feuilles basales, p\u00e9tiol\u00e9es, glabres et divis\u00e9es en pennes fllabell\u00e9es. Il est commun\u00e9ment appel\u00e9 Culantrillo, et il re\u00e7oit \u00e9galement des noms \u00e0 travers le monde tels que : Cheveux de V\u00e9nus, Culantrillo de pozo, Capilera, Brenca ou Ara\u00f1uela.<\/p>\n<p>Plante d&rsquo;origine tropicale, originaire de pays comme l&rsquo;Uruguay, le Br\u00e9sil et le Paraguay. C&rsquo;est une foug\u00e8re tr\u00e8s utilis\u00e9e pour d\u00e9corer l&rsquo;int\u00e9rieur de la maison en pot ou en bac \u00e0 suspendre. C&rsquo;est une plante d&rsquo;int\u00e9rieur dans un endroit humide et \u00e9clair\u00e9. Il peut \u00e9galement \u00eatre plac\u00e9 \u00e0 l&rsquo;ext\u00e9rieur \u00e0 l&rsquo;ombre ou \u00e0 mi-ombre, o\u00f9 il ne re\u00e7oit pas de soleil direct.<\/p>\n<h3>En quoi la foug\u00e8re Adiantum artificielle est-elle diff\u00e9rente des autres foug\u00e8res ?<\/h3>\n<p>Le Maidenhair (Adiantum cuneatum) est une foug\u00e8re appartenant \u00e0 la famille des Pteridaceae. C&rsquo;est une plante herbac\u00e9e vivace atteignant 50 cm de haut, elle poss\u00e8de un rhizome long et rampant. Il pousse g\u00e9n\u00e9ralement sur les parois rocheuses des sources et des endroits ombrag\u00e9s. De plus, ce sont des plantes qui manquent de fleurs, de fruits et de graines, donc leur sp\u00e9cialit\u00e9 est dans leurs feuilles.<\/p>\n<h3>Mini plante artificielle pour la d\u00e9coration<\/h3>\n<p>Nos plantes artificielles au sein de la rubrique \u00ab\u00a0Mini D\u00e9coration\u00a0\u00bb changeront l&rsquo;apparence de votre espace de travail. Vous trouverez ici diff\u00e9rents types de plantes artificielles qui s&rsquo;int\u00e9greront parfaitement dans votre bureau. Nous avons une grande vari\u00e9t\u00e9 de petites plantes artificielles avec lesquelles compl\u00e9ter les espaces avec un d\u00e9tail v\u00e9g\u00e9tal. Nos plantes artificielles conviennent \u00e9galement \u00e0 tout style de d\u00e9coration. Des styles classiques, rustiques, modernes ou encore minimalistes pour les amateurs de d\u00e9co. Nos petites plantes artificielles sont parfaites pour faire de votre entreprise un lieu attractif pour les clients. Un petit d\u00e9tail comme celui-ci est tr\u00e8s important pour faire bonne impression. Comment pourrait-il en \u00eatre autrement, nos centres de table sont l&rsquo;\u00e9l\u00e9ment qu&rsquo;il vous faut pour changer l&rsquo;image de votre entreprise.<\/p>\n","protected":false},"excerpt":{"rendered":"<p>FOUG\u00c8RE ADIANTUM artificielle de 30 cm de haut sur base ciment\u00e9. Cette merveilleuse foug\u00e8re artificielle est tr\u00e8s r\u00e9aliste. Vous ne pourrez pas la diff\u00e9rencier de la foug\u00e8re naturelle. L&rsquo;Adiantum appartient \u00e0 la famille des Adiantac\u00e9es. Il se caract\u00e9rise par ses feuilles basales, p\u00e9tiol\u00e9es, glabres et divis\u00e9es en pennes fllabell\u00e9es. Il est commun\u00e9ment appel\u00e9 Culantrillo, et il re\u00e7oit \u00e9galement des noms \u00e0 travers le monde tels que : Cheveux de V\u00e9nus, Culantrillo de pozo, Capilera, Brenca ou Ara\u00f1uela. Plante d&rsquo;origine tropicale, originaire de pays comme l&rsquo;Uruguay, le Br\u00e9sil et le Paraguay. Il ne n\u00e9cessite pas d&rsquo;entretien.<\/p>\n<table>\n<tbody>\n<tr>\n<td><strong>R\u00c9F<\/strong><\/td>\n<td>Hauteur<\/td>\n<\/tr>\n<tr>\n<td><strong>422298<\/strong><\/td>\n<td>30 cm<\/td>\n<\/tr>\n<\/tbody>\n<\/table>\n","protected":false},"featured_media":3939,"template":"","meta":{"_monsterinsights_skip_tracking":false,"_monsterinsights_sitenote_active":false,"_monsterinsights_sitenote_note":"","_monsterinsights_sitenote_category":0},"product_brand":[],"product_cat":[247],"product_tag":[269,262,278],"class_list":{"0":"post-4017","1":"product","2":"type-product","3":"status-publish","4":"has-post-thumbnail","6":"product_cat-mini-plantes","7":"product_tag-fougere-dinterieur","8":"product_tag-petites-plantes","9":"product_tag-plante-tropicale","10":"","11":"woocommerce-text-align-center","12":"woocommerce-image-align-center","13":"do-quantity-buttons","15":"first","16":"instock","17":"taxable","18":"shipping-taxable","19":"purchasable","20":"product-type-simple"},"yoast_head":"<!-- This site is optimized with the Yoast SEO plugin v27.4 - https:\/\/yoast.com\/product\/yoast-seo-wordpress\/ -->\n<title>FOUG\u00c8RE ADIANTUM artificielle sur base ciment\u00e9 tr\u00e8s r\u00e9aliste<\/title>\n<meta name=\"description\" content=\"FOUG\u00c8RE ADIANTUM artificielle de 30 cm de haut sur base ciment\u00e9. Cette foug\u00e8re artificielle merveilleuse et r\u00e9aliste est tr\u00e8s r\u00e9aliste\" \/>\n<meta name=\"robots\" content=\"index, follow, max-snippet:-1, max-image-preview:large, max-video-preview:-1\" \/>\n<link rel=\"canonical\" href=\"https:\/\/decoplanta.com\/fr\/mini-plantes\/fougere-adiantum\/\" \/>\n<meta property=\"og:locale\" content=\"fr_FR\" \/>\n<meta property=\"og:type\" content=\"article\" \/>\n<meta property=\"og:title\" content=\"FOUG\u00c8RE ADIANTUM artificielle sur base ciment\u00e9 tr\u00e8s r\u00e9aliste\" \/>\n<meta property=\"og:description\" content=\"FOUG\u00c8RE ADIANTUM artificielle de 30 cm de haut sur base ciment\u00e9. Cette foug\u00e8re artificielle merveilleuse et r\u00e9aliste est tr\u00e8s r\u00e9aliste\" \/>\n<meta property=\"og:url\" content=\"https:\/\/decoplanta.com\/fr\/mini-plantes\/fougere-adiantum\/\" \/>\n<meta property=\"og:site_name\" content=\"PLANTES ET ARBRES ARTIFICIELS TR\u00c8S R\u00c9ALISTES\" \/>\n<meta property=\"article:modified_time\" content=\"2023-10-31T08:06:21+00:00\" \/>\n<meta property=\"og:image\" content=\"https:\/\/decoplanta.com\/wp-content\/uploads\/2022\/04\/422298-HELECHO_ADIANTUM-base_cemento-1.jpg\" \/>\n\t<meta property=\"og:image:width\" content=\"1880\" \/>\n\t<meta property=\"og:image:height\" content=\"1880\" \/>\n\t<meta property=\"og:image:type\" content=\"image\/jpeg\" \/>\n<meta name=\"twitter:card\" content=\"summary_large_image\" \/>\n<meta name=\"twitter:label1\" content=\"Dur\u00e9e de lecture estim\u00e9e\" \/>\n\t<meta name=\"twitter:data1\" content=\"2 minutes\" \/>\n<script type=\"application\/ld+json\" class=\"yoast-schema-graph\">{\"@context\":\"https:\\\/\\\/schema.org\",\"@graph\":[{\"@type\":\"WebPage\",\"@id\":\"https:\\\/\\\/decoplanta.com\\\/fr\\\/mini-plantes\\\/fougere-adiantum\\\/\",\"url\":\"https:\\\/\\\/decoplanta.com\\\/fr\\\/mini-plantes\\\/fougere-adiantum\\\/\",\"name\":\"FOUG\u00c8RE ADIANTUM artificielle sur base ciment\u00e9 tr\u00e8s r\u00e9aliste\",\"isPartOf\":{\"@id\":\"https:\\\/\\\/decoplanta.com\\\/fr\\\/#website\"},\"primaryImageOfPage\":{\"@id\":\"https:\\\/\\\/decoplanta.com\\\/fr\\\/mini-plantes\\\/fougere-adiantum\\\/#primaryimage\"},\"image\":{\"@id\":\"https:\\\/\\\/decoplanta.com\\\/fr\\\/mini-plantes\\\/fougere-adiantum\\\/#primaryimage\"},\"thumbnailUrl\":\"https:\\\/\\\/decoplanta.com\\\/wp-content\\\/uploads\\\/2022\\\/04\\\/422298-HELECHO_ADIANTUM-base_cemento-1.jpg\",\"datePublished\":\"2022-04-22T15:00:50+00:00\",\"dateModified\":\"2023-10-31T08:06:21+00:00\",\"description\":\"FOUG\u00c8RE ADIANTUM artificielle de 30 cm de haut sur base ciment\u00e9. Cette foug\u00e8re artificielle merveilleuse et r\u00e9aliste est tr\u00e8s r\u00e9aliste\",\"breadcrumb\":{\"@id\":\"https:\\\/\\\/decoplanta.com\\\/fr\\\/mini-plantes\\\/fougere-adiantum\\\/#breadcrumb\"},\"inLanguage\":\"fr-FR\",\"potentialAction\":[{\"@type\":\"ReadAction\",\"target\":[\"https:\\\/\\\/decoplanta.com\\\/fr\\\/mini-plantes\\\/fougere-adiantum\\\/\"]}]},{\"@type\":\"ImageObject\",\"inLanguage\":\"fr-FR\",\"@id\":\"https:\\\/\\\/decoplanta.com\\\/fr\\\/mini-plantes\\\/fougere-adiantum\\\/#primaryimage\",\"url\":\"https:\\\/\\\/decoplanta.com\\\/wp-content\\\/uploads\\\/2022\\\/04\\\/422298-HELECHO_ADIANTUM-base_cemento-1.jpg\",\"contentUrl\":\"https:\\\/\\\/decoplanta.com\\\/wp-content\\\/uploads\\\/2022\\\/04\\\/422298-HELECHO_ADIANTUM-base_cemento-1.jpg\",\"width\":1880,\"height\":1880,\"caption\":\"FOUG\u00c8RE ADIANTUM artificielle de 30 cm de haut sur base ciment\u00e9\"},{\"@type\":\"BreadcrumbList\",\"@id\":\"https:\\\/\\\/decoplanta.com\\\/fr\\\/mini-plantes\\\/fougere-adiantum\\\/#breadcrumb\",\"itemListElement\":[{\"@type\":\"ListItem\",\"position\":1,\"name\":\"Portada\",\"item\":\"https:\\\/\\\/decoplanta.com\\\/fr\\\/\"},{\"@type\":\"ListItem\",\"position\":2,\"name\":\"Priv\u00e9\u00a0: Tienda\",\"item\":\"https:\\\/\\\/decoplanta.com\\\/?page_id=377\"},{\"@type\":\"ListItem\",\"position\":3,\"name\":\"FOUG\u00c8RE ADIANTUM 30cm\"}]},{\"@type\":\"WebSite\",\"@id\":\"https:\\\/\\\/decoplanta.com\\\/fr\\\/#website\",\"url\":\"https:\\\/\\\/decoplanta.com\\\/fr\\\/\",\"name\":\"PLANTES ET ARBRES ARTIFICIELS TR\u00c8S R\u00c9ALISTES\",\"description\":\"Proveedor de Plantas artificiales para estudios de Arquitectura, Interiorismo, Paisajismo, Escenograf\u00eda, Tiendas de Decoraci\u00f3n Florister\u00edas y Mobiliario\",\"publisher\":{\"@id\":\"https:\\\/\\\/decoplanta.com\\\/fr\\\/#organization\"},\"potentialAction\":[{\"@type\":\"SearchAction\",\"target\":{\"@type\":\"EntryPoint\",\"urlTemplate\":\"https:\\\/\\\/decoplanta.com\\\/fr\\\/?s={search_term_string}\"},\"query-input\":{\"@type\":\"PropertyValueSpecification\",\"valueRequired\":true,\"valueName\":\"search_term_string\"}}],\"inLanguage\":\"fr-FR\"},{\"@type\":\"Organization\",\"@id\":\"https:\\\/\\\/decoplanta.com\\\/fr\\\/#organization\",\"name\":\"PLANTES ET ARBRES ARTIFICIELS TR\u00c8S R\u00c9ALISTES\",\"url\":\"https:\\\/\\\/decoplanta.com\\\/fr\\\/\",\"logo\":{\"@type\":\"ImageObject\",\"inLanguage\":\"fr-FR\",\"@id\":\"https:\\\/\\\/decoplanta.com\\\/fr\\\/#\\\/schema\\\/logo\\\/image\\\/\",\"url\":\"https:\\\/\\\/decoplanta.com\\\/wp-content\\\/uploads\\\/2021\\\/02\\\/decoplanta-logo2020.svg\",\"contentUrl\":\"https:\\\/\\\/decoplanta.com\\\/wp-content\\\/uploads\\\/2021\\\/02\\\/decoplanta-logo2020.svg\",\"width\":500,\"height\":500,\"caption\":\"PLANTES ET ARBRES ARTIFICIELS TR\u00c8S R\u00c9ALISTES\"},\"image\":{\"@id\":\"https:\\\/\\\/decoplanta.com\\\/fr\\\/#\\\/schema\\\/logo\\\/image\\\/\"}}]}<\/script>\n<!-- \/ Yoast SEO plugin. -->","yoast_head_json":{"title":"FOUG\u00c8RE ADIANTUM artificielle sur base ciment\u00e9 tr\u00e8s r\u00e9aliste","description":"FOUG\u00c8RE ADIANTUM artificielle de 30 cm de haut sur base ciment\u00e9. Cette foug\u00e8re artificielle merveilleuse et r\u00e9aliste est tr\u00e8s r\u00e9aliste","robots":{"index":"index","follow":"follow","max-snippet":"max-snippet:-1","max-image-preview":"max-image-preview:large","max-video-preview":"max-video-preview:-1"},"canonical":"https:\/\/decoplanta.com\/fr\/mini-plantes\/fougere-adiantum\/","og_locale":"fr_FR","og_type":"article","og_title":"FOUG\u00c8RE ADIANTUM artificielle sur base ciment\u00e9 tr\u00e8s r\u00e9aliste","og_description":"FOUG\u00c8RE ADIANTUM artificielle de 30 cm de haut sur base ciment\u00e9. Cette foug\u00e8re artificielle merveilleuse et r\u00e9aliste est tr\u00e8s r\u00e9aliste","og_url":"https:\/\/decoplanta.com\/fr\/mini-plantes\/fougere-adiantum\/","og_site_name":"PLANTES ET ARBRES ARTIFICIELS TR\u00c8S R\u00c9ALISTES","article_modified_time":"2023-10-31T08:06:21+00:00","og_image":[{"width":1880,"height":1880,"url":"https:\/\/decoplanta.com\/wp-content\/uploads\/2022\/04\/422298-HELECHO_ADIANTUM-base_cemento-1.jpg","type":"image\/jpeg"}],"twitter_card":"summary_large_image","twitter_misc":{"Dur\u00e9e de lecture estim\u00e9e":"2 minutes"},"schema":{"@context":"https:\/\/schema.org","@graph":[{"@type":"WebPage","@id":"https:\/\/decoplanta.com\/fr\/mini-plantes\/fougere-adiantum\/","url":"https:\/\/decoplanta.com\/fr\/mini-plantes\/fougere-adiantum\/","name":"FOUG\u00c8RE ADIANTUM artificielle sur base ciment\u00e9 tr\u00e8s r\u00e9aliste","isPartOf":{"@id":"https:\/\/decoplanta.com\/fr\/#website"},"primaryImageOfPage":{"@id":"https:\/\/decoplanta.com\/fr\/mini-plantes\/fougere-adiantum\/#primaryimage"},"image":{"@id":"https:\/\/decoplanta.com\/fr\/mini-plantes\/fougere-adiantum\/#primaryimage"},"thumbnailUrl":"https:\/\/decoplanta.com\/wp-content\/uploads\/2022\/04\/422298-HELECHO_ADIANTUM-base_cemento-1.jpg","datePublished":"2022-04-22T15:00:50+00:00","dateModified":"2023-10-31T08:06:21+00:00","description":"FOUG\u00c8RE ADIANTUM artificielle de 30 cm de haut sur base ciment\u00e9. Cette foug\u00e8re artificielle merveilleuse et r\u00e9aliste est tr\u00e8s r\u00e9aliste","breadcrumb":{"@id":"https:\/\/decoplanta.com\/fr\/mini-plantes\/fougere-adiantum\/#breadcrumb"},"inLanguage":"fr-FR","potentialAction":[{"@type":"ReadAction","target":["https:\/\/decoplanta.com\/fr\/mini-plantes\/fougere-adiantum\/"]}]},{"@type":"ImageObject","inLanguage":"fr-FR","@id":"https:\/\/decoplanta.com\/fr\/mini-plantes\/fougere-adiantum\/#primaryimage","url":"https:\/\/decoplanta.com\/wp-content\/uploads\/2022\/04\/422298-HELECHO_ADIANTUM-base_cemento-1.jpg","contentUrl":"https:\/\/decoplanta.com\/wp-content\/uploads\/2022\/04\/422298-HELECHO_ADIANTUM-base_cemento-1.jpg","width":1880,"height":1880,"caption":"FOUG\u00c8RE ADIANTUM artificielle de 30 cm de haut sur base ciment\u00e9"},{"@type":"BreadcrumbList","@id":"https:\/\/decoplanta.com\/fr\/mini-plantes\/fougere-adiantum\/#breadcrumb","itemListElement":[{"@type":"ListItem","position":1,"name":"Portada","item":"https:\/\/decoplanta.com\/fr\/"},{"@type":"ListItem","position":2,"name":"Priv\u00e9\u00a0: Tienda","item":"https:\/\/decoplanta.com\/?page_id=377"},{"@type":"ListItem","position":3,"name":"FOUG\u00c8RE ADIANTUM 30cm"}]},{"@type":"WebSite","@id":"https:\/\/decoplanta.com\/fr\/#website","url":"https:\/\/decoplanta.com\/fr\/","name":"PLANTES ET ARBRES ARTIFICIELS TR\u00c8S R\u00c9ALISTES","description":"Proveedor de Plantas artificiales para estudios de Arquitectura, Interiorismo, Paisajismo, Escenograf\u00eda, Tiendas de Decoraci\u00f3n Florister\u00edas y Mobiliario","publisher":{"@id":"https:\/\/decoplanta.com\/fr\/#organization"},"potentialAction":[{"@type":"SearchAction","target":{"@type":"EntryPoint","urlTemplate":"https:\/\/decoplanta.com\/fr\/?s={search_term_string}"},"query-input":{"@type":"PropertyValueSpecification","valueRequired":true,"valueName":"search_term_string"}}],"inLanguage":"fr-FR"},{"@type":"Organization","@id":"https:\/\/decoplanta.com\/fr\/#organization","name":"PLANTES ET ARBRES ARTIFICIELS TR\u00c8S R\u00c9ALISTES","url":"https:\/\/decoplanta.com\/fr\/","logo":{"@type":"ImageObject","inLanguage":"fr-FR","@id":"https:\/\/decoplanta.com\/fr\/#\/schema\/logo\/image\/","url":"https:\/\/decoplanta.com\/wp-content\/uploads\/2021\/02\/decoplanta-logo2020.svg","contentUrl":"https:\/\/decoplanta.com\/wp-content\/uploads\/2021\/02\/decoplanta-logo2020.svg","width":500,"height":500,"caption":"PLANTES ET ARBRES ARTIFICIELS TR\u00c8S R\u00c9ALISTES"},"image":{"@id":"https:\/\/decoplanta.com\/fr\/#\/schema\/logo\/image\/"}}]}},"_links":{"self":[{"href":"https:\/\/decoplanta.com\/fr\/wp-json\/wp\/v2\/product\/4017","targetHints":{"allow":["GET"]}}],"collection":[{"href":"https:\/\/decoplanta.com\/fr\/wp-json\/wp\/v2\/product"}],"about":[{"href":"https:\/\/decoplanta.com\/fr\/wp-json\/wp\/v2\/types\/product"}],"version-history":[{"count":0,"href":"https:\/\/decoplanta.com\/fr\/wp-json\/wp\/v2\/product\/4017\/revisions"}],"wp:featuredmedia":[{"embeddable":true,"href":"https:\/\/decoplanta.com\/fr\/wp-json\/wp\/v2\/media\/3939"}],"wp:attachment":[{"href":"https:\/\/decoplanta.com\/fr\/wp-json\/wp\/v2\/media?parent=4017"}],"wp:term":[{"taxonomy":"product_brand","embeddable":true,"href":"https:\/\/decoplanta.com\/fr\/wp-json\/wp\/v2\/product_brand?post=4017"},{"taxonomy":"product_cat","embeddable":true,"href":"https:\/\/decoplanta.com\/fr\/wp-json\/wp\/v2\/product_cat?post=4017"},{"taxonomy":"product_tag","embeddable":true,"href":"https:\/\/decoplanta.com\/fr\/wp-json\/wp\/v2\/product_tag?post=4017"}],"curies":[{"name":"wp","href":"https:\/\/api.w.org\/{rel}","templated":true}]}}