{"id":4030,"date":"2022-04-22T17:00:41","date_gmt":"2022-04-22T15:00:41","guid":{"rendered":"https:\/\/decoplanta.com\/?post_type=product&#038;p=4030"},"modified":"2023-11-05T11:24:29","modified_gmt":"2023-11-05T10:24:29","slug":"branche-de-pampa-ocre-artificielle","status":"publish","type":"product","link":"https:\/\/decoplanta.com\/fr\/fleurs-et-vegetation\/branche-de-pampa-ocre-artificielle\/","title":{"rendered":"Branche de PAMPA OCRE"},"content":{"rendered":"<p>Branche de PAMPA OCRE artificielle 100 cm de haut, \u00e0 percer en mousse florale ou dans de la terre. Spray d&rsquo;herbe de pampa beige artificielle.<\/p>\n<p>Il est \u00e9galement connu sous le nom de Fox Tail, Duster ou, par son nom scientifique : Cortaderia selloana. Ici, nous avons le Pampas Beige Spray. Cette\u00a0Branche de PAMPA OCRE artificielle et neutre est parfaite pour une d\u00e9coration int\u00e9rieure minimaliste. De m\u00eame, pour ce type de d\u00e9coration, ils peuvent \u00eatre plac\u00e9s \u00e0 c\u00f4t\u00e9 du dahlia spray beige. D&rsquo;autre part, il peut \u00e9galement \u00eatre utilis\u00e9 pour r\u00e9duire l&rsquo;intensit\u00e9 de la couleur avec d&rsquo;autres plantes aux couleurs vives.<\/p>\n<p>Ils peuvent \u00eatre plac\u00e9s ind\u00e9pendamment, bien qu&rsquo;ils puissent \u00e9galement \u00eatre regroup\u00e9s dans le m\u00eame vase d\u00e9coratif. Ce n&rsquo;est peut-\u00eatre pas tr\u00e8s pratique, mais le r\u00e9sultat d\u00e9coratif est spectaculaire. Il suffit de placer un simple vase, et d&rsquo;y introduire quelques branchages, pour le poser sur une table. Un agencement des plus appropri\u00e9s, pour la sensation de l\u00e9g\u00e8ret\u00e9, invitant \u00e0 la d\u00e9tente et au l\u00e2cher-prise.<\/p>\n<h2>Comment est le Branche de PAMPA OCRE ?<\/h2>\n<p>L&rsquo;herbe de pampa est une plante qui gagne en popularit\u00e9 ces derniers temps. Bien que sa splendeur maximale \u00e9tait au d\u00e9but du 19\u00e8me si\u00e8cle. Aujourd&rsquo;hui, il est utilis\u00e9 comme ornement pour d\u00e9corer les int\u00e9rieurs et les ext\u00e9rieurs en raison de sa grande polyvalence. Il peut \u00eatre utilis\u00e9 de diff\u00e9rentes mani\u00e8res et est facile \u00e0 acqu\u00e9rir. Il a une beaut\u00e9 qui s&rsquo;accorde avec certains des styles les plus actuels, comme le boh\u00e8me, le concept wabi sabi, ou encore le style nordique populaire. Toutes les feuilles ne doivent pas n\u00e9cessairement avoir la m\u00eame longueur.<\/p>\n<p>Pr\u00e9cis\u00e9ment, la polyvalence de cette plante r\u00e9side dans le fait que nous pouvons l&rsquo;utiliser de diverses mani\u00e8res. Soit avec une queue \u00e9paisse et abondante, soit coup\u00e9e \u00e0 une taille appropri\u00e9e pour d\u00e9corer un meuble d&rsquo;entr\u00e9e \u00e0 l&rsquo;int\u00e9rieur d&rsquo;un joli vase. Cela dit, voyons la polyvalence d\u00e9corative que nous offre cette plante.<\/p>\n<p>Vous pouvez d\u00e9corer et d\u00e9corer avec une lampe, ou cr\u00e9er un arrangement sp\u00e9cifique pour le plafond. M\u00eame comme l&rsquo;ont fait la photographe <a class=\"waffle-rich-text-link\" href=\"http:\/\/marylennox.de\/#\/our-food-stories-iii\/\">Mary Lennox<\/a> et les stylistes Laura Muthesius et Nora Eisermann de <a class=\"waffle-rich-text-link\" href=\"https:\/\/ourfoodstories.com\/2017\/12\/11416.html\/\">Our Food Stories<\/a> . Ils ont cr\u00e9\u00e9 une sc\u00e8ne spectaculaire, l&rsquo;herbe de la pampa est \u00e9galement un arrangement parfait pour d\u00e9corer les plafonds.<\/p>\n<p><a class=\"waffle-rich-text-link\" href=\"https:\/\/decoplanta.com\/fr\/planter-et-decorer\/\">Cliquez et d\u00e9corez<\/a> vos jardini\u00e8res avec nos spectaculaires plantes artificielles d&rsquo;un r\u00e9alisme incroyable.<\/p>\n","protected":false},"excerpt":{"rendered":"<p>Branche de PAMPA OCRE 100 cm de haut, \u00e0 percer en mousse florale ou dans de la terre. Cette herbe de pampa ocre et neutre est parfaite pour une d\u00e9coration int\u00e9rieure minimaliste. Il a un r\u00e9alisme spectaculaire, et ne n\u00e9cessite pas d&rsquo;entretien.<\/p>\n<p>Prix unitaire dans notre catalogue.<\/p>\n<table>\n<tbody>\n<tr>\n<td><strong>R\u00c9F<\/strong><\/td>\n<td>Hauteur<\/td>\n<\/tr>\n<tr>\n<td><strong>429084<\/strong><\/td>\n<td>100 cm<\/td>\n<\/tr>\n<\/tbody>\n<\/table>\n","protected":false},"featured_media":3951,"template":"","meta":{"_monsterinsights_skip_tracking":false,"_monsterinsights_sitenote_active":false,"_monsterinsights_sitenote_note":"","_monsterinsights_sitenote_category":0},"product_brand":[],"product_cat":[254],"product_tag":[271,262],"class_list":{"0":"post-4030","1":"product","2":"type-product","3":"status-publish","4":"has-post-thumbnail","6":"product_cat-fleurs-et-vegetation","7":"product_tag-gazon-artificiel","8":"product_tag-petites-plantes","9":"","10":"woocommerce-text-align-center","11":"woocommerce-image-align-center","12":"do-quantity-buttons","14":"first","15":"instock","16":"taxable","17":"shipping-taxable","18":"purchasable","19":"product-type-simple"},"yoast_head":"<!-- This site is optimized with the Yoast SEO plugin v27.4 - https:\/\/yoast.com\/product\/yoast-seo-wordpress\/ -->\n<title>Branche de PAMPA OCRE artificielle - Pour d\u00e9coration minimaliste<\/title>\n<meta name=\"description\" content=\"Branche de PAMPA OCRE artificielle de 100 cm de haut. Grand r\u00e9alisme pour une d\u00e9coration d&#039;int\u00e9rieur dans un style nordique et minimaliste\" \/>\n<meta name=\"robots\" content=\"index, follow, max-snippet:-1, max-image-preview:large, max-video-preview:-1\" \/>\n<link rel=\"canonical\" href=\"https:\/\/decoplanta.com\/fr\/fleurs-et-vegetation\/branche-de-pampa-ocre-artificielle\/\" \/>\n<meta property=\"og:locale\" content=\"fr_FR\" \/>\n<meta property=\"og:type\" content=\"article\" \/>\n<meta property=\"og:title\" content=\"Branche de PAMPA OCRE artificielle - Pour d\u00e9coration minimaliste\" \/>\n<meta property=\"og:description\" content=\"Branche de PAMPA OCRE artificielle de 100 cm de haut. Grand r\u00e9alisme pour une d\u00e9coration d&#039;int\u00e9rieur dans un style nordique et minimaliste\" \/>\n<meta property=\"og:url\" content=\"https:\/\/decoplanta.com\/fr\/fleurs-et-vegetation\/branche-de-pampa-ocre-artificielle\/\" \/>\n<meta property=\"og:site_name\" content=\"PLANTES ET ARBRES ARTIFICIELS TR\u00c8S R\u00c9ALISTES\" \/>\n<meta property=\"article:modified_time\" content=\"2023-11-05T10:24:29+00:00\" \/>\n<meta property=\"og:image\" content=\"https:\/\/decoplanta.com\/wp-content\/uploads\/2022\/04\/429084-PAMPA_SPRAY_OCRE-100cm-1.jpg\" \/>\n\t<meta property=\"og:image:width\" content=\"2400\" \/>\n\t<meta property=\"og:image:height\" content=\"2400\" \/>\n\t<meta property=\"og:image:type\" content=\"image\/jpeg\" \/>\n<meta name=\"twitter:card\" content=\"summary_large_image\" \/>\n<meta name=\"twitter:label1\" content=\"Dur\u00e9e de lecture estim\u00e9e\" \/>\n\t<meta name=\"twitter:data1\" content=\"2 minutes\" \/>\n<script type=\"application\/ld+json\" class=\"yoast-schema-graph\">{\"@context\":\"https:\\\/\\\/schema.org\",\"@graph\":[{\"@type\":\"WebPage\",\"@id\":\"https:\\\/\\\/decoplanta.com\\\/fr\\\/fleurs-et-vegetation\\\/branche-de-pampa-ocre-artificielle\\\/\",\"url\":\"https:\\\/\\\/decoplanta.com\\\/fr\\\/fleurs-et-vegetation\\\/branche-de-pampa-ocre-artificielle\\\/\",\"name\":\"Branche de PAMPA OCRE artificielle - Pour d\u00e9coration minimaliste\",\"isPartOf\":{\"@id\":\"https:\\\/\\\/decoplanta.com\\\/fr\\\/#website\"},\"primaryImageOfPage\":{\"@id\":\"https:\\\/\\\/decoplanta.com\\\/fr\\\/fleurs-et-vegetation\\\/branche-de-pampa-ocre-artificielle\\\/#primaryimage\"},\"image\":{\"@id\":\"https:\\\/\\\/decoplanta.com\\\/fr\\\/fleurs-et-vegetation\\\/branche-de-pampa-ocre-artificielle\\\/#primaryimage\"},\"thumbnailUrl\":\"https:\\\/\\\/decoplanta.com\\\/wp-content\\\/uploads\\\/2022\\\/04\\\/429084-PAMPA_SPRAY_OCRE-100cm-1.jpg\",\"datePublished\":\"2022-04-22T15:00:41+00:00\",\"dateModified\":\"2023-11-05T10:24:29+00:00\",\"description\":\"Branche de PAMPA OCRE artificielle de 100 cm de haut. Grand r\u00e9alisme pour une d\u00e9coration d'int\u00e9rieur dans un style nordique et minimaliste\",\"breadcrumb\":{\"@id\":\"https:\\\/\\\/decoplanta.com\\\/fr\\\/fleurs-et-vegetation\\\/branche-de-pampa-ocre-artificielle\\\/#breadcrumb\"},\"inLanguage\":\"fr-FR\",\"potentialAction\":[{\"@type\":\"ReadAction\",\"target\":[\"https:\\\/\\\/decoplanta.com\\\/fr\\\/fleurs-et-vegetation\\\/branche-de-pampa-ocre-artificielle\\\/\"]}]},{\"@type\":\"ImageObject\",\"inLanguage\":\"fr-FR\",\"@id\":\"https:\\\/\\\/decoplanta.com\\\/fr\\\/fleurs-et-vegetation\\\/branche-de-pampa-ocre-artificielle\\\/#primaryimage\",\"url\":\"https:\\\/\\\/decoplanta.com\\\/wp-content\\\/uploads\\\/2022\\\/04\\\/429084-PAMPA_SPRAY_OCRE-100cm-1.jpg\",\"contentUrl\":\"https:\\\/\\\/decoplanta.com\\\/wp-content\\\/uploads\\\/2022\\\/04\\\/429084-PAMPA_SPRAY_OCRE-100cm-1.jpg\",\"width\":2400,\"height\":2400,\"caption\":\"Branche de PAMPA OCRE artificiel 100 cm de haut - Pour une d\u00e9coration minimaliste\"},{\"@type\":\"BreadcrumbList\",\"@id\":\"https:\\\/\\\/decoplanta.com\\\/fr\\\/fleurs-et-vegetation\\\/branche-de-pampa-ocre-artificielle\\\/#breadcrumb\",\"itemListElement\":[{\"@type\":\"ListItem\",\"position\":1,\"name\":\"Portada\",\"item\":\"https:\\\/\\\/decoplanta.com\\\/fr\\\/\"},{\"@type\":\"ListItem\",\"position\":2,\"name\":\"Priv\u00e9\u00a0: Tienda\",\"item\":\"https:\\\/\\\/decoplanta.com\\\/?page_id=377\"},{\"@type\":\"ListItem\",\"position\":3,\"name\":\"Branche de PAMPA OCRE\"}]},{\"@type\":\"WebSite\",\"@id\":\"https:\\\/\\\/decoplanta.com\\\/fr\\\/#website\",\"url\":\"https:\\\/\\\/decoplanta.com\\\/fr\\\/\",\"name\":\"PLANTES ET ARBRES ARTIFICIELS TR\u00c8S R\u00c9ALISTES\",\"description\":\"Proveedor de Plantas artificiales para estudios de Arquitectura, Interiorismo, Paisajismo, Escenograf\u00eda, Tiendas de Decoraci\u00f3n Florister\u00edas y Mobiliario\",\"publisher\":{\"@id\":\"https:\\\/\\\/decoplanta.com\\\/fr\\\/#organization\"},\"potentialAction\":[{\"@type\":\"SearchAction\",\"target\":{\"@type\":\"EntryPoint\",\"urlTemplate\":\"https:\\\/\\\/decoplanta.com\\\/fr\\\/?s={search_term_string}\"},\"query-input\":{\"@type\":\"PropertyValueSpecification\",\"valueRequired\":true,\"valueName\":\"search_term_string\"}}],\"inLanguage\":\"fr-FR\"},{\"@type\":\"Organization\",\"@id\":\"https:\\\/\\\/decoplanta.com\\\/fr\\\/#organization\",\"name\":\"PLANTES ET ARBRES ARTIFICIELS TR\u00c8S R\u00c9ALISTES\",\"url\":\"https:\\\/\\\/decoplanta.com\\\/fr\\\/\",\"logo\":{\"@type\":\"ImageObject\",\"inLanguage\":\"fr-FR\",\"@id\":\"https:\\\/\\\/decoplanta.com\\\/fr\\\/#\\\/schema\\\/logo\\\/image\\\/\",\"url\":\"https:\\\/\\\/decoplanta.com\\\/wp-content\\\/uploads\\\/2021\\\/02\\\/decoplanta-logo2020.svg\",\"contentUrl\":\"https:\\\/\\\/decoplanta.com\\\/wp-content\\\/uploads\\\/2021\\\/02\\\/decoplanta-logo2020.svg\",\"width\":500,\"height\":500,\"caption\":\"PLANTES ET ARBRES ARTIFICIELS TR\u00c8S R\u00c9ALISTES\"},\"image\":{\"@id\":\"https:\\\/\\\/decoplanta.com\\\/fr\\\/#\\\/schema\\\/logo\\\/image\\\/\"}}]}<\/script>\n<!-- \/ Yoast SEO plugin. -->","yoast_head_json":{"title":"Branche de PAMPA OCRE artificielle - Pour d\u00e9coration minimaliste","description":"Branche de PAMPA OCRE artificielle de 100 cm de haut. Grand r\u00e9alisme pour une d\u00e9coration d'int\u00e9rieur dans un style nordique et minimaliste","robots":{"index":"index","follow":"follow","max-snippet":"max-snippet:-1","max-image-preview":"max-image-preview:large","max-video-preview":"max-video-preview:-1"},"canonical":"https:\/\/decoplanta.com\/fr\/fleurs-et-vegetation\/branche-de-pampa-ocre-artificielle\/","og_locale":"fr_FR","og_type":"article","og_title":"Branche de PAMPA OCRE artificielle - Pour d\u00e9coration minimaliste","og_description":"Branche de PAMPA OCRE artificielle de 100 cm de haut. Grand r\u00e9alisme pour une d\u00e9coration d'int\u00e9rieur dans un style nordique et minimaliste","og_url":"https:\/\/decoplanta.com\/fr\/fleurs-et-vegetation\/branche-de-pampa-ocre-artificielle\/","og_site_name":"PLANTES ET ARBRES ARTIFICIELS TR\u00c8S R\u00c9ALISTES","article_modified_time":"2023-11-05T10:24:29+00:00","og_image":[{"width":2400,"height":2400,"url":"https:\/\/decoplanta.com\/wp-content\/uploads\/2022\/04\/429084-PAMPA_SPRAY_OCRE-100cm-1.jpg","type":"image\/jpeg"}],"twitter_card":"summary_large_image","twitter_misc":{"Dur\u00e9e de lecture estim\u00e9e":"2 minutes"},"schema":{"@context":"https:\/\/schema.org","@graph":[{"@type":"WebPage","@id":"https:\/\/decoplanta.com\/fr\/fleurs-et-vegetation\/branche-de-pampa-ocre-artificielle\/","url":"https:\/\/decoplanta.com\/fr\/fleurs-et-vegetation\/branche-de-pampa-ocre-artificielle\/","name":"Branche de PAMPA OCRE artificielle - Pour d\u00e9coration minimaliste","isPartOf":{"@id":"https:\/\/decoplanta.com\/fr\/#website"},"primaryImageOfPage":{"@id":"https:\/\/decoplanta.com\/fr\/fleurs-et-vegetation\/branche-de-pampa-ocre-artificielle\/#primaryimage"},"image":{"@id":"https:\/\/decoplanta.com\/fr\/fleurs-et-vegetation\/branche-de-pampa-ocre-artificielle\/#primaryimage"},"thumbnailUrl":"https:\/\/decoplanta.com\/wp-content\/uploads\/2022\/04\/429084-PAMPA_SPRAY_OCRE-100cm-1.jpg","datePublished":"2022-04-22T15:00:41+00:00","dateModified":"2023-11-05T10:24:29+00:00","description":"Branche de PAMPA OCRE artificielle de 100 cm de haut. Grand r\u00e9alisme pour une d\u00e9coration d'int\u00e9rieur dans un style nordique et minimaliste","breadcrumb":{"@id":"https:\/\/decoplanta.com\/fr\/fleurs-et-vegetation\/branche-de-pampa-ocre-artificielle\/#breadcrumb"},"inLanguage":"fr-FR","potentialAction":[{"@type":"ReadAction","target":["https:\/\/decoplanta.com\/fr\/fleurs-et-vegetation\/branche-de-pampa-ocre-artificielle\/"]}]},{"@type":"ImageObject","inLanguage":"fr-FR","@id":"https:\/\/decoplanta.com\/fr\/fleurs-et-vegetation\/branche-de-pampa-ocre-artificielle\/#primaryimage","url":"https:\/\/decoplanta.com\/wp-content\/uploads\/2022\/04\/429084-PAMPA_SPRAY_OCRE-100cm-1.jpg","contentUrl":"https:\/\/decoplanta.com\/wp-content\/uploads\/2022\/04\/429084-PAMPA_SPRAY_OCRE-100cm-1.jpg","width":2400,"height":2400,"caption":"Branche de PAMPA OCRE artificiel 100 cm de haut - Pour une d\u00e9coration minimaliste"},{"@type":"BreadcrumbList","@id":"https:\/\/decoplanta.com\/fr\/fleurs-et-vegetation\/branche-de-pampa-ocre-artificielle\/#breadcrumb","itemListElement":[{"@type":"ListItem","position":1,"name":"Portada","item":"https:\/\/decoplanta.com\/fr\/"},{"@type":"ListItem","position":2,"name":"Priv\u00e9\u00a0: Tienda","item":"https:\/\/decoplanta.com\/?page_id=377"},{"@type":"ListItem","position":3,"name":"Branche de PAMPA OCRE"}]},{"@type":"WebSite","@id":"https:\/\/decoplanta.com\/fr\/#website","url":"https:\/\/decoplanta.com\/fr\/","name":"PLANTES ET ARBRES ARTIFICIELS TR\u00c8S R\u00c9ALISTES","description":"Proveedor de Plantas artificiales para estudios de Arquitectura, Interiorismo, Paisajismo, Escenograf\u00eda, Tiendas de Decoraci\u00f3n Florister\u00edas y Mobiliario","publisher":{"@id":"https:\/\/decoplanta.com\/fr\/#organization"},"potentialAction":[{"@type":"SearchAction","target":{"@type":"EntryPoint","urlTemplate":"https:\/\/decoplanta.com\/fr\/?s={search_term_string}"},"query-input":{"@type":"PropertyValueSpecification","valueRequired":true,"valueName":"search_term_string"}}],"inLanguage":"fr-FR"},{"@type":"Organization","@id":"https:\/\/decoplanta.com\/fr\/#organization","name":"PLANTES ET ARBRES ARTIFICIELS TR\u00c8S R\u00c9ALISTES","url":"https:\/\/decoplanta.com\/fr\/","logo":{"@type":"ImageObject","inLanguage":"fr-FR","@id":"https:\/\/decoplanta.com\/fr\/#\/schema\/logo\/image\/","url":"https:\/\/decoplanta.com\/wp-content\/uploads\/2021\/02\/decoplanta-logo2020.svg","contentUrl":"https:\/\/decoplanta.com\/wp-content\/uploads\/2021\/02\/decoplanta-logo2020.svg","width":500,"height":500,"caption":"PLANTES ET ARBRES ARTIFICIELS TR\u00c8S R\u00c9ALISTES"},"image":{"@id":"https:\/\/decoplanta.com\/fr\/#\/schema\/logo\/image\/"}}]}},"_links":{"self":[{"href":"https:\/\/decoplanta.com\/fr\/wp-json\/wp\/v2\/product\/4030","targetHints":{"allow":["GET"]}}],"collection":[{"href":"https:\/\/decoplanta.com\/fr\/wp-json\/wp\/v2\/product"}],"about":[{"href":"https:\/\/decoplanta.com\/fr\/wp-json\/wp\/v2\/types\/product"}],"version-history":[{"count":0,"href":"https:\/\/decoplanta.com\/fr\/wp-json\/wp\/v2\/product\/4030\/revisions"}],"wp:featuredmedia":[{"embeddable":true,"href":"https:\/\/decoplanta.com\/fr\/wp-json\/wp\/v2\/media\/3951"}],"wp:attachment":[{"href":"https:\/\/decoplanta.com\/fr\/wp-json\/wp\/v2\/media?parent=4030"}],"wp:term":[{"taxonomy":"product_brand","embeddable":true,"href":"https:\/\/decoplanta.com\/fr\/wp-json\/wp\/v2\/product_brand?post=4030"},{"taxonomy":"product_cat","embeddable":true,"href":"https:\/\/decoplanta.com\/fr\/wp-json\/wp\/v2\/product_cat?post=4030"},{"taxonomy":"product_tag","embeddable":true,"href":"https:\/\/decoplanta.com\/fr\/wp-json\/wp\/v2\/product_tag?post=4030"}],"curies":[{"name":"wp","href":"https:\/\/api.w.org\/{rel}","templated":true}]}}