{"id":4038,"date":"2022-04-22T17:00:59","date_gmt":"2022-04-22T15:00:59","guid":{"rendered":"https:\/\/decoplanta.com\/?post_type=product&#038;p=4038"},"modified":"2023-11-05T11:23:17","modified_gmt":"2023-11-05T10:23:17","slug":"branche-de-sorgho-beige-artificielle","status":"publish","type":"product","link":"https:\/\/decoplanta.com\/fr\/fleurs-et-vegetation\/branche-de-sorgho-beige-artificielle\/","title":{"rendered":"Branche de SORGHO BEIGE"},"content":{"rendered":"<p>Branche de SORGHO BEIGE artificielle de 82 cm de haut, \u00e0 planter dans de la mousse florale ou dans de la terre. Cette branche de sorgho a une grande valeur ornementale et un grand r\u00e9alisme. Largement utilis\u00e9 dans la d\u00e9coration des mariages, m\u00eame pour les bouquets de mari\u00e9e. Ce gazon aux tons ocres et neutres est parfait pour une d\u00e9coration int\u00e9rieure minimaliste. De m\u00eame, pour ce type de d\u00e9coration, ils peuvent \u00eatre plac\u00e9s \u00e0 c\u00f4t\u00e9 du spray Pampa de couleur ocre. D&rsquo;autre part, il peut \u00e9galement \u00eatre utilis\u00e9 pour r\u00e9duire l&rsquo;intensit\u00e9 de la couleur avec d&rsquo;autres plantes aux couleurs vives. Au contraire, ils peuvent \u00eatre plac\u00e9s ind\u00e9pendamment. Bien qu&rsquo;un ensemble puisse \u00e9galement \u00eatre form\u00e9 en les regroupant dans un m\u00eame vase d\u00e9coratif.<\/p>\n<h3>D&rsquo;o\u00f9 vient le sorgho ?<\/h3>\n<p>Le <a class=\"waffle-rich-text-link\" href=\"https:\/\/es.wikipedia.org\/wiki\/Sorghum\">sorgho ou maicillo<\/a> est un genre de poaceae originaire des r\u00e9gions tropicales et subtropicales d&rsquo;Afrique de l&rsquo;Est. De m\u00eame, le sorgho appartient \u00e0 la famille des gramin\u00e9es. Les esp\u00e8ces sont Sorghum vulgare et Andropogum sorgum sudanensis.<\/p>\n<h3>Comment est la branche de sorgho beige artificielle?<\/h3>\n<p>En fait, le sorgho a g\u00e9n\u00e9ralement une hauteur de 1 \u00e0 2 m. Il a des inflorescences en panicules et des graines de 3 mm, sph\u00e9riques et oblongues, noires, rouge\u00e2tres et jaun\u00e2tres. Il a un syst\u00e8me racinaire qui peut atteindre une profondeur de 2 m dans les sols perm\u00e9ables. Les fleurs ont des \u00e9tamines et des pistils. La tige, aussi appel\u00e9e canne, est compacte, parfois spongieuse, avec des n\u0153uds \u00e9paissis. Il peut donner naissance \u00e0 des talles qui sont l&rsquo;unit\u00e9 structurelle de la plupart des esp\u00e8ces de gramin\u00e9es. Ils sont form\u00e9s \u00e0 partir des bourgeons axillaires ou secondaires du m\u00e9rist\u00e8me basal de l&rsquo;axe principal. Mais la pr\u00e9sence de talles est vari\u00e9tale et est influenc\u00e9e par la fertilit\u00e9, les conditions hydriques et la densit\u00e9.<\/p>\n<p>En g\u00e9n\u00e9ral, les feuilles se d\u00e9veloppent entre 7 et 24 selon les vari\u00e9t\u00e9s, alternes, oppos\u00e9es ou lin\u00e9aires-lanc\u00e9ol\u00e9es. Ainsi, la nervure m\u00e9diane est blanch\u00e2tre ou jaune chez les sorghos \u00e0 moelle s\u00e8che et verte chez les sorghos \u00e0 moelle juteuse. Il a une ligule dans la plupart des cas. Le bord des feuilles pr\u00e9sente des dents recourb\u00e9es et ac\u00e9r\u00e9es et de nombreuses cellules motrices situ\u00e9es pr\u00e8s de la nervure centrale du faisceau, facilitant le roulement de la lame en p\u00e9riode de s\u00e9cheresse. Vous pouvez cr\u00e9er un ensemble de sprays ou de branches de tons similaires, dans ce cas, avec le branche de <a class=\"waffle-rich-text-link\" href=\"https:\/\/decoplanta.com\/fr\/planter-et-decorer\/branche-de-pampa-ocre-artificielle\">pampa<\/a>.<\/p>\n<p>D&rsquo;autre part, vous pr\u00e9f\u00e9rerez peut-\u00eatre l&rsquo;associer \u00e0 d&rsquo;autres branches et \u00e0 des sprays aux couleurs vives, comme le <a class=\"waffle-rich-text-link\" href=\"https:\/\/decoplanta.com\/fr\/planter-et-decorer\/branche-de-erable-japonais-orange-artificielle\">Branche de \u00c9rable orange<\/a>, ou avec la <a class=\"waffle-rich-text-link\" href=\"https:\/\/decoplanta.com\/fr\/planter-et-decorer\/tige-de-hortensia-violet-artificielle\">Tige de hortensia violet.<\/a> Cliquez et d\u00e9corez vos jardini\u00e8res avec nos plantes artificielles spectaculaires d&rsquo;un r\u00e9alisme incroyable.<\/p>\n","protected":false},"excerpt":{"rendered":"<p>Branche de SORGO BEIGE de 82 cm de haut, \u00e0 planter dans de la mousse florale ou dans de la terre. Cette branche de sorgho a une grande valeur ornementale et un grand r\u00e9alisme. Largement utilis\u00e9 en d\u00e9coration pour les mariages. Ce gazon aux tons ocres et neutres est parfait pour une d\u00e9coration int\u00e9rieure minimaliste. Il ne n\u00e9cessite pas d&rsquo;entretien.<\/p>\n<p>Prix unitaire dans notre catalogue.<\/p>\n<table>\n<tbody>\n<tr>\n<td><strong>R\u00c9F<\/strong><\/td>\n<td>Hauteur<\/td>\n<\/tr>\n<tr>\n<td>428598<\/td>\n<td>82 cm<\/td>\n<\/tr>\n<\/tbody>\n<\/table>\n<p>&nbsp;<\/p>\n","protected":false},"featured_media":3941,"template":"","meta":{"_monsterinsights_skip_tracking":false,"_monsterinsights_sitenote_active":false,"_monsterinsights_sitenote_note":"","_monsterinsights_sitenote_category":0},"product_brand":[],"product_cat":[254],"product_tag":[271,262],"class_list":{"0":"post-4038","1":"product","2":"type-product","3":"status-publish","4":"has-post-thumbnail","6":"product_cat-fleurs-et-vegetation","7":"product_tag-gazon-artificiel","8":"product_tag-petites-plantes","9":"","10":"woocommerce-text-align-center","11":"woocommerce-image-align-center","12":"do-quantity-buttons","14":"first","15":"instock","16":"taxable","17":"shipping-taxable","18":"purchasable","19":"product-type-simple"},"yoast_head":"<!-- This site is optimized with the Yoast SEO plugin v27.4 - https:\/\/yoast.com\/product\/yoast-seo-wordpress\/ -->\n<title>Branche de SORGHO BEIGE artificielle - R\u00e9alisme pour l&#039;int\u00e9rieur<\/title>\n<meta name=\"description\" content=\"Branche de SORGHO BEIGE artificielle de 82 cm de haut, \u00e0 planter dans de la mousse florale ou dans de la terre. Haute valeur ornementale\" \/>\n<meta name=\"robots\" content=\"index, follow, max-snippet:-1, max-image-preview:large, max-video-preview:-1\" \/>\n<link rel=\"canonical\" href=\"https:\/\/decoplanta.com\/fr\/fleurs-et-vegetation\/branche-de-sorgho-beige-artificielle\/\" \/>\n<meta property=\"og:locale\" content=\"fr_FR\" \/>\n<meta property=\"og:type\" content=\"article\" \/>\n<meta property=\"og:title\" content=\"Branche de SORGHO BEIGE artificielle - R\u00e9alisme pour l&#039;int\u00e9rieur\" \/>\n<meta property=\"og:description\" content=\"Branche de SORGHO BEIGE artificielle de 82 cm de haut, \u00e0 planter dans de la mousse florale ou dans de la terre. Haute valeur ornementale\" \/>\n<meta property=\"og:url\" content=\"https:\/\/decoplanta.com\/fr\/fleurs-et-vegetation\/branche-de-sorgho-beige-artificielle\/\" \/>\n<meta property=\"og:site_name\" content=\"PLANTES ET ARBRES ARTIFICIELS TR\u00c8S R\u00c9ALISTES\" \/>\n<meta property=\"article:modified_time\" content=\"2023-11-05T10:23:17+00:00\" \/>\n<meta property=\"og:image\" content=\"https:\/\/decoplanta.com\/wp-content\/uploads\/2022\/04\/428598-RAMA_DE_SORGO-BEIGE-82cm-1.jpg\" \/>\n\t<meta property=\"og:image:width\" content=\"2500\" \/>\n\t<meta property=\"og:image:height\" content=\"2500\" \/>\n\t<meta property=\"og:image:type\" content=\"image\/jpeg\" \/>\n<meta name=\"twitter:card\" content=\"summary_large_image\" \/>\n<meta name=\"twitter:label1\" content=\"Dur\u00e9e de lecture estim\u00e9e\" \/>\n\t<meta name=\"twitter:data1\" content=\"3 minutes\" \/>\n<script type=\"application\/ld+json\" class=\"yoast-schema-graph\">{\"@context\":\"https:\\\/\\\/schema.org\",\"@graph\":[{\"@type\":\"WebPage\",\"@id\":\"https:\\\/\\\/decoplanta.com\\\/fr\\\/fleurs-et-vegetation\\\/branche-de-sorgho-beige-artificielle\\\/\",\"url\":\"https:\\\/\\\/decoplanta.com\\\/fr\\\/fleurs-et-vegetation\\\/branche-de-sorgho-beige-artificielle\\\/\",\"name\":\"Branche de SORGHO BEIGE artificielle - R\u00e9alisme pour l'int\u00e9rieur\",\"isPartOf\":{\"@id\":\"https:\\\/\\\/decoplanta.com\\\/fr\\\/#website\"},\"primaryImageOfPage\":{\"@id\":\"https:\\\/\\\/decoplanta.com\\\/fr\\\/fleurs-et-vegetation\\\/branche-de-sorgho-beige-artificielle\\\/#primaryimage\"},\"image\":{\"@id\":\"https:\\\/\\\/decoplanta.com\\\/fr\\\/fleurs-et-vegetation\\\/branche-de-sorgho-beige-artificielle\\\/#primaryimage\"},\"thumbnailUrl\":\"https:\\\/\\\/decoplanta.com\\\/wp-content\\\/uploads\\\/2022\\\/04\\\/428598-RAMA_DE_SORGO-BEIGE-82cm-1.jpg\",\"datePublished\":\"2022-04-22T15:00:59+00:00\",\"dateModified\":\"2023-11-05T10:23:17+00:00\",\"description\":\"Branche de SORGHO BEIGE artificielle de 82 cm de haut, \u00e0 planter dans de la mousse florale ou dans de la terre. Haute valeur ornementale\",\"breadcrumb\":{\"@id\":\"https:\\\/\\\/decoplanta.com\\\/fr\\\/fleurs-et-vegetation\\\/branche-de-sorgho-beige-artificielle\\\/#breadcrumb\"},\"inLanguage\":\"fr-FR\",\"potentialAction\":[{\"@type\":\"ReadAction\",\"target\":[\"https:\\\/\\\/decoplanta.com\\\/fr\\\/fleurs-et-vegetation\\\/branche-de-sorgho-beige-artificielle\\\/\"]}]},{\"@type\":\"ImageObject\",\"inLanguage\":\"fr-FR\",\"@id\":\"https:\\\/\\\/decoplanta.com\\\/fr\\\/fleurs-et-vegetation\\\/branche-de-sorgho-beige-artificielle\\\/#primaryimage\",\"url\":\"https:\\\/\\\/decoplanta.com\\\/wp-content\\\/uploads\\\/2022\\\/04\\\/428598-RAMA_DE_SORGO-BEIGE-82cm-1.jpg\",\"contentUrl\":\"https:\\\/\\\/decoplanta.com\\\/wp-content\\\/uploads\\\/2022\\\/04\\\/428598-RAMA_DE_SORGO-BEIGE-82cm-1.jpg\",\"width\":2500,\"height\":2500,\"caption\":\"BRANCHE DE SORGHO BEIGE artificielle de 82 cm de haut - Pour la d\u00e9coration int\u00e9rieure\"},{\"@type\":\"BreadcrumbList\",\"@id\":\"https:\\\/\\\/decoplanta.com\\\/fr\\\/fleurs-et-vegetation\\\/branche-de-sorgho-beige-artificielle\\\/#breadcrumb\",\"itemListElement\":[{\"@type\":\"ListItem\",\"position\":1,\"name\":\"Portada\",\"item\":\"https:\\\/\\\/decoplanta.com\\\/fr\\\/\"},{\"@type\":\"ListItem\",\"position\":2,\"name\":\"Priv\u00e9\u00a0: Tienda\",\"item\":\"https:\\\/\\\/decoplanta.com\\\/?page_id=377\"},{\"@type\":\"ListItem\",\"position\":3,\"name\":\"Branche de SORGHO BEIGE\"}]},{\"@type\":\"WebSite\",\"@id\":\"https:\\\/\\\/decoplanta.com\\\/fr\\\/#website\",\"url\":\"https:\\\/\\\/decoplanta.com\\\/fr\\\/\",\"name\":\"PLANTES ET ARBRES ARTIFICIELS TR\u00c8S R\u00c9ALISTES\",\"description\":\"Proveedor de Plantas artificiales para estudios de Arquitectura, Interiorismo, Paisajismo, Escenograf\u00eda, Tiendas de Decoraci\u00f3n Florister\u00edas y Mobiliario\",\"publisher\":{\"@id\":\"https:\\\/\\\/decoplanta.com\\\/fr\\\/#organization\"},\"potentialAction\":[{\"@type\":\"SearchAction\",\"target\":{\"@type\":\"EntryPoint\",\"urlTemplate\":\"https:\\\/\\\/decoplanta.com\\\/fr\\\/?s={search_term_string}\"},\"query-input\":{\"@type\":\"PropertyValueSpecification\",\"valueRequired\":true,\"valueName\":\"search_term_string\"}}],\"inLanguage\":\"fr-FR\"},{\"@type\":\"Organization\",\"@id\":\"https:\\\/\\\/decoplanta.com\\\/fr\\\/#organization\",\"name\":\"PLANTES ET ARBRES ARTIFICIELS TR\u00c8S R\u00c9ALISTES\",\"url\":\"https:\\\/\\\/decoplanta.com\\\/fr\\\/\",\"logo\":{\"@type\":\"ImageObject\",\"inLanguage\":\"fr-FR\",\"@id\":\"https:\\\/\\\/decoplanta.com\\\/fr\\\/#\\\/schema\\\/logo\\\/image\\\/\",\"url\":\"https:\\\/\\\/decoplanta.com\\\/wp-content\\\/uploads\\\/2021\\\/02\\\/decoplanta-logo2020.svg\",\"contentUrl\":\"https:\\\/\\\/decoplanta.com\\\/wp-content\\\/uploads\\\/2021\\\/02\\\/decoplanta-logo2020.svg\",\"width\":500,\"height\":500,\"caption\":\"PLANTES ET ARBRES ARTIFICIELS TR\u00c8S R\u00c9ALISTES\"},\"image\":{\"@id\":\"https:\\\/\\\/decoplanta.com\\\/fr\\\/#\\\/schema\\\/logo\\\/image\\\/\"}}]}<\/script>\n<!-- \/ Yoast SEO plugin. -->","yoast_head_json":{"title":"Branche de SORGHO BEIGE artificielle - R\u00e9alisme pour l'int\u00e9rieur","description":"Branche de SORGHO BEIGE artificielle de 82 cm de haut, \u00e0 planter dans de la mousse florale ou dans de la terre. Haute valeur ornementale","robots":{"index":"index","follow":"follow","max-snippet":"max-snippet:-1","max-image-preview":"max-image-preview:large","max-video-preview":"max-video-preview:-1"},"canonical":"https:\/\/decoplanta.com\/fr\/fleurs-et-vegetation\/branche-de-sorgho-beige-artificielle\/","og_locale":"fr_FR","og_type":"article","og_title":"Branche de SORGHO BEIGE artificielle - R\u00e9alisme pour l'int\u00e9rieur","og_description":"Branche de SORGHO BEIGE artificielle de 82 cm de haut, \u00e0 planter dans de la mousse florale ou dans de la terre. Haute valeur ornementale","og_url":"https:\/\/decoplanta.com\/fr\/fleurs-et-vegetation\/branche-de-sorgho-beige-artificielle\/","og_site_name":"PLANTES ET ARBRES ARTIFICIELS TR\u00c8S R\u00c9ALISTES","article_modified_time":"2023-11-05T10:23:17+00:00","og_image":[{"width":2500,"height":2500,"url":"https:\/\/decoplanta.com\/wp-content\/uploads\/2022\/04\/428598-RAMA_DE_SORGO-BEIGE-82cm-1.jpg","type":"image\/jpeg"}],"twitter_card":"summary_large_image","twitter_misc":{"Dur\u00e9e de lecture estim\u00e9e":"3 minutes"},"schema":{"@context":"https:\/\/schema.org","@graph":[{"@type":"WebPage","@id":"https:\/\/decoplanta.com\/fr\/fleurs-et-vegetation\/branche-de-sorgho-beige-artificielle\/","url":"https:\/\/decoplanta.com\/fr\/fleurs-et-vegetation\/branche-de-sorgho-beige-artificielle\/","name":"Branche de SORGHO BEIGE artificielle - R\u00e9alisme pour l'int\u00e9rieur","isPartOf":{"@id":"https:\/\/decoplanta.com\/fr\/#website"},"primaryImageOfPage":{"@id":"https:\/\/decoplanta.com\/fr\/fleurs-et-vegetation\/branche-de-sorgho-beige-artificielle\/#primaryimage"},"image":{"@id":"https:\/\/decoplanta.com\/fr\/fleurs-et-vegetation\/branche-de-sorgho-beige-artificielle\/#primaryimage"},"thumbnailUrl":"https:\/\/decoplanta.com\/wp-content\/uploads\/2022\/04\/428598-RAMA_DE_SORGO-BEIGE-82cm-1.jpg","datePublished":"2022-04-22T15:00:59+00:00","dateModified":"2023-11-05T10:23:17+00:00","description":"Branche de SORGHO BEIGE artificielle de 82 cm de haut, \u00e0 planter dans de la mousse florale ou dans de la terre. Haute valeur ornementale","breadcrumb":{"@id":"https:\/\/decoplanta.com\/fr\/fleurs-et-vegetation\/branche-de-sorgho-beige-artificielle\/#breadcrumb"},"inLanguage":"fr-FR","potentialAction":[{"@type":"ReadAction","target":["https:\/\/decoplanta.com\/fr\/fleurs-et-vegetation\/branche-de-sorgho-beige-artificielle\/"]}]},{"@type":"ImageObject","inLanguage":"fr-FR","@id":"https:\/\/decoplanta.com\/fr\/fleurs-et-vegetation\/branche-de-sorgho-beige-artificielle\/#primaryimage","url":"https:\/\/decoplanta.com\/wp-content\/uploads\/2022\/04\/428598-RAMA_DE_SORGO-BEIGE-82cm-1.jpg","contentUrl":"https:\/\/decoplanta.com\/wp-content\/uploads\/2022\/04\/428598-RAMA_DE_SORGO-BEIGE-82cm-1.jpg","width":2500,"height":2500,"caption":"BRANCHE DE SORGHO BEIGE artificielle de 82 cm de haut - Pour la d\u00e9coration int\u00e9rieure"},{"@type":"BreadcrumbList","@id":"https:\/\/decoplanta.com\/fr\/fleurs-et-vegetation\/branche-de-sorgho-beige-artificielle\/#breadcrumb","itemListElement":[{"@type":"ListItem","position":1,"name":"Portada","item":"https:\/\/decoplanta.com\/fr\/"},{"@type":"ListItem","position":2,"name":"Priv\u00e9\u00a0: Tienda","item":"https:\/\/decoplanta.com\/?page_id=377"},{"@type":"ListItem","position":3,"name":"Branche de SORGHO BEIGE"}]},{"@type":"WebSite","@id":"https:\/\/decoplanta.com\/fr\/#website","url":"https:\/\/decoplanta.com\/fr\/","name":"PLANTES ET ARBRES ARTIFICIELS TR\u00c8S R\u00c9ALISTES","description":"Proveedor de Plantas artificiales para estudios de Arquitectura, Interiorismo, Paisajismo, Escenograf\u00eda, Tiendas de Decoraci\u00f3n Florister\u00edas y Mobiliario","publisher":{"@id":"https:\/\/decoplanta.com\/fr\/#organization"},"potentialAction":[{"@type":"SearchAction","target":{"@type":"EntryPoint","urlTemplate":"https:\/\/decoplanta.com\/fr\/?s={search_term_string}"},"query-input":{"@type":"PropertyValueSpecification","valueRequired":true,"valueName":"search_term_string"}}],"inLanguage":"fr-FR"},{"@type":"Organization","@id":"https:\/\/decoplanta.com\/fr\/#organization","name":"PLANTES ET ARBRES ARTIFICIELS TR\u00c8S R\u00c9ALISTES","url":"https:\/\/decoplanta.com\/fr\/","logo":{"@type":"ImageObject","inLanguage":"fr-FR","@id":"https:\/\/decoplanta.com\/fr\/#\/schema\/logo\/image\/","url":"https:\/\/decoplanta.com\/wp-content\/uploads\/2021\/02\/decoplanta-logo2020.svg","contentUrl":"https:\/\/decoplanta.com\/wp-content\/uploads\/2021\/02\/decoplanta-logo2020.svg","width":500,"height":500,"caption":"PLANTES ET ARBRES ARTIFICIELS TR\u00c8S R\u00c9ALISTES"},"image":{"@id":"https:\/\/decoplanta.com\/fr\/#\/schema\/logo\/image\/"}}]}},"_links":{"self":[{"href":"https:\/\/decoplanta.com\/fr\/wp-json\/wp\/v2\/product\/4038","targetHints":{"allow":["GET"]}}],"collection":[{"href":"https:\/\/decoplanta.com\/fr\/wp-json\/wp\/v2\/product"}],"about":[{"href":"https:\/\/decoplanta.com\/fr\/wp-json\/wp\/v2\/types\/product"}],"version-history":[{"count":0,"href":"https:\/\/decoplanta.com\/fr\/wp-json\/wp\/v2\/product\/4038\/revisions"}],"wp:featuredmedia":[{"embeddable":true,"href":"https:\/\/decoplanta.com\/fr\/wp-json\/wp\/v2\/media\/3941"}],"wp:attachment":[{"href":"https:\/\/decoplanta.com\/fr\/wp-json\/wp\/v2\/media?parent=4038"}],"wp:term":[{"taxonomy":"product_brand","embeddable":true,"href":"https:\/\/decoplanta.com\/fr\/wp-json\/wp\/v2\/product_brand?post=4038"},{"taxonomy":"product_cat","embeddable":true,"href":"https:\/\/decoplanta.com\/fr\/wp-json\/wp\/v2\/product_cat?post=4038"},{"taxonomy":"product_tag","embeddable":true,"href":"https:\/\/decoplanta.com\/fr\/wp-json\/wp\/v2\/product_tag?post=4038"}],"curies":[{"name":"wp","href":"https:\/\/api.w.org\/{rel}","templated":true}]}}